{"id":101,"date":"2016-01-25T05:50:05","date_gmt":"2016-01-25T04:50:05","guid":{"rendered":"http:\/\/yavaitcachezmeme.fr\/?page_id=101"},"modified":"2024-11-11T17:49:55","modified_gmt":"2024-11-11T16:49:55","slug":"d-ici-et-d-ailleurs","status":"publish","type":"page","link":"https:\/\/yavaitcachezmeme.fr\/index.php\/curiosites\/d-ici-et-d-ailleurs\/","title":{"rendered":"D&rsquo;ici et d&rsquo;ailleurs"},"content":{"rendered":"<div style=\"font-size: 100%; font-family: georgia;\">\n<p><span style=\"font-size: 120%;\">Des curiosit\u00e9s rencontr\u00e9es, <span style=\"color: #ff6600;\"><strong>ici et ailleurs<\/strong><\/span>.<\/span><\/p>\n<p><img loading=\"lazy\" decoding=\"async\" class=\"aligncenter wp-image-12444\" src=\"https:\/\/yavaitcachezmeme.fr\/wp-content\/uploads\/2024\/11\/DD-600x254.png\" alt=\"\" width=\"125\" height=\"53\" srcset=\"https:\/\/yavaitcachezmeme.fr\/wp-content\/uploads\/2024\/11\/DD-600x254.png 600w, https:\/\/yavaitcachezmeme.fr\/wp-content\/uploads\/2024\/11\/DD.png 923w\" sizes=\"auto, (max-width: 125px) 100vw, 125px\" \/><\/p>\n<p style=\"text-align: center;\">\n<p><img loading=\"lazy\" decoding=\"async\" class=\"aligncenter wp-image-459\" src=\"http:\/\/yavaitcachezmeme.fr\/wp-content\/uploads\/2016\/01\/2015-08-06_2-e1454051794181.jpg\" alt=\"\" width=\"850\" height=\"477\" srcset=\"https:\/\/yavaitcachezmeme.fr\/wp-content\/uploads\/2016\/01\/2015-08-06_2-e1454051794181.jpg 800w, https:\/\/yavaitcachezmeme.fr\/wp-content\/uploads\/2016\/01\/2015-08-06_2-e1454051794181-600x337.jpg 600w\" sizes=\"auto, (max-width: 850px) 100vw, 850px\" \/><\/p>\n<p style=\"text-align: center;\"><span style=\"font-size: 120%;\">La chambre du palefrenier qui dormait avec son<br \/>\ncheval dans l&rsquo;\u00e9curie avec le coffre \u00e0 avoine sous le lit.<\/span><\/p>\n<p><img loading=\"lazy\" decoding=\"async\" class=\"aligncenter wp-image-1517 size-full\" src=\"https:\/\/yavaitcachezmeme.fr\/wp-content\/uploads\/2016\/03\/Curiosit\u00e9s_001.jpg\" alt=\"\" width=\"850\" height=\"354\" srcset=\"https:\/\/yavaitcachezmeme.fr\/wp-content\/uploads\/2016\/03\/Curiosit\u00e9s_001.jpg 850w, https:\/\/yavaitcachezmeme.fr\/wp-content\/uploads\/2016\/03\/Curiosit\u00e9s_001-600x250.jpg 600w\" sizes=\"auto, (max-width: 850px) 100vw, 850px\" \/><\/p>\n<p style=\"text-align: center;\"><span style=\"font-size: 120%;\">Une curieuse signature pour cette brique d&rsquo;un<br \/>\nb\u00e2timent de la commune de St-Quentin-des-Isles.<\/span><\/p>\n<p><img loading=\"lazy\" decoding=\"async\" class=\"aligncenter wp-image-1574\" src=\"http:\/\/yavaitcachezmeme.fr\/wp-content\/uploads\/2016\/03\/Plaques_003.jpg\" alt=\"\" width=\"850\" height=\"412\" srcset=\"https:\/\/yavaitcachezmeme.fr\/wp-content\/uploads\/2016\/03\/Plaques_003.jpg 1100w, https:\/\/yavaitcachezmeme.fr\/wp-content\/uploads\/2016\/03\/Plaques_003-600x291.jpg 600w, https:\/\/yavaitcachezmeme.fr\/wp-content\/uploads\/2016\/03\/Plaques_003-1024x496.jpg 1024w\" sizes=\"auto, (max-width: 850px) 100vw, 850px\" \/><\/p>\n<p style=\"text-align: center;\"><span style=\"font-size: 120%;\">Plaque d&rsquo;entr\u00e9e du d\u00e9partement de l&rsquo; Eure &#8211; En fonte, elles \u00e9taient plac\u00e9es au 19\u00e8me si\u00e8cle<br \/>\nle plus souvent sur les \u00e9glises ou les mairies des communes limitrophes du d\u00e9partement.<\/span><\/p>\n<p><img loading=\"lazy\" decoding=\"async\" class=\"aligncenter wp-image-10778\" src=\"https:\/\/yavaitcachezmeme.fr\/wp-content\/uploads\/2023\/09\/Plaque-Orne-600x274.jpg\" alt=\"\" width=\"820\" height=\"374\" srcset=\"https:\/\/yavaitcachezmeme.fr\/wp-content\/uploads\/2023\/09\/Plaque-Orne-600x274.jpg 600w, https:\/\/yavaitcachezmeme.fr\/wp-content\/uploads\/2023\/09\/Plaque-Orne-1024x467.jpg 1024w, https:\/\/yavaitcachezmeme.fr\/wp-content\/uploads\/2023\/09\/Plaque-Orne-1536x701.jpg 1536w, https:\/\/yavaitcachezmeme.fr\/wp-content\/uploads\/2023\/09\/Plaque-Orne-2048x934.jpg 2048w\" sizes=\"auto, (max-width: 820px) 100vw, 820px\" \/><\/p>\n<p style=\"text-align: center;\"><span style=\"font-size: 120%;\">Si la mendicit\u00e9 est interdite dans le d\u00e9partement<br \/>\nde l&rsquo; Eure, elle est d\u00e9fendue dans celui de l&rsquo;Orne.<\/span><\/p>\n<p><img loading=\"lazy\" decoding=\"async\" class=\"aligncenter wp-image-1577\" src=\"http:\/\/yavaitcachezmeme.fr\/wp-content\/uploads\/2016\/03\/Plaques_004.jpg\" alt=\"\" width=\"850\" height=\"444\" srcset=\"https:\/\/yavaitcachezmeme.fr\/wp-content\/uploads\/2016\/03\/Plaques_004.jpg 1100w, https:\/\/yavaitcachezmeme.fr\/wp-content\/uploads\/2016\/03\/Plaques_004-600x313.jpg 600w, https:\/\/yavaitcachezmeme.fr\/wp-content\/uploads\/2016\/03\/Plaques_004-1024x534.jpg 1024w\" sizes=\"auto, (max-width: 850px) 100vw, 850px\" \/><\/p>\n<p style=\"font-size: 120%; text-align: center;\">Panneau d&rsquo;entr\u00e9e de Ville (photo Claude HUBERT) &#8211; Il \u00e9tait fix\u00e9 sur un<br \/>\nb\u00e2timent route de St-Quentin-des-Isles et a malheureusement disparu.<\/p>\n<p><img loading=\"lazy\" decoding=\"async\" class=\"aligncenter wp-image-1861\" src=\"http:\/\/yavaitcachezmeme.fr\/wp-content\/uploads\/2016\/04\/Curiosit\u00e9s_005.jpg\" alt=\"\" width=\"850\" height=\"508\" srcset=\"https:\/\/yavaitcachezmeme.fr\/wp-content\/uploads\/2016\/04\/Curiosit\u00e9s_005.jpg 800w, https:\/\/yavaitcachezmeme.fr\/wp-content\/uploads\/2016\/04\/Curiosit\u00e9s_005-600x359.jpg 600w\" sizes=\"auto, (max-width: 850px) 100vw, 850px\" \/><\/p>\n<p style=\"text-align: center;\"><span style=\"font-size: 120%;\">Gendarmerie Imp\u00e9riale &#8211; Un peu de retard de cr\u00e9dit pour<br \/>\nla r\u00e9fection de l&rsquo;enseigne de la gendarmerie de Beaufort.<\/span><\/p>\n<p><img loading=\"lazy\" decoding=\"async\" class=\"aligncenter wp-image-2024\" src=\"http:\/\/yavaitcachezmeme.fr\/wp-content\/uploads\/2016\/04\/Curiosit\u00e9s_006.jpg\" alt=\"\" width=\"850\" height=\"551\" srcset=\"https:\/\/yavaitcachezmeme.fr\/wp-content\/uploads\/2016\/04\/Curiosit\u00e9s_006.jpg 800w, https:\/\/yavaitcachezmeme.fr\/wp-content\/uploads\/2016\/04\/Curiosit\u00e9s_006-600x389.jpg 600w\" sizes=\"auto, (max-width: 850px) 100vw, 850px\" \/><\/p>\n<p style=\"text-align: center;\"><span style=\"font-size: 120%;\">Charpente de bois brut vue sur les hauteurs pr\u00e8s du ch\u00e2teau de Villequier (76).<\/span><\/p>\n<p style=\"text-align: justify;\"><img loading=\"lazy\" decoding=\"async\" class=\"aligncenter wp-image-2111\" src=\"http:\/\/yavaitcachezmeme.fr\/wp-content\/uploads\/2016\/07\/Curiosit\u00e9s_007.jpg\" alt=\"\" width=\"850\" height=\"425\" srcset=\"https:\/\/yavaitcachezmeme.fr\/wp-content\/uploads\/2016\/07\/Curiosit\u00e9s_007.jpg 800w, https:\/\/yavaitcachezmeme.fr\/wp-content\/uploads\/2016\/07\/Curiosit\u00e9s_007-600x300.jpg 600w\" sizes=\"auto, (max-width: 850px) 100vw, 850px\" \/><\/p>\n<p style=\"font-size: 120%; text-align: center;\">Bois sculpt\u00e9s rue Saint Martin \u00e0 Broglie (27) &#8211; Rageur ou engoulant : sculpture d&rsquo;une<br \/>\nt\u00eate d&rsquo;animal imaginaire repr\u00e9sentant le mal dont la gueule est bouch\u00e9e par la poutre.<\/p>\n<p style=\"text-align: center;\"><img loading=\"lazy\" decoding=\"async\" class=\"aligncenter wp-image-4302\" src=\"http:\/\/yavaitcachezmeme.fr\/wp-content\/uploads\/2018\/12\/Incrustations-ST-Gr\u00e9goire-du-Vivre_1_fb.jpg\" alt=\"\" width=\"850\" height=\"369\" srcset=\"https:\/\/yavaitcachezmeme.fr\/wp-content\/uploads\/2018\/12\/Incrustations-ST-Gr\u00e9goire-du-Vivre_1_fb.jpg 2480w, https:\/\/yavaitcachezmeme.fr\/wp-content\/uploads\/2018\/12\/Incrustations-ST-Gr\u00e9goire-du-Vivre_1_fb-600x261.jpg 600w, https:\/\/yavaitcachezmeme.fr\/wp-content\/uploads\/2018\/12\/Incrustations-ST-Gr\u00e9goire-du-Vivre_1_fb-1024x445.jpg 1024w, https:\/\/yavaitcachezmeme.fr\/wp-content\/uploads\/2018\/12\/Incrustations-ST-Gr\u00e9goire-du-Vivre_1_fb-1536x667.jpg 1536w, https:\/\/yavaitcachezmeme.fr\/wp-content\/uploads\/2018\/12\/Incrustations-ST-Gr\u00e9goire-du-Vivre_1_fb-2048x889.jpg 2048w\" sizes=\"auto, (max-width: 850px) 100vw, 850px\" \/><\/p>\n<p style=\"text-align: center;\"><span style=\"font-size: 120%;\">Incrustations de silex &#8211; St Gr\u00e9goire du Vi\u00e8vre (Eure).<\/span><\/p>\n<p style=\"text-align: center;\"><img loading=\"lazy\" decoding=\"async\" class=\"aligncenter wp-image-4303\" src=\"http:\/\/yavaitcachezmeme.fr\/wp-content\/uploads\/2018\/12\/Incrustations-ST-Gr\u00e9goire-du-Vivre_2_fb.jpg\" alt=\"\" width=\"850\" height=\"391\" srcset=\"https:\/\/yavaitcachezmeme.fr\/wp-content\/uploads\/2018\/12\/Incrustations-ST-Gr\u00e9goire-du-Vivre_2_fb.jpg 2362w, https:\/\/yavaitcachezmeme.fr\/wp-content\/uploads\/2018\/12\/Incrustations-ST-Gr\u00e9goire-du-Vivre_2_fb-600x276.jpg 600w, https:\/\/yavaitcachezmeme.fr\/wp-content\/uploads\/2018\/12\/Incrustations-ST-Gr\u00e9goire-du-Vivre_2_fb-1024x471.jpg 1024w, https:\/\/yavaitcachezmeme.fr\/wp-content\/uploads\/2018\/12\/Incrustations-ST-Gr\u00e9goire-du-Vivre_2_fb-1536x707.jpg 1536w, https:\/\/yavaitcachezmeme.fr\/wp-content\/uploads\/2018\/12\/Incrustations-ST-Gr\u00e9goire-du-Vivre_2_fb-2048x942.jpg 2048w\" sizes=\"auto, (max-width: 850px) 100vw, 850px\" \/><\/p>\n<p style=\"text-align: center;\"><span style=\"font-size: 120%;\">Incrustations de silex &#8211; St Gr\u00e9goire du Vi\u00e8vre (Eure).<\/span><\/p>\n<p style=\"text-align: center;\"><img loading=\"lazy\" decoding=\"async\" class=\"aligncenter wp-image-4304\" src=\"http:\/\/yavaitcachezmeme.fr\/wp-content\/uploads\/2018\/12\/Incrustations-ST-Gr\u00e9goire-du-Vivre_3_fb.jpg\" alt=\"\" width=\"850\" height=\"333\" srcset=\"https:\/\/yavaitcachezmeme.fr\/wp-content\/uploads\/2018\/12\/Incrustations-ST-Gr\u00e9goire-du-Vivre_3_fb.jpg 2362w, https:\/\/yavaitcachezmeme.fr\/wp-content\/uploads\/2018\/12\/Incrustations-ST-Gr\u00e9goire-du-Vivre_3_fb-600x235.jpg 600w, https:\/\/yavaitcachezmeme.fr\/wp-content\/uploads\/2018\/12\/Incrustations-ST-Gr\u00e9goire-du-Vivre_3_fb-1024x401.jpg 1024w, https:\/\/yavaitcachezmeme.fr\/wp-content\/uploads\/2018\/12\/Incrustations-ST-Gr\u00e9goire-du-Vivre_3_fb-1536x602.jpg 1536w, https:\/\/yavaitcachezmeme.fr\/wp-content\/uploads\/2018\/12\/Incrustations-ST-Gr\u00e9goire-du-Vivre_3_fb-2048x803.jpg 2048w\" sizes=\"auto, (max-width: 850px) 100vw, 850px\" \/><\/p>\n<p style=\"text-align: center;\"><span style=\"font-size: 120%;\">Incrustations de silex &#8211; St Gr\u00e9goire du Vi\u00e8vre (Eure).<\/span><\/p>\n<p><img loading=\"lazy\" decoding=\"async\" class=\"aligncenter wp-image-2128 size-full\" src=\"https:\/\/yavaitcachezmeme.fr\/wp-content\/uploads\/2016\/07\/Curiosit\u00e9s_008.jpg\" alt=\"\" width=\"800\" height=\"600\" srcset=\"https:\/\/yavaitcachezmeme.fr\/wp-content\/uploads\/2016\/07\/Curiosit\u00e9s_008.jpg 800w, https:\/\/yavaitcachezmeme.fr\/wp-content\/uploads\/2016\/07\/Curiosit\u00e9s_008-600x450.jpg 600w\" sizes=\"auto, (max-width: 800px) 100vw, 800px\" \/><\/p>\n<p style=\"text-align: center;\"><span style=\"font-size: 120%;\">Toit mobile pour grenier \u00e0 foin (Hollande).<\/span><\/p>\n<p><img loading=\"lazy\" decoding=\"async\" class=\"aligncenter wp-image-2129 size-medium\" src=\"https:\/\/yavaitcachezmeme.fr\/wp-content\/uploads\/2016\/07\/Curiosit\u00e9s_009-450x600.jpg\" alt=\"\" width=\"450\" height=\"600\" srcset=\"https:\/\/yavaitcachezmeme.fr\/wp-content\/uploads\/2016\/07\/Curiosit\u00e9s_009-450x600.jpg 450w, https:\/\/yavaitcachezmeme.fr\/wp-content\/uploads\/2016\/07\/Curiosit\u00e9s_009.jpg 600w\" sizes=\"auto, (max-width: 450px) 100vw, 450px\" \/><\/p>\n<p style=\"text-align: center;\"><span style=\"font-size: 120%;\">Le toit des greniers \u00e0 foin de Hollande est mobile.<br \/>\nIl montera au fur et \u00e0 mesure de la r\u00e9colte et redescendra<br \/>\nau cours de l&rsquo;ann\u00e9e pour limiter la prise au vent.<\/span><\/p>\n<p style=\"text-align: center;\"><img loading=\"lazy\" decoding=\"async\" class=\"aligncenter wp-image-2364\" src=\"http:\/\/yavaitcachezmeme.fr\/wp-content\/uploads\/2017\/02\/Avernes-St-Gourgon_2.jpg\" alt=\"\" width=\"850\" height=\"307\" srcset=\"https:\/\/yavaitcachezmeme.fr\/wp-content\/uploads\/2017\/02\/Avernes-St-Gourgon_2.jpg 800w, https:\/\/yavaitcachezmeme.fr\/wp-content\/uploads\/2017\/02\/Avernes-St-Gourgon_2-600x217.jpg 600w\" sizes=\"auto, (max-width: 850px) 100vw, 850px\" \/><\/p>\n<p style=\"text-align: center;\"><span style=\"font-size: 120%;\">Avernes St Gourgon (61) Le Coudrai RD 49<\/span><\/p>\n<p style=\"text-align: justify;\"><span style=\"font-size: 120%;\">Deux pignons de b\u00e2timent d\u00e9cor\u00e9s au lieu-dit Le Coudrai sur la route d\u00e9partementale 49 \u00e0 Avernes-St-Gourgon dans l&rsquo;Orne.<\/span><\/p>\n<p><img loading=\"lazy\" decoding=\"async\" class=\"aligncenter wp-image-2363\" src=\"http:\/\/yavaitcachezmeme.fr\/wp-content\/uploads\/2017\/02\/Avernes-St-Gourgon_1.jpg\" alt=\"\" width=\"850\" height=\"318\" srcset=\"https:\/\/yavaitcachezmeme.fr\/wp-content\/uploads\/2017\/02\/Avernes-St-Gourgon_1.jpg 800w, https:\/\/yavaitcachezmeme.fr\/wp-content\/uploads\/2017\/02\/Avernes-St-Gourgon_1-600x224.jpg 600w\" sizes=\"auto, (max-width: 850px) 100vw, 850px\" \/><\/p>\n<p style=\"text-align: center;\"><span style=\"font-size: 120%;\">Avernes St Gourgon (61) Le Coudrai RD 49<\/span><\/p>\n<p><img loading=\"lazy\" decoding=\"async\" class=\"aligncenter wp-image-4353\" src=\"http:\/\/yavaitcachezmeme.fr\/wp-content\/uploads\/2019\/03\/MORAINVILLE-JOUVEAUX.jpg\" alt=\"\" width=\"850\" height=\"298\" \/><\/p>\n<p style=\"text-align: center;\"><span style=\"font-size: 120%;\">Morainville-Jouveaux (27) &#8211; Rue de la Mairie &#8211; NIEL 1828 &#8211; Un loup\u00e9 sur le N.<\/span><\/p>\n<p><img loading=\"lazy\" decoding=\"async\" class=\"wp-image-12444 aligncenter\" src=\"https:\/\/yavaitcachezmeme.fr\/wp-content\/uploads\/2024\/11\/DD-600x254.png\" alt=\"\" width=\"125\" height=\"53\" srcset=\"https:\/\/yavaitcachezmeme.fr\/wp-content\/uploads\/2024\/11\/DD-600x254.png 600w, https:\/\/yavaitcachezmeme.fr\/wp-content\/uploads\/2024\/11\/DD.png 923w\" sizes=\"auto, (max-width: 125px) 100vw, 125px\" \/><\/p>\n<p style=\"text-align: center;\">\n<p style=\"text-align: justify;\"><span style=\"font-size: 120%;\">Les th\u00e8mes de la rubrique <span style=\"color: #ff6600;\"><strong>curiosit\u00e9s<\/strong><\/span> sont \u00e0 visiter en cliquant sur les liens suivants :<\/span><\/p>\n<p style=\"text-align: justify;\"><span style=\"font-size: 120%;\"><strong><a href=\"https:\/\/yavaitcachezmeme.fr\/index.php\/curiosites\/art-populaire-interieur\/\">Art populaire domestique<\/a> &#8211; <a href=\"https:\/\/yavaitcachezmeme.fr\/index.php\/curiosites\/art-populaire-exterieur\/\">Art populaire professionnel<\/a> &#8211; <a href=\"https:\/\/yavaitcachezmeme.fr\/index.php\/curiosites\/graines-noix-noyaux\/\">Graines, noix &amp; noyaux<\/a>\u00a0 &#8211; <a href=\"https:\/\/yavaitcachezmeme.fr\/index.php\/curiosites\/art-de-tranchee\/\">Art de tranch\u00e9e et Conscription<\/a>\u00a0&#8211; <a href=\"http:\/\/yavaitcachezmeme.fr\/index.php\/curiosites\/cabinet-de-curiostes\/\">Cabinet de curiosit\u00e9s<\/a>\u00a0 &#8211; \u00a0<a href=\"http:\/\/yavaitcachezmeme.fr\/index.php\/curiosites\/d-ici-et-d-ailleurs\/\">D&rsquo;ici et d&rsquo;ailleurs<\/a>\u00a0 &#8211; <a href=\"https:\/\/yavaitcachezmeme.fr\/index.php\/curiosites\/germaine-bouret\/\">Germaine Bouret<\/a> &#8211; \u00a0<a href=\"http:\/\/yavaitcachezmeme.fr\/index.php\/curiosites\/poteries-normandes\/\">Poteries Normandes<\/a>\u00a0 &#8211; \u00a0<a href=\"http:\/\/yavaitcachezmeme.fr\/index.php\/curiosites\/vieux-papiers\/\">Vieux Papiers<\/a><\/strong><\/span><\/p>\n<div style=\"font-size: 100%; font-family: georgia; text-align: justify;\"><a href=\"https:\/\/yavaitcachezmeme.fr\/\"><img loading=\"lazy\" decoding=\"async\" class=\"aligncenter wp-image-5243\" src=\"https:\/\/yavaitcachezmeme.fr\/wp-content\/uploads\/2024\/11\/Marque-b.png\" alt=\"\" width=\"25\" height=\"43\" \/><\/a><\/div>\n<\/div>\n","protected":false},"excerpt":{"rendered":"<p>Des curiosit\u00e9s rencontr\u00e9es, ici et ailleurs. La chambre du palefrenier qui dormait avec son cheval dans l&rsquo;\u00e9curie avec le coffre \u00e0 avoine sous&#8230;<\/p>\n","protected":false},"author":1,"featured_media":0,"parent":97,"menu_order":50,"comment_status":"closed","ping_status":"closed","template":"","meta":{"footnotes":""},"class_list":["post-101","page","type-page","status-publish","hentry"],"_links":{"self":[{"href":"https:\/\/yavaitcachezmeme.fr\/index.php\/wp-json\/wp\/v2\/pages\/101","targetHints":{"allow":["GET"]}}],"collection":[{"href":"https:\/\/yavaitcachezmeme.fr\/index.php\/wp-json\/wp\/v2\/pages"}],"about":[{"href":"https:\/\/yavaitcachezmeme.fr\/index.php\/wp-json\/wp\/v2\/types\/page"}],"author":[{"embeddable":true,"href":"https:\/\/yavaitcachezmeme.fr\/index.php\/wp-json\/wp\/v2\/users\/1"}],"replies":[{"embeddable":true,"href":"https:\/\/yavaitcachezmeme.fr\/index.php\/wp-json\/wp\/v2\/comments?post=101"}],"version-history":[{"count":97,"href":"https:\/\/yavaitcachezmeme.fr\/index.php\/wp-json\/wp\/v2\/pages\/101\/revisions"}],"predecessor-version":[{"id":12445,"href":"https:\/\/yavaitcachezmeme.fr\/index.php\/wp-json\/wp\/v2\/pages\/101\/revisions\/12445"}],"up":[{"embeddable":true,"href":"https:\/\/yavaitcachezmeme.fr\/index.php\/wp-json\/wp\/v2\/pages\/97"}],"wp:attachment":[{"href":"https:\/\/yavaitcachezmeme.fr\/index.php\/wp-json\/wp\/v2\/media?parent=101"}],"curies":[{"name":"wp","href":"https:\/\/api.w.org\/{rel}","templated":true}]}}