{"id":1051,"date":"2016-02-20T07:55:50","date_gmt":"2016-02-20T06:55:50","guid":{"rendered":"http:\/\/yavaitcachezmeme.fr\/?page_id=1051"},"modified":"2025-04-17T04:39:28","modified_gmt":"2025-04-17T03:39:28","slug":"place-de-verdun","status":"publish","type":"page","link":"https:\/\/yavaitcachezmeme.fr\/index.php\/bernay-rues-places\/place-de-verdun\/","title":{"rendered":"Place de Verdun"},"content":{"rendered":"<div style=\"font-size: 120%; font-family: georgia;\">\n<p style=\"text-align: justify;\">La <span style=\"color: #ff6600;\"><strong>place de Verdun<\/strong><\/span>, c&rsquo;est le carrefour du boulevard Dubus avec les rues du G\u00e9n\u00e9ral de Gaulle, Maurice Lemoing et Kl\u00e9ber Mercier. C&rsquo;est l&rsquo;ancienne place du March\u00e9 aux Chevaux.<br \/>\nLa fontaine a \u00e9t\u00e9 d\u00e9plac\u00e9e plusieurs fois et notamment lors de la cr\u00e9ation du pont de la rue Orderic Vital.<\/p>\n<p style=\"text-align: center;\"><span style=\"color: #ff6600;\"><strong>~o~<\/strong><\/span><\/p>\n<p><img loading=\"lazy\" decoding=\"async\" class=\"aligncenter wp-image-1088\" src=\"http:\/\/yavaitcachezmeme.fr\/wp-content\/uploads\/2016\/02\/BERNAY_H_0725.jpg\" alt=\"\" width=\"820\" height=\"534\" srcset=\"https:\/\/yavaitcachezmeme.fr\/wp-content\/uploads\/2016\/02\/BERNAY_H_0725.jpg 814w, https:\/\/yavaitcachezmeme.fr\/wp-content\/uploads\/2016\/02\/BERNAY_H_0725-600x391.jpg 600w\" sizes=\"auto, (max-width: 820px) 100vw, 820px\" \/><\/p>\n<p style=\"text-align: center;\">A droite, la rue Kleber Mecier<\/p>\n<p><img loading=\"lazy\" decoding=\"async\" class=\"aligncenter wp-image-3657\" src=\"http:\/\/yavaitcachezmeme.fr\/wp-content\/uploads\/2018\/04\/BERNAY_H_1021_fb.jpg\" alt=\"\" width=\"820\" height=\"525\" srcset=\"https:\/\/yavaitcachezmeme.fr\/wp-content\/uploads\/2018\/04\/BERNAY_H_1021_fb.jpg 816w, https:\/\/yavaitcachezmeme.fr\/wp-content\/uploads\/2018\/04\/BERNAY_H_1021_fb-600x384.jpg 600w\" sizes=\"auto, (max-width: 820px) 100vw, 820px\" \/><\/p>\n<p style=\"text-align: center;\">D\u00e9fil\u00e9 du 17\u00e8me casern\u00e9 \u00e0 Bernay<\/p>\n<p><img loading=\"lazy\" decoding=\"async\" class=\"aligncenter wp-image-1086\" src=\"http:\/\/yavaitcachezmeme.fr\/wp-content\/uploads\/2016\/02\/BERNAY_H_0153.jpg\" alt=\"\" width=\"820\" height=\"554\" srcset=\"https:\/\/yavaitcachezmeme.fr\/wp-content\/uploads\/2016\/02\/BERNAY_H_0153.jpg 779w, https:\/\/yavaitcachezmeme.fr\/wp-content\/uploads\/2016\/02\/BERNAY_H_0153-600x405.jpg 600w\" sizes=\"auto, (max-width: 820px) 100vw, 820px\" \/><\/p>\n<p style=\"text-align: center;\">March\u00e9 aux bestiaux<\/p>\n<p><img loading=\"lazy\" decoding=\"async\" class=\"aligncenter wp-image-1087\" src=\"http:\/\/yavaitcachezmeme.fr\/wp-content\/uploads\/2016\/02\/BERNAY_H_0154.jpg\" alt=\"\" width=\"820\" height=\"535\" srcset=\"https:\/\/yavaitcachezmeme.fr\/wp-content\/uploads\/2016\/02\/BERNAY_H_0154.jpg 814w, https:\/\/yavaitcachezmeme.fr\/wp-content\/uploads\/2016\/02\/BERNAY_H_0154-600x391.jpg 600w\" sizes=\"auto, (max-width: 820px) 100vw, 820px\" \/><\/p>\n<p style=\"text-align: center;\">Le caf\u00e9 \u00e0 droite, c&rsquo;est aujourd&rsquo;hui une auto-\u00e9cole<\/p>\n<p><img loading=\"lazy\" decoding=\"async\" class=\"aligncenter wp-image-1085\" src=\"http:\/\/yavaitcachezmeme.fr\/wp-content\/uploads\/2016\/02\/BERNAY_H_0152.jpg\" alt=\"\" width=\"820\" height=\"528\" srcset=\"https:\/\/yavaitcachezmeme.fr\/wp-content\/uploads\/2016\/02\/BERNAY_H_0152.jpg 819w, https:\/\/yavaitcachezmeme.fr\/wp-content\/uploads\/2016\/02\/BERNAY_H_0152-600x386.jpg 600w\" sizes=\"auto, (max-width: 820px) 100vw, 820px\" \/><\/p>\n<p style=\"text-align: center;\">Un march\u00e9 tr\u00e8s masculin<\/p>\n<p><img loading=\"lazy\" decoding=\"async\" class=\"aligncenter wp-image-1084\" src=\"http:\/\/yavaitcachezmeme.fr\/wp-content\/uploads\/2016\/02\/BERNAY_H_0151.jpg\" alt=\"\" width=\"820\" height=\"526\" srcset=\"https:\/\/yavaitcachezmeme.fr\/wp-content\/uploads\/2016\/02\/BERNAY_H_0151.jpg 826w, https:\/\/yavaitcachezmeme.fr\/wp-content\/uploads\/2016\/02\/BERNAY_H_0151-600x385.jpg 600w\" sizes=\"auto, (max-width: 820px) 100vw, 820px\" \/><\/p>\n<p style=\"text-align: center;\">En Normandie, les vaches sont de race Normande<\/p>\n<p><img loading=\"lazy\" decoding=\"async\" class=\"aligncenter wp-image-1083 size-full\" src=\"https:\/\/yavaitcachezmeme.fr\/wp-content\/uploads\/2016\/02\/BERNAY_H_0150.jpg\" alt=\"\" width=\"820\" height=\"527\" srcset=\"https:\/\/yavaitcachezmeme.fr\/wp-content\/uploads\/2016\/02\/BERNAY_H_0150.jpg 820w, https:\/\/yavaitcachezmeme.fr\/wp-content\/uploads\/2016\/02\/BERNAY_H_0150-600x386.jpg 600w\" sizes=\"auto, (max-width: 820px) 100vw, 820px\" \/><\/p>\n<p style=\"text-align: center;\">Un veau s&rsquo;abreuve \u00e0 la fontaine<\/p>\n<p><img loading=\"lazy\" decoding=\"async\" class=\"aligncenter wp-image-1082\" src=\"http:\/\/yavaitcachezmeme.fr\/wp-content\/uploads\/2016\/02\/BERNAY_H_0149.jpg\" alt=\"\" width=\"820\" height=\"525\" srcset=\"https:\/\/yavaitcachezmeme.fr\/wp-content\/uploads\/2016\/02\/BERNAY_H_0149.jpg 811w, https:\/\/yavaitcachezmeme.fr\/wp-content\/uploads\/2016\/02\/BERNAY_H_0149-600x384.jpg 600w\" sizes=\"auto, (max-width: 820px) 100vw, 820px\" \/><\/p>\n<p style=\"text-align: center;\">Les maquignons \u00e9changent<\/p>\n<p><img loading=\"lazy\" decoding=\"async\" class=\"aligncenter wp-image-4698\" src=\"http:\/\/yavaitcachezmeme.fr\/wp-content\/uploads\/2019\/11\/BERNAY_H_1081.jpg\" alt=\"\" width=\"820\" height=\"528\" srcset=\"https:\/\/yavaitcachezmeme.fr\/wp-content\/uploads\/2019\/11\/BERNAY_H_1081.jpg 807w, https:\/\/yavaitcachezmeme.fr\/wp-content\/uploads\/2019\/11\/BERNAY_H_1081-600x387.jpg 600w\" sizes=\"auto, (max-width: 820px) 100vw, 820px\" \/><\/p>\n<p style=\"text-align: center;\">Des b\u00eates qui se demandent bien ce qu&rsquo;elles font l\u00e0<\/p>\n<p><img loading=\"lazy\" decoding=\"async\" class=\"aligncenter wp-image-1089\" src=\"http:\/\/yavaitcachezmeme.fr\/wp-content\/uploads\/2016\/02\/BERNAY_H_0764.jpg\" alt=\"\" width=\"820\" height=\"516\" srcset=\"https:\/\/yavaitcachezmeme.fr\/wp-content\/uploads\/2016\/02\/BERNAY_H_0764.jpg 831w, https:\/\/yavaitcachezmeme.fr\/wp-content\/uploads\/2016\/02\/BERNAY_H_0764-600x378.jpg 600w, https:\/\/yavaitcachezmeme.fr\/wp-content\/uploads\/2016\/02\/BERNAY_H_0764-542x340.jpg 542w\" sizes=\"auto, (max-width: 820px) 100vw, 820px\" \/><\/p>\n<p style=\"text-align: center;\">On aper\u00e7oit derri\u00e8re la fontaine la Villa des B\u00e9gonias<\/p>\n<p><img loading=\"lazy\" decoding=\"async\" class=\"aligncenter wp-image-4045\" src=\"http:\/\/yavaitcachezmeme.fr\/wp-content\/uploads\/2018\/06\/BERNAY_H_0160.jpg\" alt=\"\" width=\"820\" height=\"526\" srcset=\"https:\/\/yavaitcachezmeme.fr\/wp-content\/uploads\/2018\/06\/BERNAY_H_0160.jpg 813w, https:\/\/yavaitcachezmeme.fr\/wp-content\/uploads\/2018\/06\/BERNAY_H_0160-600x385.jpg 600w\" sizes=\"auto, (max-width: 820px) 100vw, 820px\" \/><\/p>\n<p style=\"text-align: center;\">Maison de Georges Goyau \u00e9crivain &#8211; Cette maison a \u00e9t\u00e9 d\u00e9truite<\/p>\n<p><img loading=\"lazy\" decoding=\"async\" class=\"aligncenter wp-image-1091\" src=\"http:\/\/yavaitcachezmeme.fr\/wp-content\/uploads\/2016\/02\/BERNAY_H_0811.jpg\" alt=\"\" width=\"820\" height=\"519\" srcset=\"https:\/\/yavaitcachezmeme.fr\/wp-content\/uploads\/2016\/02\/BERNAY_H_0811.jpg 833w, https:\/\/yavaitcachezmeme.fr\/wp-content\/uploads\/2016\/02\/BERNAY_H_0811-600x380.jpg 600w\" sizes=\"auto, (max-width: 820px) 100vw, 820px\" \/><\/p>\n<p style=\"text-align: center;\">Au fond, le caf\u00e9 de la Martinique aujourd&rsquo;hui d\u00e9truit<\/p>\n<p><img loading=\"lazy\" decoding=\"async\" class=\"aligncenter wp-image-4046 size-full\" src=\"https:\/\/yavaitcachezmeme.fr\/wp-content\/uploads\/2018\/06\/BERNAY_H_0164.jpg\" alt=\"\" width=\"820\" height=\"535\" srcset=\"https:\/\/yavaitcachezmeme.fr\/wp-content\/uploads\/2018\/06\/BERNAY_H_0164.jpg 820w, https:\/\/yavaitcachezmeme.fr\/wp-content\/uploads\/2018\/06\/BERNAY_H_0164-600x391.jpg 600w\" sizes=\"auto, (max-width: 820px) 100vw, 820px\" \/><\/p>\n<p style=\"text-align: center;\">Rue Kleber Mercier (2) \u00e0 l&rsquo;angle de la rue de la D\u00e9fense &#8211; Cet ensemble a \u00e9t\u00e9 d\u00e9truit<\/p>\n<p><img loading=\"lazy\" decoding=\"async\" class=\"aligncenter wp-image-1077\" src=\"http:\/\/yavaitcachezmeme.fr\/wp-content\/uploads\/2016\/02\/BERNAY_H_0139.jpg\" alt=\"\" width=\"820\" height=\"529\" srcset=\"https:\/\/yavaitcachezmeme.fr\/wp-content\/uploads\/2016\/02\/BERNAY_H_0139.jpg 824w, https:\/\/yavaitcachezmeme.fr\/wp-content\/uploads\/2016\/02\/BERNAY_H_0139-600x387.jpg 600w\" sizes=\"auto, (max-width: 820px) 100vw, 820px\" \/><\/p>\n<p style=\"text-align: center;\">La place servira aussi de parc de stationnement<\/p>\n<p><img loading=\"lazy\" decoding=\"async\" class=\"aligncenter wp-image-1081\" src=\"http:\/\/yavaitcachezmeme.fr\/wp-content\/uploads\/2016\/02\/BERNAY_H_0145.jpg\" alt=\"\" width=\"820\" height=\"527\" srcset=\"https:\/\/yavaitcachezmeme.fr\/wp-content\/uploads\/2016\/02\/BERNAY_H_0145.jpg 826w, https:\/\/yavaitcachezmeme.fr\/wp-content\/uploads\/2016\/02\/BERNAY_H_0145-600x386.jpg 600w\" sizes=\"auto, (max-width: 820px) 100vw, 820px\" \/><\/p>\n<p style=\"text-align: center;\">Vue sur le boulevard Dubus<\/p>\n<p><img loading=\"lazy\" decoding=\"async\" class=\"aligncenter wp-image-1080\" src=\"http:\/\/yavaitcachezmeme.fr\/wp-content\/uploads\/2016\/02\/BERNAY_H_0144.jpg\" alt=\"\" width=\"820\" height=\"522\" srcset=\"https:\/\/yavaitcachezmeme.fr\/wp-content\/uploads\/2016\/02\/BERNAY_H_0144.jpg 823w, https:\/\/yavaitcachezmeme.fr\/wp-content\/uploads\/2016\/02\/BERNAY_H_0144-600x382.jpg 600w\" sizes=\"auto, (max-width: 820px) 100vw, 820px\" \/><\/p>\n<p style=\"text-align: center;\">Le pont sur la voie ferr\u00e9e n&rsquo;est pas encore construit,<br \/>\non aper\u00e7oit \u00e0 droite l&rsquo;ancienne gendarmerie rue Bernard Gombert<\/p>\n<p><img loading=\"lazy\" decoding=\"async\" class=\"aligncenter wp-image-1079\" src=\"http:\/\/yavaitcachezmeme.fr\/wp-content\/uploads\/2016\/02\/BERNAY_H_0143.jpg\" alt=\"\" width=\"820\" height=\"538\" srcset=\"https:\/\/yavaitcachezmeme.fr\/wp-content\/uploads\/2016\/02\/BERNAY_H_0143.jpg 812w, https:\/\/yavaitcachezmeme.fr\/wp-content\/uploads\/2016\/02\/BERNAY_H_0143-600x394.jpg 600w\" sizes=\"auto, (max-width: 820px) 100vw, 820px\" \/><\/p>\n<p style=\"text-align: center;\">Une jeune fille prom\u00e8ne sa poup\u00e9e \u00ab\u00a0comme maman\u00a0\u00bb<\/p>\n<p><img loading=\"lazy\" decoding=\"async\" class=\"aligncenter wp-image-1078\" src=\"http:\/\/yavaitcachezmeme.fr\/wp-content\/uploads\/2016\/02\/BERNAY_H_0140.jpg\" alt=\"\" width=\"820\" height=\"528\" srcset=\"https:\/\/yavaitcachezmeme.fr\/wp-content\/uploads\/2016\/02\/BERNAY_H_0140.jpg 805w, https:\/\/yavaitcachezmeme.fr\/wp-content\/uploads\/2016\/02\/BERNAY_H_0140-600x386.jpg 600w\" sizes=\"auto, (max-width: 820px) 100vw, 820px\" \/><\/p>\n<p style=\"text-align: center;\">Un chahut autour de la fontaine<\/p>\n<p><img loading=\"lazy\" decoding=\"async\" class=\"aligncenter wp-image-1090\" src=\"http:\/\/yavaitcachezmeme.fr\/wp-content\/uploads\/2016\/02\/BERNAY_H_0810.jpg\" alt=\"\" width=\"820\" height=\"518\" srcset=\"https:\/\/yavaitcachezmeme.fr\/wp-content\/uploads\/2016\/02\/BERNAY_H_0810.jpg 828w, https:\/\/yavaitcachezmeme.fr\/wp-content\/uploads\/2016\/02\/BERNAY_H_0810-600x379.jpg 600w\" sizes=\"auto, (max-width: 820px) 100vw, 820px\" \/><\/p>\n<p style=\"text-align: center;\">Beaucoup de transformations sont programm\u00e9es pour 2023<\/p>\n<p style=\"text-align: center;\"><span style=\"color: #ff6600;\"><strong>~o~<\/strong><\/span><\/p>\n<p style=\"text-align: justify;\"><span style=\"color: #ff6600;\"><strong>Les chauss\u00e9es de Bernay <\/strong><\/span>\u00e0 visiter en cliquant sur les liens suivants :<\/p>\n<p style=\"text-align: justify;\">Les avenues et boulevards : <strong><a href=\"https:\/\/yavaitcachezmeme.fr\/index.php\/bernay-rues-places\/avenue-lottin-de-laval\/\">Avenue Lottin de Laval<\/a> &#8211; <a href=\"https:\/\/yavaitcachezmeme.fr\/index.php\/bernay-rues-places\/boulevard-du-bas-bouffey\/\">Boulevard du Bas-Bouffey<\/a> &#8211; <a href=\"http:\/\/yavaitcachezmeme.fr\/index.php\/bernay-rues-places\/boulevard-dubus\/\">Boulevard Dubus<\/a>\u00a0 &#8211;\u00a0 <a href=\"http:\/\/yavaitcachezmeme.fr\/index.php\/bernay-rues-places\/boulevard-des-monts\/\">Boulevard des Monts<\/a><\/strong><\/p>\n<p style=\"text-align: justify;\">Les places : <strong><a href=\"http:\/\/yavaitcachezmeme.fr\/index.php\/bernay-rues-places\/place-dupont-de-leure\/\">Place Dupont de l&rsquo;Eure<\/a>\u00a0 &#8211; \u00a0<a href=\"http:\/\/yavaitcachezmeme.fr\/index.php\/bernay-rues-places\/place-guillaume-de-volpiano\/\">Place Guillaume de Volpiano<\/a>\u00a0 &#8211; \u00a0<a href=\"http:\/\/yavaitcachezmeme.fr\/index.php\/bernay-rues-places\/place-gustave-heon\/\">Place Gustave H\u00e9on<\/a>\u00a0 &#8211; \u00a0<a href=\"http:\/\/yavaitcachezmeme.fr\/index.php\/bernay-rues-places\/place-de-la-republique\/\">Place de La R\u00e9publique<\/a>\u00a0 &#8211; \u00a0<a href=\"http:\/\/yavaitcachezmeme.fr\/index.php\/bernay-rues-places\/place-sainte-croix\/\">Place Sainte-Croix<\/a>\u00a0 &#8211; \u00a0<a href=\"http:\/\/yavaitcachezmeme.fr\/index.php\/bernay-rues-places\/place-de-verdun\/\">Place de Verdun<\/a><\/strong><\/p>\n<p style=\"text-align: justify;\">Les rues : <strong><a href=\"https:\/\/yavaitcachezmeme.fr\/index.php\/bernay-rues-places\/rue-albert-parissot\/\">Rue Albert Parissot<\/a> &#8211;<\/strong> <strong><a href=\"http:\/\/yavaitcachezmeme.fr\/index.php\/bernay-rues-places\/3351-2\/\">Rue Alexandre<\/a>\u00a0 &#8211; \u00a0<a href=\"http:\/\/yavaitcachezmeme.fr\/index.php\/bernay-rues-places\/rue-auguste-le-prevost\/\">Rue Auguste Le Pr\u00e9vost<\/a>\u00a0 &#8211; \u00a0<a href=\"http:\/\/yavaitcachezmeme.fr\/index.php\/bernay-rues-places\/rue-bernard-gombert\/\">Rue Bernard Gombert<\/a>\u00a0 &#8211; \u00a0<a href=\"http:\/\/yavaitcachezmeme.fr\/index.php\/bernay-rues-places\/rue-de-la-charentonne\/\">Rue de La Charentonne<\/a>\u00a0 &#8211; \u00a0<a href=\"http:\/\/yavaitcachezmeme.fr\/index.php\/bernay-rues-places\/rue-gabriel-vallee\/\">Rue Gabriel Vall\u00e9e<\/a>\u00a0 &#8211; \u00a0<a href=\"http:\/\/yavaitcachezmeme.fr\/index.php\/bernay-rues-places\/rue-g-folloppe\/\">Rue Gaston Folloppe<\/a>\u00a0 &#8211; \u00a0<a href=\"http:\/\/yavaitcachezmeme.fr\/index.php\/bernay-rues-places\/rue-g-de-gaulle\/\">Rue du G\u00e9n\u00e9ral de Gaulle<\/a>\u00a0 &#8211; \u00a0<a href=\"http:\/\/yavaitcachezmeme.fr\/index.php\/bernay-rues-places\/rue-du-general-leclerc\/\">Rue du G\u00e9n\u00e9ral Leclerc<\/a>\u00a0 &#8211; \u00a0<a href=\"http:\/\/yavaitcachezmeme.fr\/index.php\/bernay-rues-places\/rue-jacques-daviel\/\">Rue Jacques Daviel<\/a>\u00a0 &#8211; \u00a0<a href=\"http:\/\/yavaitcachezmeme.fr\/index.php\/bernay-rues-places\/rue-de-lisieux\/\">Rue de Lisieux<\/a>\u00a0 &#8211; \u00a0<a href=\"http:\/\/yavaitcachezmeme.fr\/index.php\/bernay-rues-places\/rue-maurice-lemoing\/\">Rue Maurice Lemoing<\/a>\u00a0 &#8211; \u00a0<a href=\"http:\/\/yavaitcachezmeme.fr\/index.php\/bernay-rues-places\/rue-michel-hubert-descours\/\">Rue Michel-Hubert Descours<\/a>\u00a0 &#8211; \u00a0<a href=\"http:\/\/yavaitcachezmeme.fr\/index.php\/bernay-rues-places\/rue-militaire\/\">Rue Militaire<\/a>\u00a0 &#8211; \u00a0<a href=\"http:\/\/yavaitcachezmeme.fr\/index.php\/bernay-rues-places\/rue-de-morsan\/\">Rue de Morsan<\/a>\u00a0 &#8211; \u00a0<a href=\"http:\/\/yavaitcachezmeme.fr\/index.php\/bernay-rues-places\/rue-de-rouen\/\">Rue de Rouen<\/a>\u00a0 &#8211; \u00a0<a href=\"http:\/\/yavaitcachezmeme.fr\/index.php\/bernay-rues-places\/rue-des-sources\/\">Rue des Sources<\/a>\u00a0 &#8211; <a href=\"https:\/\/yavaitcachezmeme.fr\/index.php\/bernay-rues-places\/rue-de-la-sous-prefecture\/\">Rue de la Sous-Pr\u00e9fecture<\/a> &#8211; <a href=\"http:\/\/yavaitcachezmeme.fr\/index.php\/bernay-rues-places\/rue-thiers\/\">Rue Thiers<\/a>\u00a0 &#8211; \u00a0<a href=\"http:\/\/yavaitcachezmeme.fr\/index.php\/bernay-rues-places\/rue-de-lunion\/\">Rue de l&rsquo;Union<\/a>\u00a0 &#8211; \u00a0<a href=\"http:\/\/yavaitcachezmeme.fr\/index.php\/bernay-rues-places\/victoire-rue-de-la\/\">Rue de La Victoire<\/a><\/strong><\/p>\n<div style=\"font-size: 100%; font-family: georgia;\"><a href=\"https:\/\/yavaitcachezmeme.fr\/\"><img loading=\"lazy\" decoding=\"async\" class=\"aligncenter wp-image-5243\" src=\"https:\/\/yavaitcachezmeme.fr\/wp-content\/uploads\/2024\/11\/Marque-b.png\" alt=\"\" width=\"25\" height=\"43\" \/><\/a><\/div>\n<\/div>\n","protected":false},"excerpt":{"rendered":"<p>La place de Verdun, c&rsquo;est le carrefour du boulevard Dubus avec les rues du G\u00e9n\u00e9ral de Gaulle, Maurice Lemoing et Kl\u00e9ber Mercier. C&rsquo;est&#8230;<\/p>\n","protected":false},"author":1,"featured_media":0,"parent":1068,"menu_order":117,"comment_status":"closed","ping_status":"closed","template":"","meta":{"footnotes":""},"class_list":["post-1051","page","type-page","status-publish","hentry"],"_links":{"self":[{"href":"https:\/\/yavaitcachezmeme.fr\/index.php\/wp-json\/wp\/v2\/pages\/1051","targetHints":{"allow":["GET"]}}],"collection":[{"href":"https:\/\/yavaitcachezmeme.fr\/index.php\/wp-json\/wp\/v2\/pages"}],"about":[{"href":"https:\/\/yavaitcachezmeme.fr\/index.php\/wp-json\/wp\/v2\/types\/page"}],"author":[{"embeddable":true,"href":"https:\/\/yavaitcachezmeme.fr\/index.php\/wp-json\/wp\/v2\/users\/1"}],"replies":[{"embeddable":true,"href":"https:\/\/yavaitcachezmeme.fr\/index.php\/wp-json\/wp\/v2\/comments?post=1051"}],"version-history":[{"count":38,"href":"https:\/\/yavaitcachezmeme.fr\/index.php\/wp-json\/wp\/v2\/pages\/1051\/revisions"}],"predecessor-version":[{"id":12912,"href":"https:\/\/yavaitcachezmeme.fr\/index.php\/wp-json\/wp\/v2\/pages\/1051\/revisions\/12912"}],"up":[{"embeddable":true,"href":"https:\/\/yavaitcachezmeme.fr\/index.php\/wp-json\/wp\/v2\/pages\/1068"}],"wp:attachment":[{"href":"https:\/\/yavaitcachezmeme.fr\/index.php\/wp-json\/wp\/v2\/media?parent=1051"}],"curies":[{"name":"wp","href":"https:\/\/api.w.org\/{rel}","templated":true}]}}