{"id":10990,"date":"2023-12-09T17:39:58","date_gmt":"2023-12-09T16:39:58","guid":{"rendered":"https:\/\/yavaitcachezmeme.fr\/?page_id=10990"},"modified":"2024-11-11T07:45:56","modified_gmt":"2024-11-11T06:45:56","slug":"art-populaire-exterieur","status":"publish","type":"page","link":"https:\/\/yavaitcachezmeme.fr\/index.php\/curiosites\/art-populaire-exterieur\/","title":{"rendered":"Art Populaire professionnel"},"content":{"rendered":"<div style=\"font-size: 100%; font-family: georgia;\">\n<p style=\"text-align: justify;\"><span style=\"font-size: 120%;\">L&rsquo;<span style=\"color: #ff6600;\"><strong>Art Populaire professionnel<\/strong><\/span> avec les th\u00e8mes suivants : Artisanat Vestimentaire, Mar\u00e9chalerie, Mat\u00e9riaux et Objets de construction, Paysannerie, Plaques de voiture.<\/span><\/p>\n<p style=\"text-align: center;\"><img loading=\"lazy\" decoding=\"async\" class=\"alignnone wp-image-12416\" src=\"https:\/\/yavaitcachezmeme.fr\/wp-content\/uploads\/2024\/11\/A-P-P-600x111.png\" alt=\"\" width=\"195\" height=\"36\" srcset=\"https:\/\/yavaitcachezmeme.fr\/wp-content\/uploads\/2024\/11\/A-P-P-600x111.png 600w, https:\/\/yavaitcachezmeme.fr\/wp-content\/uploads\/2024\/11\/A-P-P.png 695w\" sizes=\"auto, (max-width: 195px) 100vw, 195px\" \/><\/p>\n<p style=\"font-size: 120%;\">L&rsquo; <span style=\"color: #ff6600;\"><strong>ARTISANAT VESTIMENTAIRE<\/strong><\/span>\u00a0par les chapeliers, fourreurs, tailleurs.<\/p>\n<p><img loading=\"lazy\" decoding=\"async\" class=\"aligncenter wp-image-4978\" src=\"https:\/\/yavaitcachezmeme.fr\/wp-content\/uploads\/2020\/07\/Forme-\u00e0-chapeau-scaled.jpg\" alt=\"\" width=\"820\" height=\"652\" srcset=\"https:\/\/yavaitcachezmeme.fr\/wp-content\/uploads\/2020\/07\/Forme-\u00e0-chapeau-scaled.jpg 2560w, https:\/\/yavaitcachezmeme.fr\/wp-content\/uploads\/2020\/07\/Forme-\u00e0-chapeau-scaled-600x477.jpg 600w, https:\/\/yavaitcachezmeme.fr\/wp-content\/uploads\/2020\/07\/Forme-\u00e0-chapeau-scaled-1024x814.jpg 1024w, https:\/\/yavaitcachezmeme.fr\/wp-content\/uploads\/2020\/07\/Forme-\u00e0-chapeau-scaled-1536x1222.jpg 1536w, https:\/\/yavaitcachezmeme.fr\/wp-content\/uploads\/2020\/07\/Forme-\u00e0-chapeau-scaled-2048x1629.jpg 2048w\" sizes=\"auto, (max-width: 820px) 100vw, 820px\" \/><\/p>\n<p style=\"text-align: center;\"><span style=\"font-size: 120%;\">Forme et compas de chapelier<\/span><\/p>\n<p><img loading=\"lazy\" decoding=\"async\" class=\"aligncenter wp-image-11835\" src=\"https:\/\/yavaitcachezmeme.fr\/wp-content\/uploads\/2024\/02\/Formes-de-fourreur-600x322.png\" alt=\"\" width=\"820\" height=\"439\" srcset=\"https:\/\/yavaitcachezmeme.fr\/wp-content\/uploads\/2024\/02\/Formes-de-fourreur-600x322.png 600w, https:\/\/yavaitcachezmeme.fr\/wp-content\/uploads\/2024\/02\/Formes-de-fourreur.png 974w\" sizes=\"auto, (max-width: 820px) 100vw, 820px\" \/><\/p>\n<p style=\"text-align: center;\"><span style=\"font-size: 120%;\">Formes de fourreur &#8211; Elles servent \u00e0 la couture<br \/>\ndes t\u00eates des cols de vison, renard, zibeline, etc&#8230;<\/span><\/p>\n<p style=\"text-align: center;\"><span style=\"color: #ff6600;\"><strong>~o~<\/strong><\/span><\/p>\n<p style=\"font-size: 120%;\">La <span style=\"color: #ff6600;\"><strong>MAR\u00c9CHALERIE<\/strong><\/span> ou l&rsquo;art du mar\u00e9chal-ferrant.<br \/>\nSaint-\u00c9loi, ministre du roi Dagobert est le Saint patron du mar\u00e9chal-ferrant et du forgeron. On le f\u00eate le 1er d\u00e9cembre.<\/p>\n<p style=\"font-family: georgia; font-size: 100%;\"><img loading=\"lazy\" decoding=\"async\" class=\"aligncenter wp-image-5189\" src=\"https:\/\/yavaitcachezmeme.fr\/wp-content\/uploads\/2021\/09\/Bouquet-de-Saint-Eloi-scaled.jpg\" alt=\"\" width=\"820\" height=\"598\" srcset=\"https:\/\/yavaitcachezmeme.fr\/wp-content\/uploads\/2021\/09\/Bouquet-de-Saint-Eloi-scaled.jpg 2560w, https:\/\/yavaitcachezmeme.fr\/wp-content\/uploads\/2021\/09\/Bouquet-de-Saint-Eloi-scaled-600x438.jpg 600w, https:\/\/yavaitcachezmeme.fr\/wp-content\/uploads\/2021\/09\/Bouquet-de-Saint-Eloi-scaled-1024x747.jpg 1024w, https:\/\/yavaitcachezmeme.fr\/wp-content\/uploads\/2021\/09\/Bouquet-de-Saint-Eloi-scaled-1536x1120.jpg 1536w, https:\/\/yavaitcachezmeme.fr\/wp-content\/uploads\/2021\/09\/Bouquet-de-Saint-Eloi-scaled-2048x1494.jpg 2048w\" sizes=\"auto, (max-width: 820px) 100vw, 820px\" \/><\/p>\n<p style=\"text-align: center;\"><span style=\"font-size: 120%;\">Bouquet de Saint \u00c9loi &#8211; Le mar\u00e9chal-ferrant r\u00e9alise cette pi\u00e8ce de ferronnerie \u00e0 la<br \/>\nfin de sa formation. Son \u00ab\u00a0chef-d\u2019\u0153uvre\u00a0\u00bb lui servira d\u2019enseigne lors de son installation.<\/span><\/p>\n<p style=\"font-family: georgia; font-size: 100%;\"><img loading=\"lazy\" decoding=\"async\" class=\"aligncenter wp-image-6606\" src=\"https:\/\/yavaitcachezmeme.fr\/wp-content\/uploads\/2021\/12\/MONTREUIL-LARGILLE_H_031-600x362.jpg\" alt=\"\" width=\"820\" height=\"495\" srcset=\"https:\/\/yavaitcachezmeme.fr\/wp-content\/uploads\/2021\/12\/MONTREUIL-LARGILLE_H_031-600x362.jpg 600w, https:\/\/yavaitcachezmeme.fr\/wp-content\/uploads\/2021\/12\/MONTREUIL-LARGILLE_H_031-1024x618.jpg 1024w, https:\/\/yavaitcachezmeme.fr\/wp-content\/uploads\/2021\/12\/MONTREUIL-LARGILLE_H_031-1536x928.jpg 1536w, https:\/\/yavaitcachezmeme.fr\/wp-content\/uploads\/2021\/12\/MONTREUIL-LARGILLE_H_031.jpg 1636w\" sizes=\"auto, (max-width: 820px) 100vw, 820px\" \/><\/p>\n<p style=\"text-align: center;\"><span style=\"font-size: 120%;\">A voir au dessus de la croupe du cheval, le bouquet de Saint-\u00c9loi.<\/span><\/p>\n<p style=\"font-family: georgia; font-size: 100%;\"><img loading=\"lazy\" decoding=\"async\" class=\"aligncenter wp-image-11337\" src=\"https:\/\/yavaitcachezmeme.fr\/wp-content\/uploads\/2023\/12\/Marechalerie_B-427x600.jpg\" alt=\"\" width=\"475\" height=\"668\" srcset=\"https:\/\/yavaitcachezmeme.fr\/wp-content\/uploads\/2023\/12\/Marechalerie_B-427x600.jpg 427w, https:\/\/yavaitcachezmeme.fr\/wp-content\/uploads\/2023\/12\/Marechalerie_B-728x1024.jpg 728w, https:\/\/yavaitcachezmeme.fr\/wp-content\/uploads\/2023\/12\/Marechalerie_B-1092x1536.jpg 1092w, https:\/\/yavaitcachezmeme.fr\/wp-content\/uploads\/2023\/12\/Marechalerie_B-1457x2048.jpg 1457w, https:\/\/yavaitcachezmeme.fr\/wp-content\/uploads\/2023\/12\/Marechalerie_B.jpg 1512w\" sizes=\"auto, (max-width: 475px) 100vw, 475px\" \/><\/p>\n<p style=\"text-align: center;\"><span style=\"font-size: 120%;\">Un bougeoir fa\u00e7on mar\u00e9chal-ferrant<\/span><\/p>\n<p><img loading=\"lazy\" decoding=\"async\" class=\"aligncenter wp-image-11687\" src=\"https:\/\/yavaitcachezmeme.fr\/wp-content\/uploads\/2024\/01\/Anneau-dattache_2-474x600.jpg\" alt=\"\" width=\"475\" height=\"601\" srcset=\"https:\/\/yavaitcachezmeme.fr\/wp-content\/uploads\/2024\/01\/Anneau-dattache_2-474x600.jpg 474w, https:\/\/yavaitcachezmeme.fr\/wp-content\/uploads\/2024\/01\/Anneau-dattache_2-810x1024.jpg 810w, https:\/\/yavaitcachezmeme.fr\/wp-content\/uploads\/2024\/01\/Anneau-dattache_2-1214x1536.jpg 1214w, https:\/\/yavaitcachezmeme.fr\/wp-content\/uploads\/2024\/01\/Anneau-dattache_2-1619x2048.jpg 1619w, https:\/\/yavaitcachezmeme.fr\/wp-content\/uploads\/2024\/01\/Anneau-dattache_2.jpg 1681w\" sizes=\"auto, (max-width: 475px) 100vw, 475px\" \/><\/p>\n<p style=\"text-align: center;\"><span style=\"font-size: 120%;\">Anneau d&rsquo;attache<\/span><\/p>\n<p><img loading=\"lazy\" decoding=\"async\" class=\"aligncenter wp-image-11688\" src=\"https:\/\/yavaitcachezmeme.fr\/wp-content\/uploads\/2024\/01\/Flammes-600x381.jpg\" alt=\"\" width=\"820\" height=\"520\" srcset=\"https:\/\/yavaitcachezmeme.fr\/wp-content\/uploads\/2024\/01\/Flammes-600x381.jpg 600w, https:\/\/yavaitcachezmeme.fr\/wp-content\/uploads\/2024\/01\/Flammes-1024x650.jpg 1024w, https:\/\/yavaitcachezmeme.fr\/wp-content\/uploads\/2024\/01\/Flammes-1536x975.jpg 1536w, https:\/\/yavaitcachezmeme.fr\/wp-content\/uploads\/2024\/01\/Flammes-2048x1300.jpg 2048w\" sizes=\"auto, (max-width: 820px) 100vw, 820px\" \/><\/p>\n<p style=\"text-align: center;\"><span style=\"font-size: 120%;\">Flammes pour saign\u00e9e<\/span><\/p>\n<p><img loading=\"lazy\" decoding=\"async\" class=\"aligncenter wp-image-12055\" src=\"https:\/\/yavaitcachezmeme.fr\/wp-content\/uploads\/2024\/06\/Anneau-dattache-bovin_1-600x400.jpg\" alt=\"\" width=\"820\" height=\"547\" srcset=\"https:\/\/yavaitcachezmeme.fr\/wp-content\/uploads\/2024\/06\/Anneau-dattache-bovin_1-600x400.jpg 600w, https:\/\/yavaitcachezmeme.fr\/wp-content\/uploads\/2024\/06\/Anneau-dattache-bovin_1-1024x683.jpg 1024w, https:\/\/yavaitcachezmeme.fr\/wp-content\/uploads\/2024\/06\/Anneau-dattache-bovin_1-1536x1024.jpg 1536w\" sizes=\"auto, (max-width: 820px) 100vw, 820px\" \/><\/p>\n<p style=\"text-align: center;\"><span style=\"font-size: 120%;\">Anneau d&rsquo;attache pour bovin<\/span><\/p>\n<p style=\"text-align: center;\"><span style=\"color: #ff6600;\"><strong>~o~<\/strong><\/span><\/p>\n<p style=\"text-align: justify;\"><span style=\"font-size: 120%;\">Les <span style=\"color: #ff6600;\"><strong>MAT\u00c9RIAUX ET OBJETS DE CONSTRUCTION,<\/strong><\/span> la d\u00e9construction sera parfois n\u00e9cessaire. L&rsquo;art populaire est souvent discret.<\/span><\/p>\n<p><img loading=\"lazy\" decoding=\"async\" class=\"aligncenter wp-image-11791\" src=\"https:\/\/yavaitcachezmeme.fr\/wp-content\/uploads\/2024\/02\/Brique-datee-1874-600x191.png\" alt=\"\" width=\"850\" height=\"271\" srcset=\"https:\/\/yavaitcachezmeme.fr\/wp-content\/uploads\/2024\/02\/Brique-datee-1874-600x191.png 600w, https:\/\/yavaitcachezmeme.fr\/wp-content\/uploads\/2024\/02\/Brique-datee-1874-1024x327.png 1024w, https:\/\/yavaitcachezmeme.fr\/wp-content\/uploads\/2024\/02\/Brique-datee-1874.png 1316w\" sizes=\"auto, (max-width: 850px) 100vw, 850px\" \/><\/p>\n<p style=\"text-align: center;\"><span style=\"font-size: 120%;\">Brique dat\u00e9e<\/span><\/p>\n<p><img loading=\"lazy\" decoding=\"async\" class=\"aligncenter wp-image-10551\" src=\"https:\/\/yavaitcachezmeme.fr\/wp-content\/uploads\/2023\/08\/Tuile-signee_003-600x424.jpg\" alt=\"\" width=\"820\" height=\"579\" srcset=\"https:\/\/yavaitcachezmeme.fr\/wp-content\/uploads\/2023\/08\/Tuile-signee_003-600x424.jpg 600w, https:\/\/yavaitcachezmeme.fr\/wp-content\/uploads\/2023\/08\/Tuile-signee_003-1024x723.jpg 1024w, https:\/\/yavaitcachezmeme.fr\/wp-content\/uploads\/2023\/08\/Tuile-signee_003-1536x1085.jpg 1536w, https:\/\/yavaitcachezmeme.fr\/wp-content\/uploads\/2023\/08\/Tuile-signee_003-2048x1447.jpg 2048w\" sizes=\"auto, (max-width: 820px) 100vw, 820px\" \/><\/p>\n<p style=\"text-align: center;\"><span style=\"font-size: 120%;\">2650 thuille faite le 25 juillet en l&rsquo;an 1807 Pierre Louis VINCENT<\/span><\/p>\n<p style=\"font-size: 120%; text-align: justify;\">Thuille, orthographe pour tuile aux 17\u00e8me et 18\u00e8me si\u00e8cles. Extrait d\u2019un acte notari\u00e9 pour bail de 1654 \u00e0 MENOU (58) : \u00ab\u00a0ladite grange couverte de thuille et d&rsquo;essis \u2026\u00a0\u00bb (R\u00e9f\u00e9rence\u00a0: <em>Cahiers du val de Bargis)<\/em><\/p>\n<p style=\"font-family: georgia; font-size: 100%;\"><img loading=\"lazy\" decoding=\"async\" class=\"aligncenter wp-image-10550\" src=\"https:\/\/yavaitcachezmeme.fr\/wp-content\/uploads\/2023\/08\/Tuile-signee_002-600x417.jpg\" alt=\"\" width=\"820\" height=\"570\" srcset=\"https:\/\/yavaitcachezmeme.fr\/wp-content\/uploads\/2023\/08\/Tuile-signee_002-600x417.jpg 600w, https:\/\/yavaitcachezmeme.fr\/wp-content\/uploads\/2023\/08\/Tuile-signee_002-1024x712.jpg 1024w, https:\/\/yavaitcachezmeme.fr\/wp-content\/uploads\/2023\/08\/Tuile-signee_002-1536x1067.jpg 1536w, https:\/\/yavaitcachezmeme.fr\/wp-content\/uploads\/2023\/08\/Tuile-signee_002-2048x1423.jpg 2048w\" sizes=\"auto, (max-width: 820px) 100vw, 820px\" \/><\/p>\n<p style=\"text-align: center;\"><span style=\"font-size: 120%;\">2000 thuille le 3 aoust 1807 Pierre Louis VINCENT<\/span><\/p>\n<p style=\"font-family: georgia; font-size: 100%;\"><img loading=\"lazy\" decoding=\"async\" class=\"aligncenter wp-image-10549\" src=\"https:\/\/yavaitcachezmeme.fr\/wp-content\/uploads\/2023\/08\/Tuile-signee_001-436x600.jpg\" alt=\"\" width=\"475\" height=\"653\" srcset=\"https:\/\/yavaitcachezmeme.fr\/wp-content\/uploads\/2023\/08\/Tuile-signee_001-436x600.jpg 436w, https:\/\/yavaitcachezmeme.fr\/wp-content\/uploads\/2023\/08\/Tuile-signee_001-745x1024.jpg 745w, https:\/\/yavaitcachezmeme.fr\/wp-content\/uploads\/2023\/08\/Tuile-signee_001-1117x1536.jpg 1117w, https:\/\/yavaitcachezmeme.fr\/wp-content\/uploads\/2023\/08\/Tuile-signee_001-1490x2048.jpg 1490w, https:\/\/yavaitcachezmeme.fr\/wp-content\/uploads\/2023\/08\/Tuile-signee_001-scaled.jpg 1862w\" sizes=\"auto, (max-width: 475px) 100vw, 475px\" \/><\/p>\n<p style=\"text-align: center;\"><span style=\"font-size: 120%;\">Tuile de terre cuite &#8211; L&rsquo;\u00e9glise, son clocher et le coq<\/span><\/p>\n<p style=\"font-family: georgia; font-size: 100%;\"><img loading=\"lazy\" decoding=\"async\" class=\"aligncenter wp-image-7091\" src=\"https:\/\/yavaitcachezmeme.fr\/wp-content\/uploads\/2022\/03\/Girouette-scaled-600x450.jpg\" alt=\"\" width=\"820\" height=\"615\" srcset=\"https:\/\/yavaitcachezmeme.fr\/wp-content\/uploads\/2022\/03\/Girouette-scaled-600x450.jpg 600w, https:\/\/yavaitcachezmeme.fr\/wp-content\/uploads\/2022\/03\/Girouette-scaled-1024x768.jpg 1024w, https:\/\/yavaitcachezmeme.fr\/wp-content\/uploads\/2022\/03\/Girouette-scaled-1536x1152.jpg 1536w, https:\/\/yavaitcachezmeme.fr\/wp-content\/uploads\/2022\/03\/Girouette-scaled-2048x1536.jpg 2048w\" sizes=\"auto, (max-width: 820px) 100vw, 820px\" \/><\/p>\n<p style=\"text-align: center;\"><span style=\"font-size: 120%;\">Girouette \u2013 Le caveur (ramasseur de truffes) et son cochon truffier<\/span><\/p>\n<p style=\"text-align: center;\"><span style=\"color: #ff6600;\"><strong>~o~<\/strong><\/span><\/p>\n<p style=\"text-align: justify;\"><span style=\"font-size: 120%;\">L&rsquo;art populaire de la <span style=\"color: #ff6600;\"><strong>PAYSANNERIE<\/strong><\/span> est riche ; le paysan fabrique ou personnalise souvent son outil. Saint Isidore le laboureur est le saint patron des paysans ; on le f\u00eate le 15 mai.\u00a0<\/span><\/p>\n<\/div>\n<p><img loading=\"lazy\" decoding=\"async\" class=\"aligncenter wp-image-11783\" src=\"https:\/\/yavaitcachezmeme.fr\/wp-content\/uploads\/2024\/02\/Bouquet-moisson_2-454x600.png\" alt=\"\" width=\"550\" height=\"726\" srcset=\"https:\/\/yavaitcachezmeme.fr\/wp-content\/uploads\/2024\/02\/Bouquet-moisson_2-454x600.png 454w, https:\/\/yavaitcachezmeme.fr\/wp-content\/uploads\/2024\/02\/Bouquet-moisson_2.png 768w\" sizes=\"auto, (max-width: 550px) 100vw, 550px\" \/><\/p>\n<div style=\"font-size: 100%; font-family: georgia;\">\n<p style=\"text-align: center;\"><span style=\"font-size: 120%;\">En Normandie comme en Savoie, les ouvriers saisonniers<br \/>\nont pour coutume d\u2019offrir un \u00ab\u00a0Bouquet de Moisson\u00a0\u00bb \u00e0 la<br \/>\npropri\u00e9taire du domaine o\u00f9 ils sont embauch\u00e9s pour l&rsquo;\u00e9t\u00e9.<\/span><\/p>\n<p style=\"font-family: georgia; font-size: 100%;\"><img loading=\"lazy\" decoding=\"async\" class=\"aligncenter wp-image-3563\" src=\"https:\/\/yavaitcachezmeme.fr\/wp-content\/uploads\/2018\/04\/20180406_Mus\u00e9e-de-caen_baricot-748x1024.jpg\" alt=\"\" width=\"475\" height=\"650\" srcset=\"https:\/\/yavaitcachezmeme.fr\/wp-content\/uploads\/2018\/04\/20180406_Mus\u00e9e-de-caen_baricot-748x1024.jpg 748w, https:\/\/yavaitcachezmeme.fr\/wp-content\/uploads\/2018\/04\/20180406_Mus\u00e9e-de-caen_baricot-438x600.jpg 438w, https:\/\/yavaitcachezmeme.fr\/wp-content\/uploads\/2018\/04\/20180406_Mus\u00e9e-de-caen_baricot.jpg 1121w\" sizes=\"auto, (max-width: 475px) 100vw, 475px\" \/><\/p>\n<p style=\"text-align: center;\"><span style=\"font-size: 120%;\"><span style=\"font-size: 100%;\">Baricot de faucheur r\u00e9volutionnaire &#8211; <\/span>Ce petit tonneau<br \/>\nsert \u00e0 mener le cidre du tonneau de la cave au champ.<br \/>\nCollection du Mus\u00e9e de Normandie \u00e0 CAEN &#8211; Calvados<\/span><\/p>\n<p style=\"font-family: georgia; font-size: 100%;\"><img loading=\"lazy\" decoding=\"async\" class=\"aligncenter wp-image-11338\" src=\"https:\/\/yavaitcachezmeme.fr\/wp-content\/uploads\/2023\/12\/Paysannerie_A-600x417.jpg\" alt=\"\" width=\"820\" height=\"569\" srcset=\"https:\/\/yavaitcachezmeme.fr\/wp-content\/uploads\/2023\/12\/Paysannerie_A-600x417.jpg 600w, https:\/\/yavaitcachezmeme.fr\/wp-content\/uploads\/2023\/12\/Paysannerie_A-1024x711.jpg 1024w, https:\/\/yavaitcachezmeme.fr\/wp-content\/uploads\/2023\/12\/Paysannerie_A-1536x1066.jpg 1536w, https:\/\/yavaitcachezmeme.fr\/wp-content\/uploads\/2023\/12\/Paysannerie_A-2048x1422.jpg 2048w\" sizes=\"auto, (max-width: 820px) 100vw, 820px\" \/><\/p>\n<p style=\"text-align: center;\"><span style=\"font-size: 120%;\">Le n\u00e9cessaire du faucheur &#8211; Une faucille, un enclume et son marteau,<br \/>\nun cl\u00e9 \u00e0 foin pour lier les gerbes et un doigtier. Ce denier, plac\u00e9 dans<br \/>\nla main oppos\u00e9e \u00e0 celle de la faucille, prot\u00e8ge les doigts du tranchant.<\/span><\/p>\n<p style=\"text-align: center;\"><span style=\"color: #ff6600;\"><strong>~o~<\/strong><\/span><\/p>\n<p style=\"font-family: georgia; font-size: 100%; text-align: justify;\"><span style=\"font-size: 120%;\">Les <strong><span style=\"color: #ff6600;\">PLAQUES DE VOITURE<\/span><\/strong> ont disparu en m\u00eame temps que leur supports.<br \/>\nPartie de l&rsquo;arr\u00eat du Conseil du roi du 20 avril 1783 :<br \/>\n\u00ab&#8230; tous propri\u00e9taires de charrettes, chariots et autres voitures, destin\u00e9s au roulage et transport des denr\u00e9es et marchandises, seront tenus de faire peindre en caract\u00e8re gros et lisible, sur une plaque de m\u00e9tal pos\u00e9e en avant des roues, au c\u00f4t\u00e9 gauche de la voiture, et ainsi que cela se pratique dans la ville et banlieue de Paris, leurs noms, surnoms et domiciles&#8230;\u00bb.<\/span><\/p>\n<p style=\"font-family: georgia; font-size: 100%;\"><img loading=\"lazy\" decoding=\"async\" class=\"aligncenter wp-image-2055\" src=\"https:\/\/yavaitcachezmeme.fr\/wp-content\/uploads\/2016\/04\/Art-populaire_002.jpg\" alt=\"\" width=\"820\" height=\"515\" srcset=\"https:\/\/yavaitcachezmeme.fr\/wp-content\/uploads\/2016\/04\/Art-populaire_002.jpg 800w, https:\/\/yavaitcachezmeme.fr\/wp-content\/uploads\/2016\/04\/Art-populaire_002-600x377.jpg 600w, https:\/\/yavaitcachezmeme.fr\/wp-content\/uploads\/2016\/04\/Art-populaire_002-542x340.jpg 542w\" sizes=\"auto, (max-width: 820px) 100vw, 820px\" \/><\/p>\n<p style=\"font-size: 120%; text-align: center;\">Plaque de voiture hippomobile &#8211; La commune de Saint-Nicolas-Du-Bosc-l&rsquo;Abb\u00e9<br \/>\na fusionn\u00e9 en 1972 avec Caorches pour former la commune de Caorches-St-Nicolas<\/p>\n<p style=\"font-family: georgia; font-size: 100%;\"><img loading=\"lazy\" decoding=\"async\" class=\"aligncenter wp-image-2251\" src=\"https:\/\/yavaitcachezmeme.fr\/wp-content\/uploads\/2016\/12\/Art-populaire_003.jpg\" alt=\"\" width=\"820\" height=\"634\" srcset=\"https:\/\/yavaitcachezmeme.fr\/wp-content\/uploads\/2016\/12\/Art-populaire_003.jpg 709w, https:\/\/yavaitcachezmeme.fr\/wp-content\/uploads\/2016\/12\/Art-populaire_003-600x464.jpg 600w\" sizes=\"auto, (max-width: 820px) 100vw, 820px\" \/><\/p>\n<p style=\"text-align: center;\"><span style=\"font-size: 120%;\">Plaques de voitures hippomobiles<\/span><\/p>\n<p style=\"font-family: georgia; font-size: 100%;\"><img loading=\"lazy\" decoding=\"async\" class=\"aligncenter wp-image-2057\" src=\"https:\/\/yavaitcachezmeme.fr\/wp-content\/uploads\/2016\/04\/Henriette-et-Robert-SALEIN_02.jpg\" alt=\"\" width=\"820\" height=\"524\" srcset=\"https:\/\/yavaitcachezmeme.fr\/wp-content\/uploads\/2016\/04\/Henriette-et-Robert-SALEIN_02.jpg 814w, https:\/\/yavaitcachezmeme.fr\/wp-content\/uploads\/2016\/04\/Henriette-et-Robert-SALEIN_02-600x383.jpg 600w\" sizes=\"auto, (max-width: 820px) 100vw, 820px\" \/><\/p>\n<p style=\"font-size: 120%; text-align: center;\">Voir sous l&rsquo;enfant la fameuse plaque d&rsquo;immatriculation<br \/>\nPour la petite histoire la jeune femme en blanc, c&rsquo;est ma<br \/>\nm\u00e9m\u00e9 chez ses cousins de Thiberville un jour de pressage.<\/p>\n<p><img loading=\"lazy\" decoding=\"async\" class=\"aligncenter wp-image-11988\" src=\"https:\/\/yavaitcachezmeme.fr\/wp-content\/uploads\/2024\/05\/22_BERNAY_OCP_0005-600x406.jpg\" alt=\"\" width=\"820\" height=\"555\" srcset=\"https:\/\/yavaitcachezmeme.fr\/wp-content\/uploads\/2024\/05\/22_BERNAY_OCP_0005-600x406.jpg 600w, https:\/\/yavaitcachezmeme.fr\/wp-content\/uploads\/2024\/05\/22_BERNAY_OCP_0005-1024x693.jpg 1024w, https:\/\/yavaitcachezmeme.fr\/wp-content\/uploads\/2024\/05\/22_BERNAY_OCP_0005-1536x1039.jpg 1536w, https:\/\/yavaitcachezmeme.fr\/wp-content\/uploads\/2024\/05\/22_BERNAY_OCP_0005-2048x1385.jpg 2048w\" sizes=\"auto, (max-width: 820px) 100vw, 820px\" \/><\/p>\n<p style=\"font-size: 120%; text-align: center;\">Plaque de voiture hippomobile de H. DELANOE, charcutier \u00e0 Bernay<\/p>\n<p style=\"font-family: georgia; font-size: 100%;\"><img loading=\"lazy\" decoding=\"async\" class=\"aligncenter wp-image-10160\" src=\"https:\/\/yavaitcachezmeme.fr\/wp-content\/uploads\/2023\/05\/BERNAY_OCP_0003-600x379.jpg\" alt=\"\" width=\"820\" height=\"519\" srcset=\"https:\/\/yavaitcachezmeme.fr\/wp-content\/uploads\/2023\/05\/BERNAY_OCP_0003-600x379.jpg 600w, https:\/\/yavaitcachezmeme.fr\/wp-content\/uploads\/2023\/05\/BERNAY_OCP_0003-1024x648.jpg 1024w, https:\/\/yavaitcachezmeme.fr\/wp-content\/uploads\/2023\/05\/BERNAY_OCP_0003-1536x971.jpg 1536w, https:\/\/yavaitcachezmeme.fr\/wp-content\/uploads\/2023\/05\/BERNAY_OCP_0003-2048x1295.jpg 2048w\" sizes=\"auto, (max-width: 820px) 100vw, 820px\" \/><\/p>\n<p style=\"text-align: center;\"><span style=\"font-size: 120%;\">Plus rare, cette plaque de voiture \u00e0 bras pour<br \/>\nmarchande des quatre saisons (fruits et l\u00e9gumes)<br \/>\nJoseph VOTTIER &#8211; primeurs &#8211; Bernay (Eure)<\/span><\/p>\n<p style=\"text-align: center;\"><img loading=\"lazy\" decoding=\"async\" class=\"alignnone wp-image-12416\" src=\"https:\/\/yavaitcachezmeme.fr\/wp-content\/uploads\/2024\/11\/A-P-P-600x111.png\" alt=\"\" width=\"195\" height=\"36\" srcset=\"https:\/\/yavaitcachezmeme.fr\/wp-content\/uploads\/2024\/11\/A-P-P-600x111.png 600w, https:\/\/yavaitcachezmeme.fr\/wp-content\/uploads\/2024\/11\/A-P-P.png 695w\" sizes=\"auto, (max-width: 195px) 100vw, 195px\" \/><\/p>\n<p style=\"text-align: justify;\"><span style=\"font-size: 120%;\">Les th\u00e8mes de la rubrique <span style=\"color: #ff6600;\"><strong>curiosit\u00e9s<\/strong><\/span> sont \u00e0 visiter en cliquant sur les liens suivants :<\/span><\/p>\n<p style=\"text-align: justify;\"><span style=\"font-size: 120%;\"><strong><a href=\"https:\/\/yavaitcachezmeme.fr\/index.php\/curiosites\/art-populaire-interieur\/\">Art populaire domestique<\/a> &#8211; <a href=\"https:\/\/yavaitcachezmeme.fr\/index.php\/curiosites\/art-populaire-exterieur\/\">Art populaire professionnel<\/a> &#8211; <a href=\"https:\/\/yavaitcachezmeme.fr\/index.php\/curiosites\/graines-noix-noyaux\/\">Graines, noix &amp; noyaux<\/a>\u00a0 &#8211; <a href=\"https:\/\/yavaitcachezmeme.fr\/index.php\/curiosites\/art-de-tranchee\/\">Art de tranch\u00e9e et Conscription<\/a>\u00a0&#8211; <a href=\"http:\/\/yavaitcachezmeme.fr\/index.php\/curiosites\/cabinet-de-curiostes\/\">Cabinet de curiosit\u00e9s<\/a>\u00a0 &#8211; \u00a0<a href=\"http:\/\/yavaitcachezmeme.fr\/index.php\/curiosites\/d-ici-et-d-ailleurs\/\">D&rsquo;ici et d&rsquo;ailleurs<\/a>\u00a0 &#8211; <a href=\"https:\/\/yavaitcachezmeme.fr\/index.php\/curiosites\/germaine-bouret\/\">Germaine Bouret<\/a> &#8211; \u00a0<a href=\"http:\/\/yavaitcachezmeme.fr\/index.php\/curiosites\/poteries-normandes\/\">Poteries Normandes<\/a>\u00a0 &#8211; \u00a0<a href=\"http:\/\/yavaitcachezmeme.fr\/index.php\/curiosites\/vieux-papiers\/\">Vieux Papiers<\/a><\/strong><\/span><\/p>\n<div style=\"font-size: 100%; font-family: georgia; text-align: justify;\"><a href=\"https:\/\/yavaitcachezmeme.fr\/\"><img loading=\"lazy\" decoding=\"async\" class=\"aligncenter wp-image-5243\" src=\"https:\/\/yavaitcachezmeme.fr\/wp-content\/uploads\/2024\/11\/Marque-b.png\" alt=\"\" width=\"25\" height=\"43\" \/><\/a><\/div>\n<\/div>\n","protected":false},"excerpt":{"rendered":"<p>L&rsquo;Art Populaire professionnel avec les th\u00e8mes suivants : Artisanat Vestimentaire, Mar\u00e9chalerie, Mat\u00e9riaux et Objets de construction, Paysannerie, Plaques de voiture. L&rsquo; ARTISANAT VESTIMENTAIRE\u00a0par&#8230;<\/p>\n","protected":false},"author":1,"featured_media":0,"parent":97,"menu_order":15,"comment_status":"closed","ping_status":"closed","template":"","meta":{"footnotes":""},"class_list":["post-10990","page","type-page","status-publish","hentry"],"_links":{"self":[{"href":"https:\/\/yavaitcachezmeme.fr\/index.php\/wp-json\/wp\/v2\/pages\/10990","targetHints":{"allow":["GET"]}}],"collection":[{"href":"https:\/\/yavaitcachezmeme.fr\/index.php\/wp-json\/wp\/v2\/pages"}],"about":[{"href":"https:\/\/yavaitcachezmeme.fr\/index.php\/wp-json\/wp\/v2\/types\/page"}],"author":[{"embeddable":true,"href":"https:\/\/yavaitcachezmeme.fr\/index.php\/wp-json\/wp\/v2\/users\/1"}],"replies":[{"embeddable":true,"href":"https:\/\/yavaitcachezmeme.fr\/index.php\/wp-json\/wp\/v2\/comments?post=10990"}],"version-history":[{"count":44,"href":"https:\/\/yavaitcachezmeme.fr\/index.php\/wp-json\/wp\/v2\/pages\/10990\/revisions"}],"predecessor-version":[{"id":12424,"href":"https:\/\/yavaitcachezmeme.fr\/index.php\/wp-json\/wp\/v2\/pages\/10990\/revisions\/12424"}],"up":[{"embeddable":true,"href":"https:\/\/yavaitcachezmeme.fr\/index.php\/wp-json\/wp\/v2\/pages\/97"}],"wp:attachment":[{"href":"https:\/\/yavaitcachezmeme.fr\/index.php\/wp-json\/wp\/v2\/media?parent=10990"}],"curies":[{"name":"wp","href":"https:\/\/api.w.org\/{rel}","templated":true}]}}