{"id":1164,"date":"2016-02-21T05:33:02","date_gmt":"2016-02-21T04:33:02","guid":{"rendered":"http:\/\/yavaitcachezmeme.fr\/?page_id=1164"},"modified":"2026-01-22T19:26:23","modified_gmt":"2026-01-22T18:26:23","slug":"place-sainte-croix","status":"publish","type":"page","link":"https:\/\/yavaitcachezmeme.fr\/index.php\/bernay-rues-places\/place-sainte-croix\/","title":{"rendered":"Place Sainte-Croix"},"content":{"rendered":"<div style=\"font-size: 120%; font-family: georgia;\">\n<p style=\"text-align: justify;\">La <span style=\"color: #ff6600;\"><strong>place Sainte-Croix<\/strong><\/span> relie les rues Thiers, Thomas Lindet, du G\u00e9n\u00e9ral Leclerc, et Pierre Asse. C&rsquo;est l&rsquo;ancienne place du Parvis.<\/p>\n<p style=\"text-align: center;\"><span style=\"color: #ff6600;\"><strong>~o~<\/strong><\/span><\/p>\n<p><img loading=\"lazy\" decoding=\"async\" class=\"aligncenter wp-image-1245\" src=\"http:\/\/yavaitcachezmeme.fr\/wp-content\/uploads\/2016\/02\/2_BERNAY_H_0354.jpg\" alt=\"\" width=\"820\" height=\"520\" srcset=\"https:\/\/yavaitcachezmeme.fr\/wp-content\/uploads\/2016\/02\/2_BERNAY_H_0354.jpg 833w, https:\/\/yavaitcachezmeme.fr\/wp-content\/uploads\/2016\/02\/2_BERNAY_H_0354-600x380.jpg 600w\" sizes=\"auto, (max-width: 820px) 100vw, 820px\" \/><\/p>\n<p style=\"text-align: center;\">March\u00e9 aux volailles<\/p>\n<p><img loading=\"lazy\" decoding=\"async\" class=\"aligncenter wp-image-10057\" src=\"https:\/\/yavaitcachezmeme.fr\/wp-content\/uploads\/2023\/05\/BERNAY_V_0273-384x600.jpg\" alt=\"\" width=\"475\" height=\"743\" srcset=\"https:\/\/yavaitcachezmeme.fr\/wp-content\/uploads\/2023\/05\/BERNAY_V_0273-384x600.jpg 384w, https:\/\/yavaitcachezmeme.fr\/wp-content\/uploads\/2023\/05\/BERNAY_V_0273-655x1024.jpg 655w, https:\/\/yavaitcachezmeme.fr\/wp-content\/uploads\/2023\/05\/BERNAY_V_0273-982x1536.jpg 982w, https:\/\/yavaitcachezmeme.fr\/wp-content\/uploads\/2023\/05\/BERNAY_V_0273.jpg 1036w\" sizes=\"auto, (max-width: 475px) 100vw, 475px\" \/><\/p>\n<p style=\"text-align: center;\">Blanchisserie du Bon G\u00e9nie<\/p>\n<p><a href=\"https:\/\/www.google.com\/maps\/@49.0915887,0.5981141,3a,90y,337.28h,98.31t\/data=!3m6!1e1!3m4!1sh7CVvFTlbqN6ClHauBL_lA!2e0!7i16384!8i8192\" target=\"_blank\" rel=\"noopener\"><img loading=\"lazy\" decoding=\"async\" class=\"wp-image-12987 aligncenter\" src=\"https:\/\/yavaitcachezmeme.fr\/wp-content\/uploads\/2025\/05\/Point.png\" alt=\"\" width=\"21\" height=\"30\" \/><\/a><\/p>\n<p><img loading=\"lazy\" decoding=\"async\" class=\"aligncenter wp-image-1244\" src=\"http:\/\/yavaitcachezmeme.fr\/wp-content\/uploads\/2016\/02\/1_BERNAY_H_0353.jpg\" alt=\"\" width=\"820\" height=\"533\" srcset=\"https:\/\/yavaitcachezmeme.fr\/wp-content\/uploads\/2016\/02\/1_BERNAY_H_0353.jpg 817w, https:\/\/yavaitcachezmeme.fr\/wp-content\/uploads\/2016\/02\/1_BERNAY_H_0353-600x390.jpg 600w\" sizes=\"auto, (max-width: 820px) 100vw, 820px\" \/><\/p>\n<p style=\"text-align: center;\">Les attelages attendent<\/p>\n<p><img loading=\"lazy\" decoding=\"async\" class=\"aligncenter wp-image-1246\" src=\"http:\/\/yavaitcachezmeme.fr\/wp-content\/uploads\/2016\/02\/3_BERNAY_H_0344.jpg\" alt=\"\" width=\"820\" height=\"530\" srcset=\"https:\/\/yavaitcachezmeme.fr\/wp-content\/uploads\/2016\/02\/3_BERNAY_H_0344.jpg 814w, https:\/\/yavaitcachezmeme.fr\/wp-content\/uploads\/2016\/02\/3_BERNAY_H_0344-600x388.jpg 600w\" sizes=\"auto, (max-width: 820px) 100vw, 820px\" \/><\/p>\n<p style=\"text-align: center;\">Un march\u00e9 fr\u00e9quent\u00e9 autant par les femmes que les hommes<\/p>\n<p><img loading=\"lazy\" decoding=\"async\" class=\"aligncenter wp-image-1247\" src=\"http:\/\/yavaitcachezmeme.fr\/wp-content\/uploads\/2016\/02\/4_BERNAY_H_0345.jpg\" alt=\"\" width=\"820\" height=\"534\" srcset=\"https:\/\/yavaitcachezmeme.fr\/wp-content\/uploads\/2016\/02\/4_BERNAY_H_0345.jpg 811w, https:\/\/yavaitcachezmeme.fr\/wp-content\/uploads\/2016\/02\/4_BERNAY_H_0345-600x391.jpg 600w\" sizes=\"auto, (max-width: 820px) 100vw, 820px\" \/><\/p>\n<p style=\"text-align: center;\">March\u00e9 aux \u0153ufs<\/p>\n<p><img loading=\"lazy\" decoding=\"async\" class=\"aligncenter wp-image-1248\" src=\"http:\/\/yavaitcachezmeme.fr\/wp-content\/uploads\/2016\/02\/5_BERNAY_H_0351.jpg\" alt=\"\" width=\"820\" height=\"534\" srcset=\"https:\/\/yavaitcachezmeme.fr\/wp-content\/uploads\/2016\/02\/5_BERNAY_H_0351.jpg 812w, https:\/\/yavaitcachezmeme.fr\/wp-content\/uploads\/2016\/02\/5_BERNAY_H_0351-600x391.jpg 600w\" sizes=\"auto, (max-width: 820px) 100vw, 820px\" \/><\/p>\n<p style=\"text-align: center;\">\u00c7a papote<\/p>\n<p><img loading=\"lazy\" decoding=\"async\" class=\"aligncenter wp-image-1249\" src=\"http:\/\/yavaitcachezmeme.fr\/wp-content\/uploads\/2016\/02\/6_BERNAY_H_0347.jpg\" alt=\"\" width=\"820\" height=\"527\" srcset=\"https:\/\/yavaitcachezmeme.fr\/wp-content\/uploads\/2016\/02\/6_BERNAY_H_0347.jpg 817w, https:\/\/yavaitcachezmeme.fr\/wp-content\/uploads\/2016\/02\/6_BERNAY_H_0347-600x386.jpg 600w\" sizes=\"auto, (max-width: 820px) 100vw, 820px\" \/><\/p>\n<p style=\"text-align: center;\">Les arbres seront remplac\u00e9s par une halle de type \u00ab\u00a0Eiffel\u00a0\u00bb<\/p>\n<p><img loading=\"lazy\" decoding=\"async\" class=\"aligncenter wp-image-1250\" src=\"http:\/\/yavaitcachezmeme.fr\/wp-content\/uploads\/2016\/02\/7_BERNAY_H_0875.jpg\" alt=\"\" width=\"820\" height=\"515\" srcset=\"https:\/\/yavaitcachezmeme.fr\/wp-content\/uploads\/2016\/02\/7_BERNAY_H_0875.jpg 818w, https:\/\/yavaitcachezmeme.fr\/wp-content\/uploads\/2016\/02\/7_BERNAY_H_0875-600x377.jpg 600w, https:\/\/yavaitcachezmeme.fr\/wp-content\/uploads\/2016\/02\/7_BERNAY_H_0875-542x340.jpg 542w\" sizes=\"auto, (max-width: 820px) 100vw, 820px\" \/><\/p>\n<p style=\"text-align: center;\">Les belles tenues sont de sortie<\/p>\n<p><img loading=\"lazy\" decoding=\"async\" class=\"aligncenter wp-image-1251\" src=\"http:\/\/yavaitcachezmeme.fr\/wp-content\/uploads\/2016\/02\/8_BERNAY_H_0349.jpg\" alt=\"\" width=\"820\" height=\"540\" srcset=\"https:\/\/yavaitcachezmeme.fr\/wp-content\/uploads\/2016\/02\/8_BERNAY_H_0349.jpg 814w, https:\/\/yavaitcachezmeme.fr\/wp-content\/uploads\/2016\/02\/8_BERNAY_H_0349-600x395.jpg 600w\" sizes=\"auto, (max-width: 820px) 100vw, 820px\" \/><\/p>\n<p style=\"text-align: center;\">Un bel attelage et son cocher en grande tenue<\/p>\n<p><img loading=\"lazy\" decoding=\"async\" class=\"aligncenter wp-image-1252\" src=\"http:\/\/yavaitcachezmeme.fr\/wp-content\/uploads\/2016\/02\/9_BERNAY_V_0189.jpg\" alt=\"\" width=\"475\" height=\"750\" srcset=\"https:\/\/yavaitcachezmeme.fr\/wp-content\/uploads\/2016\/02\/9_BERNAY_V_0189.jpg 525w, https:\/\/yavaitcachezmeme.fr\/wp-content\/uploads\/2016\/02\/9_BERNAY_V_0189-380x600.jpg 380w\" sizes=\"auto, (max-width: 475px) 100vw, 475px\" \/><\/p>\n<p style=\"text-align: center;\">Vue sur l&rsquo;\u00e9glise Saint-Croix<\/p>\n<p><img loading=\"lazy\" decoding=\"async\" class=\"aligncenter wp-image-1253\" src=\"http:\/\/yavaitcachezmeme.fr\/wp-content\/uploads\/2016\/02\/10_BERNAY_H_0348.jpg\" alt=\"\" width=\"820\" height=\"519\" srcset=\"https:\/\/yavaitcachezmeme.fr\/wp-content\/uploads\/2016\/02\/10_BERNAY_H_0348.jpg 827w, https:\/\/yavaitcachezmeme.fr\/wp-content\/uploads\/2016\/02\/10_BERNAY_H_0348-600x379.jpg 600w\" sizes=\"auto, (max-width: 820px) 100vw, 820px\" \/><\/p>\n<p style=\"text-align: center;\">Du foin pour prot\u00e9ger les \u0153ufs<\/p>\n<p><img loading=\"lazy\" decoding=\"async\" class=\"aligncenter wp-image-1254\" src=\"http:\/\/yavaitcachezmeme.fr\/wp-content\/uploads\/2016\/02\/11_BERNAY_V_0084.jpg\" alt=\"\" width=\"475\" height=\"733\" srcset=\"https:\/\/yavaitcachezmeme.fr\/wp-content\/uploads\/2016\/02\/11_BERNAY_V_0084.jpg 533w, https:\/\/yavaitcachezmeme.fr\/wp-content\/uploads\/2016\/02\/11_BERNAY_V_0084-389x600.jpg 389w\" sizes=\"auto, (max-width: 475px) 100vw, 475px\" \/><\/p>\n<p style=\"text-align: center;\">La place avant la construction de la halle<\/p>\n<p><img loading=\"lazy\" decoding=\"async\" class=\"aligncenter wp-image-10261\" src=\"https:\/\/yavaitcachezmeme.fr\/wp-content\/uploads\/2023\/07\/BERNAY_H_1155-scaled-600x392.jpg\" alt=\"\" width=\"820\" height=\"535\" srcset=\"https:\/\/yavaitcachezmeme.fr\/wp-content\/uploads\/2023\/07\/BERNAY_H_1155-scaled-600x392.jpg 600w, https:\/\/yavaitcachezmeme.fr\/wp-content\/uploads\/2023\/07\/BERNAY_H_1155-scaled-1024x668.jpg 1024w, https:\/\/yavaitcachezmeme.fr\/wp-content\/uploads\/2023\/07\/BERNAY_H_1155-scaled-1536x1003.jpg 1536w, https:\/\/yavaitcachezmeme.fr\/wp-content\/uploads\/2023\/07\/BERNAY_H_1155-scaled-2048x1337.jpg 2048w\" sizes=\"auto, (max-width: 820px) 100vw, 820px\" \/><\/p>\n<p style=\"text-align: center;\">Vue sur la rue du G\u00e9n\u00e9ral Leclerc<\/p>\n<p><img loading=\"lazy\" decoding=\"async\" class=\"aligncenter wp-image-3167\" src=\"http:\/\/yavaitcachezmeme.fr\/wp-content\/uploads\/2017\/11\/1930_BERNAY_.jpg\" alt=\"\" width=\"820\" height=\"693\" srcset=\"https:\/\/yavaitcachezmeme.fr\/wp-content\/uploads\/2017\/11\/1930_BERNAY_.jpg 708w, https:\/\/yavaitcachezmeme.fr\/wp-content\/uploads\/2017\/11\/1930_BERNAY_-600x507.jpg 600w\" sizes=\"auto, (max-width: 820px) 100vw, 820px\" \/><\/p>\n<p style=\"text-align: center;\">Extrait d&rsquo;une plaque st\u00e9r\u00e9oscopique dat\u00e9e de 1930 o\u00f9 l&rsquo;on aper\u00e7oit un pilier de la halle<\/p>\n<p><img loading=\"lazy\" decoding=\"async\" class=\"aligncenter wp-image-2517\" src=\"http:\/\/yavaitcachezmeme.fr\/wp-content\/uploads\/2017\/07\/BERNAY_H_0974.jpg\" alt=\"\" width=\"820\" height=\"513\" srcset=\"https:\/\/yavaitcachezmeme.fr\/wp-content\/uploads\/2017\/07\/BERNAY_H_0974.jpg 812w, https:\/\/yavaitcachezmeme.fr\/wp-content\/uploads\/2017\/07\/BERNAY_H_0974-600x375.jpg 600w, https:\/\/yavaitcachezmeme.fr\/wp-content\/uploads\/2017\/07\/BERNAY_H_0974-542x340.jpg 542w\" sizes=\"auto, (max-width: 820px) 100vw, 820px\" \/><\/p>\n<p style=\"text-align: center;\">Ao\u00fbt 1935, la halle est aujourd&rsquo;hui d\u00e9truite<\/p>\n<p><img loading=\"lazy\" decoding=\"async\" class=\"aligncenter wp-image-13338\" src=\"https:\/\/yavaitcachezmeme.fr\/wp-content\/uploads\/2026\/01\/BERNAY_P-H_0135-600x413.jpg\" alt=\"\" width=\"820\" height=\"565\" srcset=\"https:\/\/yavaitcachezmeme.fr\/wp-content\/uploads\/2026\/01\/BERNAY_P-H_0135-600x413.jpg 600w, https:\/\/yavaitcachezmeme.fr\/wp-content\/uploads\/2026\/01\/BERNAY_P-H_0135-1024x705.jpg 1024w, https:\/\/yavaitcachezmeme.fr\/wp-content\/uploads\/2026\/01\/BERNAY_P-H_0135-1536x1058.jpg 1536w, https:\/\/yavaitcachezmeme.fr\/wp-content\/uploads\/2026\/01\/BERNAY_P-H_0135.jpg 1936w\" sizes=\"auto, (max-width: 820px) 100vw, 820px\" \/><\/p>\n<p style=\"text-align: center;\">F\u00eate Sainte Anne le 28 juillet 1945<\/p>\n<p><a href=\"https:\/\/www.google.fr\/maps\/@49.0916399,0.598628,3a,64y,87.51h,92.71t\/data=!3m7!1e1!3m5!1s45SERYym5VCFlTdrzppZGQ!2e0!6shttps:%2F%2Fstreetviewpixels-pa.googleapis.com%2Fv1%2Fthumbnail%3Fcb_client%3Dmaps_sv.tactile%26w%3D900%26h%3D600%26pitch%3D-2.711974038390551%26panoid%3D45SERYym5VCFlTdrzppZGQ%26yaw%3D87.50700674900074!7i16384!8i8192?entry=ttu&amp;g_ep=EgoyMDI2MDEyMC4wIKXMDSoASAFQAw%3D%3D\" target=\"_blank\" rel=\"noopener\"><img loading=\"lazy\" decoding=\"async\" class=\"aligncenter wp-image-12987\" src=\"https:\/\/yavaitcachezmeme.fr\/wp-content\/uploads\/2025\/05\/Point.png\" alt=\"\" width=\"21\" height=\"30\" \/><\/a><\/p>\n<p><img loading=\"lazy\" decoding=\"async\" class=\"aligncenter wp-image-3660\" src=\"http:\/\/yavaitcachezmeme.fr\/wp-content\/uploads\/2018\/04\/Bernay-montage-St-croix.jpg\" alt=\"\" width=\"950\" height=\"305\" srcset=\"https:\/\/yavaitcachezmeme.fr\/wp-content\/uploads\/2018\/04\/Bernay-montage-St-croix.jpg 2048w, https:\/\/yavaitcachezmeme.fr\/wp-content\/uploads\/2018\/04\/Bernay-montage-St-croix-600x193.jpg 600w, https:\/\/yavaitcachezmeme.fr\/wp-content\/uploads\/2018\/04\/Bernay-montage-St-croix-1024x329.jpg 1024w, https:\/\/yavaitcachezmeme.fr\/wp-content\/uploads\/2018\/04\/Bernay-montage-St-croix-1536x494.jpg 1536w\" sizes=\"auto, (max-width: 950px) 100vw, 950px\" \/><\/p>\n<p style=\"text-align: center;\">Cent ans entre ces deux vues depuis le premier \u00e9tage de la pharmacie<\/p>\n<p style=\"text-align: center;\"><span style=\"color: #ff6600;\"><strong>~o~<\/strong><\/span><\/p>\n<p style=\"text-align: justify;\"><span style=\"color: #ff6600;\"><strong>Les chauss\u00e9es de Bernay <\/strong><\/span>\u00e0 visiter en cliquant sur les liens suivants :<\/p>\n<p style=\"text-align: justify;\">Les avenues et boulevards : <strong><a href=\"https:\/\/yavaitcachezmeme.fr\/index.php\/bernay-rues-places\/avenue-lottin-de-laval\/\">Avenue Lottin de Laval<\/a> &#8211; <a href=\"https:\/\/yavaitcachezmeme.fr\/index.php\/bernay-rues-places\/boulevard-du-bas-bouffey\/\">Boulevard du Bas-Bouffey<\/a> &#8211; <a href=\"http:\/\/yavaitcachezmeme.fr\/index.php\/bernay-rues-places\/boulevard-dubus\/\">Boulevard Dubus<\/a>\u00a0 &#8211;\u00a0 <a href=\"http:\/\/yavaitcachezmeme.fr\/index.php\/bernay-rues-places\/boulevard-des-monts\/\">Boulevard des Monts<\/a><\/strong><\/p>\n<p style=\"text-align: justify;\">Les places : <strong><a href=\"http:\/\/yavaitcachezmeme.fr\/index.php\/bernay-rues-places\/place-dupont-de-leure\/\">Place Dupont de l&rsquo;Eure<\/a>\u00a0 &#8211; \u00a0<a href=\"http:\/\/yavaitcachezmeme.fr\/index.php\/bernay-rues-places\/place-guillaume-de-volpiano\/\">Place Guillaume de Volpiano<\/a>\u00a0 &#8211; \u00a0<a href=\"http:\/\/yavaitcachezmeme.fr\/index.php\/bernay-rues-places\/place-gustave-heon\/\">Place Gustave H\u00e9on<\/a>\u00a0 &#8211; \u00a0<a href=\"http:\/\/yavaitcachezmeme.fr\/index.php\/bernay-rues-places\/place-de-la-republique\/\">Place de La R\u00e9publique<\/a>\u00a0 &#8211; \u00a0<a href=\"http:\/\/yavaitcachezmeme.fr\/index.php\/bernay-rues-places\/place-sainte-croix\/\">Place Sainte-Croix<\/a>\u00a0 &#8211; \u00a0<a href=\"http:\/\/yavaitcachezmeme.fr\/index.php\/bernay-rues-places\/place-de-verdun\/\">Place de Verdun<\/a><\/strong><\/p>\n<p style=\"text-align: justify;\">Les rues : <strong><a href=\"https:\/\/yavaitcachezmeme.fr\/index.php\/bernay-rues-places\/rue-albert-parissot\/\">Rue Albert Parissot<\/a> &#8211;<\/strong> <strong><a href=\"http:\/\/yavaitcachezmeme.fr\/index.php\/bernay-rues-places\/3351-2\/\">Rue Alexandre<\/a>\u00a0 &#8211; \u00a0<a href=\"http:\/\/yavaitcachezmeme.fr\/index.php\/bernay-rues-places\/rue-auguste-le-prevost\/\">Rue Auguste Le Pr\u00e9vost<\/a>\u00a0 &#8211; \u00a0<a href=\"http:\/\/yavaitcachezmeme.fr\/index.php\/bernay-rues-places\/rue-bernard-gombert\/\">Rue Bernard Gombert<\/a>\u00a0 &#8211; \u00a0<a href=\"http:\/\/yavaitcachezmeme.fr\/index.php\/bernay-rues-places\/rue-de-la-charentonne\/\">Rue de La Charentonne<\/a>\u00a0 &#8211; \u00a0<a href=\"http:\/\/yavaitcachezmeme.fr\/index.php\/bernay-rues-places\/rue-gabriel-vallee\/\">Rue Gabriel Vall\u00e9e<\/a>\u00a0 &#8211; \u00a0<a href=\"http:\/\/yavaitcachezmeme.fr\/index.php\/bernay-rues-places\/rue-g-folloppe\/\">Rue Gaston Folloppe<\/a>\u00a0 &#8211; \u00a0<a href=\"http:\/\/yavaitcachezmeme.fr\/index.php\/bernay-rues-places\/rue-g-de-gaulle\/\">Rue du G\u00e9n\u00e9ral de Gaulle<\/a>\u00a0 &#8211; \u00a0<a href=\"http:\/\/yavaitcachezmeme.fr\/index.php\/bernay-rues-places\/rue-du-general-leclerc\/\">Rue du G\u00e9n\u00e9ral Leclerc<\/a>\u00a0 &#8211; \u00a0<a href=\"http:\/\/yavaitcachezmeme.fr\/index.php\/bernay-rues-places\/rue-jacques-daviel\/\">Rue Jacques Daviel<\/a>\u00a0 &#8211; \u00a0<a href=\"http:\/\/yavaitcachezmeme.fr\/index.php\/bernay-rues-places\/rue-de-lisieux\/\">Rue de Lisieux<\/a>\u00a0 &#8211; \u00a0<a href=\"http:\/\/yavaitcachezmeme.fr\/index.php\/bernay-rues-places\/rue-maurice-lemoing\/\">Rue Maurice Lemoing<\/a>\u00a0 &#8211; \u00a0<a href=\"http:\/\/yavaitcachezmeme.fr\/index.php\/bernay-rues-places\/rue-michel-hubert-descours\/\">Rue Michel-Hubert Descours<\/a>\u00a0 &#8211; \u00a0<a href=\"http:\/\/yavaitcachezmeme.fr\/index.php\/bernay-rues-places\/rue-militaire\/\">Rue Militaire<\/a>\u00a0 &#8211; \u00a0<a href=\"http:\/\/yavaitcachezmeme.fr\/index.php\/bernay-rues-places\/rue-de-morsan\/\">Rue de Morsan<\/a>\u00a0 &#8211; \u00a0<a href=\"http:\/\/yavaitcachezmeme.fr\/index.php\/bernay-rues-places\/rue-de-rouen\/\">Rue de Rouen<\/a>\u00a0 &#8211; \u00a0<a href=\"http:\/\/yavaitcachezmeme.fr\/index.php\/bernay-rues-places\/rue-des-sources\/\">Rue des Sources<\/a>\u00a0 &#8211; <a href=\"https:\/\/yavaitcachezmeme.fr\/index.php\/bernay-rues-places\/rue-de-la-sous-prefecture\/\">Rue de la Sous-Pr\u00e9fecture<\/a> &#8211; <a href=\"http:\/\/yavaitcachezmeme.fr\/index.php\/bernay-rues-places\/rue-thiers\/\">Rue Thiers<\/a>\u00a0 &#8211; \u00a0<a href=\"http:\/\/yavaitcachezmeme.fr\/index.php\/bernay-rues-places\/rue-de-lunion\/\">Rue de l&rsquo;Union<\/a>\u00a0 &#8211; \u00a0<a href=\"http:\/\/yavaitcachezmeme.fr\/index.php\/bernay-rues-places\/victoire-rue-de-la\/\">Rue de La Victoire<\/a><\/strong><\/p>\n<div style=\"font-size: 100%; font-family: georgia; text-align: justify;\"><a href=\"https:\/\/yavaitcachezmeme.fr\/\"><img loading=\"lazy\" decoding=\"async\" class=\"aligncenter wp-image-5243\" src=\"https:\/\/yavaitcachezmeme.fr\/wp-content\/uploads\/2024\/11\/Marque-b.png\" alt=\"\" width=\"25\" height=\"43\" \/><\/a><\/div>\n<\/div>\n","protected":false},"excerpt":{"rendered":"<p>La place Sainte-Croix relie les rues Thiers, Thomas Lindet, du G\u00e9n\u00e9ral Leclerc, et Pierre Asse. C&rsquo;est l&rsquo;ancienne place du Parvis. ~o~ March\u00e9 aux&#8230;<\/p>\n","protected":false},"author":1,"featured_media":0,"parent":1068,"menu_order":115,"comment_status":"closed","ping_status":"closed","template":"","meta":{"footnotes":""},"class_list":["post-1164","page","type-page","status-publish","hentry"],"_links":{"self":[{"href":"https:\/\/yavaitcachezmeme.fr\/index.php\/wp-json\/wp\/v2\/pages\/1164","targetHints":{"allow":["GET"]}}],"collection":[{"href":"https:\/\/yavaitcachezmeme.fr\/index.php\/wp-json\/wp\/v2\/pages"}],"about":[{"href":"https:\/\/yavaitcachezmeme.fr\/index.php\/wp-json\/wp\/v2\/types\/page"}],"author":[{"embeddable":true,"href":"https:\/\/yavaitcachezmeme.fr\/index.php\/wp-json\/wp\/v2\/users\/1"}],"replies":[{"embeddable":true,"href":"https:\/\/yavaitcachezmeme.fr\/index.php\/wp-json\/wp\/v2\/comments?post=1164"}],"version-history":[{"count":47,"href":"https:\/\/yavaitcachezmeme.fr\/index.php\/wp-json\/wp\/v2\/pages\/1164\/revisions"}],"predecessor-version":[{"id":13352,"href":"https:\/\/yavaitcachezmeme.fr\/index.php\/wp-json\/wp\/v2\/pages\/1164\/revisions\/13352"}],"up":[{"embeddable":true,"href":"https:\/\/yavaitcachezmeme.fr\/index.php\/wp-json\/wp\/v2\/pages\/1068"}],"wp:attachment":[{"href":"https:\/\/yavaitcachezmeme.fr\/index.php\/wp-json\/wp\/v2\/media?parent=1164"}],"curies":[{"name":"wp","href":"https:\/\/api.w.org\/{rel}","templated":true}]}}