{"id":1171,"date":"2016-02-21T05:36:26","date_gmt":"2016-02-21T04:36:26","guid":{"rendered":"http:\/\/yavaitcachezmeme.fr\/?page_id=1171"},"modified":"2025-04-17T04:37:57","modified_gmt":"2025-04-17T03:37:57","slug":"place-de-la-republique","status":"publish","type":"page","link":"https:\/\/yavaitcachezmeme.fr\/index.php\/bernay-rues-places\/place-de-la-republique\/","title":{"rendered":"Place de la R\u00e9publique"},"content":{"rendered":"<div style=\"font-size: 120%; font-family: georgia;\">\n<p style=\"text-align: justify;\">La <span style=\"color: #ff6600;\"><strong>place de la R\u00e9publique<\/strong><\/span> relie les rues Gambetta, de l\u2019Abbatiale et de la Charentonne. C&rsquo;est l&rsquo;ancienne place de l&rsquo;Abbatiale. Les vieux Bernayens l&rsquo;appellent aussi place du March\u00e9 aux Hommes.<br \/>\nLa halle aux poissons a \u00e9t\u00e9 d\u00e9truite pour \u00eatre remplac\u00e9e par le commissariat de Police Municipale.<\/p>\n<p style=\"text-align: center;\"><span style=\"color: #ff6600;\"><strong>~o~<\/strong><\/span><\/p>\n<p><img loading=\"lazy\" decoding=\"async\" class=\"aligncenter wp-image-1213 size-full\" src=\"https:\/\/yavaitcachezmeme.fr\/wp-content\/uploads\/2016\/02\/1_BERNAY_H_0727.jpg\" alt=\"\" width=\"820\" height=\"527\" srcset=\"https:\/\/yavaitcachezmeme.fr\/wp-content\/uploads\/2016\/02\/1_BERNAY_H_0727.jpg 820w, https:\/\/yavaitcachezmeme.fr\/wp-content\/uploads\/2016\/02\/1_BERNAY_H_0727-600x386.jpg 600w\" sizes=\"auto, (max-width: 820px) 100vw, 820px\" \/><\/p>\n<p style=\"text-align: center;\">Vue sur la rue Gambetta<\/p>\n<p><img loading=\"lazy\" decoding=\"async\" class=\"aligncenter wp-image-1214\" src=\"http:\/\/yavaitcachezmeme.fr\/wp-content\/uploads\/2016\/02\/2_BERNAY_H_0549.jpg\" alt=\"\" width=\"820\" height=\"521\" srcset=\"https:\/\/yavaitcachezmeme.fr\/wp-content\/uploads\/2016\/02\/2_BERNAY_H_0549.jpg 821w, https:\/\/yavaitcachezmeme.fr\/wp-content\/uploads\/2016\/02\/2_BERNAY_H_0549-600x381.jpg 600w\" sizes=\"auto, (max-width: 820px) 100vw, 820px\" \/><\/p>\n<p style=\"text-align: center;\">Le caf\u00e9 de Rouen, c&rsquo;est aujourd&rsquo;hui un menuisier et une agence de travail int\u00e9rimaire<\/p>\n<p style=\"text-align: center;\"><img loading=\"lazy\" decoding=\"async\" class=\"aligncenter wp-image-1215\" src=\"http:\/\/yavaitcachezmeme.fr\/wp-content\/uploads\/2016\/02\/3_BERNAY_H_0560.jpg\" alt=\"\" width=\"820\" height=\"523\" srcset=\"https:\/\/yavaitcachezmeme.fr\/wp-content\/uploads\/2016\/02\/3_BERNAY_H_0560.jpg 817w, https:\/\/yavaitcachezmeme.fr\/wp-content\/uploads\/2016\/02\/3_BERNAY_H_0560-600x383.jpg 600w\" sizes=\"auto, (max-width: 820px) 100vw, 820px\" \/><\/p>\n<p style=\"text-align: center;\">A droite, la rue de La Charentonne<\/p>\n<p><img loading=\"lazy\" decoding=\"async\" class=\"aligncenter wp-image-4864\" src=\"https:\/\/yavaitcachezmeme.fr\/wp-content\/uploads\/2020\/04\/BERNAY_PCP_0303.jpg\" alt=\"\" width=\"820\" height=\"429\" srcset=\"https:\/\/yavaitcachezmeme.fr\/wp-content\/uploads\/2020\/04\/BERNAY_PCP_0303.jpg 1181w, https:\/\/yavaitcachezmeme.fr\/wp-content\/uploads\/2020\/04\/BERNAY_PCP_0303-600x314.jpg 600w, https:\/\/yavaitcachezmeme.fr\/wp-content\/uploads\/2020\/04\/BERNAY_PCP_0303-1024x536.jpg 1024w\" sizes=\"auto, (max-width: 820px) 100vw, 820px\" \/><\/p>\n<p style=\"text-align: center;\">Extrait d&rsquo;une facture de la Maison L. Guilbert<br \/>\nVoir \u00e0 droite sur la carte ci-dessus ou ci-dessous.<\/p>\n<p><img loading=\"lazy\" decoding=\"async\" class=\"aligncenter wp-image-1216\" src=\"http:\/\/yavaitcachezmeme.fr\/wp-content\/uploads\/2016\/02\/4_BERNAY_H_0556.jpg\" alt=\"\" width=\"820\" height=\"534\" srcset=\"https:\/\/yavaitcachezmeme.fr\/wp-content\/uploads\/2016\/02\/4_BERNAY_H_0556.jpg 803w, https:\/\/yavaitcachezmeme.fr\/wp-content\/uploads\/2016\/02\/4_BERNAY_H_0556-600x391.jpg 600w\" sizes=\"auto, (max-width: 820px) 100vw, 820px\" \/><\/p>\n<p style=\"text-align: center;\">Le march\u00e9 aux hommes<\/p>\n<p><img loading=\"lazy\" decoding=\"async\" class=\"aligncenter wp-image-4867\" src=\"https:\/\/yavaitcachezmeme.fr\/wp-content\/uploads\/2020\/04\/BERNAY_V_0204.jpg\" alt=\"\" width=\"475\" height=\"745\" srcset=\"https:\/\/yavaitcachezmeme.fr\/wp-content\/uploads\/2020\/04\/BERNAY_V_0204.jpg 527w, https:\/\/yavaitcachezmeme.fr\/wp-content\/uploads\/2020\/04\/BERNAY_V_0204-382x600.jpg 382w\" sizes=\"auto, (max-width: 475px) 100vw, 475px\" \/><\/p>\n<p style=\"text-align: center;\">Entrep\u00f4t L. Guilbert place de la R\u00e9publique<\/p>\n<p><img loading=\"lazy\" decoding=\"async\" class=\"aligncenter wp-image-1217\" src=\"http:\/\/yavaitcachezmeme.fr\/wp-content\/uploads\/2016\/02\/5_BERNAY_H_0553.jpg\" alt=\"\" width=\"820\" height=\"525\" srcset=\"https:\/\/yavaitcachezmeme.fr\/wp-content\/uploads\/2016\/02\/5_BERNAY_H_0553.jpg 830w, https:\/\/yavaitcachezmeme.fr\/wp-content\/uploads\/2016\/02\/5_BERNAY_H_0553-600x384.jpg 600w\" sizes=\"auto, (max-width: 820px) 100vw, 820px\" \/><\/p>\n<p style=\"text-align: center;\">Vue depuis la rue de la Charentonne &#8211; A droite, la rue de l&rsquo;abbatiale<\/p>\n<p><img loading=\"lazy\" decoding=\"async\" class=\"aligncenter wp-image-1218\" src=\"http:\/\/yavaitcachezmeme.fr\/wp-content\/uploads\/2016\/02\/6_BERNAY_H_0554.jpg\" alt=\"\" width=\"820\" height=\"527\" srcset=\"https:\/\/yavaitcachezmeme.fr\/wp-content\/uploads\/2016\/02\/6_BERNAY_H_0554.jpg 807w, https:\/\/yavaitcachezmeme.fr\/wp-content\/uploads\/2016\/02\/6_BERNAY_H_0554-600x386.jpg 600w\" sizes=\"auto, (max-width: 820px) 100vw, 820px\" \/><\/p>\n<p style=\"text-align: center;\">Travaux en cours \u00e0 l&rsquo;abbaye<\/p>\n<p><img loading=\"lazy\" decoding=\"async\" class=\"aligncenter wp-image-1219\" src=\"http:\/\/yavaitcachezmeme.fr\/wp-content\/uploads\/2016\/02\/7_BERNAY_H_0551.jpg\" alt=\"\" width=\"820\" height=\"529\" srcset=\"https:\/\/yavaitcachezmeme.fr\/wp-content\/uploads\/2016\/02\/7_BERNAY_H_0551.jpg 819w, https:\/\/yavaitcachezmeme.fr\/wp-content\/uploads\/2016\/02\/7_BERNAY_H_0551-600x387.jpg 600w\" sizes=\"auto, (max-width: 820px) 100vw, 820px\" \/><\/p>\n<p style=\"text-align: center;\">Exposition de machines agricoles au march\u00e9 aux hommes<\/p>\n<p><img loading=\"lazy\" decoding=\"async\" class=\"aligncenter wp-image-2205\" src=\"http:\/\/yavaitcachezmeme.fr\/wp-content\/uploads\/2016\/12\/BERNAY_H_0944.jpg\" alt=\"\" width=\"820\" height=\"522\" srcset=\"https:\/\/yavaitcachezmeme.fr\/wp-content\/uploads\/2016\/12\/BERNAY_H_0944.jpg 814w, https:\/\/yavaitcachezmeme.fr\/wp-content\/uploads\/2016\/12\/BERNAY_H_0944-600x382.jpg 600w\" sizes=\"auto, (max-width: 820px) 100vw, 820px\" \/><\/p>\n<p style=\"text-align: center;\">Pressurage des pommes \u00e0 l&rsquo;entr\u00e9e de la rue de La Charentonne<\/p>\n<p><img loading=\"lazy\" decoding=\"async\" class=\"aligncenter wp-image-2467\" src=\"http:\/\/yavaitcachezmeme.fr\/wp-content\/uploads\/2017\/03\/BERNAY_H_0955.jpg\" alt=\"\" width=\"820\" height=\"519\" srcset=\"https:\/\/yavaitcachezmeme.fr\/wp-content\/uploads\/2017\/03\/BERNAY_H_0955.jpg 816w, https:\/\/yavaitcachezmeme.fr\/wp-content\/uploads\/2017\/03\/BERNAY_H_0955-600x379.jpg 600w\" sizes=\"auto, (max-width: 820px) 100vw, 820px\" \/><\/p>\n<p style=\"text-align: center;\">D\u00e9monstration de gymnastique devant le Mus\u00e9e<\/p>\n<p><img loading=\"lazy\" decoding=\"async\" class=\"aligncenter wp-image-10451\" src=\"https:\/\/yavaitcachezmeme.fr\/wp-content\/uploads\/2023\/08\/BERNAY_H_1156-600x381.jpg\" alt=\"\" width=\"820\" height=\"521\" srcset=\"https:\/\/yavaitcachezmeme.fr\/wp-content\/uploads\/2023\/08\/BERNAY_H_1156-600x381.jpg 600w, https:\/\/yavaitcachezmeme.fr\/wp-content\/uploads\/2023\/08\/BERNAY_H_1156-1024x650.jpg 1024w, https:\/\/yavaitcachezmeme.fr\/wp-content\/uploads\/2023\/08\/BERNAY_H_1156-1536x975.jpg 1536w, https:\/\/yavaitcachezmeme.fr\/wp-content\/uploads\/2023\/08\/BERNAY_H_1156.jpg 1600w\" sizes=\"auto, (max-width: 820px) 100vw, 820px\" \/><\/p>\n<p style=\"text-align: center;\">Soldats du 24\u00e8me sur place devant le logis abbatial<\/p>\n<p><img loading=\"lazy\" decoding=\"async\" class=\"aligncenter wp-image-1220\" src=\"http:\/\/yavaitcachezmeme.fr\/wp-content\/uploads\/2016\/02\/8_BERNAY_H_0562.jpg\" alt=\"\" width=\"820\" height=\"516\" srcset=\"https:\/\/yavaitcachezmeme.fr\/wp-content\/uploads\/2016\/02\/8_BERNAY_H_0562.jpg 817w, https:\/\/yavaitcachezmeme.fr\/wp-content\/uploads\/2016\/02\/8_BERNAY_H_0562-600x377.jpg 600w, https:\/\/yavaitcachezmeme.fr\/wp-content\/uploads\/2016\/02\/8_BERNAY_H_0562-542x340.jpg 542w\" sizes=\"auto, (max-width: 820px) 100vw, 820px\" \/><\/p>\n<p style=\"text-align: center;\">Construction temporaire pour la foire exposition de 1928<\/p>\n<p><img loading=\"lazy\" decoding=\"async\" class=\"aligncenter wp-image-1221\" src=\"http:\/\/yavaitcachezmeme.fr\/wp-content\/uploads\/2016\/02\/9_BERNAY_H_0555.jpg\" alt=\"\" width=\"820\" height=\"539\" srcset=\"https:\/\/yavaitcachezmeme.fr\/wp-content\/uploads\/2016\/02\/9_BERNAY_H_0555.jpg 817w, https:\/\/yavaitcachezmeme.fr\/wp-content\/uploads\/2016\/02\/9_BERNAY_H_0555-600x394.jpg 600w\" sizes=\"auto, (max-width: 820px) 100vw, 820px\" \/><\/p>\n<p style=\"text-align: center;\">Les hommes portent la blaude, le v\u00eatement traditionnel normand<\/p>\n<p><img loading=\"lazy\" decoding=\"async\" class=\"aligncenter wp-image-1222\" src=\"http:\/\/yavaitcachezmeme.fr\/wp-content\/uploads\/2016\/02\/10_BERNAY_H_0879.jpg\" alt=\"\" width=\"820\" height=\"520\" srcset=\"https:\/\/yavaitcachezmeme.fr\/wp-content\/uploads\/2016\/02\/10_BERNAY_H_0879.jpg 830w, https:\/\/yavaitcachezmeme.fr\/wp-content\/uploads\/2016\/02\/10_BERNAY_H_0879-600x380.jpg 600w\" sizes=\"auto, (max-width: 820px) 100vw, 820px\" \/><\/p>\n<p style=\"text-align: center;\">Vue sur la Rue Gambetta<\/p>\n<p><img loading=\"lazy\" decoding=\"async\" class=\"aligncenter wp-image-1224\" src=\"http:\/\/yavaitcachezmeme.fr\/wp-content\/uploads\/2016\/02\/12_BERNAY_H_0542.jpg\" alt=\"\" width=\"820\" height=\"539\" srcset=\"https:\/\/yavaitcachezmeme.fr\/wp-content\/uploads\/2016\/02\/12_BERNAY_H_0542.jpg 823w, https:\/\/yavaitcachezmeme.fr\/wp-content\/uploads\/2016\/02\/12_BERNAY_H_0542-600x394.jpg 600w\" sizes=\"auto, (max-width: 820px) 100vw, 820px\" \/><\/p>\n<p style=\"text-align: center;\">La poissonnerie a \u00e9t\u00e9 d\u00e9truite, c&rsquo;est aujourd&rsquo;hui le commissariat de police<\/p>\n<p><img loading=\"lazy\" decoding=\"async\" class=\"aligncenter wp-image-1225\" src=\"http:\/\/yavaitcachezmeme.fr\/wp-content\/uploads\/2016\/02\/13_BERNAY_H_0543.jpg\" alt=\"\" width=\"820\" height=\"519\" srcset=\"https:\/\/yavaitcachezmeme.fr\/wp-content\/uploads\/2016\/02\/13_BERNAY_H_0543.jpg 830w, https:\/\/yavaitcachezmeme.fr\/wp-content\/uploads\/2016\/02\/13_BERNAY_H_0543-600x380.jpg 600w\" sizes=\"auto, (max-width: 820px) 100vw, 820px\" \/><\/p>\n<p style=\"text-align: center;\">Les archives d\u00e9partementales conservent le concours<br \/>\narchitectural pour la construction de la poissonnerie<\/p>\n<p><img loading=\"lazy\" decoding=\"async\" class=\"aligncenter wp-image-1226\" src=\"http:\/\/yavaitcachezmeme.fr\/wp-content\/uploads\/2016\/02\/14_BERNAY_H_0547.jpg\" alt=\"\" width=\"820\" height=\"526\" srcset=\"https:\/\/yavaitcachezmeme.fr\/wp-content\/uploads\/2016\/02\/14_BERNAY_H_0547.jpg 830w, https:\/\/yavaitcachezmeme.fr\/wp-content\/uploads\/2016\/02\/14_BERNAY_H_0547-600x385.jpg 600w\" sizes=\"auto, (max-width: 820px) 100vw, 820px\" \/><\/p>\n<p style=\"text-align: center;\">Il y a foule \u00e0 la poissonnerie<\/p>\n<p><img loading=\"lazy\" decoding=\"async\" class=\"aligncenter wp-image-1227\" src=\"http:\/\/yavaitcachezmeme.fr\/wp-content\/uploads\/2016\/02\/15_BERNAY_H_0552.jpg\" alt=\"\" width=\"820\" height=\"509\" srcset=\"https:\/\/yavaitcachezmeme.fr\/wp-content\/uploads\/2016\/02\/15_BERNAY_H_0552.jpg 817w, https:\/\/yavaitcachezmeme.fr\/wp-content\/uploads\/2016\/02\/15_BERNAY_H_0552-600x372.jpg 600w\" sizes=\"auto, (max-width: 820px) 100vw, 820px\" \/><\/p>\n<p style=\"text-align: center;\">Jour de march\u00e9<\/p>\n<p><img loading=\"lazy\" decoding=\"async\" class=\"aligncenter wp-image-1228\" src=\"http:\/\/yavaitcachezmeme.fr\/wp-content\/uploads\/2016\/02\/16_BERNAY_H_0558.jpg\" alt=\"\" width=\"820\" height=\"534\" srcset=\"https:\/\/yavaitcachezmeme.fr\/wp-content\/uploads\/2016\/02\/16_BERNAY_H_0558.jpg 828w, https:\/\/yavaitcachezmeme.fr\/wp-content\/uploads\/2016\/02\/16_BERNAY_H_0558-600x391.jpg 600w\" sizes=\"auto, (max-width: 820px) 100vw, 820px\" \/><\/p>\n<p style=\"text-align: center;\">Vue depuis le premier \u00e9tage du mus\u00e9e<\/p>\n<p><img loading=\"lazy\" decoding=\"async\" class=\"aligncenter wp-image-1229\" src=\"http:\/\/yavaitcachezmeme.fr\/wp-content\/uploads\/2016\/02\/17_BERNAY_H_0561.jpg\" alt=\"\" width=\"820\" height=\"526\" srcset=\"https:\/\/yavaitcachezmeme.fr\/wp-content\/uploads\/2016\/02\/17_BERNAY_H_0561.jpg 822w, https:\/\/yavaitcachezmeme.fr\/wp-content\/uploads\/2016\/02\/17_BERNAY_H_0561-600x385.jpg 600w\" sizes=\"auto, (max-width: 820px) 100vw, 820px\" \/><\/p>\n<p style=\"text-align: center;\">Le march\u00e9 aux grains<\/p>\n<p><img loading=\"lazy\" decoding=\"async\" class=\"aligncenter wp-image-1230\" src=\"http:\/\/yavaitcachezmeme.fr\/wp-content\/uploads\/2016\/02\/18_BERNAY_H_0559.jpg\" alt=\"\" width=\"820\" height=\"538\" srcset=\"https:\/\/yavaitcachezmeme.fr\/wp-content\/uploads\/2016\/02\/18_BERNAY_H_0559.jpg 812w, https:\/\/yavaitcachezmeme.fr\/wp-content\/uploads\/2016\/02\/18_BERNAY_H_0559-600x394.jpg 600w\" sizes=\"auto, (max-width: 820px) 100vw, 820px\" \/><\/p>\n<p style=\"text-align: center;\">L&rsquo;abbatiale servira aussi de halle aux grains<\/p>\n<p style=\"text-align: center;\"><span style=\"color: #ff6600;\"><strong>~o~<\/strong><\/span><\/p>\n<p style=\"text-align: justify;\"><span style=\"color: #ff6600;\"><strong>Les chauss\u00e9es de Bernay <\/strong><\/span>\u00e0 visiter en cliquant sur les liens suivants :<\/p>\n<p style=\"text-align: justify;\">Les avenues et boulevards : <strong><a href=\"https:\/\/yavaitcachezmeme.fr\/index.php\/bernay-rues-places\/avenue-lottin-de-laval\/\">Avenue Lottin de Laval<\/a> &#8211; <a href=\"https:\/\/yavaitcachezmeme.fr\/index.php\/bernay-rues-places\/boulevard-du-bas-bouffey\/\">Boulevard du Bas-Bouffey<\/a> &#8211; <a href=\"http:\/\/yavaitcachezmeme.fr\/index.php\/bernay-rues-places\/boulevard-dubus\/\">Boulevard Dubus<\/a>\u00a0 &#8211;\u00a0 <a href=\"http:\/\/yavaitcachezmeme.fr\/index.php\/bernay-rues-places\/boulevard-des-monts\/\">Boulevard des Monts<\/a><\/strong><\/p>\n<p style=\"text-align: justify;\">Les places : <strong><a href=\"http:\/\/yavaitcachezmeme.fr\/index.php\/bernay-rues-places\/place-dupont-de-leure\/\">Place Dupont de l&rsquo;Eure<\/a>\u00a0 &#8211; \u00a0<a href=\"http:\/\/yavaitcachezmeme.fr\/index.php\/bernay-rues-places\/place-guillaume-de-volpiano\/\">Place Guillaume de Volpiano<\/a>\u00a0 &#8211; \u00a0<a href=\"http:\/\/yavaitcachezmeme.fr\/index.php\/bernay-rues-places\/place-gustave-heon\/\">Place Gustave H\u00e9on<\/a>\u00a0 &#8211; \u00a0<a href=\"http:\/\/yavaitcachezmeme.fr\/index.php\/bernay-rues-places\/place-de-la-republique\/\">Place de La R\u00e9publique<\/a>\u00a0 &#8211; \u00a0<a href=\"http:\/\/yavaitcachezmeme.fr\/index.php\/bernay-rues-places\/place-sainte-croix\/\">Place Sainte-Croix<\/a>\u00a0 &#8211; \u00a0<a href=\"http:\/\/yavaitcachezmeme.fr\/index.php\/bernay-rues-places\/place-de-verdun\/\">Place de Verdun<\/a><\/strong><\/p>\n<p style=\"text-align: justify;\">Les rues : <strong><a href=\"https:\/\/yavaitcachezmeme.fr\/index.php\/bernay-rues-places\/rue-albert-parissot\/\">Rue Albert Parissot<\/a> &#8211;<\/strong> <strong><a href=\"http:\/\/yavaitcachezmeme.fr\/index.php\/bernay-rues-places\/3351-2\/\">Rue Alexandre<\/a>\u00a0 &#8211; \u00a0<a href=\"http:\/\/yavaitcachezmeme.fr\/index.php\/bernay-rues-places\/rue-auguste-le-prevost\/\">Rue Auguste Le Pr\u00e9vost<\/a>\u00a0 &#8211; \u00a0<a href=\"http:\/\/yavaitcachezmeme.fr\/index.php\/bernay-rues-places\/rue-bernard-gombert\/\">Rue Bernard Gombert<\/a>\u00a0 &#8211; \u00a0<a href=\"http:\/\/yavaitcachezmeme.fr\/index.php\/bernay-rues-places\/rue-de-la-charentonne\/\">Rue de La Charentonne<\/a>\u00a0 &#8211; \u00a0<a href=\"http:\/\/yavaitcachezmeme.fr\/index.php\/bernay-rues-places\/rue-gabriel-vallee\/\">Rue Gabriel Vall\u00e9e<\/a>\u00a0 &#8211; \u00a0<a href=\"http:\/\/yavaitcachezmeme.fr\/index.php\/bernay-rues-places\/rue-g-folloppe\/\">Rue Gaston Folloppe<\/a>\u00a0 &#8211; \u00a0<a href=\"http:\/\/yavaitcachezmeme.fr\/index.php\/bernay-rues-places\/rue-g-de-gaulle\/\">Rue du G\u00e9n\u00e9ral de Gaulle<\/a>\u00a0 &#8211; \u00a0<a href=\"http:\/\/yavaitcachezmeme.fr\/index.php\/bernay-rues-places\/rue-du-general-leclerc\/\">Rue du G\u00e9n\u00e9ral Leclerc<\/a>\u00a0 &#8211; \u00a0<a href=\"http:\/\/yavaitcachezmeme.fr\/index.php\/bernay-rues-places\/rue-jacques-daviel\/\">Rue Jacques Daviel<\/a>\u00a0 &#8211; \u00a0<a href=\"http:\/\/yavaitcachezmeme.fr\/index.php\/bernay-rues-places\/rue-de-lisieux\/\">Rue de Lisieux<\/a>\u00a0 &#8211; \u00a0<a href=\"http:\/\/yavaitcachezmeme.fr\/index.php\/bernay-rues-places\/rue-maurice-lemoing\/\">Rue Maurice Lemoing<\/a>\u00a0 &#8211; \u00a0<a href=\"http:\/\/yavaitcachezmeme.fr\/index.php\/bernay-rues-places\/rue-michel-hubert-descours\/\">Rue Michel-Hubert Descours<\/a>\u00a0 &#8211; \u00a0<a href=\"http:\/\/yavaitcachezmeme.fr\/index.php\/bernay-rues-places\/rue-militaire\/\">Rue Militaire<\/a>\u00a0 &#8211; \u00a0<a href=\"http:\/\/yavaitcachezmeme.fr\/index.php\/bernay-rues-places\/rue-de-morsan\/\">Rue de Morsan<\/a>\u00a0 &#8211; \u00a0<a href=\"http:\/\/yavaitcachezmeme.fr\/index.php\/bernay-rues-places\/rue-de-rouen\/\">Rue de Rouen<\/a>\u00a0 &#8211; \u00a0<a href=\"http:\/\/yavaitcachezmeme.fr\/index.php\/bernay-rues-places\/rue-des-sources\/\">Rue des Sources<\/a>\u00a0 &#8211; <a href=\"https:\/\/yavaitcachezmeme.fr\/index.php\/bernay-rues-places\/rue-de-la-sous-prefecture\/\">Rue de la Sous-Pr\u00e9fecture<\/a> &#8211; <a href=\"http:\/\/yavaitcachezmeme.fr\/index.php\/bernay-rues-places\/rue-thiers\/\">Rue Thiers<\/a>\u00a0 &#8211; \u00a0<a href=\"http:\/\/yavaitcachezmeme.fr\/index.php\/bernay-rues-places\/rue-de-lunion\/\">Rue de l&rsquo;Union<\/a>\u00a0 &#8211; \u00a0<a href=\"http:\/\/yavaitcachezmeme.fr\/index.php\/bernay-rues-places\/victoire-rue-de-la\/\">Rue de La Victoire<\/a><\/strong><\/p>\n<div style=\"font-size: 100%; font-family: georgia; text-align: justify;\"><a href=\"https:\/\/yavaitcachezmeme.fr\/\"><img loading=\"lazy\" decoding=\"async\" class=\"aligncenter wp-image-5243\" src=\"https:\/\/yavaitcachezmeme.fr\/wp-content\/uploads\/2024\/11\/Marque-b.png\" alt=\"\" width=\"25\" height=\"43\" \/><\/a><\/div>\n<\/div>\n","protected":false},"excerpt":{"rendered":"<p>La place de la R\u00e9publique relie les rues Gambetta, de l\u2019Abbatiale et de la Charentonne. C&rsquo;est l&rsquo;ancienne place de l&rsquo;Abbatiale. Les vieux Bernayens&#8230;<\/p>\n","protected":false},"author":1,"featured_media":0,"parent":1068,"menu_order":114,"comment_status":"closed","ping_status":"closed","template":"","meta":{"footnotes":""},"class_list":["post-1171","page","type-page","status-publish","hentry"],"_links":{"self":[{"href":"https:\/\/yavaitcachezmeme.fr\/index.php\/wp-json\/wp\/v2\/pages\/1171","targetHints":{"allow":["GET"]}}],"collection":[{"href":"https:\/\/yavaitcachezmeme.fr\/index.php\/wp-json\/wp\/v2\/pages"}],"about":[{"href":"https:\/\/yavaitcachezmeme.fr\/index.php\/wp-json\/wp\/v2\/types\/page"}],"author":[{"embeddable":true,"href":"https:\/\/yavaitcachezmeme.fr\/index.php\/wp-json\/wp\/v2\/users\/1"}],"replies":[{"embeddable":true,"href":"https:\/\/yavaitcachezmeme.fr\/index.php\/wp-json\/wp\/v2\/comments?post=1171"}],"version-history":[{"count":42,"href":"https:\/\/yavaitcachezmeme.fr\/index.php\/wp-json\/wp\/v2\/pages\/1171\/revisions"}],"predecessor-version":[{"id":12910,"href":"https:\/\/yavaitcachezmeme.fr\/index.php\/wp-json\/wp\/v2\/pages\/1171\/revisions\/12910"}],"up":[{"embeddable":true,"href":"https:\/\/yavaitcachezmeme.fr\/index.php\/wp-json\/wp\/v2\/pages\/1068"}],"wp:attachment":[{"href":"https:\/\/yavaitcachezmeme.fr\/index.php\/wp-json\/wp\/v2\/media?parent=1171"}],"curies":[{"name":"wp","href":"https:\/\/api.w.org\/{rel}","templated":true}]}}