{"id":122,"date":"2016-01-25T19:51:40","date_gmt":"2016-01-25T18:51:40","guid":{"rendered":"http:\/\/yavaitcachezmeme.fr\/?page_id=122"},"modified":"2025-07-20T09:45:06","modified_gmt":"2025-07-20T08:45:06","slug":"st-clair-darcey","status":"publish","type":"page","link":"https:\/\/yavaitcachezmeme.fr\/index.php\/autour-de-bernay\/st-clair-darcey\/","title":{"rendered":"St-Clair-d&rsquo;Arcey"},"content":{"rendered":"<div style=\"font-size: 120%; font-family: georgia;\">\n<p style=\"text-align: justify;\">Situ\u00e9e au Sud-Est de Bernay, <span style=\"color: #ff6600;\"><strong>Saint-Clair-d&rsquo;Arcey<\/strong><\/span> recense 344 habitants en 2013 contre 309 en 1913. Elle fait partie depuis le 1er janvier 2019, de la commune nouvelle de Treis-Sants-en-Ouche.<br \/>\nSuite \u00e0 la R\u00e9volution de 1789, la commune prendra momentan\u00e9ment le nom des Monts d&rsquo;Arcey. Charles Robert Lamy, cur\u00e9 et maire de la commune est \u00e9lu \u00e9v\u00eaque constitutionnel d&rsquo;Evreux. D\u00e9missionnaire en 1801, il se retire dans sa maison au centre du village. Cette maison prend le nom de son occupant o\u00f9 il meurt en 1814.<br \/>\nVous trouverez : la maison de l\u2019\u00c9v\u00eaque dans le village, le domaine du Plessis au Sud-Est, le Clos Sainte-Marie \u00e0 l&rsquo;Est (lieu-dit la Hacherie), le domaine du Nouveau-Monde (lieu-dit la Poulini\u00e8re), et le Manoir \u00e0 la sortie Nord du village.<\/p>\n<p style=\"text-align: center;\"><span style=\"color: #ff6600;\"><strong>~o~<\/strong><\/span><\/p>\n<p><img loading=\"lazy\" decoding=\"async\" class=\"aligncenter wp-image-773\" src=\"https:\/\/yavaitcachezmeme.fr\/wp-content\/uploads\/2016\/02\/ST-CLAIR-DARCEY_H_003.jpg\" alt=\"\" width=\"820\" height=\"535\" srcset=\"https:\/\/yavaitcachezmeme.fr\/wp-content\/uploads\/2016\/02\/ST-CLAIR-DARCEY_H_003.jpg 817w, https:\/\/yavaitcachezmeme.fr\/wp-content\/uploads\/2016\/02\/ST-CLAIR-DARCEY_H_003-600x391.jpg 600w\" sizes=\"auto, (max-width: 820px) 100vw, 820px\" \/><\/p>\n<p style=\"text-align: center;\">Vue sur l&rsquo;\u00e9glise &#8211; A droite les grilles de la maison de l&rsquo;\u00e9v\u00eaque<\/p>\n<p><a href=\"https:\/\/www.google.fr\/maps\/@49.0649601,0.6622345,3a,75y,121.06h,82.55t\/data=!3m7!1e1!3m5!1suT5TeASJG_rQBXfjG84xuw!2e0!6shttps:%2F%2Fstreetviewpixels-pa.googleapis.com%2Fv1%2Fthumbnail%3Fcb_client%3Dmaps_sv.tactile%26w%3D900%26h%3D600%26pitch%3D7.454325999159153%26panoid%3DuT5TeASJG_rQBXfjG84xuw%26yaw%3D121.0639088748931!7i16384!8i8192?entry=ttu&amp;g_ep=EgoyMDI1MDcxNS4xIKXMDSoASAFQAw%3D%3D\" target=\"_blank\" rel=\"noopener\"><img loading=\"lazy\" decoding=\"async\" class=\"aligncenter wp-image-12987\" src=\"https:\/\/yavaitcachezmeme.fr\/wp-content\/uploads\/2025\/05\/Point.png\" alt=\"\" width=\"21\" height=\"30\" \/><\/a><\/p>\n<p><img loading=\"lazy\" decoding=\"async\" class=\"aligncenter wp-image-784\" src=\"https:\/\/yavaitcachezmeme.fr\/wp-content\/uploads\/2016\/02\/ST-CLAIR-DARCEY_HM_001.jpg\" alt=\"\" width=\"820\" height=\"503\" srcset=\"https:\/\/yavaitcachezmeme.fr\/wp-content\/uploads\/2016\/02\/ST-CLAIR-DARCEY_HM_001.jpg 788w, https:\/\/yavaitcachezmeme.fr\/wp-content\/uploads\/2016\/02\/ST-CLAIR-DARCEY_HM_001-600x368.jpg 600w\" sizes=\"auto, (max-width: 820px) 100vw, 820px\" \/><\/p>\n<p style=\"text-align: center;\">Le village &#8211; A gauche, l&rsquo;if mill\u00e9naire du cimeti\u00e8re<\/p>\n<p><a href=\"https:\/\/www.google.fr\/maps\/@49.0644843,0.6626434,3a,90y,190.35h,92.16t\/data=!3m7!1e1!3m5!1svaCTGmegw56XFlg34PHozw!2e0!6shttps:%2F%2Fstreetviewpixels-pa.googleapis.com%2Fv1%2Fthumbnail%3Fcb_client%3Dmaps_sv.tactile%26w%3D900%26h%3D600%26pitch%3D-2.1607789252597343%26panoid%3DvaCTGmegw56XFlg34PHozw%26yaw%3D190.34720686609012!7i16384!8i8192?entry=ttu&amp;g_ep=EgoyMDI1MDcxNS4xIKXMDSoASAFQAw%3D%3D\" target=\"_blank\" rel=\"noopener\"><img loading=\"lazy\" decoding=\"async\" class=\"aligncenter wp-image-12987\" src=\"https:\/\/yavaitcachezmeme.fr\/wp-content\/uploads\/2025\/05\/Point.png\" alt=\"\" width=\"21\" height=\"30\" \/><\/a><\/p>\n<p><img loading=\"lazy\" decoding=\"async\" class=\"aligncenter wp-image-788\" src=\"https:\/\/yavaitcachezmeme.fr\/wp-content\/uploads\/2016\/02\/ST-CLAIR-DARCEY_H_001.jpg\" alt=\"\" width=\"820\" height=\"519\" srcset=\"https:\/\/yavaitcachezmeme.fr\/wp-content\/uploads\/2016\/02\/ST-CLAIR-DARCEY_H_001.jpg 830w, https:\/\/yavaitcachezmeme.fr\/wp-content\/uploads\/2016\/02\/ST-CLAIR-DARCEY_H_001-600x380.jpg 600w\" sizes=\"auto, (max-width: 820px) 100vw, 820px\" \/><\/p>\n<p style=\"text-align: center;\">L&rsquo;int\u00e9rieur de l&rsquo;\u00e9glise<\/p>\n<p><img loading=\"lazy\" decoding=\"async\" class=\"aligncenter wp-image-9822\" src=\"https:\/\/yavaitcachezmeme.fr\/wp-content\/uploads\/2023\/03\/ST-CLAIR-DARCEY_H_016-600x381.jpg\" alt=\"\" width=\"820\" height=\"520\" srcset=\"https:\/\/yavaitcachezmeme.fr\/wp-content\/uploads\/2023\/03\/ST-CLAIR-DARCEY_H_016-600x381.jpg 600w, https:\/\/yavaitcachezmeme.fr\/wp-content\/uploads\/2023\/03\/ST-CLAIR-DARCEY_H_016-1024x650.jpg 1024w, https:\/\/yavaitcachezmeme.fr\/wp-content\/uploads\/2023\/03\/ST-CLAIR-DARCEY_H_016-1536x975.jpg 1536w, https:\/\/yavaitcachezmeme.fr\/wp-content\/uploads\/2023\/03\/ST-CLAIR-DARCEY_H_016.jpg 1615w\" sizes=\"auto, (max-width: 820px) 100vw, 820px\" \/><\/p>\n<p style=\"text-align: center;\">Bapt\u00eame de Charles et Lina &#8211; Maurice Plumey &#8211; Le 7 juin 1909<\/p>\n<p style=\"text-align: center;\"><img loading=\"lazy\" decoding=\"async\" class=\"aligncenter wp-image-776\" src=\"https:\/\/yavaitcachezmeme.fr\/wp-content\/uploads\/2016\/02\/ST-CLAIR-DARCEY_H_006.jpg\" alt=\"\" width=\"820\" height=\"515\" srcset=\"https:\/\/yavaitcachezmeme.fr\/wp-content\/uploads\/2016\/02\/ST-CLAIR-DARCEY_H_006.jpg 809w, https:\/\/yavaitcachezmeme.fr\/wp-content\/uploads\/2016\/02\/ST-CLAIR-DARCEY_H_006-600x377.jpg 600w, https:\/\/yavaitcachezmeme.fr\/wp-content\/uploads\/2016\/02\/ST-CLAIR-DARCEY_H_006-542x340.jpg 542w\" sizes=\"auto, (max-width: 820px) 100vw, 820px\" \/><\/p>\n<p style=\"text-align: center;\">Le boucher et son apprenti sont sortis pour la photo<\/p>\n<p><a href=\"https:\/\/www.google.fr\/maps\/@49.0643951,0.6626835,3a,46.9y,163.17h,93.74t\/data=!3m7!1e1!3m5!1sZbkBOMQCcj7nv3ERH7Lbjw!2e0!6shttps:%2F%2Fstreetviewpixels-pa.googleapis.com%2Fv1%2Fthumbnail%3Fcb_client%3Dmaps_sv.tactile%26w%3D900%26h%3D600%26pitch%3D-3.7367883213308346%26panoid%3DZbkBOMQCcj7nv3ERH7Lbjw%26yaw%3D163.17080129384522!7i16384!8i8192?entry=ttu&amp;g_ep=EgoyMDI1MDcxNi4wIKXMDSoASAFQAw%3D%3D\" target=\"_blank\" rel=\"noopener\"><img loading=\"lazy\" decoding=\"async\" class=\"aligncenter wp-image-12987\" src=\"https:\/\/yavaitcachezmeme.fr\/wp-content\/uploads\/2025\/05\/Point.png\" alt=\"\" width=\"21\" height=\"30\" \/><\/a><\/p>\n<p><img loading=\"lazy\" decoding=\"async\" class=\"aligncenter wp-image-775\" src=\"https:\/\/yavaitcachezmeme.fr\/wp-content\/uploads\/2016\/02\/ST-CLAIR-DARCEY_H_005.jpg\" alt=\"\" width=\"820\" height=\"517\" srcset=\"https:\/\/yavaitcachezmeme.fr\/wp-content\/uploads\/2016\/02\/ST-CLAIR-DARCEY_H_005.jpg 825w, https:\/\/yavaitcachezmeme.fr\/wp-content\/uploads\/2016\/02\/ST-CLAIR-DARCEY_H_005-600x378.jpg 600w\" sizes=\"auto, (max-width: 820px) 100vw, 820px\" \/><\/p>\n<p style=\"text-align: center;\">Le caf\u00e9 Huet a aujourd&rsquo;hui disparu<\/p>\n<p><img loading=\"lazy\" decoding=\"async\" class=\"aligncenter wp-image-774\" src=\"https:\/\/yavaitcachezmeme.fr\/wp-content\/uploads\/2016\/02\/ST-CLAIR-DARCEY_H_004.jpg\" alt=\"\" width=\"820\" height=\"523\" srcset=\"https:\/\/yavaitcachezmeme.fr\/wp-content\/uploads\/2016\/02\/ST-CLAIR-DARCEY_H_004.jpg 813w, https:\/\/yavaitcachezmeme.fr\/wp-content\/uploads\/2016\/02\/ST-CLAIR-DARCEY_H_004-600x383.jpg 600w\" sizes=\"auto, (max-width: 820px) 100vw, 820px\" \/><\/p>\n<p style=\"text-align: center;\">Vue sur le village depuis le Sud<\/p>\n<p><a href=\"https:\/\/www.google.fr\/maps\/@49.0636663,0.6627696,3a,46.9y,6.44h,92.37t\/data=!3m7!1e1!3m5!1sEYFO4_xgD3XCXT3gUL21KA!2e0!6shttps:%2F%2Fstreetviewpixels-pa.googleapis.com%2Fv1%2Fthumbnail%3Fcb_client%3Dmaps_sv.tactile%26w%3D900%26h%3D600%26pitch%3D-2.3679931921541595%26panoid%3DEYFO4_xgD3XCXT3gUL21KA%26yaw%3D6.4432509011665875!7i16384!8i8192?entry=ttu&amp;g_ep=EgoyMDI1MDcxNi4wIKXMDSoASAFQAw%3D%3D\" target=\"_blank\" rel=\"noopener\"><img loading=\"lazy\" decoding=\"async\" class=\"aligncenter wp-image-12987\" src=\"https:\/\/yavaitcachezmeme.fr\/wp-content\/uploads\/2025\/05\/Point.png\" alt=\"\" width=\"21\" height=\"30\" \/><\/a><\/p>\n<p><img loading=\"lazy\" decoding=\"async\" class=\"aligncenter wp-image-2069\" src=\"https:\/\/yavaitcachezmeme.fr\/wp-content\/uploads\/2016\/05\/ST-CLAIR-DARCEY_VM_001.jpg\" alt=\"\" width=\"475\" height=\"759\" srcset=\"https:\/\/yavaitcachezmeme.fr\/wp-content\/uploads\/2016\/05\/ST-CLAIR-DARCEY_VM_001.jpg 503w, https:\/\/yavaitcachezmeme.fr\/wp-content\/uploads\/2016\/05\/ST-CLAIR-DARCEY_VM_001-375x600.jpg 375w\" sizes=\"auto, (max-width: 475px) 100vw, 475px\" \/><\/p>\n<p style=\"text-align: center;\">L&rsquo;\u00e9glise et le monument aux morts<\/p>\n<p><img loading=\"lazy\" decoding=\"async\" class=\"aligncenter wp-image-2144\" src=\"https:\/\/yavaitcachezmeme.fr\/wp-content\/uploads\/2016\/09\/ST-CLAIR-DARCEY_V_001-bis.jpg\" alt=\"\" width=\"475\" height=\"753\" srcset=\"https:\/\/yavaitcachezmeme.fr\/wp-content\/uploads\/2016\/09\/ST-CLAIR-DARCEY_V_001-bis.jpg 502w, https:\/\/yavaitcachezmeme.fr\/wp-content\/uploads\/2016\/09\/ST-CLAIR-DARCEY_V_001-bis-378x600.jpg 378w\" sizes=\"auto, (max-width: 475px) 100vw, 475px\" \/><\/p>\n<p style=\"text-align: center;\">Le monument aux morts<\/p>\n<p><img loading=\"lazy\" decoding=\"async\" class=\"aligncenter wp-image-777\" src=\"https:\/\/yavaitcachezmeme.fr\/wp-content\/uploads\/2016\/02\/ST-CLAIR-DARCEY_H_007.jpg\" alt=\"\" width=\"820\" height=\"514\" srcset=\"https:\/\/yavaitcachezmeme.fr\/wp-content\/uploads\/2016\/02\/ST-CLAIR-DARCEY_H_007.jpg 808w, https:\/\/yavaitcachezmeme.fr\/wp-content\/uploads\/2016\/02\/ST-CLAIR-DARCEY_H_007-600x376.jpg 600w, https:\/\/yavaitcachezmeme.fr\/wp-content\/uploads\/2016\/02\/ST-CLAIR-DARCEY_H_007-542x340.jpg 542w\" sizes=\"auto, (max-width: 820px) 100vw, 820px\" \/><\/p>\n<p style=\"text-align: center;\">L&rsquo;\u00e9cole et la mairie<\/p>\n<p><a href=\"https:\/\/www.google.fr\/maps\/@49.0647777,0.6648882,3a,90y,337.72h,78.8t\/data=!3m7!1e1!3m5!1s4y7iXCbgWbpky-E_di0aAQ!2e0!6shttps:%2F%2Fstreetviewpixels-pa.googleapis.com%2Fv1%2Fthumbnail%3Fcb_client%3Dmaps_sv.tactile%26w%3D900%26h%3D600%26pitch%3D11.204893475583205%26panoid%3D4y7iXCbgWbpky-E_di0aAQ%26yaw%3D337.71677058452866!7i16384!8i8192?entry=ttu&amp;g_ep=EgoyMDI1MDcxNi4wIKXMDSoASAFQAw%3D%3D\" target=\"_blank\" rel=\"noopener\"><img loading=\"lazy\" decoding=\"async\" class=\"aligncenter wp-image-12987\" src=\"https:\/\/yavaitcachezmeme.fr\/wp-content\/uploads\/2025\/05\/Point.png\" alt=\"\" width=\"21\" height=\"30\" \/><\/a><\/p>\n<p style=\"text-align: center;\"><img loading=\"lazy\" decoding=\"async\" class=\"aligncenter wp-image-6981\" src=\"https:\/\/yavaitcachezmeme.fr\/wp-content\/uploads\/2022\/02\/ST-CLAIR-DARCEY_H_015-600x374.jpg\" alt=\"\" width=\"820\" height=\"510\" srcset=\"https:\/\/yavaitcachezmeme.fr\/wp-content\/uploads\/2022\/02\/ST-CLAIR-DARCEY_H_015-600x374.jpg 600w, https:\/\/yavaitcachezmeme.fr\/wp-content\/uploads\/2022\/02\/ST-CLAIR-DARCEY_H_015-1024x637.jpg 1024w, https:\/\/yavaitcachezmeme.fr\/wp-content\/uploads\/2022\/02\/ST-CLAIR-DARCEY_H_015-1536x956.jpg 1536w, https:\/\/yavaitcachezmeme.fr\/wp-content\/uploads\/2022\/02\/ST-CLAIR-DARCEY_H_015.jpg 1632w\" sizes=\"auto, (max-width: 820px) 100vw, 820px\" \/><\/p>\n<p style=\"text-align: center;\">La mairie et l&rsquo;\u00e9cole<\/p>\n<p><img loading=\"lazy\" decoding=\"async\" class=\"aligncenter wp-image-2068\" src=\"https:\/\/yavaitcachezmeme.fr\/wp-content\/uploads\/2016\/05\/ST-CLAIR-DARCEY_H_014.jpg\" alt=\"\" width=\"820\" height=\"514\" srcset=\"https:\/\/yavaitcachezmeme.fr\/wp-content\/uploads\/2016\/05\/ST-CLAIR-DARCEY_H_014.jpg 804w, https:\/\/yavaitcachezmeme.fr\/wp-content\/uploads\/2016\/05\/ST-CLAIR-DARCEY_H_014-600x376.jpg 600w, https:\/\/yavaitcachezmeme.fr\/wp-content\/uploads\/2016\/05\/ST-CLAIR-DARCEY_H_014-542x340.jpg 542w\" sizes=\"auto, (max-width: 820px) 100vw, 820px\" \/><\/p>\n<p style=\"text-align: center;\">La photo de classe de 1937<\/p>\n<p><img loading=\"lazy\" decoding=\"async\" class=\"aligncenter wp-image-785\" src=\"https:\/\/yavaitcachezmeme.fr\/wp-content\/uploads\/2016\/02\/ST-CLAIR-DARCEY_HM_002.jpg\" alt=\"\" width=\"820\" height=\"518\" srcset=\"https:\/\/yavaitcachezmeme.fr\/wp-content\/uploads\/2016\/02\/ST-CLAIR-DARCEY_HM_002.jpg 800w, https:\/\/yavaitcachezmeme.fr\/wp-content\/uploads\/2016\/02\/ST-CLAIR-DARCEY_HM_002-600x379.jpg 600w\" sizes=\"auto, (max-width: 820px) 100vw, 820px\" \/><\/p>\n<p style=\"text-align: center;\">L&rsquo;\u00e9cole<\/p>\n<p style=\"text-align: center;\"><img loading=\"lazy\" decoding=\"async\" class=\"aligncenter wp-image-787\" src=\"https:\/\/yavaitcachezmeme.fr\/wp-content\/uploads\/2016\/02\/ST-CLAIR-DARCEY_V_002.jpg\" alt=\"\" width=\"475\" height=\"736\" srcset=\"https:\/\/yavaitcachezmeme.fr\/wp-content\/uploads\/2016\/02\/ST-CLAIR-DARCEY_V_002.jpg 530w, https:\/\/yavaitcachezmeme.fr\/wp-content\/uploads\/2016\/02\/ST-CLAIR-DARCEY_V_002-387x600.jpg 387w\" sizes=\"auto, (max-width: 475px) 100vw, 475px\" \/><\/p>\n<p style=\"text-align: center;\">Le Manoir<\/p>\n<p style=\"text-align: center;\"><img loading=\"lazy\" decoding=\"async\" class=\"aligncenter wp-image-1875\" src=\"https:\/\/yavaitcachezmeme.fr\/wp-content\/uploads\/2016\/04\/St-Clair-dArcey_courses_1-e1463593859358.jpg\" alt=\"\" width=\"475\" height=\"735\" srcset=\"https:\/\/yavaitcachezmeme.fr\/wp-content\/uploads\/2016\/04\/St-Clair-dArcey_courses_1-e1463593859358.jpg 517w, https:\/\/yavaitcachezmeme.fr\/wp-content\/uploads\/2016\/04\/St-Clair-dArcey_courses_1-e1463593859358-388x600.jpg 388w\" sizes=\"auto, (max-width: 475px) 100vw, 475px\" \/><\/p>\n<p style=\"text-align: center;\">Grandes Courses Hippiques (01-08-1948)<\/p>\n<p style=\"text-align: center;\"><img loading=\"lazy\" decoding=\"async\" class=\"aligncenter wp-image-1876\" src=\"https:\/\/yavaitcachezmeme.fr\/wp-content\/uploads\/2016\/04\/St-Clair-dArcey_courses_2-e1463593894362.jpg\" alt=\"\" width=\"820\" height=\"630\" srcset=\"https:\/\/yavaitcachezmeme.fr\/wp-content\/uploads\/2016\/04\/St-Clair-dArcey_courses_2-e1463593894362.jpg 800w, https:\/\/yavaitcachezmeme.fr\/wp-content\/uploads\/2016\/04\/St-Clair-dArcey_courses_2-e1463593894362-600x461.jpg 600w\" sizes=\"auto, (max-width: 820px) 100vw, 820px\" \/><\/p>\n<p style=\"text-align: center;\">Grandes Courses Hippiques (01-08-1948)<\/p>\n<p><img loading=\"lazy\" decoding=\"async\" class=\"aligncenter wp-image-778\" src=\"https:\/\/yavaitcachezmeme.fr\/wp-content\/uploads\/2016\/02\/ST-CLAIR-DARCEY_H_008.jpg\" alt=\"\" width=\"820\" height=\"511\" srcset=\"https:\/\/yavaitcachezmeme.fr\/wp-content\/uploads\/2016\/02\/ST-CLAIR-DARCEY_H_008.jpg 819w, https:\/\/yavaitcachezmeme.fr\/wp-content\/uploads\/2016\/02\/ST-CLAIR-DARCEY_H_008-600x374.jpg 600w\" sizes=\"auto, (max-width: 820px) 100vw, 820px\" \/><\/p>\n<p style=\"text-align: center;\">Le Clos Marie<\/p>\n<p><a href=\"https:\/\/www.google.com\/maps\/@49.069596,0.6789887,3a,46.9y,225.94h,87.22t\/data=!3m7!1e1!3m5!1selGfTIiDVbYXRUmUj-bhjA!2e0!6shttps:%2F%2Fstreetviewpixels-pa.googleapis.com%2Fv1%2Fthumbnail%3Fcb_client%3Dmaps_sv.tactile%26w%3D900%26h%3D600%26pitch%3D2.776687762185702%26panoid%3DelGfTIiDVbYXRUmUj-bhjA%26yaw%3D225.9440649505728!7i16384!8i8192?entry=ttu&amp;g_ep=EgoyMDI1MDcxNi4wIKXMDSoASAFQAw%3D%3D\" target=\"_blank\" rel=\"noopener\"><img loading=\"lazy\" decoding=\"async\" class=\"aligncenter wp-image-12987\" src=\"https:\/\/yavaitcachezmeme.fr\/wp-content\/uploads\/2025\/05\/Point.png\" alt=\"\" width=\"21\" height=\"30\" \/><\/a><\/p>\n<p><img loading=\"lazy\" decoding=\"async\" class=\"aligncenter wp-image-779\" src=\"https:\/\/yavaitcachezmeme.fr\/wp-content\/uploads\/2016\/02\/ST-CLAIR-DARCEY_H_009.jpg\" alt=\"\" width=\"820\" height=\"508\" srcset=\"https:\/\/yavaitcachezmeme.fr\/wp-content\/uploads\/2016\/02\/ST-CLAIR-DARCEY_H_009.jpg 827w, https:\/\/yavaitcachezmeme.fr\/wp-content\/uploads\/2016\/02\/ST-CLAIR-DARCEY_H_009-600x371.jpg 600w\" sizes=\"auto, (max-width: 820px) 100vw, 820px\" \/><\/p>\n<p style=\"text-align: center;\">Clos Sainte-Marie<\/p>\n<p><img loading=\"lazy\" decoding=\"async\" class=\"aligncenter wp-image-2311\" src=\"https:\/\/yavaitcachezmeme.fr\/wp-content\/uploads\/2017\/02\/ST-CLAIR-DARCEY_PHOTO_001.jpg\" alt=\"\" width=\"475\" height=\"833\" srcset=\"https:\/\/yavaitcachezmeme.fr\/wp-content\/uploads\/2017\/02\/ST-CLAIR-DARCEY_PHOTO_001.jpg 474w, https:\/\/yavaitcachezmeme.fr\/wp-content\/uploads\/2017\/02\/ST-CLAIR-DARCEY_PHOTO_001-342x600.jpg 342w\" sizes=\"auto, (max-width: 475px) 100vw, 475px\" \/><\/p>\n<p style=\"text-align: center;\">Photo in\u00e9dite du Clos Sainte-Marie<\/p>\n<p><img loading=\"lazy\" decoding=\"async\" class=\"aligncenter wp-image-780\" src=\"https:\/\/yavaitcachezmeme.fr\/wp-content\/uploads\/2016\/02\/ST-CLAIR-DARCEY_H_010.jpg\" alt=\"\" width=\"820\" height=\"518\" srcset=\"https:\/\/yavaitcachezmeme.fr\/wp-content\/uploads\/2016\/02\/ST-CLAIR-DARCEY_H_010.jpg 821w, https:\/\/yavaitcachezmeme.fr\/wp-content\/uploads\/2016\/02\/ST-CLAIR-DARCEY_H_010-600x379.jpg 600w\" sizes=\"auto, (max-width: 820px) 100vw, 820px\" \/><\/p>\n<p style=\"text-align: center;\">Le ch\u00e2teau du Nouveau-Monde<\/p>\n<p><img loading=\"lazy\" decoding=\"async\" class=\"aligncenter wp-image-781\" src=\"https:\/\/yavaitcachezmeme.fr\/wp-content\/uploads\/2016\/02\/ST-CLAIR-DARCEY_H_011.jpg\" alt=\"\" width=\"820\" height=\"515\" srcset=\"https:\/\/yavaitcachezmeme.fr\/wp-content\/uploads\/2016\/02\/ST-CLAIR-DARCEY_H_011.jpg 826w, https:\/\/yavaitcachezmeme.fr\/wp-content\/uploads\/2016\/02\/ST-CLAIR-DARCEY_H_011-600x377.jpg 600w, https:\/\/yavaitcachezmeme.fr\/wp-content\/uploads\/2016\/02\/ST-CLAIR-DARCEY_H_011-542x340.jpg 542w\" sizes=\"auto, (max-width: 820px) 100vw, 820px\" \/><\/p>\n<p style=\"text-align: center;\">Domaine du Nouveau-Monde<\/p>\n<p><img loading=\"lazy\" decoding=\"async\" class=\"aligncenter wp-image-782\" src=\"https:\/\/yavaitcachezmeme.fr\/wp-content\/uploads\/2016\/02\/ST-CLAIR-DARCEY_H_012.jpg\" alt=\"\" width=\"820\" height=\"515\" srcset=\"https:\/\/yavaitcachezmeme.fr\/wp-content\/uploads\/2016\/02\/ST-CLAIR-DARCEY_H_012.jpg 817w, https:\/\/yavaitcachezmeme.fr\/wp-content\/uploads\/2016\/02\/ST-CLAIR-DARCEY_H_012-600x377.jpg 600w, https:\/\/yavaitcachezmeme.fr\/wp-content\/uploads\/2016\/02\/ST-CLAIR-DARCEY_H_012-542x340.jpg 542w\" sizes=\"auto, (max-width: 820px) 100vw, 820px\" \/><\/p>\n<p style=\"text-align: center;\">Ferme de la Blardi\u00e8re<\/p>\n<p><img loading=\"lazy\" decoding=\"async\" class=\"size-medium wp-image-11733 aligncenter\" src=\"https:\/\/yavaitcachezmeme.fr\/wp-content\/uploads\/2024\/01\/ST-CLAIR-DARCEY_PCP_002-600x600.png\" alt=\"\" width=\"600\" height=\"600\" srcset=\"https:\/\/yavaitcachezmeme.fr\/wp-content\/uploads\/2024\/01\/ST-CLAIR-DARCEY_PCP_002-600x600.png 600w, https:\/\/yavaitcachezmeme.fr\/wp-content\/uploads\/2024\/01\/ST-CLAIR-DARCEY_PCP_002-1024x1024.png 1024w, https:\/\/yavaitcachezmeme.fr\/wp-content\/uploads\/2024\/01\/ST-CLAIR-DARCEY_PCP_002-150x150.png 150w, https:\/\/yavaitcachezmeme.fr\/wp-content\/uploads\/2024\/01\/ST-CLAIR-DARCEY_PCP_002.png 1392w\" sizes=\"auto, (max-width: 600px) 100vw, 600px\" \/><\/p>\n<p style=\"text-align: center;\">Camembert &#8211; Domaine de la Blardi\u00e8re<\/p>\n<p><img loading=\"lazy\" decoding=\"async\" class=\"aligncenter wp-image-3557\" src=\"https:\/\/yavaitcachezmeme.fr\/wp-content\/uploads\/2018\/03\/ST-CLAIR-DARCEY_PCP_0001-657x1024.jpg\" alt=\"\" width=\"500\" height=\"779\" srcset=\"https:\/\/yavaitcachezmeme.fr\/wp-content\/uploads\/2018\/03\/ST-CLAIR-DARCEY_PCP_0001-657x1024.jpg 657w, https:\/\/yavaitcachezmeme.fr\/wp-content\/uploads\/2018\/03\/ST-CLAIR-DARCEY_PCP_0001-385x600.jpg 385w, https:\/\/yavaitcachezmeme.fr\/wp-content\/uploads\/2018\/03\/ST-CLAIR-DARCEY_PCP_0001.jpg 771w\" sizes=\"auto, (max-width: 500px) 100vw, 500px\" \/><\/p>\n<p style=\"text-align: center;\">Ferme du Tilleul \u00e0 ST-MARTIN-DU-TILLEUL<br \/>\net Ferme de la Blardi\u00e8re \u00e0 ST-CLAIR-D&rsquo;ARCEY<\/p>\n<p><img loading=\"lazy\" decoding=\"async\" class=\"aligncenter wp-image-1878\" src=\"https:\/\/yavaitcachezmeme.fr\/wp-content\/uploads\/2016\/04\/St-Clair-dArcey_courrier_001.jpg\" alt=\"\" width=\"820\" height=\"525\" srcset=\"https:\/\/yavaitcachezmeme.fr\/wp-content\/uploads\/2016\/04\/St-Clair-dArcey_courrier_001.jpg 816w, https:\/\/yavaitcachezmeme.fr\/wp-content\/uploads\/2016\/04\/St-Clair-dArcey_courrier_001-600x384.jpg 600w\" sizes=\"auto, (max-width: 820px) 100vw, 820px\" \/><\/p>\n<p style=\"text-align: center;\">Courrier depuis la ferme de La Blardi\u00e8re<\/p>\n<p style=\"text-align: center;\"><img loading=\"lazy\" decoding=\"async\" class=\"aligncenter wp-image-783\" src=\"https:\/\/yavaitcachezmeme.fr\/wp-content\/uploads\/2016\/02\/ST-CLAIR-DARCEY_H_013.jpg\" alt=\"\" width=\"820\" height=\"526\" srcset=\"https:\/\/yavaitcachezmeme.fr\/wp-content\/uploads\/2016\/02\/ST-CLAIR-DARCEY_H_013.jpg 826w, https:\/\/yavaitcachezmeme.fr\/wp-content\/uploads\/2016\/02\/ST-CLAIR-DARCEY_H_013-600x385.jpg 600w\" sizes=\"auto, (max-width: 820px) 100vw, 820px\" \/><\/p>\n<p style=\"text-align: center;\">Amiti\u00e9s<\/p>\n<p><img loading=\"lazy\" decoding=\"async\" class=\"aligncenter wp-image-5012\" src=\"https:\/\/yavaitcachezmeme.fr\/wp-content\/uploads\/2020\/09\/ST-CLAIR-DARCEY_PCP_0002.jpg\" alt=\"\" width=\"700\" height=\"464\" srcset=\"https:\/\/yavaitcachezmeme.fr\/wp-content\/uploads\/2020\/09\/ST-CLAIR-DARCEY_PCP_0002.jpg 1260w, https:\/\/yavaitcachezmeme.fr\/wp-content\/uploads\/2020\/09\/ST-CLAIR-DARCEY_PCP_0002-600x398.jpg 600w, https:\/\/yavaitcachezmeme.fr\/wp-content\/uploads\/2020\/09\/ST-CLAIR-DARCEY_PCP_0002-1024x679.jpg 1024w\" sizes=\"auto, (max-width: 700px) 100vw, 700px\" \/><\/p>\n<p style=\"text-align: center;\">Ticket de tombola de la f\u00eate de juillet 1912<\/p>\n<p><img loading=\"lazy\" decoding=\"async\" class=\"aligncenter wp-image-12060\" src=\"https:\/\/yavaitcachezmeme.fr\/wp-content\/uploads\/2024\/06\/Plaque-voiture_05-600x382.jpg\" alt=\"\" width=\"820\" height=\"521\" srcset=\"https:\/\/yavaitcachezmeme.fr\/wp-content\/uploads\/2024\/06\/Plaque-voiture_05-600x382.jpg 600w, https:\/\/yavaitcachezmeme.fr\/wp-content\/uploads\/2024\/06\/Plaque-voiture_05-1024x651.jpg 1024w, https:\/\/yavaitcachezmeme.fr\/wp-content\/uploads\/2024\/06\/Plaque-voiture_05-1536x977.jpg 1536w\" sizes=\"auto, (max-width: 820px) 100vw, 820px\" \/><\/p>\n<p style=\"text-align: center;\">Plaque de voiture hippomobile<\/p>\n<p style=\"text-align: center;\"><span style=\"color: #ff6600;\"><strong>~o~<\/strong><\/span><\/p>\n<p style=\"text-align: justify;\">Les communes des anciens cantons de Bernay-Est et Bernay-Ouest\u00a0\u00e0 visiter en cliquant sur les liens suivants :<\/p>\n<p style=\"text-align: justify;\"><strong><a href=\"https:\/\/yavaitcachezmeme.fr\/index.php\/autour-de-bernay\/caorches-st-nicolas\/\">Caorches St Nicolas<\/a> &#8211; <a href=\"https:\/\/yavaitcachezmeme.fr\/index.php\/autour-de-bernay\/carsix\/\">Carsix<\/a> &#8211; <a href=\"https:\/\/yavaitcachezmeme.fr\/index.php\/autour-de-bernay\/corneville-la-fouquetiere\/\">Corneville-la-Fouqueti\u00e8re<\/a> &#8211; <a href=\"https:\/\/yavaitcachezmeme.fr\/index.php\/autour-de-bernay\/courbepine\/\">Courb\u00e9pine<\/a>\u00a0 &#8211; \u00a0<a href=\"http:\/\/yavaitcachezmeme.fr\/index.php\/les-environs\/fontaine-labbe\/\">Fontaine-l&rsquo;Abb\u00e9<\/a>\u00a0 &#8211; <a href=\"https:\/\/yavaitcachezmeme.fr\/index.php\/autour-de-bernay\/malouy\/\">Malouy<\/a> &#8211; \u00a0<a href=\"http:\/\/yavaitcachezmeme.fr\/index.php\/les-environs\/menneval\/\">Menneval<\/a>\u00a0 &#8211; <a href=\"https:\/\/yavaitcachezmeme.fr\/index.php\/autour-de-bernay\/plainville\/\">Plainville<\/a> &#8211;\u00a0 <a href=\"http:\/\/yavaitcachezmeme.fr\/index.php\/les-environs\/plasnes\/\">Plasnes<\/a>\u00a0 &#8211; \u00a0<a href=\"http:\/\/yavaitcachezmeme.fr\/index.php\/les-environs\/st-aubin-le-vertueux\/\">St-Aubin-Le-Vertueux<\/a>\u00a0 &#8211; \u00a0<a href=\"http:\/\/yavaitcachezmeme.fr\/index.php\/les-environs\/st-clair-darcey\/\">St-Clair-d&rsquo;Arcey<\/a>\u00a0 &#8211; \u00a0<a href=\"http:\/\/yavaitcachezmeme.fr\/index.php\/les-environs\/st-leger-de-rostes\/\">St-L\u00e9ger-de-R\u00f4tes<\/a>\u00a0 &#8211; \u00a0<a href=\"http:\/\/yavaitcachezmeme.fr\/index.php\/les-environs\/st-martin-du-tilleul\/\">St-Martin-du-Tilleul<\/a>\u00a0 &#8211; <a href=\"http:\/\/yavaitcachezmeme.fr\/index.php\/les-environs\/st-victor-de-chretienville\/\">St-Victor-de-Chr\u00e9tienville<\/a>\u00a0 &#8211; <a href=\"https:\/\/yavaitcachezmeme.fr\/index.php\/autour-de-bernay\/serquigny\/\">Serquigny<\/a> &#8211;\u00a0 <a href=\"http:\/\/yavaitcachezmeme.fr\/index.php\/les-environs\/valailles\/\">Valailles<\/a><\/strong><\/p>\n<p><img loading=\"lazy\" decoding=\"async\" class=\"aligncenter wp-image-12675\" src=\"https:\/\/yavaitcachezmeme.fr\/wp-content\/uploads\/2025\/01\/Autour-de-Bernay-600x371.png\" alt=\"\" width=\"820\" height=\"506\" srcset=\"https:\/\/yavaitcachezmeme.fr\/wp-content\/uploads\/2025\/01\/Autour-de-Bernay-600x371.png 600w, https:\/\/yavaitcachezmeme.fr\/wp-content\/uploads\/2025\/01\/Autour-de-Bernay.png 1004w\" sizes=\"auto, (max-width: 820px) 100vw, 820px\" \/><\/p>\n<\/div>\n","protected":false},"excerpt":{"rendered":"<p>Situ\u00e9e au Sud-Est de Bernay, Saint-Clair-d&rsquo;Arcey recense 344 habitants en 2013 contre 309 en 1913. Elle fait partie depuis le 1er janvier 2019,&#8230;<\/p>\n","protected":false},"author":1,"featured_media":0,"parent":5270,"menu_order":523,"comment_status":"closed","ping_status":"closed","template":"","meta":{"footnotes":""},"class_list":["post-122","page","type-page","status-publish","hentry"],"_links":{"self":[{"href":"https:\/\/yavaitcachezmeme.fr\/index.php\/wp-json\/wp\/v2\/pages\/122","targetHints":{"allow":["GET"]}}],"collection":[{"href":"https:\/\/yavaitcachezmeme.fr\/index.php\/wp-json\/wp\/v2\/pages"}],"about":[{"href":"https:\/\/yavaitcachezmeme.fr\/index.php\/wp-json\/wp\/v2\/types\/page"}],"author":[{"embeddable":true,"href":"https:\/\/yavaitcachezmeme.fr\/index.php\/wp-json\/wp\/v2\/users\/1"}],"replies":[{"embeddable":true,"href":"https:\/\/yavaitcachezmeme.fr\/index.php\/wp-json\/wp\/v2\/comments?post=122"}],"version-history":[{"count":69,"href":"https:\/\/yavaitcachezmeme.fr\/index.php\/wp-json\/wp\/v2\/pages\/122\/revisions"}],"predecessor-version":[{"id":13101,"href":"https:\/\/yavaitcachezmeme.fr\/index.php\/wp-json\/wp\/v2\/pages\/122\/revisions\/13101"}],"up":[{"embeddable":true,"href":"https:\/\/yavaitcachezmeme.fr\/index.php\/wp-json\/wp\/v2\/pages\/5270"}],"wp:attachment":[{"href":"https:\/\/yavaitcachezmeme.fr\/index.php\/wp-json\/wp\/v2\/media?parent=122"}],"curies":[{"name":"wp","href":"https:\/\/api.w.org\/{rel}","templated":true}]}}