{"id":12870,"date":"2025-04-14T03:58:09","date_gmt":"2025-04-14T02:58:09","guid":{"rendered":"https:\/\/yavaitcachezmeme.fr\/?page_id=12870"},"modified":"2025-04-16T04:47:10","modified_gmt":"2025-04-16T03:47:10","slug":"avenue-lottin-de-laval","status":"publish","type":"page","link":"https:\/\/yavaitcachezmeme.fr\/index.php\/bernay-rues-places\/avenue-lottin-de-laval\/","title":{"rendered":"Avenue Lottin de Laval"},"content":{"rendered":"<div style=\"font-size: 120%; font-family: georgia;\">\n<p style=\"text-align: justify;\">L&rsquo;<span style=\"color: #ff6600;\"><strong>avenue Lottin de Laval<\/strong><\/span> dans le prolongement de la rue de Rouen fait le lien avec Menneval.<br \/>\nN\u00e9 \u00e0 ORBEC (Calavados) le 19 septembre 1910, Lottin de Laval est un arch\u00e9ologue et peintre. Il meurt le 23 f\u00e9vrier 1903 dans sa maison des Trois Vals \u00e0 Menneval.<\/p>\n<p style=\"text-align: center;\"><span style=\"color: #ff6600;\"><strong>~o~<\/strong><\/span><\/p>\n<p><img loading=\"lazy\" decoding=\"async\" class=\"aligncenter wp-image-12865\" src=\"https:\/\/yavaitcachezmeme.fr\/wp-content\/uploads\/2025\/04\/44_BERNAY_H_0987-600x389.jpg\" alt=\"\" width=\"820\" height=\"532\" srcset=\"https:\/\/yavaitcachezmeme.fr\/wp-content\/uploads\/2025\/04\/44_BERNAY_H_0987-600x389.jpg 600w, https:\/\/yavaitcachezmeme.fr\/wp-content\/uploads\/2025\/04\/44_BERNAY_H_0987.jpg 814w\" sizes=\"auto, (max-width: 820px) 100vw, 820px\" \/><\/p>\n<p style=\"text-align: center;\">Avenue Lottin de Laval (44) &#8211; Vue sur la rue de Rouen<\/p>\n<p><img loading=\"lazy\" decoding=\"async\" class=\"aligncenter wp-image-12863\" src=\"https:\/\/yavaitcachezmeme.fr\/wp-content\/uploads\/2025\/04\/39b_BERNAY_H_0692_fb-600x388.jpg\" alt=\"\" width=\"820\" height=\"531\" srcset=\"https:\/\/yavaitcachezmeme.fr\/wp-content\/uploads\/2025\/04\/39b_BERNAY_H_0692_fb-600x388.jpg 600w, https:\/\/yavaitcachezmeme.fr\/wp-content\/uploads\/2025\/04\/39b_BERNAY_H_0692_fb.jpg 817w\" sizes=\"auto, (max-width: 820px) 100vw, 820px\" \/><\/p>\n<p style=\"text-align: center;\">Avenue Lottin de Laval (39bis) &#8211; Caf\u00e9 du Petit Parc<\/p>\n<p><img loading=\"lazy\" decoding=\"async\" class=\"aligncenter wp-image-12861\" src=\"https:\/\/yavaitcachezmeme.fr\/wp-content\/uploads\/2025\/04\/BERNAY_V_0098-387x600.jpg\" alt=\"\" width=\"475\" height=\"737\" srcset=\"https:\/\/yavaitcachezmeme.fr\/wp-content\/uploads\/2025\/04\/BERNAY_V_0098-387x600.jpg 387w, https:\/\/yavaitcachezmeme.fr\/wp-content\/uploads\/2025\/04\/BERNAY_V_0098.jpg 529w\" sizes=\"auto, (max-width: 475px) 100vw, 475px\" \/><\/p>\n<p style=\"text-align: center;\">Avenue Lottin de Laval (39)<\/p>\n<p><img loading=\"lazy\" decoding=\"async\" class=\"aligncenter wp-image-12864\" src=\"https:\/\/yavaitcachezmeme.fr\/wp-content\/uploads\/2025\/04\/39b_BERNAY_H_1040-600x379.jpg\" alt=\"\" width=\"820\" height=\"518\" srcset=\"https:\/\/yavaitcachezmeme.fr\/wp-content\/uploads\/2025\/04\/39b_BERNAY_H_1040-600x379.jpg 600w, https:\/\/yavaitcachezmeme.fr\/wp-content\/uploads\/2025\/04\/39b_BERNAY_H_1040.jpg 810w\" sizes=\"auto, (max-width: 820px) 100vw, 820px\" \/><\/p>\n<p style=\"text-align: center;\">Avenue Lottin de Laval (39)<\/p>\n<p><img loading=\"lazy\" decoding=\"async\" class=\"aligncenter wp-image-12860\" src=\"https:\/\/yavaitcachezmeme.fr\/wp-content\/uploads\/2025\/04\/BERNAY_V_0097-385x600.jpg\" alt=\"\" width=\"475\" height=\"741\" srcset=\"https:\/\/yavaitcachezmeme.fr\/wp-content\/uploads\/2025\/04\/BERNAY_V_0097-385x600.jpg 385w, https:\/\/yavaitcachezmeme.fr\/wp-content\/uploads\/2025\/04\/BERNAY_V_0097.jpg 527w\" sizes=\"auto, (max-width: 475px) 100vw, 475px\" \/><\/p>\n<p style=\"text-align: center;\">Avenue Lottin de Laval (39)<\/p>\n<p><img loading=\"lazy\" decoding=\"async\" class=\"aligncenter wp-image-12862\" src=\"https:\/\/yavaitcachezmeme.fr\/wp-content\/uploads\/2025\/04\/BERNAY_V_0237-383x600.jpg\" alt=\"\" width=\"475\" height=\"744\" srcset=\"https:\/\/yavaitcachezmeme.fr\/wp-content\/uploads\/2025\/04\/BERNAY_V_0237-383x600.jpg 383w, https:\/\/yavaitcachezmeme.fr\/wp-content\/uploads\/2025\/04\/BERNAY_V_0237.jpg 516w\" sizes=\"auto, (max-width: 475px) 100vw, 475px\" \/><\/p>\n<p style=\"text-align: center;\">Une procession avenue Lottin de Laval<\/p>\n<p><img loading=\"lazy\" decoding=\"async\" class=\"aligncenter wp-image-12866\" src=\"https:\/\/yavaitcachezmeme.fr\/wp-content\/uploads\/2025\/04\/46_BERNAY_H_0701-600x388.jpg\" alt=\"\" width=\"820\" height=\"530\" srcset=\"https:\/\/yavaitcachezmeme.fr\/wp-content\/uploads\/2025\/04\/46_BERNAY_H_0701-600x388.jpg 600w, https:\/\/yavaitcachezmeme.fr\/wp-content\/uploads\/2025\/04\/46_BERNAY_H_0701.jpg 817w\" sizes=\"auto, (max-width: 820px) 100vw, 820px\" \/><\/p>\n<p style=\"text-align: center;\">Avenue Lottin de Laval (46)<\/p>\n<p><img loading=\"lazy\" decoding=\"async\" class=\"aligncenter wp-image-12867\" src=\"https:\/\/yavaitcachezmeme.fr\/wp-content\/uploads\/2025\/04\/56_BERNAY_H_0395-600x387.jpg\" alt=\"\" width=\"820\" height=\"529\" srcset=\"https:\/\/yavaitcachezmeme.fr\/wp-content\/uploads\/2025\/04\/56_BERNAY_H_0395-600x387.jpg 600w, https:\/\/yavaitcachezmeme.fr\/wp-content\/uploads\/2025\/04\/56_BERNAY_H_0395.jpg 823w\" sizes=\"auto, (max-width: 820px) 100vw, 820px\" \/><\/p>\n<p style=\"text-align: center;\">Avenue Lottin de Laval (56)<\/p>\n<p><img loading=\"lazy\" decoding=\"async\" class=\"aligncenter wp-image-12868\" src=\"https:\/\/yavaitcachezmeme.fr\/wp-content\/uploads\/2025\/04\/60_BERNAY_H_0396-600x387.jpg\" alt=\"\" width=\"820\" height=\"529\" srcset=\"https:\/\/yavaitcachezmeme.fr\/wp-content\/uploads\/2025\/04\/60_BERNAY_H_0396-600x387.jpg 600w, https:\/\/yavaitcachezmeme.fr\/wp-content\/uploads\/2025\/04\/60_BERNAY_H_0396.jpg 820w\" sizes=\"auto, (max-width: 820px) 100vw, 820px\" \/><\/p>\n<p style=\"text-align: center;\">Avenue Lottin de Laval (60)<\/p>\n<p><img loading=\"lazy\" decoding=\"async\" class=\"aligncenter wp-image-12869\" src=\"https:\/\/yavaitcachezmeme.fr\/wp-content\/uploads\/2025\/04\/60_BERNAY_H_1018-600x387.jpg\" alt=\"\" width=\"820\" height=\"529\" srcset=\"https:\/\/yavaitcachezmeme.fr\/wp-content\/uploads\/2025\/04\/60_BERNAY_H_1018-600x387.jpg 600w, https:\/\/yavaitcachezmeme.fr\/wp-content\/uploads\/2025\/04\/60_BERNAY_H_1018.jpg 800w\" sizes=\"auto, (max-width: 820px) 100vw, 820px\" \/><\/p>\n<p style=\"text-align: center;\">Avenue Lottin de Laval (60)<\/p>\n<p style=\"text-align: center;\"><span style=\"color: #ff6600;\"><strong>~o~<\/strong><\/span><\/p>\n<p style=\"text-align: justify;\"><span style=\"color: #ff6600;\"><strong>Les chauss\u00e9es de Bernay <\/strong><\/span>\u00e0 visiter en cliquant sur les liens suivants :<\/p>\n<p style=\"text-align: justify;\">Les avenues et boulevards : <strong><a href=\"https:\/\/yavaitcachezmeme.fr\/index.php\/bernay-rues-places\/avenue-lottin-de-laval\/\">Avenue Lottin de Laval<\/a> &#8211; <a href=\"https:\/\/yavaitcachezmeme.fr\/index.php\/bernay-rues-places\/boulevard-du-bas-bouffey\/\">Boulevard du Bas-Bouffey<\/a> &#8211; <a href=\"http:\/\/yavaitcachezmeme.fr\/index.php\/bernay-rues-places\/boulevard-dubus\/\">Boulevard Dubus<\/a>\u00a0 &#8211;\u00a0 <a href=\"http:\/\/yavaitcachezmeme.fr\/index.php\/bernay-rues-places\/boulevard-des-monts\/\">Boulevard des Monts<\/a><\/strong><\/p>\n<p style=\"text-align: justify;\">Les places : <strong><a href=\"http:\/\/yavaitcachezmeme.fr\/index.php\/bernay-rues-places\/place-dupont-de-leure\/\">Place Dupont de l&rsquo;Eure<\/a>\u00a0 &#8211; \u00a0<a href=\"http:\/\/yavaitcachezmeme.fr\/index.php\/bernay-rues-places\/place-guillaume-de-volpiano\/\">Place Guillaume de Volpiano<\/a>\u00a0 &#8211; \u00a0<a href=\"http:\/\/yavaitcachezmeme.fr\/index.php\/bernay-rues-places\/place-gustave-heon\/\">Place Gustave H\u00e9on<\/a>\u00a0 &#8211; \u00a0<a href=\"http:\/\/yavaitcachezmeme.fr\/index.php\/bernay-rues-places\/place-de-la-republique\/\">Place de La R\u00e9publique<\/a>\u00a0 &#8211; \u00a0<a href=\"http:\/\/yavaitcachezmeme.fr\/index.php\/bernay-rues-places\/place-sainte-croix\/\">Place Sainte-Croix<\/a>\u00a0 &#8211; \u00a0<a href=\"http:\/\/yavaitcachezmeme.fr\/index.php\/bernay-rues-places\/place-de-verdun\/\">Place de Verdun<\/a><\/strong><\/p>\n<p style=\"text-align: justify;\">Les rues : <strong><a href=\"https:\/\/yavaitcachezmeme.fr\/index.php\/bernay-rues-places\/rue-albert-parissot\/\">Rue Albert Parissot<\/a> &#8211;<\/strong> <strong><a href=\"http:\/\/yavaitcachezmeme.fr\/index.php\/bernay-rues-places\/3351-2\/\">Rue Alexandre<\/a>\u00a0 &#8211; \u00a0<a href=\"http:\/\/yavaitcachezmeme.fr\/index.php\/bernay-rues-places\/rue-auguste-le-prevost\/\">Rue Auguste Le Pr\u00e9vost<\/a>\u00a0 &#8211; \u00a0<a href=\"http:\/\/yavaitcachezmeme.fr\/index.php\/bernay-rues-places\/rue-bernard-gombert\/\">Rue Bernard Gombert<\/a>\u00a0 &#8211; \u00a0<a href=\"http:\/\/yavaitcachezmeme.fr\/index.php\/bernay-rues-places\/rue-de-la-charentonne\/\">Rue de La Charentonne<\/a>\u00a0 &#8211; \u00a0<a href=\"http:\/\/yavaitcachezmeme.fr\/index.php\/bernay-rues-places\/rue-gabriel-vallee\/\">Rue Gabriel Vall\u00e9e<\/a>\u00a0 &#8211; \u00a0<a href=\"http:\/\/yavaitcachezmeme.fr\/index.php\/bernay-rues-places\/rue-g-folloppe\/\">Rue Gaston Folloppe<\/a>\u00a0 &#8211; \u00a0<a href=\"http:\/\/yavaitcachezmeme.fr\/index.php\/bernay-rues-places\/rue-g-de-gaulle\/\">Rue du G\u00e9n\u00e9ral de Gaulle<\/a>\u00a0 &#8211; \u00a0<a href=\"http:\/\/yavaitcachezmeme.fr\/index.php\/bernay-rues-places\/rue-du-general-leclerc\/\">Rue du G\u00e9n\u00e9ral Leclerc<\/a>\u00a0 &#8211; \u00a0<a href=\"http:\/\/yavaitcachezmeme.fr\/index.php\/bernay-rues-places\/rue-jacques-daviel\/\">Rue Jacques Daviel<\/a>\u00a0 &#8211; \u00a0<a href=\"http:\/\/yavaitcachezmeme.fr\/index.php\/bernay-rues-places\/rue-de-lisieux\/\">Rue de Lisieux<\/a>\u00a0 &#8211; \u00a0<a href=\"http:\/\/yavaitcachezmeme.fr\/index.php\/bernay-rues-places\/rue-maurice-lemoing\/\">Rue Maurice Lemoing<\/a>\u00a0 &#8211; \u00a0<a href=\"http:\/\/yavaitcachezmeme.fr\/index.php\/bernay-rues-places\/rue-michel-hubert-descours\/\">Rue Michel-Hubert Descours<\/a>\u00a0 &#8211; \u00a0<a href=\"http:\/\/yavaitcachezmeme.fr\/index.php\/bernay-rues-places\/rue-militaire\/\">Rue Militaire<\/a>\u00a0 &#8211; \u00a0<a href=\"http:\/\/yavaitcachezmeme.fr\/index.php\/bernay-rues-places\/rue-de-morsan\/\">Rue de Morsan<\/a>\u00a0 &#8211; \u00a0<a href=\"http:\/\/yavaitcachezmeme.fr\/index.php\/bernay-rues-places\/rue-de-rouen\/\">Rue de Rouen<\/a>\u00a0 &#8211; \u00a0<a href=\"http:\/\/yavaitcachezmeme.fr\/index.php\/bernay-rues-places\/rue-des-sources\/\">Rue des Sources<\/a>\u00a0 &#8211; <a href=\"https:\/\/yavaitcachezmeme.fr\/index.php\/bernay-rues-places\/rue-de-la-sous-prefecture\/\">Rue de la Sous-Pr\u00e9fecture<\/a> &#8211; <a href=\"http:\/\/yavaitcachezmeme.fr\/index.php\/bernay-rues-places\/rue-thiers\/\">Rue Thiers<\/a>\u00a0 &#8211; \u00a0<a href=\"http:\/\/yavaitcachezmeme.fr\/index.php\/bernay-rues-places\/rue-de-lunion\/\">Rue de l&rsquo;Union<\/a>\u00a0 &#8211; \u00a0<a href=\"http:\/\/yavaitcachezmeme.fr\/index.php\/bernay-rues-places\/victoire-rue-de-la\/\">Rue de La Victoire<\/a><\/strong><\/p>\n<div style=\"font-size: 100%; font-family: georgia;\"><a href=\"https:\/\/yavaitcachezmeme.fr\/\"><img loading=\"lazy\" decoding=\"async\" class=\"aligncenter wp-image-5243\" src=\"https:\/\/yavaitcachezmeme.fr\/wp-content\/uploads\/2024\/11\/Marque-b.png\" alt=\"\" width=\"25\" height=\"43\" \/><\/a><\/div>\n<\/div>\n","protected":false},"excerpt":{"rendered":"<p>L&rsquo;avenue Lottin de Laval dans le prolongement de la rue de Rouen fait le lien avec Menneval. N\u00e9 \u00e0 ORBEC (Calavados) le 19&#8230;<\/p>\n","protected":false},"author":1,"featured_media":0,"parent":1068,"menu_order":24,"comment_status":"closed","ping_status":"closed","template":"","meta":{"footnotes":""},"class_list":["post-12870","page","type-page","status-publish","hentry"],"_links":{"self":[{"href":"https:\/\/yavaitcachezmeme.fr\/index.php\/wp-json\/wp\/v2\/pages\/12870","targetHints":{"allow":["GET"]}}],"collection":[{"href":"https:\/\/yavaitcachezmeme.fr\/index.php\/wp-json\/wp\/v2\/pages"}],"about":[{"href":"https:\/\/yavaitcachezmeme.fr\/index.php\/wp-json\/wp\/v2\/types\/page"}],"author":[{"embeddable":true,"href":"https:\/\/yavaitcachezmeme.fr\/index.php\/wp-json\/wp\/v2\/users\/1"}],"replies":[{"embeddable":true,"href":"https:\/\/yavaitcachezmeme.fr\/index.php\/wp-json\/wp\/v2\/comments?post=12870"}],"version-history":[{"count":6,"href":"https:\/\/yavaitcachezmeme.fr\/index.php\/wp-json\/wp\/v2\/pages\/12870\/revisions"}],"predecessor-version":[{"id":12903,"href":"https:\/\/yavaitcachezmeme.fr\/index.php\/wp-json\/wp\/v2\/pages\/12870\/revisions\/12903"}],"up":[{"embeddable":true,"href":"https:\/\/yavaitcachezmeme.fr\/index.php\/wp-json\/wp\/v2\/pages\/1068"}],"wp:attachment":[{"href":"https:\/\/yavaitcachezmeme.fr\/index.php\/wp-json\/wp\/v2\/media?parent=12870"}],"curies":[{"name":"wp","href":"https:\/\/api.w.org\/{rel}","templated":true}]}}