{"id":1342,"date":"2016-02-25T21:07:45","date_gmt":"2016-02-25T20:07:45","guid":{"rendered":"http:\/\/yavaitcachezmeme.fr\/?page_id=1342"},"modified":"2025-11-10T08:14:31","modified_gmt":"2025-11-10T07:14:31","slug":"folklore-theatre","status":"publish","type":"page","link":"https:\/\/yavaitcachezmeme.fr\/index.php\/bernay\/folklore-theatre\/","title":{"rendered":"Folklore &#038; Th\u00e9\u00e2tre"},"content":{"rendered":"<div style=\"font-size: 120%; font-family: georgia;\">\n<p style=\"text-align: justify;\"><span style=\"color: #ff6600;\"><strong>Folklore &amp; Th\u00e9\u00e2tre<\/strong><\/span> pr\u00e9sente des sc\u00e8nes de th\u00e9\u00e2tre, f\u00eates, corso fleuri, etc&#8230;<\/p>\n<p style=\"text-align: center;\"><img loading=\"lazy\" decoding=\"async\" class=\"alignnone wp-image-12440\" src=\"https:\/\/yavaitcachezmeme.fr\/wp-content\/uploads\/2024\/11\/F-T-578x600.png\" alt=\"\" width=\"96\" height=\"100\" srcset=\"https:\/\/yavaitcachezmeme.fr\/wp-content\/uploads\/2024\/11\/F-T-578x600.png 578w, https:\/\/yavaitcachezmeme.fr\/wp-content\/uploads\/2024\/11\/F-T.png 591w\" sizes=\"auto, (max-width: 96px) 100vw, 96px\" \/><\/p>\n<p><img loading=\"lazy\" decoding=\"async\" class=\"aligncenter wp-image-1704\" src=\"http:\/\/yavaitcachezmeme.fr\/wp-content\/uploads\/2016\/03\/BERNAY_H_0873.jpg\" alt=\"\" width=\"820\" height=\"520\" srcset=\"https:\/\/yavaitcachezmeme.fr\/wp-content\/uploads\/2016\/03\/BERNAY_H_0873.jpg 824w, https:\/\/yavaitcachezmeme.fr\/wp-content\/uploads\/2016\/03\/BERNAY_H_0873-600x381.jpg 600w\" sizes=\"auto, (max-width: 820px) 100vw, 820px\" \/><\/p>\n<p style=\"text-align: center;\">Dans la cour des anciens abattoirs.<\/p>\n<p><img loading=\"lazy\" decoding=\"async\" class=\"aligncenter wp-image-1703\" src=\"http:\/\/yavaitcachezmeme.fr\/wp-content\/uploads\/2016\/03\/BERNAY_H_0872.jpg\" alt=\"\" width=\"820\" height=\"524\" srcset=\"https:\/\/yavaitcachezmeme.fr\/wp-content\/uploads\/2016\/03\/BERNAY_H_0872.jpg 822w, https:\/\/yavaitcachezmeme.fr\/wp-content\/uploads\/2016\/03\/BERNAY_H_0872-600x383.jpg 600w\" sizes=\"auto, (max-width: 820px) 100vw, 820px\" \/><\/p>\n<p style=\"text-align: center;\">Dans la cour des anciens abattoirs.<\/p>\n<p><img loading=\"lazy\" decoding=\"async\" class=\"aligncenter wp-image-1702\" src=\"http:\/\/yavaitcachezmeme.fr\/wp-content\/uploads\/2016\/03\/BERNAY_H_0652.jpg\" alt=\"\" width=\"820\" height=\"525\" srcset=\"https:\/\/yavaitcachezmeme.fr\/wp-content\/uploads\/2016\/03\/BERNAY_H_0652.jpg 823w, https:\/\/yavaitcachezmeme.fr\/wp-content\/uploads\/2016\/03\/BERNAY_H_0652-600x384.jpg 600w\" sizes=\"auto, (max-width: 820px) 100vw, 820px\" \/><\/p>\n<p style=\"text-align: center;\">Dans la cour des anciens abattoirs.<\/p>\n<p><img loading=\"lazy\" decoding=\"async\" class=\"aligncenter wp-image-13112\" src=\"https:\/\/yavaitcachezmeme.fr\/wp-content\/uploads\/2025\/08\/BERNAY_H_1177-600x375.jpg\" alt=\"\" width=\"820\" height=\"513\" srcset=\"https:\/\/yavaitcachezmeme.fr\/wp-content\/uploads\/2025\/08\/BERNAY_H_1177-600x375.jpg 600w, https:\/\/yavaitcachezmeme.fr\/wp-content\/uploads\/2025\/08\/BERNAY_H_1177-1024x640.jpg 1024w, https:\/\/yavaitcachezmeme.fr\/wp-content\/uploads\/2025\/08\/BERNAY_H_1177-1536x960.jpg 1536w, https:\/\/yavaitcachezmeme.fr\/wp-content\/uploads\/2025\/08\/BERNAY_H_1177-542x340.jpg 542w, https:\/\/yavaitcachezmeme.fr\/wp-content\/uploads\/2025\/08\/BERNAY_H_1177.jpg 1632w\" sizes=\"auto, (max-width: 820px) 100vw, 820px\" \/><\/p>\n<p style=\"text-align: center;\">F\u00eate Saint Anne 1909 &#8211; Cavalcade &#8211; Groupe des \u00ab\u00a0Pifferari\u00a0\u00bb<br \/>\nLes Pifferari sont des musiciens italiens venus des montagnes.<\/p>\n<p><img loading=\"lazy\" decoding=\"async\" class=\"aligncenter wp-image-2613\" src=\"https:\/\/yavaitcachezmeme.fr\/wp-content\/uploads\/2017\/10\/BERNAY_H_0981.jpg\" alt=\"\" width=\"820\" height=\"521\" srcset=\"https:\/\/yavaitcachezmeme.fr\/wp-content\/uploads\/2017\/10\/BERNAY_H_0981.jpg 800w, https:\/\/yavaitcachezmeme.fr\/wp-content\/uploads\/2017\/10\/BERNAY_H_0981-600x381.jpg 600w\" sizes=\"auto, (max-width: 820px) 100vw, 820px\" \/><\/p>\n<p style=\"text-align: center;\">Une cavalcade<\/p>\n<p><img loading=\"lazy\" decoding=\"async\" class=\"aligncenter wp-image-1338\" src=\"http:\/\/yavaitcachezmeme.fr\/wp-content\/uploads\/2016\/02\/BERNAY_H_0863.jpg\" alt=\"\" width=\"820\" height=\"519\" srcset=\"https:\/\/yavaitcachezmeme.fr\/wp-content\/uploads\/2016\/02\/BERNAY_H_0863.jpg 828w, https:\/\/yavaitcachezmeme.fr\/wp-content\/uploads\/2016\/02\/BERNAY_H_0863-600x380.jpg 600w\" sizes=\"auto, (max-width: 820px) 100vw, 820px\" \/><\/p>\n<p style=\"text-align: center;\">Carnaval des petits<\/p>\n<p><img loading=\"lazy\" decoding=\"async\" class=\"aligncenter wp-image-13220\" src=\"https:\/\/yavaitcachezmeme.fr\/wp-content\/uploads\/2025\/11\/BERNAY_H_1184-600x381.jpg\" alt=\"\" width=\"820\" height=\"521\" srcset=\"https:\/\/yavaitcachezmeme.fr\/wp-content\/uploads\/2025\/11\/BERNAY_H_1184-600x381.jpg 600w, https:\/\/yavaitcachezmeme.fr\/wp-content\/uploads\/2025\/11\/BERNAY_H_1184-1024x651.jpg 1024w, https:\/\/yavaitcachezmeme.fr\/wp-content\/uploads\/2025\/11\/BERNAY_H_1184-1536x976.jpg 1536w, https:\/\/yavaitcachezmeme.fr\/wp-content\/uploads\/2025\/11\/BERNAY_H_1184.jpg 1624w\" sizes=\"auto, (max-width: 820px) 100vw, 820px\" \/><\/p>\n<p style=\"text-align: center;\">Une bande de carnavaleux<\/p>\n<p><img loading=\"lazy\" decoding=\"async\" class=\"aligncenter wp-image-1330\" src=\"http:\/\/yavaitcachezmeme.fr\/wp-content\/uploads\/2016\/02\/BERNAY_H_0012.jpg\" alt=\"\" width=\"820\" height=\"517\" srcset=\"https:\/\/yavaitcachezmeme.fr\/wp-content\/uploads\/2016\/02\/BERNAY_H_0012.jpg 815w, https:\/\/yavaitcachezmeme.fr\/wp-content\/uploads\/2016\/02\/BERNAY_H_0012-600x378.jpg 600w\" sizes=\"auto, (max-width: 820px) 100vw, 820px\" \/><\/p>\n<p style=\"text-align: center;\">Carnaval normand<\/p>\n<p><img loading=\"lazy\" decoding=\"async\" class=\"aligncenter wp-image-1331 size-full\" src=\"https:\/\/yavaitcachezmeme.fr\/wp-content\/uploads\/2016\/02\/BERNAY_H_0100.jpg\" alt=\"\" width=\"820\" height=\"527\" srcset=\"https:\/\/yavaitcachezmeme.fr\/wp-content\/uploads\/2016\/02\/BERNAY_H_0100.jpg 820w, https:\/\/yavaitcachezmeme.fr\/wp-content\/uploads\/2016\/02\/BERNAY_H_0100-600x386.jpg 600w\" sizes=\"auto, (max-width: 820px) 100vw, 820px\" \/><\/p>\n<p style=\"text-align: center;\">La loterie artistique place Guillaume de Volpiano<\/p>\n<p><img loading=\"lazy\" decoding=\"async\" class=\"aligncenter wp-image-1340\" src=\"http:\/\/yavaitcachezmeme.fr\/wp-content\/uploads\/2016\/02\/BERNAY_V_0018.jpg\" alt=\"\" width=\"475\" height=\"746\" srcset=\"https:\/\/yavaitcachezmeme.fr\/wp-content\/uploads\/2016\/02\/BERNAY_V_0018.jpg 523w, https:\/\/yavaitcachezmeme.fr\/wp-content\/uploads\/2016\/02\/BERNAY_V_0018-382x600.jpg 382w\" sizes=\"auto, (max-width: 475px) 100vw, 475px\" \/><\/p>\n<p style=\"text-align: center;\">Le concours de P\u00e2tisserie<\/p>\n<p><img loading=\"lazy\" decoding=\"async\" class=\"aligncenter wp-image-1341\" src=\"http:\/\/yavaitcachezmeme.fr\/wp-content\/uploads\/2016\/02\/BERNAY_V_0019.jpg\" alt=\"\" width=\"475\" height=\"745\" srcset=\"https:\/\/yavaitcachezmeme.fr\/wp-content\/uploads\/2016\/02\/BERNAY_V_0019.jpg 521w, https:\/\/yavaitcachezmeme.fr\/wp-content\/uploads\/2016\/02\/BERNAY_V_0019-383x600.jpg 383w\" sizes=\"auto, (max-width: 475px) 100vw, 475px\" \/><\/p>\n<p style=\"text-align: center;\">La parade des ph\u00e9nom\u00e8nes<\/p>\n<p><img loading=\"lazy\" decoding=\"async\" class=\"aligncenter wp-image-2308\" src=\"http:\/\/yavaitcachezmeme.fr\/wp-content\/uploads\/2017\/02\/BERNAY_H_0953.jpg\" alt=\"\" width=\"820\" height=\"523\" srcset=\"https:\/\/yavaitcachezmeme.fr\/wp-content\/uploads\/2017\/02\/BERNAY_H_0953.jpg 812w, https:\/\/yavaitcachezmeme.fr\/wp-content\/uploads\/2017\/02\/BERNAY_H_0953-600x383.jpg 600w\" sizes=\"auto, (max-width: 820px) 100vw, 820px\" \/><\/p>\n<p style=\"text-align: center;\">\u00c9rection le 7 mai 1933 du calvaire de la Croix Coquet rue Lepr\u00e9vost de Beaumont<\/p>\n<p>&nbsp;<\/p>\n<p><img loading=\"lazy\" decoding=\"async\" class=\"aligncenter wp-image-1337\" src=\"http:\/\/yavaitcachezmeme.fr\/wp-content\/uploads\/2016\/02\/BERNAY_H_0851.jpg\" alt=\"\" width=\"820\" height=\"521\" srcset=\"https:\/\/yavaitcachezmeme.fr\/wp-content\/uploads\/2016\/02\/BERNAY_H_0851.jpg 789w, https:\/\/yavaitcachezmeme.fr\/wp-content\/uploads\/2016\/02\/BERNAY_H_0851-600x381.jpg 600w\" sizes=\"auto, (max-width: 820px) 100vw, 820px\" \/><\/p>\n<p style=\"text-align: center;\">Th\u00e9\u00e2tre<\/p>\n<p><img loading=\"lazy\" decoding=\"async\" class=\"aligncenter wp-image-2160\" src=\"http:\/\/yavaitcachezmeme.fr\/wp-content\/uploads\/2016\/10\/BERNAY_H_0936-1.jpg\" alt=\"\" width=\"820\" height=\"530\" srcset=\"https:\/\/yavaitcachezmeme.fr\/wp-content\/uploads\/2016\/10\/BERNAY_H_0936-1.jpg 804w, https:\/\/yavaitcachezmeme.fr\/wp-content\/uploads\/2016\/10\/BERNAY_H_0936-1-600x388.jpg 600w\" sizes=\"auto, (max-width: 820px) 100vw, 820px\" \/><\/p>\n<p style=\"text-align: center;\">Le 24\u00e8me de ligne fait son th\u00e9\u00e2tre<\/p>\n<p><span style=\"color: #ff6600;\"><strong>\u00ab\u00a0H\u00e9&#8230; on continue !\u00a0\u00bb<\/strong><\/span> Th\u00e9\u00e2tre par Marcel JEANDEL<\/p>\n<p><img loading=\"lazy\" decoding=\"async\" class=\"aligncenter wp-image-1336\" src=\"http:\/\/yavaitcachezmeme.fr\/wp-content\/uploads\/2016\/02\/BERNAY_H_0688.jpg\" alt=\"\" width=\"820\" height=\"517\" srcset=\"https:\/\/yavaitcachezmeme.fr\/wp-content\/uploads\/2016\/02\/BERNAY_H_0688.jpg 836w, https:\/\/yavaitcachezmeme.fr\/wp-content\/uploads\/2016\/02\/BERNAY_H_0688-600x378.jpg 600w\" sizes=\"auto, (max-width: 820px) 100vw, 820px\" \/><\/p>\n<p style=\"text-align: center;\">Soldats sur le quai de la gare<\/p>\n<p><img loading=\"lazy\" decoding=\"async\" class=\"aligncenter wp-image-1333\" src=\"http:\/\/yavaitcachezmeme.fr\/wp-content\/uploads\/2016\/02\/BERNAY_H_0685.jpg\" alt=\"\" width=\"820\" height=\"515\" srcset=\"https:\/\/yavaitcachezmeme.fr\/wp-content\/uploads\/2016\/02\/BERNAY_H_0685.jpg 836w, https:\/\/yavaitcachezmeme.fr\/wp-content\/uploads\/2016\/02\/BERNAY_H_0685-600x377.jpg 600w, https:\/\/yavaitcachezmeme.fr\/wp-content\/uploads\/2016\/02\/BERNAY_H_0685-542x340.jpg 542w\" sizes=\"auto, (max-width: 820px) 100vw, 820px\" \/><\/p>\n<p style=\"text-align: center;\">Un message<\/p>\n<p><img loading=\"lazy\" decoding=\"async\" class=\"aligncenter wp-image-1335\" src=\"http:\/\/yavaitcachezmeme.fr\/wp-content\/uploads\/2016\/02\/BERNAY_H_0687.jpg\" alt=\"\" width=\"820\" height=\"512\" srcset=\"https:\/\/yavaitcachezmeme.fr\/wp-content\/uploads\/2016\/02\/BERNAY_H_0687.jpg 840w, https:\/\/yavaitcachezmeme.fr\/wp-content\/uploads\/2016\/02\/BERNAY_H_0687-600x374.jpg 600w\" sizes=\"auto, (max-width: 820px) 100vw, 820px\" \/><\/p>\n<p style=\"text-align: center;\">Arrestation de la petite normande place Gustave H\u00e9on<\/p>\n<p><img loading=\"lazy\" decoding=\"async\" class=\"aligncenter wp-image-1332\" src=\"http:\/\/yavaitcachezmeme.fr\/wp-content\/uploads\/2016\/02\/BERNAY_H_0684.jpg\" alt=\"\" width=\"820\" height=\"520\" srcset=\"https:\/\/yavaitcachezmeme.fr\/wp-content\/uploads\/2016\/02\/BERNAY_H_0684.jpg 841w, https:\/\/yavaitcachezmeme.fr\/wp-content\/uploads\/2016\/02\/BERNAY_H_0684-600x380.jpg 600w\" sizes=\"auto, (max-width: 820px) 100vw, 820px\" \/><\/p>\n<p style=\"text-align: center;\">Parlementassions avec l&rsquo;occupant<\/p>\n<p><img loading=\"lazy\" decoding=\"async\" class=\"aligncenter wp-image-1334\" src=\"http:\/\/yavaitcachezmeme.fr\/wp-content\/uploads\/2016\/02\/BERNAY_H_0686.jpg\" alt=\"\" width=\"820\" height=\"518\" srcset=\"https:\/\/yavaitcachezmeme.fr\/wp-content\/uploads\/2016\/02\/BERNAY_H_0686.jpg 834w, https:\/\/yavaitcachezmeme.fr\/wp-content\/uploads\/2016\/02\/BERNAY_H_0686-600x379.jpg 600w\" sizes=\"auto, (max-width: 820px) 100vw, 820px\" \/><\/p>\n<p style=\"text-align: center;\">La balade des balais<\/p>\n<p style=\"text-align: justify;\">Marcel JEANDEL (18-04-1892 \u2013 20-11-1970)<br \/>\nN\u00e9 \u00e0 ST-CLAIR-D\u2019ARCEY, son p\u00e8re est maire et propri\u00e9taire du domaine du Nouveau Monde.<br \/>\nPo\u00e8te et artiste peintre, il s\u2019essaye \u00e9galement \u00e0 l\u2019\u00e9criture de pi\u00e8ces de th\u00e9\u00e2tre dont \u00ab Bernay Bern\u00e9 \u00bb et \u00ab H\u00e9\u2026 on continue ! \u00bb. Des pi\u00e8ces jou\u00e9es par la troupe le T-A-B (Tr\u00e9teau Amical Bernayen).<br \/>\nMort \u00e0 l\u2019h\u00f4pital de Bernay, il est enterr\u00e9 dans le cimeti\u00e8re de ST-CLAIR-D\u2019ARCEY o\u00f9 sa tombe est toujours visible.<\/p>\n<p><img loading=\"lazy\" decoding=\"async\" class=\"aligncenter wp-image-1616\" src=\"http:\/\/yavaitcachezmeme.fr\/wp-content\/uploads\/2016\/03\/1931-07-09_Folklore-th\u00e9atre.jpg\" alt=\"\" width=\"820\" height=\"643\" srcset=\"https:\/\/yavaitcachezmeme.fr\/wp-content\/uploads\/2016\/03\/1931-07-09_Folklore-th\u00e9atre.jpg 800w, https:\/\/yavaitcachezmeme.fr\/wp-content\/uploads\/2016\/03\/1931-07-09_Folklore-th\u00e9atre-600x470.jpg 600w\" sizes=\"auto, (max-width: 820px) 100vw, 820px\" \/><\/p>\n<p style=\"text-align: center;\">S\u00e9ance r\u00e9cr\u00e9ative du 9 juillet 1931 par les \u00e9l\u00e8ves du coll\u00e8ge A. Fresnel<\/p>\n<p style=\"text-align: center;\"><img loading=\"lazy\" decoding=\"async\" class=\"alignnone wp-image-12440\" src=\"https:\/\/yavaitcachezmeme.fr\/wp-content\/uploads\/2024\/11\/F-T-578x600.png\" alt=\"\" width=\"96\" height=\"100\" srcset=\"https:\/\/yavaitcachezmeme.fr\/wp-content\/uploads\/2024\/11\/F-T-578x600.png 578w, https:\/\/yavaitcachezmeme.fr\/wp-content\/uploads\/2024\/11\/F-T.png 591w\" sizes=\"auto, (max-width: 96px) 100vw, 96px\" \/><\/p>\n<p style=\"text-align: justify;\">Les th\u00e8mes de la rubrique <span style=\"color: #ff6600;\"><strong>BERNAY<\/strong><\/span> sont \u00e0 visiter en cliquant sur les liens suivants :<\/p>\n<p style=\"text-align: justify;\"><strong><a href=\"https:\/\/yavaitcachezmeme.fr\/index.php\/bernay\/arts\/\">Arts<\/a> &#8211; <a href=\"https:\/\/yavaitcachezmeme.fr\/index.php\/bernay\/cabinet-de-lecture\/\">Cabinet de lecture<\/a> &#8211; <a href=\"https:\/\/yavaitcachezmeme.fr\/index.php\/bernay\/les-annees-50-70\/\">Les ann\u00e9es 50-70<\/a>\u00a0 &#8211; \u00a0<a href=\"http:\/\/yavaitcachezmeme.fr\/index.php\/bernay\/edifices-et-monuments\/\">\u00c9difices &amp; monuments<\/a>\u00a0 &#8211; \u00a0<a href=\"http:\/\/yavaitcachezmeme.fr\/index.php\/bernay\/folklore-theatre\/\">Folklore et th\u00e9\u00e2tre<\/a>\u00a0 &#8211; \u00a0<a href=\"http:\/\/yavaitcachezmeme.fr\/index.php\/bernay\/les-hameaux\/\">Les Hameaux<\/a>\u00a0 &#8211; \u00a0<a href=\"http:\/\/yavaitcachezmeme.fr\/index.php\/bernay\/hippodrome\/\">L&rsquo;hippodrome<\/a>\u00a0 &#8211; <a href=\"https:\/\/yavaitcachezmeme.fr\/index.php\/bernay\/histoire-ferroviaire\/\">Histoire ferroviaire<\/a> &#8211;\u00a0 <a href=\"http:\/\/yavaitcachezmeme.fr\/index.php\/bernay\/jardins-et-rivieres\/\">Jardins &amp; rivi\u00e8res<\/a>\u00a0 &#8211; \u00a0<a href=\"http:\/\/yavaitcachezmeme.fr\/index.php\/bernay\/publicites\/\">Publicit\u00e9s<\/a>\u00a0 &#8211; <a href=\"https:\/\/yavaitcachezmeme.fr\/index.php\/bernay\/sport\/\">Sport<\/a> &#8211; <a href=\"http:\/\/yavaitcachezmeme.fr\/index.php\/bernay\/vie-militaire\/\">Vie militaire<\/a>\u00a0 &#8211; \u00a0<a href=\"http:\/\/yavaitcachezmeme.fr\/index.php\/bernay\/vieux-papiers\/\">Vieux papiers<\/a> &#8211; <a href=\"http:\/\/yavaitcachezmeme.fr\/index.php\/bernay\/vues-aeriennes\/\">Vues a\u00e9riennes<\/a>\u00a0<\/strong><\/p>\n<p style=\"text-align: center;\"><a href=\"https:\/\/yavaitcachezmeme.fr\/\"><img loading=\"lazy\" decoding=\"async\" class=\"aligncenter wp-image-5243\" src=\"https:\/\/yavaitcachezmeme.fr\/wp-content\/uploads\/2024\/11\/Marque-b.png\" alt=\"\" width=\"25\" height=\"43\" \/><\/a><\/p>\n<\/div>\n","protected":false},"excerpt":{"rendered":"<p>Folklore &amp; Th\u00e9\u00e2tre pr\u00e9sente des sc\u00e8nes de th\u00e9\u00e2tre, f\u00eates, corso fleuri, etc&#8230; Dans la cour des anciens abattoirs. Dans la cour des anciens&#8230;<\/p>\n","protected":false},"author":1,"featured_media":0,"parent":93,"menu_order":25,"comment_status":"closed","ping_status":"closed","template":"","meta":{"footnotes":""},"class_list":["post-1342","page","type-page","status-publish","hentry"],"_links":{"self":[{"href":"https:\/\/yavaitcachezmeme.fr\/index.php\/wp-json\/wp\/v2\/pages\/1342","targetHints":{"allow":["GET"]}}],"collection":[{"href":"https:\/\/yavaitcachezmeme.fr\/index.php\/wp-json\/wp\/v2\/pages"}],"about":[{"href":"https:\/\/yavaitcachezmeme.fr\/index.php\/wp-json\/wp\/v2\/types\/page"}],"author":[{"embeddable":true,"href":"https:\/\/yavaitcachezmeme.fr\/index.php\/wp-json\/wp\/v2\/users\/1"}],"replies":[{"embeddable":true,"href":"https:\/\/yavaitcachezmeme.fr\/index.php\/wp-json\/wp\/v2\/comments?post=1342"}],"version-history":[{"count":57,"href":"https:\/\/yavaitcachezmeme.fr\/index.php\/wp-json\/wp\/v2\/pages\/1342\/revisions"}],"predecessor-version":[{"id":13242,"href":"https:\/\/yavaitcachezmeme.fr\/index.php\/wp-json\/wp\/v2\/pages\/1342\/revisions\/13242"}],"up":[{"embeddable":true,"href":"https:\/\/yavaitcachezmeme.fr\/index.php\/wp-json\/wp\/v2\/pages\/93"}],"wp:attachment":[{"href":"https:\/\/yavaitcachezmeme.fr\/index.php\/wp-json\/wp\/v2\/media?parent=1342"}],"curies":[{"name":"wp","href":"https:\/\/api.w.org\/{rel}","templated":true}]}}