{"id":1401,"date":"2016-02-26T08:30:22","date_gmt":"2016-02-26T07:30:22","guid":{"rendered":"http:\/\/yavaitcachezmeme.fr\/?page_id=1401"},"modified":"2025-04-25T06:22:33","modified_gmt":"2025-04-25T05:22:33","slug":"rue-de-lisieux","status":"publish","type":"page","link":"https:\/\/yavaitcachezmeme.fr\/index.php\/bernay-rues-places\/rue-de-lisieux\/","title":{"rendered":"Rue de Lisieux"},"content":{"rendered":"<div style=\"font-size: 120%; font-family: georgia;\">\n<p style=\"text-align: justify;\">La <span style=\"color: #ff9900;\"><strong>rue de Lisieux<\/strong><\/span> de la rue Gaston Folloppe \u00e0 la rue Anne de Ticheville. C&rsquo;est comme son nom l&rsquo;indique, l&rsquo;entr\u00e9e de ville \u00e0 l&rsquo;\u00e9poque depuis Lisieux.<\/p>\n<p style=\"text-align: center;\"><span style=\"color: #ff6600;\"><strong>~o~<\/strong><\/span><\/p>\n<p><img loading=\"lazy\" decoding=\"async\" class=\"aligncenter wp-image-920\" src=\"http:\/\/yavaitcachezmeme.fr\/wp-content\/uploads\/2016\/02\/38_rgf_BERNAY_H_0779.jpg\" alt=\"\" width=\"820\" height=\"522\" srcset=\"https:\/\/yavaitcachezmeme.fr\/wp-content\/uploads\/2016\/02\/38_rgf_BERNAY_H_0779.jpg 817w, https:\/\/yavaitcachezmeme.fr\/wp-content\/uploads\/2016\/02\/38_rgf_BERNAY_H_0779-600x382.jpg 600w\" sizes=\"auto, (max-width: 820px) 100vw, 820px\" \/><\/p>\n<p style=\"text-align: center;\">Rue de Lisieux (2) &#8211; Le moulin \u00e0 gauche a \u00e9t\u00e9 d\u00e9truit, c&rsquo;est aujourd&rsquo;hui un parking<\/p>\n<p><img loading=\"lazy\" decoding=\"async\" class=\"aligncenter wp-image-4804\" src=\"http:\/\/yavaitcachezmeme.fr\/wp-content\/uploads\/2020\/03\/rl_BERNAY_PCP_0462.jpg\" alt=\"\" width=\"820\" height=\"393\" srcset=\"https:\/\/yavaitcachezmeme.fr\/wp-content\/uploads\/2020\/03\/rl_BERNAY_PCP_0462.jpg 1541w, https:\/\/yavaitcachezmeme.fr\/wp-content\/uploads\/2020\/03\/rl_BERNAY_PCP_0462-600x288.jpg 600w, https:\/\/yavaitcachezmeme.fr\/wp-content\/uploads\/2020\/03\/rl_BERNAY_PCP_0462-1024x491.jpg 1024w, https:\/\/yavaitcachezmeme.fr\/wp-content\/uploads\/2020\/03\/rl_BERNAY_PCP_0462-1536x737.jpg 1536w\" sizes=\"auto, (max-width: 820px) 100vw, 820px\" \/><\/p>\n<p style=\"text-align: center;\">Extrait d&rsquo;une facture de la Minoterie du Pont-de-l&rsquo;\u00c9tang<\/p>\n<p><img loading=\"lazy\" decoding=\"async\" class=\"aligncenter wp-image-10198\" src=\"https:\/\/yavaitcachezmeme.fr\/wp-content\/uploads\/2023\/06\/BERNAY_H_1154-600x381.jpg\" alt=\"\" width=\"820\" height=\"520\" srcset=\"https:\/\/yavaitcachezmeme.fr\/wp-content\/uploads\/2023\/06\/BERNAY_H_1154-600x381.jpg 600w, https:\/\/yavaitcachezmeme.fr\/wp-content\/uploads\/2023\/06\/BERNAY_H_1154-1024x650.jpg 1024w, https:\/\/yavaitcachezmeme.fr\/wp-content\/uploads\/2023\/06\/BERNAY_H_1154-1536x974.jpg 1536w, https:\/\/yavaitcachezmeme.fr\/wp-content\/uploads\/2023\/06\/BERNAY_H_1154.jpg 1608w\" sizes=\"auto, (max-width: 820px) 100vw, 820px\" \/><\/p>\n<p style=\"text-align: center;\">Le personnel pause devant le moulin &#8211; L&rsquo;ensemble a \u00e9t\u00e9 d\u00e9truit &#8211; A gauche, c&rsquo;est<br \/>\naujourd&rsquo;hui un parking et \u00e0 droite l&rsquo;acc\u00e8s au moulin, c&rsquo;est la rue du Pont de l&rsquo;\u00c9tang<\/p>\n<p><img loading=\"lazy\" decoding=\"async\" class=\"aligncenter wp-image-1403\" src=\"http:\/\/yavaitcachezmeme.fr\/wp-content\/uploads\/2016\/02\/2_rl_BERNAY_V_0160.jpg\" alt=\"\" width=\"475\" height=\"745\" srcset=\"https:\/\/yavaitcachezmeme.fr\/wp-content\/uploads\/2016\/02\/2_rl_BERNAY_V_0160.jpg 525w, https:\/\/yavaitcachezmeme.fr\/wp-content\/uploads\/2016\/02\/2_rl_BERNAY_V_0160-383x600.jpg 383w\" sizes=\"auto, (max-width: 475px) 100vw, 475px\" \/><\/p>\n<p style=\"text-align: center;\">Rue de Lisieux (2) &#8211; Le Cosnier sans sa nouvelle passerelle<\/p>\n<p><img loading=\"lazy\" decoding=\"async\" class=\"aligncenter wp-image-1404\" src=\"http:\/\/yavaitcachezmeme.fr\/wp-content\/uploads\/2016\/02\/2_rl_BERNAY_V_0161.jpg\" alt=\"\" width=\"475\" height=\"729\" srcset=\"https:\/\/yavaitcachezmeme.fr\/wp-content\/uploads\/2016\/02\/2_rl_BERNAY_V_0161.jpg 532w, https:\/\/yavaitcachezmeme.fr\/wp-content\/uploads\/2016\/02\/2_rl_BERNAY_V_0161-391x600.jpg 391w\" sizes=\"auto, (max-width: 475px) 100vw, 475px\" \/><\/p>\n<p style=\"text-align: center;\">Rue de Lisieux (2) &#8211; Le Cosnier et ses lavoirs<\/p>\n<p><img loading=\"lazy\" decoding=\"async\" class=\"aligncenter wp-image-6855\" src=\"https:\/\/yavaitcachezmeme.fr\/wp-content\/uploads\/2022\/01\/BERNAY_P-V_0048-426x600.jpg\" alt=\"\" width=\"475\" height=\"669\" srcset=\"https:\/\/yavaitcachezmeme.fr\/wp-content\/uploads\/2022\/01\/BERNAY_P-V_0048-426x600.jpg 426w, https:\/\/yavaitcachezmeme.fr\/wp-content\/uploads\/2022\/01\/BERNAY_P-V_0048.jpg 721w\" sizes=\"auto, (max-width: 475px) 100vw, 475px\" \/><\/p>\n<p style=\"text-align: center;\">Rue de Lisieux &#8211; Vue prise de l&rsquo;ancien moulin<\/p>\n<p style=\"text-align: center;\"><img loading=\"lazy\" decoding=\"async\" class=\"aligncenter wp-image-1405 size-full\" src=\"https:\/\/yavaitcachezmeme.fr\/wp-content\/uploads\/2016\/02\/10_rl_BERNAY_H_0448.jpg\" alt=\"\" width=\"824\" height=\"524\" srcset=\"https:\/\/yavaitcachezmeme.fr\/wp-content\/uploads\/2016\/02\/10_rl_BERNAY_H_0448.jpg 824w, https:\/\/yavaitcachezmeme.fr\/wp-content\/uploads\/2016\/02\/10_rl_BERNAY_H_0448-600x382.jpg 600w\" sizes=\"auto, (max-width: 824px) 100vw, 824px\" \/><\/p>\n<p style=\"text-align: center;\">Rue de Lisieux (10) &#8211; En haut, le boulevard des Monts<\/p>\n<p><img loading=\"lazy\" decoding=\"async\" class=\"aligncenter wp-image-3063\" src=\"http:\/\/yavaitcachezmeme.fr\/wp-content\/uploads\/2017\/11\/10_rl_BERNAY_H_0995.jpg\" alt=\"\" width=\"820\" height=\"523\" srcset=\"https:\/\/yavaitcachezmeme.fr\/wp-content\/uploads\/2017\/11\/10_rl_BERNAY_H_0995.jpg 802w, https:\/\/yavaitcachezmeme.fr\/wp-content\/uploads\/2017\/11\/10_rl_BERNAY_H_0995-600x383.jpg 600w\" sizes=\"auto, (max-width: 820px) 100vw, 820px\" \/><\/p>\n<p style=\"text-align: center;\">Rue de Lisieux (10) &#8211; A gauche, l&rsquo;enseigne d&rsquo;un serrurier<\/p>\n<p style=\"text-align: center;\"><img loading=\"lazy\" decoding=\"async\" class=\"aligncenter wp-image-1406\" src=\"http:\/\/yavaitcachezmeme.fr\/wp-content\/uploads\/2016\/02\/12_rl_BERNAY_H_0814.jpg\" alt=\"\" width=\"820\" height=\"521\" srcset=\"https:\/\/yavaitcachezmeme.fr\/wp-content\/uploads\/2016\/02\/12_rl_BERNAY_H_0814.jpg 830w, https:\/\/yavaitcachezmeme.fr\/wp-content\/uploads\/2016\/02\/12_rl_BERNAY_H_0814-600x381.jpg 600w\" sizes=\"auto, (max-width: 820px) 100vw, 820px\" \/><\/p>\n<p style=\"text-align: center;\">Rue de Lisieux (12) &#8211; Circulation intense<\/p>\n<p><img loading=\"lazy\" decoding=\"async\" class=\"aligncenter wp-image-2672\" src=\"http:\/\/yavaitcachezmeme.fr\/wp-content\/uploads\/2017\/10\/14_rl_BERNAY_H_0988.jpg\" alt=\"\" width=\"820\" height=\"519\" srcset=\"https:\/\/yavaitcachezmeme.fr\/wp-content\/uploads\/2017\/10\/14_rl_BERNAY_H_0988.jpg 802w, https:\/\/yavaitcachezmeme.fr\/wp-content\/uploads\/2017\/10\/14_rl_BERNAY_H_0988-600x380.jpg 600w\" sizes=\"auto, (max-width: 820px) 100vw, 820px\" \/><\/p>\n<p style=\"text-align: center;\">Rue de Lisieux (14) &#8211; A droite, la rue des Sources<\/p>\n<p><img loading=\"lazy\" decoding=\"async\" class=\"aligncenter wp-image-3947\" src=\"http:\/\/yavaitcachezmeme.fr\/wp-content\/uploads\/2018\/05\/BERNAY_H_1026.jpg\" alt=\"\" width=\"820\" height=\"529\" srcset=\"https:\/\/yavaitcachezmeme.fr\/wp-content\/uploads\/2018\/05\/BERNAY_H_1026.jpg 796w, https:\/\/yavaitcachezmeme.fr\/wp-content\/uploads\/2018\/05\/BERNAY_H_1026-600x387.jpg 600w\" sizes=\"auto, (max-width: 820px) 100vw, 820px\" \/><\/p>\n<p style=\"text-align: center;\">Rue de Lisieux (14) &#8211; A droite, l&rsquo;enseigne d&rsquo;un coiffeur<\/p>\n<p><img loading=\"lazy\" decoding=\"async\" class=\"aligncenter wp-image-1407\" src=\"http:\/\/yavaitcachezmeme.fr\/wp-content\/uploads\/2016\/02\/16_rl_BERNAY_H_0442.jpg\" alt=\"\" width=\"820\" height=\"523\" srcset=\"https:\/\/yavaitcachezmeme.fr\/wp-content\/uploads\/2016\/02\/16_rl_BERNAY_H_0442.jpg 826w, https:\/\/yavaitcachezmeme.fr\/wp-content\/uploads\/2016\/02\/16_rl_BERNAY_H_0442-600x383.jpg 600w\" sizes=\"auto, (max-width: 820px) 100vw, 820px\" \/><\/p>\n<p style=\"text-align: center;\">Rue de Lisieux (16) &#8211; L&rsquo;immeuble de gauche abritait, il y a encore peu un caf\u00e9<\/p>\n<p><img loading=\"lazy\" decoding=\"async\" class=\"aligncenter wp-image-1408\" src=\"http:\/\/yavaitcachezmeme.fr\/wp-content\/uploads\/2016\/02\/16_rl_BERNAY_H_0521.jpg\" alt=\"\" width=\"820\" height=\"530\" srcset=\"https:\/\/yavaitcachezmeme.fr\/wp-content\/uploads\/2016\/02\/16_rl_BERNAY_H_0521.jpg 825w, https:\/\/yavaitcachezmeme.fr\/wp-content\/uploads\/2016\/02\/16_rl_BERNAY_H_0521-600x388.jpg 600w\" sizes=\"auto, (max-width: 820px) 100vw, 820px\" \/><\/p>\n<p style=\"text-align: center;\">Rue de Lisieux (16) &#8211; Maisons \u00e0 encorbellement<\/p>\n<p><img loading=\"lazy\" decoding=\"async\" class=\"aligncenter wp-image-8641\" src=\"https:\/\/yavaitcachezmeme.fr\/wp-content\/uploads\/2022\/11\/1_Epicerie-Henri-HUNOUT-600x387.jpg\" alt=\"\" width=\"820\" height=\"529\" srcset=\"https:\/\/yavaitcachezmeme.fr\/wp-content\/uploads\/2022\/11\/1_Epicerie-Henri-HUNOUT-600x387.jpg 600w, https:\/\/yavaitcachezmeme.fr\/wp-content\/uploads\/2022\/11\/1_Epicerie-Henri-HUNOUT-1024x661.jpg 1024w, https:\/\/yavaitcachezmeme.fr\/wp-content\/uploads\/2022\/11\/1_Epicerie-Henri-HUNOUT.jpg 1535w\" sizes=\"auto, (max-width: 820px) 100vw, 820px\" \/><\/p>\n<p style=\"text-align: center;\">Rue de Lisieux (11) &#8211; \u00c9picerie Henri HUNOUT<br \/>\nA gauche sur la photo, Alice HUNOUT fille d&rsquo;Armand PLESSIS cordonnier \u00e0 Bernay.<\/p>\n<p><img loading=\"lazy\" decoding=\"async\" class=\"aligncenter wp-image-1409\" src=\"http:\/\/yavaitcachezmeme.fr\/wp-content\/uploads\/2016\/02\/32_rl_BERNAY_V_0107.jpg\" alt=\"\" width=\"475\" height=\"742\" srcset=\"https:\/\/yavaitcachezmeme.fr\/wp-content\/uploads\/2016\/02\/32_rl_BERNAY_V_0107.jpg 522w, https:\/\/yavaitcachezmeme.fr\/wp-content\/uploads\/2016\/02\/32_rl_BERNAY_V_0107-384x600.jpg 384w\" sizes=\"auto, (max-width: 475px) 100vw, 475px\" \/><\/p>\n<p style=\"text-align: center;\">Rue de Lisieux (32) &#8211; Maisons \u00ab\u00a0gothiques\u00a0\u00bb<\/p>\n<p><img loading=\"lazy\" decoding=\"async\" class=\"aligncenter wp-image-1410\" src=\"http:\/\/yavaitcachezmeme.fr\/wp-content\/uploads\/2016\/02\/32_rl_BERNAY_V_0216.jpg\" alt=\"\" width=\"475\" height=\"753\" srcset=\"https:\/\/yavaitcachezmeme.fr\/wp-content\/uploads\/2016\/02\/32_rl_BERNAY_V_0216.jpg 523w, https:\/\/yavaitcachezmeme.fr\/wp-content\/uploads\/2016\/02\/32_rl_BERNAY_V_0216-379x600.jpg 379w\" sizes=\"auto, (max-width: 475px) 100vw, 475px\" \/><\/p>\n<p style=\"text-align: center;\">Rue de Lisieux (32) &#8211; Maisons \u00e0 encorbellement<\/p>\n<p style=\"text-align: center;\"><span style=\"color: #ff6600;\"><strong>~o~<\/strong><\/span><\/p>\n<p style=\"text-align: justify;\"><span style=\"color: #ff6600;\"><strong>Les chauss\u00e9es de Bernay <\/strong><\/span>\u00e0 visiter en cliquant sur les liens suivants :<\/p>\n<p style=\"text-align: justify;\">Les avenues et boulevards : <strong><a href=\"https:\/\/yavaitcachezmeme.fr\/index.php\/bernay-rues-places\/avenue-lottin-de-laval\/\">Avenue Lottin de Laval<\/a> &#8211; <a href=\"https:\/\/yavaitcachezmeme.fr\/index.php\/bernay-rues-places\/boulevard-du-bas-bouffey\/\">Boulevard du Bas-Bouffey<\/a> &#8211; <a href=\"http:\/\/yavaitcachezmeme.fr\/index.php\/bernay-rues-places\/boulevard-dubus\/\">Boulevard Dubus<\/a>\u00a0 &#8211;\u00a0 <a href=\"http:\/\/yavaitcachezmeme.fr\/index.php\/bernay-rues-places\/boulevard-des-monts\/\">Boulevard des Monts<\/a><\/strong><\/p>\n<p style=\"text-align: justify;\">Les places : <strong><a href=\"http:\/\/yavaitcachezmeme.fr\/index.php\/bernay-rues-places\/place-dupont-de-leure\/\">Place Dupont de l&rsquo;Eure<\/a>\u00a0 &#8211; \u00a0<a href=\"http:\/\/yavaitcachezmeme.fr\/index.php\/bernay-rues-places\/place-guillaume-de-volpiano\/\">Place Guillaume de Volpiano<\/a>\u00a0 &#8211; \u00a0<a href=\"http:\/\/yavaitcachezmeme.fr\/index.php\/bernay-rues-places\/place-gustave-heon\/\">Place Gustave H\u00e9on<\/a>\u00a0 &#8211; \u00a0<a href=\"http:\/\/yavaitcachezmeme.fr\/index.php\/bernay-rues-places\/place-de-la-republique\/\">Place de La R\u00e9publique<\/a>\u00a0 &#8211; \u00a0<a href=\"http:\/\/yavaitcachezmeme.fr\/index.php\/bernay-rues-places\/place-sainte-croix\/\">Place Sainte-Croix<\/a>\u00a0 &#8211; \u00a0<a href=\"http:\/\/yavaitcachezmeme.fr\/index.php\/bernay-rues-places\/place-de-verdun\/\">Place de Verdun<\/a><\/strong><\/p>\n<p style=\"text-align: justify;\">Les rues : <strong><a href=\"https:\/\/yavaitcachezmeme.fr\/index.php\/bernay-rues-places\/rue-albert-parissot\/\">Rue Albert Parissot<\/a> &#8211;<\/strong> <strong><a href=\"http:\/\/yavaitcachezmeme.fr\/index.php\/bernay-rues-places\/3351-2\/\">Rue Alexandre<\/a>\u00a0 &#8211; \u00a0<a href=\"http:\/\/yavaitcachezmeme.fr\/index.php\/bernay-rues-places\/rue-auguste-le-prevost\/\">Rue Auguste Le Pr\u00e9vost<\/a>\u00a0 &#8211; \u00a0<a href=\"http:\/\/yavaitcachezmeme.fr\/index.php\/bernay-rues-places\/rue-bernard-gombert\/\">Rue Bernard Gombert<\/a>\u00a0 &#8211; \u00a0<a href=\"http:\/\/yavaitcachezmeme.fr\/index.php\/bernay-rues-places\/rue-de-la-charentonne\/\">Rue de La Charentonne<\/a>\u00a0 &#8211; \u00a0<a href=\"http:\/\/yavaitcachezmeme.fr\/index.php\/bernay-rues-places\/rue-gabriel-vallee\/\">Rue Gabriel Vall\u00e9e<\/a>\u00a0 &#8211; \u00a0<a href=\"http:\/\/yavaitcachezmeme.fr\/index.php\/bernay-rues-places\/rue-g-folloppe\/\">Rue Gaston Folloppe<\/a>\u00a0 &#8211; \u00a0<a href=\"http:\/\/yavaitcachezmeme.fr\/index.php\/bernay-rues-places\/rue-g-de-gaulle\/\">Rue du G\u00e9n\u00e9ral de Gaulle<\/a>\u00a0 &#8211; \u00a0<a href=\"http:\/\/yavaitcachezmeme.fr\/index.php\/bernay-rues-places\/rue-du-general-leclerc\/\">Rue du G\u00e9n\u00e9ral Leclerc<\/a>\u00a0 &#8211; \u00a0<a href=\"http:\/\/yavaitcachezmeme.fr\/index.php\/bernay-rues-places\/rue-jacques-daviel\/\">Rue Jacques Daviel<\/a>\u00a0 &#8211; \u00a0<a href=\"http:\/\/yavaitcachezmeme.fr\/index.php\/bernay-rues-places\/rue-de-lisieux\/\">Rue de Lisieux<\/a>\u00a0 &#8211; \u00a0<a href=\"http:\/\/yavaitcachezmeme.fr\/index.php\/bernay-rues-places\/rue-maurice-lemoing\/\">Rue Maurice Lemoing<\/a>\u00a0 &#8211; \u00a0<a href=\"http:\/\/yavaitcachezmeme.fr\/index.php\/bernay-rues-places\/rue-michel-hubert-descours\/\">Rue Michel-Hubert Descours<\/a>\u00a0 &#8211; \u00a0<a href=\"http:\/\/yavaitcachezmeme.fr\/index.php\/bernay-rues-places\/rue-militaire\/\">Rue Militaire<\/a>\u00a0 &#8211; \u00a0<a href=\"http:\/\/yavaitcachezmeme.fr\/index.php\/bernay-rues-places\/rue-de-morsan\/\">Rue de Morsan<\/a>\u00a0 &#8211; \u00a0<a href=\"http:\/\/yavaitcachezmeme.fr\/index.php\/bernay-rues-places\/rue-de-rouen\/\">Rue de Rouen<\/a>\u00a0 &#8211; \u00a0<a href=\"http:\/\/yavaitcachezmeme.fr\/index.php\/bernay-rues-places\/rue-des-sources\/\">Rue des Sources<\/a>\u00a0 &#8211; <a href=\"https:\/\/yavaitcachezmeme.fr\/index.php\/bernay-rues-places\/rue-de-la-sous-prefecture\/\">Rue de la Sous-Pr\u00e9fecture<\/a> &#8211; <a href=\"http:\/\/yavaitcachezmeme.fr\/index.php\/bernay-rues-places\/rue-thiers\/\">Rue Thiers<\/a>\u00a0 &#8211; \u00a0<a href=\"http:\/\/yavaitcachezmeme.fr\/index.php\/bernay-rues-places\/rue-de-lunion\/\">Rue de l&rsquo;Union<\/a>\u00a0 &#8211; \u00a0<a href=\"http:\/\/yavaitcachezmeme.fr\/index.php\/bernay-rues-places\/victoire-rue-de-la\/\">Rue de La Victoire<\/a><\/strong><\/p>\n<div style=\"font-size: 100%; font-family: georgia;\"><a href=\"https:\/\/yavaitcachezmeme.fr\/\"><img loading=\"lazy\" decoding=\"async\" class=\"aligncenter wp-image-5243\" src=\"https:\/\/yavaitcachezmeme.fr\/wp-content\/uploads\/2024\/11\/Marque-b.png\" alt=\"\" width=\"25\" height=\"43\" \/><\/a><\/div>\n<\/div>\n","protected":false},"excerpt":{"rendered":"<p>La rue de Lisieux de la rue Gaston Folloppe \u00e0 la rue Anne de Ticheville. C&rsquo;est comme son nom l&rsquo;indique, l&rsquo;entr\u00e9e de ville&#8230;<\/p>\n","protected":false},"author":1,"featured_media":0,"parent":1068,"menu_order":235,"comment_status":"closed","ping_status":"closed","template":"","meta":{"footnotes":""},"class_list":["post-1401","page","type-page","status-publish","hentry"],"_links":{"self":[{"href":"https:\/\/yavaitcachezmeme.fr\/index.php\/wp-json\/wp\/v2\/pages\/1401","targetHints":{"allow":["GET"]}}],"collection":[{"href":"https:\/\/yavaitcachezmeme.fr\/index.php\/wp-json\/wp\/v2\/pages"}],"about":[{"href":"https:\/\/yavaitcachezmeme.fr\/index.php\/wp-json\/wp\/v2\/types\/page"}],"author":[{"embeddable":true,"href":"https:\/\/yavaitcachezmeme.fr\/index.php\/wp-json\/wp\/v2\/users\/1"}],"replies":[{"embeddable":true,"href":"https:\/\/yavaitcachezmeme.fr\/index.php\/wp-json\/wp\/v2\/comments?post=1401"}],"version-history":[{"count":37,"href":"https:\/\/yavaitcachezmeme.fr\/index.php\/wp-json\/wp\/v2\/pages\/1401\/revisions"}],"predecessor-version":[{"id":12932,"href":"https:\/\/yavaitcachezmeme.fr\/index.php\/wp-json\/wp\/v2\/pages\/1401\/revisions\/12932"}],"up":[{"embeddable":true,"href":"https:\/\/yavaitcachezmeme.fr\/index.php\/wp-json\/wp\/v2\/pages\/1068"}],"wp:attachment":[{"href":"https:\/\/yavaitcachezmeme.fr\/index.php\/wp-json\/wp\/v2\/media?parent=1401"}],"curies":[{"name":"wp","href":"https:\/\/api.w.org\/{rel}","templated":true}]}}