{"id":1428,"date":"2016-02-26T09:00:09","date_gmt":"2016-02-26T08:00:09","guid":{"rendered":"http:\/\/yavaitcachezmeme.fr\/?page_id=1428"},"modified":"2025-05-07T18:23:43","modified_gmt":"2025-05-07T17:23:43","slug":"rue-de-la-charentonne","status":"publish","type":"page","link":"https:\/\/yavaitcachezmeme.fr\/index.php\/bernay-rues-places\/rue-de-la-charentonne\/","title":{"rendered":"Rue de la Charentonne"},"content":{"rendered":"<div style=\"font-size: 120%; font-family: georgia;\">\n<p style=\"text-align: justify;\">La <span style=\"color: #ff6600;\"><strong>rue de la Charentonne<\/strong><\/span> de la place de la R\u00e9publique au boulevard Dubus. C&rsquo;est l&rsquo;ancien chemin de Boucheville.<\/p>\n<p style=\"text-align: center;\"><span style=\"color: #ff6600;\"><strong>~o~<\/strong><\/span><\/p>\n<p><img loading=\"lazy\" decoding=\"async\" class=\"aligncenter wp-image-1431\" src=\"http:\/\/yavaitcachezmeme.fr\/wp-content\/uploads\/2016\/02\/2b_rdlc_BERNAY_V_0115.jpg\" alt=\"\" width=\"475\" height=\"741\" srcset=\"https:\/\/yavaitcachezmeme.fr\/wp-content\/uploads\/2016\/02\/2b_rdlc_BERNAY_V_0115.jpg 530w, https:\/\/yavaitcachezmeme.fr\/wp-content\/uploads\/2016\/02\/2b_rdlc_BERNAY_V_0115-385x600.jpg 385w\" sizes=\"auto, (max-width: 475px) 100vw, 475px\" \/><\/p>\n<p style=\"text-align: center;\">Rue de la Charentonne (2) &#8211; Le moulin de droite<br \/>\na \u00e9t\u00e9 r\u00e9nov\u00e9, c&rsquo;est aujourd&rsquo;hui la m\u00e9diath\u00e8que<\/p>\n<p><img loading=\"lazy\" decoding=\"async\" class=\"aligncenter wp-image-4899\" src=\"https:\/\/yavaitcachezmeme.fr\/wp-content\/uploads\/2020\/04\/2_rdlc_BERNAY_PCP_0302.jpg\" alt=\"\" width=\"820\" height=\"312\" srcset=\"https:\/\/yavaitcachezmeme.fr\/wp-content\/uploads\/2020\/04\/2_rdlc_BERNAY_PCP_0302.jpg 1580w, https:\/\/yavaitcachezmeme.fr\/wp-content\/uploads\/2020\/04\/2_rdlc_BERNAY_PCP_0302-600x228.jpg 600w, https:\/\/yavaitcachezmeme.fr\/wp-content\/uploads\/2020\/04\/2_rdlc_BERNAY_PCP_0302-1024x390.jpg 1024w, https:\/\/yavaitcachezmeme.fr\/wp-content\/uploads\/2020\/04\/2_rdlc_BERNAY_PCP_0302-1536x584.jpg 1536w\" sizes=\"auto, (max-width: 820px) 100vw, 820px\" \/><\/p>\n<p style=\"text-align: center;\">Traite de la Minoterie J. Guilbert<\/p>\n<p><img loading=\"lazy\" decoding=\"async\" class=\"aligncenter wp-image-1432\" src=\"http:\/\/yavaitcachezmeme.fr\/wp-content\/uploads\/2016\/02\/18_rdlc_BERNAY_H_0583.jpg\" alt=\"\" width=\"820\" height=\"527\" srcset=\"https:\/\/yavaitcachezmeme.fr\/wp-content\/uploads\/2016\/02\/18_rdlc_BERNAY_H_0583.jpg 824w, https:\/\/yavaitcachezmeme.fr\/wp-content\/uploads\/2016\/02\/18_rdlc_BERNAY_H_0583-600x386.jpg 600w\" sizes=\"auto, (max-width: 820px) 100vw, 820px\" \/><\/p>\n<p style=\"text-align: center;\">Rue de la Charentonne (18) &#8211; Toutes les maisons de droite ont \u00e9t\u00e9<br \/>\nd\u00e9truites lors du bombardement de la seconde guerre mondiale<\/p>\n<p><img loading=\"lazy\" decoding=\"async\" class=\"aligncenter wp-image-1433\" src=\"http:\/\/yavaitcachezmeme.fr\/wp-content\/uploads\/2016\/02\/18_rdlc_BERNAY_H_0584.jpg\" alt=\"\" width=\"820\" height=\"531\" srcset=\"https:\/\/yavaitcachezmeme.fr\/wp-content\/uploads\/2016\/02\/18_rdlc_BERNAY_H_0584.jpg 819w, https:\/\/yavaitcachezmeme.fr\/wp-content\/uploads\/2016\/02\/18_rdlc_BERNAY_H_0584-600x388.jpg 600w\" sizes=\"auto, (max-width: 820px) 100vw, 820px\" \/><\/p>\n<p style=\"text-align: center;\">Rue de la Charentonne (18) &#8211; Sur la chemin\u00e9e \u00e0 droite, la croix<br \/>\nblanche qui donnera son nom \u00e0 l&rsquo;h\u00f4tel de la Croix Blanche<\/p>\n<p><img loading=\"lazy\" decoding=\"async\" class=\"aligncenter wp-image-1434\" src=\"http:\/\/yavaitcachezmeme.fr\/wp-content\/uploads\/2016\/02\/18_rdlc_BERNAY_H_0585.jpg\" alt=\"\" width=\"820\" height=\"528\" srcset=\"https:\/\/yavaitcachezmeme.fr\/wp-content\/uploads\/2016\/02\/18_rdlc_BERNAY_H_0585.jpg 828w, https:\/\/yavaitcachezmeme.fr\/wp-content\/uploads\/2016\/02\/18_rdlc_BERNAY_H_0585-600x386.jpg 600w\" sizes=\"auto, (max-width: 820px) 100vw, 820px\" \/><\/p>\n<p style=\"text-align: center;\">Rue de la Charentonne (18) &#8211; L&rsquo;h\u00f4tel de la Croix Blanche<\/p>\n<p><img loading=\"lazy\" decoding=\"async\" class=\"aligncenter wp-image-1435\" src=\"http:\/\/yavaitcachezmeme.fr\/wp-content\/uploads\/2016\/02\/18_rdlc_BERNAY_H_0632.jpg\" alt=\"\" width=\"820\" height=\"526\" srcset=\"https:\/\/yavaitcachezmeme.fr\/wp-content\/uploads\/2016\/02\/18_rdlc_BERNAY_H_0632.jpg 822w, https:\/\/yavaitcachezmeme.fr\/wp-content\/uploads\/2016\/02\/18_rdlc_BERNAY_H_0632-600x385.jpg 600w\" sizes=\"auto, (max-width: 820px) 100vw, 820px\" \/><\/p>\n<p style=\"text-align: center;\">Rue de la Charentonne (18) &#8211; L&rsquo;h\u00f4tel sera d\u00e9truit le 27 juillet 1944<\/p>\n<p><img loading=\"lazy\" decoding=\"async\" class=\"aligncenter wp-image-4159\" src=\"http:\/\/yavaitcachezmeme.fr\/wp-content\/uploads\/2018\/07\/BERNAY_P-H_0069.jpg\" alt=\"\" width=\"820\" height=\"580\" srcset=\"https:\/\/yavaitcachezmeme.fr\/wp-content\/uploads\/2018\/07\/BERNAY_P-H_0069.jpg 2002w, https:\/\/yavaitcachezmeme.fr\/wp-content\/uploads\/2018\/07\/BERNAY_P-H_0069-600x424.jpg 600w, https:\/\/yavaitcachezmeme.fr\/wp-content\/uploads\/2018\/07\/BERNAY_P-H_0069-1024x724.jpg 1024w, https:\/\/yavaitcachezmeme.fr\/wp-content\/uploads\/2018\/07\/BERNAY_P-H_0069-1536x1086.jpg 1536w\" sizes=\"auto, (max-width: 820px) 100vw, 820px\" \/><\/p>\n<p style=\"text-align: center;\">Les maisons d\u00e9truites suite aux bombardements du<br \/>\n27 juillet 1944 depuis la cour de l&rsquo;\u00e9cole Jeanne d&rsquo;Arc<\/p>\n<p><img loading=\"lazy\" decoding=\"async\" class=\"aligncenter wp-image-1443\" src=\"http:\/\/yavaitcachezmeme.fr\/wp-content\/uploads\/2016\/02\/BERNAY_V_0117.jpg\" alt=\"\" width=\"475\" height=\"754\" srcset=\"https:\/\/yavaitcachezmeme.fr\/wp-content\/uploads\/2016\/02\/BERNAY_V_0117.jpg 521w, https:\/\/yavaitcachezmeme.fr\/wp-content\/uploads\/2016\/02\/BERNAY_V_0117-378x600.jpg 378w\" sizes=\"auto, (max-width: 475px) 100vw, 475px\" \/><\/p>\n<p style=\"text-align: center;\">Rue de la Charentonne (23) &#8211; Orphelinat<br \/>\nAujourd&rsquo;hui \u00e9cole priv\u00e9e Jeanne d&rsquo;Arc<\/p>\n<p><img loading=\"lazy\" decoding=\"async\" class=\"aligncenter wp-image-1436 size-full\" src=\"https:\/\/yavaitcachezmeme.fr\/wp-content\/uploads\/2016\/02\/22_rdlc_BERNAY_H_0799.jpg\" alt=\"\" width=\"830\" height=\"527\" srcset=\"https:\/\/yavaitcachezmeme.fr\/wp-content\/uploads\/2016\/02\/22_rdlc_BERNAY_H_0799.jpg 830w, https:\/\/yavaitcachezmeme.fr\/wp-content\/uploads\/2016\/02\/22_rdlc_BERNAY_H_0799-600x381.jpg 600w\" sizes=\"auto, (max-width: 830px) 100vw, 830px\" \/><\/p>\n<p style=\"text-align: center;\">Rue de la Charentonne (22) &#8211; Cette rue \u00e9tait \u00e0 l&rsquo;\u00e9poque l&rsquo;entr\u00e9e de ville depuis Paris<\/p>\n<p><img loading=\"lazy\" decoding=\"async\" class=\"aligncenter wp-image-1437\" src=\"http:\/\/yavaitcachezmeme.fr\/wp-content\/uploads\/2016\/02\/24_rdlc_BERNAY_V_0116.jpg\" alt=\"\" width=\"475\" height=\"747\" srcset=\"https:\/\/yavaitcachezmeme.fr\/wp-content\/uploads\/2016\/02\/24_rdlc_BERNAY_V_0116.jpg 514w, https:\/\/yavaitcachezmeme.fr\/wp-content\/uploads\/2016\/02\/24_rdlc_BERNAY_V_0116-382x600.jpg 382w\" sizes=\"auto, (max-width: 475px) 100vw, 475px\" \/><\/p>\n<p style=\"text-align: center;\">Rue de la Charentonne (24) &#8211; A gauche<br \/>\nl&rsquo;enseigne de l&rsquo;h\u00f4tel du cheval bai<\/p>\n<p><img loading=\"lazy\" decoding=\"async\" class=\"aligncenter wp-image-1438\" src=\"http:\/\/yavaitcachezmeme.fr\/wp-content\/uploads\/2016\/02\/28_rdlc_BERNAY_H_0845.jpg\" alt=\"\" width=\"820\" height=\"524\" srcset=\"https:\/\/yavaitcachezmeme.fr\/wp-content\/uploads\/2016\/02\/28_rdlc_BERNAY_H_0845.jpg 835w, https:\/\/yavaitcachezmeme.fr\/wp-content\/uploads\/2016\/02\/28_rdlc_BERNAY_H_0845-600x384.jpg 600w\" sizes=\"auto, (max-width: 820px) 100vw, 820px\" \/><\/p>\n<p style=\"text-align: center;\">Rue de la Charentonne (28) &#8211; Vue depuis le pont de Boucheville<\/p>\n<p><img loading=\"lazy\" decoding=\"async\" class=\"aligncenter wp-image-1439 size-full\" src=\"https:\/\/yavaitcachezmeme.fr\/wp-content\/uploads\/2016\/02\/28_rdlc_BERNAY_V_0118.jpg\" alt=\"\" width=\"523\" height=\"829\" srcset=\"https:\/\/yavaitcachezmeme.fr\/wp-content\/uploads\/2016\/02\/28_rdlc_BERNAY_V_0118.jpg 523w, https:\/\/yavaitcachezmeme.fr\/wp-content\/uploads\/2016\/02\/28_rdlc_BERNAY_V_0118-379x600.jpg 379w\" sizes=\"auto, (max-width: 523px) 100vw, 523px\" \/><\/p>\n<p style=\"text-align: center;\">Rue de la Charentonne (28) &#8211; Sc\u00e8ne de<br \/>\nparage sur les bords de la Charentonne<\/p>\n<p><img loading=\"lazy\" decoding=\"async\" class=\"aligncenter wp-image-1440\" src=\"http:\/\/yavaitcachezmeme.fr\/wp-content\/uploads\/2016\/02\/30_rdclc_BERNAY_H_0724.jpg\" alt=\"\" width=\"820\" height=\"521\" srcset=\"https:\/\/yavaitcachezmeme.fr\/wp-content\/uploads\/2016\/02\/30_rdclc_BERNAY_H_0724.jpg 812w, https:\/\/yavaitcachezmeme.fr\/wp-content\/uploads\/2016\/02\/30_rdclc_BERNAY_H_0724-600x381.jpg 600w\" sizes=\"auto, (max-width: 820px) 100vw, 820px\" \/><\/p>\n<p style=\"text-align: center;\">Rue de la Charentonne (30) &#8211; Le pont de Boucheville<\/p>\n<p><img loading=\"lazy\" decoding=\"async\" class=\"aligncenter wp-image-1441\" src=\"http:\/\/yavaitcachezmeme.fr\/wp-content\/uploads\/2016\/02\/30_rdlc_BERNAY_H_0587.jpg\" alt=\"\" width=\"820\" height=\"513\" srcset=\"https:\/\/yavaitcachezmeme.fr\/wp-content\/uploads\/2016\/02\/30_rdlc_BERNAY_H_0587.jpg 817w, https:\/\/yavaitcachezmeme.fr\/wp-content\/uploads\/2016\/02\/30_rdlc_BERNAY_H_0587-600x375.jpg 600w, https:\/\/yavaitcachezmeme.fr\/wp-content\/uploads\/2016\/02\/30_rdlc_BERNAY_H_0587-542x340.jpg 542w\" sizes=\"auto, (max-width: 820px) 100vw, 820px\" \/><\/p>\n<p style=\"text-align: center;\">Rue de la Charentonne (30) &#8211; Le pont de la Boucheville sur le bras Sud de La Charentonne<\/p>\n<p><img loading=\"lazy\" decoding=\"async\" class=\"aligncenter wp-image-4392\" src=\"http:\/\/yavaitcachezmeme.fr\/wp-content\/uploads\/2019\/07\/BERNAY_V_0259.jpg\" alt=\"\" width=\"475\" height=\"746\" srcset=\"https:\/\/yavaitcachezmeme.fr\/wp-content\/uploads\/2019\/07\/BERNAY_V_0259.jpg 518w, https:\/\/yavaitcachezmeme.fr\/wp-content\/uploads\/2019\/07\/BERNAY_V_0259-382x600.jpg 382w\" sizes=\"auto, (max-width: 475px) 100vw, 475px\" \/><\/p>\n<p style=\"text-align: center;\">Rue de la Charentonne (30)<\/p>\n<p><img loading=\"lazy\" decoding=\"async\" class=\"aligncenter wp-image-1442\" src=\"http:\/\/yavaitcachezmeme.fr\/wp-content\/uploads\/2016\/02\/30_rdlc_BERNAY_H_0588.jpg\" alt=\"\" width=\"820\" height=\"525\" srcset=\"https:\/\/yavaitcachezmeme.fr\/wp-content\/uploads\/2016\/02\/30_rdlc_BERNAY_H_0588.jpg 818w, https:\/\/yavaitcachezmeme.fr\/wp-content\/uploads\/2016\/02\/30_rdlc_BERNAY_H_0588-600x384.jpg 600w\" sizes=\"auto, (max-width: 820px) 100vw, 820px\" \/><\/p>\n<p style=\"text-align: center;\">Rue de la Charentonne (30) &#8211; D&rsquo;un pas d\u00e9cid\u00e9<\/p>\n<p><img loading=\"lazy\" decoding=\"async\" class=\"aligncenter wp-image-2525\" src=\"http:\/\/yavaitcachezmeme.fr\/wp-content\/uploads\/2017\/09\/31_rdlc_BERNAY_V_0241.jpg\" alt=\"\" width=\"475\" height=\"750\" srcset=\"https:\/\/yavaitcachezmeme.fr\/wp-content\/uploads\/2017\/09\/31_rdlc_BERNAY_V_0241.jpg 512w, https:\/\/yavaitcachezmeme.fr\/wp-content\/uploads\/2017\/09\/31_rdlc_BERNAY_V_0241-380x600.jpg 380w\" sizes=\"auto, (max-width: 475px) 100vw, 475px\" \/><\/p>\n<p style=\"text-align: center;\">Rue de la Charentonne (29)<br \/>\nUn attelage rentre en ville<\/p>\n<p><img loading=\"lazy\" decoding=\"async\" class=\"aligncenter wp-image-1300\" src=\"http:\/\/yavaitcachezmeme.fr\/wp-content\/uploads\/2016\/02\/49_bd_BERNAY_H_0080.jpg\" alt=\"\" width=\"820\" height=\"524\" srcset=\"https:\/\/yavaitcachezmeme.fr\/wp-content\/uploads\/2016\/02\/49_bd_BERNAY_H_0080.jpg 826w, https:\/\/yavaitcachezmeme.fr\/wp-content\/uploads\/2016\/02\/49_bd_BERNAY_H_0080-600x384.jpg 600w\" sizes=\"auto, (max-width: 820px) 100vw, 820px\" \/><\/p>\n<p style=\"text-align: center;\">Boulevard Dubus (49) et rue de la Charentonne (40)<\/p>\n<p><img loading=\"lazy\" decoding=\"async\" class=\"aligncenter wp-image-4776\" src=\"https:\/\/yavaitcachezmeme.fr\/wp-content\/uploads\/2020\/03\/49_bd_BERNAY_PCP_0307.jpg\" alt=\"\" width=\"820\" height=\"372\" srcset=\"https:\/\/yavaitcachezmeme.fr\/wp-content\/uploads\/2020\/03\/49_bd_BERNAY_PCP_0307.jpg 1165w, https:\/\/yavaitcachezmeme.fr\/wp-content\/uploads\/2020\/03\/49_bd_BERNAY_PCP_0307-600x272.jpg 600w, https:\/\/yavaitcachezmeme.fr\/wp-content\/uploads\/2020\/03\/49_bd_BERNAY_PCP_0307-1024x465.jpg 1024w\" sizes=\"auto, (max-width: 820px) 100vw, 820px\" \/><\/p>\n<p style=\"text-align: center;\">Extrait d&rsquo;un courrier du Caf\u00e9 des Fleurs &#8211; 49 boulevard Dubus<\/p>\n<p style=\"text-align: center;\"><span style=\"color: #ff6600;\"><strong>~o~<\/strong><\/span><\/p>\n<p style=\"text-align: justify;\"><span style=\"color: #ff6600;\"><strong>Les chauss\u00e9es de Bernay <\/strong><\/span>\u00e0 visiter en cliquant sur les liens suivants :<\/p>\n<p style=\"text-align: justify;\">Les avenues et boulevards : <strong><a href=\"https:\/\/yavaitcachezmeme.fr\/index.php\/bernay-rues-places\/avenue-lottin-de-laval\/\">Avenue Lottin de Laval<\/a> &#8211; <a href=\"https:\/\/yavaitcachezmeme.fr\/index.php\/bernay-rues-places\/boulevard-du-bas-bouffey\/\">Boulevard du Bas-Bouffey<\/a> &#8211; <a href=\"http:\/\/yavaitcachezmeme.fr\/index.php\/bernay-rues-places\/boulevard-dubus\/\">Boulevard Dubus<\/a>\u00a0 &#8211;\u00a0 <a href=\"http:\/\/yavaitcachezmeme.fr\/index.php\/bernay-rues-places\/boulevard-des-monts\/\">Boulevard des Monts<\/a><\/strong><\/p>\n<p style=\"text-align: justify;\">Les places : <strong><a href=\"http:\/\/yavaitcachezmeme.fr\/index.php\/bernay-rues-places\/place-dupont-de-leure\/\">Place Dupont de l&rsquo;Eure<\/a>\u00a0 &#8211; \u00a0<a href=\"http:\/\/yavaitcachezmeme.fr\/index.php\/bernay-rues-places\/place-guillaume-de-volpiano\/\">Place Guillaume de Volpiano<\/a>\u00a0 &#8211; \u00a0<a href=\"http:\/\/yavaitcachezmeme.fr\/index.php\/bernay-rues-places\/place-gustave-heon\/\">Place Gustave H\u00e9on<\/a>\u00a0 &#8211; \u00a0<a href=\"http:\/\/yavaitcachezmeme.fr\/index.php\/bernay-rues-places\/place-de-la-republique\/\">Place de La R\u00e9publique<\/a>\u00a0 &#8211; \u00a0<a href=\"http:\/\/yavaitcachezmeme.fr\/index.php\/bernay-rues-places\/place-sainte-croix\/\">Place Sainte-Croix<\/a>\u00a0 &#8211; \u00a0<a href=\"http:\/\/yavaitcachezmeme.fr\/index.php\/bernay-rues-places\/place-de-verdun\/\">Place de Verdun<\/a><\/strong><\/p>\n<p style=\"text-align: justify;\">Les rues : <strong><a href=\"https:\/\/yavaitcachezmeme.fr\/index.php\/bernay-rues-places\/rue-albert-parissot\/\">Rue Albert Parissot<\/a> &#8211;<\/strong> <strong><a href=\"http:\/\/yavaitcachezmeme.fr\/index.php\/bernay-rues-places\/3351-2\/\">Rue Alexandre<\/a>\u00a0 &#8211; \u00a0<a href=\"http:\/\/yavaitcachezmeme.fr\/index.php\/bernay-rues-places\/rue-auguste-le-prevost\/\">Rue Auguste Le Pr\u00e9vost<\/a>\u00a0 &#8211; \u00a0<a href=\"http:\/\/yavaitcachezmeme.fr\/index.php\/bernay-rues-places\/rue-bernard-gombert\/\">Rue Bernard Gombert<\/a>\u00a0 &#8211; \u00a0<a href=\"http:\/\/yavaitcachezmeme.fr\/index.php\/bernay-rues-places\/rue-de-la-charentonne\/\">Rue de La Charentonne<\/a>\u00a0 &#8211; \u00a0<a href=\"http:\/\/yavaitcachezmeme.fr\/index.php\/bernay-rues-places\/rue-gabriel-vallee\/\">Rue Gabriel Vall\u00e9e<\/a>\u00a0 &#8211; \u00a0<a href=\"http:\/\/yavaitcachezmeme.fr\/index.php\/bernay-rues-places\/rue-g-folloppe\/\">Rue Gaston Folloppe<\/a>\u00a0 &#8211; \u00a0<a href=\"http:\/\/yavaitcachezmeme.fr\/index.php\/bernay-rues-places\/rue-g-de-gaulle\/\">Rue du G\u00e9n\u00e9ral de Gaulle<\/a>\u00a0 &#8211; \u00a0<a href=\"http:\/\/yavaitcachezmeme.fr\/index.php\/bernay-rues-places\/rue-du-general-leclerc\/\">Rue du G\u00e9n\u00e9ral Leclerc<\/a>\u00a0 &#8211; \u00a0<a href=\"http:\/\/yavaitcachezmeme.fr\/index.php\/bernay-rues-places\/rue-jacques-daviel\/\">Rue Jacques Daviel<\/a>\u00a0 &#8211; \u00a0<a href=\"http:\/\/yavaitcachezmeme.fr\/index.php\/bernay-rues-places\/rue-de-lisieux\/\">Rue de Lisieux<\/a>\u00a0 &#8211; \u00a0<a href=\"http:\/\/yavaitcachezmeme.fr\/index.php\/bernay-rues-places\/rue-maurice-lemoing\/\">Rue Maurice Lemoing<\/a>\u00a0 &#8211; \u00a0<a href=\"http:\/\/yavaitcachezmeme.fr\/index.php\/bernay-rues-places\/rue-michel-hubert-descours\/\">Rue Michel-Hubert Descours<\/a>\u00a0 &#8211; \u00a0<a href=\"http:\/\/yavaitcachezmeme.fr\/index.php\/bernay-rues-places\/rue-militaire\/\">Rue Militaire<\/a>\u00a0 &#8211; \u00a0<a href=\"http:\/\/yavaitcachezmeme.fr\/index.php\/bernay-rues-places\/rue-de-morsan\/\">Rue de Morsan<\/a>\u00a0 &#8211; \u00a0<a href=\"http:\/\/yavaitcachezmeme.fr\/index.php\/bernay-rues-places\/rue-de-rouen\/\">Rue de Rouen<\/a>\u00a0 &#8211; \u00a0<a href=\"http:\/\/yavaitcachezmeme.fr\/index.php\/bernay-rues-places\/rue-des-sources\/\">Rue des Sources<\/a>\u00a0 &#8211; <a href=\"https:\/\/yavaitcachezmeme.fr\/index.php\/bernay-rues-places\/rue-de-la-sous-prefecture\/\">Rue de la Sous-Pr\u00e9fecture<\/a> &#8211; <a href=\"http:\/\/yavaitcachezmeme.fr\/index.php\/bernay-rues-places\/rue-thiers\/\">Rue Thiers<\/a>\u00a0 &#8211; \u00a0<a href=\"http:\/\/yavaitcachezmeme.fr\/index.php\/bernay-rues-places\/rue-de-lunion\/\">Rue de l&rsquo;Union<\/a>\u00a0 &#8211; \u00a0<a href=\"http:\/\/yavaitcachezmeme.fr\/index.php\/bernay-rues-places\/victoire-rue-de-la\/\">Rue de La Victoire<\/a><\/strong><\/p>\n<div style=\"font-size: 100%; font-family: georgia;\"><a href=\"https:\/\/yavaitcachezmeme.fr\/\"><img loading=\"lazy\" decoding=\"async\" class=\"aligncenter wp-image-5243\" src=\"https:\/\/yavaitcachezmeme.fr\/wp-content\/uploads\/2024\/11\/Marque-b.png\" alt=\"\" width=\"25\" height=\"43\" \/><\/a><\/div>\n<\/div>\n","protected":false},"excerpt":{"rendered":"<p>La rue de la Charentonne de la place de la R\u00e9publique au boulevard Dubus. C&rsquo;est l&rsquo;ancien chemin de Boucheville. ~o~ Rue de la&#8230;<\/p>\n","protected":false},"author":1,"featured_media":0,"parent":1068,"menu_order":173,"comment_status":"closed","ping_status":"closed","template":"","meta":{"footnotes":""},"class_list":["post-1428","page","type-page","status-publish","hentry"],"_links":{"self":[{"href":"https:\/\/yavaitcachezmeme.fr\/index.php\/wp-json\/wp\/v2\/pages\/1428","targetHints":{"allow":["GET"]}}],"collection":[{"href":"https:\/\/yavaitcachezmeme.fr\/index.php\/wp-json\/wp\/v2\/pages"}],"about":[{"href":"https:\/\/yavaitcachezmeme.fr\/index.php\/wp-json\/wp\/v2\/types\/page"}],"author":[{"embeddable":true,"href":"https:\/\/yavaitcachezmeme.fr\/index.php\/wp-json\/wp\/v2\/users\/1"}],"replies":[{"embeddable":true,"href":"https:\/\/yavaitcachezmeme.fr\/index.php\/wp-json\/wp\/v2\/comments?post=1428"}],"version-history":[{"count":42,"href":"https:\/\/yavaitcachezmeme.fr\/index.php\/wp-json\/wp\/v2\/pages\/1428\/revisions"}],"predecessor-version":[{"id":12958,"href":"https:\/\/yavaitcachezmeme.fr\/index.php\/wp-json\/wp\/v2\/pages\/1428\/revisions\/12958"}],"up":[{"embeddable":true,"href":"https:\/\/yavaitcachezmeme.fr\/index.php\/wp-json\/wp\/v2\/pages\/1068"}],"wp:attachment":[{"href":"https:\/\/yavaitcachezmeme.fr\/index.php\/wp-json\/wp\/v2\/media?parent=1428"}],"curies":[{"name":"wp","href":"https:\/\/api.w.org\/{rel}","templated":true}]}}