{"id":1453,"date":"2016-03-04T16:14:07","date_gmt":"2016-03-04T15:14:07","guid":{"rendered":"http:\/\/yavaitcachezmeme.fr\/?page_id=1453"},"modified":"2024-11-15T18:09:54","modified_gmt":"2024-11-15T17:09:54","slug":"ecole","status":"publish","type":"page","link":"https:\/\/yavaitcachezmeme.fr\/index.php\/bric-a-brac\/ecole\/","title":{"rendered":"L&rsquo;\u00e9cole"},"content":{"rendered":"<div style=\"font-size: 100%; font-family: georgia;\">\n<p style=\"text-align: justify;\"><span style=\"font-size: 110%;\"><span style=\"color: #ff6600;\"><strong>L&rsquo;\u00e9cole<\/strong><\/span> : un petit bureau, la photo de classe, la cloche qui annonce la fin de la r\u00e9cr\u00e9. C&rsquo;est l&rsquo;heure o\u00f9 les cordes \u00e0 sauter retournent dans le fond des cartables, o\u00f9 les billes vont finir de trouer les poches. Si la bille tombe en classe, elle est perdue.<br \/>\nMon institutrice de CP les conservait dans des grandes boites de \u00ab\u00a0Benco\u00a0\u00bb et elle nous les redistribuait pour toutes bonnes r\u00e9ponses \u00e0 ses questions. Malheureusement, la bille retournait tr\u00e8s rarement chez son premier propri\u00e9taire et ce dernier devait batailler dur lors de la prochaine r\u00e9cr\u00e9 pour la r\u00e9cup\u00e9rer.<\/span><\/p>\n<p style=\"text-align: center;\"><img loading=\"lazy\" decoding=\"async\" class=\"alignnone wp-image-12520\" src=\"https:\/\/yavaitcachezmeme.fr\/wp-content\/uploads\/2024\/11\/Bonnet-dane-A-253x600.png\" alt=\"\" width=\"53\" height=\"125\" srcset=\"https:\/\/yavaitcachezmeme.fr\/wp-content\/uploads\/2024\/11\/Bonnet-dane-A-253x600.png 253w, https:\/\/yavaitcachezmeme.fr\/wp-content\/uploads\/2024\/11\/Bonnet-dane-A.png 299w\" sizes=\"auto, (max-width: 53px) 100vw, 53px\" \/><\/p>\n<p><img loading=\"lazy\" decoding=\"async\" class=\"aligncenter wp-image-1826\" src=\"http:\/\/yavaitcachezmeme.fr\/wp-content\/uploads\/2016\/04\/Ecole_001-768x1024.jpg\" alt=\"\" width=\"475\" height=\"634\" srcset=\"https:\/\/yavaitcachezmeme.fr\/wp-content\/uploads\/2016\/04\/Ecole_001-768x1024.jpg 768w, https:\/\/yavaitcachezmeme.fr\/wp-content\/uploads\/2016\/04\/Ecole_001-450x600.jpg 450w, https:\/\/yavaitcachezmeme.fr\/wp-content\/uploads\/2016\/04\/Ecole_001.jpg 800w\" sizes=\"auto, (max-width: 475px) 100vw, 475px\" \/><\/p>\n<p style=\"text-align: center;\"><span style=\"font-size: 120%;\">L&rsquo;\u00e9cole<\/span><\/p>\n<p><img loading=\"lazy\" decoding=\"async\" class=\"aligncenter wp-image-4973\" src=\"https:\/\/yavaitcachezmeme.fr\/wp-content\/uploads\/2020\/06\/1963-_CP-Ferdinand-Buisson-scaled.jpg\" alt=\"\" width=\"820\" height=\"554\" srcset=\"https:\/\/yavaitcachezmeme.fr\/wp-content\/uploads\/2020\/06\/1963-_CP-Ferdinand-Buisson-scaled.jpg 2560w, https:\/\/yavaitcachezmeme.fr\/wp-content\/uploads\/2020\/06\/1963-_CP-Ferdinand-Buisson-scaled-600x405.jpg 600w, https:\/\/yavaitcachezmeme.fr\/wp-content\/uploads\/2020\/06\/1963-_CP-Ferdinand-Buisson-scaled-1024x692.jpg 1024w, https:\/\/yavaitcachezmeme.fr\/wp-content\/uploads\/2020\/06\/1963-_CP-Ferdinand-Buisson-scaled-1536x1038.jpg 1536w, https:\/\/yavaitcachezmeme.fr\/wp-content\/uploads\/2020\/06\/1963-_CP-Ferdinand-Buisson-scaled-2048x1384.jpg 2048w\" sizes=\"auto, (max-width: 820px) 100vw, 820px\" \/><\/p>\n<p style=\"text-align: center;\"><span style=\"font-size: 120%;\">Lyliane Carpentier et ses \u00e9l\u00e8ves du Cours Pr\u00e9paratoire<br \/>\nde l&rsquo;\u00e9cole primaire Ferdinand Buisson de Bernay en 1963<\/span><\/p>\n<p style=\"text-align: center;\"><img loading=\"lazy\" decoding=\"async\" class=\"aligncenter wp-image-12523\" src=\"https:\/\/yavaitcachezmeme.fr\/wp-content\/uploads\/2024\/11\/Ecole-communale-600x348.png\" alt=\"\" width=\"820\" height=\"476\" srcset=\"https:\/\/yavaitcachezmeme.fr\/wp-content\/uploads\/2024\/11\/Ecole-communale-600x348.png 600w, https:\/\/yavaitcachezmeme.fr\/wp-content\/uploads\/2024\/11\/Ecole-communale-1024x594.png 1024w, https:\/\/yavaitcachezmeme.fr\/wp-content\/uploads\/2024\/11\/Ecole-communale.png 1063w\" sizes=\"auto, (max-width: 820px) 100vw, 820px\" \/><\/p>\n<p style=\"text-align: center;\"><span style=\"font-size: 120%;\">Pour jouer \u00e0 l&rsquo;\u00e9cole communale<\/span><\/p>\n<p><img loading=\"lazy\" decoding=\"async\" class=\"aligncenter wp-image-1827\" src=\"http:\/\/yavaitcachezmeme.fr\/wp-content\/uploads\/2016\/04\/Ecole_002.jpg\" alt=\"\" width=\"820\" height=\"615\" srcset=\"https:\/\/yavaitcachezmeme.fr\/wp-content\/uploads\/2016\/04\/Ecole_002.jpg 800w, https:\/\/yavaitcachezmeme.fr\/wp-content\/uploads\/2016\/04\/Ecole_002-600x450.jpg 600w\" sizes=\"auto, (max-width: 820px) 100vw, 820px\" \/><\/p>\n<p style=\"text-align: center;\"><span style=\"font-size: 120%;\">Un bureau<\/span><\/p>\n<p><img loading=\"lazy\" decoding=\"async\" class=\"aligncenter wp-image-4957\" src=\"https:\/\/yavaitcachezmeme.fr\/wp-content\/uploads\/2020\/05\/Ecole_012-1024x808.jpg\" alt=\"\" width=\"820\" height=\"647\" srcset=\"https:\/\/yavaitcachezmeme.fr\/wp-content\/uploads\/2020\/05\/Ecole_012-1024x808.jpg 1024w, https:\/\/yavaitcachezmeme.fr\/wp-content\/uploads\/2020\/05\/Ecole_012-600x473.jpg 600w, https:\/\/yavaitcachezmeme.fr\/wp-content\/uploads\/2020\/05\/Ecole_012.jpg 1283w\" sizes=\"auto, (max-width: 820px) 100vw, 820px\" \/><\/p>\n<p style=\"text-align: center;\"><span style=\"font-size: 120%;\">Une salle de classe bien agit\u00e9e !<br \/>\nBaissez les yeux, vous perdriez la vue.<br \/>\n&#8211; Bah, j\u2019en risque un !<\/span><\/p>\n<p><img loading=\"lazy\" decoding=\"async\" class=\"aligncenter wp-image-1828\" src=\"http:\/\/yavaitcachezmeme.fr\/wp-content\/uploads\/2016\/04\/Ecole_003.jpg\" alt=\"\" width=\"820\" height=\"407\" srcset=\"https:\/\/yavaitcachezmeme.fr\/wp-content\/uploads\/2016\/04\/Ecole_003.jpg 800w, https:\/\/yavaitcachezmeme.fr\/wp-content\/uploads\/2016\/04\/Ecole_003-600x298.jpg 600w\" sizes=\"auto, (max-width: 820px) 100vw, 820px\" \/><\/p>\n<p style=\"text-align: center;\"><span style=\"font-size: 120%;\">\u00c9crire<\/span><\/p>\n<p><img loading=\"lazy\" decoding=\"async\" class=\"aligncenter wp-image-1829\" src=\"http:\/\/yavaitcachezmeme.fr\/wp-content\/uploads\/2016\/04\/Ecole_004.jpg\" alt=\"\" width=\"820\" height=\"508\" srcset=\"https:\/\/yavaitcachezmeme.fr\/wp-content\/uploads\/2016\/04\/Ecole_004.jpg 800w, https:\/\/yavaitcachezmeme.fr\/wp-content\/uploads\/2016\/04\/Ecole_004-600x372.jpg 600w\" sizes=\"auto, (max-width: 820px) 100vw, 820px\" \/><\/p>\n<p style=\"text-align: center;\"><span style=\"font-size: 120%;\">Encres, encriers, plumes et porte-plumes<\/span><\/p>\n<p><img loading=\"lazy\" decoding=\"async\" class=\"aligncenter wp-image-1830\" src=\"http:\/\/yavaitcachezmeme.fr\/wp-content\/uploads\/2016\/04\/Ecole_005.jpg\" alt=\"\" width=\"820\" height=\"485\" srcset=\"https:\/\/yavaitcachezmeme.fr\/wp-content\/uploads\/2016\/04\/Ecole_005.jpg 800w, https:\/\/yavaitcachezmeme.fr\/wp-content\/uploads\/2016\/04\/Ecole_005-600x355.jpg 600w\" sizes=\"auto, (max-width: 820px) 100vw, 820px\" \/><\/p>\n<p style=\"text-align: center;\"><span style=\"font-size: 120%;\">Les porte-plumes seront prot\u00e9g\u00e9s dans les plumiers<\/span><\/p>\n<p><img loading=\"lazy\" decoding=\"async\" class=\"aligncenter wp-image-1831\" src=\"http:\/\/yavaitcachezmeme.fr\/wp-content\/uploads\/2016\/04\/Ecole_006.jpg\" alt=\"\" width=\"820\" height=\"393\" srcset=\"https:\/\/yavaitcachezmeme.fr\/wp-content\/uploads\/2016\/04\/Ecole_006.jpg 800w, https:\/\/yavaitcachezmeme.fr\/wp-content\/uploads\/2016\/04\/Ecole_006-600x287.jpg 600w\" sizes=\"auto, (max-width: 820px) 100vw, 820px\" \/><\/p>\n<p style=\"text-align: center;\"><span style=\"font-size: 120%;\">Tracer<\/span><\/p>\n<p><img loading=\"lazy\" decoding=\"async\" class=\"aligncenter wp-image-1832\" src=\"http:\/\/yavaitcachezmeme.fr\/wp-content\/uploads\/2016\/04\/Ecole_007.jpg\" alt=\"\" width=\"820\" height=\"688\" srcset=\"https:\/\/yavaitcachezmeme.fr\/wp-content\/uploads\/2016\/04\/Ecole_007.jpg 800w, https:\/\/yavaitcachezmeme.fr\/wp-content\/uploads\/2016\/04\/Ecole_007-600x503.jpg 600w\" sizes=\"auto, (max-width: 820px) 100vw, 820px\" \/><\/p>\n<p style=\"text-align: center;\"><span style=\"font-size: 120%;\">Tracer avec parfois des r\u00e8gles publicitaires<\/span><\/p>\n<p><img loading=\"lazy\" decoding=\"async\" class=\"aligncenter wp-image-1833\" src=\"http:\/\/yavaitcachezmeme.fr\/wp-content\/uploads\/2016\/04\/Ecole_008.jpg\" alt=\"\" width=\"820\" height=\"540\" srcset=\"https:\/\/yavaitcachezmeme.fr\/wp-content\/uploads\/2016\/04\/Ecole_008.jpg 800w, https:\/\/yavaitcachezmeme.fr\/wp-content\/uploads\/2016\/04\/Ecole_008-600x395.jpg 600w\" sizes=\"auto, (max-width: 820px) 100vw, 820px\" \/><\/p>\n<p style=\"text-align: center;\"><span style=\"font-size: 120%;\">Tracer sur une ardoise sans faire \u00ab\u00a0hurler\u00a0\u00bb la craie<\/span><\/p>\n<p><img loading=\"lazy\" decoding=\"async\" class=\"aligncenter wp-image-1834\" src=\"http:\/\/yavaitcachezmeme.fr\/wp-content\/uploads\/2016\/04\/Ecole_011.jpg\" alt=\"\" width=\"820\" height=\"346\" srcset=\"https:\/\/yavaitcachezmeme.fr\/wp-content\/uploads\/2016\/04\/Ecole_011.jpg 800w, https:\/\/yavaitcachezmeme.fr\/wp-content\/uploads\/2016\/04\/Ecole_011-600x254.jpg 600w\" sizes=\"auto, (max-width: 820px) 100vw, 820px\" \/><\/p>\n<p style=\"text-align: center;\"><span style=\"font-size: 120%;\">Cahiers<\/span><\/p>\n<p><img loading=\"lazy\" decoding=\"async\" class=\"aligncenter wp-image-12356\" src=\"https:\/\/yavaitcachezmeme.fr\/wp-content\/uploads\/2024\/11\/Cartes-600x473.png\" alt=\"\" width=\"820\" height=\"646\" srcset=\"https:\/\/yavaitcachezmeme.fr\/wp-content\/uploads\/2024\/11\/Cartes-600x473.png 600w, https:\/\/yavaitcachezmeme.fr\/wp-content\/uploads\/2024\/11\/Cartes-1024x807.png 1024w, https:\/\/yavaitcachezmeme.fr\/wp-content\/uploads\/2024\/11\/Cartes.png 1219w\" sizes=\"auto, (max-width: 820px) 100vw, 820px\" \/><\/p>\n<p style=\"text-align: center;\"><span style=\"font-size: 120%;\">Cartes de France \u00e0 contourner<\/span><\/p>\n<p><img loading=\"lazy\" decoding=\"async\" class=\"aligncenter wp-image-12354\" src=\"https:\/\/yavaitcachezmeme.fr\/wp-content\/uploads\/2024\/11\/Carte-Eure-600x441.jpg\" alt=\"\" width=\"820\" height=\"603\" srcset=\"https:\/\/yavaitcachezmeme.fr\/wp-content\/uploads\/2024\/11\/Carte-Eure-600x441.jpg 600w, https:\/\/yavaitcachezmeme.fr\/wp-content\/uploads\/2024\/11\/Carte-Eure-1024x753.jpg 1024w, https:\/\/yavaitcachezmeme.fr\/wp-content\/uploads\/2024\/11\/Carte-Eure-1536x1129.jpg 1536w, https:\/\/yavaitcachezmeme.fr\/wp-content\/uploads\/2024\/11\/Carte-Eure-2048x1505.jpg 2048w\" sizes=\"auto, (max-width: 820px) 100vw, 820px\" \/><\/p>\n<p style=\"text-align: center;\"><span style=\"font-size: 120%;\">Carte du d\u00e9partement de l&rsquo;Eure<\/span><\/p>\n<p><img loading=\"lazy\" decoding=\"async\" class=\"aligncenter wp-image-12355\" src=\"https:\/\/yavaitcachezmeme.fr\/wp-content\/uploads\/2024\/11\/Carte-France-600x521.jpg\" alt=\"\" width=\"820\" height=\"712\" srcset=\"https:\/\/yavaitcachezmeme.fr\/wp-content\/uploads\/2024\/11\/Carte-France-600x521.jpg 600w, https:\/\/yavaitcachezmeme.fr\/wp-content\/uploads\/2024\/11\/Carte-France-1024x889.jpg 1024w, https:\/\/yavaitcachezmeme.fr\/wp-content\/uploads\/2024\/11\/Carte-France-1536x1333.jpg 1536w, https:\/\/yavaitcachezmeme.fr\/wp-content\/uploads\/2024\/11\/Carte-France-2048x1778.jpg 2048w\" sizes=\"auto, (max-width: 820px) 100vw, 820px\" \/><\/p>\n<p style=\"text-align: center;\"><span style=\"font-size: 120%;\">Carte de France &#8211; L&rsquo;agriculture<\/span><\/p>\n<p><img loading=\"lazy\" decoding=\"async\" class=\"aligncenter wp-image-1560\" src=\"https:\/\/yavaitcachezmeme.fr\/wp-content\/uploads\/2016\/03\/Ecole_010-600x450.jpg\" alt=\"\" width=\"820\" height=\"615\" srcset=\"https:\/\/yavaitcachezmeme.fr\/wp-content\/uploads\/2016\/03\/Ecole_010-600x450.jpg 600w, https:\/\/yavaitcachezmeme.fr\/wp-content\/uploads\/2016\/03\/Ecole_010-1024x768.jpg 1024w, https:\/\/yavaitcachezmeme.fr\/wp-content\/uploads\/2016\/03\/Ecole_010.jpg 1100w\" sizes=\"auto, (max-width: 820px) 100vw, 820px\" \/><\/p>\n<p style=\"text-align: center;\"><span style=\"font-size: 120%;\">Extrait de la partie normande<\/span><\/p>\n<p><img loading=\"lazy\" decoding=\"async\" class=\"aligncenter wp-image-1520\" src=\"http:\/\/yavaitcachezmeme.fr\/wp-content\/uploads\/2016\/03\/Ecole_009-555x600.jpg\" alt=\"L\" width=\"475\" height=\"514\" srcset=\"https:\/\/yavaitcachezmeme.fr\/wp-content\/uploads\/2016\/03\/Ecole_009-555x600.jpg 555w, https:\/\/yavaitcachezmeme.fr\/wp-content\/uploads\/2016\/03\/Ecole_009-947x1024.jpg 947w, https:\/\/yavaitcachezmeme.fr\/wp-content\/uploads\/2016\/03\/Ecole_009.jpg 1100w\" sizes=\"auto, (max-width: 475px) 100vw, 475px\" \/><\/p>\n<p style=\"text-align: center;\"><span style=\"font-size: 120%;\">Punition<\/span><\/p>\n<p><img loading=\"lazy\" decoding=\"async\" class=\"aligncenter wp-image-10164\" src=\"https:\/\/yavaitcachezmeme.fr\/wp-content\/uploads\/2023\/05\/Certificat-detude-1897-600x426.jpg\" alt=\"\" width=\"820\" height=\"582\" srcset=\"https:\/\/yavaitcachezmeme.fr\/wp-content\/uploads\/2023\/05\/Certificat-detude-1897-600x426.jpg 600w, https:\/\/yavaitcachezmeme.fr\/wp-content\/uploads\/2023\/05\/Certificat-detude-1897-1024x727.jpg 1024w, https:\/\/yavaitcachezmeme.fr\/wp-content\/uploads\/2023\/05\/Certificat-detude-1897-1536x1090.jpg 1536w, https:\/\/yavaitcachezmeme.fr\/wp-content\/uploads\/2023\/05\/Certificat-detude-1897.jpg 2039w\" sizes=\"auto, (max-width: 820px) 100vw, 820px\" \/><\/p>\n<p style=\"text-align: center;\"><span style=\"font-size: 120%;\">Sur le panneau en haut la mention : \u00c9l\u00e8ves re\u00e7us au Certificat d\u2019\u00c9tudes en 1897<br \/>\nSur les six ardoises : \u00ab Pour la France nous travaillons, s\u2019il le faut pour elle nous<br \/>\nmourrons \u00bb. Sur ces trente-six \u00e9l\u00e8ves, neuf vont mourir durant la guerre de 14-18.<\/span><\/p>\n<p><img loading=\"lazy\" decoding=\"async\" class=\"aligncenter wp-image-3580\" src=\"http:\/\/yavaitcachezmeme.fr\/wp-content\/uploads\/2018\/04\/ECOUIS_H_001_fb-1.jpg\" alt=\"\" width=\"820\" height=\"529\" srcset=\"https:\/\/yavaitcachezmeme.fr\/wp-content\/uploads\/2018\/04\/ECOUIS_H_001_fb-1.jpg 800w, https:\/\/yavaitcachezmeme.fr\/wp-content\/uploads\/2018\/04\/ECOUIS_H_001_fb-1-600x387.jpg 600w\" sizes=\"auto, (max-width: 820px) 100vw, 820px\" \/><\/p>\n<p style=\"text-align: center;\"><span style=\"font-size: 120%;\">Classe en pleine air \u00e0 ECOUIS (Eure)<\/span><\/p>\n<p><img loading=\"lazy\" decoding=\"async\" class=\"aligncenter wp-image-11888\" src=\"https:\/\/yavaitcachezmeme.fr\/wp-content\/uploads\/2024\/03\/Cinquentenaire-ecole-laique-516x600.png\" alt=\"\" width=\"820\" height=\"954\" srcset=\"https:\/\/yavaitcachezmeme.fr\/wp-content\/uploads\/2024\/03\/Cinquentenaire-ecole-laique-516x600.png 516w, https:\/\/yavaitcachezmeme.fr\/wp-content\/uploads\/2024\/03\/Cinquentenaire-ecole-laique.png 819w\" sizes=\"auto, (max-width: 820px) 100vw, 820px\" \/><\/p>\n<p style=\"text-align: center;\"><span style=\"font-size: 120%;\">Photomontage d&rsquo;une carte \u00e9dit\u00e9e par<br \/>\nles jeunesses la\u00efques r\u00e9publicaines de Bernay<br \/>\npour le cinquantenaire de l&rsquo;\u00e9cole la\u00efque<\/span><\/p>\n<p><img loading=\"lazy\" decoding=\"async\" class=\"aligncenter wp-image-12357\" src=\"https:\/\/yavaitcachezmeme.fr\/wp-content\/uploads\/2024\/11\/Jeux-de-cour-600x597.png\" alt=\"\" width=\"820\" height=\"816\" srcset=\"https:\/\/yavaitcachezmeme.fr\/wp-content\/uploads\/2024\/11\/Jeux-de-cour-600x597.png 600w, https:\/\/yavaitcachezmeme.fr\/wp-content\/uploads\/2024\/11\/Jeux-de-cour-150x150.png 150w, https:\/\/yavaitcachezmeme.fr\/wp-content\/uploads\/2024\/11\/Jeux-de-cour.png 641w\" sizes=\"auto, (max-width: 820px) 100vw, 820px\" \/><\/p>\n<p style=\"text-align: center;\"><span style=\"font-size: 120%;\">Jeux de cour<\/span><\/p>\n<div style=\"font-size: 100%; font-family: georgia;\">\n<p style=\"text-align: center;\"><img loading=\"lazy\" decoding=\"async\" class=\"aligncenter wp-image-12356\" src=\"https:\/\/yavaitcachezmeme.fr\/wp-content\/uploads\/2024\/11\/Cartes-600x473.png\" alt=\"\" width=\"100\" height=\"79\" srcset=\"https:\/\/yavaitcachezmeme.fr\/wp-content\/uploads\/2024\/11\/Cartes-600x473.png 600w, https:\/\/yavaitcachezmeme.fr\/wp-content\/uploads\/2024\/11\/Cartes-1024x807.png 1024w, https:\/\/yavaitcachezmeme.fr\/wp-content\/uploads\/2024\/11\/Cartes.png 1219w\" sizes=\"auto, (max-width: 100px) 100vw, 100px\" \/><\/p>\n<p style=\"text-align: justify;\"><span style=\"font-size: 120%;\">Les th\u00e8mes de la rubrique <span style=\"color: #ff6600;\"><strong>Bric \u00e0 Brac<\/strong><\/span> sont \u00e0 retrouver en cliquant sur les liens suivants :<\/span><\/p>\n<p style=\"text-align: justify;\"><span style=\"font-size: 120%;\"><strong><a href=\"http:\/\/yavaitcachezmeme.fr\/index.php\/bric-a-brac\/jeux-et-jouets\/\">Jeux et jouets<\/a>\u00a0 &#8211;\u00a0 <a href=\"http:\/\/yavaitcachezmeme.fr\/index.php\/bric-a-brac\/ecole\/\">L&rsquo;\u00e9cole<\/a>\u00a0 &#8211;\u00a0 <a href=\"http:\/\/yavaitcachezmeme.fr\/index.php\/bric-a-brac\/la-cuisine\/\">La cuisine<\/a>\u00a0 &#8211;\u00a0 <a href=\"http:\/\/yavaitcachezmeme.fr\/index.php\/bric-a-brac\/la-laiterie\/\">La Laiterie<\/a>\u00a0 &#8211;\u00a0 <a href=\"http:\/\/yavaitcachezmeme.fr\/index.php\/bric-a-brac\/la-vie-aux-champs\/\">La vie aux champs<\/a>\u00a0 &#8211;\u00a0 <a href=\"http:\/\/yavaitcachezmeme.fr\/index.php\/bric-a-brac\/cafe\/\">Le caf\u00e9<\/a>\u00a0 &#8211;\u00a0 <a href=\"http:\/\/yavaitcachezmeme.fr\/index.php\/bric-a-brac\/sante-hygiene\/\">Sant\u00e9 &amp; hygi\u00e8ne<\/a><\/strong><\/span><\/p>\n<p style=\"text-align: center;\"><a href=\"https:\/\/yavaitcachezmeme.fr\/\"><img loading=\"lazy\" decoding=\"async\" class=\"aligncenter wp-image-5243\" src=\"https:\/\/yavaitcachezmeme.fr\/wp-content\/uploads\/2024\/11\/Marque-b.png\" alt=\"\" width=\"25\" height=\"43\" \/><\/a><\/p>\n<\/div>\n<\/div>\n","protected":false},"excerpt":{"rendered":"<p>L&rsquo;\u00e9cole : un petit bureau, la photo de classe, la cloche qui annonce la fin de la r\u00e9cr\u00e9. C&rsquo;est l&rsquo;heure o\u00f9 les cordes&#8230;<\/p>\n","protected":false},"author":1,"featured_media":0,"parent":90,"menu_order":0,"comment_status":"closed","ping_status":"closed","template":"","meta":{"footnotes":""},"class_list":["post-1453","page","type-page","status-publish","hentry"],"_links":{"self":[{"href":"https:\/\/yavaitcachezmeme.fr\/index.php\/wp-json\/wp\/v2\/pages\/1453","targetHints":{"allow":["GET"]}}],"collection":[{"href":"https:\/\/yavaitcachezmeme.fr\/index.php\/wp-json\/wp\/v2\/pages"}],"about":[{"href":"https:\/\/yavaitcachezmeme.fr\/index.php\/wp-json\/wp\/v2\/types\/page"}],"author":[{"embeddable":true,"href":"https:\/\/yavaitcachezmeme.fr\/index.php\/wp-json\/wp\/v2\/users\/1"}],"replies":[{"embeddable":true,"href":"https:\/\/yavaitcachezmeme.fr\/index.php\/wp-json\/wp\/v2\/comments?post=1453"}],"version-history":[{"count":77,"href":"https:\/\/yavaitcachezmeme.fr\/index.php\/wp-json\/wp\/v2\/pages\/1453\/revisions"}],"predecessor-version":[{"id":12529,"href":"https:\/\/yavaitcachezmeme.fr\/index.php\/wp-json\/wp\/v2\/pages\/1453\/revisions\/12529"}],"up":[{"embeddable":true,"href":"https:\/\/yavaitcachezmeme.fr\/index.php\/wp-json\/wp\/v2\/pages\/90"}],"wp:attachment":[{"href":"https:\/\/yavaitcachezmeme.fr\/index.php\/wp-json\/wp\/v2\/media?parent=1453"}],"curies":[{"name":"wp","href":"https:\/\/api.w.org\/{rel}","templated":true}]}}