{"id":1490,"date":"2016-03-04T18:40:23","date_gmt":"2016-03-04T17:40:23","guid":{"rendered":"http:\/\/yavaitcachezmeme.fr\/?page_id=1490"},"modified":"2024-11-15T18:18:12","modified_gmt":"2024-11-15T17:18:12","slug":"jeux-et-jouets","status":"publish","type":"page","link":"https:\/\/yavaitcachezmeme.fr\/index.php\/bric-a-brac\/jeux-et-jouets\/","title":{"rendered":"Jeux et jouets"},"content":{"rendered":"<div style=\"font-size: 100%; font-family: georgia;\">\n<p><span style=\"font-size: 120%;\">Les <span style=\"color: #ff6600;\"><strong>jeux et jouets<\/strong><\/span> avec une pr\u00e9f\u00e9rence pour les jouets en t\u00f4le de marque JEP (Jouets de Paris).<\/span><\/p>\n<p style=\"text-align: center;\"><img loading=\"lazy\" decoding=\"async\" class=\"alignnone wp-image-12390\" src=\"https:\/\/yavaitcachezmeme.fr\/wp-content\/uploads\/2024\/11\/Trotro-569x600.png\" alt=\"\" width=\"100\" height=\"105\" srcset=\"https:\/\/yavaitcachezmeme.fr\/wp-content\/uploads\/2024\/11\/Trotro-569x600.png 569w, https:\/\/yavaitcachezmeme.fr\/wp-content\/uploads\/2024\/11\/Trotro.png 649w\" sizes=\"auto, (max-width: 100px) 100vw, 100px\" \/><\/p>\n<p><img loading=\"lazy\" decoding=\"async\" class=\"aligncenter wp-image-1810\" src=\"http:\/\/yavaitcachezmeme.fr\/wp-content\/uploads\/2016\/04\/Jouets_001.jpg\" alt=\"\" width=\"820\" height=\"615\" srcset=\"https:\/\/yavaitcachezmeme.fr\/wp-content\/uploads\/2016\/04\/Jouets_001.jpg 800w, https:\/\/yavaitcachezmeme.fr\/wp-content\/uploads\/2016\/04\/Jouets_001-600x450.jpg 600w\" sizes=\"auto, (max-width: 820px) 100vw, 820px\" \/><\/p>\n<p style=\"text-align: center;\"><span style=\"font-size: 120%;\">La cuisine<\/span><\/p>\n<p><img loading=\"lazy\" decoding=\"async\" class=\"aligncenter wp-image-2234\" src=\"http:\/\/yavaitcachezmeme.fr\/wp-content\/uploads\/2016\/12\/Jouets_014.jpg\" alt=\"\" width=\"820\" height=\"559\" srcset=\"https:\/\/yavaitcachezmeme.fr\/wp-content\/uploads\/2016\/12\/Jouets_014.jpg 709w, https:\/\/yavaitcachezmeme.fr\/wp-content\/uploads\/2016\/12\/Jouets_014-600x409.jpg 600w\" sizes=\"auto, (max-width: 820px) 100vw, 820px\" \/><\/p>\n<p style=\"text-align: center;\"><span style=\"font-size: 120%;\">Moulin \u00e0 caf\u00e9 Moulinex \u00ab\u00a0Comme Maman\u00a0\u00bb<\/span><\/p>\n<p><img loading=\"lazy\" decoding=\"async\" class=\"aligncenter wp-image-1811\" src=\"http:\/\/yavaitcachezmeme.fr\/wp-content\/uploads\/2016\/04\/Jouets_002.jpg\" alt=\"\" width=\"820\" height=\"430\" srcset=\"https:\/\/yavaitcachezmeme.fr\/wp-content\/uploads\/2016\/04\/Jouets_002.jpg 797w, https:\/\/yavaitcachezmeme.fr\/wp-content\/uploads\/2016\/04\/Jouets_002-600x315.jpg 600w\" sizes=\"auto, (max-width: 820px) 100vw, 820px\" \/><\/p>\n<p style=\"text-align: center;\"><span style=\"font-size: 120%;\">Cour de r\u00e9cr\u00e9ation<\/span><\/p>\n<p><img loading=\"lazy\" decoding=\"async\" class=\"aligncenter wp-image-2109\" src=\"http:\/\/yavaitcachezmeme.fr\/wp-content\/uploads\/2016\/07\/Jouets_012.jpg\" alt=\"\" width=\"820\" height=\"552\" srcset=\"https:\/\/yavaitcachezmeme.fr\/wp-content\/uploads\/2016\/07\/Jouets_012.jpg 758w, https:\/\/yavaitcachezmeme.fr\/wp-content\/uploads\/2016\/07\/Jouets_012-600x404.jpg 600w\" sizes=\"auto, (max-width: 820px) 100vw, 820px\" \/><\/p>\n<p style=\"text-align: center;\"><span style=\"font-size: 120%;\">Osselets<\/span><\/p>\n<p><img loading=\"lazy\" decoding=\"async\" class=\"aligncenter wp-image-1812\" src=\"http:\/\/yavaitcachezmeme.fr\/wp-content\/uploads\/2016\/04\/Jouets_003.jpg\" alt=\"\" width=\"820\" height=\"436\" srcset=\"https:\/\/yavaitcachezmeme.fr\/wp-content\/uploads\/2016\/04\/Jouets_003.jpg 800w, https:\/\/yavaitcachezmeme.fr\/wp-content\/uploads\/2016\/04\/Jouets_003-600x319.jpg 600w\" sizes=\"auto, (max-width: 820px) 100vw, 820px\" \/><\/p>\n<p style=\"text-align: center;\"><span style=\"font-size: 120%;\">Retour de la f\u00eate<\/span><\/p>\n<p><img loading=\"lazy\" decoding=\"async\" class=\"aligncenter wp-image-1813\" src=\"http:\/\/yavaitcachezmeme.fr\/wp-content\/uploads\/2016\/04\/Jouets_004.jpg\" alt=\"\" width=\"820\" height=\"503\" srcset=\"https:\/\/yavaitcachezmeme.fr\/wp-content\/uploads\/2016\/04\/Jouets_004.jpg 769w, https:\/\/yavaitcachezmeme.fr\/wp-content\/uploads\/2016\/04\/Jouets_004-600x368.jpg 600w\" sizes=\"auto, (max-width: 820px) 100vw, 820px\" \/><\/p>\n<p style=\"text-align: center;\"><span style=\"font-size: 120%;\">M\u00e9canique<\/span><\/p>\n<p><img loading=\"lazy\" decoding=\"async\" class=\"aligncenter wp-image-4742\" src=\"http:\/\/yavaitcachezmeme.fr\/wp-content\/uploads\/2020\/02\/Simca-Cargo-Unis-France-scaled.jpg\" alt=\"\" width=\"820\" height=\"470\" srcset=\"https:\/\/yavaitcachezmeme.fr\/wp-content\/uploads\/2020\/02\/Simca-Cargo-Unis-France-scaled.jpg 2560w, https:\/\/yavaitcachezmeme.fr\/wp-content\/uploads\/2020\/02\/Simca-Cargo-Unis-France-scaled-600x344.jpg 600w, https:\/\/yavaitcachezmeme.fr\/wp-content\/uploads\/2020\/02\/Simca-Cargo-Unis-France-scaled-1024x587.jpg 1024w, https:\/\/yavaitcachezmeme.fr\/wp-content\/uploads\/2020\/02\/Simca-Cargo-Unis-France-scaled-1536x880.jpg 1536w, https:\/\/yavaitcachezmeme.fr\/wp-content\/uploads\/2020\/02\/Simca-Cargo-Unis-France-scaled-2048x1174.jpg 2048w\" sizes=\"auto, (max-width: 820px) 100vw, 820px\" \/><\/p>\n<p style=\"text-align: center;\"><span style=\"font-size: 120%;\">Simca Cargo de la marque Unis-France<\/span><\/p>\n<p><img loading=\"lazy\" decoding=\"async\" class=\"aligncenter wp-image-2146\" src=\"http:\/\/yavaitcachezmeme.fr\/wp-content\/uploads\/2016\/09\/Jouets_013.jpg\" alt=\"\" width=\"820\" height=\"480\" srcset=\"https:\/\/yavaitcachezmeme.fr\/wp-content\/uploads\/2016\/09\/Jouets_013.jpg 755w, https:\/\/yavaitcachezmeme.fr\/wp-content\/uploads\/2016\/09\/Jouets_013-600x351.jpg 600w\" sizes=\"auto, (max-width: 820px) 100vw, 820px\" \/><\/p>\n<p style=\"text-align: center;\"><span style=\"font-size: 120%;\">\u00c9picerie<\/span><\/p>\n<p><img loading=\"lazy\" decoding=\"async\" class=\"aligncenter wp-image-1814\" src=\"http:\/\/yavaitcachezmeme.fr\/wp-content\/uploads\/2016\/04\/Jouets_005.jpg\" alt=\"\" width=\"820\" height=\"545\" srcset=\"https:\/\/yavaitcachezmeme.fr\/wp-content\/uploads\/2016\/04\/Jouets_005.jpg 798w, https:\/\/yavaitcachezmeme.fr\/wp-content\/uploads\/2016\/04\/Jouets_005-600x398.jpg 600w\" sizes=\"auto, (max-width: 820px) 100vw, 820px\" \/><\/p>\n<p style=\"text-align: center;\"><span style=\"font-size: 120%;\">\u00c9picerie<\/span><\/p>\n<p><img loading=\"lazy\" decoding=\"async\" class=\"aligncenter wp-image-1815\" src=\"http:\/\/yavaitcachezmeme.fr\/wp-content\/uploads\/2016\/04\/Jouets_006.jpg\" alt=\"\" width=\"820\" height=\"373\" srcset=\"https:\/\/yavaitcachezmeme.fr\/wp-content\/uploads\/2016\/04\/Jouets_006.jpg 740w, https:\/\/yavaitcachezmeme.fr\/wp-content\/uploads\/2016\/04\/Jouets_006-600x273.jpg 600w\" sizes=\"auto, (max-width: 820px) 100vw, 820px\" \/><\/p>\n<p style=\"text-align: center;\"><span style=\"font-size: 120%;\">Lingerie<\/span><\/p>\n<p><img loading=\"lazy\" decoding=\"async\" class=\"aligncenter wp-image-1816\" src=\"http:\/\/yavaitcachezmeme.fr\/wp-content\/uploads\/2016\/04\/Jouets_007.jpg\" alt=\"\" width=\"820\" height=\"453\" srcset=\"https:\/\/yavaitcachezmeme.fr\/wp-content\/uploads\/2016\/04\/Jouets_007.jpg 790w, https:\/\/yavaitcachezmeme.fr\/wp-content\/uploads\/2016\/04\/Jouets_007-600x331.jpg 600w\" sizes=\"auto, (max-width: 820px) 100vw, 820px\" \/><\/p>\n<p style=\"text-align: center;\"><span style=\"font-size: 120%;\">La plage<\/span><\/p>\n<p><img loading=\"lazy\" decoding=\"async\" class=\"aligncenter wp-image-1817\" src=\"http:\/\/yavaitcachezmeme.fr\/wp-content\/uploads\/2016\/04\/Jouets_008.jpg\" alt=\"\" width=\"820\" height=\"515\" srcset=\"https:\/\/yavaitcachezmeme.fr\/wp-content\/uploads\/2016\/04\/Jouets_008.jpg 800w, https:\/\/yavaitcachezmeme.fr\/wp-content\/uploads\/2016\/04\/Jouets_008-600x377.jpg 600w, https:\/\/yavaitcachezmeme.fr\/wp-content\/uploads\/2016\/04\/Jouets_008-542x340.jpg 542w\" sizes=\"auto, (max-width: 820px) 100vw, 820px\" \/><\/p>\n<p style=\"text-align: center;\"><span style=\"font-size: 120%;\">Jeux de plateau<\/span><\/p>\n<p><img loading=\"lazy\" decoding=\"async\" class=\"aligncenter wp-image-12523\" src=\"https:\/\/yavaitcachezmeme.fr\/wp-content\/uploads\/2024\/11\/Ecole-communale-600x348.png\" alt=\"\" width=\"820\" height=\"476\" srcset=\"https:\/\/yavaitcachezmeme.fr\/wp-content\/uploads\/2024\/11\/Ecole-communale-600x348.png 600w, https:\/\/yavaitcachezmeme.fr\/wp-content\/uploads\/2024\/11\/Ecole-communale-1024x594.png 1024w, https:\/\/yavaitcachezmeme.fr\/wp-content\/uploads\/2024\/11\/Ecole-communale.png 1063w\" sizes=\"auto, (max-width: 820px) 100vw, 820px\" \/><\/p>\n<p style=\"text-align: center;\"><span style=\"font-size: 120%;\">Pour jouer \u00e0 l&rsquo;\u00e9cole communale<\/span><\/p>\n<p><img loading=\"lazy\" decoding=\"async\" class=\"aligncenter wp-image-12522\" src=\"https:\/\/yavaitcachezmeme.fr\/wp-content\/uploads\/2024\/11\/Ecole-communale-detail-600x400.jpg\" alt=\"\" width=\"820\" height=\"547\" srcset=\"https:\/\/yavaitcachezmeme.fr\/wp-content\/uploads\/2024\/11\/Ecole-communale-detail-600x400.jpg 600w, https:\/\/yavaitcachezmeme.fr\/wp-content\/uploads\/2024\/11\/Ecole-communale-detail-1024x683.jpg 1024w, https:\/\/yavaitcachezmeme.fr\/wp-content\/uploads\/2024\/11\/Ecole-communale-detail-1536x1024.jpg 1536w, https:\/\/yavaitcachezmeme.fr\/wp-content\/uploads\/2024\/11\/Ecole-communale-detail-2048x1365.jpg 2048w\" sizes=\"auto, (max-width: 820px) 100vw, 820px\" \/><\/p>\n<p style=\"text-align: center;\"><span style=\"font-size: 120%;\">D\u00e9tail de la salle de classe<\/span><\/p>\n<p><img loading=\"lazy\" decoding=\"async\" class=\"aligncenter wp-image-12521\" src=\"https:\/\/yavaitcachezmeme.fr\/wp-content\/uploads\/2024\/11\/Bonnet-dane-B-253x600.png\" alt=\"\" width=\"200\" height=\"475\" srcset=\"https:\/\/yavaitcachezmeme.fr\/wp-content\/uploads\/2024\/11\/Bonnet-dane-B-253x600.png 253w, https:\/\/yavaitcachezmeme.fr\/wp-content\/uploads\/2024\/11\/Bonnet-dane-B.png 299w\" sizes=\"auto, (max-width: 200px) 100vw, 200px\" \/><\/p>\n<p style=\"text-align: center;\"><span style=\"font-size: 120%;\">Le bonnet d&rsquo;\u00e2ne<\/span><\/p>\n<p><img loading=\"lazy\" decoding=\"async\" class=\"aligncenter wp-image-1818\" src=\"http:\/\/yavaitcachezmeme.fr\/wp-content\/uploads\/2016\/04\/Jouets_009.jpg\" alt=\"\" width=\"820\" height=\"308\" srcset=\"https:\/\/yavaitcachezmeme.fr\/wp-content\/uploads\/2016\/04\/Jouets_009.jpg 800w, https:\/\/yavaitcachezmeme.fr\/wp-content\/uploads\/2016\/04\/Jouets_009-600x225.jpg 600w\" sizes=\"auto, (max-width: 820px) 100vw, 820px\" \/><\/p>\n<p style=\"text-align: center;\"><span style=\"font-size: 120%;\">La ferme<\/span><\/p>\n<p><img loading=\"lazy\" decoding=\"async\" class=\"aligncenter wp-image-8077\" src=\"https:\/\/yavaitcachezmeme.fr\/wp-content\/uploads\/2022\/08\/Brouette-enfant-scaled-600x268.jpg\" alt=\"\" width=\"820\" height=\"367\" srcset=\"https:\/\/yavaitcachezmeme.fr\/wp-content\/uploads\/2022\/08\/Brouette-enfant-scaled-600x268.jpg 600w, https:\/\/yavaitcachezmeme.fr\/wp-content\/uploads\/2022\/08\/Brouette-enfant-scaled-1024x458.jpg 1024w, https:\/\/yavaitcachezmeme.fr\/wp-content\/uploads\/2022\/08\/Brouette-enfant-scaled-1536x687.jpg 1536w, https:\/\/yavaitcachezmeme.fr\/wp-content\/uploads\/2022\/08\/Brouette-enfant-scaled-2048x916.jpg 2048w\" sizes=\"auto, (max-width: 820px) 100vw, 820px\" \/><\/p>\n<p style=\"text-align: center;\"><span style=\"font-size: 120%;\">Brouette pour enfant dont la fabrication est<br \/>\nidentique \u00e0 celle du jardinier ou de la lavandi\u00e8re.<\/span><\/p>\n<p><img loading=\"lazy\" decoding=\"async\" class=\"aligncenter wp-image-1819\" src=\"http:\/\/yavaitcachezmeme.fr\/wp-content\/uploads\/2016\/04\/Jouets_010.jpg\" alt=\"\" width=\"820\" height=\"573\" srcset=\"https:\/\/yavaitcachezmeme.fr\/wp-content\/uploads\/2016\/04\/Jouets_010.jpg 800w, https:\/\/yavaitcachezmeme.fr\/wp-content\/uploads\/2016\/04\/Jouets_010-600x419.jpg 600w\" sizes=\"auto, (max-width: 820px) 100vw, 820px\" \/><\/p>\n<p style=\"text-align: center;\"><span style=\"font-size: 120%;\">Bricolage<\/span><\/p>\n<p><img loading=\"lazy\" decoding=\"async\" class=\"aligncenter wp-image-1887\" src=\"http:\/\/yavaitcachezmeme.fr\/wp-content\/uploads\/2016\/04\/Jouets_011.jpg\" alt=\"\" width=\"820\" height=\"468\" srcset=\"https:\/\/yavaitcachezmeme.fr\/wp-content\/uploads\/2016\/04\/Jouets_011.jpg 800w, https:\/\/yavaitcachezmeme.fr\/wp-content\/uploads\/2016\/04\/Jouets_011-600x343.jpg 600w\" sizes=\"auto, (max-width: 820px) 100vw, 820px\" \/><\/p>\n<p style=\"text-align: center;\"><span style=\"font-size: 120%;\">D\u00e9fil\u00e9<\/span><\/p>\n<p><img loading=\"lazy\" decoding=\"async\" class=\"aligncenter wp-image-7176\" src=\"https:\/\/yavaitcachezmeme.fr\/wp-content\/uploads\/2022\/05\/Voiture-a-pedales-600x418.png\" alt=\"\" width=\"820\" height=\"571\" srcset=\"https:\/\/yavaitcachezmeme.fr\/wp-content\/uploads\/2022\/05\/Voiture-a-pedales-600x418.png 600w, https:\/\/yavaitcachezmeme.fr\/wp-content\/uploads\/2022\/05\/Voiture-a-pedales-1024x713.png 1024w, https:\/\/yavaitcachezmeme.fr\/wp-content\/uploads\/2022\/05\/Voiture-a-pedales-1536x1070.png 1536w, https:\/\/yavaitcachezmeme.fr\/wp-content\/uploads\/2022\/05\/Voiture-a-pedales-2048x1427.png 2048w\" sizes=\"auto, (max-width: 820px) 100vw, 820px\" \/><\/p>\n<p style=\"text-align: center;\"><span style=\"font-size: 120%;\">Voiture \u00e0 p\u00e9dales<\/span><\/p>\n<p><img loading=\"lazy\" decoding=\"async\" class=\"aligncenter wp-image-1573\" src=\"https:\/\/yavaitcachezmeme.fr\/wp-content\/uploads\/2016\/03\/Jouets_01100-600x329.jpg\" alt=\"\" width=\"820\" height=\"450\" srcset=\"https:\/\/yavaitcachezmeme.fr\/wp-content\/uploads\/2016\/03\/Jouets_01100-600x329.jpg 600w, https:\/\/yavaitcachezmeme.fr\/wp-content\/uploads\/2016\/03\/Jouets_01100-1024x562.jpg 1024w, https:\/\/yavaitcachezmeme.fr\/wp-content\/uploads\/2016\/03\/Jouets_01100.jpg 1100w\" sizes=\"auto, (max-width: 820px) 100vw, 820px\" \/><\/p>\n<p style=\"text-align: center;\"><span style=\"font-size: 120%;\">Une libellule au volant<\/span><\/p>\n<p><img loading=\"lazy\" decoding=\"async\" class=\"aligncenter wp-image-11731\" src=\"https:\/\/yavaitcachezmeme.fr\/wp-content\/uploads\/2024\/01\/meme-diablotin-net-600x403.png\" alt=\"\" width=\"820\" height=\"550\" srcset=\"https:\/\/yavaitcachezmeme.fr\/wp-content\/uploads\/2024\/01\/meme-diablotin-net-600x403.png 600w, https:\/\/yavaitcachezmeme.fr\/wp-content\/uploads\/2024\/01\/meme-diablotin-net-1024x687.png 1024w, https:\/\/yavaitcachezmeme.fr\/wp-content\/uploads\/2024\/01\/meme-diablotin-net-1536x1031.png 1536w, https:\/\/yavaitcachezmeme.fr\/wp-content\/uploads\/2024\/01\/meme-diablotin-net.png 1879w\" sizes=\"auto, (max-width: 820px) 100vw, 820px\" \/><\/p>\n<p style=\"text-align: center;\"><span style=\"font-size: 120%;\">Un bel \u00e9quipage<\/span><\/p>\n<p style=\"text-align: center;\"><img loading=\"lazy\" decoding=\"async\" class=\"alignnone wp-image-12390\" src=\"https:\/\/yavaitcachezmeme.fr\/wp-content\/uploads\/2024\/11\/Trotro-569x600.png\" alt=\"\" width=\"100\" height=\"105\" srcset=\"https:\/\/yavaitcachezmeme.fr\/wp-content\/uploads\/2024\/11\/Trotro-569x600.png 569w, https:\/\/yavaitcachezmeme.fr\/wp-content\/uploads\/2024\/11\/Trotro.png 649w\" sizes=\"auto, (max-width: 100px) 100vw, 100px\" \/><\/p>\n<p style=\"text-align: justify;\"><span style=\"font-size: 120%;\">Les th\u00e8mes de la rubrique <span style=\"color: #ff6600;\"><strong>Bric \u00e0 Brac<\/strong><\/span> sont \u00e0 retrouver en cliquant sur les liens suivants :<\/span><\/p>\n<p style=\"text-align: justify;\"><span style=\"font-size: 120%;\"><strong><a href=\"http:\/\/yavaitcachezmeme.fr\/index.php\/bric-a-brac\/jeux-et-jouets\/\">Jeux et jouets<\/a>\u00a0 &#8211;\u00a0 <a href=\"http:\/\/yavaitcachezmeme.fr\/index.php\/bric-a-brac\/ecole\/\">L&rsquo;\u00e9cole<\/a>\u00a0 &#8211;\u00a0 <a href=\"http:\/\/yavaitcachezmeme.fr\/index.php\/bric-a-brac\/la-cuisine\/\">La cuisine<\/a>\u00a0 &#8211;\u00a0 <a href=\"http:\/\/yavaitcachezmeme.fr\/index.php\/bric-a-brac\/la-laiterie\/\">La Laiterie<\/a>\u00a0 &#8211;\u00a0 <a href=\"http:\/\/yavaitcachezmeme.fr\/index.php\/bric-a-brac\/la-vie-aux-champs\/\">La vie aux champs<\/a>\u00a0 &#8211;\u00a0 <a href=\"http:\/\/yavaitcachezmeme.fr\/index.php\/bric-a-brac\/cafe\/\">Le caf\u00e9<\/a>\u00a0 &#8211;\u00a0 <a href=\"http:\/\/yavaitcachezmeme.fr\/index.php\/bric-a-brac\/sante-hygiene\/\">Sant\u00e9 &amp; hygi\u00e8ne<\/a><\/strong><\/span><\/p>\n<p style=\"text-align: center;\"><a href=\"https:\/\/yavaitcachezmeme.fr\/\"><img loading=\"lazy\" decoding=\"async\" class=\"aligncenter wp-image-5243\" src=\"https:\/\/yavaitcachezmeme.fr\/wp-content\/uploads\/2024\/11\/Marque-b.png\" alt=\"\" width=\"25\" height=\"43\" \/><\/a><\/p>\n<\/div>\n","protected":false},"excerpt":{"rendered":"<p>Les jeux et jouets avec une pr\u00e9f\u00e9rence pour les jouets en t\u00f4le de marque JEP (Jouets de Paris). La cuisine Moulin \u00e0 caf\u00e9&#8230;<\/p>\n","protected":false},"author":1,"featured_media":0,"parent":90,"menu_order":0,"comment_status":"closed","ping_status":"closed","template":"","meta":{"footnotes":""},"class_list":["post-1490","page","type-page","status-publish","hentry"],"_links":{"self":[{"href":"https:\/\/yavaitcachezmeme.fr\/index.php\/wp-json\/wp\/v2\/pages\/1490","targetHints":{"allow":["GET"]}}],"collection":[{"href":"https:\/\/yavaitcachezmeme.fr\/index.php\/wp-json\/wp\/v2\/pages"}],"about":[{"href":"https:\/\/yavaitcachezmeme.fr\/index.php\/wp-json\/wp\/v2\/types\/page"}],"author":[{"embeddable":true,"href":"https:\/\/yavaitcachezmeme.fr\/index.php\/wp-json\/wp\/v2\/users\/1"}],"replies":[{"embeddable":true,"href":"https:\/\/yavaitcachezmeme.fr\/index.php\/wp-json\/wp\/v2\/comments?post=1490"}],"version-history":[{"count":67,"href":"https:\/\/yavaitcachezmeme.fr\/index.php\/wp-json\/wp\/v2\/pages\/1490\/revisions"}],"predecessor-version":[{"id":12530,"href":"https:\/\/yavaitcachezmeme.fr\/index.php\/wp-json\/wp\/v2\/pages\/1490\/revisions\/12530"}],"up":[{"embeddable":true,"href":"https:\/\/yavaitcachezmeme.fr\/index.php\/wp-json\/wp\/v2\/pages\/90"}],"wp:attachment":[{"href":"https:\/\/yavaitcachezmeme.fr\/index.php\/wp-json\/wp\/v2\/media?parent=1490"}],"curies":[{"name":"wp","href":"https:\/\/api.w.org\/{rel}","templated":true}]}}