{"id":1504,"date":"2016-03-05T07:25:14","date_gmt":"2016-03-05T06:25:14","guid":{"rendered":"http:\/\/yavaitcachezmeme.fr\/?page_id=1504"},"modified":"2024-11-14T05:12:15","modified_gmt":"2024-11-14T04:12:15","slug":"la-vie-aux-champs","status":"publish","type":"page","link":"https:\/\/yavaitcachezmeme.fr\/index.php\/bric-a-brac\/la-vie-aux-champs\/","title":{"rendered":"La vie aux champs"},"content":{"rendered":"<div style=\"font-size: 100%; font-family: georgia;\">\n<p><span style=\"font-size: 120%;\">\u00c9lever, soigner, semer, r\u00e9colter : <span style=\"color: #ff6600;\"><strong>la vie aux champs<\/strong><\/span>.<\/span><\/p>\n<p style=\"text-align: center;\"><img loading=\"lazy\" decoding=\"async\" class=\"alignnone wp-image-12517\" src=\"https:\/\/yavaitcachezmeme.fr\/wp-content\/uploads\/2024\/11\/VauxC-600x439.png\" alt=\"\" width=\"125\" height=\"92\" srcset=\"https:\/\/yavaitcachezmeme.fr\/wp-content\/uploads\/2024\/11\/VauxC-600x439.png 600w, https:\/\/yavaitcachezmeme.fr\/wp-content\/uploads\/2024\/11\/VauxC.png 862w\" sizes=\"auto, (max-width: 125px) 100vw, 125px\" \/><\/p>\n<p><img loading=\"lazy\" decoding=\"async\" class=\"aligncenter wp-image-3170\" src=\"http:\/\/yavaitcachezmeme.fr\/wp-content\/uploads\/2017\/11\/la-vie-aux-champs-1.jpg\" alt=\"\" width=\"820\" height=\"552\" srcset=\"https:\/\/yavaitcachezmeme.fr\/wp-content\/uploads\/2017\/11\/la-vie-aux-champs-1.jpg 921w, https:\/\/yavaitcachezmeme.fr\/wp-content\/uploads\/2017\/11\/la-vie-aux-champs-1-600x404.jpg 600w\" sizes=\"auto, (max-width: 820px) 100vw, 820px\" \/><\/p>\n<p style=\"text-align: center;\"><span style=\"font-size: 120%;\">Aviculture<\/span><\/p>\n<p><img loading=\"lazy\" decoding=\"async\" class=\"aligncenter wp-image-3171\" src=\"http:\/\/yavaitcachezmeme.fr\/wp-content\/uploads\/2017\/11\/la-vie-aux-champs-2.jpg\" alt=\"\" width=\"820\" height=\"458\" srcset=\"https:\/\/yavaitcachezmeme.fr\/wp-content\/uploads\/2017\/11\/la-vie-aux-champs-2.jpg 945w, https:\/\/yavaitcachezmeme.fr\/wp-content\/uploads\/2017\/11\/la-vie-aux-champs-2-600x335.jpg 600w\" sizes=\"auto, (max-width: 820px) 100vw, 820px\" \/><\/p>\n<p style=\"text-align: center;\"><span style=\"font-size: 120%;\">\u00c9lever &#8211; Museli\u00e8res \u00e0 veau<\/span><\/p>\n<p><img loading=\"lazy\" decoding=\"async\" class=\"aligncenter wp-image-3172\" src=\"http:\/\/yavaitcachezmeme.fr\/wp-content\/uploads\/2017\/11\/la-vie-aux-champs-3.jpg\" alt=\"\" width=\"820\" height=\"329\" srcset=\"https:\/\/yavaitcachezmeme.fr\/wp-content\/uploads\/2017\/11\/la-vie-aux-champs-3.jpg 945w, https:\/\/yavaitcachezmeme.fr\/wp-content\/uploads\/2017\/11\/la-vie-aux-champs-3-600x241.jpg 600w\" sizes=\"auto, (max-width: 820px) 100vw, 820px\" \/><\/p>\n<p style=\"text-align: center;\"><span style=\"font-size: 120%;\">\u00c9lever &#8211; Les soins<\/span><\/p>\n<p><img loading=\"lazy\" decoding=\"async\" class=\"aligncenter wp-image-12385\" src=\"https:\/\/yavaitcachezmeme.fr\/wp-content\/uploads\/2024\/11\/Harnais-600x436.jpg\" alt=\"\" width=\"820\" height=\"596\" srcset=\"https:\/\/yavaitcachezmeme.fr\/wp-content\/uploads\/2024\/11\/Harnais-600x436.jpg 600w, https:\/\/yavaitcachezmeme.fr\/wp-content\/uploads\/2024\/11\/Harnais-1024x745.jpg 1024w, https:\/\/yavaitcachezmeme.fr\/wp-content\/uploads\/2024\/11\/Harnais.jpg 1195w\" sizes=\"auto, (max-width: 820px) 100vw, 820px\" \/><\/p>\n<p style=\"text-align: center;\"><span style=\"font-size: 120%;\">Cheval \u00e0 l&rsquo;attelage<\/span><\/p>\n<p><img loading=\"lazy\" decoding=\"async\" class=\"aligncenter wp-image-3173\" src=\"http:\/\/yavaitcachezmeme.fr\/wp-content\/uploads\/2017\/11\/la-vie-aux-champs-4.jpg\" alt=\"\" width=\"820\" height=\"304\" srcset=\"https:\/\/yavaitcachezmeme.fr\/wp-content\/uploads\/2017\/11\/la-vie-aux-champs-4.jpg 945w, https:\/\/yavaitcachezmeme.fr\/wp-content\/uploads\/2017\/11\/la-vie-aux-champs-4-600x222.jpg 600w\" sizes=\"auto, (max-width: 820px) 100vw, 820px\" \/><\/p>\n<p style=\"text-align: center;\"><span style=\"font-size: 120%;\">\u00c9lever &#8211; Les soins<\/span><\/p>\n<p><img loading=\"lazy\" decoding=\"async\" class=\"aligncenter wp-image-3174\" src=\"http:\/\/yavaitcachezmeme.fr\/wp-content\/uploads\/2017\/11\/la-vie-aux-champs-5.jpg\" alt=\"\" width=\"820\" height=\"268\" srcset=\"https:\/\/yavaitcachezmeme.fr\/wp-content\/uploads\/2017\/11\/la-vie-aux-champs-5.jpg 945w, https:\/\/yavaitcachezmeme.fr\/wp-content\/uploads\/2017\/11\/la-vie-aux-champs-5-600x196.jpg 600w\" sizes=\"auto, (max-width: 820px) 100vw, 820px\" \/><\/p>\n<p style=\"text-align: center;\"><span style=\"font-size: 120%;\">\u00c9lever &#8211; Les soins<\/span><\/p>\n<p><img loading=\"lazy\" decoding=\"async\" class=\"aligncenter wp-image-3175\" src=\"http:\/\/yavaitcachezmeme.fr\/wp-content\/uploads\/2017\/11\/la-vie-aux-champs-6.jpg\" alt=\"\" width=\"820\" height=\"496\" srcset=\"https:\/\/yavaitcachezmeme.fr\/wp-content\/uploads\/2017\/11\/la-vie-aux-champs-6.jpg 937w, https:\/\/yavaitcachezmeme.fr\/wp-content\/uploads\/2017\/11\/la-vie-aux-champs-6-600x363.jpg 600w\" sizes=\"auto, (max-width: 820px) 100vw, 820px\" \/><\/p>\n<p style=\"text-align: center;\"><span style=\"font-size: 120%;\">\u00c9lever &#8211; Les soins<\/span><\/p>\n<p><img loading=\"lazy\" decoding=\"async\" class=\"aligncenter wp-image-3176\" src=\"http:\/\/yavaitcachezmeme.fr\/wp-content\/uploads\/2017\/11\/la-vie-aux-champs-7.jpg\" alt=\"\" width=\"820\" height=\"414\" srcset=\"https:\/\/yavaitcachezmeme.fr\/wp-content\/uploads\/2017\/11\/la-vie-aux-champs-7.jpg 1185w, https:\/\/yavaitcachezmeme.fr\/wp-content\/uploads\/2017\/11\/la-vie-aux-champs-7-600x303.jpg 600w, https:\/\/yavaitcachezmeme.fr\/wp-content\/uploads\/2017\/11\/la-vie-aux-champs-7-1024x517.jpg 1024w\" sizes=\"auto, (max-width: 820px) 100vw, 820px\" \/><\/p>\n<p style=\"text-align: center;\"><span style=\"font-size: 120%;\">Essai du vaccin contre la fi\u00e8vre aphteuse dans<br \/>\nla cour de la ferme familiale \u00e0 Banthelu (95).<\/span><\/p>\n<p><img loading=\"lazy\" decoding=\"async\" class=\"aligncenter wp-image-3177\" src=\"http:\/\/yavaitcachezmeme.fr\/wp-content\/uploads\/2017\/11\/la-vie-aux-champs-8.jpg\" alt=\"\" width=\"720\" height=\"557\" srcset=\"https:\/\/yavaitcachezmeme.fr\/wp-content\/uploads\/2017\/11\/la-vie-aux-champs-8.jpg 709w, https:\/\/yavaitcachezmeme.fr\/wp-content\/uploads\/2017\/11\/la-vie-aux-champs-8-600x464.jpg 600w\" sizes=\"auto, (max-width: 720px) 100vw, 720px\" \/><\/p>\n<p style=\"text-align: center;\"><span style=\"font-size: 120%;\">Plaques pour voitures hippomobiles<\/span><\/p>\n<p style=\"text-align: justify;\"><span style=\"font-size: 120%;\">Partie de l&rsquo;arr\u00eat du Conseil du roi\u00a0du 20 avril 1783: \u00ab&#8230;\u00a0tous propri\u00e9taires de charrettes, chariots et autres voitures, destin\u00e9s au roulage et transport des denr\u00e9es et marchandises, seront tenus de faire peindre en caract\u00e8re gros et lisible, sur une plaque de m\u00e9tal pos\u00e9e en avant des roues, au c\u00f4t\u00e9 gauche de la voiture, et ainsi que cela se pratique dans la ville et banlieue de Paris, leurs noms, surnoms et domiciles&#8230;\u00bb.<\/span><\/p>\n<p><img loading=\"lazy\" decoding=\"async\" class=\"aligncenter wp-image-4738\" src=\"http:\/\/yavaitcachezmeme.fr\/wp-content\/uploads\/2020\/02\/la-vie-aux-champs-15.jpg\" alt=\"\" width=\"820\" height=\"396\" srcset=\"https:\/\/yavaitcachezmeme.fr\/wp-content\/uploads\/2020\/02\/la-vie-aux-champs-15.jpg 1772w, https:\/\/yavaitcachezmeme.fr\/wp-content\/uploads\/2020\/02\/la-vie-aux-champs-15-600x290.jpg 600w, https:\/\/yavaitcachezmeme.fr\/wp-content\/uploads\/2020\/02\/la-vie-aux-champs-15-1024x494.jpg 1024w, https:\/\/yavaitcachezmeme.fr\/wp-content\/uploads\/2020\/02\/la-vie-aux-champs-15-1536x741.jpg 1536w\" sizes=\"auto, (max-width: 820px) 100vw, 820px\" \/><\/p>\n<p style=\"text-align: center;\"><span style=\"font-size: 120%;\">Plaque d\u2019immatriculation d&rsquo;une machine agricole &#8211; DEBROUX Alphonse<br \/>\nentrepreneur de battage \u00e0 Antogny &#8211; Canton de Ste Maure &#8211; Indre et Loire<\/span><\/p>\n<p><img loading=\"lazy\" decoding=\"async\" class=\"aligncenter wp-image-3178\" src=\"http:\/\/yavaitcachezmeme.fr\/wp-content\/uploads\/2017\/11\/la-vie-aux-champs-9.jpg\" alt=\"\" width=\"820\" height=\"615\" srcset=\"https:\/\/yavaitcachezmeme.fr\/wp-content\/uploads\/2017\/11\/la-vie-aux-champs-9.jpg 945w, https:\/\/yavaitcachezmeme.fr\/wp-content\/uploads\/2017\/11\/la-vie-aux-champs-9-600x450.jpg 600w\" sizes=\"auto, (max-width: 820px) 100vw, 820px\" \/><\/p>\n<p style=\"text-align: center;\"><span style=\"font-size: 120%;\">Semer<\/span><\/p>\n<p><img loading=\"lazy\" decoding=\"async\" class=\"aligncenter wp-image-3179\" src=\"http:\/\/yavaitcachezmeme.fr\/wp-content\/uploads\/2017\/11\/la-vie-aux-champs-10.jpg\" alt=\"\" width=\"820\" height=\"615\" srcset=\"https:\/\/yavaitcachezmeme.fr\/wp-content\/uploads\/2017\/11\/la-vie-aux-champs-10.jpg 945w, https:\/\/yavaitcachezmeme.fr\/wp-content\/uploads\/2017\/11\/la-vie-aux-champs-10-600x450.jpg 600w\" sizes=\"auto, (max-width: 820px) 100vw, 820px\" \/><\/p>\n<p style=\"text-align: center;\"><span style=\"font-size: 120%;\">Faucher<\/span><\/p>\n<p><img loading=\"lazy\" decoding=\"async\" class=\"aligncenter wp-image-12384\" src=\"https:\/\/yavaitcachezmeme.fr\/wp-content\/uploads\/2024\/11\/Bas-relief-mi-juillet-600x576.png\" alt=\"\" width=\"820\" height=\"787\" srcset=\"https:\/\/yavaitcachezmeme.fr\/wp-content\/uploads\/2024\/11\/Bas-relief-mi-juillet-600x576.png 600w, https:\/\/yavaitcachezmeme.fr\/wp-content\/uploads\/2024\/11\/Bas-relief-mi-juillet-1024x983.png 1024w, https:\/\/yavaitcachezmeme.fr\/wp-content\/uploads\/2024\/11\/Bas-relief-mi-juillet.png 1372w\" sizes=\"auto, (max-width: 820px) 100vw, 820px\" \/><\/p>\n<p style=\"text-align: center;\"><span style=\"font-size: 120%;\">Bas-relief &#8211; A la mi-juillet la faucille au poignet<\/span><\/p>\n<p><img loading=\"lazy\" decoding=\"async\" class=\"aligncenter wp-image-3180\" src=\"http:\/\/yavaitcachezmeme.fr\/wp-content\/uploads\/2017\/11\/la-vie-aux-champs-11.jpg\" alt=\"\" width=\"820\" height=\"515\" srcset=\"https:\/\/yavaitcachezmeme.fr\/wp-content\/uploads\/2017\/11\/la-vie-aux-champs-11.jpg 945w, https:\/\/yavaitcachezmeme.fr\/wp-content\/uploads\/2017\/11\/la-vie-aux-champs-11-600x377.jpg 600w, https:\/\/yavaitcachezmeme.fr\/wp-content\/uploads\/2017\/11\/la-vie-aux-champs-11-542x340.jpg 542w\" sizes=\"auto, (max-width: 820px) 100vw, 820px\" \/><\/p>\n<p style=\"text-align: center;\"><span style=\"font-size: 120%;\">Tonnelets de faucheur<\/span><\/p>\n<p><img loading=\"lazy\" decoding=\"async\" class=\"aligncenter wp-image-6912\" src=\"https:\/\/yavaitcachezmeme.fr\/wp-content\/uploads\/2022\/02\/VC_1_23-600x424.jpg\" alt=\"\" width=\"820\" height=\"580\" srcset=\"https:\/\/yavaitcachezmeme.fr\/wp-content\/uploads\/2022\/02\/VC_1_23-600x424.jpg 600w, https:\/\/yavaitcachezmeme.fr\/wp-content\/uploads\/2022\/02\/VC_1_23-1024x724.jpg 1024w, https:\/\/yavaitcachezmeme.fr\/wp-content\/uploads\/2022\/02\/VC_1_23-1536x1086.jpg 1536w, https:\/\/yavaitcachezmeme.fr\/wp-content\/uploads\/2022\/02\/VC_1_23.jpg 1958w\" sizes=\"auto, (max-width: 820px) 100vw, 820px\" \/><\/p>\n<p style=\"text-align: center;\"><span style=\"font-size: 120%;\">Bouilleurs de cru dans la campagne normande (canton de Broglie &#8211; 27)<\/span><\/p>\n<p><img loading=\"lazy\" decoding=\"async\" class=\"aligncenter wp-image-3182\" src=\"http:\/\/yavaitcachezmeme.fr\/wp-content\/uploads\/2017\/11\/la-vie-aux-champs-14.jpg\" alt=\"\" width=\"820\" height=\"568\" \/><\/p>\n<p style=\"text-align: center;\"><span style=\"font-size: 120%;\">Mon grand-p\u00e8re paternel sur son tracteur Fordson\u00a0dans la cour de sa ferme.<\/span><\/p>\n<p><img loading=\"lazy\" decoding=\"async\" class=\"aligncenter wp-image-5003\" src=\"https:\/\/yavaitcachezmeme.fr\/wp-content\/uploads\/2020\/09\/NASSANDRES_H_002.jpg\" alt=\"\" width=\"820\" height=\"522\" srcset=\"https:\/\/yavaitcachezmeme.fr\/wp-content\/uploads\/2020\/09\/NASSANDRES_H_002.jpg 1616w, https:\/\/yavaitcachezmeme.fr\/wp-content\/uploads\/2020\/09\/NASSANDRES_H_002-600x382.jpg 600w, https:\/\/yavaitcachezmeme.fr\/wp-content\/uploads\/2020\/09\/NASSANDRES_H_002-1024x651.jpg 1024w, https:\/\/yavaitcachezmeme.fr\/wp-content\/uploads\/2020\/09\/NASSANDRES_H_002-1536x977.jpg 1536w\" sizes=\"auto, (max-width: 820px) 100vw, 820px\" \/><\/p>\n<p style=\"text-align: center;\"><span style=\"font-size: 120%;\">Attelage de b\u0153ufs<\/span><\/p>\n<p><img loading=\"lazy\" decoding=\"async\" class=\"aligncenter wp-image-5002\" src=\"https:\/\/yavaitcachezmeme.fr\/wp-content\/uploads\/2020\/09\/NASSANDRES_H_001.jpg\" alt=\"\" width=\"820\" height=\"515\" srcset=\"https:\/\/yavaitcachezmeme.fr\/wp-content\/uploads\/2020\/09\/NASSANDRES_H_001.jpg 1636w, https:\/\/yavaitcachezmeme.fr\/wp-content\/uploads\/2020\/09\/NASSANDRES_H_001-600x377.jpg 600w, https:\/\/yavaitcachezmeme.fr\/wp-content\/uploads\/2020\/09\/NASSANDRES_H_001-1024x643.jpg 1024w, https:\/\/yavaitcachezmeme.fr\/wp-content\/uploads\/2020\/09\/NASSANDRES_H_001-1536x965.jpg 1536w, https:\/\/yavaitcachezmeme.fr\/wp-content\/uploads\/2020\/09\/NASSANDRES_H_001-542x340.jpg 542w\" sizes=\"auto, (max-width: 820px) 100vw, 820px\" \/><\/p>\n<p style=\"text-align: center;\"><span style=\"font-size: 120%;\">Les premi\u00e8res machines agricoles<\/span><\/p>\n<p><img loading=\"lazy\" decoding=\"async\" class=\"aligncenter wp-image-2226\" src=\"https:\/\/yavaitcachezmeme.fr\/wp-content\/uploads\/2016\/12\/Une_la-vie-aux-champs-600x329.jpg\" alt=\"\" width=\"820\" height=\"450\" srcset=\"https:\/\/yavaitcachezmeme.fr\/wp-content\/uploads\/2016\/12\/Une_la-vie-aux-champs-600x329.jpg 600w, https:\/\/yavaitcachezmeme.fr\/wp-content\/uploads\/2016\/12\/Une_la-vie-aux-champs-1024x562.jpg 1024w, https:\/\/yavaitcachezmeme.fr\/wp-content\/uploads\/2016\/12\/Une_la-vie-aux-champs.jpg 1100w\" sizes=\"auto, (max-width: 820px) 100vw, 820px\" \/><\/p>\n<p style=\"text-align: center;\"><span style=\"font-size: 120%;\">Sc\u00e8ne de battage<\/span><\/p>\n<div style=\"font-size: 100%; font-family: georgia;\">\n<p style=\"text-align: center;\"><img loading=\"lazy\" decoding=\"async\" class=\"alignnone wp-image-12386\" src=\"https:\/\/yavaitcachezmeme.fr\/wp-content\/uploads\/2024\/11\/Prix-600x475.png\" alt=\"\" width=\"100\" height=\"79\" srcset=\"https:\/\/yavaitcachezmeme.fr\/wp-content\/uploads\/2024\/11\/Prix-600x475.png 600w, https:\/\/yavaitcachezmeme.fr\/wp-content\/uploads\/2024\/11\/Prix-1024x811.png 1024w, https:\/\/yavaitcachezmeme.fr\/wp-content\/uploads\/2024\/11\/Prix.png 1417w\" sizes=\"auto, (max-width: 100px) 100vw, 100px\" \/><\/p>\n<p style=\"text-align: justify;\"><span style=\"font-size: 120%;\">Les th\u00e8mes de la rubrique <span style=\"color: #ff6600;\"><strong>Bric \u00e0 Brac<\/strong><\/span> sont \u00e0 retrouver en cliquant sur les liens suivants :<\/span><\/p>\n<p style=\"text-align: justify;\"><span style=\"font-size: 120%;\"><strong><a href=\"http:\/\/yavaitcachezmeme.fr\/index.php\/bric-a-brac\/jeux-et-jouets\/\">Jeux et jouets<\/a>\u00a0 &#8211;\u00a0 <a href=\"http:\/\/yavaitcachezmeme.fr\/index.php\/bric-a-brac\/ecole\/\">L&rsquo;\u00e9cole<\/a>\u00a0 &#8211;\u00a0 <a href=\"http:\/\/yavaitcachezmeme.fr\/index.php\/bric-a-brac\/la-cuisine\/\">La cuisine<\/a>\u00a0 &#8211;\u00a0 <a href=\"http:\/\/yavaitcachezmeme.fr\/index.php\/bric-a-brac\/la-laiterie\/\">La Laiterie<\/a>\u00a0 &#8211;\u00a0 <a href=\"http:\/\/yavaitcachezmeme.fr\/index.php\/bric-a-brac\/la-vie-aux-champs\/\">La vie aux champs<\/a>\u00a0 &#8211;\u00a0 <a href=\"http:\/\/yavaitcachezmeme.fr\/index.php\/bric-a-brac\/cafe\/\">Le caf\u00e9<\/a>\u00a0 &#8211;\u00a0 <a href=\"http:\/\/yavaitcachezmeme.fr\/index.php\/bric-a-brac\/sante-hygiene\/\">Sant\u00e9 &amp; hygi\u00e8ne<\/a><\/strong><\/span><\/p>\n<p style=\"text-align: center;\"><a href=\"https:\/\/yavaitcachezmeme.fr\/\"><img loading=\"lazy\" decoding=\"async\" class=\"aligncenter wp-image-5243\" src=\"https:\/\/yavaitcachezmeme.fr\/wp-content\/uploads\/2024\/11\/Marque-b.png\" alt=\"\" width=\"25\" height=\"43\" \/><\/a><\/p>\n<\/div>\n<\/div>\n","protected":false},"excerpt":{"rendered":"<p>\u00c9lever, soigner, semer, r\u00e9colter : la vie aux champs. Aviculture \u00c9lever &#8211; Museli\u00e8res \u00e0 veau \u00c9lever &#8211; Les soins Cheval \u00e0 l&rsquo;attelage \u00c9lever&#8230;<\/p>\n","protected":false},"author":1,"featured_media":0,"parent":90,"menu_order":0,"comment_status":"closed","ping_status":"closed","template":"","meta":{"footnotes":""},"class_list":["post-1504","page","type-page","status-publish","hentry"],"_links":{"self":[{"href":"https:\/\/yavaitcachezmeme.fr\/index.php\/wp-json\/wp\/v2\/pages\/1504","targetHints":{"allow":["GET"]}}],"collection":[{"href":"https:\/\/yavaitcachezmeme.fr\/index.php\/wp-json\/wp\/v2\/pages"}],"about":[{"href":"https:\/\/yavaitcachezmeme.fr\/index.php\/wp-json\/wp\/v2\/types\/page"}],"author":[{"embeddable":true,"href":"https:\/\/yavaitcachezmeme.fr\/index.php\/wp-json\/wp\/v2\/users\/1"}],"replies":[{"embeddable":true,"href":"https:\/\/yavaitcachezmeme.fr\/index.php\/wp-json\/wp\/v2\/comments?post=1504"}],"version-history":[{"count":43,"href":"https:\/\/yavaitcachezmeme.fr\/index.php\/wp-json\/wp\/v2\/pages\/1504\/revisions"}],"predecessor-version":[{"id":12518,"href":"https:\/\/yavaitcachezmeme.fr\/index.php\/wp-json\/wp\/v2\/pages\/1504\/revisions\/12518"}],"up":[{"embeddable":true,"href":"https:\/\/yavaitcachezmeme.fr\/index.php\/wp-json\/wp\/v2\/pages\/90"}],"wp:attachment":[{"href":"https:\/\/yavaitcachezmeme.fr\/index.php\/wp-json\/wp\/v2\/media?parent=1504"}],"curies":[{"name":"wp","href":"https:\/\/api.w.org\/{rel}","templated":true}]}}