{"id":1524,"date":"2016-03-09T05:45:45","date_gmt":"2016-03-09T04:45:45","guid":{"rendered":"http:\/\/yavaitcachezmeme.fr\/?page_id=1524"},"modified":"2024-11-11T07:50:37","modified_gmt":"2024-11-11T06:50:37","slug":"cabinet-de-curiostes","status":"publish","type":"page","link":"https:\/\/yavaitcachezmeme.fr\/index.php\/curiosites\/cabinet-de-curiostes\/","title":{"rendered":"Cabinet de curiosit\u00e9s"},"content":{"rendered":"<div style=\"font-size: 100%; font-family: georgia;\">\n<p style=\"text-align: justify;\"><span style=\"font-size: 120%;\">Un <span style=\"color: #ff6600;\"><strong>cabinet de curiosit\u00e9s<\/strong><\/span> tr\u00e8s naturaliste mais surtout tr\u00e8s h\u00e9t\u00e9roclite.<\/span><\/p>\n<p style=\"text-align: center;\"><img loading=\"lazy\" decoding=\"async\" class=\"alignnone wp-image-12419\" src=\"https:\/\/yavaitcachezmeme.fr\/wp-content\/uploads\/2024\/11\/C-de-C-600x183.png\" alt=\"\" width=\"150\" height=\"46\" srcset=\"https:\/\/yavaitcachezmeme.fr\/wp-content\/uploads\/2024\/11\/C-de-C-600x183.png 600w, https:\/\/yavaitcachezmeme.fr\/wp-content\/uploads\/2024\/11\/C-de-C-1024x312.png 1024w, https:\/\/yavaitcachezmeme.fr\/wp-content\/uploads\/2024\/11\/C-de-C.png 1349w\" sizes=\"auto, (max-width: 150px) 100vw, 150px\" \/><\/p>\n<p><img loading=\"lazy\" decoding=\"async\" class=\"aligncenter wp-image-2012 size-full\" src=\"https:\/\/yavaitcachezmeme.fr\/wp-content\/uploads\/2016\/04\/Cabinet_002.jpg\" alt=\"\" width=\"412\" height=\"800\" srcset=\"https:\/\/yavaitcachezmeme.fr\/wp-content\/uploads\/2016\/04\/Cabinet_002.jpg 412w, https:\/\/yavaitcachezmeme.fr\/wp-content\/uploads\/2016\/04\/Cabinet_002-309x600.jpg 309w\" sizes=\"auto, (max-width: 412px) 100vw, 412px\" \/><\/p>\n<p style=\"text-align: center;\"><span style=\"font-size: 120%;\">Chevreuil<\/span><\/p>\n<p><img loading=\"lazy\" decoding=\"async\" class=\"aligncenter wp-image-2027\" src=\"http:\/\/yavaitcachezmeme.fr\/wp-content\/uploads\/2016\/04\/Cabinet_011.jpg\" alt=\"\" width=\"820\" height=\"547\" srcset=\"https:\/\/yavaitcachezmeme.fr\/wp-content\/uploads\/2016\/04\/Cabinet_011.jpg 800w, https:\/\/yavaitcachezmeme.fr\/wp-content\/uploads\/2016\/04\/Cabinet_011-600x401.jpg 600w\" sizes=\"auto, (max-width: 820px) 100vw, 820px\" \/><\/p>\n<p style=\"text-align: center;\"><span style=\"font-size: 120%;\">Ragondin et fouine<\/span><\/p>\n<p><img loading=\"lazy\" decoding=\"async\" class=\"aligncenter wp-image-2014\" src=\"http:\/\/yavaitcachezmeme.fr\/wp-content\/uploads\/2016\/04\/Cabinet_004.jpg\" alt=\"\" width=\"820\" height=\"670\" srcset=\"https:\/\/yavaitcachezmeme.fr\/wp-content\/uploads\/2016\/04\/Cabinet_004.jpg 800w, https:\/\/yavaitcachezmeme.fr\/wp-content\/uploads\/2016\/04\/Cabinet_004-600x491.jpg 600w\" sizes=\"auto, (max-width: 820px) 100vw, 820px\" \/><\/p>\n<p style=\"text-align: center;\"><span style=\"font-size: 120%;\">Cygne et \u00e9meu<\/span><\/p>\n<p><img loading=\"lazy\" decoding=\"async\" class=\"aligncenter wp-image-2031\" src=\"https:\/\/yavaitcachezmeme.fr\/wp-content\/uploads\/2016\/04\/Cabinet_005.jpg\" alt=\"\" width=\"475\" height=\"612\" \/><\/p>\n<p style=\"text-align: center;\"><span style=\"font-size: 120%;\">Autruche<\/span><\/p>\n<p><img loading=\"lazy\" decoding=\"async\" class=\"aligncenter wp-image-4325\" src=\"http:\/\/yavaitcachezmeme.fr\/wp-content\/uploads\/2019\/02\/B\u00e9casse-1024x768.jpg\" alt=\"\" width=\"650\" height=\"487\" srcset=\"https:\/\/yavaitcachezmeme.fr\/wp-content\/uploads\/2019\/02\/B\u00e9casse-1024x768.jpg 1024w, https:\/\/yavaitcachezmeme.fr\/wp-content\/uploads\/2019\/02\/B\u00e9casse-600x450.jpg 600w, https:\/\/yavaitcachezmeme.fr\/wp-content\/uploads\/2019\/02\/B\u00e9casse-1536x1152.jpg 1536w, https:\/\/yavaitcachezmeme.fr\/wp-content\/uploads\/2019\/02\/B\u00e9casse-2048x1536.jpg 2048w\" sizes=\"auto, (max-width: 650px) 100vw, 650px\" \/><\/p>\n<p style=\"text-align: center;\"><span style=\"font-size: 120%;\">B\u00e9casse<\/span><\/p>\n<p><img loading=\"lazy\" decoding=\"async\" class=\"aligncenter wp-image-4328\" src=\"http:\/\/yavaitcachezmeme.fr\/wp-content\/uploads\/2019\/02\/Faisan-926x1024.jpg\" alt=\"\" width=\"650\" height=\"719\" srcset=\"https:\/\/yavaitcachezmeme.fr\/wp-content\/uploads\/2019\/02\/Faisan-926x1024.jpg 926w, https:\/\/yavaitcachezmeme.fr\/wp-content\/uploads\/2019\/02\/Faisan-543x600.jpg 543w, https:\/\/yavaitcachezmeme.fr\/wp-content\/uploads\/2019\/02\/Faisan-1389x1536.jpg 1389w, https:\/\/yavaitcachezmeme.fr\/wp-content\/uploads\/2019\/02\/Faisan-1852x2048.jpg 1852w, https:\/\/yavaitcachezmeme.fr\/wp-content\/uploads\/2019\/02\/Faisan.jpg 1923w\" sizes=\"auto, (max-width: 650px) 100vw, 650px\" \/><\/p>\n<p style=\"text-align: center;\"><span style=\"font-size: 120%;\">Faisan<\/span><\/p>\n<p><img loading=\"lazy\" decoding=\"async\" class=\"aligncenter wp-image-4329\" src=\"http:\/\/yavaitcachezmeme.fr\/wp-content\/uploads\/2019\/02\/Merle-1024x768.jpg\" alt=\"\" width=\"650\" height=\"487\" srcset=\"https:\/\/yavaitcachezmeme.fr\/wp-content\/uploads\/2019\/02\/Merle-1024x768.jpg 1024w, https:\/\/yavaitcachezmeme.fr\/wp-content\/uploads\/2019\/02\/Merle-600x450.jpg 600w, https:\/\/yavaitcachezmeme.fr\/wp-content\/uploads\/2019\/02\/Merle-1536x1152.jpg 1536w, https:\/\/yavaitcachezmeme.fr\/wp-content\/uploads\/2019\/02\/Merle-2048x1536.jpg 2048w\" sizes=\"auto, (max-width: 650px) 100vw, 650px\" \/><\/p>\n<p style=\"text-align: center;\"><span style=\"font-size: 120%;\">Merle<\/span><\/p>\n<p><img loading=\"lazy\" decoding=\"async\" class=\"aligncenter wp-image-4330\" src=\"http:\/\/yavaitcachezmeme.fr\/wp-content\/uploads\/2019\/02\/Poule-deau-768x1024.jpg\" alt=\"\" width=\"650\" height=\"867\" srcset=\"https:\/\/yavaitcachezmeme.fr\/wp-content\/uploads\/2019\/02\/Poule-deau-768x1024.jpg 768w, https:\/\/yavaitcachezmeme.fr\/wp-content\/uploads\/2019\/02\/Poule-deau-450x600.jpg 450w, https:\/\/yavaitcachezmeme.fr\/wp-content\/uploads\/2019\/02\/Poule-deau-1152x1536.jpg 1152w, https:\/\/yavaitcachezmeme.fr\/wp-content\/uploads\/2019\/02\/Poule-deau-1536x2048.jpg 1536w, https:\/\/yavaitcachezmeme.fr\/wp-content\/uploads\/2019\/02\/Poule-deau.jpg 1594w\" sizes=\"auto, (max-width: 650px) 100vw, 650px\" \/><\/p>\n<p style=\"text-align: center;\"><span style=\"font-size: 120%;\">Poule d&rsquo;eau<\/span><\/p>\n<p><img loading=\"lazy\" decoding=\"async\" class=\"aligncenter wp-image-2026 size-full\" src=\"https:\/\/yavaitcachezmeme.fr\/wp-content\/uploads\/2016\/04\/Cabinet_010.jpg\" alt=\"\" width=\"600\" height=\"800\" srcset=\"https:\/\/yavaitcachezmeme.fr\/wp-content\/uploads\/2016\/04\/Cabinet_010.jpg 600w, https:\/\/yavaitcachezmeme.fr\/wp-content\/uploads\/2016\/04\/Cabinet_010-450x600.jpg 450w\" sizes=\"auto, (max-width: 600px) 100vw, 600px\" \/><\/p>\n<p style=\"text-align: center;\"><span style=\"font-size: 120%;\">Yeux pour taxidermiste<\/span><\/p>\n<p><img loading=\"lazy\" decoding=\"async\" class=\"aligncenter wp-image-4326\" src=\"http:\/\/yavaitcachezmeme.fr\/wp-content\/uploads\/2019\/02\/Coq-1024x768.jpg\" alt=\"\" width=\"650\" height=\"487\" srcset=\"https:\/\/yavaitcachezmeme.fr\/wp-content\/uploads\/2019\/02\/Coq-1024x768.jpg 1024w, https:\/\/yavaitcachezmeme.fr\/wp-content\/uploads\/2019\/02\/Coq-600x450.jpg 600w, https:\/\/yavaitcachezmeme.fr\/wp-content\/uploads\/2019\/02\/Coq-1536x1152.jpg 1536w, https:\/\/yavaitcachezmeme.fr\/wp-content\/uploads\/2019\/02\/Coq-2048x1536.jpg 2048w\" sizes=\"auto, (max-width: 650px) 100vw, 650px\" \/><\/p>\n<p style=\"text-align: center;\"><span style=\"font-size: 120%;\">Coq &#8211; Bronze de Vienne<\/span><\/p>\n<p><img loading=\"lazy\" decoding=\"async\" class=\"aligncenter wp-image-4327\" src=\"http:\/\/yavaitcachezmeme.fr\/wp-content\/uploads\/2019\/02\/Epervier-768x1024.jpg\" alt=\"\" width=\"650\" height=\"867\" srcset=\"https:\/\/yavaitcachezmeme.fr\/wp-content\/uploads\/2019\/02\/Epervier-768x1024.jpg 768w, https:\/\/yavaitcachezmeme.fr\/wp-content\/uploads\/2019\/02\/Epervier-450x600.jpg 450w, https:\/\/yavaitcachezmeme.fr\/wp-content\/uploads\/2019\/02\/Epervier-1152x1536.jpg 1152w, https:\/\/yavaitcachezmeme.fr\/wp-content\/uploads\/2019\/02\/Epervier-1536x2048.jpg 1536w, https:\/\/yavaitcachezmeme.fr\/wp-content\/uploads\/2019\/02\/Epervier.jpg 1594w\" sizes=\"auto, (max-width: 650px) 100vw, 650px\" \/><\/p>\n<p style=\"text-align: center;\"><span style=\"font-size: 120%;\">\u00c9pervier &#8211; Terre cuite<\/span><\/p>\n<p><img loading=\"lazy\" decoding=\"async\" class=\"aligncenter wp-image-11990\" src=\"https:\/\/yavaitcachezmeme.fr\/wp-content\/uploads\/2024\/05\/Nid-mesange-a-longue-queue-600x433.jpg\" alt=\"\" width=\"820\" height=\"592\" srcset=\"https:\/\/yavaitcachezmeme.fr\/wp-content\/uploads\/2024\/05\/Nid-mesange-a-longue-queue-600x433.jpg 600w, https:\/\/yavaitcachezmeme.fr\/wp-content\/uploads\/2024\/05\/Nid-mesange-a-longue-queue-1024x739.jpg 1024w, https:\/\/yavaitcachezmeme.fr\/wp-content\/uploads\/2024\/05\/Nid-mesange-a-longue-queue-1536x1109.jpg 1536w, https:\/\/yavaitcachezmeme.fr\/wp-content\/uploads\/2024\/05\/Nid-mesange-a-longue-queue-2048x1479.jpg 2048w\" sizes=\"auto, (max-width: 820px) 100vw, 820px\" \/><\/p>\n<p style=\"font-size: 120%; text-align: justify;\">Nid de m\u00e9sange \u00e0 longue queue \u2013 \u00ab\u00a0La m\u00e9sange \u00e0 longue queue et son nid douillet \u00e9taient particuli\u00e8rement bien connu des g\u00e9n\u00e9rations pr\u00e9c\u00e9dentes. En effet, dans le Cotentin, il n\u2019y a pas si longtemps, les nids de cet oiseau \u00e9taient activement recherch\u00e9s pour servir de bottines aux nouveau-n\u00e9s des r\u00e9gions rurales\u00a0\u00bb \u2013 Atlas des Oiseaux Nicheurs Normands<\/p>\n<p style=\"text-align: center;\"><img loading=\"lazy\" decoding=\"async\" class=\"alignnone wp-image-12419\" src=\"https:\/\/yavaitcachezmeme.fr\/wp-content\/uploads\/2024\/11\/C-de-C-600x183.png\" alt=\"\" width=\"150\" height=\"46\" srcset=\"https:\/\/yavaitcachezmeme.fr\/wp-content\/uploads\/2024\/11\/C-de-C-600x183.png 600w, https:\/\/yavaitcachezmeme.fr\/wp-content\/uploads\/2024\/11\/C-de-C-1024x312.png 1024w, https:\/\/yavaitcachezmeme.fr\/wp-content\/uploads\/2024\/11\/C-de-C.png 1349w\" sizes=\"auto, (max-width: 150px) 100vw, 150px\" \/><\/p>\n<p style=\"text-align: justify;\"><span style=\"font-size: 120%;\">Les th\u00e8mes de la rubrique <span style=\"color: #ff6600;\"><strong>curiosit\u00e9s<\/strong><\/span> sont \u00e0 visiter en cliquant sur les liens suivants :<\/span><\/p>\n<p style=\"text-align: justify;\"><span style=\"font-size: 120%;\"><strong><a href=\"https:\/\/yavaitcachezmeme.fr\/index.php\/curiosites\/art-populaire-interieur\/\">Art populaire domestique<\/a> &#8211; <a href=\"https:\/\/yavaitcachezmeme.fr\/index.php\/curiosites\/art-populaire-exterieur\/\">Art populaire professionnel<\/a> &#8211; <a href=\"https:\/\/yavaitcachezmeme.fr\/index.php\/curiosites\/graines-noix-noyaux\/\">Graines, noix &amp; noyaux<\/a>\u00a0 &#8211; <a href=\"https:\/\/yavaitcachezmeme.fr\/index.php\/curiosites\/art-de-tranchee\/\">Art de tranch\u00e9e et Conscription<\/a>\u00a0&#8211; <a href=\"http:\/\/yavaitcachezmeme.fr\/index.php\/curiosites\/cabinet-de-curiostes\/\">Cabinet de curiosit\u00e9s<\/a>\u00a0 &#8211; \u00a0<a href=\"http:\/\/yavaitcachezmeme.fr\/index.php\/curiosites\/d-ici-et-d-ailleurs\/\">D&rsquo;ici et d&rsquo;ailleurs<\/a>\u00a0 &#8211; <a href=\"https:\/\/yavaitcachezmeme.fr\/index.php\/curiosites\/germaine-bouret\/\">Germaine Bouret<\/a> &#8211; \u00a0<a href=\"http:\/\/yavaitcachezmeme.fr\/index.php\/curiosites\/poteries-normandes\/\">Poteries Normandes<\/a>\u00a0 &#8211; \u00a0<a href=\"http:\/\/yavaitcachezmeme.fr\/index.php\/curiosites\/vieux-papiers\/\">Vieux Papiers<\/a><\/strong><\/span><\/p>\n<div style=\"font-size: 100%; font-family: georgia; text-align: justify;\"><a href=\"https:\/\/yavaitcachezmeme.fr\/\"><img loading=\"lazy\" decoding=\"async\" class=\"aligncenter wp-image-5243\" src=\"https:\/\/yavaitcachezmeme.fr\/wp-content\/uploads\/2024\/11\/Marque-b.png\" alt=\"\" width=\"25\" height=\"43\" \/><\/a><\/div>\n<\/div>\n","protected":false},"excerpt":{"rendered":"<p>Un cabinet de curiosit\u00e9s tr\u00e8s naturaliste mais surtout tr\u00e8s h\u00e9t\u00e9roclite. Chevreuil Ragondin et fouine Cygne et \u00e9meu Autruche B\u00e9casse Faisan Merle Poule d&rsquo;eau&#8230;<\/p>\n","protected":false},"author":1,"featured_media":0,"parent":97,"menu_order":40,"comment_status":"closed","ping_status":"closed","template":"","meta":{"footnotes":""},"class_list":["post-1524","page","type-page","status-publish","hentry"],"_links":{"self":[{"href":"https:\/\/yavaitcachezmeme.fr\/index.php\/wp-json\/wp\/v2\/pages\/1524","targetHints":{"allow":["GET"]}}],"collection":[{"href":"https:\/\/yavaitcachezmeme.fr\/index.php\/wp-json\/wp\/v2\/pages"}],"about":[{"href":"https:\/\/yavaitcachezmeme.fr\/index.php\/wp-json\/wp\/v2\/types\/page"}],"author":[{"embeddable":true,"href":"https:\/\/yavaitcachezmeme.fr\/index.php\/wp-json\/wp\/v2\/users\/1"}],"replies":[{"embeddable":true,"href":"https:\/\/yavaitcachezmeme.fr\/index.php\/wp-json\/wp\/v2\/comments?post=1524"}],"version-history":[{"count":47,"href":"https:\/\/yavaitcachezmeme.fr\/index.php\/wp-json\/wp\/v2\/pages\/1524\/revisions"}],"predecessor-version":[{"id":12426,"href":"https:\/\/yavaitcachezmeme.fr\/index.php\/wp-json\/wp\/v2\/pages\/1524\/revisions\/12426"}],"up":[{"embeddable":true,"href":"https:\/\/yavaitcachezmeme.fr\/index.php\/wp-json\/wp\/v2\/pages\/97"}],"wp:attachment":[{"href":"https:\/\/yavaitcachezmeme.fr\/index.php\/wp-json\/wp\/v2\/media?parent=1524"}],"curies":[{"name":"wp","href":"https:\/\/api.w.org\/{rel}","templated":true}]}}