{"id":1824,"date":"2016-04-07T17:44:58","date_gmt":"2016-04-07T16:44:58","guid":{"rendered":"http:\/\/yavaitcachezmeme.fr\/?page_id=1824"},"modified":"2024-11-29T19:36:46","modified_gmt":"2024-11-29T18:36:46","slug":"la-laiterie","status":"publish","type":"page","link":"https:\/\/yavaitcachezmeme.fr\/index.php\/bric-a-brac\/la-laiterie\/","title":{"rendered":"La laiterie"},"content":{"rendered":"<div style=\"font-size: 100%; font-family: georgia;\">\n<p style=\"text-align: justify;\"><span style=\"font-size: 120%;\">Dans <span style=\"color: #ff6600;\"><strong>la laiterie<\/strong><\/span> pour transformer le lait, \u00a0en cr\u00e8me, beurre et fromage.<\/span><\/p>\n<p style=\"text-align: center;\"><img loading=\"lazy\" decoding=\"async\" class=\"alignnone wp-image-12367\" src=\"https:\/\/yavaitcachezmeme.fr\/wp-content\/uploads\/2024\/11\/Canne-580x600.png\" alt=\"\" width=\"100\" height=\"103\" srcset=\"https:\/\/yavaitcachezmeme.fr\/wp-content\/uploads\/2024\/11\/Canne-580x600.png 580w, https:\/\/yavaitcachezmeme.fr\/wp-content\/uploads\/2024\/11\/Canne-991x1024.png 991w, https:\/\/yavaitcachezmeme.fr\/wp-content\/uploads\/2024\/11\/Canne.png 1156w\" sizes=\"auto, (max-width: 100px) 100vw, 100px\" \/><\/p>\n<p><img loading=\"lazy\" decoding=\"async\" class=\"aligncenter wp-image-1835\" src=\"http:\/\/yavaitcachezmeme.fr\/wp-content\/uploads\/2016\/04\/Laiterie_001.jpg\" alt=\"\" width=\"820\" height=\"466\" srcset=\"https:\/\/yavaitcachezmeme.fr\/wp-content\/uploads\/2016\/04\/Laiterie_001.jpg 800w, https:\/\/yavaitcachezmeme.fr\/wp-content\/uploads\/2016\/04\/Laiterie_001-600x341.jpg 600w\" sizes=\"auto, (max-width: 820px) 100vw, 820px\" \/><\/p>\n<p style=\"text-align: center;\"><span style=\"font-size: 120%;\">Bouteilles \u00e0 lait et barattes m\u00e9nag\u00e8res<\/span><\/p>\n<p><img loading=\"lazy\" decoding=\"async\" class=\"aligncenter wp-image-1836\" src=\"http:\/\/yavaitcachezmeme.fr\/wp-content\/uploads\/2016\/04\/Laiterie_002.jpg\" alt=\"\" width=\"820\" height=\"287\" srcset=\"https:\/\/yavaitcachezmeme.fr\/wp-content\/uploads\/2016\/04\/Laiterie_002.jpg 800w, https:\/\/yavaitcachezmeme.fr\/wp-content\/uploads\/2016\/04\/Laiterie_002-600x210.jpg 600w\" sizes=\"auto, (max-width: 820px) 100vw, 820px\" \/><\/p>\n<p style=\"text-align: center;\"><span style=\"font-size: 120%;\">Moules et marques \u00e0 beurre<\/span><\/p>\n<p><img loading=\"lazy\" decoding=\"async\" class=\"aligncenter wp-image-1837\" src=\"http:\/\/yavaitcachezmeme.fr\/wp-content\/uploads\/2016\/04\/Laiterie_003.jpg\" alt=\"\" width=\"820\" height=\"298\" srcset=\"https:\/\/yavaitcachezmeme.fr\/wp-content\/uploads\/2016\/04\/Laiterie_003.jpg 800w, https:\/\/yavaitcachezmeme.fr\/wp-content\/uploads\/2016\/04\/Laiterie_003-600x218.jpg 600w\" sizes=\"auto, (max-width: 820px) 100vw, 820px\" \/><\/p>\n<p style=\"text-align: center;\"><span style=\"font-size: 120%;\">Moules \u00e0 fromage<\/span><\/p>\n<p><img loading=\"lazy\" decoding=\"async\" class=\"aligncenter wp-image-1838\" src=\"http:\/\/yavaitcachezmeme.fr\/wp-content\/uploads\/2016\/04\/Laiterie_004.jpg\" alt=\"\" width=\"820\" height=\"386\" srcset=\"https:\/\/yavaitcachezmeme.fr\/wp-content\/uploads\/2016\/04\/Laiterie_004.jpg 800w, https:\/\/yavaitcachezmeme.fr\/wp-content\/uploads\/2016\/04\/Laiterie_004-600x283.jpg 600w\" sizes=\"auto, (max-width: 820px) 100vw, 820px\" \/><\/p>\n<p style=\"text-align: center;\"><span style=\"font-size: 120%;\">Caisses, tapes et couteaux \u00e0 beurre<\/span><\/p>\n<p><img loading=\"lazy\" decoding=\"async\" class=\"aligncenter wp-image-1843\" src=\"http:\/\/yavaitcachezmeme.fr\/wp-content\/uploads\/2016\/04\/Laiterie_009-430x600.jpg\" alt=\"\" width=\"475\" height=\"663\" srcset=\"https:\/\/yavaitcachezmeme.fr\/wp-content\/uploads\/2016\/04\/Laiterie_009-430x600.jpg 430w, https:\/\/yavaitcachezmeme.fr\/wp-content\/uploads\/2016\/04\/Laiterie_009.jpg 600w\" sizes=\"auto, (max-width: 475px) 100vw, 475px\" \/><\/p>\n<p style=\"text-align: center;\"><span style=\"font-size: 120%;\">Rien ne remplace le beurre pour la cuisine et la table<\/span><\/p>\n<p><img loading=\"lazy\" decoding=\"async\" class=\"aligncenter wp-image-1839\" src=\"http:\/\/yavaitcachezmeme.fr\/wp-content\/uploads\/2016\/04\/Laiterie_005.jpg\" alt=\"\" width=\"500\" height=\"667\" srcset=\"https:\/\/yavaitcachezmeme.fr\/wp-content\/uploads\/2016\/04\/Laiterie_005.jpg 600w, https:\/\/yavaitcachezmeme.fr\/wp-content\/uploads\/2016\/04\/Laiterie_005-450x600.jpg 450w\" sizes=\"auto, (max-width: 500px) 100vw, 500px\" \/><\/p>\n<p style=\"text-align: center;\"><span style=\"font-size: 120%;\">Barattes \u00e0 beurre<\/span><\/p>\n<p><img loading=\"lazy\" decoding=\"async\" class=\"aligncenter wp-image-1840\" src=\"http:\/\/yavaitcachezmeme.fr\/wp-content\/uploads\/2016\/04\/Laiterie_006.jpg\" alt=\"\" width=\"500\" height=\"667\" srcset=\"https:\/\/yavaitcachezmeme.fr\/wp-content\/uploads\/2016\/04\/Laiterie_006.jpg 600w, https:\/\/yavaitcachezmeme.fr\/wp-content\/uploads\/2016\/04\/Laiterie_006-450x600.jpg 450w\" sizes=\"auto, (max-width: 500px) 100vw, 500px\" \/><\/p>\n<p style=\"text-align: center;\"><span style=\"font-size: 120%;\">Pots \u00e0 lait<\/span><\/p>\n<p><img loading=\"lazy\" decoding=\"async\" class=\"aligncenter wp-image-1841\" src=\"http:\/\/yavaitcachezmeme.fr\/wp-content\/uploads\/2016\/04\/Laiterie_007.jpg\" alt=\"\" width=\"820\" height=\"610\" srcset=\"https:\/\/yavaitcachezmeme.fr\/wp-content\/uploads\/2016\/04\/Laiterie_007.jpg 800w, https:\/\/yavaitcachezmeme.fr\/wp-content\/uploads\/2016\/04\/Laiterie_007-600x446.jpg 600w\" sizes=\"auto, (max-width: 820px) 100vw, 820px\" \/><\/p>\n<p style=\"text-align: center;\"><span style=\"font-size: 120%;\">Plat \u00e0 beurre, jatte et louches \u00e0 cr\u00e8me<\/span><\/p>\n<p><img loading=\"lazy\" decoding=\"async\" class=\"aligncenter wp-image-12366\" src=\"https:\/\/yavaitcachezmeme.fr\/wp-content\/uploads\/2024\/11\/Canne-et-tripode-600x323.png\" alt=\"\" width=\"820\" height=\"441\" srcset=\"https:\/\/yavaitcachezmeme.fr\/wp-content\/uploads\/2024\/11\/Canne-et-tripode-600x323.png 600w, https:\/\/yavaitcachezmeme.fr\/wp-content\/uploads\/2024\/11\/Canne-et-tripode-1024x551.png 1024w, https:\/\/yavaitcachezmeme.fr\/wp-content\/uploads\/2024\/11\/Canne-et-tripode.png 1378w\" sizes=\"auto, (max-width: 820px) 100vw, 820px\" \/><\/p>\n<p style=\"text-align: center;\"><span style=\"font-size: 120%;\">Canne \u00e0 lait et tr\u00e9pied de traite<\/span><\/p>\n<p><img loading=\"lazy\" decoding=\"async\" class=\"aligncenter wp-image-12570\" src=\"https:\/\/yavaitcachezmeme.fr\/wp-content\/uploads\/2024\/11\/LAITIERE_V_001-438x600.jpg\" alt=\"\" width=\"475\" height=\"651\" srcset=\"https:\/\/yavaitcachezmeme.fr\/wp-content\/uploads\/2024\/11\/LAITIERE_V_001-438x600.jpg 438w, https:\/\/yavaitcachezmeme.fr\/wp-content\/uploads\/2024\/11\/LAITIERE_V_001-748x1024.jpg 748w, https:\/\/yavaitcachezmeme.fr\/wp-content\/uploads\/2024\/11\/LAITIERE_V_001.jpg 920w\" sizes=\"auto, (max-width: 475px) 100vw, 475px\" \/><\/p>\n<p style=\"text-align: center;\"><span style=\"font-size: 120%;\">La laiti\u00e8re et sa canne sur l&rsquo;\u00e9paule<\/span><\/p>\n<p><img loading=\"lazy\" decoding=\"async\" class=\"aligncenter wp-image-1842\" src=\"http:\/\/yavaitcachezmeme.fr\/wp-content\/uploads\/2016\/04\/Laiterie_008-367x600.jpg\" alt=\"\" width=\"475\" height=\"777\" srcset=\"https:\/\/yavaitcachezmeme.fr\/wp-content\/uploads\/2016\/04\/Laiterie_008-367x600.jpg 367w, https:\/\/yavaitcachezmeme.fr\/wp-content\/uploads\/2016\/04\/Laiterie_008.jpg 600w\" sizes=\"auto, (max-width: 475px) 100vw, 475px\" \/><\/p>\n<p style=\"text-align: center;\"><span style=\"font-size: 120%;\">Bulletin de paie pour gardiennes-trayeuses (1949)<\/span><\/p>\n<p><img loading=\"lazy\" decoding=\"async\" class=\"aligncenter wp-image-11737\" src=\"https:\/\/yavaitcachezmeme.fr\/wp-content\/uploads\/2024\/01\/BERNAY_PCP_0707-586x600.png\" alt=\"\" width=\"600\" height=\"614\" srcset=\"https:\/\/yavaitcachezmeme.fr\/wp-content\/uploads\/2024\/01\/BERNAY_PCP_0707-586x600.png 586w, https:\/\/yavaitcachezmeme.fr\/wp-content\/uploads\/2024\/01\/BERNAY_PCP_0707-1000x1024.png 1000w, https:\/\/yavaitcachezmeme.fr\/wp-content\/uploads\/2024\/01\/BERNAY_PCP_0707-1501x1536.png 1501w, https:\/\/yavaitcachezmeme.fr\/wp-content\/uploads\/2024\/01\/BERNAY_PCP_0707.png 1528w\" sizes=\"auto, (max-width: 600px) 100vw, 600px\" \/><\/p>\n<p style=\"text-align: center;\"><span style=\"font-size: 120%;\">Livarot &#8211; Fromagerie de la Couture &#8211; V. Duchesne (Bernay)<\/span><\/p>\n<p><img loading=\"lazy\" decoding=\"async\" class=\"aligncenter wp-image-11739\" src=\"https:\/\/yavaitcachezmeme.fr\/wp-content\/uploads\/2024\/01\/FONTAINE-LABBE_PCP_001-600x600.png\" alt=\"\" width=\"550\" height=\"550\" srcset=\"https:\/\/yavaitcachezmeme.fr\/wp-content\/uploads\/2024\/01\/FONTAINE-LABBE_PCP_001-600x600.png 600w, https:\/\/yavaitcachezmeme.fr\/wp-content\/uploads\/2024\/01\/FONTAINE-LABBE_PCP_001-1024x1024.png 1024w, https:\/\/yavaitcachezmeme.fr\/wp-content\/uploads\/2024\/01\/FONTAINE-LABBE_PCP_001-150x150.png 150w, https:\/\/yavaitcachezmeme.fr\/wp-content\/uploads\/2024\/01\/FONTAINE-LABBE_PCP_001.png 1358w\" sizes=\"auto, (max-width: 550px) 100vw, 550px\" \/><\/p>\n<p style=\"text-align: center;\"><span style=\"font-size: 120%;\">Camembert &#8211; Coop\u00e9rative Laiti\u00e8re (Fontaine-l&rsquo;Abb\u00e9)<\/span><\/p>\n<p><img loading=\"lazy\" decoding=\"async\" class=\"aligncenter wp-image-11733\" src=\"https:\/\/yavaitcachezmeme.fr\/wp-content\/uploads\/2024\/01\/ST-CLAIR-DARCEY_PCP_002-600x600.png\" alt=\"\" width=\"550\" height=\"549\" srcset=\"https:\/\/yavaitcachezmeme.fr\/wp-content\/uploads\/2024\/01\/ST-CLAIR-DARCEY_PCP_002-600x600.png 600w, https:\/\/yavaitcachezmeme.fr\/wp-content\/uploads\/2024\/01\/ST-CLAIR-DARCEY_PCP_002-1024x1024.png 1024w, https:\/\/yavaitcachezmeme.fr\/wp-content\/uploads\/2024\/01\/ST-CLAIR-DARCEY_PCP_002-150x150.png 150w, https:\/\/yavaitcachezmeme.fr\/wp-content\/uploads\/2024\/01\/ST-CLAIR-DARCEY_PCP_002.png 1392w\" sizes=\"auto, (max-width: 550px) 100vw, 550px\" \/><\/p>\n<p style=\"text-align: center;\"><span style=\"font-size: 120%;\">Camembert &#8211; Domaine de la Blardi\u00e8re (St-Clair-d&rsquo;Arcey)<\/span><\/p>\n<p><img loading=\"lazy\" decoding=\"async\" class=\"aligncenter wp-image-1871\" src=\"http:\/\/yavaitcachezmeme.fr\/wp-content\/uploads\/2016\/04\/Laiterie_013-593x600.jpg\" alt=\"\" width=\"550\" height=\"557\" srcset=\"https:\/\/yavaitcachezmeme.fr\/wp-content\/uploads\/2016\/04\/Laiterie_013-593x600.jpg 593w, https:\/\/yavaitcachezmeme.fr\/wp-content\/uploads\/2016\/04\/Laiterie_013.jpg 668w\" sizes=\"auto, (max-width: 550px) 100vw, 550px\" \/><\/p>\n<p style=\"text-align: center;\"><span style=\"font-size: 120%;\">Pont-l&rsquo;\u00c9v\u00eaque &#8211; F. Robiou (St-Germain-la Campagne)<\/span><\/p>\n<p><img loading=\"lazy\" decoding=\"async\" class=\"aligncenter wp-image-1872\" src=\"http:\/\/yavaitcachezmeme.fr\/wp-content\/uploads\/2016\/04\/Laiterie_014-600x596.jpg\" alt=\"\" width=\"550\" height=\"547\" srcset=\"https:\/\/yavaitcachezmeme.fr\/wp-content\/uploads\/2016\/04\/Laiterie_014-600x596.jpg 600w, https:\/\/yavaitcachezmeme.fr\/wp-content\/uploads\/2016\/04\/Laiterie_014-150x150.jpg 150w, https:\/\/yavaitcachezmeme.fr\/wp-content\/uploads\/2016\/04\/Laiterie_014.jpg 666w\" sizes=\"auto, (max-width: 550px) 100vw, 550px\" \/><\/p>\n<p style=\"text-align: center;\"><span style=\"font-size: 120%;\">Pont-l&rsquo;\u00c9v\u00eaque &#8211; Fromagerie DONCK A. (St-Vincent-du-Boulay)<\/span><\/p>\n<p style=\"text-align: center;\"><img loading=\"lazy\" decoding=\"async\" class=\"alignnone wp-image-12367\" src=\"https:\/\/yavaitcachezmeme.fr\/wp-content\/uploads\/2024\/11\/Canne-580x600.png\" alt=\"\" width=\"100\" height=\"103\" srcset=\"https:\/\/yavaitcachezmeme.fr\/wp-content\/uploads\/2024\/11\/Canne-580x600.png 580w, https:\/\/yavaitcachezmeme.fr\/wp-content\/uploads\/2024\/11\/Canne-991x1024.png 991w, https:\/\/yavaitcachezmeme.fr\/wp-content\/uploads\/2024\/11\/Canne.png 1156w\" sizes=\"auto, (max-width: 100px) 100vw, 100px\" \/><\/p>\n<p style=\"text-align: justify;\"><span style=\"font-size: 120%;\">Les th\u00e8mes de la rubrique <span style=\"color: #ff6600;\"><strong>Bric \u00e0 Brac<\/strong><\/span> sont \u00e0 retrouver en cliquant sur les liens suivants :<\/span><\/p>\n<p style=\"text-align: justify;\"><span style=\"font-size: 120%;\"><strong><a href=\"http:\/\/yavaitcachezmeme.fr\/index.php\/bric-a-brac\/jeux-et-jouets\/\">Jeux et jouets<\/a>\u00a0 &#8211;\u00a0 <a href=\"http:\/\/yavaitcachezmeme.fr\/index.php\/bric-a-brac\/ecole\/\">L&rsquo;\u00e9cole<\/a>\u00a0 &#8211;\u00a0 <a href=\"http:\/\/yavaitcachezmeme.fr\/index.php\/bric-a-brac\/la-cuisine\/\">La cuisine<\/a>\u00a0 &#8211;\u00a0 <a href=\"http:\/\/yavaitcachezmeme.fr\/index.php\/bric-a-brac\/la-laiterie\/\">La Laiterie<\/a>\u00a0 &#8211;\u00a0 <a href=\"http:\/\/yavaitcachezmeme.fr\/index.php\/bric-a-brac\/la-vie-aux-champs\/\">La vie aux champs<\/a>\u00a0 &#8211;\u00a0 <a href=\"http:\/\/yavaitcachezmeme.fr\/index.php\/bric-a-brac\/cafe\/\">Le caf\u00e9<\/a>\u00a0 &#8211;\u00a0 <a href=\"http:\/\/yavaitcachezmeme.fr\/index.php\/bric-a-brac\/sante-hygiene\/\">Sant\u00e9 &amp; hygi\u00e8ne<\/a><\/strong><\/span><\/p>\n<p style=\"text-align: center;\"><a href=\"https:\/\/yavaitcachezmeme.fr\/\"><img loading=\"lazy\" decoding=\"async\" class=\"aligncenter wp-image-5243\" src=\"https:\/\/yavaitcachezmeme.fr\/wp-content\/uploads\/2024\/11\/Marque-b.png\" alt=\"\" width=\"25\" height=\"43\" \/><\/a><\/p>\n<\/div>\n","protected":false},"excerpt":{"rendered":"<p>Dans la laiterie pour transformer le lait, \u00a0en cr\u00e8me, beurre et fromage. Bouteilles \u00e0 lait et barattes m\u00e9nag\u00e8res Moules et marques \u00e0 beurre&#8230;<\/p>\n","protected":false},"author":1,"featured_media":0,"parent":90,"menu_order":0,"comment_status":"closed","ping_status":"closed","template":"","meta":{"footnotes":""},"class_list":["post-1824","page","type-page","status-publish","hentry"],"_links":{"self":[{"href":"https:\/\/yavaitcachezmeme.fr\/index.php\/wp-json\/wp\/v2\/pages\/1824","targetHints":{"allow":["GET"]}}],"collection":[{"href":"https:\/\/yavaitcachezmeme.fr\/index.php\/wp-json\/wp\/v2\/pages"}],"about":[{"href":"https:\/\/yavaitcachezmeme.fr\/index.php\/wp-json\/wp\/v2\/types\/page"}],"author":[{"embeddable":true,"href":"https:\/\/yavaitcachezmeme.fr\/index.php\/wp-json\/wp\/v2\/users\/1"}],"replies":[{"embeddable":true,"href":"https:\/\/yavaitcachezmeme.fr\/index.php\/wp-json\/wp\/v2\/comments?post=1824"}],"version-history":[{"count":38,"href":"https:\/\/yavaitcachezmeme.fr\/index.php\/wp-json\/wp\/v2\/pages\/1824\/revisions"}],"predecessor-version":[{"id":12578,"href":"https:\/\/yavaitcachezmeme.fr\/index.php\/wp-json\/wp\/v2\/pages\/1824\/revisions\/12578"}],"up":[{"embeddable":true,"href":"https:\/\/yavaitcachezmeme.fr\/index.php\/wp-json\/wp\/v2\/pages\/90"}],"wp:attachment":[{"href":"https:\/\/yavaitcachezmeme.fr\/index.php\/wp-json\/wp\/v2\/media?parent=1824"}],"curies":[{"name":"wp","href":"https:\/\/api.w.org\/{rel}","templated":true}]}}