{"id":1857,"date":"2016-04-07T19:16:51","date_gmt":"2016-04-07T18:16:51","guid":{"rendered":"http:\/\/yavaitcachezmeme.fr\/?page_id=1857"},"modified":"2024-11-10T07:14:42","modified_gmt":"2024-11-10T06:14:42","slug":"la-cuisine","status":"publish","type":"page","link":"https:\/\/yavaitcachezmeme.fr\/index.php\/bric-a-brac\/la-cuisine\/","title":{"rendered":"La cuisine"},"content":{"rendered":"<div style=\"font-size: 100%; font-family: georgia;\">\n<p style=\"font-size: 120%;\">Dans<span style=\"color: #ff6600;\"><strong> la cuisine<\/strong><\/span> pour couper, rapper, cuire, r\u00f4tir et c\u00e9l\u00e9brer l&rsquo; Art de la Table, le bien manger, le bien vivre.<\/p>\n<p style=\"text-align: center;\"><img loading=\"lazy\" decoding=\"async\" class=\"alignnone wp-image-12362\" src=\"https:\/\/yavaitcachezmeme.fr\/wp-content\/uploads\/2024\/11\/Fourneau-600x475.png\" alt=\"\" width=\"100\" height=\"79\" srcset=\"https:\/\/yavaitcachezmeme.fr\/wp-content\/uploads\/2024\/11\/Fourneau-600x475.png 600w, https:\/\/yavaitcachezmeme.fr\/wp-content\/uploads\/2024\/11\/Fourneau-1024x810.png 1024w, https:\/\/yavaitcachezmeme.fr\/wp-content\/uploads\/2024\/11\/Fourneau.png 1358w\" sizes=\"auto, (max-width: 100px) 100vw, 100px\" \/><\/p>\n<p><img loading=\"lazy\" decoding=\"async\" class=\"aligncenter wp-image-1848\" src=\"http:\/\/yavaitcachezmeme.fr\/wp-content\/uploads\/2016\/04\/Cuisine_001.jpg\" alt=\"\" width=\"820\" height=\"489\" srcset=\"https:\/\/yavaitcachezmeme.fr\/wp-content\/uploads\/2016\/04\/Cuisine_001.jpg 800w, https:\/\/yavaitcachezmeme.fr\/wp-content\/uploads\/2016\/04\/Cuisine_001-600x358.jpg 600w\" sizes=\"auto, (max-width: 820px) 100vw, 820px\" \/><\/p>\n<p style=\"text-align: center;\"><span style=\"font-size: 120%;\">Marques, batteurs et mousseurs \u00e0 chocolat<\/span><\/p>\n<p><img loading=\"lazy\" decoding=\"async\" class=\"aligncenter wp-image-1849\" src=\"http:\/\/yavaitcachezmeme.fr\/wp-content\/uploads\/2016\/04\/Cuisine_002.jpg\" alt=\"\" width=\"820\" height=\"454\" srcset=\"https:\/\/yavaitcachezmeme.fr\/wp-content\/uploads\/2016\/04\/Cuisine_002.jpg 800w, https:\/\/yavaitcachezmeme.fr\/wp-content\/uploads\/2016\/04\/Cuisine_002-600x332.jpg 600w\" sizes=\"auto, (max-width: 820px) 100vw, 820px\" \/><\/p>\n<p style=\"text-align: center;\"><span style=\"font-size: 120%;\">Pinces \u00e0 sucre et taille soupe<\/span><\/p>\n<p><img loading=\"lazy\" decoding=\"async\" class=\"aligncenter wp-image-1850\" src=\"http:\/\/yavaitcachezmeme.fr\/wp-content\/uploads\/2016\/04\/Cuisine_003.jpg\" alt=\"\" width=\"820\" height=\"495\" srcset=\"https:\/\/yavaitcachezmeme.fr\/wp-content\/uploads\/2016\/04\/Cuisine_003.jpg 800w, https:\/\/yavaitcachezmeme.fr\/wp-content\/uploads\/2016\/04\/Cuisine_003-600x362.jpg 600w\" sizes=\"auto, (max-width: 820px) 100vw, 820px\" \/><\/p>\n<p style=\"text-align: center;\"><span style=\"font-size: 120%;\">Un coquetier avec \u00ab\u00a0guillotine\u00a0\u00bb int\u00e9gr\u00e9e (\u00e7a ne fonctionne pas du tout)<\/span><\/p>\n<p><img loading=\"lazy\" decoding=\"async\" class=\"aligncenter wp-image-1851\" src=\"http:\/\/yavaitcachezmeme.fr\/wp-content\/uploads\/2016\/04\/Cuisine_004.jpg\" alt=\"\" width=\"820\" height=\"352\" srcset=\"https:\/\/yavaitcachezmeme.fr\/wp-content\/uploads\/2016\/04\/Cuisine_004.jpg 800w, https:\/\/yavaitcachezmeme.fr\/wp-content\/uploads\/2016\/04\/Cuisine_004-600x257.jpg 600w\" sizes=\"auto, (max-width: 820px) 100vw, 820px\" \/><\/p>\n<p style=\"text-align: center;\"><span style=\"font-size: 120%;\">Racloir \u00e0 billot et attendrisseur \u00e0 viande<\/span><\/p>\n<p><img loading=\"lazy\" decoding=\"async\" class=\"aligncenter wp-image-1852\" src=\"http:\/\/yavaitcachezmeme.fr\/wp-content\/uploads\/2016\/04\/Cuisine_005.jpg\" alt=\"\" width=\"820\" height=\"477\" srcset=\"https:\/\/yavaitcachezmeme.fr\/wp-content\/uploads\/2016\/04\/Cuisine_005.jpg 800w, https:\/\/yavaitcachezmeme.fr\/wp-content\/uploads\/2016\/04\/Cuisine_005-600x349.jpg 600w\" sizes=\"auto, (max-width: 820px) 100vw, 820px\" \/><\/p>\n<p style=\"text-align: center;\"><span style=\"font-size: 120%;\">Sali\u00e8res et poivri\u00e8res<\/span><\/p>\n<p><img loading=\"lazy\" decoding=\"async\" class=\"aligncenter wp-image-1853\" src=\"http:\/\/yavaitcachezmeme.fr\/wp-content\/uploads\/2016\/04\/Cuisine_006.jpg\" alt=\"\" width=\"820\" height=\"485\" srcset=\"https:\/\/yavaitcachezmeme.fr\/wp-content\/uploads\/2016\/04\/Cuisine_006.jpg 800w, https:\/\/yavaitcachezmeme.fr\/wp-content\/uploads\/2016\/04\/Cuisine_006-600x355.jpg 600w\" sizes=\"auto, (max-width: 820px) 100vw, 820px\" \/><\/p>\n<p style=\"text-align: center;\"><span style=\"font-size: 120%;\">Coquetiers et en haut presse-agrume (origine Nontron)<\/span><\/p>\n<p><img loading=\"lazy\" decoding=\"async\" class=\"aligncenter wp-image-1854\" src=\"http:\/\/yavaitcachezmeme.fr\/wp-content\/uploads\/2016\/04\/Cuisine_007.jpg\" alt=\"\" width=\"820\" height=\"616\" srcset=\"https:\/\/yavaitcachezmeme.fr\/wp-content\/uploads\/2016\/04\/Cuisine_007.jpg 800w, https:\/\/yavaitcachezmeme.fr\/wp-content\/uploads\/2016\/04\/Cuisine_007-600x451.jpg 600w\" sizes=\"auto, (max-width: 820px) 100vw, 820px\" \/><\/p>\n<p style=\"text-align: center;\"><span style=\"font-size: 120%;\">Boucherie &#8211; Le porte couteaux en bois est aussi appel\u00e9 : \u00ab\u00a0boutique\u00a0\u00bb<\/span><\/p>\n<p><img loading=\"lazy\" decoding=\"async\" class=\"aligncenter wp-image-12362\" src=\"https:\/\/yavaitcachezmeme.fr\/wp-content\/uploads\/2024\/11\/Fourneau-600x475.png\" alt=\"\" width=\"820\" height=\"649\" srcset=\"https:\/\/yavaitcachezmeme.fr\/wp-content\/uploads\/2024\/11\/Fourneau-600x475.png 600w, https:\/\/yavaitcachezmeme.fr\/wp-content\/uploads\/2024\/11\/Fourneau-1024x810.png 1024w, https:\/\/yavaitcachezmeme.fr\/wp-content\/uploads\/2024\/11\/Fourneau.png 1358w\" sizes=\"auto, (max-width: 820px) 100vw, 820px\" \/><\/p>\n<p style=\"text-align: center;\"><span style=\"font-size: 120%;\">Le fourneau<\/span><\/p>\n<p><img loading=\"lazy\" decoding=\"async\" class=\"aligncenter wp-image-1855\" src=\"http:\/\/yavaitcachezmeme.fr\/wp-content\/uploads\/2016\/04\/Cuisine_008.jpg\" alt=\"\" width=\"500\" height=\"781\" srcset=\"https:\/\/yavaitcachezmeme.fr\/wp-content\/uploads\/2016\/04\/Cuisine_008.jpg 600w, https:\/\/yavaitcachezmeme.fr\/wp-content\/uploads\/2016\/04\/Cuisine_008-384x600.jpg 384w\" sizes=\"auto, (max-width: 500px) 100vw, 500px\" \/><\/p>\n<p style=\"text-align: center;\"><span style=\"font-size: 120%;\">En bas deux moulins \u00e0 grain<\/span><\/p>\n<p><img loading=\"lazy\" decoding=\"async\" class=\"aligncenter wp-image-1856\" src=\"http:\/\/yavaitcachezmeme.fr\/wp-content\/uploads\/2016\/04\/Cuisine_009.jpg\" alt=\"\" width=\"500\" height=\"559\" srcset=\"https:\/\/yavaitcachezmeme.fr\/wp-content\/uploads\/2016\/04\/Cuisine_009.jpg 600w, https:\/\/yavaitcachezmeme.fr\/wp-content\/uploads\/2016\/04\/Cuisine_009-537x600.jpg 537w\" sizes=\"auto, (max-width: 500px) 100vw, 500px\" \/><\/p>\n<p style=\"text-align: center;\"><span style=\"font-size: 120%;\">A gauche, un moulin \u00e0 fromage<\/span><br \/>\n<span style=\"font-size: 120%;\">A droite, un moulin \u00e0 caf\u00e9 d&rsquo;\u00e9picerie<\/span><\/p>\n<p><img loading=\"lazy\" decoding=\"async\" class=\"aligncenter wp-image-2125\" src=\"http:\/\/yavaitcachezmeme.fr\/wp-content\/uploads\/2016\/07\/Cuisine_010.jpg\" alt=\"\" width=\"820\" height=\"506\" srcset=\"https:\/\/yavaitcachezmeme.fr\/wp-content\/uploads\/2016\/07\/Cuisine_010.jpg 800w, https:\/\/yavaitcachezmeme.fr\/wp-content\/uploads\/2016\/07\/Cuisine_010-600x371.jpg 600w\" sizes=\"auto, (max-width: 820px) 100vw, 820px\" \/><\/p>\n<p style=\"text-align: center;\"><span style=\"font-size: 120%;\">L&rsquo;\u00e9picerie<\/span><\/p>\n<div style=\"font-size: 100%; font-family: georgia;\">\n<p style=\"text-align: center;\"><img loading=\"lazy\" decoding=\"async\" class=\"alignnone wp-image-12362\" src=\"https:\/\/yavaitcachezmeme.fr\/wp-content\/uploads\/2024\/11\/Fourneau-600x475.png\" alt=\"\" width=\"100\" height=\"79\" srcset=\"https:\/\/yavaitcachezmeme.fr\/wp-content\/uploads\/2024\/11\/Fourneau-600x475.png 600w, https:\/\/yavaitcachezmeme.fr\/wp-content\/uploads\/2024\/11\/Fourneau-1024x810.png 1024w, https:\/\/yavaitcachezmeme.fr\/wp-content\/uploads\/2024\/11\/Fourneau.png 1358w\" sizes=\"auto, (max-width: 100px) 100vw, 100px\" \/><\/p>\n<p style=\"text-align: justify;\"><span style=\"font-size: 120%;\">Les th\u00e8mes de la rubrique <span style=\"color: #ff6600;\"><strong>Bric \u00e0 Brac<\/strong><\/span> sont \u00e0 retrouver en cliquant sur les liens suivants :<\/span><\/p>\n<p style=\"text-align: justify;\"><span style=\"font-size: 120%;\"><strong><a href=\"http:\/\/yavaitcachezmeme.fr\/index.php\/bric-a-brac\/jeux-et-jouets\/\">Jeux et jouets<\/a>\u00a0 &#8211;\u00a0 <a href=\"http:\/\/yavaitcachezmeme.fr\/index.php\/bric-a-brac\/ecole\/\">L&rsquo;\u00e9cole<\/a>\u00a0 &#8211;\u00a0 <a href=\"http:\/\/yavaitcachezmeme.fr\/index.php\/bric-a-brac\/la-cuisine\/\">La cuisine<\/a>\u00a0 &#8211;\u00a0 <a href=\"http:\/\/yavaitcachezmeme.fr\/index.php\/bric-a-brac\/la-laiterie\/\">La Laiterie<\/a>\u00a0 &#8211;\u00a0 <a href=\"http:\/\/yavaitcachezmeme.fr\/index.php\/bric-a-brac\/la-vie-aux-champs\/\">La vie aux champs<\/a>\u00a0 &#8211;\u00a0 <a href=\"http:\/\/yavaitcachezmeme.fr\/index.php\/bric-a-brac\/cafe\/\">Le caf\u00e9<\/a>\u00a0 &#8211;\u00a0 <a href=\"http:\/\/yavaitcachezmeme.fr\/index.php\/bric-a-brac\/sante-hygiene\/\">Sant\u00e9 &amp; hygi\u00e8ne<\/a><\/strong><\/span><\/p>\n<p style=\"text-align: center;\"><a href=\"https:\/\/yavaitcachezmeme.fr\/\"><img loading=\"lazy\" decoding=\"async\" class=\"aligncenter wp-image-5243\" src=\"https:\/\/yavaitcachezmeme.fr\/wp-content\/uploads\/2024\/11\/Marque-b.png\" alt=\"\" width=\"25\" height=\"43\" \/><\/a><\/p>\n<\/div>\n<\/div>\n","protected":false},"excerpt":{"rendered":"<p>Dans la cuisine pour couper, rapper, cuire, r\u00f4tir et c\u00e9l\u00e9brer l&rsquo; Art de la Table, le bien manger, le bien vivre. Marques, batteurs&#8230;<\/p>\n","protected":false},"author":1,"featured_media":0,"parent":90,"menu_order":0,"comment_status":"closed","ping_status":"closed","template":"","meta":{"footnotes":""},"class_list":["post-1857","page","type-page","status-publish","hentry"],"_links":{"self":[{"href":"https:\/\/yavaitcachezmeme.fr\/index.php\/wp-json\/wp\/v2\/pages\/1857","targetHints":{"allow":["GET"]}}],"collection":[{"href":"https:\/\/yavaitcachezmeme.fr\/index.php\/wp-json\/wp\/v2\/pages"}],"about":[{"href":"https:\/\/yavaitcachezmeme.fr\/index.php\/wp-json\/wp\/v2\/types\/page"}],"author":[{"embeddable":true,"href":"https:\/\/yavaitcachezmeme.fr\/index.php\/wp-json\/wp\/v2\/users\/1"}],"replies":[{"embeddable":true,"href":"https:\/\/yavaitcachezmeme.fr\/index.php\/wp-json\/wp\/v2\/comments?post=1857"}],"version-history":[{"count":40,"href":"https:\/\/yavaitcachezmeme.fr\/index.php\/wp-json\/wp\/v2\/pages\/1857\/revisions"}],"predecessor-version":[{"id":12378,"href":"https:\/\/yavaitcachezmeme.fr\/index.php\/wp-json\/wp\/v2\/pages\/1857\/revisions\/12378"}],"up":[{"embeddable":true,"href":"https:\/\/yavaitcachezmeme.fr\/index.php\/wp-json\/wp\/v2\/pages\/90"}],"wp:attachment":[{"href":"https:\/\/yavaitcachezmeme.fr\/index.php\/wp-json\/wp\/v2\/media?parent=1857"}],"curies":[{"name":"wp","href":"https:\/\/api.w.org\/{rel}","templated":true}]}}