{"id":2,"date":"2016-01-23T18:35:14","date_gmt":"2016-01-23T17:35:14","guid":{"rendered":"http:\/\/yavaitcachezmeme.fr\/?page_id=2"},"modified":"2026-03-20T05:04:17","modified_gmt":"2026-03-20T04:04:17","slug":"page-d-exemple","status":"publish","type":"page","link":"https:\/\/yavaitcachezmeme.fr\/","title":{"rendered":"Sommaire"},"content":{"rendered":"<div style=\"font-size: 110%; font-family: Georgia;\">\n<p style=\"text-align: justify;\"><span style=\"color: #ff6600;\"><strong><span style=\"text-decoration: underline;\">Y avait \u00e7a chez m\u00e9m\u00e9 :<\/span><\/strong><\/span> c&rsquo;est un petit \u00ab\u00a0Conservatoire des Objets du Quotidiens\u00a0\u00bb de nos m\u00e9m\u00e9s, m\u00e9m\u00e8res, mamies, bonnes mamans mais aussi et surtout des cartes postales anciennes et vieux papiers sur la ville de <strong>Bernay<\/strong> (Eure) et les anciens cantons de <strong>Bernay, Beaumesnil<\/strong>, <strong>Beaumont-le-Roger<\/strong>, <strong>Broglie<\/strong>, <strong>Brionne<\/strong>, <strong>Saint-Georges-du-Vi\u00e8vre<\/strong> et <strong>Thiberville<\/strong>.<\/p>\n<p style=\"text-align: justify;\"><strong><a href=\"http:\/\/yavaitcachezmeme.fr\/index.php\/bric-a-brac\/\">Bric-\u00e0-brac<\/a> &#8211; <a href=\"http:\/\/yavaitcachezmeme.fr\/index.php\/curiosites\/\">Curiosit\u00e9s<\/a> &#8211; <a href=\"http:\/\/yavaitcachezmeme.fr\/index.php\/bernay\/\">Bernay<\/a> &#8211; <a href=\"http:\/\/yavaitcachezmeme.fr\/index.php\/bernay-rues-places\/\">Les chauss\u00e9es de Bernay\u00a0<\/a> &#8211; <a href=\"https:\/\/yavaitcachezmeme.fr\/index.php\/autour-de-bernay\/\">Autour de Bernay<\/a> &#8211; <a href=\"https:\/\/yavaitcachezmeme.fr\/index.php\/autour-de-beaumesnil\/\">Autour de Beaumesnil<\/a> &#8211; <a href=\"https:\/\/yavaitcachezmeme.fr\/index.php\/autour-de-beaumont\/\">Autour de Beaumont<\/a> &#8211; <a href=\"https:\/\/yavaitcachezmeme.fr\/index.php\/autour-de-brionne\/\">Autour de Brionne<\/a> &#8211; <a href=\"https:\/\/yavaitcachezmeme.fr\/index.php\/autour-de-broglie\/\">Autour de Broglie<\/a> &#8211; <a href=\"https:\/\/yavaitcachezmeme.fr\/index.php\/autour-de-st-georges-du-vievre\/\">Autour de St-Georges-du-Vievre<\/a> &#8211;\u00a0 <a href=\"https:\/\/yavaitcachezmeme.fr\/index.php\/les-environs\/\">Autour de Thiberville<\/a><\/strong><\/p>\n<p>&nbsp;<\/p>\n<p><img loading=\"lazy\" decoding=\"async\" class=\"aligncenter wp-image-11729\" src=\"https:\/\/yavaitcachezmeme.fr\/wp-content\/uploads\/2024\/01\/Somaire_01-600x434.png\" alt=\"\" width=\"820\" height=\"593\" srcset=\"https:\/\/yavaitcachezmeme.fr\/wp-content\/uploads\/2024\/01\/Somaire_01-600x434.png 600w, https:\/\/yavaitcachezmeme.fr\/wp-content\/uploads\/2024\/01\/Somaire_01-1024x740.png 1024w, https:\/\/yavaitcachezmeme.fr\/wp-content\/uploads\/2024\/01\/Somaire_01.png 1417w\" sizes=\"auto, (max-width: 820px) 100vw, 820px\" \/><\/p>\n<p style=\"text-align: justify;\"><span style=\"color: #ff6600;\"><strong style=\"font-size: 110%;\"><span style=\"font-size: 110%;\"><span style=\"text-decoration: underline; font-size: 14pt;\">MENTIONS L\u00c9GALES<\/span> :<\/span><\/strong><\/span><span style=\"font-size: 110%;\"> Y avait \u00e7a chez m\u00e9m\u00e9 est un site priv\u00e9 propri\u00e9t\u00e9 de Gilles MARI\u00c9. Les informations pr\u00e9sentes sur ce site sont publiques. Toutefois, la reproduction des photos et informations de ce site ne peut \u00eatre effectu\u00e9e \u00e0 des fins publicitaires ou commerciales ; pour les autres cas, la reproduction est autoris\u00e9e \u00e0 condition d\u2019en mentionner la source. Pour me joindre <\/span><a href=\"mailto:contact@yavaitcachezmeme.fr\">contact@yavaitcachezmeme.fr<\/a><\/p>\n<p style=\"text-align: center;\"><span style=\"color: #ff6600;\"><strong>~o~<\/strong><\/span><\/p>\n<p style=\"text-align: center;\">Mes brochures \u00e0 retrouver \u00e0 la librairie Astrea et la maison de la presse de Bernay<\/p>\n<p><img loading=\"lazy\" decoding=\"async\" class=\"aligncenter wp-image-13398\" src=\"https:\/\/yavaitcachezmeme.fr\/wp-content\/uploads\/2026\/03\/Affiches-1-a-4-600x600.jpg\" alt=\"\" width=\"820\" height=\"820\" srcset=\"https:\/\/yavaitcachezmeme.fr\/wp-content\/uploads\/2026\/03\/Affiches-1-a-4-600x600.jpg 600w, https:\/\/yavaitcachezmeme.fr\/wp-content\/uploads\/2026\/03\/Affiches-1-a-4-1024x1024.jpg 1024w, https:\/\/yavaitcachezmeme.fr\/wp-content\/uploads\/2026\/03\/Affiches-1-a-4-150x150.jpg 150w, https:\/\/yavaitcachezmeme.fr\/wp-content\/uploads\/2026\/03\/Affiches-1-a-4-1536x1536.jpg 1536w, https:\/\/yavaitcachezmeme.fr\/wp-content\/uploads\/2026\/03\/Affiches-1-a-4-2048x2048.jpg 2048w\" sizes=\"auto, (max-width: 820px) 100vw, 820px\" \/><\/p>\n<p style=\"text-align: center;\"><span style=\"color: #ff6600;\"><strong>~o~<\/strong><\/span><\/p>\n<\/div>\n","protected":false},"excerpt":{"rendered":"<p>Y avait \u00e7a chez m\u00e9m\u00e9 : c&rsquo;est un petit \u00ab\u00a0Conservatoire des Objets du Quotidiens\u00a0\u00bb de nos m\u00e9m\u00e9s, m\u00e9m\u00e8res, mamies, bonnes mamans mais aussi&#8230;<\/p>\n","protected":false},"author":1,"featured_media":0,"parent":0,"menu_order":0,"comment_status":"closed","ping_status":"open","template":"","meta":{"footnotes":""},"class_list":["post-2","page","type-page","status-publish","hentry"],"_links":{"self":[{"href":"https:\/\/yavaitcachezmeme.fr\/index.php\/wp-json\/wp\/v2\/pages\/2","targetHints":{"allow":["GET"]}}],"collection":[{"href":"https:\/\/yavaitcachezmeme.fr\/index.php\/wp-json\/wp\/v2\/pages"}],"about":[{"href":"https:\/\/yavaitcachezmeme.fr\/index.php\/wp-json\/wp\/v2\/types\/page"}],"author":[{"embeddable":true,"href":"https:\/\/yavaitcachezmeme.fr\/index.php\/wp-json\/wp\/v2\/users\/1"}],"replies":[{"embeddable":true,"href":"https:\/\/yavaitcachezmeme.fr\/index.php\/wp-json\/wp\/v2\/comments?post=2"}],"version-history":[{"count":238,"href":"https:\/\/yavaitcachezmeme.fr\/index.php\/wp-json\/wp\/v2\/pages\/2\/revisions"}],"predecessor-version":[{"id":13400,"href":"https:\/\/yavaitcachezmeme.fr\/index.php\/wp-json\/wp\/v2\/pages\/2\/revisions\/13400"}],"wp:attachment":[{"href":"https:\/\/yavaitcachezmeme.fr\/index.php\/wp-json\/wp\/v2\/media?parent=2"}],"curies":[{"name":"wp","href":"https:\/\/api.w.org\/{rel}","templated":true}]}}