{"id":2122,"date":"2016-07-13T09:46:08","date_gmt":"2016-07-13T08:46:08","guid":{"rendered":"http:\/\/yavaitcachezmeme.fr\/?page_id=2122"},"modified":"2024-11-14T05:13:54","modified_gmt":"2024-11-14T04:13:54","slug":"cafe","status":"publish","type":"page","link":"https:\/\/yavaitcachezmeme.fr\/index.php\/bric-a-brac\/cafe\/","title":{"rendered":"Le Caf\u00e9"},"content":{"rendered":"<div style=\"font-size: 100%; font-family: georgia;\">\n<p style=\"text-align: justify;\"><span style=\"font-size: 120%;\"><span style=\"color: #ff6600;\"><strong>Le caf\u00e9<\/strong><\/span>, le bistrot, l&rsquo;estaminets dans le Nord o\u00f9 l&rsquo;on se retrouve pour jouer aux cartes, dominos, d\u00e9s, mais aussi pour \u00ab\u00a0philosopher\u00a0\u00bb \u00e0 la sauce bistrologique.<\/span><\/p>\n<p><img loading=\"lazy\" decoding=\"async\" class=\"aligncenter wp-image-12515\" src=\"https:\/\/yavaitcachezmeme.fr\/wp-content\/uploads\/2024\/11\/Cafe_1-585x600.png\" alt=\"\" width=\"98\" height=\"100\" srcset=\"https:\/\/yavaitcachezmeme.fr\/wp-content\/uploads\/2024\/11\/Cafe_1-585x600.png 585w, https:\/\/yavaitcachezmeme.fr\/wp-content\/uploads\/2024\/11\/Cafe_1.png 753w\" sizes=\"auto, (max-width: 98px) 100vw, 98px\" \/><\/p>\n<p style=\"text-align: center;\">\n<p><img loading=\"lazy\" decoding=\"async\" class=\"aligncenter wp-image-2115\" src=\"http:\/\/yavaitcachezmeme.fr\/wp-content\/uploads\/2016\/07\/Caf\u00e9_001.jpg\" alt=\"\" width=\"820\" height=\"576\" srcset=\"https:\/\/yavaitcachezmeme.fr\/wp-content\/uploads\/2016\/07\/Caf\u00e9_001.jpg 800w, https:\/\/yavaitcachezmeme.fr\/wp-content\/uploads\/2016\/07\/Caf\u00e9_001-600x422.jpg 600w\" sizes=\"auto, (max-width: 820px) 100vw, 820px\" \/><\/p>\n<p style=\"text-align: center;\"><span style=\"font-size: 120%;\">Au Petit Bar du 4\/21 (origine Bayeux 14)<\/span><\/p>\n<p><img loading=\"lazy\" decoding=\"async\" class=\"aligncenter wp-image-2116\" src=\"http:\/\/yavaitcachezmeme.fr\/wp-content\/uploads\/2016\/07\/Caf\u00e9_002.jpg\" alt=\"\" width=\"820\" height=\"243\" srcset=\"https:\/\/yavaitcachezmeme.fr\/wp-content\/uploads\/2016\/07\/Caf\u00e9_002.jpg 800w, https:\/\/yavaitcachezmeme.fr\/wp-content\/uploads\/2016\/07\/Caf\u00e9_002-600x178.jpg 600w\" sizes=\"auto, (max-width: 820px) 100vw, 820px\" \/><\/p>\n<p style=\"text-align: center;\"><span style=\"font-size: 120%;\">Caf\u00e9 de campagne<\/span><\/p>\n<p><img loading=\"lazy\" decoding=\"async\" class=\"aligncenter wp-image-2117\" src=\"http:\/\/yavaitcachezmeme.fr\/wp-content\/uploads\/2016\/07\/Caf\u00e9_003.jpg\" alt=\"\" width=\"820\" height=\"382\" srcset=\"https:\/\/yavaitcachezmeme.fr\/wp-content\/uploads\/2016\/07\/Caf\u00e9_003.jpg 800w, https:\/\/yavaitcachezmeme.fr\/wp-content\/uploads\/2016\/07\/Caf\u00e9_003-600x280.jpg 600w\" sizes=\"auto, (max-width: 820px) 100vw, 820px\" \/><\/p>\n<p style=\"text-align: center;\"><span style=\"font-size: 120%;\">Siphons de bistrots Bernayens et verres \u00e0 absinthe<\/span><\/p>\n<p><img loading=\"lazy\" decoding=\"async\" class=\"aligncenter wp-image-2118\" src=\"http:\/\/yavaitcachezmeme.fr\/wp-content\/uploads\/2016\/07\/Caf\u00e9_004.jpg\" alt=\"\" width=\"820\" height=\"662\" srcset=\"https:\/\/yavaitcachezmeme.fr\/wp-content\/uploads\/2016\/07\/Caf\u00e9_004.jpg 743w, https:\/\/yavaitcachezmeme.fr\/wp-content\/uploads\/2016\/07\/Caf\u00e9_004-600x485.jpg 600w\" sizes=\"auto, (max-width: 820px) 100vw, 820px\" \/><\/p>\n<p style=\"text-align: center;\"><span style=\"font-size: 120%;\">Caf\u00e9<\/span><\/p>\n<p><img loading=\"lazy\" decoding=\"async\" class=\"aligncenter wp-image-2119\" src=\"http:\/\/yavaitcachezmeme.fr\/wp-content\/uploads\/2016\/07\/Caf\u00e9_005.jpg\" alt=\"\" width=\"820\" height=\"461\" srcset=\"https:\/\/yavaitcachezmeme.fr\/wp-content\/uploads\/2016\/07\/Caf\u00e9_005.jpg 800w, https:\/\/yavaitcachezmeme.fr\/wp-content\/uploads\/2016\/07\/Caf\u00e9_005-600x338.jpg 600w\" sizes=\"auto, (max-width: 820px) 100vw, 820px\" \/><\/p>\n<p style=\"text-align: center;\"><span style=\"font-size: 120%;\">Br\u00fblots (tasses \u00e0 caf\u00e9)<\/span><\/p>\n<p><img loading=\"lazy\" decoding=\"async\" class=\"aligncenter wp-image-2120\" src=\"http:\/\/yavaitcachezmeme.fr\/wp-content\/uploads\/2016\/07\/Caf\u00e9_006.jpg\" alt=\"\" width=\"820\" height=\"652\" srcset=\"https:\/\/yavaitcachezmeme.fr\/wp-content\/uploads\/2016\/07\/Caf\u00e9_006.jpg 755w, https:\/\/yavaitcachezmeme.fr\/wp-content\/uploads\/2016\/07\/Caf\u00e9_006-600x477.jpg 600w\" sizes=\"auto, (max-width: 820px) 100vw, 820px\" \/><\/p>\n<p style=\"text-align: center;\"><span style=\"font-size: 120%;\">Verres et topettes \u00e0 absinthe<\/span><\/p>\n<p><img loading=\"lazy\" decoding=\"async\" class=\"aligncenter wp-image-2286\" src=\"http:\/\/yavaitcachezmeme.fr\/wp-content\/uploads\/2017\/01\/Caf\u00e9_007.jpg\" alt=\"\" width=\"820\" height=\"615\" srcset=\"https:\/\/yavaitcachezmeme.fr\/wp-content\/uploads\/2017\/01\/Caf\u00e9_007.jpg 850w, https:\/\/yavaitcachezmeme.fr\/wp-content\/uploads\/2017\/01\/Caf\u00e9_007-600x450.jpg 600w\" sizes=\"auto, (max-width: 820px) 100vw, 820px\" \/><\/p>\n<p style=\"text-align: center;\"><span style=\"font-size: 120%;\">Monsieur et Madame ONBOITUNCOUP<\/span><\/p>\n<p><img loading=\"lazy\" decoding=\"async\" class=\"aligncenter wp-image-3522\" src=\"http:\/\/yavaitcachezmeme.fr\/wp-content\/uploads\/2018\/02\/BERNAY_H_1011_fb.jpg\" alt=\"\" width=\"820\" height=\"536\" srcset=\"https:\/\/yavaitcachezmeme.fr\/wp-content\/uploads\/2018\/02\/BERNAY_H_1011_fb.jpg 802w, https:\/\/yavaitcachezmeme.fr\/wp-content\/uploads\/2018\/02\/BERNAY_H_1011_fb-600x392.jpg 600w\" sizes=\"auto, (max-width: 820px) 100vw, 820px\" \/><\/p>\n<p style=\"text-align: center;\"><span style=\"font-size: 120%;\">Un petit bistrot bernayen au 19 rue Guy P\u00e9pin<\/span><\/p>\n<p><img loading=\"lazy\" decoding=\"async\" class=\"aligncenter wp-image-9648\" src=\"https:\/\/yavaitcachezmeme.fr\/wp-content\/uploads\/2023\/02\/LEVIER-H_Les-bougeois-600x434.jpg\" alt=\"\" width=\"820\" height=\"593\" srcset=\"https:\/\/yavaitcachezmeme.fr\/wp-content\/uploads\/2023\/02\/LEVIER-H_Les-bougeois-600x434.jpg 600w, https:\/\/yavaitcachezmeme.fr\/wp-content\/uploads\/2023\/02\/LEVIER-H_Les-bougeois-1024x741.jpg 1024w, https:\/\/yavaitcachezmeme.fr\/wp-content\/uploads\/2023\/02\/LEVIER-H_Les-bougeois-1536x1111.jpg 1536w, https:\/\/yavaitcachezmeme.fr\/wp-content\/uploads\/2023\/02\/LEVIER-H_Les-bougeois-2048x1482.jpg 2048w\" sizes=\"auto, (max-width: 820px) 100vw, 820px\" \/><\/p>\n<p style=\"text-align: center;\"><span style=\"font-size: 120%;\">En terrasse<\/span><\/p>\n<p><img loading=\"lazy\" decoding=\"async\" class=\"aligncenter wp-image-12516\" src=\"https:\/\/yavaitcachezmeme.fr\/wp-content\/uploads\/2024\/11\/Cafe_2.png\" alt=\"\" width=\"62\" height=\"100\" \/><\/p>\n<p style=\"text-align: center;\">\n<p style=\"text-align: justify;\"><span style=\"font-size: 120%;\">Les th\u00e8mes de la rubrique <span style=\"color: #ff6600;\"><strong>Bric \u00e0 Brac<\/strong><\/span> sont \u00e0 retrouver en cliquant sur les liens suivants :<\/span><\/p>\n<p style=\"text-align: justify;\"><span style=\"font-size: 120%;\"><strong><a href=\"http:\/\/yavaitcachezmeme.fr\/index.php\/bric-a-brac\/jeux-et-jouets\/\">Jeux et jouets<\/a>\u00a0 &#8211;\u00a0 <a href=\"http:\/\/yavaitcachezmeme.fr\/index.php\/bric-a-brac\/ecole\/\">L&rsquo;\u00e9cole<\/a>\u00a0 &#8211;\u00a0 <a href=\"http:\/\/yavaitcachezmeme.fr\/index.php\/bric-a-brac\/la-cuisine\/\">La cuisine<\/a>\u00a0 &#8211;\u00a0 <a href=\"http:\/\/yavaitcachezmeme.fr\/index.php\/bric-a-brac\/la-laiterie\/\">La Laiterie<\/a>\u00a0 &#8211;\u00a0 <a href=\"http:\/\/yavaitcachezmeme.fr\/index.php\/bric-a-brac\/la-vie-aux-champs\/\">La vie aux champs<\/a>\u00a0 &#8211;\u00a0 <a href=\"http:\/\/yavaitcachezmeme.fr\/index.php\/bric-a-brac\/cafe\/\">Le caf\u00e9<\/a>\u00a0 &#8211;\u00a0 <a href=\"http:\/\/yavaitcachezmeme.fr\/index.php\/bric-a-brac\/sante-hygiene\/\">Sant\u00e9 &amp; hygi\u00e8ne<\/a><\/strong><\/span><\/p>\n<p style=\"text-align: center;\"><a href=\"https:\/\/yavaitcachezmeme.fr\/\"><img loading=\"lazy\" decoding=\"async\" class=\"aligncenter wp-image-5243\" src=\"https:\/\/yavaitcachezmeme.fr\/wp-content\/uploads\/2024\/11\/Marque-b.png\" alt=\"\" width=\"25\" height=\"43\" \/><\/a><\/p>\n<\/div>\n","protected":false},"excerpt":{"rendered":"<p>Le caf\u00e9, le bistrot, l&rsquo;estaminets dans le Nord o\u00f9 l&rsquo;on se retrouve pour jouer aux cartes, dominos, d\u00e9s, mais aussi pour \u00ab\u00a0philosopher\u00a0\u00bb \u00e0&#8230;<\/p>\n","protected":false},"author":1,"featured_media":0,"parent":90,"menu_order":0,"comment_status":"closed","ping_status":"closed","template":"","meta":{"footnotes":""},"class_list":["post-2122","page","type-page","status-publish","hentry"],"_links":{"self":[{"href":"https:\/\/yavaitcachezmeme.fr\/index.php\/wp-json\/wp\/v2\/pages\/2122","targetHints":{"allow":["GET"]}}],"collection":[{"href":"https:\/\/yavaitcachezmeme.fr\/index.php\/wp-json\/wp\/v2\/pages"}],"about":[{"href":"https:\/\/yavaitcachezmeme.fr\/index.php\/wp-json\/wp\/v2\/types\/page"}],"author":[{"embeddable":true,"href":"https:\/\/yavaitcachezmeme.fr\/index.php\/wp-json\/wp\/v2\/users\/1"}],"replies":[{"embeddable":true,"href":"https:\/\/yavaitcachezmeme.fr\/index.php\/wp-json\/wp\/v2\/comments?post=2122"}],"version-history":[{"count":36,"href":"https:\/\/yavaitcachezmeme.fr\/index.php\/wp-json\/wp\/v2\/pages\/2122\/revisions"}],"predecessor-version":[{"id":12519,"href":"https:\/\/yavaitcachezmeme.fr\/index.php\/wp-json\/wp\/v2\/pages\/2122\/revisions\/12519"}],"up":[{"embeddable":true,"href":"https:\/\/yavaitcachezmeme.fr\/index.php\/wp-json\/wp\/v2\/pages\/90"}],"wp:attachment":[{"href":"https:\/\/yavaitcachezmeme.fr\/index.php\/wp-json\/wp\/v2\/media?parent=2122"}],"curies":[{"name":"wp","href":"https:\/\/api.w.org\/{rel}","templated":true}]}}