{"id":231,"date":"2016-01-27T19:36:25","date_gmt":"2016-01-27T18:36:25","guid":{"rendered":"http:\/\/yavaitcachezmeme.fr\/?page_id=231"},"modified":"2024-02-06T05:41:53","modified_gmt":"2024-02-06T04:41:53","slug":"ferrieres-st-hilaire","status":"publish","type":"page","link":"https:\/\/yavaitcachezmeme.fr\/index.php\/autour-de-broglie\/ferrieres-st-hilaire\/","title":{"rendered":"Ferri\u00e8res-St-Hilaire"},"content":{"rendered":"<div style=\"font-size: 120%; font-family: georgia;\">\n<p style=\"text-align: justify;\">Situ\u00e9e au Nord-Est de Broglie, <span style=\"color: #ff6600;\"><strong>Ferri\u00e8res-Saint-Hilaire<\/strong><\/span> recense 416 habitants en 2013 contre 249 en 1913. Le ch\u00e2teau a disparu, il ne reste que la motte f\u00e9odale pr\u00e8s de l&rsquo;\u00e9glise.<\/p>\n<p style=\"text-align: center;\"><span style=\"color: #ff6600;\"><strong>~o~<\/strong><\/span><\/p>\n<p><img loading=\"lazy\" decoding=\"async\" class=\"aligncenter wp-image-2289\" src=\"http:\/\/yavaitcachezmeme.fr\/wp-content\/uploads\/2017\/01\/FERRIERES-ST-HILAIRE_H_011.jpg\" alt=\"\" width=\"820\" height=\"517\" srcset=\"https:\/\/yavaitcachezmeme.fr\/wp-content\/uploads\/2017\/01\/FERRIERES-ST-HILAIRE_H_011.jpg 802w, https:\/\/yavaitcachezmeme.fr\/wp-content\/uploads\/2017\/01\/FERRIERES-ST-HILAIRE_H_011-600x379.jpg 600w\" sizes=\"auto, (max-width: 820px) 100vw, 820px\" \/><\/p>\n<p style=\"text-align: center;\">L&rsquo;\u00e9glise<\/p>\n<p><img loading=\"lazy\" decoding=\"async\" class=\"aligncenter wp-image-660\" src=\"http:\/\/yavaitcachezmeme.fr\/wp-content\/uploads\/2016\/02\/FERRIERES-ST-HILAIRE_HM_001.jpg\" alt=\"\" width=\"820\" height=\"517\" srcset=\"https:\/\/yavaitcachezmeme.fr\/wp-content\/uploads\/2016\/02\/FERRIERES-ST-HILAIRE_HM_001.jpg 822w, https:\/\/yavaitcachezmeme.fr\/wp-content\/uploads\/2016\/02\/FERRIERES-ST-HILAIRE_HM_001-600x378.jpg 600w\" sizes=\"auto, (max-width: 820px) 100vw, 820px\" \/><\/p>\n<p style=\"text-align: center;\">Le monument et l&rsquo;\u00e9glise<\/p>\n<p><img loading=\"lazy\" decoding=\"async\" class=\"aligncenter wp-image-652\" src=\"http:\/\/yavaitcachezmeme.fr\/wp-content\/uploads\/2016\/02\/FERRIERES-ST-HILAIRE_H_002.jpg\" alt=\"\" width=\"820\" height=\"531\" srcset=\"https:\/\/yavaitcachezmeme.fr\/wp-content\/uploads\/2016\/02\/FERRIERES-ST-HILAIRE_H_002.jpg 810w, https:\/\/yavaitcachezmeme.fr\/wp-content\/uploads\/2016\/02\/FERRIERES-ST-HILAIRE_H_002-600x389.jpg 600w\" sizes=\"auto, (max-width: 820px) 100vw, 820px\" \/><\/p>\n<p style=\"text-align: center;\">L&rsquo;int\u00e9rieur de l&rsquo;\u00e9glise<\/p>\n<p><img loading=\"lazy\" decoding=\"async\" class=\"aligncenter wp-image-651\" src=\"http:\/\/yavaitcachezmeme.fr\/wp-content\/uploads\/2016\/02\/FERRIERES-ST-HILAIRE_H_001.jpg\" alt=\"\" width=\"820\" height=\"517\" srcset=\"https:\/\/yavaitcachezmeme.fr\/wp-content\/uploads\/2016\/02\/FERRIERES-ST-HILAIRE_H_001.jpg 818w, https:\/\/yavaitcachezmeme.fr\/wp-content\/uploads\/2016\/02\/FERRIERES-ST-HILAIRE_H_001-600x378.jpg 600w\" sizes=\"auto, (max-width: 820px) 100vw, 820px\" \/><\/p>\n<p style=\"text-align: center;\">Monuments aux morts pour la France 1914-1918<\/p>\n<p><img loading=\"lazy\" decoding=\"async\" class=\"aligncenter wp-image-653\" src=\"http:\/\/yavaitcachezmeme.fr\/wp-content\/uploads\/2016\/02\/FERRIERES-ST-HILAIRE_H_003.jpg\" alt=\"\" width=\"820\" height=\"522\" srcset=\"https:\/\/yavaitcachezmeme.fr\/wp-content\/uploads\/2016\/02\/FERRIERES-ST-HILAIRE_H_003.jpg 827w, https:\/\/yavaitcachezmeme.fr\/wp-content\/uploads\/2016\/02\/FERRIERES-ST-HILAIRE_H_003-600x382.jpg 600w\" sizes=\"auto, (max-width: 820px) 100vw, 820px\" \/><\/p>\n<p style=\"text-align: center;\">Vue de la mairie et l&rsquo;\u00e9cole<\/p>\n<p><img loading=\"lazy\" decoding=\"async\" class=\"wp-image-1804 aligncenter\" src=\"http:\/\/yavaitcachezmeme.fr\/wp-content\/uploads\/2016\/04\/FERRIERES-ST-HILAIRE_H_005.jpg\" alt=\"\" width=\"820\" height=\"534\" srcset=\"https:\/\/yavaitcachezmeme.fr\/wp-content\/uploads\/2016\/04\/FERRIERES-ST-HILAIRE_H_005.jpg 804w, https:\/\/yavaitcachezmeme.fr\/wp-content\/uploads\/2016\/04\/FERRIERES-ST-HILAIRE_H_005-600x391.jpg 600w\" sizes=\"auto, (max-width: 820px) 100vw, 820px\" \/><\/p>\n<p style=\"text-align: center;\"><span style=\"font-family: georgia;\"><span style=\"font-size: 100%;\">Bureau de Tabac &#8211; Caf\u00e9 &#8211; \u00c9picerie &#8211; Mercerie<\/span><\/span><\/p>\n<p><span style=\"font-family: georgia;\"><span style=\"font-size: 100%;\">Annick se souvient :<br \/>\n<\/span><\/span><em><span style=\"font-family: georgia;\"><span style=\"font-size: 100%;\">\u00ab\u00a0C\u2019est Juliette FAISQUES qui pose devant son \u00e9picerie o\u00f9 l\u2019on trouvait toutes sortes de choses jusqu\u2019\u00e0 la fin des ann\u00e9es 60. <\/span><\/span><\/em><em><span style=\"font-family: georgia;\"><span style=\"font-size: 100%;\">Elle faisait \u00e9galement caf\u00e9 et j\u2019y venais avec mon grand-p\u00e8re qui habitait \u00e0 c\u00f4t\u00e9 dans l\u2019ancien presbyt\u00e8re face \u00e0 l\u2019\u00e9glise. Juliette avait recueilli une biche qui vivait dans la maison.\u00a0\u00bb<\/span><\/span><\/em><\/p>\n<p><img loading=\"lazy\" decoding=\"async\" class=\"aligncenter wp-image-664\" src=\"http:\/\/yavaitcachezmeme.fr\/wp-content\/uploads\/2016\/02\/FERRIERES-ST-HILAIRE_HM_005.jpg\" alt=\"\" width=\"820\" height=\"532\" srcset=\"https:\/\/yavaitcachezmeme.fr\/wp-content\/uploads\/2016\/02\/FERRIERES-ST-HILAIRE_HM_005.jpg 831w, https:\/\/yavaitcachezmeme.fr\/wp-content\/uploads\/2016\/02\/FERRIERES-ST-HILAIRE_HM_005-600x389.jpg 600w\" sizes=\"auto, (max-width: 820px) 100vw, 820px\" \/><\/p>\n<p style=\"text-align: center;\">L&rsquo;\u00e9glise<\/p>\n<p><img loading=\"lazy\" decoding=\"async\" class=\"aligncenter wp-image-665\" src=\"http:\/\/yavaitcachezmeme.fr\/wp-content\/uploads\/2016\/02\/FERRIERES-ST-HILAIRE_HM_006.jpg\" alt=\"\" width=\"820\" height=\"513\" srcset=\"https:\/\/yavaitcachezmeme.fr\/wp-content\/uploads\/2016\/02\/FERRIERES-ST-HILAIRE_HM_006.jpg 829w, https:\/\/yavaitcachezmeme.fr\/wp-content\/uploads\/2016\/02\/FERRIERES-ST-HILAIRE_HM_006-600x376.jpg 600w, https:\/\/yavaitcachezmeme.fr\/wp-content\/uploads\/2016\/02\/FERRIERES-ST-HILAIRE_HM_006-542x340.jpg 542w\" sizes=\"auto, (max-width: 820px) 100vw, 820px\" \/><\/p>\n<p style=\"text-align: center;\"><span style=\"font-family: georgia;\"><span style=\"font-size: 100%;\">Le Lavoir<\/span><\/span><\/p>\n<p><span style=\"font-size: 100%;\">Annick \u00e9galement se souvient :<br \/>\n\u00ab\u00a0<em>Le lavoir o\u00f9 nous nous rendions pour deux raisons. La premi\u00e8re \u00e9tant que l\u2019eau courante au robinet est arriv\u00e9e<br \/>\nau d\u00e9but des ann\u00e9es 60 ; avant nous allions chercher l\u2019eau au lavoir et la remontions dans un grand baquet<br \/>\npos\u00e9 sur la brouette de mon grand-p\u00e8re. La seconde \u00e9tant souvent r\u00e9serv\u00e9e \u00e0 ma m\u00e8re pour laver le linge.\u00a0\u00bb<\/em><\/span><\/p>\n<p><img loading=\"lazy\" decoding=\"async\" class=\"aligncenter wp-image-661\" src=\"http:\/\/yavaitcachezmeme.fr\/wp-content\/uploads\/2016\/02\/FERRIERES-ST-HILAIRE_HM_002.jpg\" alt=\"\" width=\"820\" height=\"517\" srcset=\"https:\/\/yavaitcachezmeme.fr\/wp-content\/uploads\/2016\/02\/FERRIERES-ST-HILAIRE_HM_002.jpg 798w, https:\/\/yavaitcachezmeme.fr\/wp-content\/uploads\/2016\/02\/FERRIERES-ST-HILAIRE_HM_002-600x378.jpg 600w\" sizes=\"auto, (max-width: 820px) 100vw, 820px\" \/><\/p>\n<p style=\"text-align: center;\">Le lavoir<\/p>\n<p><img loading=\"lazy\" decoding=\"async\" class=\"aligncenter wp-image-3510\" src=\"http:\/\/yavaitcachezmeme.fr\/wp-content\/uploads\/2018\/02\/FERRIERES-ST-HILAIRE_HM_008_fb.jpg\" alt=\"\" width=\"820\" height=\"498\" srcset=\"https:\/\/yavaitcachezmeme.fr\/wp-content\/uploads\/2018\/02\/FERRIERES-ST-HILAIRE_HM_008_fb.jpg 807w, https:\/\/yavaitcachezmeme.fr\/wp-content\/uploads\/2018\/02\/FERRIERES-ST-HILAIRE_HM_008_fb-600x364.jpg 600w\" sizes=\"auto, (max-width: 820px) 100vw, 820px\" \/><\/p>\n<p style=\"text-align: center;\">Vue du village depuis la for\u00eat<\/p>\n<p><img loading=\"lazy\" decoding=\"async\" class=\"aligncenter wp-image-658\" src=\"http:\/\/yavaitcachezmeme.fr\/wp-content\/uploads\/2016\/02\/FERRIERES-ST-HILAIRE_H_009.jpg\" alt=\"\" width=\"820\" height=\"519\" srcset=\"https:\/\/yavaitcachezmeme.fr\/wp-content\/uploads\/2016\/02\/FERRIERES-ST-HILAIRE_H_009.jpg 819w, https:\/\/yavaitcachezmeme.fr\/wp-content\/uploads\/2016\/02\/FERRIERES-ST-HILAIRE_H_009-600x379.jpg 600w\" sizes=\"auto, (max-width: 820px) 100vw, 820px\" \/><\/p>\n<p style=\"text-align: center;\">Vue g\u00e9n\u00e9rale<\/p>\n<p><img loading=\"lazy\" decoding=\"async\" class=\"aligncenter wp-image-2481\" src=\"http:\/\/yavaitcachezmeme.fr\/wp-content\/uploads\/2017\/04\/FERRIERES-ST-HILAIRE_HM_007.jpg\" alt=\"\" width=\"820\" height=\"511\" srcset=\"https:\/\/yavaitcachezmeme.fr\/wp-content\/uploads\/2017\/04\/FERRIERES-ST-HILAIRE_HM_007.jpg 806w, https:\/\/yavaitcachezmeme.fr\/wp-content\/uploads\/2017\/04\/FERRIERES-ST-HILAIRE_HM_007-600x374.jpg 600w\" sizes=\"auto, (max-width: 820px) 100vw, 820px\" \/><\/p>\n<p style=\"text-align: center;\">Vue a\u00e9rienne du village<\/p>\n<p><img loading=\"lazy\" decoding=\"async\" class=\"aligncenter wp-image-654\" src=\"http:\/\/yavaitcachezmeme.fr\/wp-content\/uploads\/2016\/02\/FERRIERES-ST-HILAIRE_H_004.jpg\" alt=\"\" width=\"820\" height=\"532\" srcset=\"https:\/\/yavaitcachezmeme.fr\/wp-content\/uploads\/2016\/02\/FERRIERES-ST-HILAIRE_H_004.jpg 818w, https:\/\/yavaitcachezmeme.fr\/wp-content\/uploads\/2016\/02\/FERRIERES-ST-HILAIRE_H_004-600x389.jpg 600w\" sizes=\"auto, (max-width: 820px) 100vw, 820px\" \/><\/p>\n<p style=\"text-align: center;\">Valmont<\/p>\n<p><img loading=\"lazy\" decoding=\"async\" class=\"aligncenter wp-image-663\" src=\"http:\/\/yavaitcachezmeme.fr\/wp-content\/uploads\/2016\/02\/FERRIERES-ST-HILAIRE_HM_004.jpg\" alt=\"\" width=\"820\" height=\"511\" srcset=\"https:\/\/yavaitcachezmeme.fr\/wp-content\/uploads\/2016\/02\/FERRIERES-ST-HILAIRE_HM_004.jpg 813w, https:\/\/yavaitcachezmeme.fr\/wp-content\/uploads\/2016\/02\/FERRIERES-ST-HILAIRE_HM_004-600x374.jpg 600w\" sizes=\"auto, (max-width: 820px) 100vw, 820px\" \/><\/p>\n<p style=\"text-align: center;\">Valmont<\/p>\n<p><img loading=\"lazy\" decoding=\"async\" class=\"aligncenter wp-image-10183\" src=\"https:\/\/yavaitcachezmeme.fr\/wp-content\/uploads\/2023\/05\/FERRIERES-ST-HILAIRE_H_015-600x386.jpg\" alt=\"\" width=\"820\" height=\"527\" srcset=\"https:\/\/yavaitcachezmeme.fr\/wp-content\/uploads\/2023\/05\/FERRIERES-ST-HILAIRE_H_015-600x386.jpg 600w, https:\/\/yavaitcachezmeme.fr\/wp-content\/uploads\/2023\/05\/FERRIERES-ST-HILAIRE_H_015-1024x658.jpg 1024w, https:\/\/yavaitcachezmeme.fr\/wp-content\/uploads\/2023\/05\/FERRIERES-ST-HILAIRE_H_015-1536x987.jpg 1536w, https:\/\/yavaitcachezmeme.fr\/wp-content\/uploads\/2023\/05\/FERRIERES-ST-HILAIRE_H_015.jpg 1612w\" sizes=\"auto, (max-width: 820px) 100vw, 820px\" \/><\/p>\n<p style=\"text-align: center;\">Le moulin<\/p>\n<p><img loading=\"lazy\" decoding=\"async\" class=\"aligncenter wp-image-662\" src=\"http:\/\/yavaitcachezmeme.fr\/wp-content\/uploads\/2016\/02\/FERRIERES-ST-HILAIRE_HM_003.jpg\" alt=\"\" width=\"820\" height=\"513\" srcset=\"https:\/\/yavaitcachezmeme.fr\/wp-content\/uploads\/2016\/02\/FERRIERES-ST-HILAIRE_HM_003.jpg 811w, https:\/\/yavaitcachezmeme.fr\/wp-content\/uploads\/2016\/02\/FERRIERES-ST-HILAIRE_HM_003-600x375.jpg 600w, https:\/\/yavaitcachezmeme.fr\/wp-content\/uploads\/2016\/02\/FERRIERES-ST-HILAIRE_HM_003-542x340.jpg 542w\" sizes=\"auto, (max-width: 820px) 100vw, 820px\" \/><\/p>\n<p style=\"text-align: center;\">Vue a\u00e9rienne de la grosse forge<\/p>\n<p><img loading=\"lazy\" decoding=\"async\" class=\"aligncenter wp-image-655\" src=\"http:\/\/yavaitcachezmeme.fr\/wp-content\/uploads\/2016\/02\/FERRIERES-ST-HILAIRE_H_006.jpg\" alt=\"\" width=\"820\" height=\"540\" srcset=\"https:\/\/yavaitcachezmeme.fr\/wp-content\/uploads\/2016\/02\/FERRIERES-ST-HILAIRE_H_006.jpg 808w, https:\/\/yavaitcachezmeme.fr\/wp-content\/uploads\/2016\/02\/FERRIERES-ST-HILAIRE_H_006-600x395.jpg 600w\" sizes=\"auto, (max-width: 820px) 100vw, 820px\" \/><\/p>\n<p style=\"text-align: center;\">La filature, maison des directeurs et bureaux<\/p>\n<p><img loading=\"lazy\" decoding=\"async\" class=\"aligncenter wp-image-5001\" src=\"https:\/\/yavaitcachezmeme.fr\/wp-content\/uploads\/2020\/09\/FERRIERES-ST-HILAIRE_H_013.jpg\" alt=\"\" width=\"820\" height=\"516\" srcset=\"https:\/\/yavaitcachezmeme.fr\/wp-content\/uploads\/2020\/09\/FERRIERES-ST-HILAIRE_H_013.jpg 1620w, https:\/\/yavaitcachezmeme.fr\/wp-content\/uploads\/2020\/09\/FERRIERES-ST-HILAIRE_H_013-600x378.jpg 600w, https:\/\/yavaitcachezmeme.fr\/wp-content\/uploads\/2020\/09\/FERRIERES-ST-HILAIRE_H_013-1024x645.jpg 1024w, https:\/\/yavaitcachezmeme.fr\/wp-content\/uploads\/2020\/09\/FERRIERES-ST-HILAIRE_H_013-1536x967.jpg 1536w, https:\/\/yavaitcachezmeme.fr\/wp-content\/uploads\/2020\/09\/FERRIERES-ST-HILAIRE_H_013-542x340.jpg 542w\" sizes=\"auto, (max-width: 820px) 100vw, 820px\" \/><\/p>\n<p style=\"text-align: center;\">Un d\u00e9p\u00f4t militaire du 21\u00e8me dans la cour de la grosse forge<\/p>\n<p><img loading=\"lazy\" decoding=\"async\" class=\"aligncenter wp-image-7423\" src=\"https:\/\/yavaitcachezmeme.fr\/wp-content\/uploads\/2022\/06\/FERRIERES-ST-HILAIRE_H_014-600x385.jpg\" alt=\"\" width=\"820\" height=\"526\" srcset=\"https:\/\/yavaitcachezmeme.fr\/wp-content\/uploads\/2022\/06\/FERRIERES-ST-HILAIRE_H_014-600x385.jpg 600w, https:\/\/yavaitcachezmeme.fr\/wp-content\/uploads\/2022\/06\/FERRIERES-ST-HILAIRE_H_014-1024x657.jpg 1024w, https:\/\/yavaitcachezmeme.fr\/wp-content\/uploads\/2022\/06\/FERRIERES-ST-HILAIRE_H_014-1536x986.jpg 1536w, https:\/\/yavaitcachezmeme.fr\/wp-content\/uploads\/2022\/06\/FERRIERES-ST-HILAIRE_H_014.jpg 1608w\" sizes=\"auto, (max-width: 820px) 100vw, 820px\" \/><\/p>\n<p style=\"text-align: center;\">Rassemblement de soldats \u00e0 la Grosse Forge<\/p>\n<p><img loading=\"lazy\" decoding=\"async\" class=\"aligncenter wp-image-656\" src=\"http:\/\/yavaitcachezmeme.fr\/wp-content\/uploads\/2016\/02\/FERRIERES-ST-HILAIRE_H_007.jpg\" alt=\"\" width=\"820\" height=\"531\" srcset=\"https:\/\/yavaitcachezmeme.fr\/wp-content\/uploads\/2016\/02\/FERRIERES-ST-HILAIRE_H_007.jpg 813w, https:\/\/yavaitcachezmeme.fr\/wp-content\/uploads\/2016\/02\/FERRIERES-ST-HILAIRE_H_007-600x388.jpg 600w\" sizes=\"auto, (max-width: 820px) 100vw, 820px\" \/><\/p>\n<p style=\"text-align: center;\">La filature (nord-ouest)<\/p>\n<p><img loading=\"lazy\" decoding=\"async\" class=\"aligncenter wp-image-657\" src=\"http:\/\/yavaitcachezmeme.fr\/wp-content\/uploads\/2016\/02\/FERRIERES-ST-HILAIRE_H_008.jpg\" alt=\"\" width=\"820\" height=\"521\" srcset=\"https:\/\/yavaitcachezmeme.fr\/wp-content\/uploads\/2016\/02\/FERRIERES-ST-HILAIRE_H_008.jpg 827w, https:\/\/yavaitcachezmeme.fr\/wp-content\/uploads\/2016\/02\/FERRIERES-ST-HILAIRE_H_008-600x381.jpg 600w\" sizes=\"auto, (max-width: 820px) 100vw, 820px\" \/><\/p>\n<p style=\"text-align: center;\">Vue de l&rsquo;usine<\/p>\n<p><img loading=\"lazy\" decoding=\"async\" class=\"aligncenter wp-image-2548\" src=\"http:\/\/yavaitcachezmeme.fr\/wp-content\/uploads\/2017\/09\/FERRIERES-ST-HILAIRE_H_012.jpg\" alt=\"\" width=\"820\" height=\"526\" srcset=\"https:\/\/yavaitcachezmeme.fr\/wp-content\/uploads\/2017\/09\/FERRIERES-ST-HILAIRE_H_012.jpg 786w, https:\/\/yavaitcachezmeme.fr\/wp-content\/uploads\/2017\/09\/FERRIERES-ST-HILAIRE_H_012-600x385.jpg 600w\" sizes=\"auto, (max-width: 820px) 100vw, 820px\" \/><\/p>\n<p style=\"text-align: center;\">La filature<\/p>\n<p><img loading=\"lazy\" decoding=\"async\" class=\"aligncenter wp-image-4409\" src=\"http:\/\/yavaitcachezmeme.fr\/wp-content\/uploads\/2019\/09\/Diplome-Mme-Dufy-200dpi.jpg\" alt=\"\" width=\"850\" height=\"672\" \/><\/p>\n<p style=\"text-align: center;\">Dipl\u00f4me de Madame DUFY garde-barri\u00e8res pour la d\u00e9coration florale du passage \u00e0 niveau 57 &#8211; 31 D\u00e9cembre 1937<\/p>\n<p><img loading=\"lazy\" decoding=\"async\" class=\"aligncenter wp-image-4405\" src=\"http:\/\/yavaitcachezmeme.fr\/wp-content\/uploads\/2019\/09\/FERRIERES-ST-HILAIRE_famille-Dufy.jpg\" alt=\"\" width=\"669\" height=\"850\" \/><\/p>\n<p style=\"text-align: center;\">Madame DUFY garde-barri\u00e8res au passage \u00e0 niveau 57<\/p>\n<p><img loading=\"lazy\" decoding=\"async\" class=\"aligncenter wp-image-659\" src=\"http:\/\/yavaitcachezmeme.fr\/wp-content\/uploads\/2016\/02\/FERRIERES-ST-HILAIRE_H_010.jpg\" alt=\"\" width=\"820\" height=\"517\" srcset=\"https:\/\/yavaitcachezmeme.fr\/wp-content\/uploads\/2016\/02\/FERRIERES-ST-HILAIRE_H_010.jpg 818w, https:\/\/yavaitcachezmeme.fr\/wp-content\/uploads\/2016\/02\/FERRIERES-ST-HILAIRE_H_010-600x378.jpg 600w\" sizes=\"auto, (max-width: 820px) 100vw, 820px\" \/><\/p>\n<p style=\"text-align: center;\">Famille DUFY travaillant sur la voie de chemin de fer<\/p>\n<p style=\"text-align: center;\"><span style=\"color: #ff6600;\"><strong>~o~<\/strong><\/span><\/p>\n<p style=\"text-align: justify;\">Les communes de l&rsquo;ancien canton de <span style=\"color: #ff6600;\"><strong>Broglie<\/strong><\/span>\u00a0\u00e0 visiter en cliquant sur les liens suivants :<\/p>\n<p style=\"text-align: justify;\"><strong><a href=\"http:\/\/yavaitcachezmeme.fr\/index.php\/les-environs\/broglie\/\">Broglie<\/a>\u00a0 &#8211; <a href=\"https:\/\/yavaitcachezmeme.fr\/index.php\/autour-de-broglie\/capelle-les-grands\/\">Capelle-les-Grands<\/a> &#8211; <a href=\"https:\/\/yavaitcachezmeme.fr\/index.php\/autour-de-broglie\/le-chamblac\/\">Le Chamblac<\/a> &#8211; <a href=\"https:\/\/yavaitcachezmeme.fr\/index.php\/autour-de-broglie\/la-chapelle-gauthier\/\">La Chapelle-Gauthier<\/a> &#8211; <a href=\"http:\/\/yavaitcachezmeme.fr\/index.php\/les-environs\/ferrieres-st-hilaire\/\">Ferri\u00e8res-St-Hilaire<\/a>\u00a0 &#8211; <a href=\"https:\/\/yavaitcachezmeme.fr\/index.php\/autour-de-broglie\/la-goulafriere\/\">La Goulafri\u00e8re<\/a> &#8211; <a href=\"http:\/\/yavaitcachezmeme.fr\/index.php\/les-environs\/grand-camp\/\">Grand-Camp<\/a>\u00a0 &#8211; <a href=\"https:\/\/yavaitcachezmeme.fr\/index.php\/autour-de-broglie\/melicourt\/\">M\u00e9licourt<\/a> &#8211; <a href=\"https:\/\/yavaitcachezmeme.fr\/index.php\/autour-de-broglie\/mesnil-rousset\/\">Mesnil-Rousset<\/a> &#8211; <a href=\"https:\/\/yavaitcachezmeme.fr\/index.php\/autour-de-broglie\/montreuil-largille\/\">Montreuil l&rsquo;Argill\u00e9<\/a> &#8211; <a href=\"https:\/\/yavaitcachezmeme.fr\/index.php\/autour-de-broglie\/notre-dame-du-hamel\/\">Notre-Dame-du-Hamel<\/a> &#8211; <a href=\"https:\/\/yavaitcachezmeme.fr\/index.php\/autour-de-broglie\/st-agnan-de-cernieres\/\">St-Agnan-de-Cerni\u00e8res<\/a> &#8211; <a href=\"https:\/\/yavaitcachezmeme.fr\/index.php\/autour-de-broglie\/st-aubin-du-thenney\/\">St-Aubin-du-Thenney<\/a> &#8211; <a href=\"https:\/\/yavaitcachezmeme.fr\/index.php\/autour-de-broglie\/st-denis-daugerons\/\">St-Denis-d&rsquo;Augerons<\/a> &#8211; <a href=\"https:\/\/yavaitcachezmeme.fr\/index.php\/autour-de-broglie\/st-jean-du-thenney\/\">St-Jean-du-Thenney<\/a> &#8211; <a href=\"https:\/\/yavaitcachezmeme.fr\/index.php\/autour-de-broglie\/st-pierre-de-cernieres\/\">St-Pierre-de-Cerni\u00e8res<\/a> &#8211; <a href=\"https:\/\/yavaitcachezmeme.fr\/index.php\/autour-de-broglie\/st-quentin-des-isles\/\">St-Quentin-des-Isles<\/a> &#8211; <a href=\"https:\/\/yavaitcachezmeme.fr\/index.php\/autour-de-broglie\/la-trinite-de-reville\/\">La Trinit\u00e9-de-R\u00e9ville<\/a> &#8211; <a href=\"https:\/\/yavaitcachezmeme.fr\/index.php\/autour-de-broglie\/verneusses\/\">Verneusses<\/a><\/strong><\/p>\n<p><img loading=\"lazy\" decoding=\"async\" class=\"aligncenter wp-image-6268\" src=\"https:\/\/yavaitcachezmeme.fr\/wp-content\/uploads\/2021\/12\/Autour-de-Broglie-600x433.jpg\" alt=\"\" width=\"800\" height=\"578\" srcset=\"https:\/\/yavaitcachezmeme.fr\/wp-content\/uploads\/2021\/12\/Autour-de-Broglie-600x433.jpg 600w, https:\/\/yavaitcachezmeme.fr\/wp-content\/uploads\/2021\/12\/Autour-de-Broglie-1024x739.jpg 1024w, https:\/\/yavaitcachezmeme.fr\/wp-content\/uploads\/2021\/12\/Autour-de-Broglie-1536x1109.jpg 1536w, https:\/\/yavaitcachezmeme.fr\/wp-content\/uploads\/2021\/12\/Autour-de-Broglie-2048x1479.jpg 2048w\" sizes=\"auto, (max-width: 800px) 100vw, 800px\" \/><\/p>\n<p style=\"text-align: justify;\">Je n&rsquo;ai pas oubli\u00e9 <strong>St-Laurent-du-Tencement<\/strong>\u00a0mais pour l&rsquo;instant je n&rsquo;ai rien \u00e0 vous proposer.<\/p>\n<\/div>\n","protected":false},"excerpt":{"rendered":"<p>Situ\u00e9e au Nord-Est de Broglie, Ferri\u00e8res-Saint-Hilaire recense 416 habitants en 2013 contre 249 en 1913. Le ch\u00e2teau a disparu, il ne reste que&#8230;<\/p>\n","protected":false},"author":1,"featured_media":0,"parent":5279,"menu_order":240,"comment_status":"closed","ping_status":"closed","template":"","meta":{"footnotes":""},"class_list":["post-231","page","type-page","status-publish","hentry"],"_links":{"self":[{"href":"https:\/\/yavaitcachezmeme.fr\/index.php\/wp-json\/wp\/v2\/pages\/231","targetHints":{"allow":["GET"]}}],"collection":[{"href":"https:\/\/yavaitcachezmeme.fr\/index.php\/wp-json\/wp\/v2\/pages"}],"about":[{"href":"https:\/\/yavaitcachezmeme.fr\/index.php\/wp-json\/wp\/v2\/types\/page"}],"author":[{"embeddable":true,"href":"https:\/\/yavaitcachezmeme.fr\/index.php\/wp-json\/wp\/v2\/users\/1"}],"replies":[{"embeddable":true,"href":"https:\/\/yavaitcachezmeme.fr\/index.php\/wp-json\/wp\/v2\/comments?post=231"}],"version-history":[{"count":56,"href":"https:\/\/yavaitcachezmeme.fr\/index.php\/wp-json\/wp\/v2\/pages\/231\/revisions"}],"predecessor-version":[{"id":11803,"href":"https:\/\/yavaitcachezmeme.fr\/index.php\/wp-json\/wp\/v2\/pages\/231\/revisions\/11803"}],"up":[{"embeddable":true,"href":"https:\/\/yavaitcachezmeme.fr\/index.php\/wp-json\/wp\/v2\/pages\/5279"}],"wp:attachment":[{"href":"https:\/\/yavaitcachezmeme.fr\/index.php\/wp-json\/wp\/v2\/media?parent=231"}],"curies":[{"name":"wp","href":"https:\/\/api.w.org\/{rel}","templated":true}]}}