{"id":251,"date":"2016-01-27T21:21:28","date_gmt":"2016-01-27T20:21:28","guid":{"rendered":"http:\/\/yavaitcachezmeme.fr\/?page_id=251"},"modified":"2025-07-20T08:47:20","modified_gmt":"2025-07-20T07:47:20","slug":"fontaine-labbe","status":"publish","type":"page","link":"https:\/\/yavaitcachezmeme.fr\/index.php\/autour-de-bernay\/fontaine-labbe\/","title":{"rendered":"Fontaine-l&rsquo;Abb\u00e9"},"content":{"rendered":"<div style=\"font-size: 120%; font-family: georgia;\">\n<p style=\"text-align: justify;\">Situ\u00e9e \u00e0 l&rsquo;Est de Bernay, <span style=\"color: #ff6600;\"><strong>Fontaine-l&rsquo;Abb\u00e9<\/strong><\/span> recense 559 habitants en 2013 contre 347 en 1913. Les paroisses de Camfleur et de Courcelles ont fusionn\u00e9es en 1797 pour former la commune de Camfleur-Courcelles qui sera annex\u00e9e \u00e0 Fontaine-l&rsquo;Abb\u00e9 en 1845.<br \/>\nVous trouverez un ch\u00e2teau dans le centre du village \u00e0 c\u00f4t\u00e9 de l&rsquo;\u00e9glise, et un second au hameau de Courcelles le long de la Route D\u00e9partementale No 133.<\/p>\n<p style=\"text-align: center;\"><span style=\"color: #ff6600;\"><strong>~o~<\/strong><\/span><\/p>\n<p><img loading=\"lazy\" decoding=\"async\" class=\"aligncenter wp-image-669\" src=\"https:\/\/yavaitcachezmeme.fr\/wp-content\/uploads\/2016\/02\/FONTAINE-LABBE_H_001.jpg\" alt=\"\" width=\"820\" height=\"538\" srcset=\"https:\/\/yavaitcachezmeme.fr\/wp-content\/uploads\/2016\/02\/FONTAINE-LABBE_H_001.jpg 839w, https:\/\/yavaitcachezmeme.fr\/wp-content\/uploads\/2016\/02\/FONTAINE-LABBE_H_001-600x393.jpg 600w\" sizes=\"auto, (max-width: 820px) 100vw, 820px\" \/><\/p>\n<p style=\"text-align: center;\">L&rsquo;\u00e9glise vue du parc<\/p>\n<p><img loading=\"lazy\" decoding=\"async\" class=\"aligncenter wp-image-12813\" src=\"https:\/\/yavaitcachezmeme.fr\/wp-content\/uploads\/2025\/03\/FONTAINE-LABBE_V_004-393x600.jpg\" alt=\"\" width=\"475\" height=\"725\" srcset=\"https:\/\/yavaitcachezmeme.fr\/wp-content\/uploads\/2025\/03\/FONTAINE-LABBE_V_004-393x600.jpg 393w, https:\/\/yavaitcachezmeme.fr\/wp-content\/uploads\/2025\/03\/FONTAINE-LABBE_V_004-671x1024.jpg 671w, https:\/\/yavaitcachezmeme.fr\/wp-content\/uploads\/2025\/03\/FONTAINE-LABBE_V_004-1007x1536.jpg 1007w, https:\/\/yavaitcachezmeme.fr\/wp-content\/uploads\/2025\/03\/FONTAINE-LABBE_V_004.jpg 1082w\" sizes=\"auto, (max-width: 475px) 100vw, 475px\" \/><\/p>\n<p style=\"text-align: center;\">L&rsquo;\u00e9glise de Fontaine l&rsquo;Abb\u00e9<\/p>\n<p><img loading=\"lazy\" decoding=\"async\" class=\"aligncenter wp-image-670\" src=\"https:\/\/yavaitcachezmeme.fr\/wp-content\/uploads\/2016\/02\/FONTAINE-LABBE_H_002.jpg\" alt=\"\" width=\"820\" height=\"525\" srcset=\"https:\/\/yavaitcachezmeme.fr\/wp-content\/uploads\/2016\/02\/FONTAINE-LABBE_H_002.jpg 821w, https:\/\/yavaitcachezmeme.fr\/wp-content\/uploads\/2016\/02\/FONTAINE-LABBE_H_002-600x384.jpg 600w\" sizes=\"auto, (max-width: 820px) 100vw, 820px\" \/><\/p>\n<p style=\"text-align: center;\">L&rsquo;\u00e9glise et le ch\u00e2teau<\/p>\n<p><img loading=\"lazy\" decoding=\"async\" class=\"aligncenter wp-image-3572\" src=\"https:\/\/yavaitcachezmeme.fr\/wp-content\/uploads\/2018\/04\/FONTAINE-LABBE_V_003.jpg\" alt=\"\" width=\"475\" height=\"738\" srcset=\"https:\/\/yavaitcachezmeme.fr\/wp-content\/uploads\/2018\/04\/FONTAINE-LABBE_V_003.jpg 516w, https:\/\/yavaitcachezmeme.fr\/wp-content\/uploads\/2018\/04\/FONTAINE-LABBE_V_003-386x600.jpg 386w\" sizes=\"auto, (max-width: 475px) 100vw, 475px\" \/><\/p>\n<p style=\"text-align: center;\">L&rsquo;\u00e9glise<\/p>\n<p><a href=\"https:\/\/www.google.com\/maps\/@49.0911496,0.693714,3a,48.9y,146.31h,104.83t\/data=!3m7!1e1!3m5!1sZcJYR3Vg6BKUZD7Y7oKDfA!2e0!6shttps:%2F%2Fstreetviewpixels-pa.googleapis.com%2Fv1%2Fthumbnail%3Fcb_client%3Dmaps_sv.tactile%26w%3D900%26h%3D600%26pitch%3D-14.82871567692726%26panoid%3DZcJYR3Vg6BKUZD7Y7oKDfA%26yaw%3D146.3141647507492!7i16384!8i8192?entry=ttu&amp;g_ep=EgoyMDI1MDcxNi4wIKXMDSoASAFQAw%3D%3D\" target=\"_blank\" rel=\"noopener\"><img loading=\"lazy\" decoding=\"async\" class=\"aligncenter wp-image-12987\" src=\"https:\/\/yavaitcachezmeme.fr\/wp-content\/uploads\/2025\/05\/Point.png\" alt=\"\" width=\"21\" height=\"30\" \/><\/a><\/p>\n<p><img loading=\"lazy\" decoding=\"async\" class=\"aligncenter wp-image-3571\" src=\"https:\/\/yavaitcachezmeme.fr\/wp-content\/uploads\/2018\/04\/FONTAINE-LABBE_HM_002.jpg\" alt=\"\" width=\"820\" height=\"504\" srcset=\"https:\/\/yavaitcachezmeme.fr\/wp-content\/uploads\/2018\/04\/FONTAINE-LABBE_HM_002.jpg 790w, https:\/\/yavaitcachezmeme.fr\/wp-content\/uploads\/2018\/04\/FONTAINE-LABBE_HM_002-600x369.jpg 600w\" sizes=\"auto, (max-width: 820px) 100vw, 820px\" \/><\/p>\n<p style=\"text-align: center;\">L&rsquo;\u00e9glise<\/p>\n<p><img loading=\"lazy\" decoding=\"async\" class=\"aligncenter wp-image-675\" src=\"https:\/\/yavaitcachezmeme.fr\/wp-content\/uploads\/2016\/02\/FONTAINE-LABBE_H_007.jpg\" alt=\"\" width=\"820\" height=\"514\" srcset=\"https:\/\/yavaitcachezmeme.fr\/wp-content\/uploads\/2016\/02\/FONTAINE-LABBE_H_007.jpg 812w, https:\/\/yavaitcachezmeme.fr\/wp-content\/uploads\/2016\/02\/FONTAINE-LABBE_H_007-600x376.jpg 600w, https:\/\/yavaitcachezmeme.fr\/wp-content\/uploads\/2016\/02\/FONTAINE-LABBE_H_007-542x340.jpg 542w\" sizes=\"auto, (max-width: 820px) 100vw, 820px\" \/><\/p>\n<p style=\"text-align: center;\">Le Ch\u00e2teau de Fontaine l&rsquo;Abb\u00e9<a href=\"https:\/\/www.google.com\/maps\/@49.0903286,0.6942977,3a,63.6y,39.56h,84.74t\/data=!3m7!1e1!3m5!1sE-r4dMAeKSArbVxDBJR4xw!2e0!6shttps:%2F%2Fstreetviewpixels-pa.googleapis.com%2Fv1%2Fthumbnail%3Fcb_client%3Dmaps_sv.tactile%26w%3D900%26h%3D600%26pitch%3D5.2559794315985755%26panoid%3DE-r4dMAeKSArbVxDBJR4xw%26yaw%3D39.555467019818316!7i16384!8i8192?entry=ttu&amp;g_ep=EgoyMDI1MDcxNi4wIKXMDSoASAFQAw%3D%3D\" target=\"_blank\" rel=\"noopener\"><img loading=\"lazy\" decoding=\"async\" class=\"aligncenter wp-image-12987\" src=\"https:\/\/yavaitcachezmeme.fr\/wp-content\/uploads\/2025\/05\/Point.png\" alt=\"\" width=\"21\" height=\"30\" \/><\/a><\/p>\n<p><img loading=\"lazy\" decoding=\"async\" class=\"aligncenter wp-image-671\" src=\"https:\/\/yavaitcachezmeme.fr\/wp-content\/uploads\/2016\/02\/FONTAINE-LABBE_H_003.jpg\" alt=\"\" width=\"820\" height=\"523\" srcset=\"https:\/\/yavaitcachezmeme.fr\/wp-content\/uploads\/2016\/02\/FONTAINE-LABBE_H_003.jpg 821w, https:\/\/yavaitcachezmeme.fr\/wp-content\/uploads\/2016\/02\/FONTAINE-LABBE_H_003-600x383.jpg 600w\" sizes=\"auto, (max-width: 820px) 100vw, 820px\" \/><\/p>\n<p style=\"text-align: center;\">Le Ch\u00e2teau<\/p>\n<p><img loading=\"lazy\" decoding=\"async\" class=\"aligncenter wp-image-4199\" src=\"https:\/\/yavaitcachezmeme.fr\/wp-content\/uploads\/2018\/08\/FONTAINE-LABBE_H_009.jpg\" alt=\"\" width=\"820\" height=\"529\" srcset=\"https:\/\/yavaitcachezmeme.fr\/wp-content\/uploads\/2018\/08\/FONTAINE-LABBE_H_009.jpg 812w, https:\/\/yavaitcachezmeme.fr\/wp-content\/uploads\/2018\/08\/FONTAINE-LABBE_H_009-600x387.jpg 600w\" sizes=\"auto, (max-width: 820px) 100vw, 820px\" \/><\/p>\n<p style=\"text-align: center;\">Vue de l&rsquo;arri\u00e8re du Ch\u00e2teau et du plan d&rsquo;eau<\/p>\n<p><img loading=\"lazy\" decoding=\"async\" class=\"aligncenter wp-image-3403 size-full\" src=\"https:\/\/yavaitcachezmeme.fr\/wp-content\/uploads\/2017\/12\/FONTAINE-LABBE_H_008.jpg\" alt=\"\" width=\"820\" height=\"516\" srcset=\"https:\/\/yavaitcachezmeme.fr\/wp-content\/uploads\/2017\/12\/FONTAINE-LABBE_H_008.jpg 820w, https:\/\/yavaitcachezmeme.fr\/wp-content\/uploads\/2017\/12\/FONTAINE-LABBE_H_008-600x378.jpg 600w, https:\/\/yavaitcachezmeme.fr\/wp-content\/uploads\/2017\/12\/FONTAINE-LABBE_H_008-542x340.jpg 542w\" sizes=\"auto, (max-width: 820px) 100vw, 820px\" \/><\/p>\n<p style=\"text-align: center;\">Le Ch\u00e2teau<\/p>\n<p><img loading=\"lazy\" decoding=\"async\" class=\"aligncenter wp-image-676\" src=\"https:\/\/yavaitcachezmeme.fr\/wp-content\/uploads\/2016\/02\/FONTAINE-LABBE_HM_001.jpg\" alt=\"\" width=\"820\" height=\"527\" srcset=\"https:\/\/yavaitcachezmeme.fr\/wp-content\/uploads\/2016\/02\/FONTAINE-LABBE_HM_001.jpg 807w, https:\/\/yavaitcachezmeme.fr\/wp-content\/uploads\/2016\/02\/FONTAINE-LABBE_HM_001-600x386.jpg 600w\" sizes=\"auto, (max-width: 820px) 100vw, 820px\" \/><\/p>\n<p style=\"text-align: center;\">Vue a\u00e9rienne du ch\u00e2teau<\/p>\n<p><img loading=\"lazy\" decoding=\"async\" class=\"aligncenter wp-image-677\" src=\"https:\/\/yavaitcachezmeme.fr\/wp-content\/uploads\/2016\/02\/FONTAINE-LABBE_V_001.jpg\" alt=\"\" width=\"475\" height=\"738\" srcset=\"https:\/\/yavaitcachezmeme.fr\/wp-content\/uploads\/2016\/02\/FONTAINE-LABBE_V_001.jpg 517w, https:\/\/yavaitcachezmeme.fr\/wp-content\/uploads\/2016\/02\/FONTAINE-LABBE_V_001-386x600.jpg 386w\" sizes=\"auto, (max-width: 475px) 100vw, 475px\" \/><\/p>\n<p style=\"text-align: center;\">Ch\u00e2teau de Courcelles<a href=\"https:\/\/www.google.com\/maps\/@49.0962091,0.6880302,3a,90y,299.48h,74.6t\/data=!3m7!1e1!3m5!1sDHxbpN7AnUavPOrzZK4M7Q!2e0!6shttps:%2F%2Fstreetviewpixels-pa.googleapis.com%2Fv1%2Fthumbnail%3Fcb_client%3Dmaps_sv.tactile%26w%3D900%26h%3D600%26pitch%3D15.39669864553342%26panoid%3DDHxbpN7AnUavPOrzZK4M7Q%26yaw%3D299.48297809958825!7i16384!8i8192?entry=ttu&amp;g_ep=EgoyMDI1MDcxNi4wIKXMDSoASAFQAw%3D%3D\" target=\"_blank\" rel=\"noopener\"><img loading=\"lazy\" decoding=\"async\" class=\"aligncenter wp-image-12987\" src=\"https:\/\/yavaitcachezmeme.fr\/wp-content\/uploads\/2025\/05\/Point.png\" alt=\"\" width=\"21\" height=\"30\" \/><\/a><\/p>\n<p><img loading=\"lazy\" decoding=\"async\" class=\"aligncenter wp-image-672\" src=\"https:\/\/yavaitcachezmeme.fr\/wp-content\/uploads\/2016\/02\/FONTAINE-LABBE_H_004.jpg\" alt=\"\" width=\"820\" height=\"540\" srcset=\"https:\/\/yavaitcachezmeme.fr\/wp-content\/uploads\/2016\/02\/FONTAINE-LABBE_H_004.jpg 791w, https:\/\/yavaitcachezmeme.fr\/wp-content\/uploads\/2016\/02\/FONTAINE-LABBE_H_004-600x395.jpg 600w\" sizes=\"auto, (max-width: 820px) 100vw, 820px\" \/><\/p>\n<p style=\"text-align: center;\">Ch\u00e2teau de Courcelles \u00e0 Fontaine l&rsquo;Abb\u00e9<\/p>\n<p><img loading=\"lazy\" decoding=\"async\" class=\"aligncenter wp-image-5036\" src=\"https:\/\/yavaitcachezmeme.fr\/wp-content\/uploads\/2020\/10\/FONTAINE-LABBE_H_012.jpg\" alt=\"\" width=\"820\" height=\"524\" srcset=\"https:\/\/yavaitcachezmeme.fr\/wp-content\/uploads\/2020\/10\/FONTAINE-LABBE_H_012.jpg 1608w, https:\/\/yavaitcachezmeme.fr\/wp-content\/uploads\/2020\/10\/FONTAINE-LABBE_H_012-600x384.jpg 600w, https:\/\/yavaitcachezmeme.fr\/wp-content\/uploads\/2020\/10\/FONTAINE-LABBE_H_012-1024x655.jpg 1024w, https:\/\/yavaitcachezmeme.fr\/wp-content\/uploads\/2020\/10\/FONTAINE-LABBE_H_012-1536x982.jpg 1536w\" sizes=\"auto, (max-width: 820px) 100vw, 820px\" \/><\/p>\n<p style=\"text-align: center;\">Ch\u00e2teau de Courcelles<\/p>\n<p><img loading=\"lazy\" decoding=\"async\" class=\"aligncenter wp-image-673\" src=\"https:\/\/yavaitcachezmeme.fr\/wp-content\/uploads\/2016\/02\/FONTAINE-LABBE_H_005.jpg\" alt=\"\" width=\"820\" height=\"532\" srcset=\"https:\/\/yavaitcachezmeme.fr\/wp-content\/uploads\/2016\/02\/FONTAINE-LABBE_H_005.jpg 812w, https:\/\/yavaitcachezmeme.fr\/wp-content\/uploads\/2016\/02\/FONTAINE-LABBE_H_005-600x389.jpg 600w\" sizes=\"auto, (max-width: 820px) 100vw, 820px\" \/><\/p>\n<p style=\"text-align: center;\">Ch\u00e2teau de Courcelles<\/p>\n<p><img loading=\"lazy\" decoding=\"async\" class=\"aligncenter wp-image-674\" src=\"https:\/\/yavaitcachezmeme.fr\/wp-content\/uploads\/2016\/02\/FONTAINE-LABBE_H_006.jpg\" alt=\"\" width=\"820\" height=\"525\" srcset=\"https:\/\/yavaitcachezmeme.fr\/wp-content\/uploads\/2016\/02\/FONTAINE-LABBE_H_006.jpg 814w, https:\/\/yavaitcachezmeme.fr\/wp-content\/uploads\/2016\/02\/FONTAINE-LABBE_H_006-600x384.jpg 600w\" sizes=\"auto, (max-width: 820px) 100vw, 820px\" \/><\/p>\n<p style=\"text-align: center;\">Ch\u00e2teau de Courcelles, les communs<\/p>\n<p><img loading=\"lazy\" decoding=\"async\" class=\"aligncenter wp-image-678\" src=\"https:\/\/yavaitcachezmeme.fr\/wp-content\/uploads\/2016\/02\/SERQUIGNY_H_001.jpg\" alt=\"\" width=\"820\" height=\"527\" srcset=\"https:\/\/yavaitcachezmeme.fr\/wp-content\/uploads\/2016\/02\/SERQUIGNY_H_001.jpg 804w, https:\/\/yavaitcachezmeme.fr\/wp-content\/uploads\/2016\/02\/SERQUIGNY_H_001-600x386.jpg 600w\" sizes=\"auto, (max-width: 820px) 100vw, 820px\" \/><\/p>\n<p style=\"text-align: center;\">Maison Glaux<\/p>\n<p><a href=\"https:\/\/www.google.com\/maps\/@49.1033928,0.6963519,3a,52.9y,220.15h,93.15t\/data=!3m7!1e1!3m5!1ssEplzB5S_0yMljfTx72r9Q!2e0!6shttps:%2F%2Fstreetviewpixels-pa.googleapis.com%2Fv1%2Fthumbnail%3Fcb_client%3Dmaps_sv.tactile%26w%3D900%26h%3D600%26pitch%3D-3.1483132772694944%26panoid%3DsEplzB5S_0yMljfTx72r9Q%26yaw%3D220.14578454828296!7i16384!8i8192?entry=ttu&amp;g_ep=EgoyMDI1MDcxNi4wIKXMDSoASAFQAw%3D%3D\" target=\"_blank\" rel=\"noopener\"><img loading=\"lazy\" decoding=\"async\" class=\"aligncenter wp-image-12987\" src=\"https:\/\/yavaitcachezmeme.fr\/wp-content\/uploads\/2025\/05\/Point.png\" alt=\"\" width=\"21\" height=\"30\" \/><\/a><\/p>\n<p><img loading=\"lazy\" decoding=\"async\" class=\"aligncenter wp-image-679\" src=\"https:\/\/yavaitcachezmeme.fr\/wp-content\/uploads\/2016\/02\/SERQUIGNY_H_002.jpg\" alt=\"\" width=\"820\" height=\"520\" srcset=\"https:\/\/yavaitcachezmeme.fr\/wp-content\/uploads\/2016\/02\/SERQUIGNY_H_002.jpg 836w, https:\/\/yavaitcachezmeme.fr\/wp-content\/uploads\/2016\/02\/SERQUIGNY_H_002-600x380.jpg 600w\" sizes=\"auto, (max-width: 820px) 100vw, 820px\" \/><\/p>\n<p style=\"text-align: center;\">Epicerie Caf\u00e9 Saint-Ernest<\/p>\n<p><img loading=\"lazy\" decoding=\"async\" class=\"aligncenter wp-image-680\" src=\"https:\/\/yavaitcachezmeme.fr\/wp-content\/uploads\/2016\/02\/SERQUIGNY_H_Chantal-Marchand.jpg\" alt=\"\" width=\"820\" height=\"504\" srcset=\"https:\/\/yavaitcachezmeme.fr\/wp-content\/uploads\/2016\/02\/SERQUIGNY_H_Chantal-Marchand.jpg 811w, https:\/\/yavaitcachezmeme.fr\/wp-content\/uploads\/2016\/02\/SERQUIGNY_H_Chantal-Marchand-600x368.jpg 600w\" sizes=\"auto, (max-width: 820px) 100vw, 820px\" \/><\/p>\n<p style=\"text-align: center;\">\u00c9picerie Caf\u00e9 Saint-Ernest<\/p>\n<p><img loading=\"lazy\" decoding=\"async\" class=\"aligncenter wp-image-10004\" src=\"https:\/\/yavaitcachezmeme.fr\/wp-content\/uploads\/2023\/05\/FONTAINE-LABBE_H_013-600x375.jpg\" alt=\"\" width=\"820\" height=\"513\" srcset=\"https:\/\/yavaitcachezmeme.fr\/wp-content\/uploads\/2023\/05\/FONTAINE-LABBE_H_013-600x375.jpg 600w, https:\/\/yavaitcachezmeme.fr\/wp-content\/uploads\/2023\/05\/FONTAINE-LABBE_H_013-1024x641.jpg 1024w, https:\/\/yavaitcachezmeme.fr\/wp-content\/uploads\/2023\/05\/FONTAINE-LABBE_H_013-1536x961.jpg 1536w, https:\/\/yavaitcachezmeme.fr\/wp-content\/uploads\/2023\/05\/FONTAINE-LABBE_H_013-542x340.jpg 542w, https:\/\/yavaitcachezmeme.fr\/wp-content\/uploads\/2023\/05\/FONTAINE-LABBE_H_013.jpg 1656w\" sizes=\"auto, (max-width: 820px) 100vw, 820px\" \/><\/p>\n<p style=\"text-align: center;\">La cit\u00e9 ouvri\u00e8re<\/p>\n<p><a href=\"https:\/\/www.google.com\/maps\/@49.1029518,0.6951542,3a,63.6y,279.11h,93.89t\/data=!3m7!1e1!3m5!1shif4eEZFUpB-ehiIG9pirA!2e0!6shttps:%2F%2Fstreetviewpixels-pa.googleapis.com%2Fv1%2Fthumbnail%3Fcb_client%3Dmaps_sv.tactile%26w%3D900%26h%3D600%26pitch%3D-3.8922974220012208%26panoid%3Dhif4eEZFUpB-ehiIG9pirA%26yaw%3D279.1077713276542!7i16384!8i8192?entry=ttu&amp;g_ep=EgoyMDI1MDcxNi4wIKXMDSoASAFQAw%3D%3D\" target=\"_blank\" rel=\"noopener\"><img loading=\"lazy\" decoding=\"async\" class=\"aligncenter wp-image-12987\" src=\"https:\/\/yavaitcachezmeme.fr\/wp-content\/uploads\/2025\/05\/Point.png\" alt=\"\" width=\"21\" height=\"30\" \/><\/a><\/p>\n<p><img loading=\"lazy\" decoding=\"async\" class=\"aligncenter wp-image-12686\" src=\"https:\/\/yavaitcachezmeme.fr\/wp-content\/uploads\/2025\/02\/FONTAINE-LABBE_HM_004-600x414.jpg\" alt=\"\" width=\"820\" height=\"566\" srcset=\"https:\/\/yavaitcachezmeme.fr\/wp-content\/uploads\/2025\/02\/FONTAINE-LABBE_HM_004-600x414.jpg 600w, https:\/\/yavaitcachezmeme.fr\/wp-content\/uploads\/2025\/02\/FONTAINE-LABBE_HM_004-1024x706.jpg 1024w, https:\/\/yavaitcachezmeme.fr\/wp-content\/uploads\/2025\/02\/FONTAINE-LABBE_HM_004-1536x1060.jpg 1536w, https:\/\/yavaitcachezmeme.fr\/wp-content\/uploads\/2025\/02\/FONTAINE-LABBE_HM_004.jpg 1728w\" sizes=\"auto, (max-width: 820px) 100vw, 820px\" \/><\/p>\n<p style=\"text-align: center;\">Vue a\u00e9rienne sur le village<\/p>\n<p><img loading=\"lazy\" decoding=\"async\" class=\"aligncenter wp-image-1631\" src=\"https:\/\/yavaitcachezmeme.fr\/wp-content\/uploads\/2016\/03\/1931-10-01_bulletin-paroissial-383x600.jpg\" alt=\"\" width=\"475\" height=\"744\" srcset=\"https:\/\/yavaitcachezmeme.fr\/wp-content\/uploads\/2016\/03\/1931-10-01_bulletin-paroissial-383x600.jpg 383w, https:\/\/yavaitcachezmeme.fr\/wp-content\/uploads\/2016\/03\/1931-10-01_bulletin-paroissial-654x1024.jpg 654w, https:\/\/yavaitcachezmeme.fr\/wp-content\/uploads\/2016\/03\/1931-10-01_bulletin-paroissial.jpg 812w\" sizes=\"auto, (max-width: 475px) 100vw, 475px\" \/><\/p>\n<p style=\"text-align: center;\">Clochers &amp; cloches &#8211; Bulletin paroissial<\/p>\n<p><img loading=\"lazy\" decoding=\"async\" class=\"aligncenter wp-image-3576\" src=\"http:\/\/yavaitcachezmeme.fr\/wp-content\/uploads\/2018\/04\/18950623_vente-aux-ench\u00e8res.jpg\" alt=\"\" width=\"591\" height=\"850\" srcset=\"https:\/\/yavaitcachezmeme.fr\/wp-content\/uploads\/2018\/04\/18950623_vente-aux-ench\u00e8res.jpg 827w, https:\/\/yavaitcachezmeme.fr\/wp-content\/uploads\/2018\/04\/18950623_vente-aux-ench\u00e8res-417x600.jpg 417w, https:\/\/yavaitcachezmeme.fr\/wp-content\/uploads\/2018\/04\/18950623_vente-aux-ench\u00e8res-712x1024.jpg 712w\" sizes=\"auto, (max-width: 591px) 100vw, 591px\" \/><\/p>\n<p style=\"text-align: center;\">L&rsquo;\u00e9picier-cafetier n&rsquo;avait pas fait que des bonnes affaires.<\/p>\n<p><img loading=\"lazy\" decoding=\"async\" class=\"aligncenter wp-image-3439 size-full\" src=\"https:\/\/yavaitcachezmeme.fr\/wp-content\/uploads\/2017\/12\/FONTAINE-LABBE_BL.jpg\" alt=\"\" width=\"709\" height=\"945\" srcset=\"https:\/\/yavaitcachezmeme.fr\/wp-content\/uploads\/2017\/12\/FONTAINE-LABBE_BL.jpg 709w, https:\/\/yavaitcachezmeme.fr\/wp-content\/uploads\/2017\/12\/FONTAINE-LABBE_BL-450x600.jpg 450w\" sizes=\"auto, (max-width: 709px) 100vw, 709px\" \/><\/p>\n<p style=\"text-align: center;\">Bouteille \u00e0 lait du Domaine de Fontaine-l&rsquo;Abb\u00e9<\/p>\n<p><img loading=\"lazy\" decoding=\"async\" class=\"size-medium wp-image-11739 aligncenter\" src=\"https:\/\/yavaitcachezmeme.fr\/wp-content\/uploads\/2024\/01\/FONTAINE-LABBE_PCP_001-600x600.png\" alt=\"\" width=\"600\" height=\"600\" srcset=\"https:\/\/yavaitcachezmeme.fr\/wp-content\/uploads\/2024\/01\/FONTAINE-LABBE_PCP_001-600x600.png 600w, https:\/\/yavaitcachezmeme.fr\/wp-content\/uploads\/2024\/01\/FONTAINE-LABBE_PCP_001-1024x1024.png 1024w, https:\/\/yavaitcachezmeme.fr\/wp-content\/uploads\/2024\/01\/FONTAINE-LABBE_PCP_001-150x150.png 150w, https:\/\/yavaitcachezmeme.fr\/wp-content\/uploads\/2024\/01\/FONTAINE-LABBE_PCP_001.png 1358w\" sizes=\"auto, (max-width: 600px) 100vw, 600px\" \/><\/p>\n<p style=\"text-align: center;\">Coop\u00e9rative laiti\u00e8re de Fontaine l&rsquo;Abb\u00e9<\/p>\n<p><img loading=\"lazy\" decoding=\"async\" class=\"alignnone size-medium wp-image-11740 aligncenter\" src=\"https:\/\/yavaitcachezmeme.fr\/wp-content\/uploads\/2024\/01\/FONTAINE-LABBE_PCP_002-600x600.png\" alt=\"\" width=\"600\" height=\"600\" srcset=\"https:\/\/yavaitcachezmeme.fr\/wp-content\/uploads\/2024\/01\/FONTAINE-LABBE_PCP_002-600x600.png 600w, https:\/\/yavaitcachezmeme.fr\/wp-content\/uploads\/2024\/01\/FONTAINE-LABBE_PCP_002-1024x1024.png 1024w, https:\/\/yavaitcachezmeme.fr\/wp-content\/uploads\/2024\/01\/FONTAINE-LABBE_PCP_002-150x150.png 150w, https:\/\/yavaitcachezmeme.fr\/wp-content\/uploads\/2024\/01\/FONTAINE-LABBE_PCP_002.png 1358w\" sizes=\"auto, (max-width: 600px) 100vw, 600px\" \/><\/p>\n<p style=\"text-align: center;\">Coop\u00e9rative laiti\u00e8re de Fontaine l&rsquo;Abb\u00e9<br \/>\nLe Trou Normand<\/p>\n<p><img loading=\"lazy\" decoding=\"async\" class=\"alignnone size-medium wp-image-11741 aligncenter\" src=\"https:\/\/yavaitcachezmeme.fr\/wp-content\/uploads\/2024\/01\/FONTAINE-LABBE_PCP_003-600x600.png\" alt=\"\" width=\"600\" height=\"600\" srcset=\"https:\/\/yavaitcachezmeme.fr\/wp-content\/uploads\/2024\/01\/FONTAINE-LABBE_PCP_003-600x600.png 600w, https:\/\/yavaitcachezmeme.fr\/wp-content\/uploads\/2024\/01\/FONTAINE-LABBE_PCP_003-1024x1024.png 1024w, https:\/\/yavaitcachezmeme.fr\/wp-content\/uploads\/2024\/01\/FONTAINE-LABBE_PCP_003-150x150.png 150w, https:\/\/yavaitcachezmeme.fr\/wp-content\/uploads\/2024\/01\/FONTAINE-LABBE_PCP_003.png 1358w\" sizes=\"auto, (max-width: 600px) 100vw, 600px\" \/><\/p>\n<p style=\"text-align: center;\">Coop\u00e9rative laiti\u00e8re de Fontaine l&rsquo;Abb\u00e9<br \/>\nLe Rislois<\/p>\n<p><img loading=\"lazy\" decoding=\"async\" class=\"size-medium wp-image-11742 aligncenter\" src=\"https:\/\/yavaitcachezmeme.fr\/wp-content\/uploads\/2024\/01\/FONTAINE-LABBE_PCP_004-600x600.png\" alt=\"\" width=\"600\" height=\"600\" srcset=\"https:\/\/yavaitcachezmeme.fr\/wp-content\/uploads\/2024\/01\/FONTAINE-LABBE_PCP_004-600x600.png 600w, https:\/\/yavaitcachezmeme.fr\/wp-content\/uploads\/2024\/01\/FONTAINE-LABBE_PCP_004-1024x1024.png 1024w, https:\/\/yavaitcachezmeme.fr\/wp-content\/uploads\/2024\/01\/FONTAINE-LABBE_PCP_004-150x150.png 150w, https:\/\/yavaitcachezmeme.fr\/wp-content\/uploads\/2024\/01\/FONTAINE-LABBE_PCP_004.png 1358w\" sizes=\"auto, (max-width: 600px) 100vw, 600px\" \/><\/p>\n<p style=\"text-align: center;\">Coop\u00e9rative laiti\u00e8re de Fontaine l&rsquo;Abb\u00e9<\/p>\n<p><img loading=\"lazy\" decoding=\"async\" class=\"alignnone size-medium wp-image-11743 aligncenter\" src=\"https:\/\/yavaitcachezmeme.fr\/wp-content\/uploads\/2024\/01\/FONTAINE-LABBE_PCP_005-600x600.png\" alt=\"\" width=\"600\" height=\"600\" srcset=\"https:\/\/yavaitcachezmeme.fr\/wp-content\/uploads\/2024\/01\/FONTAINE-LABBE_PCP_005-600x600.png 600w, https:\/\/yavaitcachezmeme.fr\/wp-content\/uploads\/2024\/01\/FONTAINE-LABBE_PCP_005-1024x1024.png 1024w, https:\/\/yavaitcachezmeme.fr\/wp-content\/uploads\/2024\/01\/FONTAINE-LABBE_PCP_005-150x150.png 150w, https:\/\/yavaitcachezmeme.fr\/wp-content\/uploads\/2024\/01\/FONTAINE-LABBE_PCP_005.png 1358w\" sizes=\"auto, (max-width: 600px) 100vw, 600px\" \/><\/p>\n<p style=\"text-align: center;\">Coop\u00e9rative laiti\u00e8re de Fontaine l&rsquo;Abb\u00e9<br \/>\nPays de la Risle<\/p>\n<p style=\"text-align: center;\"><span style=\"color: #ff6600;\"><strong>~o~<\/strong><\/span><\/p>\n<p style=\"text-align: justify;\">Les communes des anciens cantons de Bernay-Est et Bernay-Ouest\u00a0\u00e0 visiter en cliquant sur les liens suivants :<\/p>\n<p style=\"text-align: justify;\"><strong><a href=\"https:\/\/yavaitcachezmeme.fr\/index.php\/autour-de-bernay\/caorches-st-nicolas\/\">Caorches St Nicolas<\/a> &#8211; <a href=\"https:\/\/yavaitcachezmeme.fr\/index.php\/autour-de-bernay\/carsix\/\">Carsix<\/a> &#8211; <a href=\"https:\/\/yavaitcachezmeme.fr\/index.php\/autour-de-bernay\/corneville-la-fouquetiere\/\">Corneville-la-Fouqueti\u00e8re<\/a> &#8211; <a href=\"https:\/\/yavaitcachezmeme.fr\/index.php\/autour-de-bernay\/courbepine\/\">Courb\u00e9pine<\/a>\u00a0 &#8211; \u00a0<a href=\"http:\/\/yavaitcachezmeme.fr\/index.php\/les-environs\/fontaine-labbe\/\">Fontaine-l&rsquo;Abb\u00e9<\/a>\u00a0 &#8211; <a href=\"https:\/\/yavaitcachezmeme.fr\/index.php\/autour-de-bernay\/malouy\/\">Malouy<\/a> &#8211; \u00a0<a href=\"http:\/\/yavaitcachezmeme.fr\/index.php\/les-environs\/menneval\/\">Menneval<\/a>\u00a0 &#8211; <a href=\"https:\/\/yavaitcachezmeme.fr\/index.php\/autour-de-bernay\/plainville\/\">Plainville<\/a> &#8211;\u00a0 <a href=\"http:\/\/yavaitcachezmeme.fr\/index.php\/les-environs\/plasnes\/\">Plasnes<\/a>\u00a0 &#8211; \u00a0<a href=\"http:\/\/yavaitcachezmeme.fr\/index.php\/les-environs\/st-aubin-le-vertueux\/\">St-Aubin-Le-Vertueux<\/a>\u00a0 &#8211; \u00a0<a href=\"http:\/\/yavaitcachezmeme.fr\/index.php\/les-environs\/st-clair-darcey\/\">St-Clair-d&rsquo;Arcey<\/a>\u00a0 &#8211; \u00a0<a href=\"http:\/\/yavaitcachezmeme.fr\/index.php\/les-environs\/st-leger-de-rostes\/\">St-L\u00e9ger-de-R\u00f4tes<\/a>\u00a0 &#8211; \u00a0<a href=\"http:\/\/yavaitcachezmeme.fr\/index.php\/les-environs\/st-martin-du-tilleul\/\">St-Martin-du-Tilleul<\/a>\u00a0 &#8211; <a href=\"http:\/\/yavaitcachezmeme.fr\/index.php\/les-environs\/st-victor-de-chretienville\/\">St-Victor-de-Chr\u00e9tienville<\/a>\u00a0 &#8211; <a href=\"https:\/\/yavaitcachezmeme.fr\/index.php\/autour-de-bernay\/serquigny\/\">Serquigny<\/a> &#8211;\u00a0 <a href=\"http:\/\/yavaitcachezmeme.fr\/index.php\/les-environs\/valailles\/\">Valailles<\/a><\/strong><\/p>\n<p><img loading=\"lazy\" decoding=\"async\" class=\"aligncenter wp-image-12675\" src=\"https:\/\/yavaitcachezmeme.fr\/wp-content\/uploads\/2025\/01\/Autour-de-Bernay-600x371.png\" alt=\"\" width=\"820\" height=\"506\" srcset=\"https:\/\/yavaitcachezmeme.fr\/wp-content\/uploads\/2025\/01\/Autour-de-Bernay-600x371.png 600w, https:\/\/yavaitcachezmeme.fr\/wp-content\/uploads\/2025\/01\/Autour-de-Bernay.png 1004w\" sizes=\"auto, (max-width: 820px) 100vw, 820px\" \/><\/p>\n<\/div>\n","protected":false},"excerpt":{"rendered":"<p>Situ\u00e9e \u00e0 l&rsquo;Est de Bernay, Fontaine-l&rsquo;Abb\u00e9 recense 559 habitants en 2013 contre 347 en 1913. Les paroisses de Camfleur et de Courcelles ont&#8230;<\/p>\n","protected":false},"author":1,"featured_media":0,"parent":5270,"menu_order":251,"comment_status":"closed","ping_status":"closed","template":"","meta":{"footnotes":""},"class_list":["post-251","page","type-page","status-publish","hentry"],"_links":{"self":[{"href":"https:\/\/yavaitcachezmeme.fr\/index.php\/wp-json\/wp\/v2\/pages\/251","targetHints":{"allow":["GET"]}}],"collection":[{"href":"https:\/\/yavaitcachezmeme.fr\/index.php\/wp-json\/wp\/v2\/pages"}],"about":[{"href":"https:\/\/yavaitcachezmeme.fr\/index.php\/wp-json\/wp\/v2\/types\/page"}],"author":[{"embeddable":true,"href":"https:\/\/yavaitcachezmeme.fr\/index.php\/wp-json\/wp\/v2\/users\/1"}],"replies":[{"embeddable":true,"href":"https:\/\/yavaitcachezmeme.fr\/index.php\/wp-json\/wp\/v2\/comments?post=251"}],"version-history":[{"count":63,"href":"https:\/\/yavaitcachezmeme.fr\/index.php\/wp-json\/wp\/v2\/pages\/251\/revisions"}],"predecessor-version":[{"id":13091,"href":"https:\/\/yavaitcachezmeme.fr\/index.php\/wp-json\/wp\/v2\/pages\/251\/revisions\/13091"}],"up":[{"embeddable":true,"href":"https:\/\/yavaitcachezmeme.fr\/index.php\/wp-json\/wp\/v2\/pages\/5270"}],"wp:attachment":[{"href":"https:\/\/yavaitcachezmeme.fr\/index.php\/wp-json\/wp\/v2\/media?parent=251"}],"curies":[{"name":"wp","href":"https:\/\/api.w.org\/{rel}","templated":true}]}}