{"id":278,"date":"2016-01-27T22:16:28","date_gmt":"2016-01-27T21:16:28","guid":{"rendered":"http:\/\/yavaitcachezmeme.fr\/?page_id=278"},"modified":"2025-07-04T06:12:51","modified_gmt":"2025-07-04T05:12:51","slug":"rue-g-folloppe","status":"publish","type":"page","link":"https:\/\/yavaitcachezmeme.fr\/index.php\/bernay-rues-places\/rue-g-folloppe\/","title":{"rendered":"Rue Gaston Folloppe"},"content":{"rendered":"<div style=\"font-size: 120%; font-family: georgia;\">\n<p style=\"text-align: justify;\">La <span style=\"color: #ff6600;\"><strong>rue Gaston Folloppe<\/strong><\/span> de la rue Thiers \u00e0 la rue de Lisieux. C&rsquo;est l&rsquo;ancienne rue des Charrettes.<br \/>\nGaston Folloppe \u00e9tait opticien et photographe \u00e0 Bernay. Arr\u00eat\u00e9 le 11 novembre 1943 pour r\u00e9sistance, il sera fusill\u00e9 le 1 f\u00e9vrier 1944.<\/p>\n<p style=\"text-align: center;\"><span style=\"color: #ff6600;\"><strong>~o~<\/strong><\/span><\/p>\n<p><img loading=\"lazy\" decoding=\"async\" class=\"aligncenter wp-image-884\" src=\"http:\/\/yavaitcachezmeme.fr\/wp-content\/uploads\/2016\/02\/2_rgf_BERNAY_H_0457.jpg\" alt=\"\" width=\"820\" height=\"526\" srcset=\"https:\/\/yavaitcachezmeme.fr\/wp-content\/uploads\/2016\/02\/2_rgf_BERNAY_H_0457.jpg 816w, https:\/\/yavaitcachezmeme.fr\/wp-content\/uploads\/2016\/02\/2_rgf_BERNAY_H_0457-600x385.jpg 600w\" sizes=\"auto, (max-width: 820px) 100vw, 820px\" \/><\/p>\n<p style=\"text-align: center;\">Vue depuis la rue Thiers<\/p>\n<p><img loading=\"lazy\" decoding=\"async\" class=\"aligncenter wp-image-975\" src=\"http:\/\/yavaitcachezmeme.fr\/wp-content\/uploads\/2016\/02\/1_rgf_BERNAY_H_0876.jpg\" alt=\"\" width=\"820\" height=\"507\" srcset=\"https:\/\/yavaitcachezmeme.fr\/wp-content\/uploads\/2016\/02\/1_rgf_BERNAY_H_0876.jpg 837w, https:\/\/yavaitcachezmeme.fr\/wp-content\/uploads\/2016\/02\/1_rgf_BERNAY_H_0876-600x371.jpg 600w\" sizes=\"auto, (max-width: 820px) 100vw, 820px\" \/><\/p>\n<p style=\"text-align: center;\">Aux \u00e9l\u00e9gants, aujourd&rsquo;hui le caf\u00e9 du Commerce (PMU)<\/p>\n<p><img loading=\"lazy\" decoding=\"async\" class=\"aligncenter wp-image-885\" src=\"http:\/\/yavaitcachezmeme.fr\/wp-content\/uploads\/2016\/02\/2_rgf_BERNAY_V_0152.jpg\" alt=\"\" width=\"475\" height=\"754\" srcset=\"https:\/\/yavaitcachezmeme.fr\/wp-content\/uploads\/2016\/02\/2_rgf_BERNAY_V_0152.jpg 521w, https:\/\/yavaitcachezmeme.fr\/wp-content\/uploads\/2016\/02\/2_rgf_BERNAY_V_0152-378x600.jpg 378w\" sizes=\"auto, (max-width: 475px) 100vw, 475px\" \/><\/p>\n<p style=\"text-align: center;\">Pr\u00eat \u00e0 en d\u00e9coudre \u00e0 l&rsquo;\u00e9p\u00e9e<\/p>\n<p><img loading=\"lazy\" decoding=\"async\" class=\"aligncenter wp-image-886\" src=\"http:\/\/yavaitcachezmeme.fr\/wp-content\/uploads\/2016\/02\/3_rgf_BERNAY_H_0458.jpg\" alt=\"\" width=\"820\" height=\"517\" srcset=\"https:\/\/yavaitcachezmeme.fr\/wp-content\/uploads\/2016\/02\/3_rgf_BERNAY_H_0458.jpg 826w, https:\/\/yavaitcachezmeme.fr\/wp-content\/uploads\/2016\/02\/3_rgf_BERNAY_H_0458-600x378.jpg 600w\" sizes=\"auto, (max-width: 820px) 100vw, 820px\" \/><\/p>\n<p style=\"text-align: center;\">C&rsquo;est \u00e0 l&rsquo;\u00e9poque l&rsquo;acc\u00e8s \u00e0 Lisieux<\/p>\n<p><img loading=\"lazy\" decoding=\"async\" class=\"aligncenter wp-image-13028\" src=\"https:\/\/yavaitcachezmeme.fr\/wp-content\/uploads\/2025\/07\/BERNAY_P-V_0056-428x600.jpg\" alt=\"\" width=\"475\" height=\"665\" srcset=\"https:\/\/yavaitcachezmeme.fr\/wp-content\/uploads\/2025\/07\/BERNAY_P-V_0056-428x600.jpg 428w, https:\/\/yavaitcachezmeme.fr\/wp-content\/uploads\/2025\/07\/BERNAY_P-V_0056-731x1024.jpg 731w, https:\/\/yavaitcachezmeme.fr\/wp-content\/uploads\/2025\/07\/BERNAY_P-V_0056-1097x1536.jpg 1097w, https:\/\/yavaitcachezmeme.fr\/wp-content\/uploads\/2025\/07\/BERNAY_P-V_0056.jpg 1181w\" sizes=\"auto, (max-width: 475px) 100vw, 475px\" \/><\/p>\n<p style=\"text-align: center;\">Photo d&rsquo;amateur<\/p>\n<p><img loading=\"lazy\" decoding=\"async\" class=\"aligncenter wp-image-887\" src=\"http:\/\/yavaitcachezmeme.fr\/wp-content\/uploads\/2016\/02\/3_rgf_BERNAY_H_0459.jpg\" alt=\"\" width=\"820\" height=\"500\" srcset=\"https:\/\/yavaitcachezmeme.fr\/wp-content\/uploads\/2016\/02\/3_rgf_BERNAY_H_0459.jpg 821w, https:\/\/yavaitcachezmeme.fr\/wp-content\/uploads\/2016\/02\/3_rgf_BERNAY_H_0459-600x366.jpg 600w\" sizes=\"auto, (max-width: 820px) 100vw, 820px\" \/><\/p>\n<p style=\"text-align: center;\">La rue \u00e0 double sens de circulation<\/p>\n<p><img loading=\"lazy\" decoding=\"async\" class=\"aligncenter wp-image-889\" src=\"http:\/\/yavaitcachezmeme.fr\/wp-content\/uploads\/2016\/02\/8_rgf_BERNAY_H_0818.jpg\" alt=\"\" width=\"820\" height=\"538\" srcset=\"https:\/\/yavaitcachezmeme.fr\/wp-content\/uploads\/2016\/02\/8_rgf_BERNAY_H_0818.jpg 795w, https:\/\/yavaitcachezmeme.fr\/wp-content\/uploads\/2016\/02\/8_rgf_BERNAY_H_0818-600x394.jpg 600w\" sizes=\"auto, (max-width: 820px) 100vw, 820px\" \/><\/p>\n<p style=\"text-align: center;\">Maison E. Jouvin fleuriste, aujourd&rsquo;hui agence immobili\u00e8re<\/p>\n<p><img loading=\"lazy\" decoding=\"async\" class=\"aligncenter wp-image-888\" src=\"http:\/\/yavaitcachezmeme.fr\/wp-content\/uploads\/2016\/02\/8_rgf_BERNAY_H_0522.jpg\" alt=\"\" width=\"820\" height=\"529\" srcset=\"https:\/\/yavaitcachezmeme.fr\/wp-content\/uploads\/2016\/02\/8_rgf_BERNAY_H_0522.jpg 823w, https:\/\/yavaitcachezmeme.fr\/wp-content\/uploads\/2016\/02\/8_rgf_BERNAY_H_0522-600x387.jpg 600w\" sizes=\"auto, (max-width: 820px) 100vw, 820px\" \/><\/p>\n<p style=\"text-align: center;\">\u00c9picerie F\u00e9lix Potin, aujourd&rsquo;hui c&rsquo;est un restaurant<\/p>\n<p><img loading=\"lazy\" decoding=\"async\" class=\"aligncenter wp-image-890\" src=\"http:\/\/yavaitcachezmeme.fr\/wp-content\/uploads\/2016\/02\/10_rgf_BERNAY_H_0456.jpg\" alt=\"\" width=\"820\" height=\"562\" srcset=\"https:\/\/yavaitcachezmeme.fr\/wp-content\/uploads\/2016\/02\/10_rgf_BERNAY_H_0456.jpg 765w, https:\/\/yavaitcachezmeme.fr\/wp-content\/uploads\/2016\/02\/10_rgf_BERNAY_H_0456-600x411.jpg 600w\" sizes=\"auto, (max-width: 820px) 100vw, 820px\" \/><\/p>\n<p style=\"text-align: center;\">L&rsquo;\u00e9picerie Lebreton avant qu&rsquo;elle devienne F\u00e9lix Potin<\/p>\n<p><img loading=\"lazy\" decoding=\"async\" class=\"aligncenter wp-image-891\" src=\"http:\/\/yavaitcachezmeme.fr\/wp-content\/uploads\/2016\/02\/12_rgfBERNAY_V_0151.jpg\" alt=\"\" width=\"475\" height=\"732\" srcset=\"https:\/\/yavaitcachezmeme.fr\/wp-content\/uploads\/2016\/02\/12_rgfBERNAY_V_0151.jpg 534w, https:\/\/yavaitcachezmeme.fr\/wp-content\/uploads\/2016\/02\/12_rgfBERNAY_V_0151-389x600.jpg 389w\" sizes=\"auto, (max-width: 475px) 100vw, 475px\" \/><\/p>\n<p style=\"text-align: center;\">Maison Hervieu primeurs<\/p>\n<p><img loading=\"lazy\" decoding=\"async\" class=\"aligncenter wp-image-893\" src=\"http:\/\/yavaitcachezmeme.fr\/wp-content\/uploads\/2016\/02\/14_rgf_BERNAY_V_0150.jpg\" alt=\"\" width=\"475\" height=\"755\" srcset=\"https:\/\/yavaitcachezmeme.fr\/wp-content\/uploads\/2016\/02\/14_rgf_BERNAY_V_0150.jpg 524w, https:\/\/yavaitcachezmeme.fr\/wp-content\/uploads\/2016\/02\/14_rgf_BERNAY_V_0150-377x600.jpg 377w\" sizes=\"auto, (max-width: 475px) 100vw, 475px\" \/><\/p>\n<p style=\"text-align: center;\">Aujourd&rsquo;hui caf\u00e9 brasserie<\/p>\n<p><img loading=\"lazy\" decoding=\"async\" class=\"aligncenter wp-image-894\" src=\"http:\/\/yavaitcachezmeme.fr\/wp-content\/uploads\/2016\/02\/16_rgf_BERNAY_V_0149.jpg\" alt=\"\" width=\"475\" height=\"740\" srcset=\"https:\/\/yavaitcachezmeme.fr\/wp-content\/uploads\/2016\/02\/16_rgf_BERNAY_V_0149.jpg 527w, https:\/\/yavaitcachezmeme.fr\/wp-content\/uploads\/2016\/02\/16_rgf_BERNAY_V_0149-385x600.jpg 385w\" sizes=\"auto, (max-width: 475px) 100vw, 475px\" \/><\/p>\n<p style=\"text-align: center;\">A gauche la rue Gabriel Vall\u00e9e<\/p>\n<p><img loading=\"lazy\" decoding=\"async\" class=\"aligncenter wp-image-4949\" src=\"https:\/\/yavaitcachezmeme.fr\/wp-content\/uploads\/2020\/04\/16_rgf_BERNAY_H_1100.jpg\" alt=\"\" width=\"820\" height=\"528\" srcset=\"https:\/\/yavaitcachezmeme.fr\/wp-content\/uploads\/2020\/04\/16_rgf_BERNAY_H_1100.jpg 1526w, https:\/\/yavaitcachezmeme.fr\/wp-content\/uploads\/2020\/04\/16_rgf_BERNAY_H_1100-600x387.jpg 600w, https:\/\/yavaitcachezmeme.fr\/wp-content\/uploads\/2020\/04\/16_rgf_BERNAY_H_1100-1024x660.jpg 1024w\" sizes=\"auto, (max-width: 820px) 100vw, 820px\" \/><\/p>\n<p style=\"text-align: center;\">D\u00e9part d&rsquo;une course cycliste<\/p>\n<p><img loading=\"lazy\" decoding=\"async\" class=\"aligncenter wp-image-2288\" src=\"http:\/\/yavaitcachezmeme.fr\/wp-content\/uploads\/2017\/01\/BERNAY_H_0950.jpg\" alt=\"\" width=\"820\" height=\"520\" srcset=\"https:\/\/yavaitcachezmeme.fr\/wp-content\/uploads\/2017\/01\/BERNAY_H_0950.jpg 814w, https:\/\/yavaitcachezmeme.fr\/wp-content\/uploads\/2017\/01\/BERNAY_H_0950-600x380.jpg 600w\" sizes=\"auto, (max-width: 820px) 100vw, 820px\" \/><\/p>\n<p style=\"text-align: center;\">Course cycliste sur une chauss\u00e9e compliqu\u00e9e<\/p>\n<p><img loading=\"lazy\" decoding=\"async\" class=\"aligncenter wp-image-895\" src=\"http:\/\/yavaitcachezmeme.fr\/wp-content\/uploads\/2016\/02\/18_BERNAY_H_0455.jpg\" alt=\"\" width=\"820\" height=\"528\" srcset=\"https:\/\/yavaitcachezmeme.fr\/wp-content\/uploads\/2016\/02\/18_BERNAY_H_0455.jpg 823w, https:\/\/yavaitcachezmeme.fr\/wp-content\/uploads\/2016\/02\/18_BERNAY_H_0455-600x386.jpg 600w\" sizes=\"auto, (max-width: 820px) 100vw, 820px\" \/><\/p>\n<p style=\"text-align: center;\">Maisons \u00e0 encorbellement<\/p>\n<p><img loading=\"lazy\" decoding=\"async\" class=\"aligncenter wp-image-896\" src=\"http:\/\/yavaitcachezmeme.fr\/wp-content\/uploads\/2016\/02\/22_rgf_BERNAY_V_0153.jpg\" alt=\"\" width=\"475\" height=\"745\" srcset=\"https:\/\/yavaitcachezmeme.fr\/wp-content\/uploads\/2016\/02\/22_rgf_BERNAY_V_0153.jpg 527w, https:\/\/yavaitcachezmeme.fr\/wp-content\/uploads\/2016\/02\/22_rgf_BERNAY_V_0153-382x600.jpg 382w\" sizes=\"auto, (max-width: 475px) 100vw, 475px\" \/><\/p>\n<p style=\"text-align: center;\">A gauche une enseigne d&rsquo;antiquaire<\/p>\n<p><img loading=\"lazy\" decoding=\"async\" class=\"aligncenter wp-image-897\" src=\"http:\/\/yavaitcachezmeme.fr\/wp-content\/uploads\/2016\/02\/24_rgf_BERNAY_H_0451.jpg\" alt=\"\" width=\"820\" height=\"521\" srcset=\"https:\/\/yavaitcachezmeme.fr\/wp-content\/uploads\/2016\/02\/24_rgf_BERNAY_H_0451.jpg 823w, https:\/\/yavaitcachezmeme.fr\/wp-content\/uploads\/2016\/02\/24_rgf_BERNAY_H_0451-600x381.jpg 600w\" sizes=\"auto, (max-width: 820px) 100vw, 820px\" \/><\/p>\n<p style=\"text-align: center;\">A droite la maison Toutain, aujourd&rsquo;hui cabinet d&rsquo;infirmi\u00e8res<\/p>\n<p><img loading=\"lazy\" decoding=\"async\" class=\"aligncenter wp-image-898\" src=\"http:\/\/yavaitcachezmeme.fr\/wp-content\/uploads\/2016\/02\/24_rgf_BERNAY_H_0452.jpg\" alt=\"\" width=\"820\" height=\"517\" srcset=\"https:\/\/yavaitcachezmeme.fr\/wp-content\/uploads\/2016\/02\/24_rgf_BERNAY_H_0452.jpg 823w, https:\/\/yavaitcachezmeme.fr\/wp-content\/uploads\/2016\/02\/24_rgf_BERNAY_H_0452-600x378.jpg 600w\" sizes=\"auto, (max-width: 820px) 100vw, 820px\" \/><\/p>\n<p style=\"text-align: center;\">Le cafetier sur le pas de sa porte<\/p>\n<p><img loading=\"lazy\" decoding=\"async\" class=\"aligncenter wp-image-899\" src=\"http:\/\/yavaitcachezmeme.fr\/wp-content\/uploads\/2016\/02\/24_rgf_BERNAY_H_0453.jpg\" alt=\"\" width=\"820\" height=\"527\" srcset=\"https:\/\/yavaitcachezmeme.fr\/wp-content\/uploads\/2016\/02\/24_rgf_BERNAY_H_0453.jpg 807w, https:\/\/yavaitcachezmeme.fr\/wp-content\/uploads\/2016\/02\/24_rgf_BERNAY_H_0453-600x386.jpg 600w\" sizes=\"auto, (max-width: 820px) 100vw, 820px\" \/><\/p>\n<p style=\"text-align: center;\">La rue \u00e9tait r\u00e9put\u00e9e pour ses antiquaires et brocanteurs<\/p>\n<p><img loading=\"lazy\" decoding=\"async\" class=\"aligncenter wp-image-901\" src=\"http:\/\/yavaitcachezmeme.fr\/wp-content\/uploads\/2016\/02\/26_rgf_BERNAY_V_0173.jpg\" alt=\"\" width=\"475\" height=\"743\" srcset=\"https:\/\/yavaitcachezmeme.fr\/wp-content\/uploads\/2016\/02\/26_rgf_BERNAY_V_0173.jpg 520w, https:\/\/yavaitcachezmeme.fr\/wp-content\/uploads\/2016\/02\/26_rgf_BERNAY_V_0173-384x600.jpg 384w\" sizes=\"auto, (max-width: 475px) 100vw, 475px\" \/><\/p>\n<p style=\"text-align: center;\">Au centre, le caf\u00e9 des colonies<\/p>\n<p><img loading=\"lazy\" decoding=\"async\" class=\"aligncenter wp-image-2621 size-full\" src=\"https:\/\/yavaitcachezmeme.fr\/wp-content\/uploads\/2017\/10\/26_rgf_BERNAY_H_0983.jpg\" alt=\"\" width=\"820\" height=\"518\" srcset=\"https:\/\/yavaitcachezmeme.fr\/wp-content\/uploads\/2017\/10\/26_rgf_BERNAY_H_0983.jpg 820w, https:\/\/yavaitcachezmeme.fr\/wp-content\/uploads\/2017\/10\/26_rgf_BERNAY_H_0983-600x379.jpg 600w\" sizes=\"auto, (max-width: 820px) 100vw, 820px\" \/><\/p>\n<p style=\"text-align: center;\">On pose pour la photo<\/p>\n<p><img loading=\"lazy\" decoding=\"async\" class=\"aligncenter wp-image-904\" src=\"http:\/\/yavaitcachezmeme.fr\/wp-content\/uploads\/2016\/02\/32_rgf_BERNAY_V_0192.jpg\" alt=\"\" width=\"475\" height=\"751\" srcset=\"https:\/\/yavaitcachezmeme.fr\/wp-content\/uploads\/2016\/02\/32_rgf_BERNAY_V_0192.jpg 524w, https:\/\/yavaitcachezmeme.fr\/wp-content\/uploads\/2016\/02\/32_rgf_BERNAY_V_0192-379x600.jpg 379w\" sizes=\"auto, (max-width: 475px) 100vw, 475px\" \/><\/p>\n<p style=\"text-align: center;\">Le photographe attire toujours l&rsquo;\u0153il<\/p>\n<p><img loading=\"lazy\" decoding=\"async\" class=\"aligncenter wp-image-907\" src=\"http:\/\/yavaitcachezmeme.fr\/wp-content\/uploads\/2016\/02\/33_rgf_BERNAY_V_0155.jpg\" alt=\"\" width=\"475\" height=\"746\" srcset=\"https:\/\/yavaitcachezmeme.fr\/wp-content\/uploads\/2016\/02\/33_rgf_BERNAY_V_0155.jpg 524w, https:\/\/yavaitcachezmeme.fr\/wp-content\/uploads\/2016\/02\/33_rgf_BERNAY_V_0155-382x600.jpg 382w\" sizes=\"auto, (max-width: 475px) 100vw, 475px\" \/><\/p>\n<p style=\"text-align: center;\">Appel\u00e9e \u00e0 tort rue de Lisieux<\/p>\n<p><img loading=\"lazy\" decoding=\"async\" class=\"aligncenter wp-image-908\" src=\"http:\/\/yavaitcachezmeme.fr\/wp-content\/uploads\/2016\/02\/33_rgf_BERNAY_V_0156.jpg\" alt=\"\" width=\"475\" height=\"748\" srcset=\"https:\/\/yavaitcachezmeme.fr\/wp-content\/uploads\/2016\/02\/33_rgf_BERNAY_V_0156.jpg 525w, https:\/\/yavaitcachezmeme.fr\/wp-content\/uploads\/2016\/02\/33_rgf_BERNAY_V_0156-381x600.jpg 381w\" sizes=\"auto, (max-width: 475px) 100vw, 475px\" \/><\/p>\n<p style=\"text-align: center;\">A gauche, la rue de G\u00e9ole<\/p>\n<p><img loading=\"lazy\" decoding=\"async\" class=\"aligncenter wp-image-909\" src=\"http:\/\/yavaitcachezmeme.fr\/wp-content\/uploads\/2016\/02\/33_rgf_BERNAY_V_0157.jpg\" alt=\"\" width=\"475\" height=\"757\" srcset=\"https:\/\/yavaitcachezmeme.fr\/wp-content\/uploads\/2016\/02\/33_rgf_BERNAY_V_0157.jpg 520w, https:\/\/yavaitcachezmeme.fr\/wp-content\/uploads\/2016\/02\/33_rgf_BERNAY_V_0157-376x600.jpg 376w\" sizes=\"auto, (max-width: 475px) 100vw, 475px\" \/><\/p>\n<p style=\"text-align: center;\">Une maison \u00e0 encorbellement<\/p>\n<p><img loading=\"lazy\" decoding=\"async\" class=\"aligncenter wp-image-905 size-full\" src=\"https:\/\/yavaitcachezmeme.fr\/wp-content\/uploads\/2016\/02\/33_rgf_BERNAY_H_0450.jpg\" alt=\"\" width=\"817\" height=\"521\" srcset=\"https:\/\/yavaitcachezmeme.fr\/wp-content\/uploads\/2016\/02\/33_rgf_BERNAY_H_0450.jpg 817w, https:\/\/yavaitcachezmeme.fr\/wp-content\/uploads\/2016\/02\/33_rgf_BERNAY_H_0450-600x383.jpg 600w\" sizes=\"auto, (max-width: 817px) 100vw, 817px\" \/><\/p>\n<p style=\"text-align: center;\">Veuve Lemarchand brocanteur<\/p>\n<p><img loading=\"lazy\" decoding=\"async\" class=\"aligncenter wp-image-906\" src=\"http:\/\/yavaitcachezmeme.fr\/wp-content\/uploads\/2016\/02\/33_rgf_BERNAY_H_0667.jpg\" alt=\"\" width=\"820\" height=\"530\" srcset=\"https:\/\/yavaitcachezmeme.fr\/wp-content\/uploads\/2016\/02\/33_rgf_BERNAY_H_0667.jpg 823w, https:\/\/yavaitcachezmeme.fr\/wp-content\/uploads\/2016\/02\/33_rgf_BERNAY_H_0667-600x388.jpg 600w\" sizes=\"auto, (max-width: 820px) 100vw, 820px\" \/><\/p>\n<p style=\"text-align: center;\">Un triporteur devant le caf\u00e9 du Pont de l&rsquo;\u00c9tang<\/p>\n<p><img loading=\"lazy\" decoding=\"async\" class=\"aligncenter wp-image-910\" src=\"http:\/\/yavaitcachezmeme.fr\/wp-content\/uploads\/2016\/02\/33_rgf_BERNAY_V_0158.jpg\" alt=\"\" width=\"475\" height=\"738\" srcset=\"https:\/\/yavaitcachezmeme.fr\/wp-content\/uploads\/2016\/02\/33_rgf_BERNAY_V_0158.jpg 530w, https:\/\/yavaitcachezmeme.fr\/wp-content\/uploads\/2016\/02\/33_rgf_BERNAY_V_0158-386x600.jpg 386w\" sizes=\"auto, (max-width: 475px) 100vw, 475px\" \/><\/p>\n<p style=\"text-align: center;\">On admire le petit dernier<\/p>\n<p><img loading=\"lazy\" decoding=\"async\" class=\"aligncenter wp-image-911\" src=\"http:\/\/yavaitcachezmeme.fr\/wp-content\/uploads\/2016\/02\/33_rgf_BERNAY_V_0159.jpg\" alt=\"\" width=\"475\" height=\"733\" srcset=\"https:\/\/yavaitcachezmeme.fr\/wp-content\/uploads\/2016\/02\/33_rgf_BERNAY_V_0159.jpg 521w, https:\/\/yavaitcachezmeme.fr\/wp-content\/uploads\/2016\/02\/33_rgf_BERNAY_V_0159-389x600.jpg 389w\" sizes=\"auto, (max-width: 475px) 100vw, 475px\" \/><\/p>\n<p style=\"text-align: center;\">R\u00eaverie devant le cordonnier<\/p>\n<p><img loading=\"lazy\" decoding=\"async\" class=\"aligncenter wp-image-919\" src=\"http:\/\/yavaitcachezmeme.fr\/wp-content\/uploads\/2016\/02\/35_rgf_BERNAY_H_0815.jpg\" alt=\"\" width=\"820\" height=\"512\" srcset=\"https:\/\/yavaitcachezmeme.fr\/wp-content\/uploads\/2016\/02\/35_rgf_BERNAY_H_0815.jpg 817w, https:\/\/yavaitcachezmeme.fr\/wp-content\/uploads\/2016\/02\/35_rgf_BERNAY_H_0815-600x375.jpg 600w\" sizes=\"auto, (max-width: 820px) 100vw, 820px\" \/><\/p>\n<p style=\"text-align: center;\">Carte coloris\u00e9e<\/p>\n<p><img loading=\"lazy\" decoding=\"async\" class=\"aligncenter wp-image-920\" src=\"http:\/\/yavaitcachezmeme.fr\/wp-content\/uploads\/2016\/02\/38_rgf_BERNAY_H_0779.jpg\" alt=\"\" width=\"820\" height=\"522\" srcset=\"https:\/\/yavaitcachezmeme.fr\/wp-content\/uploads\/2016\/02\/38_rgf_BERNAY_H_0779.jpg 817w, https:\/\/yavaitcachezmeme.fr\/wp-content\/uploads\/2016\/02\/38_rgf_BERNAY_H_0779-600x382.jpg 600w\" sizes=\"auto, (max-width: 820px) 100vw, 820px\" \/><\/p>\n<p style=\"text-align: center;\">Le moulin \u00e0 gauche a \u00e9t\u00e9 d\u00e9truit, c&rsquo;est aujourd&rsquo;hui un parking<\/p>\n<p><img loading=\"lazy\" decoding=\"async\" class=\"aligncenter wp-image-4804\" src=\"https:\/\/yavaitcachezmeme.fr\/wp-content\/uploads\/2020\/03\/rl_BERNAY_PCP_0462.jpg\" alt=\"\" width=\"820\" height=\"393\" srcset=\"https:\/\/yavaitcachezmeme.fr\/wp-content\/uploads\/2020\/03\/rl_BERNAY_PCP_0462.jpg 1541w, https:\/\/yavaitcachezmeme.fr\/wp-content\/uploads\/2020\/03\/rl_BERNAY_PCP_0462-600x288.jpg 600w, https:\/\/yavaitcachezmeme.fr\/wp-content\/uploads\/2020\/03\/rl_BERNAY_PCP_0462-1024x491.jpg 1024w, https:\/\/yavaitcachezmeme.fr\/wp-content\/uploads\/2020\/03\/rl_BERNAY_PCP_0462-1536x737.jpg 1536w\" sizes=\"auto, (max-width: 820px) 100vw, 820px\" \/><\/p>\n<p style=\"text-align: center;\">Extrait d&rsquo;une facture de la Minoterie du Pont-de-l&rsquo;\u00c9tang rue de Lisieux<\/p>\n<p style=\"text-align: center;\"><span style=\"color: #ff6600;\"><strong>~o~<\/strong><\/span><\/p>\n<p style=\"text-align: justify;\"><span style=\"color: #ff6600;\"><strong>Les chauss\u00e9es de Bernay <\/strong><\/span>\u00e0 visiter en cliquant sur les liens suivants :<\/p>\n<p style=\"text-align: justify;\">Les avenues et boulevards : <strong><a href=\"https:\/\/yavaitcachezmeme.fr\/index.php\/bernay-rues-places\/avenue-lottin-de-laval\/\">Avenue Lottin de Laval<\/a> &#8211; <a href=\"https:\/\/yavaitcachezmeme.fr\/index.php\/bernay-rues-places\/boulevard-du-bas-bouffey\/\">Boulevard du Bas-Bouffey<\/a> &#8211; <a href=\"http:\/\/yavaitcachezmeme.fr\/index.php\/bernay-rues-places\/boulevard-dubus\/\">Boulevard Dubus<\/a>\u00a0 &#8211;\u00a0 <a href=\"http:\/\/yavaitcachezmeme.fr\/index.php\/bernay-rues-places\/boulevard-des-monts\/\">Boulevard des Monts<\/a><\/strong><\/p>\n<p style=\"text-align: justify;\">Les places : <strong><a href=\"http:\/\/yavaitcachezmeme.fr\/index.php\/bernay-rues-places\/place-dupont-de-leure\/\">Place Dupont de l&rsquo;Eure<\/a>\u00a0 &#8211; \u00a0<a href=\"http:\/\/yavaitcachezmeme.fr\/index.php\/bernay-rues-places\/place-guillaume-de-volpiano\/\">Place Guillaume de Volpiano<\/a>\u00a0 &#8211; \u00a0<a href=\"http:\/\/yavaitcachezmeme.fr\/index.php\/bernay-rues-places\/place-gustave-heon\/\">Place Gustave H\u00e9on<\/a>\u00a0 &#8211; \u00a0<a href=\"http:\/\/yavaitcachezmeme.fr\/index.php\/bernay-rues-places\/place-de-la-republique\/\">Place de La R\u00e9publique<\/a>\u00a0 &#8211; \u00a0<a href=\"http:\/\/yavaitcachezmeme.fr\/index.php\/bernay-rues-places\/place-sainte-croix\/\">Place Sainte-Croix<\/a>\u00a0 &#8211; \u00a0<a href=\"http:\/\/yavaitcachezmeme.fr\/index.php\/bernay-rues-places\/place-de-verdun\/\">Place de Verdun<\/a><\/strong><\/p>\n<p style=\"text-align: justify;\">Les rues : <strong><a href=\"https:\/\/yavaitcachezmeme.fr\/index.php\/bernay-rues-places\/rue-albert-parissot\/\">Rue Albert Parissot<\/a> &#8211;<\/strong> <strong><a href=\"http:\/\/yavaitcachezmeme.fr\/index.php\/bernay-rues-places\/3351-2\/\">Rue Alexandre<\/a>\u00a0 &#8211; \u00a0<a href=\"http:\/\/yavaitcachezmeme.fr\/index.php\/bernay-rues-places\/rue-auguste-le-prevost\/\">Rue Auguste Le Pr\u00e9vost<\/a>\u00a0 &#8211; \u00a0<a href=\"http:\/\/yavaitcachezmeme.fr\/index.php\/bernay-rues-places\/rue-bernard-gombert\/\">Rue Bernard Gombert<\/a>\u00a0 &#8211; \u00a0<a href=\"http:\/\/yavaitcachezmeme.fr\/index.php\/bernay-rues-places\/rue-de-la-charentonne\/\">Rue de La Charentonne<\/a>\u00a0 &#8211; \u00a0<a href=\"http:\/\/yavaitcachezmeme.fr\/index.php\/bernay-rues-places\/rue-gabriel-vallee\/\">Rue Gabriel Vall\u00e9e<\/a>\u00a0 &#8211; \u00a0<a href=\"http:\/\/yavaitcachezmeme.fr\/index.php\/bernay-rues-places\/rue-g-folloppe\/\">Rue Gaston Folloppe<\/a>\u00a0 &#8211; \u00a0<a href=\"http:\/\/yavaitcachezmeme.fr\/index.php\/bernay-rues-places\/rue-g-de-gaulle\/\">Rue du G\u00e9n\u00e9ral de Gaulle<\/a>\u00a0 &#8211; \u00a0<a href=\"http:\/\/yavaitcachezmeme.fr\/index.php\/bernay-rues-places\/rue-du-general-leclerc\/\">Rue du G\u00e9n\u00e9ral Leclerc<\/a>\u00a0 &#8211; \u00a0<a href=\"http:\/\/yavaitcachezmeme.fr\/index.php\/bernay-rues-places\/rue-jacques-daviel\/\">Rue Jacques Daviel<\/a>\u00a0 &#8211; \u00a0<a href=\"http:\/\/yavaitcachezmeme.fr\/index.php\/bernay-rues-places\/rue-de-lisieux\/\">Rue de Lisieux<\/a>\u00a0 &#8211; \u00a0<a href=\"http:\/\/yavaitcachezmeme.fr\/index.php\/bernay-rues-places\/rue-maurice-lemoing\/\">Rue Maurice Lemoing<\/a>\u00a0 &#8211; \u00a0<a href=\"http:\/\/yavaitcachezmeme.fr\/index.php\/bernay-rues-places\/rue-michel-hubert-descours\/\">Rue Michel-Hubert Descours<\/a>\u00a0 &#8211; \u00a0<a href=\"http:\/\/yavaitcachezmeme.fr\/index.php\/bernay-rues-places\/rue-militaire\/\">Rue Militaire<\/a>\u00a0 &#8211; \u00a0<a href=\"http:\/\/yavaitcachezmeme.fr\/index.php\/bernay-rues-places\/rue-de-morsan\/\">Rue de Morsan<\/a>\u00a0 &#8211; \u00a0<a href=\"http:\/\/yavaitcachezmeme.fr\/index.php\/bernay-rues-places\/rue-de-rouen\/\">Rue de Rouen<\/a>\u00a0 &#8211; \u00a0<a href=\"http:\/\/yavaitcachezmeme.fr\/index.php\/bernay-rues-places\/rue-des-sources\/\">Rue des Sources<\/a>\u00a0 &#8211; <a href=\"https:\/\/yavaitcachezmeme.fr\/index.php\/bernay-rues-places\/rue-de-la-sous-prefecture\/\">Rue de la Sous-Pr\u00e9fecture<\/a> &#8211; <a href=\"http:\/\/yavaitcachezmeme.fr\/index.php\/bernay-rues-places\/rue-thiers\/\">Rue Thiers<\/a>\u00a0 &#8211; \u00a0<a href=\"http:\/\/yavaitcachezmeme.fr\/index.php\/bernay-rues-places\/rue-de-lunion\/\">Rue de l&rsquo;Union<\/a>\u00a0 &#8211; \u00a0<a href=\"http:\/\/yavaitcachezmeme.fr\/index.php\/bernay-rues-places\/victoire-rue-de-la\/\">Rue de La Victoire<\/a><\/strong><\/p>\n<div style=\"font-size: 100%; font-family: georgia; text-align: justify;\"><a href=\"https:\/\/yavaitcachezmeme.fr\/\"><img loading=\"lazy\" decoding=\"async\" class=\"aligncenter wp-image-5243\" src=\"https:\/\/yavaitcachezmeme.fr\/wp-content\/uploads\/2024\/11\/Marque-b.png\" alt=\"\" width=\"25\" height=\"43\" \/><\/a><\/div>\n<\/div>\n","protected":false},"excerpt":{"rendered":"<p>La rue Gaston Folloppe de la rue Thiers \u00e0 la rue de Lisieux. C&rsquo;est l&rsquo;ancienne rue des Charrettes. Gaston Folloppe \u00e9tait opticien et&#8230;<\/p>\n","protected":false},"author":1,"featured_media":0,"parent":1068,"menu_order":200,"comment_status":"closed","ping_status":"closed","template":"","meta":{"footnotes":""},"class_list":["post-278","page","type-page","status-publish","hentry"],"_links":{"self":[{"href":"https:\/\/yavaitcachezmeme.fr\/index.php\/wp-json\/wp\/v2\/pages\/278","targetHints":{"allow":["GET"]}}],"collection":[{"href":"https:\/\/yavaitcachezmeme.fr\/index.php\/wp-json\/wp\/v2\/pages"}],"about":[{"href":"https:\/\/yavaitcachezmeme.fr\/index.php\/wp-json\/wp\/v2\/types\/page"}],"author":[{"embeddable":true,"href":"https:\/\/yavaitcachezmeme.fr\/index.php\/wp-json\/wp\/v2\/users\/1"}],"replies":[{"embeddable":true,"href":"https:\/\/yavaitcachezmeme.fr\/index.php\/wp-json\/wp\/v2\/comments?post=278"}],"version-history":[{"count":50,"href":"https:\/\/yavaitcachezmeme.fr\/index.php\/wp-json\/wp\/v2\/pages\/278\/revisions"}],"predecessor-version":[{"id":13031,"href":"https:\/\/yavaitcachezmeme.fr\/index.php\/wp-json\/wp\/v2\/pages\/278\/revisions\/13031"}],"up":[{"embeddable":true,"href":"https:\/\/yavaitcachezmeme.fr\/index.php\/wp-json\/wp\/v2\/pages\/1068"}],"wp:attachment":[{"href":"https:\/\/yavaitcachezmeme.fr\/index.php\/wp-json\/wp\/v2\/media?parent=278"}],"curies":[{"name":"wp","href":"https:\/\/api.w.org\/{rel}","templated":true}]}}