{"id":2950,"date":"2017-11-07T20:12:47","date_gmt":"2017-11-07T19:12:47","guid":{"rendered":"http:\/\/yavaitcachezmeme.fr\/?page_id=2950"},"modified":"2025-11-10T08:12:04","modified_gmt":"2025-11-10T07:12:04","slug":"les-annees-50-70","status":"publish","type":"page","link":"https:\/\/yavaitcachezmeme.fr\/index.php\/bernay\/les-annees-50-70\/","title":{"rendered":"Les ann\u00e9es 50-70"},"content":{"rendered":"<div style=\"font-size: 120%; font-family: georgia;\">\n<p style=\"text-align: justify;\">Une d\u00e9ambulation photographique dans les rues de Bernay dans <span style=\"color: #ff6600;\"><strong>les ann\u00e9es 1950-1970<\/strong><\/span>.<\/p>\n<p style=\"text-align: center;\"><img loading=\"lazy\" decoding=\"async\" class=\"alignnone wp-image-12442\" src=\"https:\/\/yavaitcachezmeme.fr\/wp-content\/uploads\/2024\/11\/1950-1970.png\" alt=\"\" width=\"97\" height=\"100\" \/><\/p>\n<p><img loading=\"lazy\" decoding=\"async\" class=\"aligncenter wp-image-2934 size-full\" src=\"https:\/\/yavaitcachezmeme.fr\/wp-content\/uploads\/2017\/11\/P-DV_BERNAY_HM_0151.jpg\" alt=\"\" width=\"820\" height=\"524\" srcset=\"https:\/\/yavaitcachezmeme.fr\/wp-content\/uploads\/2017\/11\/P-DV_BERNAY_HM_0151.jpg 820w, https:\/\/yavaitcachezmeme.fr\/wp-content\/uploads\/2017\/11\/P-DV_BERNAY_HM_0151-600x383.jpg 600w\" sizes=\"auto, (max-width: 820px) 100vw, 820px\" \/><\/p>\n<p style=\"text-align: center;\">Place de Verdun &#8211; La fontaine dans sa position originelle<\/p>\n<p><img loading=\"lazy\" decoding=\"async\" class=\"aligncenter wp-image-2937\" src=\"http:\/\/yavaitcachezmeme.fr\/wp-content\/uploads\/2017\/11\/R-GDG_BERNAY_HM_0047.jpg\" alt=\"\" width=\"820\" height=\"517\" srcset=\"https:\/\/yavaitcachezmeme.fr\/wp-content\/uploads\/2017\/11\/R-GDG_BERNAY_HM_0047.jpg 807w, https:\/\/yavaitcachezmeme.fr\/wp-content\/uploads\/2017\/11\/R-GDG_BERNAY_HM_0047-600x378.jpg 600w\" sizes=\"auto, (max-width: 820px) 100vw, 820px\" \/><\/p>\n<p style=\"text-align: center;\">Rue du G\u00e9n\u00e9ral de Gaulle avant l&rsquo;am\u00e9nagement de la place Paul D\u00e9rou<\/p>\n<p><img loading=\"lazy\" decoding=\"async\" class=\"aligncenter wp-image-2938\" src=\"http:\/\/yavaitcachezmeme.fr\/wp-content\/uploads\/2017\/11\/R-GDG_BERNAY_HM_0130.jpg\" alt=\"\" width=\"820\" height=\"573\" srcset=\"https:\/\/yavaitcachezmeme.fr\/wp-content\/uploads\/2017\/11\/R-GDG_BERNAY_HM_0130.jpg 876w, https:\/\/yavaitcachezmeme.fr\/wp-content\/uploads\/2017\/11\/R-GDG_BERNAY_HM_0130-600x419.jpg 600w\" sizes=\"auto, (max-width: 820px) 100vw, 820px\" \/><\/p>\n<p style=\"text-align: center;\">Rue du G\u00e9n\u00e9ral de Gaulle avec double sens de circulation des autos<\/p>\n<p><img loading=\"lazy\" decoding=\"async\" class=\"aligncenter wp-image-2946\" src=\"http:\/\/yavaitcachezmeme.fr\/wp-content\/uploads\/2017\/11\/R-T1_BERNAY_HM_0036.jpg\" alt=\"\" width=\"820\" height=\"522\" srcset=\"https:\/\/yavaitcachezmeme.fr\/wp-content\/uploads\/2017\/11\/R-T1_BERNAY_HM_0036.jpg 836w, https:\/\/yavaitcachezmeme.fr\/wp-content\/uploads\/2017\/11\/R-T1_BERNAY_HM_0036-600x382.jpg 600w\" sizes=\"auto, (max-width: 820px) 100vw, 820px\" \/><\/p>\n<p style=\"text-align: center;\">Rue Thiers &#8211; Le b\u00e2timent du laboratoire m\u00e9dical sera frapp\u00e9 d&rsquo;alignement en 1964<\/p>\n<p><img loading=\"lazy\" decoding=\"async\" class=\"aligncenter wp-image-2947\" src=\"http:\/\/yavaitcachezmeme.fr\/wp-content\/uploads\/2017\/11\/R-T2_BERNAY_HM_0004.jpg\" alt=\"\" width=\"820\" height=\"509\" srcset=\"https:\/\/yavaitcachezmeme.fr\/wp-content\/uploads\/2017\/11\/R-T2_BERNAY_HM_0004.jpg 826w, https:\/\/yavaitcachezmeme.fr\/wp-content\/uploads\/2017\/11\/R-T2_BERNAY_HM_0004-600x373.jpg 600w\" sizes=\"auto, (max-width: 820px) 100vw, 820px\" \/><\/p>\n<p style=\"text-align: center;\">Rue Thiers &#8211; Suite \u00e0 un incendie, les Galeries Modernes ont laiss\u00e9 leur place \u00e0 un parking<\/p>\n<p><img loading=\"lazy\" decoding=\"async\" class=\"aligncenter wp-image-2948\" src=\"http:\/\/yavaitcachezmeme.fr\/wp-content\/uploads\/2017\/11\/R-T3_BERNAY_HM_0031.jpg\" alt=\"\" width=\"820\" height=\"520\" srcset=\"https:\/\/yavaitcachezmeme.fr\/wp-content\/uploads\/2017\/11\/R-T3_BERNAY_HM_0031.jpg 824w, https:\/\/yavaitcachezmeme.fr\/wp-content\/uploads\/2017\/11\/R-T3_BERNAY_HM_0031-600x381.jpg 600w\" sizes=\"auto, (max-width: 820px) 100vw, 820px\" \/><\/p>\n<p style=\"text-align: center;\">Rue Thiers<\/p>\n<p><img loading=\"lazy\" decoding=\"async\" class=\"aligncenter wp-image-12270\" src=\"https:\/\/yavaitcachezmeme.fr\/wp-content\/uploads\/2024\/11\/BERNAY_HM_0198-600x416.jpg\" alt=\"\" width=\"820\" height=\"569\" srcset=\"https:\/\/yavaitcachezmeme.fr\/wp-content\/uploads\/2024\/11\/BERNAY_HM_0198-600x416.jpg 600w, https:\/\/yavaitcachezmeme.fr\/wp-content\/uploads\/2024\/11\/BERNAY_HM_0198-1024x710.jpg 1024w, https:\/\/yavaitcachezmeme.fr\/wp-content\/uploads\/2024\/11\/BERNAY_HM_0198-1536x1066.jpg 1536w, https:\/\/yavaitcachezmeme.fr\/wp-content\/uploads\/2024\/11\/BERNAY_HM_0198.jpg 1724w\" sizes=\"auto, (max-width: 820px) 100vw, 820px\" \/><\/p>\n<p style=\"text-align: center;\">Rue Thiers<\/p>\n<p><img loading=\"lazy\" decoding=\"async\" class=\"aligncenter wp-image-2949 size-full\" src=\"https:\/\/yavaitcachezmeme.fr\/wp-content\/uploads\/2017\/11\/R-T4_BERNAY_HM_0038.jpg\" alt=\"\" width=\"820\" height=\"512\" srcset=\"https:\/\/yavaitcachezmeme.fr\/wp-content\/uploads\/2017\/11\/R-T4_BERNAY_HM_0038.jpg 820w, https:\/\/yavaitcachezmeme.fr\/wp-content\/uploads\/2017\/11\/R-T4_BERNAY_HM_0038-600x375.jpg 600w\" sizes=\"auto, (max-width: 820px) 100vw, 820px\" \/><\/p>\n<p style=\"text-align: center;\">Rue Thiers<\/p>\n<p><img loading=\"lazy\" decoding=\"async\" class=\"aligncenter wp-image-4715\" src=\"http:\/\/yavaitcachezmeme.fr\/wp-content\/uploads\/2020\/01\/BERNAY_VM_0055.jpg\" alt=\"\" width=\"475\" height=\"765\" srcset=\"https:\/\/yavaitcachezmeme.fr\/wp-content\/uploads\/2020\/01\/BERNAY_VM_0055.jpg 999w, https:\/\/yavaitcachezmeme.fr\/wp-content\/uploads\/2020\/01\/BERNAY_VM_0055-373x600.jpg 373w, https:\/\/yavaitcachezmeme.fr\/wp-content\/uploads\/2020\/01\/BERNAY_VM_0055-636x1024.jpg 636w, https:\/\/yavaitcachezmeme.fr\/wp-content\/uploads\/2020\/01\/BERNAY_VM_0055-954x1536.jpg 954w\" sizes=\"auto, (max-width: 475px) 100vw, 475px\" \/><\/p>\n<p style=\"text-align: center;\">Place Sainte Croix<\/p>\n<p><img loading=\"lazy\" decoding=\"async\" class=\"aligncenter wp-image-2941\" src=\"http:\/\/yavaitcachezmeme.fr\/wp-content\/uploads\/2017\/11\/R-GL_BERNAY_HM_0034.jpg\" alt=\"\" width=\"820\" height=\"520\" srcset=\"https:\/\/yavaitcachezmeme.fr\/wp-content\/uploads\/2017\/11\/R-GL_BERNAY_HM_0034.jpg 801w, https:\/\/yavaitcachezmeme.fr\/wp-content\/uploads\/2017\/11\/R-GL_BERNAY_HM_0034-600x381.jpg 600w\" sizes=\"auto, (max-width: 820px) 100vw, 820px\" \/><\/p>\n<p style=\"text-align: center;\">Rue du G\u00e9n\u00e9ral Leclerc<\/p>\n<p><img loading=\"lazy\" decoding=\"async\" class=\"aligncenter wp-image-2942\" src=\"http:\/\/yavaitcachezmeme.fr\/wp-content\/uploads\/2017\/11\/R-GL_BERNAY_HM_0123.jpg\" alt=\"\" width=\"820\" height=\"525\" srcset=\"https:\/\/yavaitcachezmeme.fr\/wp-content\/uploads\/2017\/11\/R-GL_BERNAY_HM_0123.jpg 825w, https:\/\/yavaitcachezmeme.fr\/wp-content\/uploads\/2017\/11\/R-GL_BERNAY_HM_0123-600x384.jpg 600w\" sizes=\"auto, (max-width: 820px) 100vw, 820px\" \/><\/p>\n<p style=\"text-align: center;\">Rue du G\u00e9n\u00e9ral Leclerc<\/p>\n<p><img loading=\"lazy\" decoding=\"async\" class=\"aligncenter wp-image-2943\" src=\"http:\/\/yavaitcachezmeme.fr\/wp-content\/uploads\/2017\/11\/R-L_BERNAY_HM_0035.jpg\" alt=\"\" width=\"820\" height=\"518\" srcset=\"https:\/\/yavaitcachezmeme.fr\/wp-content\/uploads\/2017\/11\/R-L_BERNAY_HM_0035.jpg 817w, https:\/\/yavaitcachezmeme.fr\/wp-content\/uploads\/2017\/11\/R-L_BERNAY_HM_0035-600x379.jpg 600w\" sizes=\"auto, (max-width: 820px) 100vw, 820px\" \/><\/p>\n<p style=\"text-align: center;\">Rue des Sources<\/p>\n<p><img loading=\"lazy\" decoding=\"async\" class=\"aligncenter wp-image-2939\" src=\"http:\/\/yavaitcachezmeme.fr\/wp-content\/uploads\/2017\/11\/R-GF_BERNAY_HM_0037.jpg\" alt=\"\" width=\"820\" height=\"523\" srcset=\"https:\/\/yavaitcachezmeme.fr\/wp-content\/uploads\/2017\/11\/R-GF_BERNAY_HM_0037.jpg 830w, https:\/\/yavaitcachezmeme.fr\/wp-content\/uploads\/2017\/11\/R-GF_BERNAY_HM_0037-600x382.jpg 600w\" sizes=\"auto, (max-width: 820px) 100vw, 820px\" \/><\/p>\n<p style=\"text-align: center;\">Rue Gaston Folloppe avec double sens de circulation<\/p>\n<p><img loading=\"lazy\" decoding=\"async\" class=\"aligncenter wp-image-2940\" src=\"http:\/\/yavaitcachezmeme.fr\/wp-content\/uploads\/2017\/11\/R-GF_BERNAY_HM_0043.jpg\" alt=\"\" width=\"820\" height=\"517\" srcset=\"https:\/\/yavaitcachezmeme.fr\/wp-content\/uploads\/2017\/11\/R-GF_BERNAY_HM_0043.jpg 815w, https:\/\/yavaitcachezmeme.fr\/wp-content\/uploads\/2017\/11\/R-GF_BERNAY_HM_0043-600x378.jpg 600w\" sizes=\"auto, (max-width: 820px) 100vw, 820px\" \/><\/p>\n<p style=\"text-align: center;\">Rue Gaston Folloppe<\/p>\n<p><img loading=\"lazy\" decoding=\"async\" class=\"aligncenter wp-image-2936\" src=\"http:\/\/yavaitcachezmeme.fr\/wp-content\/uploads\/2017\/11\/P-GH_BERNAY_HM_0056.jpg\" alt=\"\" width=\"820\" height=\"574\" srcset=\"https:\/\/yavaitcachezmeme.fr\/wp-content\/uploads\/2017\/11\/P-GH_BERNAY_HM_0056.jpg 870w, https:\/\/yavaitcachezmeme.fr\/wp-content\/uploads\/2017\/11\/P-GH_BERNAY_HM_0056-600x420.jpg 600w\" sizes=\"auto, (max-width: 820px) 100vw, 820px\" \/><\/p>\n<p style=\"text-align: center;\">Place Gustave H\u00e9on avec la nouvelle statue de Jacques Daviel inaugur\u00e9e en 1952<\/p>\n<p><img loading=\"lazy\" decoding=\"async\" class=\"aligncenter wp-image-2935\" src=\"http:\/\/yavaitcachezmeme.fr\/wp-content\/uploads\/2017\/11\/P-GH_BERNAY_HM_0055.jpg\" alt=\"\" width=\"820\" height=\"517\" srcset=\"https:\/\/yavaitcachezmeme.fr\/wp-content\/uploads\/2017\/11\/P-GH_BERNAY_HM_0055.jpg 803w, https:\/\/yavaitcachezmeme.fr\/wp-content\/uploads\/2017\/11\/P-GH_BERNAY_HM_0055-600x378.jpg 600w\" sizes=\"auto, (max-width: 820px) 100vw, 820px\" \/><\/p>\n<p style=\"text-align: center;\">Place Gustave H\u00e9on o\u00f9 le socle de la statue de Jacques Daviel est bien vide<\/p>\n<p><img loading=\"lazy\" decoding=\"async\" class=\"aligncenter wp-image-2945\" src=\"http:\/\/yavaitcachezmeme.fr\/wp-content\/uploads\/2017\/11\/R-RL_BERNAY_HM_0032.jpg\" alt=\"\" width=\"820\" height=\"521\" srcset=\"https:\/\/yavaitcachezmeme.fr\/wp-content\/uploads\/2017\/11\/R-RL_BERNAY_HM_0032.jpg 816w, https:\/\/yavaitcachezmeme.fr\/wp-content\/uploads\/2017\/11\/R-RL_BERNAY_HM_0032-600x381.jpg 600w\" sizes=\"auto, (max-width: 820px) 100vw, 820px\" \/><\/p>\n<p style=\"text-align: center;\">Rue Robert Lindet<\/p>\n<p><img loading=\"lazy\" decoding=\"async\" class=\"aligncenter wp-image-2933\" src=\"http:\/\/yavaitcachezmeme.fr\/wp-content\/uploads\/2017\/11\/P-DLR_BERNAY_HM_098.jpg\" alt=\"\" width=\"820\" height=\"496\" srcset=\"https:\/\/yavaitcachezmeme.fr\/wp-content\/uploads\/2017\/11\/P-DLR_BERNAY_HM_098.jpg 810w, https:\/\/yavaitcachezmeme.fr\/wp-content\/uploads\/2017\/11\/P-DLR_BERNAY_HM_098-600x363.jpg 600w\" sizes=\"auto, (max-width: 820px) 100vw, 820px\" \/><\/p>\n<p style=\"text-align: center;\">Place de la R\u00e9publique<\/p>\n<p><img loading=\"lazy\" decoding=\"async\" class=\"aligncenter wp-image-2944\" src=\"http:\/\/yavaitcachezmeme.fr\/wp-content\/uploads\/2017\/11\/R-M_BERNAY_HM_0067.jpg\" alt=\"\" width=\"820\" height=\"539\" srcset=\"https:\/\/yavaitcachezmeme.fr\/wp-content\/uploads\/2017\/11\/R-M_BERNAY_HM_0067.jpg 842w, https:\/\/yavaitcachezmeme.fr\/wp-content\/uploads\/2017\/11\/R-M_BERNAY_HM_0067-600x394.jpg 600w\" sizes=\"auto, (max-width: 820px) 100vw, 820px\" \/><\/p>\n<p style=\"text-align: center;\">Rue Militaire &#8211; L&rsquo;ancienne caserne Turreau abritera la Gendarmerie suite\u00a0 \u00e0 la destruction<br \/>\nde son b\u00e2timent de la rue Bernard Gombert lors du bombardement du 7 juin 1944.<\/p>\n<p style=\"text-align: center;\"><img loading=\"lazy\" decoding=\"async\" class=\"alignnone wp-image-12442\" src=\"https:\/\/yavaitcachezmeme.fr\/wp-content\/uploads\/2024\/11\/1950-1970.png\" alt=\"\" width=\"97\" height=\"100\" \/><\/p>\n<p style=\"text-align: justify;\">Les th\u00e8mes de la rubrique <span style=\"color: #ff6600;\"><strong>BERNAY<\/strong><\/span> sont \u00e0 visiter en cliquant sur les liens suivants :<\/p>\n<p style=\"text-align: justify;\"><strong><a href=\"https:\/\/yavaitcachezmeme.fr\/index.php\/bernay\/arts\/\">Arts<\/a> &#8211; <a href=\"https:\/\/yavaitcachezmeme.fr\/index.php\/bernay\/cabinet-de-lecture\/\">Cabinet de lecture<\/a> &#8211; <a href=\"https:\/\/yavaitcachezmeme.fr\/index.php\/bernay\/les-annees-50-70\/\">Les ann\u00e9es 50-70<\/a>\u00a0 &#8211; \u00a0<a href=\"http:\/\/yavaitcachezmeme.fr\/index.php\/bernay\/edifices-et-monuments\/\">\u00c9difices &amp; monuments<\/a>\u00a0 &#8211; \u00a0<a href=\"http:\/\/yavaitcachezmeme.fr\/index.php\/bernay\/folklore-theatre\/\">Folklore et th\u00e9\u00e2tre<\/a>\u00a0 &#8211; \u00a0<a href=\"http:\/\/yavaitcachezmeme.fr\/index.php\/bernay\/les-hameaux\/\">Les Hameaux<\/a>\u00a0 &#8211; \u00a0<a href=\"http:\/\/yavaitcachezmeme.fr\/index.php\/bernay\/hippodrome\/\">L&rsquo;hippodrome<\/a>\u00a0 &#8211; <a href=\"https:\/\/yavaitcachezmeme.fr\/index.php\/bernay\/histoire-ferroviaire\/\">Histoire ferroviaire<\/a> &#8211;\u00a0 <a href=\"http:\/\/yavaitcachezmeme.fr\/index.php\/bernay\/jardins-et-rivieres\/\">Jardins &amp; rivi\u00e8res<\/a>\u00a0 &#8211; \u00a0<a href=\"http:\/\/yavaitcachezmeme.fr\/index.php\/bernay\/publicites\/\">Publicit\u00e9s<\/a>\u00a0 &#8211; <a href=\"https:\/\/yavaitcachezmeme.fr\/index.php\/bernay\/sport\/\">Sport<\/a> &#8211; <a href=\"http:\/\/yavaitcachezmeme.fr\/index.php\/bernay\/vie-militaire\/\">Vie militaire<\/a>\u00a0 &#8211; \u00a0<a href=\"http:\/\/yavaitcachezmeme.fr\/index.php\/bernay\/vieux-papiers\/\">Vieux papiers<\/a> &#8211; <a href=\"http:\/\/yavaitcachezmeme.fr\/index.php\/bernay\/vues-aeriennes\/\">Vues a\u00e9riennes<\/a><\/strong><\/p>\n<p style=\"text-align: center;\"><a href=\"https:\/\/yavaitcachezmeme.fr\/\"><img loading=\"lazy\" decoding=\"async\" class=\"aligncenter wp-image-5243\" src=\"https:\/\/yavaitcachezmeme.fr\/wp-content\/uploads\/2024\/11\/Marque-b.png\" alt=\"\" width=\"25\" height=\"43\" \/><\/a><\/p>\n<\/div>\n","protected":false},"excerpt":{"rendered":"<p>Une d\u00e9ambulation photographique dans les rues de Bernay dans les ann\u00e9es 1950-1970. Place de Verdun &#8211; La fontaine dans sa position originelle Rue&#8230;<\/p>\n","protected":false},"author":1,"featured_media":0,"parent":93,"menu_order":15,"comment_status":"closed","ping_status":"closed","template":"","meta":{"footnotes":""},"class_list":["post-2950","page","type-page","status-publish","hentry"],"_links":{"self":[{"href":"https:\/\/yavaitcachezmeme.fr\/index.php\/wp-json\/wp\/v2\/pages\/2950","targetHints":{"allow":["GET"]}}],"collection":[{"href":"https:\/\/yavaitcachezmeme.fr\/index.php\/wp-json\/wp\/v2\/pages"}],"about":[{"href":"https:\/\/yavaitcachezmeme.fr\/index.php\/wp-json\/wp\/v2\/types\/page"}],"author":[{"embeddable":true,"href":"https:\/\/yavaitcachezmeme.fr\/index.php\/wp-json\/wp\/v2\/users\/1"}],"replies":[{"embeddable":true,"href":"https:\/\/yavaitcachezmeme.fr\/index.php\/wp-json\/wp\/v2\/comments?post=2950"}],"version-history":[{"count":47,"href":"https:\/\/yavaitcachezmeme.fr\/index.php\/wp-json\/wp\/v2\/pages\/2950\/revisions"}],"predecessor-version":[{"id":13240,"href":"https:\/\/yavaitcachezmeme.fr\/index.php\/wp-json\/wp\/v2\/pages\/2950\/revisions\/13240"}],"up":[{"embeddable":true,"href":"https:\/\/yavaitcachezmeme.fr\/index.php\/wp-json\/wp\/v2\/pages\/93"}],"wp:attachment":[{"href":"https:\/\/yavaitcachezmeme.fr\/index.php\/wp-json\/wp\/v2\/media?parent=2950"}],"curies":[{"name":"wp","href":"https:\/\/api.w.org\/{rel}","templated":true}]}}