{"id":2993,"date":"2017-11-08T20:11:52","date_gmt":"2017-11-08T19:11:52","guid":{"rendered":"http:\/\/yavaitcachezmeme.fr\/?page_id=2993"},"modified":"2025-04-25T06:24:15","modified_gmt":"2025-04-25T05:24:15","slug":"rue-militaire","status":"publish","type":"page","link":"https:\/\/yavaitcachezmeme.fr\/index.php\/bernay-rues-places\/rue-militaire\/","title":{"rendered":"Rue Militaire"},"content":{"rendered":"<div style=\"font-size: 120%; font-family: georgia;\">\n<p style=\"text-align: justify;\">La <span style=\"color: #ff6600;\"><strong>rue Militaire<\/strong><\/span> de la rue Jean-Marie Salnelle \u00e0 la rue des Poilus. C&rsquo;\u00e9tait l&rsquo;acc\u00e8s \u00e0 la caserne Turreau. Cette derni\u00e8re a \u00e9t\u00e9 d\u00e9truite pour la majeure parie des b\u00e2timents en 1987. C&rsquo;est aujourd&rsquo;hui une r\u00e9sidence pour personnes \u00e2g\u00e9es et un parking.<\/p>\n<p style=\"text-align: center;\"><span style=\"color: #ff6600;\"><strong>~o~<\/strong><\/span><\/p>\n<p><img loading=\"lazy\" decoding=\"async\" class=\"aligncenter wp-image-2977\" src=\"http:\/\/yavaitcachezmeme.fr\/wp-content\/uploads\/2017\/11\/BERNAY_H_0165.jpg\" alt=\"\" width=\"820\" height=\"529\" srcset=\"https:\/\/yavaitcachezmeme.fr\/wp-content\/uploads\/2017\/11\/BERNAY_H_0165.jpg 816w, https:\/\/yavaitcachezmeme.fr\/wp-content\/uploads\/2017\/11\/BERNAY_H_0165-600x387.jpg 600w\" sizes=\"auto, (max-width: 820px) 100vw, 820px\" \/><\/p>\n<p style=\"text-align: center;\">Rue Militaire (2) &#8211; Le poste de garde de la caserne Turreau<\/p>\n<p><img loading=\"lazy\" decoding=\"async\" class=\"aligncenter wp-image-2978\" src=\"http:\/\/yavaitcachezmeme.fr\/wp-content\/uploads\/2017\/11\/BERNAY_H_0166.jpg\" alt=\"\" width=\"820\" height=\"532\" srcset=\"https:\/\/yavaitcachezmeme.fr\/wp-content\/uploads\/2017\/11\/BERNAY_H_0166.jpg 800w, https:\/\/yavaitcachezmeme.fr\/wp-content\/uploads\/2017\/11\/BERNAY_H_0166-600x389.jpg 600w\" sizes=\"auto, (max-width: 820px) 100vw, 820px\" \/><\/p>\n<p style=\"text-align: center;\">Rue Militaire (2) &#8211; Un planton fatigu\u00e9<\/p>\n<p><img loading=\"lazy\" decoding=\"async\" class=\"aligncenter wp-image-2979\" src=\"http:\/\/yavaitcachezmeme.fr\/wp-content\/uploads\/2017\/11\/BERNAY_H_0167.jpg\" alt=\"\" width=\"820\" height=\"529\" srcset=\"https:\/\/yavaitcachezmeme.fr\/wp-content\/uploads\/2017\/11\/BERNAY_H_0167.jpg 808w, https:\/\/yavaitcachezmeme.fr\/wp-content\/uploads\/2017\/11\/BERNAY_H_0167-600x387.jpg 600w\" sizes=\"auto, (max-width: 820px) 100vw, 820px\" \/><\/p>\n<p style=\"text-align: center;\">Rue Militaire (2) &#8211; Les bouchers en livraison<\/p>\n<p><img loading=\"lazy\" decoding=\"async\" class=\"aligncenter wp-image-2980\" src=\"http:\/\/yavaitcachezmeme.fr\/wp-content\/uploads\/2017\/11\/BERNAY_H_0168.jpg\" alt=\"\" width=\"820\" height=\"534\" srcset=\"https:\/\/yavaitcachezmeme.fr\/wp-content\/uploads\/2017\/11\/BERNAY_H_0168.jpg 819w, https:\/\/yavaitcachezmeme.fr\/wp-content\/uploads\/2017\/11\/BERNAY_H_0168-600x390.jpg 600w\" sizes=\"auto, (max-width: 820px) 100vw, 820px\" \/><\/p>\n<p style=\"text-align: center;\">Rue Militaire (2) &#8211; La caserne d&rsquo;infanterie du 24\u00e8me<\/p>\n<p><img loading=\"lazy\" decoding=\"async\" class=\"aligncenter wp-image-2981\" src=\"http:\/\/yavaitcachezmeme.fr\/wp-content\/uploads\/2017\/11\/BERNAY_H_0169.jpg\" alt=\"\" width=\"820\" height=\"522\" srcset=\"https:\/\/yavaitcachezmeme.fr\/wp-content\/uploads\/2017\/11\/BERNAY_H_0169.jpg 827w, https:\/\/yavaitcachezmeme.fr\/wp-content\/uploads\/2017\/11\/BERNAY_H_0169-600x382.jpg 600w\" sizes=\"auto, (max-width: 820px) 100vw, 820px\" \/><\/p>\n<p style=\"text-align: center;\">Rue Militaire (2) &#8211; C&rsquo;\u00e9tait la gendarmerie apr\u00e8s la seconde guerre mondiale<\/p>\n<p><img loading=\"lazy\" decoding=\"async\" class=\"aligncenter wp-image-2982\" src=\"http:\/\/yavaitcachezmeme.fr\/wp-content\/uploads\/2017\/11\/BERNAY_H_0170.jpg\" alt=\"\" width=\"820\" height=\"526\" srcset=\"https:\/\/yavaitcachezmeme.fr\/wp-content\/uploads\/2017\/11\/BERNAY_H_0170.jpg 824w, https:\/\/yavaitcachezmeme.fr\/wp-content\/uploads\/2017\/11\/BERNAY_H_0170-600x385.jpg 600w\" sizes=\"auto, (max-width: 820px) 100vw, 820px\" \/><\/p>\n<p style=\"text-align: center;\">Rue Militaire (2) &#8211; En attendant la permission<\/p>\n<p><img loading=\"lazy\" decoding=\"async\" class=\"aligncenter wp-image-2983\" src=\"http:\/\/yavaitcachezmeme.fr\/wp-content\/uploads\/2017\/11\/BERNAY_H_0171.jpg\" alt=\"\" width=\"820\" height=\"525\" srcset=\"https:\/\/yavaitcachezmeme.fr\/wp-content\/uploads\/2017\/11\/BERNAY_H_0171.jpg 798w, https:\/\/yavaitcachezmeme.fr\/wp-content\/uploads\/2017\/11\/BERNAY_H_0171-600x384.jpg 600w\" sizes=\"auto, (max-width: 820px) 100vw, 820px\" \/><\/p>\n<p style=\"text-align: center;\">Rue Militaire (2) &#8211; Rassemblement pour la photo<\/p>\n<p><img loading=\"lazy\" decoding=\"async\" class=\"aligncenter wp-image-2984\" src=\"http:\/\/yavaitcachezmeme.fr\/wp-content\/uploads\/2017\/11\/BERNAY_H_0673.jpg\" alt=\"\" width=\"820\" height=\"538\" srcset=\"https:\/\/yavaitcachezmeme.fr\/wp-content\/uploads\/2017\/11\/BERNAY_H_0673.jpg 810w, https:\/\/yavaitcachezmeme.fr\/wp-content\/uploads\/2017\/11\/BERNAY_H_0673-600x393.jpg 600w\" sizes=\"auto, (max-width: 820px) 100vw, 820px\" \/><\/p>\n<p style=\"text-align: center;\">Rue Militaire (2) &#8211; L&rsquo;estafette et son v\u00e9lo<\/p>\n<p><img loading=\"lazy\" decoding=\"async\" class=\"aligncenter wp-image-2985\" src=\"http:\/\/yavaitcachezmeme.fr\/wp-content\/uploads\/2017\/11\/BERNAY_H_0696.jpg\" alt=\"\" width=\"820\" height=\"536\" srcset=\"https:\/\/yavaitcachezmeme.fr\/wp-content\/uploads\/2017\/11\/BERNAY_H_0696.jpg 816w, https:\/\/yavaitcachezmeme.fr\/wp-content\/uploads\/2017\/11\/BERNAY_H_0696-600x392.jpg 600w\" sizes=\"auto, (max-width: 820px) 100vw, 820px\" \/><\/p>\n<p style=\"text-align: center;\">Rue Militaire (2) &#8211; En tenue d&rsquo;apparat et de travail<\/p>\n<p><img loading=\"lazy\" decoding=\"async\" class=\"aligncenter wp-image-2974\" src=\"http:\/\/yavaitcachezmeme.fr\/wp-content\/uploads\/2017\/11\/BERNAY_H_0161.jpg\" alt=\"\" width=\"820\" height=\"527\" srcset=\"https:\/\/yavaitcachezmeme.fr\/wp-content\/uploads\/2017\/11\/BERNAY_H_0161.jpg 824w, https:\/\/yavaitcachezmeme.fr\/wp-content\/uploads\/2017\/11\/BERNAY_H_0161-600x386.jpg 600w\" sizes=\"auto, (max-width: 820px) 100vw, 820px\" \/><\/p>\n<p style=\"text-align: center;\">Rue Militaire (3) &#8211; Au planteur de Ca\u00efffa &#8211; C&rsquo;est aujourd&rsquo;hui une maison d&rsquo;habitation<\/p>\n<p><img loading=\"lazy\" decoding=\"async\" class=\"aligncenter wp-image-2975\" src=\"http:\/\/yavaitcachezmeme.fr\/wp-content\/uploads\/2017\/11\/BERNAY_H_0162.jpg\" alt=\"\" width=\"820\" height=\"526\" srcset=\"https:\/\/yavaitcachezmeme.fr\/wp-content\/uploads\/2017\/11\/BERNAY_H_0162.jpg 815w, https:\/\/yavaitcachezmeme.fr\/wp-content\/uploads\/2017\/11\/BERNAY_H_0162-600x385.jpg 600w\" sizes=\"auto, (max-width: 820px) 100vw, 820px\" \/><\/p>\n<p style=\"text-align: center;\">Rue Militaire (3) &#8211; Caf\u00e9 E. VICTOR &#8211; Le tambour est de sortie<\/p>\n<p><img loading=\"lazy\" decoding=\"async\" class=\"aligncenter wp-image-2976\" src=\"http:\/\/yavaitcachezmeme.fr\/wp-content\/uploads\/2017\/11\/BERNAY_H_0163.jpg\" alt=\"\" width=\"820\" height=\"511\" srcset=\"https:\/\/yavaitcachezmeme.fr\/wp-content\/uploads\/2017\/11\/BERNAY_H_0163.jpg 833w, https:\/\/yavaitcachezmeme.fr\/wp-content\/uploads\/2017\/11\/BERNAY_H_0163-600x374.jpg 600w\" sizes=\"auto, (max-width: 820px) 100vw, 820px\" \/><\/p>\n<p style=\"text-align: center;\">Rue Militaire (3) &#8211; Caf\u00e9 E. VICTOR plut\u00f4t fr\u00e9quent\u00e9 par la troupe<\/p>\n<p style=\"text-align: center;\"><span style=\"color: #ff6600;\"><strong>~o~<\/strong><\/span><\/p>\n<p style=\"text-align: justify;\"><span style=\"color: #ff6600;\"><strong>Les chauss\u00e9es de Bernay <\/strong><\/span>\u00e0 visiter en cliquant sur les liens suivants :<\/p>\n<p style=\"text-align: justify;\">Les avenues et boulevards : <strong><a href=\"https:\/\/yavaitcachezmeme.fr\/index.php\/bernay-rues-places\/avenue-lottin-de-laval\/\">Avenue Lottin de Laval<\/a> &#8211; <a href=\"https:\/\/yavaitcachezmeme.fr\/index.php\/bernay-rues-places\/boulevard-du-bas-bouffey\/\">Boulevard du Bas-Bouffey<\/a> &#8211; <a href=\"http:\/\/yavaitcachezmeme.fr\/index.php\/bernay-rues-places\/boulevard-dubus\/\">Boulevard Dubus<\/a>\u00a0 &#8211;\u00a0 <a href=\"http:\/\/yavaitcachezmeme.fr\/index.php\/bernay-rues-places\/boulevard-des-monts\/\">Boulevard des Monts<\/a><\/strong><\/p>\n<p style=\"text-align: justify;\">Les places : <strong><a href=\"http:\/\/yavaitcachezmeme.fr\/index.php\/bernay-rues-places\/place-dupont-de-leure\/\">Place Dupont de l&rsquo;Eure<\/a>\u00a0 &#8211; \u00a0<a href=\"http:\/\/yavaitcachezmeme.fr\/index.php\/bernay-rues-places\/place-guillaume-de-volpiano\/\">Place Guillaume de Volpiano<\/a>\u00a0 &#8211; \u00a0<a href=\"http:\/\/yavaitcachezmeme.fr\/index.php\/bernay-rues-places\/place-gustave-heon\/\">Place Gustave H\u00e9on<\/a>\u00a0 &#8211; \u00a0<a href=\"http:\/\/yavaitcachezmeme.fr\/index.php\/bernay-rues-places\/place-de-la-republique\/\">Place de La R\u00e9publique<\/a>\u00a0 &#8211; \u00a0<a href=\"http:\/\/yavaitcachezmeme.fr\/index.php\/bernay-rues-places\/place-sainte-croix\/\">Place Sainte-Croix<\/a>\u00a0 &#8211; \u00a0<a href=\"http:\/\/yavaitcachezmeme.fr\/index.php\/bernay-rues-places\/place-de-verdun\/\">Place de Verdun<\/a><\/strong><\/p>\n<p style=\"text-align: justify;\">Les rues : <strong><a href=\"https:\/\/yavaitcachezmeme.fr\/index.php\/bernay-rues-places\/rue-albert-parissot\/\">Rue Albert Parissot<\/a> &#8211;<\/strong> <strong><a href=\"http:\/\/yavaitcachezmeme.fr\/index.php\/bernay-rues-places\/3351-2\/\">Rue Alexandre<\/a>\u00a0 &#8211; \u00a0<a href=\"http:\/\/yavaitcachezmeme.fr\/index.php\/bernay-rues-places\/rue-auguste-le-prevost\/\">Rue Auguste Le Pr\u00e9vost<\/a>\u00a0 &#8211; \u00a0<a href=\"http:\/\/yavaitcachezmeme.fr\/index.php\/bernay-rues-places\/rue-bernard-gombert\/\">Rue Bernard Gombert<\/a>\u00a0 &#8211; \u00a0<a href=\"http:\/\/yavaitcachezmeme.fr\/index.php\/bernay-rues-places\/rue-de-la-charentonne\/\">Rue de La Charentonne<\/a>\u00a0 &#8211; \u00a0<a href=\"http:\/\/yavaitcachezmeme.fr\/index.php\/bernay-rues-places\/rue-gabriel-vallee\/\">Rue Gabriel Vall\u00e9e<\/a>\u00a0 &#8211; \u00a0<a href=\"http:\/\/yavaitcachezmeme.fr\/index.php\/bernay-rues-places\/rue-g-folloppe\/\">Rue Gaston Folloppe<\/a>\u00a0 &#8211; \u00a0<a href=\"http:\/\/yavaitcachezmeme.fr\/index.php\/bernay-rues-places\/rue-g-de-gaulle\/\">Rue du G\u00e9n\u00e9ral de Gaulle<\/a>\u00a0 &#8211; \u00a0<a href=\"http:\/\/yavaitcachezmeme.fr\/index.php\/bernay-rues-places\/rue-du-general-leclerc\/\">Rue du G\u00e9n\u00e9ral Leclerc<\/a>\u00a0 &#8211; \u00a0<a href=\"http:\/\/yavaitcachezmeme.fr\/index.php\/bernay-rues-places\/rue-jacques-daviel\/\">Rue Jacques Daviel<\/a>\u00a0 &#8211; \u00a0<a href=\"http:\/\/yavaitcachezmeme.fr\/index.php\/bernay-rues-places\/rue-de-lisieux\/\">Rue de Lisieux<\/a>\u00a0 &#8211; \u00a0<a href=\"http:\/\/yavaitcachezmeme.fr\/index.php\/bernay-rues-places\/rue-maurice-lemoing\/\">Rue Maurice Lemoing<\/a>\u00a0 &#8211; \u00a0<a href=\"http:\/\/yavaitcachezmeme.fr\/index.php\/bernay-rues-places\/rue-michel-hubert-descours\/\">Rue Michel-Hubert Descours<\/a>\u00a0 &#8211; \u00a0<a href=\"http:\/\/yavaitcachezmeme.fr\/index.php\/bernay-rues-places\/rue-militaire\/\">Rue Militaire<\/a>\u00a0 &#8211; \u00a0<a href=\"http:\/\/yavaitcachezmeme.fr\/index.php\/bernay-rues-places\/rue-de-morsan\/\">Rue de Morsan<\/a>\u00a0 &#8211; \u00a0<a href=\"http:\/\/yavaitcachezmeme.fr\/index.php\/bernay-rues-places\/rue-de-rouen\/\">Rue de Rouen<\/a>\u00a0 &#8211; \u00a0<a href=\"http:\/\/yavaitcachezmeme.fr\/index.php\/bernay-rues-places\/rue-des-sources\/\">Rue des Sources<\/a>\u00a0 &#8211; <a href=\"https:\/\/yavaitcachezmeme.fr\/index.php\/bernay-rues-places\/rue-de-la-sous-prefecture\/\">Rue de la Sous-Pr\u00e9fecture<\/a> &#8211; <a href=\"http:\/\/yavaitcachezmeme.fr\/index.php\/bernay-rues-places\/rue-thiers\/\">Rue Thiers<\/a>\u00a0 &#8211; \u00a0<a href=\"http:\/\/yavaitcachezmeme.fr\/index.php\/bernay-rues-places\/rue-de-lunion\/\">Rue de l&rsquo;Union<\/a>\u00a0 &#8211; \u00a0<a href=\"http:\/\/yavaitcachezmeme.fr\/index.php\/bernay-rues-places\/victoire-rue-de-la\/\">Rue de La Victoire<\/a><\/strong><\/p>\n<div style=\"font-size: 100%; font-family: georgia;\"><a href=\"https:\/\/yavaitcachezmeme.fr\/\"><img loading=\"lazy\" decoding=\"async\" class=\"aligncenter wp-image-5243\" src=\"https:\/\/yavaitcachezmeme.fr\/wp-content\/uploads\/2024\/11\/Marque-b.png\" alt=\"\" width=\"25\" height=\"43\" \/><\/a><\/div>\n<\/div>\n","protected":false},"excerpt":{"rendered":"<p>La rue Militaire de la rue Jean-Marie Salnelle \u00e0 la rue des Poilus. C&rsquo;\u00e9tait l&rsquo;acc\u00e8s \u00e0 la caserne Turreau. Cette derni\u00e8re a \u00e9t\u00e9&#8230;<\/p>\n","protected":false},"author":1,"featured_media":0,"parent":1068,"menu_order":254,"comment_status":"closed","ping_status":"closed","template":"","meta":{"footnotes":""},"class_list":["post-2993","page","type-page","status-publish","hentry"],"_links":{"self":[{"href":"https:\/\/yavaitcachezmeme.fr\/index.php\/wp-json\/wp\/v2\/pages\/2993","targetHints":{"allow":["GET"]}}],"collection":[{"href":"https:\/\/yavaitcachezmeme.fr\/index.php\/wp-json\/wp\/v2\/pages"}],"about":[{"href":"https:\/\/yavaitcachezmeme.fr\/index.php\/wp-json\/wp\/v2\/types\/page"}],"author":[{"embeddable":true,"href":"https:\/\/yavaitcachezmeme.fr\/index.php\/wp-json\/wp\/v2\/users\/1"}],"replies":[{"embeddable":true,"href":"https:\/\/yavaitcachezmeme.fr\/index.php\/wp-json\/wp\/v2\/comments?post=2993"}],"version-history":[{"count":24,"href":"https:\/\/yavaitcachezmeme.fr\/index.php\/wp-json\/wp\/v2\/pages\/2993\/revisions"}],"predecessor-version":[{"id":12935,"href":"https:\/\/yavaitcachezmeme.fr\/index.php\/wp-json\/wp\/v2\/pages\/2993\/revisions\/12935"}],"up":[{"embeddable":true,"href":"https:\/\/yavaitcachezmeme.fr\/index.php\/wp-json\/wp\/v2\/pages\/1068"}],"wp:attachment":[{"href":"https:\/\/yavaitcachezmeme.fr\/index.php\/wp-json\/wp\/v2\/media?parent=2993"}],"curies":[{"name":"wp","href":"https:\/\/api.w.org\/{rel}","templated":true}]}}