{"id":313,"date":"2016-01-27T23:00:45","date_gmt":"2016-01-27T22:00:45","guid":{"rendered":"http:\/\/yavaitcachezmeme.fr\/?page_id=313"},"modified":"2025-07-20T09:52:44","modified_gmt":"2025-07-20T08:52:44","slug":"st-leger-de-rostes","status":"publish","type":"page","link":"https:\/\/yavaitcachezmeme.fr\/index.php\/autour-de-bernay\/st-leger-de-rostes\/","title":{"rendered":"St-L\u00e9ger-de-Rostes"},"content":{"rendered":"<div style=\"font-size: 120%; font-family: georgia;\">\n<p style=\"text-align: justify;\">Situ\u00e9e au Nord-Est de Bernay, <span style=\"color: #ff6600;\"><strong>Saint-L\u00e9ger-de-R\u00f4tes<\/strong><\/span> recense 403 habitants en 2013 contre 325 en 1913. Les anciennes paroisses de St-L\u00e9ger-du-Boscdel et de R\u00f4tes (ou Rostes) ont fusionn\u00e9es en 1486 pour former Saint-L\u00e9ger-de-Rostes. Vous trouverez le ch\u00e2teau de St-L\u00e9ger dans le village.<\/p>\n<p style=\"text-align: center;\"><span style=\"color: #ff6600;\"><strong>~o~<\/strong><\/span><\/p>\n<p><img loading=\"lazy\" decoding=\"async\" class=\"aligncenter wp-image-795\" src=\"https:\/\/yavaitcachezmeme.fr\/wp-content\/uploads\/2016\/02\/ST-LEGER-DE-ROTES_V_001.jpg\" alt=\"\" width=\"475\" height=\"735\" srcset=\"https:\/\/yavaitcachezmeme.fr\/wp-content\/uploads\/2016\/02\/ST-LEGER-DE-ROTES_V_001.jpg 529w, https:\/\/yavaitcachezmeme.fr\/wp-content\/uploads\/2016\/02\/ST-LEGER-DE-ROTES_V_001-388x600.jpg 388w\" sizes=\"auto, (max-width: 475px) 100vw, 475px\" \/><\/p>\n<p style=\"text-align: center;\">L&rsquo;\u00e9glise de Saint-L\u00e9ger<\/p>\n<p><a href=\"https:\/\/www.google.fr\/maps\/@49.110089,0.6476923,3a,75y,129.72h,98.36t\/data=!3m6!1e1!3m4!1s2XXzS6FYKVF1iaJrkrvcdQ!2e0!7i16384!8i8192\" target=\"_blank\" rel=\"noopener\"><img loading=\"lazy\" decoding=\"async\" class=\"wp-image-12987 aligncenter\" src=\"https:\/\/yavaitcachezmeme.fr\/wp-content\/uploads\/2025\/05\/Point.png\" alt=\"\" width=\"21\" height=\"30\" \/><\/a><\/p>\n<p><img loading=\"lazy\" decoding=\"async\" class=\"aligncenter wp-image-12584\" src=\"https:\/\/yavaitcachezmeme.fr\/wp-content\/uploads\/2024\/12\/ST-LEGER-DE-ROTES_P-V_002-411x600.jpg\" alt=\"\" width=\"475\" height=\"694\" srcset=\"https:\/\/yavaitcachezmeme.fr\/wp-content\/uploads\/2024\/12\/ST-LEGER-DE-ROTES_P-V_002-411x600.jpg 411w, https:\/\/yavaitcachezmeme.fr\/wp-content\/uploads\/2024\/12\/ST-LEGER-DE-ROTES_P-V_002-701x1024.jpg 701w, https:\/\/yavaitcachezmeme.fr\/wp-content\/uploads\/2024\/12\/ST-LEGER-DE-ROTES_P-V_002.jpg 970w\" sizes=\"auto, (max-width: 475px) 100vw, 475px\" \/><\/p>\n<p style=\"text-align: center;\">L&rsquo;\u00e9glise de Saint-L\u00e9ger &#8211; Vers 1930<br \/>\nPhoto attribu\u00e9e \u00e0 Georges WALTER<\/p>\n<p><img loading=\"lazy\" decoding=\"async\" class=\"aligncenter wp-image-790\" src=\"https:\/\/yavaitcachezmeme.fr\/wp-content\/uploads\/2016\/02\/ST-LEGER-DE-ROTES_H_001.jpg\" alt=\"\" width=\"820\" height=\"526\" srcset=\"https:\/\/yavaitcachezmeme.fr\/wp-content\/uploads\/2016\/02\/ST-LEGER-DE-ROTES_H_001.jpg 826w, https:\/\/yavaitcachezmeme.fr\/wp-content\/uploads\/2016\/02\/ST-LEGER-DE-ROTES_H_001-600x385.jpg 600w\" sizes=\"auto, (max-width: 820px) 100vw, 820px\" \/><\/p>\n<p style=\"text-align: center;\">Le ch\u00e2teau de St-L\u00e9ger (fa\u00e7ade Nord)<\/p>\n<p><a href=\"https:\/\/www.google.fr\/maps\/@49.1097524,0.6446597,3a,90y,176.83h,66.5t\/data=!3m7!1e1!3m5!1slq8Bdg0sicbq0E3V1dZ7jA!2e0!6shttps:%2F%2Fstreetviewpixels-pa.googleapis.com%2Fv1%2Fthumbnail%3Fcb_client%3Dmaps_sv.tactile%26w%3D900%26h%3D600%26pitch%3D23.504611067978985%26panoid%3Dlq8Bdg0sicbq0E3V1dZ7jA%26yaw%3D176.8268270889118!7i16384!8i8192?entry=ttu&amp;g_ep=EgoyMDI1MDcxNi4wIKXMDSoASAFQAw%3D%3D\" target=\"_blank\" rel=\"noopener\"><img loading=\"lazy\" decoding=\"async\" class=\"aligncenter wp-image-12987\" src=\"https:\/\/yavaitcachezmeme.fr\/wp-content\/uploads\/2025\/05\/Point.png\" alt=\"\" width=\"21\" height=\"30\" \/><\/a><\/p>\n<p><img loading=\"lazy\" decoding=\"async\" class=\"aligncenter wp-image-791\" src=\"https:\/\/yavaitcachezmeme.fr\/wp-content\/uploads\/2016\/02\/ST-LEGER-DE-ROTES_H_002.jpg\" alt=\"\" width=\"820\" height=\"533\" srcset=\"https:\/\/yavaitcachezmeme.fr\/wp-content\/uploads\/2016\/02\/ST-LEGER-DE-ROTES_H_002.jpg 804w, https:\/\/yavaitcachezmeme.fr\/wp-content\/uploads\/2016\/02\/ST-LEGER-DE-ROTES_H_002-600x390.jpg 600w\" sizes=\"auto, (max-width: 820px) 100vw, 820px\" \/><\/p>\n<p style=\"text-align: center;\">Le ch\u00e2teau de St-L\u00e9ger (fa\u00e7ade Nord)<\/p>\n<p style=\"text-align: center;\"><img loading=\"lazy\" decoding=\"async\" class=\"aligncenter wp-image-792\" src=\"https:\/\/yavaitcachezmeme.fr\/wp-content\/uploads\/2016\/02\/ST-LEGER-DE-ROTES_H_003.jpg\" alt=\"\" width=\"820\" height=\"518\" srcset=\"https:\/\/yavaitcachezmeme.fr\/wp-content\/uploads\/2016\/02\/ST-LEGER-DE-ROTES_H_003.jpg 833w, https:\/\/yavaitcachezmeme.fr\/wp-content\/uploads\/2016\/02\/ST-LEGER-DE-ROTES_H_003-600x379.jpg 600w\" sizes=\"auto, (max-width: 820px) 100vw, 820px\" \/><\/p>\n<p style=\"text-align: center;\">Le ch\u00e2teau de St-L\u00e9ger (fa\u00e7ade Nord)<\/p>\n<p><img loading=\"lazy\" decoding=\"async\" class=\"aligncenter wp-image-793\" src=\"https:\/\/yavaitcachezmeme.fr\/wp-content\/uploads\/2016\/02\/ST-LEGER-DE-ROTES_H_004.jpg\" alt=\"\" width=\"820\" height=\"525\" srcset=\"https:\/\/yavaitcachezmeme.fr\/wp-content\/uploads\/2016\/02\/ST-LEGER-DE-ROTES_H_004.jpg 817w, https:\/\/yavaitcachezmeme.fr\/wp-content\/uploads\/2016\/02\/ST-LEGER-DE-ROTES_H_004-600x384.jpg 600w\" sizes=\"auto, (max-width: 820px) 100vw, 820px\" \/><\/p>\n<p style=\"text-align: center;\">Le ch\u00e2teau de St-L\u00e9ger (fa\u00e7ade Sud)<\/p>\n<p><img loading=\"lazy\" decoding=\"async\" class=\"aligncenter wp-image-794\" src=\"https:\/\/yavaitcachezmeme.fr\/wp-content\/uploads\/2016\/02\/ST-LEGER-DE-ROTES_H_005.jpg\" alt=\"\" width=\"820\" height=\"529\" srcset=\"https:\/\/yavaitcachezmeme.fr\/wp-content\/uploads\/2016\/02\/ST-LEGER-DE-ROTES_H_005.jpg 803w, https:\/\/yavaitcachezmeme.fr\/wp-content\/uploads\/2016\/02\/ST-LEGER-DE-ROTES_H_005-600x387.jpg 600w\" sizes=\"auto, (max-width: 820px) 100vw, 820px\" \/><\/p>\n<p style=\"text-align: center;\">La maison du Robinson dans le parc du Ch\u00e2teau<\/p>\n<p style=\"text-align: center;\"><img loading=\"lazy\" decoding=\"async\" class=\"aligncenter wp-image-1781\" src=\"https:\/\/yavaitcachezmeme.fr\/wp-content\/uploads\/2016\/03\/ST-LEGER-DE-ROTES_H_006.jpg\" alt=\"\" width=\"820\" height=\"512\" srcset=\"https:\/\/yavaitcachezmeme.fr\/wp-content\/uploads\/2016\/03\/ST-LEGER-DE-ROTES_H_006.jpg 804w, https:\/\/yavaitcachezmeme.fr\/wp-content\/uploads\/2016\/03\/ST-LEGER-DE-ROTES_H_006-600x375.jpg 600w\" sizes=\"auto, (max-width: 820px) 100vw, 820px\" \/><\/p>\n<p style=\"text-align: center;\">La maison roulante<\/p>\n<p><img loading=\"lazy\" decoding=\"async\" class=\"aligncenter wp-image-798\" src=\"https:\/\/yavaitcachezmeme.fr\/wp-content\/uploads\/2016\/02\/ST-LEGER-DE-ROTES_V_004.jpg\" alt=\"\" width=\"475\" height=\"740\" srcset=\"https:\/\/yavaitcachezmeme.fr\/wp-content\/uploads\/2016\/02\/ST-LEGER-DE-ROTES_V_004.jpg 520w, https:\/\/yavaitcachezmeme.fr\/wp-content\/uploads\/2016\/02\/ST-LEGER-DE-ROTES_V_004-385x600.jpg 385w\" sizes=\"auto, (max-width: 475px) 100vw, 475px\" \/><\/p>\n<p style=\"text-align: center;\">Bois de Robinson &#8211; All\u00e9e de la vierge<\/p>\n<p style=\"text-align: center;\"><span style=\"color: #ff6600; font-size: 100%;\"><strong>~o~<\/strong><\/span><\/p>\n<p style=\"text-align: justify;\">L&rsquo;<span style=\"color: #ff6600;\"><strong>arbre de Robinson<\/strong><\/span> : Le h\u00eatre, l&rsquo;escalier et la galerie pr\u00e9sent\u00e9s ci-dessous, ont aujourd&rsquo;hui disparu.<br \/>\nCet am\u00e9nagement situ\u00e9 dans le parc du ch\u00e2teau de Saint-L\u00e9ger, s&rsquo;inspire des guinguettes du Plessis-Robinson (Hauts de Seine).<br \/>\nDeux vues de la guinguette du \u00ab\u00a0Vrai Arbre\u00a0\u00bb sont \u00e0 retrouver en bas de page.<\/p>\n<p><img loading=\"lazy\" decoding=\"async\" class=\"aligncenter wp-image-796\" src=\"https:\/\/yavaitcachezmeme.fr\/wp-content\/uploads\/2016\/02\/ST-LEGER-DE-ROTES_V_002.jpg\" alt=\"\" width=\"475\" height=\"766\" srcset=\"https:\/\/yavaitcachezmeme.fr\/wp-content\/uploads\/2016\/02\/ST-LEGER-DE-ROTES_V_002.jpg 513w, https:\/\/yavaitcachezmeme.fr\/wp-content\/uploads\/2016\/02\/ST-LEGER-DE-ROTES_V_002-372x600.jpg 372w\" sizes=\"auto, (max-width: 475px) 100vw, 475px\" \/><\/p>\n<p style=\"text-align: center;\">L&rsquo;arbre de Robinson<\/p>\n<p><img loading=\"lazy\" decoding=\"async\" class=\"aligncenter wp-image-797\" src=\"https:\/\/yavaitcachezmeme.fr\/wp-content\/uploads\/2016\/02\/ST-LEGER-DE-ROTES_V_003.jpg\" alt=\"\" width=\"475\" height=\"765\" srcset=\"https:\/\/yavaitcachezmeme.fr\/wp-content\/uploads\/2016\/02\/ST-LEGER-DE-ROTES_V_003.jpg 511w, https:\/\/yavaitcachezmeme.fr\/wp-content\/uploads\/2016\/02\/ST-LEGER-DE-ROTES_V_003-373x600.jpg 373w\" sizes=\"auto, (max-width: 475px) 100vw, 475px\" \/><\/p>\n<p style=\"text-align: center;\">Robinson de Saint-L\u00e9ger<\/p>\n<p><img loading=\"lazy\" decoding=\"async\" class=\"aligncenter wp-image-799\" src=\"https:\/\/yavaitcachezmeme.fr\/wp-content\/uploads\/2016\/02\/ST-LEGER-DE-ROTES_V_005.jpg\" alt=\"\" width=\"475\" height=\"743\" srcset=\"https:\/\/yavaitcachezmeme.fr\/wp-content\/uploads\/2016\/02\/ST-LEGER-DE-ROTES_V_005.jpg 517w, https:\/\/yavaitcachezmeme.fr\/wp-content\/uploads\/2016\/02\/ST-LEGER-DE-ROTES_V_005-383x600.jpg 383w\" sizes=\"auto, (max-width: 475px) 100vw, 475px\" \/><\/p>\n<p style=\"text-align: center;\">L&rsquo;arbre de Robinson<\/p>\n<p><img loading=\"lazy\" decoding=\"async\" class=\"aligncenter wp-image-800\" src=\"https:\/\/yavaitcachezmeme.fr\/wp-content\/uploads\/2016\/02\/ST-LEGER-DE-ROTES-V_006.jpg\" alt=\"\" width=\"475\" height=\"747\" srcset=\"https:\/\/yavaitcachezmeme.fr\/wp-content\/uploads\/2016\/02\/ST-LEGER-DE-ROTES-V_006.jpg 522w, https:\/\/yavaitcachezmeme.fr\/wp-content\/uploads\/2016\/02\/ST-LEGER-DE-ROTES-V_006-381x600.jpg 381w\" sizes=\"auto, (max-width: 475px) 100vw, 475px\" \/><\/p>\n<p style=\"text-align: center;\">Le Robinson de Saint-L\u00e9ger<\/p>\n<p><img loading=\"lazy\" decoding=\"async\" class=\"aligncenter wp-image-12254\" src=\"https:\/\/yavaitcachezmeme.fr\/wp-content\/uploads\/2024\/10\/ST-LEGER-DE-ROTES_V_008-380x600.jpg\" alt=\"\" width=\"475\" height=\"750\" srcset=\"https:\/\/yavaitcachezmeme.fr\/wp-content\/uploads\/2024\/10\/ST-LEGER-DE-ROTES_V_008-380x600.jpg 380w, https:\/\/yavaitcachezmeme.fr\/wp-content\/uploads\/2024\/10\/ST-LEGER-DE-ROTES_V_008-648x1024.jpg 648w, https:\/\/yavaitcachezmeme.fr\/wp-content\/uploads\/2024\/10\/ST-LEGER-DE-ROTES_V_008-973x1536.jpg 973w, https:\/\/yavaitcachezmeme.fr\/wp-content\/uploads\/2024\/10\/ST-LEGER-DE-ROTES_V_008.jpg 1036w\" sizes=\"auto, (max-width: 475px) 100vw, 475px\" \/><\/p>\n<p style=\"text-align: center;\">Robinson de Saint-L\u00e9ger<\/p>\n<p><img loading=\"lazy\" decoding=\"async\" class=\"aligncenter wp-image-1568 size-full\" src=\"https:\/\/yavaitcachezmeme.fr\/wp-content\/uploads\/2016\/03\/ST-LEGER-DE-ROTES_PHOTO_001.jpg\" alt=\"\" width=\"538\" height=\"800\" srcset=\"https:\/\/yavaitcachezmeme.fr\/wp-content\/uploads\/2016\/03\/ST-LEGER-DE-ROTES_PHOTO_001.jpg 538w, https:\/\/yavaitcachezmeme.fr\/wp-content\/uploads\/2016\/03\/ST-LEGER-DE-ROTES_PHOTO_001-404x600.jpg 404w\" sizes=\"auto, (max-width: 538px) 100vw, 538px\" \/><\/p>\n<p style=\"text-align: center;\">Le Robinson de Saint-L\u00e9ger<\/p>\n<p><img loading=\"lazy\" decoding=\"async\" class=\"aligncenter wp-image-12241\" src=\"https:\/\/yavaitcachezmeme.fr\/wp-content\/uploads\/2024\/10\/PLESSIS-ROBINSON_V_001-384x600.jpg\" alt=\"\" width=\"475\" height=\"742\" srcset=\"https:\/\/yavaitcachezmeme.fr\/wp-content\/uploads\/2024\/10\/PLESSIS-ROBINSON_V_001-384x600.jpg 384w, https:\/\/yavaitcachezmeme.fr\/wp-content\/uploads\/2024\/10\/PLESSIS-ROBINSON_V_001-656x1024.jpg 656w, https:\/\/yavaitcachezmeme.fr\/wp-content\/uploads\/2024\/10\/PLESSIS-ROBINSON_V_001-983x1536.jpg 983w, https:\/\/yavaitcachezmeme.fr\/wp-content\/uploads\/2024\/10\/PLESSIS-ROBINSON_V_001.jpg 1032w\" sizes=\"auto, (max-width: 475px) 100vw, 475px\" \/><\/p>\n<p style=\"text-align: center;\">Le ch\u00e2taigner et les cabanes du<br \/>\n\u00ab\u00a0Vrai Arbre\u00a0\u00bb au Plessis-Robinson (92)<\/p>\n<p><img loading=\"lazy\" decoding=\"async\" class=\"aligncenter wp-image-12240\" src=\"https:\/\/yavaitcachezmeme.fr\/wp-content\/uploads\/2024\/10\/PLESSIS-ROBINSON_H_001-600x380.jpg\" alt=\"\" width=\"820\" height=\"519\" srcset=\"https:\/\/yavaitcachezmeme.fr\/wp-content\/uploads\/2024\/10\/PLESSIS-ROBINSON_H_001-600x380.jpg 600w, https:\/\/yavaitcachezmeme.fr\/wp-content\/uploads\/2024\/10\/PLESSIS-ROBINSON_H_001-1024x648.jpg 1024w, https:\/\/yavaitcachezmeme.fr\/wp-content\/uploads\/2024\/10\/PLESSIS-ROBINSON_H_001-1536x972.jpg 1536w, https:\/\/yavaitcachezmeme.fr\/wp-content\/uploads\/2024\/10\/PLESSIS-ROBINSON_H_001.jpg 1612w\" sizes=\"auto, (max-width: 820px) 100vw, 820px\" \/><\/p>\n<p style=\"text-align: center;\">La terrasse de la guinguette du \u00ab\u00a0Vrai Arbre\u00a0\u00bb au Plessis-Robinson (92)<\/p>\n<p style=\"text-align: center;\"><span style=\"color: #ff6600;\"><strong>~o~<\/strong><\/span><\/p>\n<p style=\"text-align: justify;\">Les communes des anciens cantons de Bernay-Est et Bernay-Ouest\u00a0\u00e0 visiter en cliquant sur les liens suivants :<\/p>\n<p style=\"text-align: justify;\"><strong><a href=\"https:\/\/yavaitcachezmeme.fr\/index.php\/autour-de-bernay\/caorches-st-nicolas\/\">Caorches St Nicolas<\/a> &#8211; <a href=\"https:\/\/yavaitcachezmeme.fr\/index.php\/autour-de-bernay\/carsix\/\">Carsix<\/a> &#8211; <a href=\"https:\/\/yavaitcachezmeme.fr\/index.php\/autour-de-bernay\/corneville-la-fouquetiere\/\">Corneville-la-Fouqueti\u00e8re<\/a> &#8211; <a href=\"https:\/\/yavaitcachezmeme.fr\/index.php\/autour-de-bernay\/courbepine\/\">Courb\u00e9pine<\/a>\u00a0 &#8211; \u00a0<a href=\"http:\/\/yavaitcachezmeme.fr\/index.php\/les-environs\/fontaine-labbe\/\">Fontaine-l&rsquo;Abb\u00e9<\/a>\u00a0 &#8211; <a href=\"https:\/\/yavaitcachezmeme.fr\/index.php\/autour-de-bernay\/malouy\/\">Malouy<\/a> &#8211; \u00a0<a href=\"http:\/\/yavaitcachezmeme.fr\/index.php\/les-environs\/menneval\/\">Menneval<\/a>\u00a0 &#8211; <a href=\"https:\/\/yavaitcachezmeme.fr\/index.php\/autour-de-bernay\/plainville\/\">Plainville<\/a> &#8211;\u00a0 <a href=\"http:\/\/yavaitcachezmeme.fr\/index.php\/les-environs\/plasnes\/\">Plasnes<\/a>\u00a0 &#8211; \u00a0<a href=\"http:\/\/yavaitcachezmeme.fr\/index.php\/les-environs\/st-aubin-le-vertueux\/\">St-Aubin-Le-Vertueux<\/a>\u00a0 &#8211; \u00a0<a href=\"http:\/\/yavaitcachezmeme.fr\/index.php\/les-environs\/st-clair-darcey\/\">St-Clair-d&rsquo;Arcey<\/a>\u00a0 &#8211; \u00a0<a href=\"http:\/\/yavaitcachezmeme.fr\/index.php\/les-environs\/st-leger-de-rostes\/\">St-L\u00e9ger-de-R\u00f4tes<\/a>\u00a0 &#8211; \u00a0<a href=\"http:\/\/yavaitcachezmeme.fr\/index.php\/les-environs\/st-martin-du-tilleul\/\">St-Martin-du-Tilleul<\/a>\u00a0 &#8211; <a href=\"http:\/\/yavaitcachezmeme.fr\/index.php\/les-environs\/st-victor-de-chretienville\/\">St-Victor-de-Chr\u00e9tienville<\/a>\u00a0 &#8211; <a href=\"https:\/\/yavaitcachezmeme.fr\/index.php\/autour-de-bernay\/serquigny\/\">Serquigny<\/a> &#8211;\u00a0 <a href=\"http:\/\/yavaitcachezmeme.fr\/index.php\/les-environs\/valailles\/\">Valailles<\/a><\/strong><\/p>\n<p><img loading=\"lazy\" decoding=\"async\" class=\"aligncenter wp-image-12675\" src=\"https:\/\/yavaitcachezmeme.fr\/wp-content\/uploads\/2025\/01\/Autour-de-Bernay-600x371.png\" alt=\"\" width=\"820\" height=\"506\" srcset=\"https:\/\/yavaitcachezmeme.fr\/wp-content\/uploads\/2025\/01\/Autour-de-Bernay-600x371.png 600w, https:\/\/yavaitcachezmeme.fr\/wp-content\/uploads\/2025\/01\/Autour-de-Bernay.png 1004w\" sizes=\"auto, (max-width: 820px) 100vw, 820px\" \/><\/p>\n<\/div>\n","protected":false},"excerpt":{"rendered":"<p>Situ\u00e9e au Nord-Est de Bernay, Saint-L\u00e9ger-de-R\u00f4tes recense 403 habitants en 2013 contre 325 en 1913. Les anciennes paroisses de St-L\u00e9ger-du-Boscdel et de R\u00f4tes&#8230;<\/p>\n","protected":false},"author":1,"featured_media":0,"parent":5270,"menu_order":557,"comment_status":"closed","ping_status":"closed","template":"","meta":{"footnotes":""},"class_list":["post-313","page","type-page","status-publish","hentry"],"_links":{"self":[{"href":"https:\/\/yavaitcachezmeme.fr\/index.php\/wp-json\/wp\/v2\/pages\/313","targetHints":{"allow":["GET"]}}],"collection":[{"href":"https:\/\/yavaitcachezmeme.fr\/index.php\/wp-json\/wp\/v2\/pages"}],"about":[{"href":"https:\/\/yavaitcachezmeme.fr\/index.php\/wp-json\/wp\/v2\/types\/page"}],"author":[{"embeddable":true,"href":"https:\/\/yavaitcachezmeme.fr\/index.php\/wp-json\/wp\/v2\/users\/1"}],"replies":[{"embeddable":true,"href":"https:\/\/yavaitcachezmeme.fr\/index.php\/wp-json\/wp\/v2\/comments?post=313"}],"version-history":[{"count":50,"href":"https:\/\/yavaitcachezmeme.fr\/index.php\/wp-json\/wp\/v2\/pages\/313\/revisions"}],"predecessor-version":[{"id":13102,"href":"https:\/\/yavaitcachezmeme.fr\/index.php\/wp-json\/wp\/v2\/pages\/313\/revisions\/13102"}],"up":[{"embeddable":true,"href":"https:\/\/yavaitcachezmeme.fr\/index.php\/wp-json\/wp\/v2\/pages\/5270"}],"wp:attachment":[{"href":"https:\/\/yavaitcachezmeme.fr\/index.php\/wp-json\/wp\/v2\/media?parent=313"}],"curies":[{"name":"wp","href":"https:\/\/api.w.org\/{rel}","templated":true}]}}