{"id":3149,"date":"2017-11-17T07:24:49","date_gmt":"2017-11-17T06:24:49","guid":{"rendered":"http:\/\/yavaitcachezmeme.fr\/?page_id=3149"},"modified":"2025-04-25T06:17:55","modified_gmt":"2025-04-25T05:17:55","slug":"rue-auguste-le-prevost","status":"publish","type":"page","link":"https:\/\/yavaitcachezmeme.fr\/index.php\/bernay-rues-places\/rue-auguste-le-prevost\/","title":{"rendered":"Rue Auguste Le Pr\u00e9vost"},"content":{"rendered":"<div style=\"font-size: 120%; font-family: georgia;\">\n<p style=\"text-align: justify;\">La <span style=\"color: #ff6600;\"><strong>rue Auguste Le Pr\u00e9vost<\/strong><\/span> du carrefour des rues du g\u00e9n\u00e9ral de Gaulle, Gaston Folloppe et Thiers au boulevard Dubus. Ce fut : la rue des Cordeliers, la rue de la R\u00e9volution et la rue de l&rsquo;Humanit\u00e9.<br \/>\nAuguste Le Pr\u00e9vost est un arch\u00e9ologue, historien et homme politique n\u00e9 en 1787 \u00e0 BERNAY. Il est l&rsquo;auteur des \u00ab\u00a0<i><i>M\u00e9moires et notes de M. Auguste Le Pr\u00e9vost pour servir \u00e0 l\u2019histoire du d\u00e9partement de l\u2019Eure\u00a0\u00bb.<\/i><\/i><\/p>\n<p style=\"text-align: center;\"><span style=\"color: #ff6600;\"><strong>~o~<\/strong><\/span><\/p>\n<p><img loading=\"lazy\" decoding=\"async\" class=\"aligncenter wp-image-4322\" src=\"http:\/\/yavaitcachezmeme.fr\/wp-content\/uploads\/2019\/01\/BERNAY_P-H_0072_1940_fb.jpg\" alt=\"\" width=\"820\" height=\"560\" srcset=\"https:\/\/yavaitcachezmeme.fr\/wp-content\/uploads\/2019\/01\/BERNAY_P-H_0072_1940_fb.jpg 1772w, https:\/\/yavaitcachezmeme.fr\/wp-content\/uploads\/2019\/01\/BERNAY_P-H_0072_1940_fb-600x410.jpg 600w, https:\/\/yavaitcachezmeme.fr\/wp-content\/uploads\/2019\/01\/BERNAY_P-H_0072_1940_fb-1024x700.jpg 1024w, https:\/\/yavaitcachezmeme.fr\/wp-content\/uploads\/2019\/01\/BERNAY_P-H_0072_1940_fb-1536x1050.jpg 1536w\" sizes=\"auto, (max-width: 820px) 100vw, 820px\" \/><\/p>\n<p style=\"text-align: center;\">Rue Auguste Le Pr\u00e9vost (5) &#8211; La boucherie Aupoix en 1940<\/p>\n<p><img loading=\"lazy\" decoding=\"async\" class=\"aligncenter wp-image-4763\" src=\"http:\/\/yavaitcachezmeme.fr\/wp-content\/uploads\/2020\/03\/5_ral_BERNAY_PCP_0150-484x600.jpg\" alt=\"\" width=\"475\" height=\"589\" srcset=\"https:\/\/yavaitcachezmeme.fr\/wp-content\/uploads\/2020\/03\/5_ral_BERNAY_PCP_0150-484x600.jpg 484w, https:\/\/yavaitcachezmeme.fr\/wp-content\/uploads\/2020\/03\/5_ral_BERNAY_PCP_0150.jpg 644w\" sizes=\"auto, (max-width: 475px) 100vw, 475px\" \/><\/p>\n<p style=\"text-align: center;\">Rue Auguste Le Pr\u00e9vost (5)<br \/>\nBoucherie Normande &#8211; R. AUPOIX<\/p>\n<p><img loading=\"lazy\" decoding=\"async\" class=\"aligncenter wp-image-3137\" src=\"http:\/\/yavaitcachezmeme.fr\/wp-content\/uploads\/2017\/11\/8_ral_BERNAY_V_0139.jpg\" alt=\"\" width=\"475\" height=\"747\" srcset=\"https:\/\/yavaitcachezmeme.fr\/wp-content\/uploads\/2017\/11\/8_ral_BERNAY_V_0139.jpg 523w, https:\/\/yavaitcachezmeme.fr\/wp-content\/uploads\/2017\/11\/8_ral_BERNAY_V_0139-381x600.jpg 381w\" sizes=\"auto, (max-width: 475px) 100vw, 475px\" \/><\/p>\n<p style=\"text-align: center;\">Rue Auguste Le Pr\u00e9vost (8)<br \/>\nVue vers la Rue Thiers<\/p>\n<p><img loading=\"lazy\" decoding=\"async\" class=\"aligncenter wp-image-3138\" src=\"http:\/\/yavaitcachezmeme.fr\/wp-content\/uploads\/2017\/11\/8_ral_BERNAY_V_0141.jpg\" alt=\"\" width=\"475\" height=\"763\" srcset=\"https:\/\/yavaitcachezmeme.fr\/wp-content\/uploads\/2017\/11\/8_ral_BERNAY_V_0141.jpg 505w, https:\/\/yavaitcachezmeme.fr\/wp-content\/uploads\/2017\/11\/8_ral_BERNAY_V_0141-374x600.jpg 374w\" sizes=\"auto, (max-width: 475px) 100vw, 475px\" \/><\/p>\n<p style=\"text-align: center;\">Rue Auguste Le Pr\u00e9vost (8) &#8211; L&rsquo;h\u00f4tel du Havre,<br \/>\nc&rsquo;est aujourd&rsquo;hui un salon de coiffure<\/p>\n<p><img loading=\"lazy\" decoding=\"async\" class=\"aligncenter wp-image-3139\" src=\"http:\/\/yavaitcachezmeme.fr\/wp-content\/uploads\/2017\/11\/8_ral_BERNAY_V_0143.jpg\" alt=\"\" width=\"475\" height=\"748\" srcset=\"https:\/\/yavaitcachezmeme.fr\/wp-content\/uploads\/2017\/11\/8_ral_BERNAY_V_0143.jpg 517w, https:\/\/yavaitcachezmeme.fr\/wp-content\/uploads\/2017\/11\/8_ral_BERNAY_V_0143-381x600.jpg 381w\" sizes=\"auto, (max-width: 475px) 100vw, 475px\" \/><\/p>\n<p style=\"text-align: center;\">Rue Auguste Le Pr\u00e9vost (8)<br \/>\nAu bon Moka, caf\u00e9 restaurant<\/p>\n<p><img loading=\"lazy\" decoding=\"async\" class=\"aligncenter wp-image-3140\" src=\"http:\/\/yavaitcachezmeme.fr\/wp-content\/uploads\/2017\/11\/8_ral_BERNAY_V_0145.jpg\" alt=\"\" width=\"475\" height=\"743\" srcset=\"https:\/\/yavaitcachezmeme.fr\/wp-content\/uploads\/2017\/11\/8_ral_BERNAY_V_0145.jpg 530w, https:\/\/yavaitcachezmeme.fr\/wp-content\/uploads\/2017\/11\/8_ral_BERNAY_V_0145-384x600.jpg 384w\" sizes=\"auto, (max-width: 475px) 100vw, 475px\" \/><\/p>\n<p style=\"text-align: center;\">Rue Auguste Le Pr\u00e9vost (8)<br \/>\nLa cordonnerie Pasquignon<\/p>\n<p><img loading=\"lazy\" decoding=\"async\" class=\"aligncenter wp-image-3411\" src=\"http:\/\/yavaitcachezmeme.fr\/wp-content\/uploads\/2017\/12\/BERNAY_P-V_0024.jpg\" alt=\"\" width=\"475\" height=\"648\" srcset=\"https:\/\/yavaitcachezmeme.fr\/wp-content\/uploads\/2017\/12\/BERNAY_P-V_0024.jpg 516w, https:\/\/yavaitcachezmeme.fr\/wp-content\/uploads\/2017\/12\/BERNAY_P-V_0024-440x600.jpg 440w\" sizes=\"auto, (max-width: 475px) 100vw, 475px\" \/><\/p>\n<p style=\"text-align: center;\">Rue Auguste Le Pr\u00e9vost (8)<br \/>\nUne photo in\u00e9dite<\/p>\n<p><img loading=\"lazy\" decoding=\"async\" class=\"aligncenter wp-image-3141\" src=\"http:\/\/yavaitcachezmeme.fr\/wp-content\/uploads\/2017\/11\/8_ral_BERNAY_V_0146.jpg\" alt=\"\" width=\"475\" height=\"744\" srcset=\"https:\/\/yavaitcachezmeme.fr\/wp-content\/uploads\/2017\/11\/8_ral_BERNAY_V_0146.jpg 532w, https:\/\/yavaitcachezmeme.fr\/wp-content\/uploads\/2017\/11\/8_ral_BERNAY_V_0146-383x600.jpg 383w\" sizes=\"auto, (max-width: 475px) 100vw, 475px\" \/><\/p>\n<p style=\"text-align: center;\">Rue Auguste Le Pr\u00e9vost (8)<br \/>\nLe cafetier sur le pas de sa porte<\/p>\n<p><img loading=\"lazy\" decoding=\"async\" class=\"aligncenter wp-image-3142\" src=\"http:\/\/yavaitcachezmeme.fr\/wp-content\/uploads\/2017\/11\/8_ral_BERNAY_V_0178.jpg\" alt=\"\" width=\"475\" height=\"747\" srcset=\"https:\/\/yavaitcachezmeme.fr\/wp-content\/uploads\/2017\/11\/8_ral_BERNAY_V_0178.jpg 522w, https:\/\/yavaitcachezmeme.fr\/wp-content\/uploads\/2017\/11\/8_ral_BERNAY_V_0178-381x600.jpg 381w\" sizes=\"auto, (max-width: 475px) 100vw, 475px\" \/><\/p>\n<p style=\"text-align: center;\">Rue Auguste Le Pr\u00e9vost (8)<br \/>\nOn pose pour la photo<\/p>\n<p><img loading=\"lazy\" decoding=\"async\" class=\"aligncenter wp-image-3143\" src=\"http:\/\/yavaitcachezmeme.fr\/wp-content\/uploads\/2017\/11\/8_ral_BERNAY_V_0186.jpg\" alt=\"\" width=\"475\" height=\"744\" srcset=\"https:\/\/yavaitcachezmeme.fr\/wp-content\/uploads\/2017\/11\/8_ral_BERNAY_V_0186.jpg 524w, https:\/\/yavaitcachezmeme.fr\/wp-content\/uploads\/2017\/11\/8_ral_BERNAY_V_0186-383x600.jpg 383w\" sizes=\"auto, (max-width: 475px) 100vw, 475px\" \/><\/p>\n<p style=\"text-align: center;\">Rue Auguste Le Pr\u00e9vost (8) &#8211; Les bois sculpt\u00e9s<br \/>\nde la porte au centre son du 15\u00e8me si\u00e8cle<\/p>\n<p><img loading=\"lazy\" decoding=\"async\" class=\"aligncenter wp-image-3144\" src=\"http:\/\/yavaitcachezmeme.fr\/wp-content\/uploads\/2017\/11\/10_ral_BERNAY_H_0535.jpg\" alt=\"\" width=\"820\" height=\"532\" srcset=\"https:\/\/yavaitcachezmeme.fr\/wp-content\/uploads\/2017\/11\/10_ral_BERNAY_H_0535.jpg 827w, https:\/\/yavaitcachezmeme.fr\/wp-content\/uploads\/2017\/11\/10_ral_BERNAY_H_0535-600x390.jpg 600w\" sizes=\"auto, (max-width: 820px) 100vw, 820px\" \/><\/p>\n<p style=\"text-align: center;\">Rue Auguste Le Pr\u00e9vost (10) &#8211; La fa\u00e7ade a \u00e9t\u00e9 \u00ab\u00a0modernis\u00e9e\u00a0\u00bb<\/p>\n<p><img loading=\"lazy\" decoding=\"async\" class=\"aligncenter wp-image-3145\" src=\"http:\/\/yavaitcachezmeme.fr\/wp-content\/uploads\/2017\/11\/16_ral_BERNAY_V_0138.jpg\" alt=\"\" width=\"475\" height=\"740\" srcset=\"https:\/\/yavaitcachezmeme.fr\/wp-content\/uploads\/2017\/11\/16_ral_BERNAY_V_0138.jpg 528w, https:\/\/yavaitcachezmeme.fr\/wp-content\/uploads\/2017\/11\/16_ral_BERNAY_V_0138-385x600.jpg 385w\" sizes=\"auto, (max-width: 475px) 100vw, 475px\" \/><\/p>\n<p style=\"text-align: center;\">Rue Auguste Le Pr\u00e9vost (14)<br \/>\nUn boucher et sa charrette \u00e0 bras<\/p>\n<p><img loading=\"lazy\" decoding=\"async\" class=\"aligncenter wp-image-3146\" src=\"https:\/\/yavaitcachezmeme.fr\/wp-content\/uploads\/2017\/11\/18_ral_BERNAY_V_0181.jpg\" alt=\"\" width=\"475\" height=\"747\" srcset=\"https:\/\/yavaitcachezmeme.fr\/wp-content\/uploads\/2017\/11\/18_ral_BERNAY_V_0181.jpg 521w, https:\/\/yavaitcachezmeme.fr\/wp-content\/uploads\/2017\/11\/18_ral_BERNAY_V_0181-382x600.jpg 382w\" sizes=\"auto, (max-width: 475px) 100vw, 475px\" \/><\/p>\n<p style=\"text-align: center;\">Rue Auguste Le Pr\u00e9vost (18)<br \/>\nDe belles demeures cach\u00e9es derri\u00e8re de hauts murs<\/p>\n<p style=\"text-align: center;\"><img loading=\"lazy\" decoding=\"async\" class=\"aligncenter wp-image-3147\" src=\"http:\/\/yavaitcachezmeme.fr\/wp-content\/uploads\/2017\/11\/22_ral_BERNAY_H_0110.jpg\" alt=\"\" width=\"820\" height=\"520\" srcset=\"https:\/\/yavaitcachezmeme.fr\/wp-content\/uploads\/2017\/11\/22_ral_BERNAY_H_0110.jpg 826w, https:\/\/yavaitcachezmeme.fr\/wp-content\/uploads\/2017\/11\/22_ral_BERNAY_H_0110-600x381.jpg 600w\" sizes=\"auto, (max-width: 820px) 100vw, 820px\" \/><\/p>\n<p style=\"text-align: center;\">A droite l&rsquo;entr\u00e9e de la rue Auguste Le Pr\u00e9vost (22)<br \/>\nVue depuis le boulevard Dubus, \u00e0 gauche la gare<\/p>\n<p><img loading=\"lazy\" decoding=\"async\" class=\"aligncenter wp-image-3148\" src=\"http:\/\/yavaitcachezmeme.fr\/wp-content\/uploads\/2017\/11\/23_ral_BERNAY_H_0098.jpg\" alt=\"\" width=\"820\" height=\"529\" srcset=\"https:\/\/yavaitcachezmeme.fr\/wp-content\/uploads\/2017\/11\/23_ral_BERNAY_H_0098.jpg 822w, https:\/\/yavaitcachezmeme.fr\/wp-content\/uploads\/2017\/11\/23_ral_BERNAY_H_0098-600x387.jpg 600w\" sizes=\"auto, (max-width: 820px) 100vw, 820px\" \/><\/p>\n<p style=\"text-align: center;\">A gauche l&rsquo;entr\u00e9e de la rue Auguste Le Pr\u00e9vost (23)<br \/>\nVue depuis le boulevard Dubus, au centre l&rsquo;ancienne Banque de France<\/p>\n<p style=\"text-align: center;\"><span style=\"color: #ff6600;\"><strong>~o~<\/strong><\/span><\/p>\n<p style=\"text-align: justify;\"><span style=\"color: #ff6600;\"><strong>Les chauss\u00e9es de Bernay <\/strong><\/span>\u00e0 visiter en cliquant sur les liens suivants :<\/p>\n<p style=\"text-align: justify;\">Les avenues et boulevards : <strong><a href=\"https:\/\/yavaitcachezmeme.fr\/index.php\/bernay-rues-places\/avenue-lottin-de-laval\/\">Avenue Lottin de Laval<\/a> &#8211; <a href=\"https:\/\/yavaitcachezmeme.fr\/index.php\/bernay-rues-places\/boulevard-du-bas-bouffey\/\">Boulevard du Bas-Bouffey<\/a> &#8211; <a href=\"http:\/\/yavaitcachezmeme.fr\/index.php\/bernay-rues-places\/boulevard-dubus\/\">Boulevard Dubus<\/a>\u00a0 &#8211;\u00a0 <a href=\"http:\/\/yavaitcachezmeme.fr\/index.php\/bernay-rues-places\/boulevard-des-monts\/\">Boulevard des Monts<\/a><\/strong><\/p>\n<p style=\"text-align: justify;\">Les places : <strong><a href=\"http:\/\/yavaitcachezmeme.fr\/index.php\/bernay-rues-places\/place-dupont-de-leure\/\">Place Dupont de l&rsquo;Eure<\/a>\u00a0 &#8211; \u00a0<a href=\"http:\/\/yavaitcachezmeme.fr\/index.php\/bernay-rues-places\/place-guillaume-de-volpiano\/\">Place Guillaume de Volpiano<\/a>\u00a0 &#8211; \u00a0<a href=\"http:\/\/yavaitcachezmeme.fr\/index.php\/bernay-rues-places\/place-gustave-heon\/\">Place Gustave H\u00e9on<\/a>\u00a0 &#8211; \u00a0<a href=\"http:\/\/yavaitcachezmeme.fr\/index.php\/bernay-rues-places\/place-de-la-republique\/\">Place de La R\u00e9publique<\/a>\u00a0 &#8211; \u00a0<a href=\"http:\/\/yavaitcachezmeme.fr\/index.php\/bernay-rues-places\/place-sainte-croix\/\">Place Sainte-Croix<\/a>\u00a0 &#8211; \u00a0<a href=\"http:\/\/yavaitcachezmeme.fr\/index.php\/bernay-rues-places\/place-de-verdun\/\">Place de Verdun<\/a><\/strong><\/p>\n<p style=\"text-align: justify;\">Les rues : <strong><a href=\"https:\/\/yavaitcachezmeme.fr\/index.php\/bernay-rues-places\/rue-albert-parissot\/\">Rue Albert Parissot<\/a> &#8211;<\/strong> <strong><a href=\"http:\/\/yavaitcachezmeme.fr\/index.php\/bernay-rues-places\/3351-2\/\">Rue Alexandre<\/a>\u00a0 &#8211; \u00a0<a href=\"http:\/\/yavaitcachezmeme.fr\/index.php\/bernay-rues-places\/rue-auguste-le-prevost\/\">Rue Auguste Le Pr\u00e9vost<\/a>\u00a0 &#8211; \u00a0<a href=\"http:\/\/yavaitcachezmeme.fr\/index.php\/bernay-rues-places\/rue-bernard-gombert\/\">Rue Bernard Gombert<\/a>\u00a0 &#8211; \u00a0<a href=\"http:\/\/yavaitcachezmeme.fr\/index.php\/bernay-rues-places\/rue-de-la-charentonne\/\">Rue de La Charentonne<\/a>\u00a0 &#8211; \u00a0<a href=\"http:\/\/yavaitcachezmeme.fr\/index.php\/bernay-rues-places\/rue-gabriel-vallee\/\">Rue Gabriel Vall\u00e9e<\/a>\u00a0 &#8211; \u00a0<a href=\"http:\/\/yavaitcachezmeme.fr\/index.php\/bernay-rues-places\/rue-g-folloppe\/\">Rue Gaston Folloppe<\/a>\u00a0 &#8211; \u00a0<a href=\"http:\/\/yavaitcachezmeme.fr\/index.php\/bernay-rues-places\/rue-g-de-gaulle\/\">Rue du G\u00e9n\u00e9ral de Gaulle<\/a>\u00a0 &#8211; \u00a0<a href=\"http:\/\/yavaitcachezmeme.fr\/index.php\/bernay-rues-places\/rue-du-general-leclerc\/\">Rue du G\u00e9n\u00e9ral Leclerc<\/a>\u00a0 &#8211; \u00a0<a href=\"http:\/\/yavaitcachezmeme.fr\/index.php\/bernay-rues-places\/rue-jacques-daviel\/\">Rue Jacques Daviel<\/a>\u00a0 &#8211; \u00a0<a href=\"http:\/\/yavaitcachezmeme.fr\/index.php\/bernay-rues-places\/rue-de-lisieux\/\">Rue de Lisieux<\/a>\u00a0 &#8211; \u00a0<a href=\"http:\/\/yavaitcachezmeme.fr\/index.php\/bernay-rues-places\/rue-maurice-lemoing\/\">Rue Maurice Lemoing<\/a>\u00a0 &#8211; \u00a0<a href=\"http:\/\/yavaitcachezmeme.fr\/index.php\/bernay-rues-places\/rue-michel-hubert-descours\/\">Rue Michel-Hubert Descours<\/a>\u00a0 &#8211; \u00a0<a href=\"http:\/\/yavaitcachezmeme.fr\/index.php\/bernay-rues-places\/rue-militaire\/\">Rue Militaire<\/a>\u00a0 &#8211; \u00a0<a href=\"http:\/\/yavaitcachezmeme.fr\/index.php\/bernay-rues-places\/rue-de-morsan\/\">Rue de Morsan<\/a>\u00a0 &#8211; \u00a0<a href=\"http:\/\/yavaitcachezmeme.fr\/index.php\/bernay-rues-places\/rue-de-rouen\/\">Rue de Rouen<\/a>\u00a0 &#8211; \u00a0<a href=\"http:\/\/yavaitcachezmeme.fr\/index.php\/bernay-rues-places\/rue-des-sources\/\">Rue des Sources<\/a>\u00a0 &#8211; <a href=\"https:\/\/yavaitcachezmeme.fr\/index.php\/bernay-rues-places\/rue-de-la-sous-prefecture\/\">Rue de la Sous-Pr\u00e9fecture<\/a> &#8211; <a href=\"http:\/\/yavaitcachezmeme.fr\/index.php\/bernay-rues-places\/rue-thiers\/\">Rue Thiers<\/a>\u00a0 &#8211; \u00a0<a href=\"http:\/\/yavaitcachezmeme.fr\/index.php\/bernay-rues-places\/rue-de-lunion\/\">Rue de l&rsquo;Union<\/a>\u00a0 &#8211; \u00a0<a href=\"http:\/\/yavaitcachezmeme.fr\/index.php\/bernay-rues-places\/victoire-rue-de-la\/\">Rue de La Victoire<\/a><\/strong><\/p>\n<div style=\"font-size: 100%; font-family: georgia;\"><a href=\"https:\/\/yavaitcachezmeme.fr\/\"><img loading=\"lazy\" decoding=\"async\" class=\"aligncenter wp-image-5243\" src=\"https:\/\/yavaitcachezmeme.fr\/wp-content\/uploads\/2024\/11\/Marque-b.png\" alt=\"\" width=\"25\" height=\"43\" \/><\/a><\/div>\n<\/div>\n","protected":false},"excerpt":{"rendered":"<p>La rue Auguste Le Pr\u00e9vost du carrefour des rues du g\u00e9n\u00e9ral de Gaulle, Gaston Folloppe et Thiers au boulevard Dubus. Ce fut :&#8230;<\/p>\n","protected":false},"author":1,"featured_media":0,"parent":1068,"menu_order":156,"comment_status":"closed","ping_status":"closed","template":"","meta":{"footnotes":""},"class_list":["post-3149","page","type-page","status-publish","hentry"],"_links":{"self":[{"href":"https:\/\/yavaitcachezmeme.fr\/index.php\/wp-json\/wp\/v2\/pages\/3149","targetHints":{"allow":["GET"]}}],"collection":[{"href":"https:\/\/yavaitcachezmeme.fr\/index.php\/wp-json\/wp\/v2\/pages"}],"about":[{"href":"https:\/\/yavaitcachezmeme.fr\/index.php\/wp-json\/wp\/v2\/types\/page"}],"author":[{"embeddable":true,"href":"https:\/\/yavaitcachezmeme.fr\/index.php\/wp-json\/wp\/v2\/users\/1"}],"replies":[{"embeddable":true,"href":"https:\/\/yavaitcachezmeme.fr\/index.php\/wp-json\/wp\/v2\/comments?post=3149"}],"version-history":[{"count":41,"href":"https:\/\/yavaitcachezmeme.fr\/index.php\/wp-json\/wp\/v2\/pages\/3149\/revisions"}],"predecessor-version":[{"id":12924,"href":"https:\/\/yavaitcachezmeme.fr\/index.php\/wp-json\/wp\/v2\/pages\/3149\/revisions\/12924"}],"up":[{"embeddable":true,"href":"https:\/\/yavaitcachezmeme.fr\/index.php\/wp-json\/wp\/v2\/pages\/1068"}],"wp:attachment":[{"href":"https:\/\/yavaitcachezmeme.fr\/index.php\/wp-json\/wp\/v2\/media?parent=3149"}],"curies":[{"name":"wp","href":"https:\/\/api.w.org\/{rel}","templated":true}]}}