{"id":315,"date":"2016-01-27T23:05:31","date_gmt":"2016-01-27T22:05:31","guid":{"rendered":"http:\/\/yavaitcachezmeme.fr\/?page_id=315"},"modified":"2025-07-18T16:55:01","modified_gmt":"2025-07-18T15:55:01","slug":"st-martin-du-tilleul","status":"publish","type":"page","link":"https:\/\/yavaitcachezmeme.fr\/index.php\/autour-de-bernay\/st-martin-du-tilleul\/","title":{"rendered":"St-Martin-du-Tilleul"},"content":{"rendered":"<div style=\"font-size: 120%; font-family: georgia;\">\n<p style=\"text-align: justify;\">Situ\u00e9e au Nord-Ouest de Bernay, <span style=\"color: #ff6600;\"><strong>Saint-Martin-du-Tilleul<\/strong><\/span> recense 255 habitants en 2013 contre 132 en 1913. Les communes de Saint-Martin-le-Vieux et du Tilleul-Fol-Enfant ont fusionn\u00e9es en 1822 pour former Saint-Martin-du-Tilleul.<br \/>\nVous trouverez le ch\u00e2teau du Tilleul au Sud-Ouest du village.<\/p>\n<p style=\"text-align: center;\"><span style=\"color: #ff6600;\"><strong>~o~<\/strong><\/span><\/p>\n<p><img loading=\"lazy\" decoding=\"async\" class=\"aligncenter wp-image-12731\" src=\"https:\/\/yavaitcachezmeme.fr\/wp-content\/uploads\/2025\/02\/ST-MARTIN-DU-TILLEUL_P-H_002_1967-08-24-600x421.jpg\" alt=\"\" width=\"820\" height=\"576\" srcset=\"https:\/\/yavaitcachezmeme.fr\/wp-content\/uploads\/2025\/02\/ST-MARTIN-DU-TILLEUL_P-H_002_1967-08-24-600x421.jpg 600w, https:\/\/yavaitcachezmeme.fr\/wp-content\/uploads\/2025\/02\/ST-MARTIN-DU-TILLEUL_P-H_002_1967-08-24-1024x719.jpg 1024w, https:\/\/yavaitcachezmeme.fr\/wp-content\/uploads\/2025\/02\/ST-MARTIN-DU-TILLEUL_P-H_002_1967-08-24.jpg 1476w\" sizes=\"auto, (max-width: 820px) 100vw, 820px\" \/><\/p>\n<p style=\"text-align: center;\">Photo anonyme d\u2019un amateur de vieilles pierres<br \/>\nL&rsquo;\u00e9glise de Saint Martin du Tilleul &#8211; 24 ao\u00fbt 1967<\/p>\n<p><img loading=\"lazy\" decoding=\"async\" class=\"aligncenter wp-image-805 size-full\" src=\"https:\/\/yavaitcachezmeme.fr\/wp-content\/uploads\/2016\/02\/ST-MARTIN-DU-TILLEUL_H_003.jpg\" alt=\"\" width=\"828\" height=\"523\" srcset=\"https:\/\/yavaitcachezmeme.fr\/wp-content\/uploads\/2016\/02\/ST-MARTIN-DU-TILLEUL_H_003.jpg 828w, https:\/\/yavaitcachezmeme.fr\/wp-content\/uploads\/2016\/02\/ST-MARTIN-DU-TILLEUL_H_003-600x379.jpg 600w\" sizes=\"auto, (max-width: 828px) 100vw, 828px\" \/><\/p>\n<p style=\"text-align: center;\">Le ch\u00e2teau du Tilleul (fa\u00e7ade Sud)<\/p>\n<p style=\"text-align: center;\"><img loading=\"lazy\" decoding=\"async\" class=\"aligncenter wp-image-803 size-full\" src=\"https:\/\/yavaitcachezmeme.fr\/wp-content\/uploads\/2016\/02\/ST-MARTIN-DU-TILLEUL_H_001.jpg\" alt=\"\" width=\"830\" height=\"537\" srcset=\"https:\/\/yavaitcachezmeme.fr\/wp-content\/uploads\/2016\/02\/ST-MARTIN-DU-TILLEUL_H_001.jpg 830w, https:\/\/yavaitcachezmeme.fr\/wp-content\/uploads\/2016\/02\/ST-MARTIN-DU-TILLEUL_H_001-600x388.jpg 600w\" sizes=\"auto, (max-width: 830px) 100vw, 830px\" \/><\/p>\n<p style=\"text-align: center;\">Le ch\u00e2teau du Tilleul (fa\u00e7ade Sud)<\/p>\n<p><img loading=\"lazy\" decoding=\"async\" class=\"aligncenter wp-image-804 size-full\" src=\"https:\/\/yavaitcachezmeme.fr\/wp-content\/uploads\/2016\/02\/ST-MARTIN-DU-TILLEUL_H_002.jpg\" alt=\"\" width=\"814\" height=\"511\" srcset=\"https:\/\/yavaitcachezmeme.fr\/wp-content\/uploads\/2016\/02\/ST-MARTIN-DU-TILLEUL_H_002.jpg 814w, https:\/\/yavaitcachezmeme.fr\/wp-content\/uploads\/2016\/02\/ST-MARTIN-DU-TILLEUL_H_002-600x377.jpg 600w, https:\/\/yavaitcachezmeme.fr\/wp-content\/uploads\/2016\/02\/ST-MARTIN-DU-TILLEUL_H_002-542x340.jpg 542w\" sizes=\"auto, (max-width: 814px) 100vw, 814px\" \/><\/p>\n<p style=\"text-align: center;\">Le parc du ch\u00e2teau du Tilleul (fa\u00e7ade Sud)<\/p>\n<p><img loading=\"lazy\" decoding=\"async\" class=\"aligncenter wp-image-809 size-full\" src=\"https:\/\/yavaitcachezmeme.fr\/wp-content\/uploads\/2016\/02\/ST-MARTIN-DU-TILLEUL_V_001.jpg\" alt=\"\" width=\"516\" height=\"821\" srcset=\"https:\/\/yavaitcachezmeme.fr\/wp-content\/uploads\/2016\/02\/ST-MARTIN-DU-TILLEUL_V_001.jpg 516w, https:\/\/yavaitcachezmeme.fr\/wp-content\/uploads\/2016\/02\/ST-MARTIN-DU-TILLEUL_V_001-377x600.jpg 377w\" sizes=\"auto, (max-width: 516px) 100vw, 516px\" \/><\/p>\n<p style=\"text-align: center;\">Le parc du ch\u00e2teau du Tilleul<\/p>\n<p><img loading=\"lazy\" decoding=\"async\" class=\"aligncenter wp-image-806 size-full\" src=\"https:\/\/yavaitcachezmeme.fr\/wp-content\/uploads\/2016\/02\/ST-MARTIN-DU-TILLEUL_HM_001.jpg\" alt=\"\" width=\"814\" height=\"521\" srcset=\"https:\/\/yavaitcachezmeme.fr\/wp-content\/uploads\/2016\/02\/ST-MARTIN-DU-TILLEUL_HM_001.jpg 814w, https:\/\/yavaitcachezmeme.fr\/wp-content\/uploads\/2016\/02\/ST-MARTIN-DU-TILLEUL_HM_001-600x384.jpg 600w\" sizes=\"auto, (max-width: 814px) 100vw, 814px\" \/><\/p>\n<p style=\"text-align: center;\">Le ch\u00e2teau du Tilleul (fa\u00e7ade Nord)<\/p>\n<p><a href=\"https:\/\/www.google.com\/maps\/@49.0973892,0.5273073,3a,90y,161.04h,95.14t\/data=!3m6!1e1!3m4!1skbx5a2FQkNxhPwipREyz_w!2e0!7i16384!8i8192\" target=\"_blank\" rel=\"noopener\"><img loading=\"lazy\" decoding=\"async\" class=\"wp-image-12987 aligncenter\" src=\"https:\/\/yavaitcachezmeme.fr\/wp-content\/uploads\/2025\/05\/Point.png\" alt=\"\" width=\"21\" height=\"30\" \/><\/a><\/p>\n<p><img loading=\"lazy\" decoding=\"async\" class=\"aligncenter wp-image-807 size-full\" src=\"https:\/\/yavaitcachezmeme.fr\/wp-content\/uploads\/2016\/02\/ST-MARTIN-DU-TILLEUL_HM_002.jpg\" alt=\"\" width=\"823\" height=\"523\" srcset=\"https:\/\/yavaitcachezmeme.fr\/wp-content\/uploads\/2016\/02\/ST-MARTIN-DU-TILLEUL_HM_002.jpg 823w, https:\/\/yavaitcachezmeme.fr\/wp-content\/uploads\/2016\/02\/ST-MARTIN-DU-TILLEUL_HM_002-600x381.jpg 600w\" sizes=\"auto, (max-width: 823px) 100vw, 823px\" \/><\/p>\n<p style=\"text-align: center;\">Le ch\u00e2teau du Tilleul (fa\u00e7ade Sud)<\/p>\n<p><img loading=\"lazy\" decoding=\"async\" class=\"aligncenter wp-image-2201 size-full\" src=\"https:\/\/yavaitcachezmeme.fr\/wp-content\/uploads\/2016\/11\/ST-MARTIN-DU-TILLEUL_HM_003.jpg\" alt=\"\" width=\"826\" height=\"604\" srcset=\"https:\/\/yavaitcachezmeme.fr\/wp-content\/uploads\/2016\/11\/ST-MARTIN-DU-TILLEUL_HM_003.jpg 826w, https:\/\/yavaitcachezmeme.fr\/wp-content\/uploads\/2016\/11\/ST-MARTIN-DU-TILLEUL_HM_003-600x439.jpg 600w\" sizes=\"auto, (max-width: 826px) 100vw, 826px\" \/><\/p>\n<p style=\"text-align: center;\">Le ch\u00e2teau du Tilleul (fa\u00e7ade Sud)<\/p>\n<p><img loading=\"lazy\" decoding=\"async\" class=\"aligncenter wp-image-2296 size-full\" src=\"https:\/\/yavaitcachezmeme.fr\/wp-content\/uploads\/2017\/01\/ST-MARTIN-DU-TILLEUL_HM_004.jpg\" alt=\"\" width=\"872\" height=\"612\" srcset=\"https:\/\/yavaitcachezmeme.fr\/wp-content\/uploads\/2017\/01\/ST-MARTIN-DU-TILLEUL_HM_004.jpg 872w, https:\/\/yavaitcachezmeme.fr\/wp-content\/uploads\/2017\/01\/ST-MARTIN-DU-TILLEUL_HM_004-600x421.jpg 600w\" sizes=\"auto, (max-width: 872px) 100vw, 872px\" \/><\/p>\n<p style=\"text-align: center;\">Le ch\u00e2teau du Tilleul (fa\u00e7ade Sud) &#8211; A droite, les b\u00e2timents de la ferme du Tilleul<\/p>\n<p><img loading=\"lazy\" decoding=\"async\" class=\"aligncenter wp-image-3557 size-large\" src=\"https:\/\/yavaitcachezmeme.fr\/wp-content\/uploads\/2018\/03\/ST-CLAIR-DARCEY_PCP_0001-657x1024.jpg\" alt=\"\" width=\"640\" height=\"998\" srcset=\"https:\/\/yavaitcachezmeme.fr\/wp-content\/uploads\/2018\/03\/ST-CLAIR-DARCEY_PCP_0001-657x1024.jpg 657w, https:\/\/yavaitcachezmeme.fr\/wp-content\/uploads\/2018\/03\/ST-CLAIR-DARCEY_PCP_0001-385x600.jpg 385w, https:\/\/yavaitcachezmeme.fr\/wp-content\/uploads\/2018\/03\/ST-CLAIR-DARCEY_PCP_0001.jpg 771w\" sizes=\"auto, (max-width: 640px) 100vw, 640px\" \/><\/p>\n<p style=\"text-align: center;\">Ferme du TiIlleul \u00e0 ST-MARTIN-DU-TILLEUL<br \/>\net Ferme de la Blardi\u00e8re \u00e0 ST-CLAIR-D&rsquo;ARCEY<\/p>\n<p><img loading=\"lazy\" decoding=\"async\" class=\"aligncenter wp-image-808 size-full\" src=\"https:\/\/yavaitcachezmeme.fr\/wp-content\/uploads\/2016\/02\/ST-MARTIN-DU-TILLEUL_PHOTO_001.jpg\" alt=\"\" width=\"804\" height=\"514\" srcset=\"https:\/\/yavaitcachezmeme.fr\/wp-content\/uploads\/2016\/02\/ST-MARTIN-DU-TILLEUL_PHOTO_001.jpg 804w, https:\/\/yavaitcachezmeme.fr\/wp-content\/uploads\/2016\/02\/ST-MARTIN-DU-TILLEUL_PHOTO_001-600x384.jpg 600w\" sizes=\"auto, (max-width: 804px) 100vw, 804px\" \/><\/p>\n<p style=\"text-align: center;\">Le char du corso fleuri dans la cour des anciens abattoirs de Bernay<\/p>\n<p style=\"text-align: center;\"><span style=\"color: #ff6600;\"><strong>~o~<\/strong><\/span><\/p>\n<p style=\"text-align: justify;\">Les communes des anciens cantons de Bernay-Est et Bernay-Ouest\u00a0\u00e0 visiter en cliquant sur les liens suivants :<\/p>\n<p style=\"text-align: justify;\"><strong><a href=\"https:\/\/yavaitcachezmeme.fr\/index.php\/autour-de-bernay\/caorches-st-nicolas\/\">Caorches St Nicolas<\/a> &#8211; <a href=\"https:\/\/yavaitcachezmeme.fr\/index.php\/autour-de-bernay\/carsix\/\">Carsix<\/a> &#8211; <a href=\"https:\/\/yavaitcachezmeme.fr\/index.php\/autour-de-bernay\/corneville-la-fouquetiere\/\">Corneville-la-Fouqueti\u00e8re<\/a> &#8211; <a href=\"https:\/\/yavaitcachezmeme.fr\/index.php\/autour-de-bernay\/courbepine\/\">Courb\u00e9pine<\/a>\u00a0 &#8211; \u00a0<a href=\"http:\/\/yavaitcachezmeme.fr\/index.php\/les-environs\/fontaine-labbe\/\">Fontaine-l&rsquo;Abb\u00e9<\/a>\u00a0 &#8211; <a href=\"https:\/\/yavaitcachezmeme.fr\/index.php\/autour-de-bernay\/malouy\/\">Malouy<\/a> &#8211; \u00a0<a href=\"http:\/\/yavaitcachezmeme.fr\/index.php\/les-environs\/menneval\/\">Menneval<\/a>\u00a0 &#8211; <a href=\"https:\/\/yavaitcachezmeme.fr\/index.php\/autour-de-bernay\/plainville\/\">Plainville<\/a> &#8211;\u00a0 <a href=\"http:\/\/yavaitcachezmeme.fr\/index.php\/les-environs\/plasnes\/\">Plasnes<\/a>\u00a0 &#8211; \u00a0<a href=\"http:\/\/yavaitcachezmeme.fr\/index.php\/les-environs\/st-aubin-le-vertueux\/\">St-Aubin-Le-Vertueux<\/a>\u00a0 &#8211; \u00a0<a href=\"http:\/\/yavaitcachezmeme.fr\/index.php\/les-environs\/st-clair-darcey\/\">St-Clair-d&rsquo;Arcey<\/a>\u00a0 &#8211; \u00a0<a href=\"http:\/\/yavaitcachezmeme.fr\/index.php\/les-environs\/st-leger-de-rostes\/\">St-L\u00e9ger-de-R\u00f4tes<\/a>\u00a0 &#8211; \u00a0<a href=\"http:\/\/yavaitcachezmeme.fr\/index.php\/les-environs\/st-martin-du-tilleul\/\">St-Martin-du-Tilleul<\/a>\u00a0 &#8211; <a href=\"http:\/\/yavaitcachezmeme.fr\/index.php\/les-environs\/st-victor-de-chretienville\/\">St-Victor-de-Chr\u00e9tienville<\/a>\u00a0 &#8211; <a href=\"https:\/\/yavaitcachezmeme.fr\/index.php\/autour-de-bernay\/serquigny\/\">Serquigny<\/a> &#8211;\u00a0 <a href=\"http:\/\/yavaitcachezmeme.fr\/index.php\/les-environs\/valailles\/\">Valailles<\/a><\/strong><\/p>\n<p><img loading=\"lazy\" decoding=\"async\" class=\"aligncenter wp-image-12675\" src=\"https:\/\/yavaitcachezmeme.fr\/wp-content\/uploads\/2025\/01\/Autour-de-Bernay-600x371.png\" alt=\"\" width=\"820\" height=\"506\" srcset=\"https:\/\/yavaitcachezmeme.fr\/wp-content\/uploads\/2025\/01\/Autour-de-Bernay-600x371.png 600w, https:\/\/yavaitcachezmeme.fr\/wp-content\/uploads\/2025\/01\/Autour-de-Bernay.png 1004w\" sizes=\"auto, (max-width: 820px) 100vw, 820px\" \/><\/p>\n<\/div>\n","protected":false},"excerpt":{"rendered":"<p>Situ\u00e9e au Nord-Ouest de Bernay, Saint-Martin-du-Tilleul recense 255 habitants en 2013 contre 132 en 1913. Les communes de Saint-Martin-le-Vieux et du Tilleul-Fol-Enfant ont&#8230;<\/p>\n","protected":false},"author":1,"featured_media":0,"parent":5270,"menu_order":569,"comment_status":"closed","ping_status":"closed","template":"","meta":{"footnotes":""},"class_list":["post-315","page","type-page","status-publish","hentry"],"_links":{"self":[{"href":"https:\/\/yavaitcachezmeme.fr\/index.php\/wp-json\/wp\/v2\/pages\/315","targetHints":{"allow":["GET"]}}],"collection":[{"href":"https:\/\/yavaitcachezmeme.fr\/index.php\/wp-json\/wp\/v2\/pages"}],"about":[{"href":"https:\/\/yavaitcachezmeme.fr\/index.php\/wp-json\/wp\/v2\/types\/page"}],"author":[{"embeddable":true,"href":"https:\/\/yavaitcachezmeme.fr\/index.php\/wp-json\/wp\/v2\/users\/1"}],"replies":[{"embeddable":true,"href":"https:\/\/yavaitcachezmeme.fr\/index.php\/wp-json\/wp\/v2\/comments?post=315"}],"version-history":[{"count":41,"href":"https:\/\/yavaitcachezmeme.fr\/index.php\/wp-json\/wp\/v2\/pages\/315\/revisions"}],"predecessor-version":[{"id":13058,"href":"https:\/\/yavaitcachezmeme.fr\/index.php\/wp-json\/wp\/v2\/pages\/315\/revisions\/13058"}],"up":[{"embeddable":true,"href":"https:\/\/yavaitcachezmeme.fr\/index.php\/wp-json\/wp\/v2\/pages\/5270"}],"wp:attachment":[{"href":"https:\/\/yavaitcachezmeme.fr\/index.php\/wp-json\/wp\/v2\/media?parent=315"}],"curies":[{"name":"wp","href":"https:\/\/api.w.org\/{rel}","templated":true}]}}