{"id":3207,"date":"2017-12-02T20:07:53","date_gmt":"2017-12-02T19:07:53","guid":{"rendered":"http:\/\/yavaitcachezmeme.fr\/?page_id=3207"},"modified":"2025-04-25T06:28:39","modified_gmt":"2025-04-25T05:28:39","slug":"victoire-rue-de-la","status":"publish","type":"page","link":"https:\/\/yavaitcachezmeme.fr\/index.php\/bernay-rues-places\/victoire-rue-de-la\/","title":{"rendered":"Rue de La Victoire"},"content":{"rendered":"<div style=\"font-size: 120%; font-family: georgia;\">\n<p style=\"text-align: justify;\">La <span style=\"color: #ff6600;\"><strong>rue de La Victoire<\/strong><\/span> de la place Gustave H\u00e9on au boulevard Dubus. C&rsquo;est l&rsquo;ancienne rue de la Sous-Pr\u00e9fecture et rue de la Poste.<\/p>\n<p style=\"text-align: center;\"><span style=\"color: #ff6600;\"><strong>~o~<\/strong><\/span><\/p>\n<p><img loading=\"lazy\" decoding=\"async\" class=\"aligncenter wp-image-3192\" src=\"http:\/\/yavaitcachezmeme.fr\/wp-content\/uploads\/2017\/12\/1_rv_BERNAY_H_0795.jpg\" alt=\"\" width=\"820\" height=\"537\" srcset=\"https:\/\/yavaitcachezmeme.fr\/wp-content\/uploads\/2017\/12\/1_rv_BERNAY_H_0795.jpg 814w, https:\/\/yavaitcachezmeme.fr\/wp-content\/uploads\/2017\/12\/1_rv_BERNAY_H_0795-600x393.jpg 600w\" sizes=\"auto, (max-width: 820px) 100vw, 820px\" \/><\/p>\n<p style=\"text-align: center;\">Rue de La Victoire (1) &#8211; Vue depuis la place Gustave H\u00e9on<\/p>\n<p><img loading=\"lazy\" decoding=\"async\" class=\"aligncenter wp-image-3388\" src=\"http:\/\/yavaitcachezmeme.fr\/wp-content\/uploads\/2017\/12\/BERNAY_P-H_0028.jpg\" alt=\"\" width=\"820\" height=\"514\" srcset=\"https:\/\/yavaitcachezmeme.fr\/wp-content\/uploads\/2017\/12\/BERNAY_P-H_0028.jpg 707w, https:\/\/yavaitcachezmeme.fr\/wp-content\/uploads\/2017\/12\/BERNAY_P-H_0028-600x376.jpg 600w, https:\/\/yavaitcachezmeme.fr\/wp-content\/uploads\/2017\/12\/BERNAY_P-H_0028-542x340.jpg 542w\" sizes=\"auto, (max-width: 820px) 100vw, 820px\" \/><\/p>\n<p style=\"text-align: center;\">Rue de La Victoire (1) &#8211; Le char des cafetiers et restaurateurs arrive place Gustave H\u00e9on<\/p>\n<p><img loading=\"lazy\" decoding=\"async\" class=\"aligncenter wp-image-3389\" src=\"http:\/\/yavaitcachezmeme.fr\/wp-content\/uploads\/2017\/12\/BERNAY_P-V_0026.jpg\" alt=\"\" width=\"475\" height=\"767\" srcset=\"https:\/\/yavaitcachezmeme.fr\/wp-content\/uploads\/2017\/12\/BERNAY_P-V_0026.jpg 439w, https:\/\/yavaitcachezmeme.fr\/wp-content\/uploads\/2017\/12\/BERNAY_P-V_0026-372x600.jpg 372w\" sizes=\"auto, (max-width: 475px) 100vw, 475px\" \/><\/p>\n<p style=\"text-align: center;\">Rue de La Victoire (1) &#8211; A gauche, l&rsquo;entr\u00e9e<br \/>\nde l&rsquo;ancienne Poste et du Jardin Public<\/p>\n<p><img loading=\"lazy\" decoding=\"async\" class=\"aligncenter wp-image-3390\" src=\"http:\/\/yavaitcachezmeme.fr\/wp-content\/uploads\/2017\/12\/BERNAY_P-H_0027.jpg\" alt=\"\" width=\"820\" height=\"510\" srcset=\"https:\/\/yavaitcachezmeme.fr\/wp-content\/uploads\/2017\/12\/BERNAY_P-H_0027.jpg 709w, https:\/\/yavaitcachezmeme.fr\/wp-content\/uploads\/2017\/12\/BERNAY_P-H_0027-600x373.jpg 600w\" sizes=\"auto, (max-width: 820px) 100vw, 820px\" \/><\/p>\n<p style=\"text-align: center;\">Rue de La Victoire (1) &#8211; Une \u00e9cuy\u00e8re au chapeau haut de forme<\/p>\n<p><img loading=\"lazy\" decoding=\"async\" class=\"aligncenter wp-image-3194\" src=\"http:\/\/yavaitcachezmeme.fr\/wp-content\/uploads\/2017\/12\/3_rv_BERNAY_H_0844.jpg\" alt=\"\" width=\"820\" height=\"526\" srcset=\"https:\/\/yavaitcachezmeme.fr\/wp-content\/uploads\/2017\/12\/3_rv_BERNAY_H_0844.jpg 830w, https:\/\/yavaitcachezmeme.fr\/wp-content\/uploads\/2017\/12\/3_rv_BERNAY_H_0844-600x385.jpg 600w\" sizes=\"auto, (max-width: 820px) 100vw, 820px\" \/><\/p>\n<p style=\"text-align: center;\">Rue de La Victoire (3) &#8211; L&rsquo;entr\u00e9e du Jardin Public<\/p>\n<p><img loading=\"lazy\" decoding=\"async\" class=\"aligncenter wp-image-3193\" src=\"http:\/\/yavaitcachezmeme.fr\/wp-content\/uploads\/2017\/12\/3_rv_BERNAY_H_0511.jpg\" alt=\"\" width=\"820\" height=\"531\" srcset=\"https:\/\/yavaitcachezmeme.fr\/wp-content\/uploads\/2017\/12\/3_rv_BERNAY_H_0511.jpg 824w, https:\/\/yavaitcachezmeme.fr\/wp-content\/uploads\/2017\/12\/3_rv_BERNAY_H_0511-600x389.jpg 600w\" sizes=\"auto, (max-width: 820px) 100vw, 820px\" \/><\/p>\n<p style=\"text-align: center;\">Rue de La Victoire (3) &#8211; A droite, la rue L\u00e9on Puel<\/p>\n<p><img loading=\"lazy\" decoding=\"async\" class=\"aligncenter wp-image-3195 size-full\" src=\"https:\/\/yavaitcachezmeme.fr\/wp-content\/uploads\/2017\/12\/4_rv_BERNAY_H_0807.jpg\" alt=\"\" width=\"820\" height=\"523\" srcset=\"https:\/\/yavaitcachezmeme.fr\/wp-content\/uploads\/2017\/12\/4_rv_BERNAY_H_0807.jpg 820w, https:\/\/yavaitcachezmeme.fr\/wp-content\/uploads\/2017\/12\/4_rv_BERNAY_H_0807-600x383.jpg 600w\" sizes=\"auto, (max-width: 820px) 100vw, 820px\" \/><\/p>\n<p style=\"text-align: center;\">Rue de La Victoire (4) &#8211; Villa des H\u00eatres en 1930 face \u00e0 la rue L\u00e9on Puel<\/p>\n<p><img loading=\"lazy\" decoding=\"async\" class=\"aligncenter wp-image-3398\" src=\"http:\/\/yavaitcachezmeme.fr\/wp-content\/uploads\/2017\/12\/6_rv_BERNAY_H_0996.jpg\" alt=\"\" width=\"820\" height=\"528\" srcset=\"https:\/\/yavaitcachezmeme.fr\/wp-content\/uploads\/2017\/12\/6_rv_BERNAY_H_0996.jpg 802w, https:\/\/yavaitcachezmeme.fr\/wp-content\/uploads\/2017\/12\/6_rv_BERNAY_H_0996-600x386.jpg 600w\" sizes=\"auto, (max-width: 820px) 100vw, 820px\" \/><\/p>\n<p style=\"text-align: center;\">Rue de La Victoire (6) &#8211; La Poste avant son implantation dans<br \/>\nl&rsquo;H\u00f4tel de Ville puis \u00e0 son emplacement actuel place Paul D\u00e9rou<\/p>\n<p><img loading=\"lazy\" decoding=\"async\" class=\"aligncenter wp-image-3197\" src=\"http:\/\/yavaitcachezmeme.fr\/wp-content\/uploads\/2017\/12\/6_rv_BERNAY_H_0768.jpg\" alt=\"\" width=\"820\" height=\"521\" srcset=\"https:\/\/yavaitcachezmeme.fr\/wp-content\/uploads\/2017\/12\/6_rv_BERNAY_H_0768.jpg 830w, https:\/\/yavaitcachezmeme.fr\/wp-content\/uploads\/2017\/12\/6_rv_BERNAY_H_0768-600x381.jpg 600w\" sizes=\"auto, (max-width: 820px) 100vw, 820px\" \/><\/p>\n<p style=\"text-align: center;\">Rue de La Victoire (6) &#8211; C&rsquo;est aujourd&rsquo;hui un cabinet m\u00e9dical<\/p>\n<p><img loading=\"lazy\" decoding=\"async\" class=\"aligncenter wp-image-3198\" src=\"http:\/\/yavaitcachezmeme.fr\/wp-content\/uploads\/2017\/12\/8_rv_BERNAY_V_0239.jpg\" alt=\"\" width=\"475\" height=\"745\" srcset=\"https:\/\/yavaitcachezmeme.fr\/wp-content\/uploads\/2017\/12\/8_rv_BERNAY_V_0239.jpg 624w, https:\/\/yavaitcachezmeme.fr\/wp-content\/uploads\/2017\/12\/8_rv_BERNAY_V_0239-382x600.jpg 382w\" sizes=\"auto, (max-width: 475px) 100vw, 475px\" \/><\/p>\n<p style=\"text-align: center;\">Rue de La Victoire (8) &#8211; Vue depuis le boulevard Dubus<\/p>\n<p><img loading=\"lazy\" decoding=\"async\" class=\"aligncenter wp-image-3199\" src=\"http:\/\/yavaitcachezmeme.fr\/wp-content\/uploads\/2017\/12\/9_rv_BERNAY_H_0092.jpg\" alt=\"\" width=\"820\" height=\"528\" srcset=\"https:\/\/yavaitcachezmeme.fr\/wp-content\/uploads\/2017\/12\/9_rv_BERNAY_H_0092.jpg 824w, https:\/\/yavaitcachezmeme.fr\/wp-content\/uploads\/2017\/12\/9_rv_BERNAY_H_0092-600x387.jpg 600w\" sizes=\"auto, (max-width: 820px) 100vw, 820px\" \/><\/p>\n<p style=\"text-align: center;\">Rue de La Victoire (9) &#8211; A gauche, l&rsquo;entr\u00e9e de l&rsquo;ancienne Banque de France<\/p>\n<p><img loading=\"lazy\" decoding=\"async\" class=\"aligncenter wp-image-3200\" src=\"http:\/\/yavaitcachezmeme.fr\/wp-content\/uploads\/2017\/12\/9_rv_BERNAY_H_0093.jpg\" alt=\"\" width=\"820\" height=\"523\" srcset=\"https:\/\/yavaitcachezmeme.fr\/wp-content\/uploads\/2017\/12\/9_rv_BERNAY_H_0093.jpg 813w, https:\/\/yavaitcachezmeme.fr\/wp-content\/uploads\/2017\/12\/9_rv_BERNAY_H_0093-600x383.jpg 600w\" sizes=\"auto, (max-width: 820px) 100vw, 820px\" \/><\/p>\n<p style=\"text-align: center;\">Rue de La Victoire (9) &#8211; L&rsquo;entr\u00e9e du Caf\u00e9 du Grand Jardin avant d&rsquo;\u00eatre la Banque de France<\/p>\n<p><img loading=\"lazy\" decoding=\"async\" class=\"aligncenter wp-image-3201\" src=\"http:\/\/yavaitcachezmeme.fr\/wp-content\/uploads\/2017\/12\/9_rv_BERNAY_H_0094.jpg\" alt=\"\" width=\"820\" height=\"518\" srcset=\"https:\/\/yavaitcachezmeme.fr\/wp-content\/uploads\/2017\/12\/9_rv_BERNAY_H_0094.jpg 833w, https:\/\/yavaitcachezmeme.fr\/wp-content\/uploads\/2017\/12\/9_rv_BERNAY_H_0094-600x379.jpg 600w\" sizes=\"auto, (max-width: 820px) 100vw, 820px\" \/><\/p>\n<p style=\"text-align: center;\">Rue de La Victoire (9) &#8211; Les drapeaux sont de sortie<\/p>\n<p><img loading=\"lazy\" decoding=\"async\" class=\"aligncenter wp-image-3202\" src=\"http:\/\/yavaitcachezmeme.fr\/wp-content\/uploads\/2017\/12\/9_rv_BERNAY_H_0095.jpg\" alt=\"\" width=\"820\" height=\"519\" srcset=\"https:\/\/yavaitcachezmeme.fr\/wp-content\/uploads\/2017\/12\/9_rv_BERNAY_H_0095.jpg 827w, https:\/\/yavaitcachezmeme.fr\/wp-content\/uploads\/2017\/12\/9_rv_BERNAY_H_0095-600x379.jpg 600w\" sizes=\"auto, (max-width: 820px) 100vw, 820px\" \/><\/p>\n<p style=\"text-align: center;\">Rue de La Victoire (9) &#8211; Une rue aux belles demeures<\/p>\n<p><img loading=\"lazy\" decoding=\"async\" class=\"aligncenter wp-image-3203\" src=\"http:\/\/yavaitcachezmeme.fr\/wp-content\/uploads\/2017\/12\/9_rv_BERNAY_H_0204.jpg\" alt=\"\" width=\"820\" height=\"522\" srcset=\"https:\/\/yavaitcachezmeme.fr\/wp-content\/uploads\/2017\/12\/9_rv_BERNAY_H_0204.jpg 814w, https:\/\/yavaitcachezmeme.fr\/wp-content\/uploads\/2017\/12\/9_rv_BERNAY_H_0204-600x382.jpg 600w\" sizes=\"auto, (max-width: 820px) 100vw, 820px\" \/><\/p>\n<p style=\"text-align: center;\">Rue de La Victoire (9) &#8211; Les comm\u00e8res cancanent<\/p>\n<p><img loading=\"lazy\" decoding=\"async\" class=\"aligncenter wp-image-3204\" src=\"http:\/\/yavaitcachezmeme.fr\/wp-content\/uploads\/2017\/12\/10_rv_BERNAY_H_0096.jpg\" alt=\"\" width=\"820\" height=\"530\" srcset=\"https:\/\/yavaitcachezmeme.fr\/wp-content\/uploads\/2017\/12\/10_rv_BERNAY_H_0096.jpg 805w, https:\/\/yavaitcachezmeme.fr\/wp-content\/uploads\/2017\/12\/10_rv_BERNAY_H_0096-600x388.jpg 600w\" sizes=\"auto, (max-width: 820px) 100vw, 820px\" \/><\/p>\n<p style=\"text-align: center;\">Rue de La Victoire (9) &#8211; Vue du boulevard Dubus<\/p>\n<p style=\"text-align: center;\"><span style=\"color: #ff6600;\"><strong>~o~<\/strong><\/span><\/p>\n<p style=\"text-align: justify;\"><span style=\"color: #ff6600;\"><strong>Les chauss\u00e9es de Bernay <\/strong><\/span>\u00e0 visiter en cliquant sur les liens suivants :<\/p>\n<p style=\"text-align: justify;\">Les avenues et boulevards : <strong><a href=\"https:\/\/yavaitcachezmeme.fr\/index.php\/bernay-rues-places\/avenue-lottin-de-laval\/\">Avenue Lottin de Laval<\/a> &#8211; <a href=\"https:\/\/yavaitcachezmeme.fr\/index.php\/bernay-rues-places\/boulevard-du-bas-bouffey\/\">Boulevard du Bas-Bouffey<\/a> &#8211; <a href=\"http:\/\/yavaitcachezmeme.fr\/index.php\/bernay-rues-places\/boulevard-dubus\/\">Boulevard Dubus<\/a>\u00a0 &#8211;\u00a0 <a href=\"http:\/\/yavaitcachezmeme.fr\/index.php\/bernay-rues-places\/boulevard-des-monts\/\">Boulevard des Monts<\/a><\/strong><\/p>\n<p style=\"text-align: justify;\">Les places : <strong><a href=\"http:\/\/yavaitcachezmeme.fr\/index.php\/bernay-rues-places\/place-dupont-de-leure\/\">Place Dupont de l&rsquo;Eure<\/a>\u00a0 &#8211; \u00a0<a href=\"http:\/\/yavaitcachezmeme.fr\/index.php\/bernay-rues-places\/place-guillaume-de-volpiano\/\">Place Guillaume de Volpiano<\/a>\u00a0 &#8211; \u00a0<a href=\"http:\/\/yavaitcachezmeme.fr\/index.php\/bernay-rues-places\/place-gustave-heon\/\">Place Gustave H\u00e9on<\/a>\u00a0 &#8211; \u00a0<a href=\"http:\/\/yavaitcachezmeme.fr\/index.php\/bernay-rues-places\/place-de-la-republique\/\">Place de La R\u00e9publique<\/a>\u00a0 &#8211; \u00a0<a href=\"http:\/\/yavaitcachezmeme.fr\/index.php\/bernay-rues-places\/place-sainte-croix\/\">Place Sainte-Croix<\/a>\u00a0 &#8211; \u00a0<a href=\"http:\/\/yavaitcachezmeme.fr\/index.php\/bernay-rues-places\/place-de-verdun\/\">Place de Verdun<\/a><\/strong><\/p>\n<p style=\"text-align: justify;\">Les rues : <strong><a href=\"https:\/\/yavaitcachezmeme.fr\/index.php\/bernay-rues-places\/rue-albert-parissot\/\">Rue Albert Parissot<\/a> &#8211;<\/strong> <strong><a href=\"http:\/\/yavaitcachezmeme.fr\/index.php\/bernay-rues-places\/3351-2\/\">Rue Alexandre<\/a>\u00a0 &#8211; \u00a0<a href=\"http:\/\/yavaitcachezmeme.fr\/index.php\/bernay-rues-places\/rue-auguste-le-prevost\/\">Rue Auguste Le Pr\u00e9vost<\/a>\u00a0 &#8211; \u00a0<a href=\"http:\/\/yavaitcachezmeme.fr\/index.php\/bernay-rues-places\/rue-bernard-gombert\/\">Rue Bernard Gombert<\/a>\u00a0 &#8211; \u00a0<a href=\"http:\/\/yavaitcachezmeme.fr\/index.php\/bernay-rues-places\/rue-de-la-charentonne\/\">Rue de La Charentonne<\/a>\u00a0 &#8211; \u00a0<a href=\"http:\/\/yavaitcachezmeme.fr\/index.php\/bernay-rues-places\/rue-gabriel-vallee\/\">Rue Gabriel Vall\u00e9e<\/a>\u00a0 &#8211; \u00a0<a href=\"http:\/\/yavaitcachezmeme.fr\/index.php\/bernay-rues-places\/rue-g-folloppe\/\">Rue Gaston Folloppe<\/a>\u00a0 &#8211; \u00a0<a href=\"http:\/\/yavaitcachezmeme.fr\/index.php\/bernay-rues-places\/rue-g-de-gaulle\/\">Rue du G\u00e9n\u00e9ral de Gaulle<\/a>\u00a0 &#8211; \u00a0<a href=\"http:\/\/yavaitcachezmeme.fr\/index.php\/bernay-rues-places\/rue-du-general-leclerc\/\">Rue du G\u00e9n\u00e9ral Leclerc<\/a>\u00a0 &#8211; \u00a0<a href=\"http:\/\/yavaitcachezmeme.fr\/index.php\/bernay-rues-places\/rue-jacques-daviel\/\">Rue Jacques Daviel<\/a>\u00a0 &#8211; \u00a0<a href=\"http:\/\/yavaitcachezmeme.fr\/index.php\/bernay-rues-places\/rue-de-lisieux\/\">Rue de Lisieux<\/a>\u00a0 &#8211; \u00a0<a href=\"http:\/\/yavaitcachezmeme.fr\/index.php\/bernay-rues-places\/rue-maurice-lemoing\/\">Rue Maurice Lemoing<\/a>\u00a0 &#8211; \u00a0<a href=\"http:\/\/yavaitcachezmeme.fr\/index.php\/bernay-rues-places\/rue-michel-hubert-descours\/\">Rue Michel-Hubert Descours<\/a>\u00a0 &#8211; \u00a0<a href=\"http:\/\/yavaitcachezmeme.fr\/index.php\/bernay-rues-places\/rue-militaire\/\">Rue Militaire<\/a>\u00a0 &#8211; \u00a0<a href=\"http:\/\/yavaitcachezmeme.fr\/index.php\/bernay-rues-places\/rue-de-morsan\/\">Rue de Morsan<\/a>\u00a0 &#8211; \u00a0<a href=\"http:\/\/yavaitcachezmeme.fr\/index.php\/bernay-rues-places\/rue-de-rouen\/\">Rue de Rouen<\/a>\u00a0 &#8211; \u00a0<a href=\"http:\/\/yavaitcachezmeme.fr\/index.php\/bernay-rues-places\/rue-des-sources\/\">Rue des Sources<\/a>\u00a0 &#8211; <a href=\"https:\/\/yavaitcachezmeme.fr\/index.php\/bernay-rues-places\/rue-de-la-sous-prefecture\/\">Rue de la Sous-Pr\u00e9fecture<\/a> &#8211; <a href=\"http:\/\/yavaitcachezmeme.fr\/index.php\/bernay-rues-places\/rue-thiers\/\">Rue Thiers<\/a>\u00a0 &#8211; \u00a0<a href=\"http:\/\/yavaitcachezmeme.fr\/index.php\/bernay-rues-places\/rue-de-lunion\/\">Rue de l&rsquo;Union<\/a>\u00a0 &#8211; \u00a0<a href=\"http:\/\/yavaitcachezmeme.fr\/index.php\/bernay-rues-places\/victoire-rue-de-la\/\">Rue de La Victoire<\/a><\/strong><\/p>\n<div style=\"font-size: 100%; font-family: georgia;\"><a href=\"https:\/\/yavaitcachezmeme.fr\/\"><img loading=\"lazy\" decoding=\"async\" class=\"aligncenter wp-image-5243\" src=\"https:\/\/yavaitcachezmeme.fr\/wp-content\/uploads\/2024\/11\/Marque-b.png\" alt=\"\" width=\"25\" height=\"43\" \/><\/a><\/div>\n<\/div>\n","protected":false},"excerpt":{"rendered":"<p>La rue de La Victoire de la place Gustave H\u00e9on au boulevard Dubus. C&rsquo;est l&rsquo;ancienne rue de la Sous-Pr\u00e9fecture et rue de la&#8230;<\/p>\n","protected":false},"author":1,"featured_media":0,"parent":1068,"menu_order":313,"comment_status":"closed","ping_status":"closed","template":"","meta":{"footnotes":""},"class_list":["post-3207","page","type-page","status-publish","hentry"],"_links":{"self":[{"href":"https:\/\/yavaitcachezmeme.fr\/index.php\/wp-json\/wp\/v2\/pages\/3207","targetHints":{"allow":["GET"]}}],"collection":[{"href":"https:\/\/yavaitcachezmeme.fr\/index.php\/wp-json\/wp\/v2\/pages"}],"about":[{"href":"https:\/\/yavaitcachezmeme.fr\/index.php\/wp-json\/wp\/v2\/types\/page"}],"author":[{"embeddable":true,"href":"https:\/\/yavaitcachezmeme.fr\/index.php\/wp-json\/wp\/v2\/users\/1"}],"replies":[{"embeddable":true,"href":"https:\/\/yavaitcachezmeme.fr\/index.php\/wp-json\/wp\/v2\/comments?post=3207"}],"version-history":[{"count":30,"href":"https:\/\/yavaitcachezmeme.fr\/index.php\/wp-json\/wp\/v2\/pages\/3207\/revisions"}],"predecessor-version":[{"id":12942,"href":"https:\/\/yavaitcachezmeme.fr\/index.php\/wp-json\/wp\/v2\/pages\/3207\/revisions\/12942"}],"up":[{"embeddable":true,"href":"https:\/\/yavaitcachezmeme.fr\/index.php\/wp-json\/wp\/v2\/pages\/1068"}],"wp:attachment":[{"href":"https:\/\/yavaitcachezmeme.fr\/index.php\/wp-json\/wp\/v2\/media?parent=3207"}],"curies":[{"name":"wp","href":"https:\/\/api.w.org\/{rel}","templated":true}]}}