{"id":3340,"date":"2017-12-09T08:19:47","date_gmt":"2017-12-09T07:19:47","guid":{"rendered":"http:\/\/yavaitcachezmeme.fr\/?page_id=3340"},"modified":"2025-04-25T06:23:35","modified_gmt":"2025-04-25T05:23:35","slug":"rue-michel-hubert-descours","status":"publish","type":"page","link":"https:\/\/yavaitcachezmeme.fr\/index.php\/bernay-rues-places\/rue-michel-hubert-descours\/","title":{"rendered":"Rue Michel-Hubert Descours"},"content":{"rendered":"<div style=\"font-size: 120%; font-family: georgia;\">\n<p style=\"text-align: justify;\">La <span style=\"color: #ff6600;\"><strong>rue Michel-Hubert Descours<\/strong><\/span> de la rue Auguste Le Pr\u00e9vost \u00e0 la rue Albert Parissot, en passant par la place Gustave H\u00e9on et la rue Robert Lindet. C&rsquo;est l&rsquo;ancienne rue Nationale \u00e0 la R\u00e9volution puis rue de la Poissonnerie.<br \/>\nPeintre, Michel-Hubert Descours est n\u00e9 12 septembre 1707 \u00e0 Bernay. Le mus\u00e9e des Beaux-Arts de Bernay poss\u00e8de plusieurs de ses \u0153uvres.<\/p>\n<p style=\"text-align: center;\"><span style=\"color: #ff6600;\"><strong>~o~<\/strong><\/span><\/p>\n<p><img loading=\"lazy\" decoding=\"async\" class=\"aligncenter wp-image-3332\" src=\"http:\/\/yavaitcachezmeme.fr\/wp-content\/uploads\/2017\/12\/17_rmhd_BERNAY_H_0866_fb.jpg\" alt=\"\" width=\"820\" height=\"515\" srcset=\"https:\/\/yavaitcachezmeme.fr\/wp-content\/uploads\/2017\/12\/17_rmhd_BERNAY_H_0866_fb.jpg 826w, https:\/\/yavaitcachezmeme.fr\/wp-content\/uploads\/2017\/12\/17_rmhd_BERNAY_H_0866_fb-600x377.jpg 600w, https:\/\/yavaitcachezmeme.fr\/wp-content\/uploads\/2017\/12\/17_rmhd_BERNAY_H_0866_fb-542x340.jpg 542w\" sizes=\"auto, (max-width: 820px) 100vw, 820px\" \/><\/p>\n<p style=\"text-align: center;\">Rue Michel-Hubert Descours (17) &#8211; C&rsquo;est aujourd&rsquo;hui un peintre d\u00e9corateur<\/p>\n<p><img loading=\"lazy\" decoding=\"async\" class=\"aligncenter wp-image-4860\" src=\"https:\/\/yavaitcachezmeme.fr\/wp-content\/uploads\/2020\/04\/13_rmhd_BERNAY_PCP_0154.jpg\" alt=\"\" width=\"820\" height=\"498\" srcset=\"https:\/\/yavaitcachezmeme.fr\/wp-content\/uploads\/2020\/04\/13_rmhd_BERNAY_PCP_0154.jpg 773w, https:\/\/yavaitcachezmeme.fr\/wp-content\/uploads\/2020\/04\/13_rmhd_BERNAY_PCP_0154-600x364.jpg 600w\" sizes=\"auto, (max-width: 820px) 100vw, 820px\" \/><\/p>\n<p style=\"text-align: center;\">Extrait du facture de la Maison A. CARLOMAN<\/p>\n<p><img loading=\"lazy\" decoding=\"async\" class=\"aligncenter wp-image-3333\" src=\"http:\/\/yavaitcachezmeme.fr\/wp-content\/uploads\/2017\/12\/23_rmhd_BERNAY_H_0468.jpg\" alt=\"\" width=\"820\" height=\"517\" srcset=\"https:\/\/yavaitcachezmeme.fr\/wp-content\/uploads\/2017\/12\/23_rmhd_BERNAY_H_0468.jpg 827w, https:\/\/yavaitcachezmeme.fr\/wp-content\/uploads\/2017\/12\/23_rmhd_BERNAY_H_0468-600x378.jpg 600w\" sizes=\"auto, (max-width: 820px) 100vw, 820px\" \/><\/p>\n<p style=\"text-align: center;\">Rue Michel-Hubert Descours (23) &#8211; Le caf\u00e9 \u00e0 gauche<br \/>\nn&rsquo;existe plus, c&rsquo;est aujourd&rsquo;hui une maison particuli\u00e8re<\/p>\n<p><img loading=\"lazy\" decoding=\"async\" class=\"aligncenter wp-image-3334\" src=\"http:\/\/yavaitcachezmeme.fr\/wp-content\/uploads\/2017\/12\/25_rmhd_BERNAY_H_0663.jpg\" alt=\"\" width=\"820\" height=\"524\" srcset=\"https:\/\/yavaitcachezmeme.fr\/wp-content\/uploads\/2017\/12\/25_rmhd_BERNAY_H_0663.jpg 828w, https:\/\/yavaitcachezmeme.fr\/wp-content\/uploads\/2017\/12\/25_rmhd_BERNAY_H_0663-600x383.jpg 600w\" sizes=\"auto, (max-width: 820px) 100vw, 820px\" \/><\/p>\n<p style=\"text-align: center;\">Rue Michel-Hubert Descours (25) &#8211; Un livreur et sa charrette<\/p>\n<p><img loading=\"lazy\" decoding=\"async\" class=\"aligncenter wp-image-3408\" src=\"http:\/\/yavaitcachezmeme.fr\/wp-content\/uploads\/2017\/12\/29_rmhd_BERNAY_V_0136.jpg\" alt=\"\" width=\"475\" height=\"754\" srcset=\"https:\/\/yavaitcachezmeme.fr\/wp-content\/uploads\/2017\/12\/29_rmhd_BERNAY_V_0136.jpg 514w, https:\/\/yavaitcachezmeme.fr\/wp-content\/uploads\/2017\/12\/29_rmhd_BERNAY_V_0136-378x600.jpg 378w\" sizes=\"auto, (max-width: 475px) 100vw, 475px\" \/><\/p>\n<p style=\"text-align: center;\">Rue Michel-Hubert Descours (29)<br \/>\nC&rsquo;est aujourd&rsquo;hui une agence bancaire<\/p>\n<p><img loading=\"lazy\" decoding=\"async\" class=\"aligncenter wp-image-3335\" src=\"http:\/\/yavaitcachezmeme.fr\/wp-content\/uploads\/2017\/12\/31_rmhd_BERNAY_H_0469.jpg\" alt=\"\" width=\"820\" height=\"522\" srcset=\"https:\/\/yavaitcachezmeme.fr\/wp-content\/uploads\/2017\/12\/31_rmhd_BERNAY_H_0469.jpg 827w, https:\/\/yavaitcachezmeme.fr\/wp-content\/uploads\/2017\/12\/31_rmhd_BERNAY_H_0469-600x382.jpg 600w\" sizes=\"auto, (max-width: 820px) 100vw, 820px\" \/><\/p>\n<p style=\"text-align: center;\">Rue Michel-Hubert Descours (31) &#8211; C&rsquo;est aujourd&rsquo;hui une agence bancaire<\/p>\n<p><img loading=\"lazy\" decoding=\"async\" class=\"aligncenter wp-image-4859\" src=\"https:\/\/yavaitcachezmeme.fr\/wp-content\/uploads\/2020\/04\/rmhd_BERNAY_PCP_0422.jpg\" alt=\"\" width=\"820\" height=\"405\" srcset=\"https:\/\/yavaitcachezmeme.fr\/wp-content\/uploads\/2020\/04\/rmhd_BERNAY_PCP_0422.jpg 980w, https:\/\/yavaitcachezmeme.fr\/wp-content\/uploads\/2020\/04\/rmhd_BERNAY_PCP_0422-600x296.jpg 600w\" sizes=\"auto, (max-width: 820px) 100vw, 820px\" \/><\/p>\n<p style=\"text-align: center;\">Extrait du facture de la Maison LEVERGEOIS<\/p>\n<p><img loading=\"lazy\" decoding=\"async\" class=\"aligncenter wp-image-3336\" src=\"https:\/\/yavaitcachezmeme.fr\/wp-content\/uploads\/2017\/12\/33_rmhd_BERNAY_H_0471.jpg\" alt=\"\" width=\"820\" height=\"539\" srcset=\"https:\/\/yavaitcachezmeme.fr\/wp-content\/uploads\/2017\/12\/33_rmhd_BERNAY_H_0471.jpg 804w, https:\/\/yavaitcachezmeme.fr\/wp-content\/uploads\/2017\/12\/33_rmhd_BERNAY_H_0471-600x394.jpg 600w\" sizes=\"auto, (max-width: 820px) 100vw, 820px\" \/><\/p>\n<p style=\"text-align: center;\">Rue Michel-Hubert Descours (33) &#8211; Pressurage des pommes (la version avec le chien)<\/p>\n<p><img loading=\"lazy\" decoding=\"async\" class=\"aligncenter wp-image-4944\" src=\"https:\/\/yavaitcachezmeme.fr\/wp-content\/uploads\/2020\/04\/33_rmhd_BERNAY_H_0472.jpg\" alt=\"\" width=\"820\" height=\"529\" srcset=\"https:\/\/yavaitcachezmeme.fr\/wp-content\/uploads\/2020\/04\/33_rmhd_BERNAY_H_0472.jpg 1632w, https:\/\/yavaitcachezmeme.fr\/wp-content\/uploads\/2020\/04\/33_rmhd_BERNAY_H_0472-600x387.jpg 600w, https:\/\/yavaitcachezmeme.fr\/wp-content\/uploads\/2020\/04\/33_rmhd_BERNAY_H_0472-1024x660.jpg 1024w, https:\/\/yavaitcachezmeme.fr\/wp-content\/uploads\/2020\/04\/33_rmhd_BERNAY_H_0472-1536x990.jpg 1536w\" sizes=\"auto, (max-width: 820px) 100vw, 820px\" \/><\/p>\n<p style=\"text-align: center;\">Rue Michel-Hubert Descours (33) &#8211; Pressurage des pommes (la version sans le chien)<\/p>\n<p><img loading=\"lazy\" decoding=\"async\" class=\"aligncenter wp-image-3409\" src=\"http:\/\/yavaitcachezmeme.fr\/wp-content\/uploads\/2017\/12\/37_rmhd_BERNAY_V_0134.jpg\" alt=\"\" width=\"475\" height=\"739\" srcset=\"https:\/\/yavaitcachezmeme.fr\/wp-content\/uploads\/2017\/12\/37_rmhd_BERNAY_V_0134.jpg 529w, https:\/\/yavaitcachezmeme.fr\/wp-content\/uploads\/2017\/12\/37_rmhd_BERNAY_V_0134-386x600.jpg 386w\" sizes=\"auto, (max-width: 475px) 100vw, 475px\" \/><\/p>\n<p style=\"text-align: center;\">Rue Michel-Hubert Descours (37) &#8211; La porte de droite,<br \/>\nc&rsquo;est aujourd&rsquo;hui un cabinet de g\u00e9om\u00e8tre-expert<\/p>\n<p><img loading=\"lazy\" decoding=\"async\" class=\"aligncenter wp-image-3385\" src=\"http:\/\/yavaitcachezmeme.fr\/wp-content\/uploads\/2017\/12\/BERNAY_P-H_0023_fb.jpg\" alt=\"\" width=\"820\" height=\"549\" srcset=\"https:\/\/yavaitcachezmeme.fr\/wp-content\/uploads\/2017\/12\/BERNAY_P-H_0023_fb.jpg 982w, https:\/\/yavaitcachezmeme.fr\/wp-content\/uploads\/2017\/12\/BERNAY_P-H_0023_fb-600x401.jpg 600w\" sizes=\"auto, (max-width: 820px) 100vw, 820px\" \/><\/p>\n<p style=\"text-align: center;\">Rue Michel-Hubert Descours (39) &#8211; Accident avec<br \/>\nune automobile en provenance de la Rue Robert Lindet<\/p>\n<p><img loading=\"lazy\" decoding=\"async\" class=\"aligncenter wp-image-4786\" src=\"http:\/\/yavaitcachezmeme.fr\/wp-content\/uploads\/2020\/03\/BERNAY_PCP_0391.jpg\" alt=\"\" width=\"820\" height=\"345\" srcset=\"https:\/\/yavaitcachezmeme.fr\/wp-content\/uploads\/2020\/03\/BERNAY_PCP_0391.jpg 1196w, https:\/\/yavaitcachezmeme.fr\/wp-content\/uploads\/2020\/03\/BERNAY_PCP_0391-600x252.jpg 600w, https:\/\/yavaitcachezmeme.fr\/wp-content\/uploads\/2020\/03\/BERNAY_PCP_0391-1024x431.jpg 1024w\" sizes=\"auto, (max-width: 820px) 100vw, 820px\" \/><\/p>\n<p style=\"text-align: center;\">Extrait d&rsquo;une facture de la maison G. Legris, fumiste au 39 rue M-H Descours &#8211; Voir la carte ci-dessous.<\/p>\n<p><img loading=\"lazy\" decoding=\"async\" class=\"aligncenter wp-image-3341\" src=\"http:\/\/yavaitcachezmeme.fr\/wp-content\/uploads\/2017\/12\/BERNAY_H_0477_fb.jpg\" alt=\"\" width=\"820\" height=\"522\" srcset=\"https:\/\/yavaitcachezmeme.fr\/wp-content\/uploads\/2017\/12\/BERNAY_H_0477_fb.jpg 818w, https:\/\/yavaitcachezmeme.fr\/wp-content\/uploads\/2017\/12\/BERNAY_H_0477_fb-600x382.jpg 600w\" sizes=\"auto, (max-width: 820px) 100vw, 820px\" \/><\/p>\n<p style=\"text-align: center;\">Rue Michel-Hubert Descours (39) &#8211; Vue sur la rue Robert Lindet<br \/>\nRemarquer \u00e0 droite le chien couch\u00e9 devant la boucherie<\/p>\n<p><img loading=\"lazy\" decoding=\"async\" class=\"aligncenter wp-image-4768\" src=\"http:\/\/yavaitcachezmeme.fr\/wp-content\/uploads\/2020\/03\/rrl_BERNAY_PCP_0179.jpg\" alt=\"\" width=\"820\" height=\"589\" srcset=\"https:\/\/yavaitcachezmeme.fr\/wp-content\/uploads\/2020\/03\/rrl_BERNAY_PCP_0179.jpg 769w, https:\/\/yavaitcachezmeme.fr\/wp-content\/uploads\/2020\/03\/rrl_BERNAY_PCP_0179-600x431.jpg 600w\" sizes=\"auto, (max-width: 820px) 100vw, 820px\" \/><\/p>\n<p style=\"text-align: center;\">Boucherie Paul DESSAUX &#8211; Rue St Nicolas aujourd&rsquo;hui<br \/>\nrue Robert Lindet &#8211; Voir \u00e0 droite la carte ci-dessus.<\/p>\n<p><img loading=\"lazy\" decoding=\"async\" class=\"aligncenter wp-image-3342\" src=\"http:\/\/yavaitcachezmeme.fr\/wp-content\/uploads\/2017\/12\/BERNAY_H_0478.jpg\" alt=\"\" width=\"820\" height=\"515\" srcset=\"https:\/\/yavaitcachezmeme.fr\/wp-content\/uploads\/2017\/12\/BERNAY_H_0478.jpg 829w, https:\/\/yavaitcachezmeme.fr\/wp-content\/uploads\/2017\/12\/BERNAY_H_0478-600x377.jpg 600w, https:\/\/yavaitcachezmeme.fr\/wp-content\/uploads\/2017\/12\/BERNAY_H_0478-542x340.jpg 542w\" sizes=\"auto, (max-width: 820px) 100vw, 820px\" \/><\/p>\n<p style=\"text-align: center;\">Rue Michel-Hubert Descours (41) &#8211; Le caf\u00e9 du Centre \u00e0 droite<\/p>\n<p><img loading=\"lazy\" decoding=\"async\" class=\"aligncenter wp-image-3338\" src=\"http:\/\/yavaitcachezmeme.fr\/wp-content\/uploads\/2017\/12\/41_rmhd_BERNAY_H_0934_fb.jpg\" alt=\"\" width=\"820\" height=\"527\" srcset=\"https:\/\/yavaitcachezmeme.fr\/wp-content\/uploads\/2017\/12\/41_rmhd_BERNAY_H_0934_fb.jpg 800w, https:\/\/yavaitcachezmeme.fr\/wp-content\/uploads\/2017\/12\/41_rmhd_BERNAY_H_0934_fb-600x386.jpg 600w\" sizes=\"auto, (max-width: 820px) 100vw, 820px\" \/><\/p>\n<p style=\"text-align: center;\">Rue Michel-Hubert Descours (41) &#8211; La bourrellerie-sellerie<br \/>\nEug\u00e8ne DUFILS, c&rsquo;est aujourd&rsquo;hui une agence immobili\u00e8re<\/p>\n<p><img loading=\"lazy\" decoding=\"async\" class=\"aligncenter wp-image-4188\" src=\"http:\/\/yavaitcachezmeme.fr\/wp-content\/uploads\/2018\/08\/BERNAY_V_0206.jpg\" alt=\"\" width=\"475\" height=\"750\" srcset=\"https:\/\/yavaitcachezmeme.fr\/wp-content\/uploads\/2018\/08\/BERNAY_V_0206.jpg 527w, https:\/\/yavaitcachezmeme.fr\/wp-content\/uploads\/2018\/08\/BERNAY_V_0206-380x600.jpg 380w\" sizes=\"auto, (max-width: 475px) 100vw, 475px\" \/><\/p>\n<p style=\"text-align: center;\">Rue Michel-Hubert Descours (24) &#8211; C&rsquo;est toujours un caf\u00e9<\/p>\n<p><img loading=\"lazy\" decoding=\"async\" class=\"aligncenter wp-image-12141\" src=\"https:\/\/yavaitcachezmeme.fr\/wp-content\/uploads\/2024\/08\/BERNAY_H_1166-600x381.jpg\" alt=\"\" width=\"820\" height=\"521\" srcset=\"https:\/\/yavaitcachezmeme.fr\/wp-content\/uploads\/2024\/08\/BERNAY_H_1166-600x381.jpg 600w, https:\/\/yavaitcachezmeme.fr\/wp-content\/uploads\/2024\/08\/BERNAY_H_1166-1024x650.jpg 1024w, https:\/\/yavaitcachezmeme.fr\/wp-content\/uploads\/2024\/08\/BERNAY_H_1166-1536x975.jpg 1536w, https:\/\/yavaitcachezmeme.fr\/wp-content\/uploads\/2024\/08\/BERNAY_H_1166.jpg 1625w\" sizes=\"auto, (max-width: 820px) 100vw, 820px\" \/><\/p>\n<p style=\"text-align: center;\">Rue Michel-Hubert Descours (24) &#8211; Devant le caf\u00e9<\/p>\n<p><img loading=\"lazy\" decoding=\"async\" class=\"aligncenter wp-image-3339\" src=\"http:\/\/yavaitcachezmeme.fr\/wp-content\/uploads\/2017\/12\/43_rmhd_BERNAY_H_0541.jpg\" alt=\"\" width=\"820\" height=\"544\" srcset=\"https:\/\/yavaitcachezmeme.fr\/wp-content\/uploads\/2017\/12\/43_rmhd_BERNAY_H_0541.jpg 808w, https:\/\/yavaitcachezmeme.fr\/wp-content\/uploads\/2017\/12\/43_rmhd_BERNAY_H_0541-600x398.jpg 600w\" sizes=\"auto, (max-width: 820px) 100vw, 820px\" \/><\/p>\n<p style=\"text-align: center;\">Rue Michel-Hubert Descours (43) &#8211; Au Vieux Normand LEHUEN Fr\u00e8res<\/p>\n<p style=\"text-align: center;\"><span style=\"color: #ff6600;\"><strong>~o~<\/strong><\/span><\/p>\n<p style=\"text-align: justify;\"><span style=\"color: #ff6600;\"><strong>Les chauss\u00e9es de Bernay <\/strong><\/span>\u00e0 visiter en cliquant sur les liens suivants :<\/p>\n<p style=\"text-align: justify;\">Les avenues et boulevards : <strong><a href=\"https:\/\/yavaitcachezmeme.fr\/index.php\/bernay-rues-places\/avenue-lottin-de-laval\/\">Avenue Lottin de Laval<\/a> &#8211; <a href=\"https:\/\/yavaitcachezmeme.fr\/index.php\/bernay-rues-places\/boulevard-du-bas-bouffey\/\">Boulevard du Bas-Bouffey<\/a> &#8211; <a href=\"http:\/\/yavaitcachezmeme.fr\/index.php\/bernay-rues-places\/boulevard-dubus\/\">Boulevard Dubus<\/a>\u00a0 &#8211;\u00a0 <a href=\"http:\/\/yavaitcachezmeme.fr\/index.php\/bernay-rues-places\/boulevard-des-monts\/\">Boulevard des Monts<\/a><\/strong><\/p>\n<p style=\"text-align: justify;\">Les places : <strong><a href=\"http:\/\/yavaitcachezmeme.fr\/index.php\/bernay-rues-places\/place-dupont-de-leure\/\">Place Dupont de l&rsquo;Eure<\/a>\u00a0 &#8211; \u00a0<a href=\"http:\/\/yavaitcachezmeme.fr\/index.php\/bernay-rues-places\/place-guillaume-de-volpiano\/\">Place Guillaume de Volpiano<\/a>\u00a0 &#8211; \u00a0<a href=\"http:\/\/yavaitcachezmeme.fr\/index.php\/bernay-rues-places\/place-gustave-heon\/\">Place Gustave H\u00e9on<\/a>\u00a0 &#8211; \u00a0<a href=\"http:\/\/yavaitcachezmeme.fr\/index.php\/bernay-rues-places\/place-de-la-republique\/\">Place de La R\u00e9publique<\/a>\u00a0 &#8211; \u00a0<a href=\"http:\/\/yavaitcachezmeme.fr\/index.php\/bernay-rues-places\/place-sainte-croix\/\">Place Sainte-Croix<\/a>\u00a0 &#8211; \u00a0<a href=\"http:\/\/yavaitcachezmeme.fr\/index.php\/bernay-rues-places\/place-de-verdun\/\">Place de Verdun<\/a><\/strong><\/p>\n<p style=\"text-align: justify;\">Les rues : <strong><a href=\"https:\/\/yavaitcachezmeme.fr\/index.php\/bernay-rues-places\/rue-albert-parissot\/\">Rue Albert Parissot<\/a> &#8211;<\/strong> <strong><a href=\"http:\/\/yavaitcachezmeme.fr\/index.php\/bernay-rues-places\/3351-2\/\">Rue Alexandre<\/a>\u00a0 &#8211; \u00a0<a href=\"http:\/\/yavaitcachezmeme.fr\/index.php\/bernay-rues-places\/rue-auguste-le-prevost\/\">Rue Auguste Le Pr\u00e9vost<\/a>\u00a0 &#8211; \u00a0<a href=\"http:\/\/yavaitcachezmeme.fr\/index.php\/bernay-rues-places\/rue-bernard-gombert\/\">Rue Bernard Gombert<\/a>\u00a0 &#8211; \u00a0<a href=\"http:\/\/yavaitcachezmeme.fr\/index.php\/bernay-rues-places\/rue-de-la-charentonne\/\">Rue de La Charentonne<\/a>\u00a0 &#8211; \u00a0<a href=\"http:\/\/yavaitcachezmeme.fr\/index.php\/bernay-rues-places\/rue-gabriel-vallee\/\">Rue Gabriel Vall\u00e9e<\/a>\u00a0 &#8211; \u00a0<a href=\"http:\/\/yavaitcachezmeme.fr\/index.php\/bernay-rues-places\/rue-g-folloppe\/\">Rue Gaston Folloppe<\/a>\u00a0 &#8211; \u00a0<a href=\"http:\/\/yavaitcachezmeme.fr\/index.php\/bernay-rues-places\/rue-g-de-gaulle\/\">Rue du G\u00e9n\u00e9ral de Gaulle<\/a>\u00a0 &#8211; \u00a0<a href=\"http:\/\/yavaitcachezmeme.fr\/index.php\/bernay-rues-places\/rue-du-general-leclerc\/\">Rue du G\u00e9n\u00e9ral Leclerc<\/a>\u00a0 &#8211; \u00a0<a href=\"http:\/\/yavaitcachezmeme.fr\/index.php\/bernay-rues-places\/rue-jacques-daviel\/\">Rue Jacques Daviel<\/a>\u00a0 &#8211; \u00a0<a href=\"http:\/\/yavaitcachezmeme.fr\/index.php\/bernay-rues-places\/rue-de-lisieux\/\">Rue de Lisieux<\/a>\u00a0 &#8211; \u00a0<a href=\"http:\/\/yavaitcachezmeme.fr\/index.php\/bernay-rues-places\/rue-maurice-lemoing\/\">Rue Maurice Lemoing<\/a>\u00a0 &#8211; \u00a0<a href=\"http:\/\/yavaitcachezmeme.fr\/index.php\/bernay-rues-places\/rue-michel-hubert-descours\/\">Rue Michel-Hubert Descours<\/a>\u00a0 &#8211; \u00a0<a href=\"http:\/\/yavaitcachezmeme.fr\/index.php\/bernay-rues-places\/rue-militaire\/\">Rue Militaire<\/a>\u00a0 &#8211; \u00a0<a href=\"http:\/\/yavaitcachezmeme.fr\/index.php\/bernay-rues-places\/rue-de-morsan\/\">Rue de Morsan<\/a>\u00a0 &#8211; \u00a0<a href=\"http:\/\/yavaitcachezmeme.fr\/index.php\/bernay-rues-places\/rue-de-rouen\/\">Rue de Rouen<\/a>\u00a0 &#8211; \u00a0<a href=\"http:\/\/yavaitcachezmeme.fr\/index.php\/bernay-rues-places\/rue-des-sources\/\">Rue des Sources<\/a>\u00a0 &#8211; <a href=\"https:\/\/yavaitcachezmeme.fr\/index.php\/bernay-rues-places\/rue-de-la-sous-prefecture\/\">Rue de la Sous-Pr\u00e9fecture<\/a> &#8211; <a href=\"http:\/\/yavaitcachezmeme.fr\/index.php\/bernay-rues-places\/rue-thiers\/\">Rue Thiers<\/a>\u00a0 &#8211; \u00a0<a href=\"http:\/\/yavaitcachezmeme.fr\/index.php\/bernay-rues-places\/rue-de-lunion\/\">Rue de l&rsquo;Union<\/a>\u00a0 &#8211; \u00a0<a href=\"http:\/\/yavaitcachezmeme.fr\/index.php\/bernay-rues-places\/victoire-rue-de-la\/\">Rue de La Victoire<\/a><\/strong><\/p>\n<div style=\"font-size: 100%; font-family: georgia;\"><a href=\"https:\/\/yavaitcachezmeme.fr\/\"><img loading=\"lazy\" decoding=\"async\" class=\"aligncenter wp-image-5243\" src=\"https:\/\/yavaitcachezmeme.fr\/wp-content\/uploads\/2024\/11\/Marque-b.png\" alt=\"\" width=\"25\" height=\"43\" \/><\/a><\/div>\n<\/div>\n","protected":false},"excerpt":{"rendered":"<p>La rue Michel-Hubert Descours de la rue Auguste Le Pr\u00e9vost \u00e0 la rue Albert Parissot, en passant par la place Gustave H\u00e9on et&#8230;<\/p>\n","protected":false},"author":1,"featured_media":0,"parent":1068,"menu_order":252,"comment_status":"closed","ping_status":"closed","template":"","meta":{"footnotes":""},"class_list":["post-3340","page","type-page","status-publish","hentry"],"_links":{"self":[{"href":"https:\/\/yavaitcachezmeme.fr\/index.php\/wp-json\/wp\/v2\/pages\/3340","targetHints":{"allow":["GET"]}}],"collection":[{"href":"https:\/\/yavaitcachezmeme.fr\/index.php\/wp-json\/wp\/v2\/pages"}],"about":[{"href":"https:\/\/yavaitcachezmeme.fr\/index.php\/wp-json\/wp\/v2\/types\/page"}],"author":[{"embeddable":true,"href":"https:\/\/yavaitcachezmeme.fr\/index.php\/wp-json\/wp\/v2\/users\/1"}],"replies":[{"embeddable":true,"href":"https:\/\/yavaitcachezmeme.fr\/index.php\/wp-json\/wp\/v2\/comments?post=3340"}],"version-history":[{"count":46,"href":"https:\/\/yavaitcachezmeme.fr\/index.php\/wp-json\/wp\/v2\/pages\/3340\/revisions"}],"predecessor-version":[{"id":12934,"href":"https:\/\/yavaitcachezmeme.fr\/index.php\/wp-json\/wp\/v2\/pages\/3340\/revisions\/12934"}],"up":[{"embeddable":true,"href":"https:\/\/yavaitcachezmeme.fr\/index.php\/wp-json\/wp\/v2\/pages\/1068"}],"wp:attachment":[{"href":"https:\/\/yavaitcachezmeme.fr\/index.php\/wp-json\/wp\/v2\/media?parent=3340"}],"curies":[{"name":"wp","href":"https:\/\/api.w.org\/{rel}","templated":true}]}}