{"id":3426,"date":"2017-12-28T11:12:30","date_gmt":"2017-12-28T10:12:30","guid":{"rendered":"http:\/\/yavaitcachezmeme.fr\/?page_id=3426"},"modified":"2024-11-10T17:06:52","modified_gmt":"2024-11-10T16:06:52","slug":"poteries-normandes","status":"publish","type":"page","link":"https:\/\/yavaitcachezmeme.fr\/index.php\/curiosites\/poteries-normandes\/","title":{"rendered":"Poteries Normandes"},"content":{"rendered":"<div style=\"font-size: 100%; font-family: georgia;\">\n<p style=\"text-align: left;\"><span style=\"font-size: 120%;\">Des <span style=\"color: #ff6600;\"><strong>poteries normandes<\/strong><\/span> de Haute et Basse Normandie.<\/span><\/p>\n<p style=\"text-align: center;\"><img loading=\"lazy\" decoding=\"async\" class=\"alignnone wp-image-12394\" src=\"https:\/\/yavaitcachezmeme.fr\/wp-content\/uploads\/2024\/11\/Poteries-Normandes-600x266.png\" alt=\"\" width=\"125\" height=\"55\" srcset=\"https:\/\/yavaitcachezmeme.fr\/wp-content\/uploads\/2024\/11\/Poteries-Normandes-600x266.png 600w, https:\/\/yavaitcachezmeme.fr\/wp-content\/uploads\/2024\/11\/Poteries-Normandes-1024x454.png 1024w, https:\/\/yavaitcachezmeme.fr\/wp-content\/uploads\/2024\/11\/Poteries-Normandes.png 1332w\" sizes=\"auto, (max-width: 125px) 100vw, 125px\" \/><\/p>\n<p style=\"text-align: left;\"><span style=\"font-size: 120%;\"><span style=\"text-decoration: underline; color: #ff6600;\"><strong>PR\u00c9 D&rsquo;AUGE<\/strong><\/span> (Calvados) \u00e0 l&rsquo;Ouest de Lisieux dans le Calvados.<\/span><\/p>\n<p><img loading=\"lazy\" decoding=\"async\" class=\"aligncenter wp-image-4272\" src=\"https:\/\/yavaitcachezmeme.fr\/wp-content\/uploads\/2018\/11\/PN_PA_Cruchon_1-scaled-570x600.jpg\" alt=\"\" width=\"550\" height=\"578\" srcset=\"https:\/\/yavaitcachezmeme.fr\/wp-content\/uploads\/2018\/11\/PN_PA_Cruchon_1-scaled-570x600.jpg 570w, https:\/\/yavaitcachezmeme.fr\/wp-content\/uploads\/2018\/11\/PN_PA_Cruchon_1-scaled-974x1024.jpg 974w, https:\/\/yavaitcachezmeme.fr\/wp-content\/uploads\/2018\/11\/PN_PA_Cruchon_1-scaled-1460x1536.jpg 1460w, https:\/\/yavaitcachezmeme.fr\/wp-content\/uploads\/2018\/11\/PN_PA_Cruchon_1-scaled-1947x2048.jpg 1947w\" sizes=\"auto, (max-width: 550px) 100vw, 550px\" \/><\/p>\n<p style=\"text-align: center;\"><span style=\"font-size: 120%;\">Cruchon 18\u00e8me<\/span><\/p>\n<p><img loading=\"lazy\" decoding=\"async\" class=\"aligncenter wp-image-4287\" src=\"http:\/\/yavaitcachezmeme.fr\/wp-content\/uploads\/2018\/12\/PN_PA_Cruchon_2-467x600.jpg\" alt=\"\" width=\"550\" height=\"706\" srcset=\"https:\/\/yavaitcachezmeme.fr\/wp-content\/uploads\/2018\/12\/PN_PA_Cruchon_2-467x600.jpg 467w, https:\/\/yavaitcachezmeme.fr\/wp-content\/uploads\/2018\/12\/PN_PA_Cruchon_2-797x1024.jpg 797w, https:\/\/yavaitcachezmeme.fr\/wp-content\/uploads\/2018\/12\/PN_PA_Cruchon_2-1196x1536.jpg 1196w, https:\/\/yavaitcachezmeme.fr\/wp-content\/uploads\/2018\/12\/PN_PA_Cruchon_2-1595x2048.jpg 1595w, https:\/\/yavaitcachezmeme.fr\/wp-content\/uploads\/2018\/12\/PN_PA_Cruchon_2.jpg 1931w\" sizes=\"auto, (max-width: 550px) 100vw, 550px\" \/><\/p>\n<p style=\"text-align: center;\"><span style=\"font-size: 120%;\">Grand cruchon 19\u00e8me<\/span><\/p>\n<p><img loading=\"lazy\" decoding=\"async\" class=\"aligncenter wp-image-4288\" src=\"http:\/\/yavaitcachezmeme.fr\/wp-content\/uploads\/2018\/12\/PN_PA_Faisselle_1-521x600.jpg\" alt=\"\" width=\"550\" height=\"634\" srcset=\"https:\/\/yavaitcachezmeme.fr\/wp-content\/uploads\/2018\/12\/PN_PA_Faisselle_1-521x600.jpg 521w, https:\/\/yavaitcachezmeme.fr\/wp-content\/uploads\/2018\/12\/PN_PA_Faisselle_1-889x1024.jpg 889w, https:\/\/yavaitcachezmeme.fr\/wp-content\/uploads\/2018\/12\/PN_PA_Faisselle_1-1333x1536.jpg 1333w, https:\/\/yavaitcachezmeme.fr\/wp-content\/uploads\/2018\/12\/PN_PA_Faisselle_1-1778x2048.jpg 1778w\" sizes=\"auto, (max-width: 550px) 100vw, 550px\" \/><\/p>\n<p style=\"text-align: center;\"><span style=\"font-size: 120%;\">Faisselle<\/span><\/p>\n<p><img loading=\"lazy\" decoding=\"async\" class=\"aligncenter wp-image-4289\" src=\"http:\/\/yavaitcachezmeme.fr\/wp-content\/uploads\/2018\/12\/PN_PA_Pichet_1-600x566.jpg\" alt=\"\" width=\"550\" height=\"519\" srcset=\"https:\/\/yavaitcachezmeme.fr\/wp-content\/uploads\/2018\/12\/PN_PA_Pichet_1-600x566.jpg 600w, https:\/\/yavaitcachezmeme.fr\/wp-content\/uploads\/2018\/12\/PN_PA_Pichet_1-1024x967.jpg 1024w, https:\/\/yavaitcachezmeme.fr\/wp-content\/uploads\/2018\/12\/PN_PA_Pichet_1-1536x1450.jpg 1536w, https:\/\/yavaitcachezmeme.fr\/wp-content\/uploads\/2018\/12\/PN_PA_Pichet_1-2048x1933.jpg 2048w\" sizes=\"auto, (max-width: 550px) 100vw, 550px\" \/><\/p>\n<p style=\"text-align: center;\"><span style=\"font-size: 120%;\">Petit pichet<\/span><\/p>\n<p><img loading=\"lazy\" decoding=\"async\" class=\"aligncenter wp-image-4262\" src=\"http:\/\/yavaitcachezmeme.fr\/wp-content\/uploads\/2018\/11\/PN_P_3-1024x577.jpg\" alt=\"\" width=\"820\" height=\"462\" srcset=\"https:\/\/yavaitcachezmeme.fr\/wp-content\/uploads\/2018\/11\/PN_P_3-1024x577.jpg 1024w, https:\/\/yavaitcachezmeme.fr\/wp-content\/uploads\/2018\/11\/PN_P_3-600x338.jpg 600w, https:\/\/yavaitcachezmeme.fr\/wp-content\/uploads\/2018\/11\/PN_P_3-1536x865.jpg 1536w, https:\/\/yavaitcachezmeme.fr\/wp-content\/uploads\/2018\/11\/PN_P_3-2048x1154.jpg 2048w\" sizes=\"auto, (max-width: 820px) 100vw, 820px\" \/><\/p>\n<p style=\"text-align: center;\"><span style=\"font-size: 120%;\">Passoire \u00e0 lait &#8211; Compl\u00e9t\u00e9e par un linge, elle servait \u00e0 filtrer le lait.<\/span><\/p>\n<p><img loading=\"lazy\" decoding=\"async\" class=\"aligncenter wp-image-4260\" src=\"http:\/\/yavaitcachezmeme.fr\/wp-content\/uploads\/2018\/11\/PN_J\u00e0C_3-1024x735.jpg\" alt=\"\" width=\"820\" height=\"589\" srcset=\"https:\/\/yavaitcachezmeme.fr\/wp-content\/uploads\/2018\/11\/PN_J\u00e0C_3-1024x735.jpg 1024w, https:\/\/yavaitcachezmeme.fr\/wp-content\/uploads\/2018\/11\/PN_J\u00e0C_3-600x431.jpg 600w, https:\/\/yavaitcachezmeme.fr\/wp-content\/uploads\/2018\/11\/PN_J\u00e0C_3-1536x1102.jpg 1536w, https:\/\/yavaitcachezmeme.fr\/wp-content\/uploads\/2018\/11\/PN_J\u00e0C_3-2048x1470.jpg 2048w\" sizes=\"auto, (max-width: 820px) 100vw, 820px\" \/><\/p>\n<p style=\"text-align: center;\"><span style=\"font-size: 120%;\">Jatte \u00e0 cr\u00e8me<\/span><\/p>\n<p><img loading=\"lazy\" decoding=\"async\" class=\"aligncenter wp-image-8109\" src=\"https:\/\/yavaitcachezmeme.fr\/wp-content\/uploads\/2022\/09\/PN_PA_Jatte_2-scaled-600x395.jpg\" alt=\"\" width=\"820\" height=\"540\" srcset=\"https:\/\/yavaitcachezmeme.fr\/wp-content\/uploads\/2022\/09\/PN_PA_Jatte_2-scaled-600x395.jpg 600w, https:\/\/yavaitcachezmeme.fr\/wp-content\/uploads\/2022\/09\/PN_PA_Jatte_2-scaled-1024x674.jpg 1024w, https:\/\/yavaitcachezmeme.fr\/wp-content\/uploads\/2022\/09\/PN_PA_Jatte_2-scaled-1536x1012.jpg 1536w, https:\/\/yavaitcachezmeme.fr\/wp-content\/uploads\/2022\/09\/PN_PA_Jatte_2-scaled-2048x1349.jpg 2048w\" sizes=\"auto, (max-width: 820px) 100vw, 820px\" \/><\/p>\n<p style=\"text-align: center;\"><span style=\"font-size: 120%;\">Jatte plate<\/span><\/p>\n<p><img loading=\"lazy\" decoding=\"async\" class=\"aligncenter wp-image-4264\" src=\"http:\/\/yavaitcachezmeme.fr\/wp-content\/uploads\/2018\/11\/PN_PT_3.jpg\" alt=\"\" width=\"820\" height=\"611\" srcset=\"https:\/\/yavaitcachezmeme.fr\/wp-content\/uploads\/2018\/11\/PN_PT_3.jpg 2480w, https:\/\/yavaitcachezmeme.fr\/wp-content\/uploads\/2018\/11\/PN_PT_3-600x447.jpg 600w, https:\/\/yavaitcachezmeme.fr\/wp-content\/uploads\/2018\/11\/PN_PT_3-1024x763.jpg 1024w, https:\/\/yavaitcachezmeme.fr\/wp-content\/uploads\/2018\/11\/PN_PT_3-1536x1144.jpg 1536w, https:\/\/yavaitcachezmeme.fr\/wp-content\/uploads\/2018\/11\/PN_PT_3-2048x1525.jpg 2048w\" sizes=\"auto, (max-width: 820px) 100vw, 820px\" \/><\/p>\n<p style=\"text-align: center;\"><span style=\"font-size: 120%;\">Porte d\u00eener 19\u00e8me<\/span><\/p>\n<p><img loading=\"lazy\" decoding=\"async\" class=\"aligncenter wp-image-8110\" src=\"https:\/\/yavaitcachezmeme.fr\/wp-content\/uploads\/2022\/09\/PN_PA_Pichet_2-scaled-499x600.jpg\" alt=\"\" width=\"550\" height=\"661\" srcset=\"https:\/\/yavaitcachezmeme.fr\/wp-content\/uploads\/2022\/09\/PN_PA_Pichet_2-scaled-499x600.jpg 499w, https:\/\/yavaitcachezmeme.fr\/wp-content\/uploads\/2022\/09\/PN_PA_Pichet_2-scaled-852x1024.jpg 852w, https:\/\/yavaitcachezmeme.fr\/wp-content\/uploads\/2022\/09\/PN_PA_Pichet_2-scaled-1279x1536.jpg 1279w, https:\/\/yavaitcachezmeme.fr\/wp-content\/uploads\/2022\/09\/PN_PA_Pichet_2-scaled-1705x2048.jpg 1705w\" sizes=\"auto, (max-width: 550px) 100vw, 550px\" \/><\/p>\n<p style=\"text-align: center;\"><span style=\"font-size: 120%;\">Pot \u00e0 eau<\/span><\/p>\n<p><img loading=\"lazy\" decoding=\"async\" class=\"aligncenter wp-image-4258\" src=\"http:\/\/yavaitcachezmeme.fr\/wp-content\/uploads\/2018\/11\/PN_CH_3.jpg\" alt=\"\" width=\"820\" height=\"521\" srcset=\"https:\/\/yavaitcachezmeme.fr\/wp-content\/uploads\/2018\/11\/PN_CH_3.jpg 2480w, https:\/\/yavaitcachezmeme.fr\/wp-content\/uploads\/2018\/11\/PN_CH_3-600x381.jpg 600w, https:\/\/yavaitcachezmeme.fr\/wp-content\/uploads\/2018\/11\/PN_CH_3-1024x651.jpg 1024w, https:\/\/yavaitcachezmeme.fr\/wp-content\/uploads\/2018\/11\/PN_CH_3-1536x976.jpg 1536w, https:\/\/yavaitcachezmeme.fr\/wp-content\/uploads\/2018\/11\/PN_CH_3-2048x1301.jpg 2048w\" sizes=\"auto, (max-width: 820px) 100vw, 820px\" \/><\/p>\n<p style=\"text-align: center;\"><span style=\"font-size: 120%;\">Chaufferette<\/span><\/p>\n<p><img loading=\"lazy\" decoding=\"async\" class=\"aligncenter wp-image-3441\" src=\"http:\/\/yavaitcachezmeme.fr\/wp-content\/uploads\/2017\/12\/Poterie_08.jpg\" alt=\"\" width=\"820\" height=\"405\" srcset=\"https:\/\/yavaitcachezmeme.fr\/wp-content\/uploads\/2017\/12\/Poterie_08.jpg 945w, https:\/\/yavaitcachezmeme.fr\/wp-content\/uploads\/2017\/12\/Poterie_08-600x297.jpg 600w\" sizes=\"auto, (max-width: 820px) 100vw, 820px\" \/><\/p>\n<p style=\"text-align: center;\"><span style=\"font-size: 120%;\">Briques<\/span><\/p>\n<p style=\"text-align: center;\"><span style=\"color: #ff6600;\"><strong>~o~<\/strong><\/span><\/p>\n<p><span style=\"font-size: 120%;\"><span style=\"text-decoration: underline; color: #ff6600;\"><strong>BRISSARD<\/strong><\/span>\u00a0(Eure) au Nord de Dreux dans la vall\u00e9e de l&rsquo;Eure.<\/span><\/p>\n<p><img loading=\"lazy\" decoding=\"async\" class=\"aligncenter wp-image-4282\" src=\"http:\/\/yavaitcachezmeme.fr\/wp-content\/uploads\/2018\/12\/PN_BRI_Chaufferette_1.jpg\" alt=\"\" width=\"820\" height=\"548\" srcset=\"https:\/\/yavaitcachezmeme.fr\/wp-content\/uploads\/2018\/12\/PN_BRI_Chaufferette_1.jpg 2480w, https:\/\/yavaitcachezmeme.fr\/wp-content\/uploads\/2018\/12\/PN_BRI_Chaufferette_1-600x401.jpg 600w, https:\/\/yavaitcachezmeme.fr\/wp-content\/uploads\/2018\/12\/PN_BRI_Chaufferette_1-1024x685.jpg 1024w, https:\/\/yavaitcachezmeme.fr\/wp-content\/uploads\/2018\/12\/PN_BRI_Chaufferette_1-1536x1027.jpg 1536w, https:\/\/yavaitcachezmeme.fr\/wp-content\/uploads\/2018\/12\/PN_BRI_Chaufferette_1-2048x1369.jpg 2048w\" sizes=\"auto, (max-width: 820px) 100vw, 820px\" \/><\/p>\n<p style=\"text-align: center;\"><span style=\"font-size: 120%;\">Chaufferettes<\/span><\/p>\n<p><img loading=\"lazy\" decoding=\"async\" class=\"aligncenter wp-image-4283\" src=\"http:\/\/yavaitcachezmeme.fr\/wp-content\/uploads\/2018\/12\/PN_BRI_Cruchon_1-453x600.jpg\" alt=\"\" width=\"550\" height=\"728\" srcset=\"https:\/\/yavaitcachezmeme.fr\/wp-content\/uploads\/2018\/12\/PN_BRI_Cruchon_1-453x600.jpg 453w, https:\/\/yavaitcachezmeme.fr\/wp-content\/uploads\/2018\/12\/PN_BRI_Cruchon_1-773x1024.jpg 773w, https:\/\/yavaitcachezmeme.fr\/wp-content\/uploads\/2018\/12\/PN_BRI_Cruchon_1-1160x1536.jpg 1160w, https:\/\/yavaitcachezmeme.fr\/wp-content\/uploads\/2018\/12\/PN_BRI_Cruchon_1-1547x2048.jpg 1547w, https:\/\/yavaitcachezmeme.fr\/wp-content\/uploads\/2018\/12\/PN_BRI_Cruchon_1.jpg 1873w\" sizes=\"auto, (max-width: 550px) 100vw, 550px\" \/><\/p>\n<p style=\"text-align: center;\"><span style=\"font-size: 120%;\">Cruchon<\/span><\/p>\n<p><img loading=\"lazy\" decoding=\"async\" class=\"aligncenter wp-image-4284\" src=\"http:\/\/yavaitcachezmeme.fr\/wp-content\/uploads\/2018\/12\/PN_BRI_Cuit-pomme_1-1024x848.jpg\" alt=\"\" width=\"820\" height=\"679\" srcset=\"https:\/\/yavaitcachezmeme.fr\/wp-content\/uploads\/2018\/12\/PN_BRI_Cuit-pomme_1-1024x848.jpg 1024w, https:\/\/yavaitcachezmeme.fr\/wp-content\/uploads\/2018\/12\/PN_BRI_Cuit-pomme_1-600x497.jpg 600w, https:\/\/yavaitcachezmeme.fr\/wp-content\/uploads\/2018\/12\/PN_BRI_Cuit-pomme_1-1536x1272.jpg 1536w, https:\/\/yavaitcachezmeme.fr\/wp-content\/uploads\/2018\/12\/PN_BRI_Cuit-pomme_1-2048x1696.jpg 2048w\" sizes=\"auto, (max-width: 820px) 100vw, 820px\" \/><\/p>\n<p style=\"text-align: center;\"><span style=\"font-size: 120%;\">Le cuit pommes est plac\u00e9 devant les braises directement dans la chemin\u00e9e.<\/span><\/p>\n<p style=\"text-align: center;\"><span style=\"color: #ff6600;\"><strong>~o~<\/strong><\/span><\/p>\n<p><span style=\"font-size: 120%;\"><span style=\"text-decoration: underline; color: #ff6600;\"><strong>LA HAYE-MALHERBE<\/strong><\/span> (Eure) \u00e0 l&rsquo;Ouest de Louviers.<\/span><\/p>\n<p><img loading=\"lazy\" decoding=\"async\" class=\"aligncenter wp-image-4270\" src=\"http:\/\/yavaitcachezmeme.fr\/wp-content\/uploads\/2018\/11\/PN_HM_Tripi\u00e8re_1.jpg\" alt=\"\" width=\"820\" height=\"399\" srcset=\"https:\/\/yavaitcachezmeme.fr\/wp-content\/uploads\/2018\/11\/PN_HM_Tripi\u00e8re_1.jpg 2480w, https:\/\/yavaitcachezmeme.fr\/wp-content\/uploads\/2018\/11\/PN_HM_Tripi\u00e8re_1-600x292.jpg 600w, https:\/\/yavaitcachezmeme.fr\/wp-content\/uploads\/2018\/11\/PN_HM_Tripi\u00e8re_1-1024x499.jpg 1024w, https:\/\/yavaitcachezmeme.fr\/wp-content\/uploads\/2018\/11\/PN_HM_Tripi\u00e8re_1-1536x748.jpg 1536w, https:\/\/yavaitcachezmeme.fr\/wp-content\/uploads\/2018\/11\/PN_HM_Tripi\u00e8re_1-2048x998.jpg 2048w\" sizes=\"auto, (max-width: 820px) 100vw, 820px\" \/><\/p>\n<p style=\"text-align: center;\"><span style=\"font-size: 120%;\">Tripi\u00e8re et cruchon<\/span><\/p>\n<p><img loading=\"lazy\" decoding=\"async\" class=\"aligncenter wp-image-4296\" src=\"http:\/\/yavaitcachezmeme.fr\/wp-content\/uploads\/2018\/12\/PN_HM_Porte-diner_1-1024x892.jpg\" alt=\"\" width=\"650\" height=\"566\" srcset=\"https:\/\/yavaitcachezmeme.fr\/wp-content\/uploads\/2018\/12\/PN_HM_Porte-diner_1-1024x892.jpg 1024w, https:\/\/yavaitcachezmeme.fr\/wp-content\/uploads\/2018\/12\/PN_HM_Porte-diner_1-600x523.jpg 600w, https:\/\/yavaitcachezmeme.fr\/wp-content\/uploads\/2018\/12\/PN_HM_Porte-diner_1-1536x1338.jpg 1536w, https:\/\/yavaitcachezmeme.fr\/wp-content\/uploads\/2018\/12\/PN_HM_Porte-diner_1-2048x1785.jpg 2048w\" sizes=\"auto, (max-width: 650px) 100vw, 650px\" \/><\/p>\n<p style=\"text-align: center;\"><span style=\"font-size: 120%;\">Porte diner<\/span><\/p>\n<p style=\"text-align: center;\"><span style=\"color: #ff6600;\"><strong>~o~<\/strong><\/span><\/p>\n<p><span style=\"font-size: 120%;\"><span style=\"text-decoration: underline; color: #ff6600;\"><strong>NORON LA POTERIE<\/strong><\/span> (Calvados) au Sud-ouest de Bayeux.<\/span><\/p>\n<p><img loading=\"lazy\" decoding=\"async\" class=\"aligncenter wp-image-4271\" src=\"http:\/\/yavaitcachezmeme.fr\/wp-content\/uploads\/2018\/11\/PN_NLP_Vase_1-1024x926.jpg\" alt=\"\" width=\"650\" height=\"588\" srcset=\"https:\/\/yavaitcachezmeme.fr\/wp-content\/uploads\/2018\/11\/PN_NLP_Vase_1-1024x926.jpg 1024w, https:\/\/yavaitcachezmeme.fr\/wp-content\/uploads\/2018\/11\/PN_NLP_Vase_1-600x542.jpg 600w, https:\/\/yavaitcachezmeme.fr\/wp-content\/uploads\/2018\/11\/PN_NLP_Vase_1-1536x1389.jpg 1536w, https:\/\/yavaitcachezmeme.fr\/wp-content\/uploads\/2018\/11\/PN_NLP_Vase_1-2048x1851.jpg 2048w\" sizes=\"auto, (max-width: 650px) 100vw, 650px\" \/><\/p>\n<p style=\"text-align: center;\"><span style=\"font-size: 120%;\">Vase aux pommes<\/span><\/p>\n<p style=\"text-align: center;\"><span style=\"color: #ff6600;\"><strong>~o~<\/strong><\/span><\/p>\n<p><span style=\"font-size: 120%;\"><span style=\"text-decoration: underline; color: #ff6600;\"><strong>BAVENT<\/strong><\/span> (Calvados) Poteries de la Tuilerie Normande<\/span><\/p>\n<p><img loading=\"lazy\" decoding=\"async\" class=\"aligncenter wp-image-4369\" src=\"http:\/\/yavaitcachezmeme.fr\/wp-content\/uploads\/2019\/04\/Bavent.jpg\" alt=\"\" width=\"820\" height=\"541\" \/><\/p>\n<p style=\"text-align: center;\"><span style=\"font-size: 120%;\">D\u00e9cors de jardin<\/span><\/p>\n<p><img loading=\"lazy\" decoding=\"async\" class=\"aligncenter wp-image-9795\" src=\"https:\/\/yavaitcachezmeme.fr\/wp-content\/uploads\/2023\/03\/Grotesque-Bavent-366x600.jpg\" alt=\"\" width=\"500\" height=\"820\" srcset=\"https:\/\/yavaitcachezmeme.fr\/wp-content\/uploads\/2023\/03\/Grotesque-Bavent-366x600.jpg 366w, https:\/\/yavaitcachezmeme.fr\/wp-content\/uploads\/2023\/03\/Grotesque-Bavent-624x1024.jpg 624w, https:\/\/yavaitcachezmeme.fr\/wp-content\/uploads\/2023\/03\/Grotesque-Bavent-936x1536.jpg 936w, https:\/\/yavaitcachezmeme.fr\/wp-content\/uploads\/2023\/03\/Grotesque-Bavent-1249x2048.jpg 1249w, https:\/\/yavaitcachezmeme.fr\/wp-content\/uploads\/2023\/03\/Grotesque-Bavent-scaled.jpg 1561w\" sizes=\"auto, (max-width: 500px) 100vw, 500px\" \/><\/p>\n<p style=\"text-align: center;\"><span style=\"font-size: 120%;\">Grotesque mural<\/span><\/p>\n<p style=\"text-align: center;\"><span style=\"color: #ff6600;\"><strong>~o~<\/strong><\/span><\/p>\n<p><span style=\"font-size: 120%;\"><span style=\"text-decoration: underline; color: #ff6600;\"><strong>GER<\/strong><\/span> (Manche), au Nord-Ouest de Domfront.<\/span><\/p>\n<p><img loading=\"lazy\" decoding=\"async\" class=\"aligncenter wp-image-4285\" src=\"http:\/\/yavaitcachezmeme.fr\/wp-content\/uploads\/2018\/12\/PN_GER_Bouteilles-cidre_1.jpg\" alt=\"\" width=\"475\" height=\"754\" srcset=\"https:\/\/yavaitcachezmeme.fr\/wp-content\/uploads\/2018\/12\/PN_GER_Bouteilles-cidre_1.jpg 1563w, https:\/\/yavaitcachezmeme.fr\/wp-content\/uploads\/2018\/12\/PN_GER_Bouteilles-cidre_1-378x600.jpg 378w, https:\/\/yavaitcachezmeme.fr\/wp-content\/uploads\/2018\/12\/PN_GER_Bouteilles-cidre_1-645x1024.jpg 645w, https:\/\/yavaitcachezmeme.fr\/wp-content\/uploads\/2018\/12\/PN_GER_Bouteilles-cidre_1-968x1536.jpg 968w, https:\/\/yavaitcachezmeme.fr\/wp-content\/uploads\/2018\/12\/PN_GER_Bouteilles-cidre_1-1291x2048.jpg 1291w\" sizes=\"auto, (max-width: 475px) 100vw, 475px\" \/><\/p>\n<p style=\"text-align: center;\"><span style=\"font-size: 120%;\">Bouteilles \u00e0 cidre<\/span><\/p>\n<p style=\"text-align: center;\"><span style=\"color: #ff6600;\"><strong>~o~<\/strong><\/span><\/p>\n<p><span style=\"font-size: 120%;\">La tuile dat\u00e9e 1889 et la brique dat\u00e9e 1874 sont d&rsquo;origines inconnues, mais je les ai trouv\u00e9es autour de Bernay.<\/span><\/p>\n<p><img loading=\"lazy\" decoding=\"async\" class=\"aligncenter wp-image-3442\" src=\"http:\/\/yavaitcachezmeme.fr\/wp-content\/uploads\/2017\/12\/Poterie_09.jpg\" alt=\"\" width=\"820\" height=\"541\" srcset=\"https:\/\/yavaitcachezmeme.fr\/wp-content\/uploads\/2017\/12\/Poterie_09.jpg 945w, https:\/\/yavaitcachezmeme.fr\/wp-content\/uploads\/2017\/12\/Poterie_09-600x396.jpg 600w\" sizes=\"auto, (max-width: 820px) 100vw, 820px\" \/><\/p>\n<p style=\"text-align: center;\"><span style=\"font-size: 120%;\">Briques et tuile<\/span><\/p>\n<p style=\"text-align: center;\"><img loading=\"lazy\" decoding=\"async\" class=\"alignnone wp-image-12394\" src=\"https:\/\/yavaitcachezmeme.fr\/wp-content\/uploads\/2024\/11\/Poteries-Normandes-600x266.png\" alt=\"\" width=\"125\" height=\"55\" srcset=\"https:\/\/yavaitcachezmeme.fr\/wp-content\/uploads\/2024\/11\/Poteries-Normandes-600x266.png 600w, https:\/\/yavaitcachezmeme.fr\/wp-content\/uploads\/2024\/11\/Poteries-Normandes-1024x454.png 1024w, https:\/\/yavaitcachezmeme.fr\/wp-content\/uploads\/2024\/11\/Poteries-Normandes.png 1332w\" sizes=\"auto, (max-width: 125px) 100vw, 125px\" \/><\/p>\n<p style=\"text-align: justify;\"><span style=\"font-size: 120%;\">Les th\u00e8mes de la rubrique <span style=\"color: #ff6600;\"><strong>curiosit\u00e9s<\/strong><\/span> sont \u00e0 visiter en cliquant sur les liens suivants :<\/span><\/p>\n<p style=\"text-align: justify;\"><span style=\"font-size: 120%;\"><strong><a href=\"https:\/\/yavaitcachezmeme.fr\/index.php\/curiosites\/art-populaire-interieur\/\">Art populaire domestique<\/a> &#8211; <a href=\"https:\/\/yavaitcachezmeme.fr\/index.php\/curiosites\/art-populaire-exterieur\/\">Art populaire professionnel<\/a> &#8211; <a href=\"https:\/\/yavaitcachezmeme.fr\/index.php\/curiosites\/graines-noix-noyaux\/\">Graines, noix &amp; noyaux<\/a>\u00a0 &#8211; <a href=\"https:\/\/yavaitcachezmeme.fr\/index.php\/curiosites\/art-de-tranchee\/\">Art de tranch\u00e9e et Conscription<\/a>\u00a0&#8211; <a href=\"http:\/\/yavaitcachezmeme.fr\/index.php\/curiosites\/cabinet-de-curiostes\/\">Cabinet de curiosit\u00e9s<\/a>\u00a0 &#8211; \u00a0<a href=\"http:\/\/yavaitcachezmeme.fr\/index.php\/curiosites\/d-ici-et-d-ailleurs\/\">D&rsquo;ici et d&rsquo;ailleurs<\/a>\u00a0 &#8211; <a href=\"https:\/\/yavaitcachezmeme.fr\/index.php\/curiosites\/germaine-bouret\/\">Germaine Bouret<\/a> &#8211; \u00a0<a href=\"http:\/\/yavaitcachezmeme.fr\/index.php\/curiosites\/poteries-normandes\/\">Poteries Normandes<\/a>\u00a0 &#8211; \u00a0<a href=\"http:\/\/yavaitcachezmeme.fr\/index.php\/curiosites\/vieux-papiers\/\">Vieux Papiers<\/a><\/strong><\/span><\/p>\n<div style=\"font-size: 100%; font-family: georgia; text-align: justify;\"><a href=\"https:\/\/yavaitcachezmeme.fr\/\"><img loading=\"lazy\" decoding=\"async\" class=\"aligncenter wp-image-5243\" src=\"https:\/\/yavaitcachezmeme.fr\/wp-content\/uploads\/2024\/11\/Marque-b.png\" alt=\"\" width=\"25\" height=\"43\" \/><\/a><\/div>\n<\/div>\n","protected":false},"excerpt":{"rendered":"<p>Des poteries normandes de Haute et Basse Normandie. PR\u00c9 D&rsquo;AUGE (Calvados) \u00e0 l&rsquo;Ouest de Lisieux dans le Calvados. Cruchon 18\u00e8me Grand cruchon 19\u00e8me&#8230;<\/p>\n","protected":false},"author":1,"featured_media":0,"parent":97,"menu_order":70,"comment_status":"closed","ping_status":"closed","template":"","meta":{"footnotes":""},"class_list":["post-3426","page","type-page","status-publish","hentry"],"_links":{"self":[{"href":"https:\/\/yavaitcachezmeme.fr\/index.php\/wp-json\/wp\/v2\/pages\/3426","targetHints":{"allow":["GET"]}}],"collection":[{"href":"https:\/\/yavaitcachezmeme.fr\/index.php\/wp-json\/wp\/v2\/pages"}],"about":[{"href":"https:\/\/yavaitcachezmeme.fr\/index.php\/wp-json\/wp\/v2\/types\/page"}],"author":[{"embeddable":true,"href":"https:\/\/yavaitcachezmeme.fr\/index.php\/wp-json\/wp\/v2\/users\/1"}],"replies":[{"embeddable":true,"href":"https:\/\/yavaitcachezmeme.fr\/index.php\/wp-json\/wp\/v2\/comments?post=3426"}],"version-history":[{"count":79,"href":"https:\/\/yavaitcachezmeme.fr\/index.php\/wp-json\/wp\/v2\/pages\/3426\/revisions"}],"predecessor-version":[{"id":12395,"href":"https:\/\/yavaitcachezmeme.fr\/index.php\/wp-json\/wp\/v2\/pages\/3426\/revisions\/12395"}],"up":[{"embeddable":true,"href":"https:\/\/yavaitcachezmeme.fr\/index.php\/wp-json\/wp\/v2\/pages\/97"}],"wp:attachment":[{"href":"https:\/\/yavaitcachezmeme.fr\/index.php\/wp-json\/wp\/v2\/media?parent=3426"}],"curies":[{"name":"wp","href":"https:\/\/api.w.org\/{rel}","templated":true}]}}