{"id":432,"date":"2016-01-29T06:21:46","date_gmt":"2016-01-29T05:21:46","guid":{"rendered":"http:\/\/yavaitcachezmeme.fr\/?page_id=432"},"modified":"2025-11-02T15:02:47","modified_gmt":"2025-11-02T14:02:47","slug":"catastrophe-ferroviaire","status":"publish","type":"page","link":"https:\/\/yavaitcachezmeme.fr\/index.php\/bernay\/histoire-ferroviaire\/catastrophe-ferroviaire\/","title":{"rendered":"Catastrophes ferroviaires"},"content":{"rendered":"<div style=\"font-size: 120%; font-family: georgia;\">\n<p style=\"text-align: justify;\">Les deux principales <span style=\"color: #ff6600;\"><strong>catastrophes ferroviaires<\/strong><\/span> de Bernay : la premi\u00e8re le 10 septembre 1910 et la seconde le 22 juin 1936 .<\/p>\n<p style=\"text-align: center;\"><img loading=\"lazy\" decoding=\"async\" class=\"alignnone wp-image-12450\" src=\"https:\/\/yavaitcachezmeme.fr\/wp-content\/uploads\/2024\/11\/Histoire-ferroviaire-600x418.png\" alt=\"\" width=\"100\" height=\"70\" srcset=\"https:\/\/yavaitcachezmeme.fr\/wp-content\/uploads\/2024\/11\/Histoire-ferroviaire-600x418.png 600w, https:\/\/yavaitcachezmeme.fr\/wp-content\/uploads\/2024\/11\/Histoire-ferroviaire.png 829w\" sizes=\"auto, (max-width: 100px) 100vw, 100px\" \/><\/p>\n<p style=\"text-decoration: underline; color: #ff6600;\"><strong>Catastrophe ferroviaire du 10 septembre 1910 :<\/strong><\/p>\n<p style=\"text-align: justify;\">Le 10 septembre 1910 \u00e0 16h30, l&rsquo;express en provenance de Cherbourg, apr\u00e8s un passage sans arr\u00eat en gare de Bernay, d\u00e9raille au passage \u00e0 niveau de Boucheville (face aux rues Jacques Daviel et de la Charentonne).<br \/>\nLes causes de l&rsquo;accident seraient dues \u00e0 une vitesse excessive et \u00e0 un mauvaise entretien de la voie.<br \/>\nL&rsquo;\u00e9tat et son ministre furent moqu\u00e9s dans la presse pour leur mauvaise gestion du r\u00e9seau ferroviaire.<br \/>\nLes responsabilit\u00e9s seront vite attribu\u00e9es au m\u00e9canicien et au chauffeur, les deux tu\u00e9s le jour m\u00eame.<br \/>\nL&rsquo;accident fit douze morts et de nombreux d\u00e9g\u00e2ts.<\/p>\n<p><img loading=\"lazy\" decoding=\"async\" class=\"aligncenter wp-image-922 size-full\" src=\"https:\/\/yavaitcachezmeme.fr\/wp-content\/uploads\/2016\/02\/1_h_BERNAY_H_0068.jpg\" alt=\"\" width=\"820\" height=\"522\" srcset=\"https:\/\/yavaitcachezmeme.fr\/wp-content\/uploads\/2016\/02\/1_h_BERNAY_H_0068.jpg 820w, https:\/\/yavaitcachezmeme.fr\/wp-content\/uploads\/2016\/02\/1_h_BERNAY_H_0068-600x382.jpg 600w\" sizes=\"auto, (max-width: 820px) 100vw, 820px\" \/><\/p>\n<p style=\"text-align: center;\">La locomotive d\u00e9truite &#8211; Au milieu de la vue, l&rsquo;ancien caf\u00e9 des Fleurs<\/p>\n<p><img loading=\"lazy\" decoding=\"async\" class=\"aligncenter wp-image-923\" src=\"http:\/\/yavaitcachezmeme.fr\/wp-content\/uploads\/2016\/02\/2_h_BERNAY_H_0069.jpg\" alt=\"\" width=\"820\" height=\"521\" srcset=\"https:\/\/yavaitcachezmeme.fr\/wp-content\/uploads\/2016\/02\/2_h_BERNAY_H_0069.jpg 823w, https:\/\/yavaitcachezmeme.fr\/wp-content\/uploads\/2016\/02\/2_h_BERNAY_H_0069-600x381.jpg 600w\" sizes=\"auto, (max-width: 820px) 100vw, 820px\" \/><\/p>\n<p style=\"text-align: center;\">La locomotive renvers\u00e9e<\/p>\n<p><img loading=\"lazy\" decoding=\"async\" class=\"aligncenter wp-image-924 size-full\" src=\"https:\/\/yavaitcachezmeme.fr\/wp-content\/uploads\/2016\/02\/3_h_BERNAY_H_0070.jpg\" alt=\"\" width=\"820\" height=\"516\" srcset=\"https:\/\/yavaitcachezmeme.fr\/wp-content\/uploads\/2016\/02\/3_h_BERNAY_H_0070.jpg 820w, https:\/\/yavaitcachezmeme.fr\/wp-content\/uploads\/2016\/02\/3_h_BERNAY_H_0070-600x378.jpg 600w, https:\/\/yavaitcachezmeme.fr\/wp-content\/uploads\/2016\/02\/3_h_BERNAY_H_0070-542x340.jpg 542w\" sizes=\"auto, (max-width: 820px) 100vw, 820px\" \/><\/p>\n<p style=\"text-align: center;\">Le tander projet\u00e9 par dessus la locomotive \u00e0 50m en avant<\/p>\n<p><img loading=\"lazy\" decoding=\"async\" class=\"aligncenter wp-image-925\" src=\"http:\/\/yavaitcachezmeme.fr\/wp-content\/uploads\/2016\/02\/4_h_BERNAY_H_0071.jpg\" alt=\"\" width=\"820\" height=\"514\" srcset=\"https:\/\/yavaitcachezmeme.fr\/wp-content\/uploads\/2016\/02\/4_h_BERNAY_H_0071.jpg 824w, https:\/\/yavaitcachezmeme.fr\/wp-content\/uploads\/2016\/02\/4_h_BERNAY_H_0071-600x376.jpg 600w, https:\/\/yavaitcachezmeme.fr\/wp-content\/uploads\/2016\/02\/4_h_BERNAY_H_0071-542x340.jpg 542w\" sizes=\"auto, (max-width: 820px) 100vw, 820px\" \/><\/p>\n<p style=\"text-align: center;\">Les wagons d\u00e9molis<\/p>\n<p><img loading=\"lazy\" decoding=\"async\" class=\"aligncenter wp-image-926\" src=\"http:\/\/yavaitcachezmeme.fr\/wp-content\/uploads\/2016\/02\/5_h_BERNAY_H_0072.jpg\" alt=\"\" width=\"820\" height=\"517\" srcset=\"https:\/\/yavaitcachezmeme.fr\/wp-content\/uploads\/2016\/02\/5_h_BERNAY_H_0072.jpg 825w, https:\/\/yavaitcachezmeme.fr\/wp-content\/uploads\/2016\/02\/5_h_BERNAY_H_0072-600x378.jpg 600w\" sizes=\"auto, (max-width: 820px) 100vw, 820px\" \/><\/p>\n<p style=\"text-align: center;\">D\u00e9bris de wagons<\/p>\n<p><img loading=\"lazy\" decoding=\"async\" class=\"aligncenter wp-image-927\" src=\"http:\/\/yavaitcachezmeme.fr\/wp-content\/uploads\/2016\/02\/6_h_BERNAY_H_0782.jpg\" alt=\"\" width=\"820\" height=\"510\" srcset=\"https:\/\/yavaitcachezmeme.fr\/wp-content\/uploads\/2016\/02\/6_h_BERNAY_H_0782.jpg 822w, https:\/\/yavaitcachezmeme.fr\/wp-content\/uploads\/2016\/02\/6_h_BERNAY_H_0782-600x373.jpg 600w\" sizes=\"auto, (max-width: 820px) 100vw, 820px\" \/><\/p>\n<p style=\"text-align: center;\">Le fourgon de Poste<\/p>\n<p><img loading=\"lazy\" decoding=\"async\" class=\"aligncenter wp-image-928\" src=\"http:\/\/yavaitcachezmeme.fr\/wp-content\/uploads\/2016\/02\/7_h_BERNAY_H_0783.jpg\" alt=\"\" width=\"820\" height=\"519\" srcset=\"https:\/\/yavaitcachezmeme.fr\/wp-content\/uploads\/2016\/02\/7_h_BERNAY_H_0783.jpg 818w, https:\/\/yavaitcachezmeme.fr\/wp-content\/uploads\/2016\/02\/7_h_BERNAY_H_0783-600x380.jpg 600w\" sizes=\"auto, (max-width: 820px) 100vw, 820px\" \/><\/p>\n<p style=\"text-align: center;\">Les wagons t\u00e9lescop\u00e9s<\/p>\n<p><img loading=\"lazy\" decoding=\"async\" class=\"aligncenter wp-image-929\" src=\"http:\/\/yavaitcachezmeme.fr\/wp-content\/uploads\/2016\/02\/8_h_BERNAY_H_0073.jpg\" alt=\"\" width=\"820\" height=\"525\" srcset=\"https:\/\/yavaitcachezmeme.fr\/wp-content\/uploads\/2016\/02\/8_h_BERNAY_H_0073.jpg 817w, https:\/\/yavaitcachezmeme.fr\/wp-content\/uploads\/2016\/02\/8_h_BERNAY_H_0073-600x384.jpg 600w\" sizes=\"auto, (max-width: 820px) 100vw, 820px\" \/><\/p>\n<p style=\"text-align: center;\">Les wagons<\/p>\n<p><img loading=\"lazy\" decoding=\"async\" class=\"aligncenter wp-image-930\" src=\"http:\/\/yavaitcachezmeme.fr\/wp-content\/uploads\/2016\/02\/9_h_BERNAY_H_0074.jpg\" alt=\"\" width=\"820\" height=\"521\" srcset=\"https:\/\/yavaitcachezmeme.fr\/wp-content\/uploads\/2016\/02\/9_h_BERNAY_H_0074.jpg 818w, https:\/\/yavaitcachezmeme.fr\/wp-content\/uploads\/2016\/02\/9_h_BERNAY_H_0074-600x381.jpg 600w\" sizes=\"auto, (max-width: 820px) 100vw, 820px\" \/><\/p>\n<p style=\"text-align: center;\">Au passage \u00e0 niveau &#8211; Vues prise de la rue Jacques Daviel<\/p>\n<p><img loading=\"lazy\" decoding=\"async\" class=\"aligncenter wp-image-931\" src=\"http:\/\/yavaitcachezmeme.fr\/wp-content\/uploads\/2016\/02\/10_h_BERNAY_H_0781.jpg\" alt=\"\" width=\"820\" height=\"513\" srcset=\"https:\/\/yavaitcachezmeme.fr\/wp-content\/uploads\/2016\/02\/10_h_BERNAY_H_0781.jpg 814w, https:\/\/yavaitcachezmeme.fr\/wp-content\/uploads\/2016\/02\/10_h_BERNAY_H_0781-600x375.jpg 600w, https:\/\/yavaitcachezmeme.fr\/wp-content\/uploads\/2016\/02\/10_h_BERNAY_H_0781-542x340.jpg 542w\" sizes=\"auto, (max-width: 820px) 100vw, 820px\" \/><\/p>\n<p style=\"text-align: center;\">Les travaux de d\u00e9blaiement<\/p>\n<p><img loading=\"lazy\" decoding=\"async\" class=\"aligncenter wp-image-932\" src=\"http:\/\/yavaitcachezmeme.fr\/wp-content\/uploads\/2016\/02\/1_w_BERNAY_H_0689.jpg\" alt=\"\" width=\"820\" height=\"522\" srcset=\"https:\/\/yavaitcachezmeme.fr\/wp-content\/uploads\/2016\/02\/1_w_BERNAY_H_0689.jpg 823w, https:\/\/yavaitcachezmeme.fr\/wp-content\/uploads\/2016\/02\/1_w_BERNAY_H_0689-600x382.jpg 600w\" sizes=\"auto, (max-width: 820px) 100vw, 820px\" \/><\/p>\n<p style=\"text-align: center;\">D\u00e9bris de wagon<\/p>\n<p><img loading=\"lazy\" decoding=\"async\" class=\"aligncenter wp-image-933\" src=\"http:\/\/yavaitcachezmeme.fr\/wp-content\/uploads\/2016\/02\/2_w_BERNAY_H_0075.jpg\" alt=\"\" width=\"820\" height=\"524\" srcset=\"https:\/\/yavaitcachezmeme.fr\/wp-content\/uploads\/2016\/02\/2_w_BERNAY_H_0075.jpg 817w, https:\/\/yavaitcachezmeme.fr\/wp-content\/uploads\/2016\/02\/2_w_BERNAY_H_0075-600x383.jpg 600w\" sizes=\"auto, (max-width: 820px) 100vw, 820px\" \/><\/p>\n<p style=\"text-align: center;\">La locomotive sous la voie &#8211; A droite, l&rsquo;ancien caf\u00e9 des Fleurs<\/p>\n<p><img loading=\"lazy\" decoding=\"async\" class=\"aligncenter wp-image-934\" src=\"http:\/\/yavaitcachezmeme.fr\/wp-content\/uploads\/2016\/02\/3_w_BERNAY_H_0691.jpg\" alt=\"\" width=\"820\" height=\"522\" srcset=\"https:\/\/yavaitcachezmeme.fr\/wp-content\/uploads\/2016\/02\/3_w_BERNAY_H_0691.jpg 827w, https:\/\/yavaitcachezmeme.fr\/wp-content\/uploads\/2016\/02\/3_w_BERNAY_H_0691-600x382.jpg 600w\" sizes=\"auto, (max-width: 820px) 100vw, 820px\" \/><\/p>\n<p style=\"text-align: center;\">Le wagon Poste<\/p>\n<p style=\"text-align: center;\"><img loading=\"lazy\" decoding=\"async\" class=\"aligncenter wp-image-935\" src=\"http:\/\/yavaitcachezmeme.fr\/wp-content\/uploads\/2016\/02\/4_w_BERNAY_H_0690.jpg\" alt=\"\" width=\"820\" height=\"528\" srcset=\"https:\/\/yavaitcachezmeme.fr\/wp-content\/uploads\/2016\/02\/4_w_BERNAY_H_0690.jpg 819w, https:\/\/yavaitcachezmeme.fr\/wp-content\/uploads\/2016\/02\/4_w_BERNAY_H_0690-600x386.jpg 600w\" sizes=\"auto, (max-width: 820px) 100vw, 820px\" \/><\/p>\n<p style=\"text-align: center;\">Les dessous de la locomotive<\/p>\n<p><img loading=\"lazy\" decoding=\"async\" class=\"aligncenter wp-image-936\" src=\"http:\/\/yavaitcachezmeme.fr\/wp-content\/uploads\/2016\/02\/5_w_BERNAY_H_0076.jpg\" alt=\"\" width=\"820\" height=\"535\" srcset=\"https:\/\/yavaitcachezmeme.fr\/wp-content\/uploads\/2016\/02\/5_w_BERNAY_H_0076.jpg 811w, https:\/\/yavaitcachezmeme.fr\/wp-content\/uploads\/2016\/02\/5_w_BERNAY_H_0076-600x391.jpg 600w\" sizes=\"auto, (max-width: 820px) 100vw, 820px\" \/><\/p>\n<p style=\"text-align: center;\">L&rsquo;\u00e9tat de la voie aussit\u00f4t apr\u00e8s l&rsquo;accident<\/p>\n<p><img loading=\"lazy\" decoding=\"async\" class=\"aligncenter wp-image-937 size-full\" src=\"https:\/\/yavaitcachezmeme.fr\/wp-content\/uploads\/2016\/02\/6_w_BERNAY_H_0077.jpg\" alt=\"\" width=\"820\" height=\"528\" srcset=\"https:\/\/yavaitcachezmeme.fr\/wp-content\/uploads\/2016\/02\/6_w_BERNAY_H_0077.jpg 820w, https:\/\/yavaitcachezmeme.fr\/wp-content\/uploads\/2016\/02\/6_w_BERNAY_H_0077-600x386.jpg 600w\" sizes=\"auto, (max-width: 820px) 100vw, 820px\" \/><\/p>\n<p style=\"text-align: center;\">Wagon projet\u00e9 boulevard du Bas Bouffey<\/p>\n<p><img loading=\"lazy\" decoding=\"async\" class=\"aligncenter wp-image-938\" src=\"http:\/\/yavaitcachezmeme.fr\/wp-content\/uploads\/2016\/02\/7_w_BERNAY_H_0525.jpg\" alt=\"\" width=\"820\" height=\"531\" srcset=\"https:\/\/yavaitcachezmeme.fr\/wp-content\/uploads\/2016\/02\/7_w_BERNAY_H_0525.jpg 818w, https:\/\/yavaitcachezmeme.fr\/wp-content\/uploads\/2016\/02\/7_w_BERNAY_H_0525-600x389.jpg 600w\" sizes=\"auto, (max-width: 820px) 100vw, 820px\" \/><\/p>\n<p style=\"text-align: center;\">La \u00ab\u00a0Pacific\u00a0\u00bb apr\u00e8s l&rsquo;accident<\/p>\n<p><img loading=\"lazy\" decoding=\"async\" class=\"aligncenter wp-image-939 size-full\" src=\"https:\/\/yavaitcachezmeme.fr\/wp-content\/uploads\/2016\/02\/BERNAY_H_0078.jpg\" alt=\"\" width=\"820\" height=\"529\" srcset=\"https:\/\/yavaitcachezmeme.fr\/wp-content\/uploads\/2016\/02\/BERNAY_H_0078.jpg 820w, https:\/\/yavaitcachezmeme.fr\/wp-content\/uploads\/2016\/02\/BERNAY_H_0078-600x387.jpg 600w\" sizes=\"auto, (max-width: 820px) 100vw, 820px\" \/><\/p>\n<p style=\"text-align: center;\">Les wagons<\/p>\n<p><img loading=\"lazy\" decoding=\"async\" class=\"aligncenter wp-image-940\" src=\"http:\/\/yavaitcachezmeme.fr\/wp-content\/uploads\/2016\/02\/BERNAY_H_0079.jpg\" alt=\"\" width=\"820\" height=\"531\" srcset=\"https:\/\/yavaitcachezmeme.fr\/wp-content\/uploads\/2016\/02\/BERNAY_H_0079.jpg 824w, https:\/\/yavaitcachezmeme.fr\/wp-content\/uploads\/2016\/02\/BERNAY_H_0079-600x389.jpg 600w\" sizes=\"auto, (max-width: 820px) 100vw, 820px\" \/><\/p>\n<p style=\"text-align: center;\">Les wagons d\u00e9truits<\/p>\n<p><img loading=\"lazy\" decoding=\"async\" class=\"aligncenter wp-image-941 size-full\" src=\"https:\/\/yavaitcachezmeme.fr\/wp-content\/uploads\/2016\/02\/BERNAY_H_0526.jpg\" alt=\"\" width=\"820\" height=\"527\" srcset=\"https:\/\/yavaitcachezmeme.fr\/wp-content\/uploads\/2016\/02\/BERNAY_H_0526.jpg 820w, https:\/\/yavaitcachezmeme.fr\/wp-content\/uploads\/2016\/02\/BERNAY_H_0526-600x386.jpg 600w\" sizes=\"auto, (max-width: 820px) 100vw, 820px\" \/><\/p>\n<p style=\"text-align: center;\">La locomotive sur le flanc &#8211; Au milieu, l&rsquo;octroi de la rue Jacques Daviel<\/p>\n<p><img loading=\"lazy\" decoding=\"async\" class=\"aligncenter wp-image-942\" src=\"http:\/\/yavaitcachezmeme.fr\/wp-content\/uploads\/2016\/02\/BERNAY_H_0707.jpg\" alt=\"\" width=\"820\" height=\"533\" srcset=\"https:\/\/yavaitcachezmeme.fr\/wp-content\/uploads\/2016\/02\/BERNAY_H_0707.jpg 814w, https:\/\/yavaitcachezmeme.fr\/wp-content\/uploads\/2016\/02\/BERNAY_H_0707-600x390.jpg 600w\" sizes=\"auto, (max-width: 820px) 100vw, 820px\" \/><\/p>\n<p style=\"text-align: center;\">Le dessous de la locomotive &#8211; A gauche, le quartier de Bas Bouffey<\/p>\n<p><img loading=\"lazy\" decoding=\"async\" class=\"aligncenter wp-image-943\" src=\"http:\/\/yavaitcachezmeme.fr\/wp-content\/uploads\/2016\/02\/BERNAY_H_0856.jpg\" alt=\"\" width=\"820\" height=\"526\" srcset=\"https:\/\/yavaitcachezmeme.fr\/wp-content\/uploads\/2016\/02\/BERNAY_H_0856.jpg 810w, https:\/\/yavaitcachezmeme.fr\/wp-content\/uploads\/2016\/02\/BERNAY_H_0856-600x385.jpg 600w\" sizes=\"auto, (max-width: 820px) 100vw, 820px\" \/><\/p>\n<p style=\"text-align: center;\">Le constat est grave<\/p>\n<p><img loading=\"lazy\" decoding=\"async\" class=\"aligncenter wp-image-947\" src=\"http:\/\/yavaitcachezmeme.fr\/wp-content\/uploads\/2016\/02\/Le-Petit-Parisien-25-09-1910-e1455709823560.jpg\" alt=\"\" width=\"475\" height=\"724\" srcset=\"https:\/\/yavaitcachezmeme.fr\/wp-content\/uploads\/2016\/02\/Le-Petit-Parisien-25-09-1910-e1455709823560.jpg 800w, https:\/\/yavaitcachezmeme.fr\/wp-content\/uploads\/2016\/02\/Le-Petit-Parisien-25-09-1910-e1455709823560-393x600.jpg 393w, https:\/\/yavaitcachezmeme.fr\/wp-content\/uploads\/2016\/02\/Le-Petit-Parisien-25-09-1910-e1455709823560-671x1024.jpg 671w\" sizes=\"auto, (max-width: 475px) 100vw, 475px\" \/><\/p>\n<p style=\"text-align: center;\">Le Petit Parisien du 25 septembre 1910<\/p>\n<p><img loading=\"lazy\" decoding=\"async\" class=\"aligncenter wp-image-2478\" src=\"http:\/\/yavaitcachezmeme.fr\/wp-content\/uploads\/2017\/04\/Extrait-du-pellerin.jpg\" alt=\"\" width=\"820\" height=\"617\" srcset=\"https:\/\/yavaitcachezmeme.fr\/wp-content\/uploads\/2017\/04\/Extrait-du-pellerin.jpg 754w, https:\/\/yavaitcachezmeme.fr\/wp-content\/uploads\/2017\/04\/Extrait-du-pellerin-600x451.jpg 600w\" sizes=\"auto, (max-width: 820px) 100vw, 820px\" \/><\/p>\n<p style=\"text-align: center;\">Illustration du P\u00e8lerin (1910)<\/p>\n<p style=\"text-align: justify;\">Dessin par Br\u00e9ger, extrait du P\u00e8lerin suite \u00e0 la catastrophe ferroviaire du 10 septembre 1910 \u00e0 Bernay :<br \/>\nLe ministre BARTHOU : A la garde ! Voil\u00e0 un monstre.<br \/>\nLe voyageur : Pardon, Monsieur le Ministre, ce n&rsquo;est qu&rsquo;un voyageur prudent de la ligne de Bernay.<\/p>\n<p style=\"text-align: center;\"><span style=\"color: #ff6600;\"><strong>~o~<\/strong><\/span><\/p>\n<p><span style=\"text-decoration: underline; color: #ff6600;\"><strong>Catastrophe ferroviaire du 22 Juin 1936 :<\/strong><\/span><\/p>\n<p style=\"text-align: justify;\">Le 22 Juin 1936, une cinquantaine de membres de la soci\u00e9t\u00e9 des pompiers du Mesnil-sur-l&rsquo;Estr\u00e9e rentre d&rsquo;une journ\u00e9e pass\u00e9e sur la c\u00f4te normande. R\u00e9partis dans deux autobus, ils arrivent \u00e0 0h40 au passage \u00e0 niveau de Boucheville.<br \/>\nLe chauffeur du premier v\u00e9hicule demande d&rsquo;un coup de klaxon au garde-barri\u00e8res, l&rsquo;ouverture du passage. Ce dernier pensant qu&rsquo;il n&rsquo;y a qu&rsquo;un seul v\u00e9hicule, l\u00e8ve les barri\u00e8res, laisse passer le premier autobus, mais n&rsquo;arrive pas \u00e0 stopper le second percut\u00e9 par un train de marchandises.<br \/>\nLes pompiers dont la caserne est toute proche d\u00e9nombrent 6 morts et 19 bless\u00e9s. Un septi\u00e8me corps est retrouv\u00e9 un peu plus tard sur la machine \u00e0 vapeur, ce qui indique la violence du choc entre un autobus pratiquement \u00e0 l&rsquo;arr\u00eat et un train roulant \u00e0 90 km\/h.<br \/>\nLes quatre clich\u00e9s pr\u00e9sent\u00e9s ci-dessous sont des photos de presse, dont la seconde a \u00e9t\u00e9 publi\u00e9e dans le num\u00e9ro du 23 juin 1936 du quotidien Paris-Soir.<\/p>\n<p><img loading=\"lazy\" decoding=\"async\" class=\"aligncenter wp-image-3284\" src=\"http:\/\/yavaitcachezmeme.fr\/wp-content\/uploads\/2017\/12\/BERNAY_P-H_0001.jpg\" alt=\"\" width=\"850\" height=\"618\" srcset=\"https:\/\/yavaitcachezmeme.fr\/wp-content\/uploads\/2017\/12\/BERNAY_P-H_0001.jpg 1348w, https:\/\/yavaitcachezmeme.fr\/wp-content\/uploads\/2017\/12\/BERNAY_P-H_0001-600x436.jpg 600w, https:\/\/yavaitcachezmeme.fr\/wp-content\/uploads\/2017\/12\/BERNAY_P-H_0001-1024x744.jpg 1024w\" sizes=\"auto, (max-width: 850px) 100vw, 850px\" \/><\/p>\n<p style=\"text-align: center;\">Les d\u00e9bris de l&rsquo;autocar<br \/>\n(clich\u00e9 r\u00e9alis\u00e9 depuis le boulevard Dubus)<\/p>\n<p><img loading=\"lazy\" decoding=\"async\" class=\"aligncenter wp-image-10638\" src=\"https:\/\/yavaitcachezmeme.fr\/wp-content\/uploads\/2023\/09\/BERNAY_P-H_0106-scaled-600x445.jpg\" alt=\"\" width=\"820\" height=\"608\" srcset=\"https:\/\/yavaitcachezmeme.fr\/wp-content\/uploads\/2023\/09\/BERNAY_P-H_0106-scaled-600x445.jpg 600w, https:\/\/yavaitcachezmeme.fr\/wp-content\/uploads\/2023\/09\/BERNAY_P-H_0106-scaled-1024x759.jpg 1024w, https:\/\/yavaitcachezmeme.fr\/wp-content\/uploads\/2023\/09\/BERNAY_P-H_0106-scaled-1536x1139.jpg 1536w, https:\/\/yavaitcachezmeme.fr\/wp-content\/uploads\/2023\/09\/BERNAY_P-H_0106-scaled-2048x1518.jpg 2048w\" sizes=\"auto, (max-width: 820px) 100vw, 820px\" \/><\/p>\n<p style=\"text-align: center;\">Le d\u00e9gagement des voies<br \/>\n(clich\u00e9 r\u00e9alis\u00e9 depuis la rue Jacques Daviel)<\/p>\n<p><img loading=\"lazy\" decoding=\"async\" class=\"aligncenter wp-image-6730\" src=\"https:\/\/yavaitcachezmeme.fr\/wp-content\/uploads\/2022\/01\/BERNAY_P-H_0100-scaled-600x446.jpg\" alt=\"\" width=\"820\" height=\"610\" srcset=\"https:\/\/yavaitcachezmeme.fr\/wp-content\/uploads\/2022\/01\/BERNAY_P-H_0100-scaled-600x446.jpg 600w, https:\/\/yavaitcachezmeme.fr\/wp-content\/uploads\/2022\/01\/BERNAY_P-H_0100-scaled-1024x761.jpg 1024w, https:\/\/yavaitcachezmeme.fr\/wp-content\/uploads\/2022\/01\/BERNAY_P-H_0100-scaled-1536x1142.jpg 1536w, https:\/\/yavaitcachezmeme.fr\/wp-content\/uploads\/2022\/01\/BERNAY_P-H_0100-scaled-2048x1522.jpg 2048w\" sizes=\"auto, (max-width: 820px) 100vw, 820px\" \/><\/p>\n<p style=\"text-align: center;\">La machine tamponneuse passe sur les lieux<br \/>\n(clich\u00e9 r\u00e9alis\u00e9 depuis le boulevard Dubus)<\/p>\n<p><img loading=\"lazy\" decoding=\"async\" class=\"aligncenter wp-image-6731\" src=\"https:\/\/yavaitcachezmeme.fr\/wp-content\/uploads\/2022\/01\/BERNAY_P-H_0101-scaled-600x436.jpg\" alt=\"\" width=\"820\" height=\"596\" srcset=\"https:\/\/yavaitcachezmeme.fr\/wp-content\/uploads\/2022\/01\/BERNAY_P-H_0101-scaled-600x436.jpg 600w, https:\/\/yavaitcachezmeme.fr\/wp-content\/uploads\/2022\/01\/BERNAY_P-H_0101-scaled-1024x745.jpg 1024w, https:\/\/yavaitcachezmeme.fr\/wp-content\/uploads\/2022\/01\/BERNAY_P-H_0101-scaled-1536x1117.jpg 1536w, https:\/\/yavaitcachezmeme.fr\/wp-content\/uploads\/2022\/01\/BERNAY_P-H_0101-scaled-2048x1490.jpg 2048w\" sizes=\"auto, (max-width: 820px) 100vw, 820px\" \/><\/p>\n<p style=\"text-align: center;\">Le rescap\u00e9 raconte les phases de l&rsquo;accident au journaliste qui en prend note<\/p>\n<p style=\"text-align: center;\"><span style=\"color: #ff6600; font-size: 120%;\"><strong>~o~<\/strong><\/span><\/p>\n<p style=\"text-align: justify;\">Les th\u00e8mes de l&rsquo;<span style=\"color: #ff6600;\"><strong>histoire ferroviaire<\/strong><\/span> bernayenne sont \u00e0 visiter en cliquant sur les liens suivants :<\/p>\n<p style=\"text-align: justify;\"><strong><a href=\"https:\/\/yavaitcachezmeme.fr\/index.php\/bernay\/histoire-ferroviaire\/catastrophe-ferroviaire\/\">Les catastrophes ferroviaires bernayennes<\/a> &#8211; <a href=\"https:\/\/yavaitcachezmeme.fr\/index.php\/bernay\/histoire-ferroviaire\/bernay-cormeilles\/\">La ligne Bernay Cormeilles<\/a> &#8211; <a href=\"https:\/\/yavaitcachezmeme.fr\/index.php\/bernay\/histoire-ferroviaire\/bernay-ste-gauburge\/\">La ligne Bernay Sainte-Gauburge<\/a><\/strong><\/p>\n<p style=\"text-align: justify;\"><a href=\"https:\/\/yavaitcachezmeme.fr\/index.php\/bernay\/\"><img loading=\"lazy\" decoding=\"async\" class=\"aligncenter wp-image-5243\" src=\"https:\/\/yavaitcachezmeme.fr\/wp-content\/uploads\/2024\/11\/Marque-b.png\" alt=\"\" width=\"25\" height=\"43\" \/><\/a><\/p>\n<\/div>\n","protected":false},"excerpt":{"rendered":"<p>Les deux principales catastrophes ferroviaires de Bernay : la premi\u00e8re le 10 septembre 1910 et la seconde le 22 juin 1936 . Catastrophe&#8230;<\/p>\n","protected":false},"author":1,"featured_media":0,"parent":9894,"menu_order":10,"comment_status":"closed","ping_status":"closed","template":"","meta":{"footnotes":""},"class_list":["post-432","page","type-page","status-publish","hentry"],"_links":{"self":[{"href":"https:\/\/yavaitcachezmeme.fr\/index.php\/wp-json\/wp\/v2\/pages\/432","targetHints":{"allow":["GET"]}}],"collection":[{"href":"https:\/\/yavaitcachezmeme.fr\/index.php\/wp-json\/wp\/v2\/pages"}],"about":[{"href":"https:\/\/yavaitcachezmeme.fr\/index.php\/wp-json\/wp\/v2\/types\/page"}],"author":[{"embeddable":true,"href":"https:\/\/yavaitcachezmeme.fr\/index.php\/wp-json\/wp\/v2\/users\/1"}],"replies":[{"embeddable":true,"href":"https:\/\/yavaitcachezmeme.fr\/index.php\/wp-json\/wp\/v2\/comments?post=432"}],"version-history":[{"count":100,"href":"https:\/\/yavaitcachezmeme.fr\/index.php\/wp-json\/wp\/v2\/pages\/432\/revisions"}],"predecessor-version":[{"id":13185,"href":"https:\/\/yavaitcachezmeme.fr\/index.php\/wp-json\/wp\/v2\/pages\/432\/revisions\/13185"}],"up":[{"embeddable":true,"href":"https:\/\/yavaitcachezmeme.fr\/index.php\/wp-json\/wp\/v2\/pages\/9894"}],"wp:attachment":[{"href":"https:\/\/yavaitcachezmeme.fr\/index.php\/wp-json\/wp\/v2\/media?parent=432"}],"curies":[{"name":"wp","href":"https:\/\/api.w.org\/{rel}","templated":true}]}}