{"id":4429,"date":"2019-10-27T07:19:04","date_gmt":"2019-10-27T06:19:04","guid":{"rendered":"http:\/\/yavaitcachezmeme.fr\/?page_id=4429"},"modified":"2024-06-09T16:19:52","modified_gmt":"2024-06-09T15:19:52","slug":"boissy-lamberville","status":"publish","type":"page","link":"https:\/\/yavaitcachezmeme.fr\/index.php\/les-environs\/boissy-lamberville\/","title":{"rendered":"Boissy-Lamberville"},"content":{"rendered":"<div style=\"font-size: 120%; font-family: georgia;\">\n<p style=\"text-align: justify;\">Situ\u00e9e \u00e0 l&rsquo;Est de Thiberville, <span style=\"color: #ff6600;\"><strong>Boissy-Lamberville<\/strong><\/span> recense 322 habitants en 2013 contre 366 en 1911.<\/p>\n<p style=\"text-align: center;\"><span style=\"color: #ff6600;\"><strong>~o~<\/strong><\/span><\/p>\n<p><img loading=\"lazy\" decoding=\"async\" class=\"aligncenter wp-image-4425\" src=\"http:\/\/yavaitcachezmeme.fr\/wp-content\/uploads\/2019\/10\/BOISSY-LAMBERVILLE_H_004.jpg\" alt=\"\" width=\"820\" height=\"508\" srcset=\"https:\/\/yavaitcachezmeme.fr\/wp-content\/uploads\/2019\/10\/BOISSY-LAMBERVILLE_H_004.jpg 816w, https:\/\/yavaitcachezmeme.fr\/wp-content\/uploads\/2019\/10\/BOISSY-LAMBERVILLE_H_004-600x372.jpg 600w\" sizes=\"auto, (max-width: 820px) 100vw, 820px\" \/><\/p>\n<p style=\"text-align: center;\">Vue sur l&rsquo;\u00e9glise depuis la route de Bernay<\/p>\n<p><a href=\"https:\/\/www.google.com\/maps\/@49.1674003,0.5763788,3a,48.6y,357.96h,97.04t\/data=!3m6!1e1!3m4!1sOuE6fpdYwVgqqVqzDHrvDA!2e0!7i16384!8i8192\" target=\"_blank\" rel=\"noopener\"><img loading=\"lazy\" decoding=\"async\" class=\"aligncenter wp-image-8272\" src=\"https:\/\/yavaitcachezmeme.fr\/wp-content\/uploads\/2022\/09\/unnamed.png\" alt=\"\" width=\"25\" height=\"25\" srcset=\"https:\/\/yavaitcachezmeme.fr\/wp-content\/uploads\/2022\/09\/unnamed.png 512w, https:\/\/yavaitcachezmeme.fr\/wp-content\/uploads\/2022\/09\/unnamed-150x150.png 150w\" sizes=\"auto, (max-width: 25px) 100vw, 25px\" \/><\/a><\/p>\n<p><img loading=\"lazy\" decoding=\"async\" class=\"aligncenter wp-image-4981\" src=\"https:\/\/yavaitcachezmeme.fr\/wp-content\/uploads\/2020\/07\/BOISSY-LAMBERVILLE_H_006.jpg\" alt=\"\" width=\"820\" height=\"522\" srcset=\"https:\/\/yavaitcachezmeme.fr\/wp-content\/uploads\/2020\/07\/BOISSY-LAMBERVILLE_H_006.jpg 1628w, https:\/\/yavaitcachezmeme.fr\/wp-content\/uploads\/2020\/07\/BOISSY-LAMBERVILLE_H_006-600x382.jpg 600w, https:\/\/yavaitcachezmeme.fr\/wp-content\/uploads\/2020\/07\/BOISSY-LAMBERVILLE_H_006-1024x652.jpg 1024w, https:\/\/yavaitcachezmeme.fr\/wp-content\/uploads\/2020\/07\/BOISSY-LAMBERVILLE_H_006-1536x977.jpg 1536w\" sizes=\"auto, (max-width: 820px) 100vw, 820px\" \/><\/p>\n<p style=\"text-align: center;\">Vue anim\u00e9e devant le caf\u00e9<\/p>\n<p><a href=\"https:\/\/www.google.com\/maps\/@49.1678386,0.5762235,3a,49.1y,185.26h,96.8t\/data=!3m6!1e1!3m4!1stcqunLl5l0PoI89uM630RA!2e0!7i16384!8i8192\" target=\"_blank\" rel=\"noopener\"><img loading=\"lazy\" decoding=\"async\" class=\"aligncenter wp-image-8272\" src=\"https:\/\/yavaitcachezmeme.fr\/wp-content\/uploads\/2022\/09\/unnamed.png\" alt=\"\" width=\"25\" height=\"25\" srcset=\"https:\/\/yavaitcachezmeme.fr\/wp-content\/uploads\/2022\/09\/unnamed.png 512w, https:\/\/yavaitcachezmeme.fr\/wp-content\/uploads\/2022\/09\/unnamed-150x150.png 150w\" sizes=\"auto, (max-width: 25px) 100vw, 25px\" \/><\/a><\/p>\n<p><img loading=\"lazy\" decoding=\"async\" class=\"aligncenter wp-image-4423\" src=\"http:\/\/yavaitcachezmeme.fr\/wp-content\/uploads\/2019\/10\/BOISSY-LAMBERVILLE_H_002.jpg\" alt=\"\" width=\"820\" height=\"536\" srcset=\"https:\/\/yavaitcachezmeme.fr\/wp-content\/uploads\/2019\/10\/BOISSY-LAMBERVILLE_H_002.jpg 802w, https:\/\/yavaitcachezmeme.fr\/wp-content\/uploads\/2019\/10\/BOISSY-LAMBERVILLE_H_002-600x392.jpg 600w\" sizes=\"auto, (max-width: 820px) 100vw, 820px\" \/><\/p>\n<p style=\"text-align: center;\">L&rsquo;int\u00e9rieur de l&rsquo;\u00e9glise<\/p>\n<p><img loading=\"lazy\" decoding=\"async\" class=\"aligncenter wp-image-4427\" src=\"http:\/\/yavaitcachezmeme.fr\/wp-content\/uploads\/2019\/10\/BOISSY-LAMBERVILLE_V_001.jpg\" alt=\"\" width=\"475\" height=\"750\" srcset=\"https:\/\/yavaitcachezmeme.fr\/wp-content\/uploads\/2019\/10\/BOISSY-LAMBERVILLE_V_001.jpg 518w, https:\/\/yavaitcachezmeme.fr\/wp-content\/uploads\/2019\/10\/BOISSY-LAMBERVILLE_V_001-380x600.jpg 380w\" sizes=\"auto, (max-width: 475px) 100vw, 475px\" \/><\/p>\n<p style=\"text-align: center;\">Un rassemblement devant l&rsquo;\u00e9glise<\/p>\n<p><img loading=\"lazy\" decoding=\"async\" class=\"aligncenter wp-image-4422\" src=\"http:\/\/yavaitcachezmeme.fr\/wp-content\/uploads\/2019\/10\/BOISSY-LAMBERVILLE_H_001.jpg\" alt=\"\" width=\"820\" height=\"509\" srcset=\"https:\/\/yavaitcachezmeme.fr\/wp-content\/uploads\/2019\/10\/BOISSY-LAMBERVILLE_H_001.jpg 818w, https:\/\/yavaitcachezmeme.fr\/wp-content\/uploads\/2019\/10\/BOISSY-LAMBERVILLE_H_001-600x373.jpg 600w\" sizes=\"auto, (max-width: 820px) 100vw, 820px\" \/><\/p>\n<p style=\"text-align: center;\">Vue du caf\u00e9 devant l&rsquo;\u00e9glise<\/p>\n<p><a href=\"https:\/\/www.google.com\/maps\/@49.1675744,0.5763221,3a,90y,318.1h,97.38t\/data=!3m7!1e1!3m5!1s53s_WDMbsvBPQ2oWM4K6gA!2e0!6shttps:%2F%2Fstreetviewpixels-pa.googleapis.com%2Fv1%2Fthumbnail%3Fpanoid%3D53s_WDMbsvBPQ2oWM4K6gA%26cb_client%3Dmaps_sv.tactile.gps%26w%3D203%26h%3D100%26yaw%3D168.57802%26pitch%3D0%26thumbfov%3D100!7i16384!8i8192\" target=\"_blank\" rel=\"noopener\"><img loading=\"lazy\" decoding=\"async\" class=\"aligncenter wp-image-8272\" src=\"https:\/\/yavaitcachezmeme.fr\/wp-content\/uploads\/2022\/09\/unnamed.png\" alt=\"\" width=\"25\" height=\"25\" srcset=\"https:\/\/yavaitcachezmeme.fr\/wp-content\/uploads\/2022\/09\/unnamed.png 512w, https:\/\/yavaitcachezmeme.fr\/wp-content\/uploads\/2022\/09\/unnamed-150x150.png 150w\" sizes=\"auto, (max-width: 25px) 100vw, 25px\" \/><\/a><\/p>\n<p><img loading=\"lazy\" decoding=\"async\" class=\"aligncenter wp-image-8848\" src=\"https:\/\/yavaitcachezmeme.fr\/wp-content\/uploads\/2022\/12\/BOISSY-LAMBERVILLE_H_007-600x373.jpg\" alt=\"\" width=\"820\" height=\"510\" srcset=\"https:\/\/yavaitcachezmeme.fr\/wp-content\/uploads\/2022\/12\/BOISSY-LAMBERVILLE_H_007-600x373.jpg 600w, https:\/\/yavaitcachezmeme.fr\/wp-content\/uploads\/2022\/12\/BOISSY-LAMBERVILLE_H_007-1024x637.jpg 1024w, https:\/\/yavaitcachezmeme.fr\/wp-content\/uploads\/2022\/12\/BOISSY-LAMBERVILLE_H_007-1536x955.jpg 1536w, https:\/\/yavaitcachezmeme.fr\/wp-content\/uploads\/2022\/12\/BOISSY-LAMBERVILLE_H_007.jpg 1660w\" sizes=\"auto, (max-width: 820px) 100vw, 820px\" \/><\/p>\n<p style=\"text-align: center;\">Maison Lefevre<\/p>\n<p><img loading=\"lazy\" decoding=\"async\" class=\"aligncenter wp-image-8849\" src=\"https:\/\/yavaitcachezmeme.fr\/wp-content\/uploads\/2022\/12\/BOISSY-LAMBERVILLE_H_008-600x383.jpg\" alt=\"\" width=\"820\" height=\"523\" srcset=\"https:\/\/yavaitcachezmeme.fr\/wp-content\/uploads\/2022\/12\/BOISSY-LAMBERVILLE_H_008-600x383.jpg 600w, https:\/\/yavaitcachezmeme.fr\/wp-content\/uploads\/2022\/12\/BOISSY-LAMBERVILLE_H_008-1024x653.jpg 1024w, https:\/\/yavaitcachezmeme.fr\/wp-content\/uploads\/2022\/12\/BOISSY-LAMBERVILLE_H_008-1536x980.jpg 1536w, https:\/\/yavaitcachezmeme.fr\/wp-content\/uploads\/2022\/12\/BOISSY-LAMBERVILLE_H_008.jpg 1612w\" sizes=\"auto, (max-width: 820px) 100vw, 820px\" \/><\/p>\n<p style=\"text-align: center;\">La mairie et l&rsquo;\u00e9cole<\/p>\n<p><img loading=\"lazy\" decoding=\"async\" class=\"aligncenter wp-image-4424\" src=\"http:\/\/yavaitcachezmeme.fr\/wp-content\/uploads\/2019\/10\/BOISSY-LAMBERVILLE_H_003.jpg\" alt=\"\" width=\"820\" height=\"523\" srcset=\"https:\/\/yavaitcachezmeme.fr\/wp-content\/uploads\/2019\/10\/BOISSY-LAMBERVILLE_H_003.jpg 818w, https:\/\/yavaitcachezmeme.fr\/wp-content\/uploads\/2019\/10\/BOISSY-LAMBERVILLE_H_003-600x383.jpg 600w\" sizes=\"auto, (max-width: 820px) 100vw, 820px\" \/><\/p>\n<p style=\"text-align: center;\">F\u00eates Normandes de 1912<\/p>\n<p><img loading=\"lazy\" decoding=\"async\" class=\"aligncenter wp-image-4426\" src=\"http:\/\/yavaitcachezmeme.fr\/wp-content\/uploads\/2019\/10\/BOISSY-LAMBERVILLE_H_005.jpg\" alt=\"\" width=\"820\" height=\"512\" srcset=\"https:\/\/yavaitcachezmeme.fr\/wp-content\/uploads\/2019\/10\/BOISSY-LAMBERVILLE_H_005.jpg 826w, https:\/\/yavaitcachezmeme.fr\/wp-content\/uploads\/2019\/10\/BOISSY-LAMBERVILLE_H_005-600x375.jpg 600w\" sizes=\"auto, (max-width: 820px) 100vw, 820px\" \/><\/p>\n<p style=\"text-align: center;\">Le monument aux Morts pour la Patrie<\/p>\n<p><img loading=\"lazy\" decoding=\"async\" class=\"aligncenter wp-image-5194\" src=\"https:\/\/yavaitcachezmeme.fr\/wp-content\/uploads\/2021\/09\/BOISSY-LAMBERVILLE_V_002.jpg\" alt=\"\" width=\"475\" height=\"758\" srcset=\"https:\/\/yavaitcachezmeme.fr\/wp-content\/uploads\/2021\/09\/BOISSY-LAMBERVILLE_V_002.jpg 1012w, https:\/\/yavaitcachezmeme.fr\/wp-content\/uploads\/2021\/09\/BOISSY-LAMBERVILLE_V_002-376x600.jpg 376w, https:\/\/yavaitcachezmeme.fr\/wp-content\/uploads\/2021\/09\/BOISSY-LAMBERVILLE_V_002-641x1024.jpg 641w, https:\/\/yavaitcachezmeme.fr\/wp-content\/uploads\/2021\/09\/BOISSY-LAMBERVILLE_V_002-962x1536.jpg 962w\" sizes=\"auto, (max-width: 475px) 100vw, 475px\" \/><\/p>\n<p style=\"text-align: center;\">La Chambre de Charit\u00e9<\/p>\n<p><img loading=\"lazy\" decoding=\"async\" class=\"aligncenter wp-image-12025\" src=\"https:\/\/yavaitcachezmeme.fr\/wp-content\/uploads\/2024\/06\/BOISSY-LAMBERVILLE_H_009-600x376.jpg\" alt=\"\" width=\"820\" height=\"514\" srcset=\"https:\/\/yavaitcachezmeme.fr\/wp-content\/uploads\/2024\/06\/BOISSY-LAMBERVILLE_H_009-600x376.jpg 600w, https:\/\/yavaitcachezmeme.fr\/wp-content\/uploads\/2024\/06\/BOISSY-LAMBERVILLE_H_009-1024x641.jpg 1024w, https:\/\/yavaitcachezmeme.fr\/wp-content\/uploads\/2024\/06\/BOISSY-LAMBERVILLE_H_009-1536x962.jpg 1536w, https:\/\/yavaitcachezmeme.fr\/wp-content\/uploads\/2024\/06\/BOISSY-LAMBERVILLE_H_009-542x340.jpg 542w, https:\/\/yavaitcachezmeme.fr\/wp-content\/uploads\/2024\/06\/BOISSY-LAMBERVILLE_H_009.jpg 1641w\" sizes=\"auto, (max-width: 820px) 100vw, 820px\" \/><\/p>\n<p style=\"text-align: center;\">\u00ab\u00a0Acceptez ces jolies fleurs de Boissy-Lamberville\u00a0\u00bb<\/p>\n<p style=\"text-align: center;\"><span style=\"color: #ff6600;\"><strong>~o~<\/strong><\/span><\/p>\n<p style=\"text-align: justify;\">Les communes de l&rsquo;ancien canton de <span style=\"color: #ff6600;\"><strong>Thiberville<\/strong><\/span>, auxquelles j&rsquo;ai rajout\u00e9 <strong>Fresne-Cauverville<\/strong> de l&rsquo;ancien canton de <strong>Cormeilles<\/strong>, \u00e0 visiter en cliquant sur les liens suivants :<\/p>\n<p style=\"text-align: justify;\"><strong><a href=\"https:\/\/yavaitcachezmeme.fr\/index.php\/les-environs\/barville\/\">Barville<\/a> &#8211; <a href=\"https:\/\/yavaitcachezmeme.fr\/index.php\/les-environs\/bazoques\/\">Bazoques<\/a> &#8211; <a href=\"https:\/\/yavaitcachezmeme.fr\/index.php\/les-environs\/boissy-lamberville\/\">Boissy-Lamberville<\/a> &#8211; <a href=\"https:\/\/yavaitcachezmeme.fr\/index.php\/les-environs\/bournainville-faverolles\/\">Bournainville-Faverolles<\/a> &#8211; <a href=\"https:\/\/yavaitcachezmeme.fr\/index.php\/les-environs\/la-chapelle-hareng\/\">La Chapelle-Hareng<\/a> &#8211; <a href=\"https:\/\/yavaitcachezmeme.fr\/index.php\/les-environs\/drucourt\/\">Drucourt<\/a> &#8211; <a href=\"https:\/\/yavaitcachezmeme.fr\/index.php\/les-environs\/duranville\/\">Duranville<\/a> &#8211; <a href=\"https:\/\/yavaitcachezmeme.fr\/index.php\/les-environs\/le-favril\/\">Le Favril<\/a> &#8211; <a href=\"https:\/\/yavaitcachezmeme.fr\/index.php\/les-environs\/folleville\/\">Folleville<\/a> &#8211; <a href=\"https:\/\/yavaitcachezmeme.fr\/index.php\/les-environs\/fontaine-la-louvet\/\">Fontaine-la-Louvet<\/a> &#8211; <a href=\"https:\/\/yavaitcachezmeme.fr\/index.php\/les-environs\/fresne-cauverville\/\">Fresne-Cauverville<\/a> &#8211; <a href=\"https:\/\/yavaitcachezmeme.fr\/index.php\/les-environs\/giverville\/\">Giverville<\/a> &#8211; <a href=\"https:\/\/yavaitcachezmeme.fr\/index.php\/les-environs\/heudreville-en-lieuvin\/\">Heudreville-en-Lieuvin<\/a> &#8211; <a href=\"https:\/\/yavaitcachezmeme.fr\/index.php\/les-environs\/piencourt\/\">Piencourt<\/a> &#8211; <a href=\"https:\/\/yavaitcachezmeme.fr\/index.php\/les-environs\/les-places\/\">Les Places<\/a> &#8211; <a href=\"https:\/\/yavaitcachezmeme.fr\/index.php\/les-environs\/le-planquay\/\">Le Planquay<\/a> &#8211; <a href=\"https:\/\/yavaitcachezmeme.fr\/index.php\/les-environs\/st-aubin-de-scellon\/\">St-Aubin-de-Scellon<\/a> &#8211; <a href=\"https:\/\/yavaitcachezmeme.fr\/index.php\/les-environs\/st-germain-la-campagne\/\">St-Germain-la-Campagne<\/a> &#8211; <a href=\"https:\/\/yavaitcachezmeme.fr\/index.php\/les-environs\/st-mards-de-fresne\/\">St-Mards-de-Fresne<\/a> &#8211; <a href=\"https:\/\/yavaitcachezmeme.fr\/index.php\/les-environs\/st-vincent-du-boulay\/\">St-Vincent-du-Boulay<\/a> &#8211; <a href=\"https:\/\/yavaitcachezmeme.fr\/index.php\/les-environs\/le-theil-nolent\/\">Le Theil-Nolent<\/a> &#8211; <a href=\"https:\/\/yavaitcachezmeme.fr\/index.php\/les-environs\/thiberville\/\">Thiberville<\/a><\/strong><\/p>\n<p><img loading=\"lazy\" decoding=\"async\" class=\"aligncenter wp-image-6270\" src=\"https:\/\/yavaitcachezmeme.fr\/wp-content\/uploads\/2021\/12\/Autour-de-Thiberville-600x400.jpg\" alt=\"\" width=\"800\" height=\"533\" srcset=\"https:\/\/yavaitcachezmeme.fr\/wp-content\/uploads\/2021\/12\/Autour-de-Thiberville-600x400.jpg 600w, https:\/\/yavaitcachezmeme.fr\/wp-content\/uploads\/2021\/12\/Autour-de-Thiberville-1024x683.jpg 1024w, https:\/\/yavaitcachezmeme.fr\/wp-content\/uploads\/2021\/12\/Autour-de-Thiberville-1536x1024.jpg 1536w, https:\/\/yavaitcachezmeme.fr\/wp-content\/uploads\/2021\/12\/Autour-de-Thiberville-2048x1365.jpg 2048w\" sizes=\"auto, (max-width: 800px) 100vw, 800px\" \/><\/p>\n<\/div>\n","protected":false},"excerpt":{"rendered":"<p>Situ\u00e9e \u00e0 l&rsquo;Est de Thiberville, Boissy-Lamberville recense 322 habitants en 2013 contre 366 en 1911. ~o~ Vue sur l&rsquo;\u00e9glise depuis la route de&#8230;<\/p>\n","protected":false},"author":1,"featured_media":0,"parent":1071,"menu_order":79,"comment_status":"closed","ping_status":"closed","template":"","meta":{"footnotes":""},"class_list":["post-4429","page","type-page","status-publish","hentry"],"_links":{"self":[{"href":"https:\/\/yavaitcachezmeme.fr\/index.php\/wp-json\/wp\/v2\/pages\/4429","targetHints":{"allow":["GET"]}}],"collection":[{"href":"https:\/\/yavaitcachezmeme.fr\/index.php\/wp-json\/wp\/v2\/pages"}],"about":[{"href":"https:\/\/yavaitcachezmeme.fr\/index.php\/wp-json\/wp\/v2\/types\/page"}],"author":[{"embeddable":true,"href":"https:\/\/yavaitcachezmeme.fr\/index.php\/wp-json\/wp\/v2\/users\/1"}],"replies":[{"embeddable":true,"href":"https:\/\/yavaitcachezmeme.fr\/index.php\/wp-json\/wp\/v2\/comments?post=4429"}],"version-history":[{"count":25,"href":"https:\/\/yavaitcachezmeme.fr\/index.php\/wp-json\/wp\/v2\/pages\/4429\/revisions"}],"predecessor-version":[{"id":12030,"href":"https:\/\/yavaitcachezmeme.fr\/index.php\/wp-json\/wp\/v2\/pages\/4429\/revisions\/12030"}],"up":[{"embeddable":true,"href":"https:\/\/yavaitcachezmeme.fr\/index.php\/wp-json\/wp\/v2\/pages\/1071"}],"wp:attachment":[{"href":"https:\/\/yavaitcachezmeme.fr\/index.php\/wp-json\/wp\/v2\/media?parent=4429"}],"curies":[{"name":"wp","href":"https:\/\/api.w.org\/{rel}","templated":true}]}}