{"id":518,"date":"2016-01-31T08:35:54","date_gmt":"2016-01-31T07:35:54","guid":{"rendered":"http:\/\/yavaitcachezmeme.fr\/?page_id=518"},"modified":"2025-11-10T08:24:00","modified_gmt":"2025-11-10T07:24:00","slug":"vues-aeriennes","status":"publish","type":"page","link":"https:\/\/yavaitcachezmeme.fr\/index.php\/bernay\/vues-aeriennes\/","title":{"rendered":"Vues a\u00e9riennes"},"content":{"rendered":"<div style=\"font-size: 100%; font-family: georgia;\">\n<p style=\"text-align: left;\"><span style=\"font-size: 120%;\">Des <span style=\"color: #ff6600;\"><strong>vues a\u00e9riennes<\/strong> <\/span>sur la ville et les quartiers de Bernay.<\/span><\/p>\n<p style=\"text-align: center;\"><img loading=\"lazy\" decoding=\"async\" class=\"alignnone wp-image-12432\" src=\"https:\/\/yavaitcachezmeme.fr\/wp-content\/uploads\/2024\/11\/V-A-600x225.png\" alt=\"\" width=\"150\" height=\"56\" srcset=\"https:\/\/yavaitcachezmeme.fr\/wp-content\/uploads\/2024\/11\/V-A-600x225.png 600w, https:\/\/yavaitcachezmeme.fr\/wp-content\/uploads\/2024\/11\/V-A.png 841w\" sizes=\"auto, (max-width: 150px) 100vw, 150px\" \/><\/p>\n<p><img loading=\"lazy\" decoding=\"async\" class=\"aligncenter wp-image-519\" src=\"http:\/\/yavaitcachezmeme.fr\/wp-content\/uploads\/2016\/01\/1_BERNAY_HM_0025.jpg\" alt=\"\" width=\"850\" height=\"585\" srcset=\"https:\/\/yavaitcachezmeme.fr\/wp-content\/uploads\/2016\/01\/1_BERNAY_HM_0025.jpg 879w, https:\/\/yavaitcachezmeme.fr\/wp-content\/uploads\/2016\/01\/1_BERNAY_HM_0025-600x413.jpg 600w\" sizes=\"auto, (max-width: 850px) 100vw, 850px\" \/><\/p>\n<p style=\"text-align: center;\">La gare apr\u00e8s la seconde guerre mondiale<\/p>\n<p><img loading=\"lazy\" decoding=\"async\" class=\"aligncenter wp-image-520\" src=\"http:\/\/yavaitcachezmeme.fr\/wp-content\/uploads\/2016\/01\/2_BERNAY_HM_0026.jpg\" alt=\"\" width=\"850\" height=\"598\" srcset=\"https:\/\/yavaitcachezmeme.fr\/wp-content\/uploads\/2016\/01\/2_BERNAY_HM_0026.jpg 870w, https:\/\/yavaitcachezmeme.fr\/wp-content\/uploads\/2016\/01\/2_BERNAY_HM_0026-600x422.jpg 600w\" sizes=\"auto, (max-width: 850px) 100vw, 850px\" \/><\/p>\n<p style=\"text-align: center;\">Le centre ville<\/p>\n<p><img loading=\"lazy\" decoding=\"async\" class=\"aligncenter wp-image-524\" src=\"http:\/\/yavaitcachezmeme.fr\/wp-content\/uploads\/2016\/01\/3_BERNAY_HM_0027.jpg\" alt=\"\" width=\"850\" height=\"583\" srcset=\"https:\/\/yavaitcachezmeme.fr\/wp-content\/uploads\/2016\/01\/3_BERNAY_HM_0027.jpg 883w, https:\/\/yavaitcachezmeme.fr\/wp-content\/uploads\/2016\/01\/3_BERNAY_HM_0027-600x412.jpg 600w\" sizes=\"auto, (max-width: 850px) 100vw, 850px\" \/><\/p>\n<p style=\"text-align: center;\">La place Paul D\u00e9rou et l&rsquo;ancien coll\u00e8ge<\/p>\n<p><img loading=\"lazy\" decoding=\"async\" class=\"aligncenter wp-image-525\" src=\"http:\/\/yavaitcachezmeme.fr\/wp-content\/uploads\/2016\/01\/4_BERNAY_HM_0028.jpg\" alt=\"\" width=\"850\" height=\"530\" srcset=\"https:\/\/yavaitcachezmeme.fr\/wp-content\/uploads\/2016\/01\/4_BERNAY_HM_0028.jpg 817w, https:\/\/yavaitcachezmeme.fr\/wp-content\/uploads\/2016\/01\/4_BERNAY_HM_0028-600x374.jpg 600w\" sizes=\"auto, (max-width: 850px) 100vw, 850px\" \/><\/p>\n<p style=\"text-align: center;\">L&rsquo;\u00e9glise Sainte-Croix<\/p>\n<p><img loading=\"lazy\" decoding=\"async\" class=\"aligncenter wp-image-4748\" src=\"http:\/\/yavaitcachezmeme.fr\/wp-content\/uploads\/2020\/03\/BERNAY_HM_0174.jpg\" alt=\"\" width=\"850\" height=\"596\" srcset=\"https:\/\/yavaitcachezmeme.fr\/wp-content\/uploads\/2020\/03\/BERNAY_HM_0174.jpg 1716w, https:\/\/yavaitcachezmeme.fr\/wp-content\/uploads\/2020\/03\/BERNAY_HM_0174-600x421.jpg 600w, https:\/\/yavaitcachezmeme.fr\/wp-content\/uploads\/2020\/03\/BERNAY_HM_0174-1024x718.jpg 1024w, https:\/\/yavaitcachezmeme.fr\/wp-content\/uploads\/2020\/03\/BERNAY_HM_0174-1536x1078.jpg 1536w\" sizes=\"auto, (max-width: 850px) 100vw, 850px\" \/><\/p>\n<p style=\"text-align: center;\">L&rsquo;abbatiale \u00e0 gauche et l&rsquo;\u00e9glise Sainte-Croix \u00e0 droite<\/p>\n<p><img loading=\"lazy\" decoding=\"async\" class=\"aligncenter wp-image-526\" src=\"http:\/\/yavaitcachezmeme.fr\/wp-content\/uploads\/2016\/01\/5_BERNAY_HM_0077.jpg\" alt=\"\" width=\"850\" height=\"595\" srcset=\"https:\/\/yavaitcachezmeme.fr\/wp-content\/uploads\/2016\/01\/5_BERNAY_HM_0077.jpg 869w, https:\/\/yavaitcachezmeme.fr\/wp-content\/uploads\/2016\/01\/5_BERNAY_HM_0077-600x420.jpg 600w\" sizes=\"auto, (max-width: 850px) 100vw, 850px\" \/><\/p>\n<p style=\"text-align: center;\">L&rsquo;abbatiale et le jardin public<\/p>\n<p><img loading=\"lazy\" decoding=\"async\" class=\"aligncenter wp-image-527\" src=\"http:\/\/yavaitcachezmeme.fr\/wp-content\/uploads\/2016\/01\/6_BERNAY_HM_0078.jpg\" alt=\"\" width=\"850\" height=\"583\" srcset=\"https:\/\/yavaitcachezmeme.fr\/wp-content\/uploads\/2016\/01\/6_BERNAY_HM_0078.jpg 878w, https:\/\/yavaitcachezmeme.fr\/wp-content\/uploads\/2016\/01\/6_BERNAY_HM_0078-600x411.jpg 600w\" sizes=\"auto, (max-width: 850px) 100vw, 850px\" \/><\/p>\n<p style=\"text-align: center;\">La place de l&rsquo;h\u00f4tel de ville<\/p>\n<p><img loading=\"lazy\" decoding=\"async\" class=\"aligncenter wp-image-528\" src=\"http:\/\/yavaitcachezmeme.fr\/wp-content\/uploads\/2016\/01\/7_BERNAY_HM_0096.jpg\" alt=\"\" width=\"850\" height=\"594\" srcset=\"https:\/\/yavaitcachezmeme.fr\/wp-content\/uploads\/2016\/01\/7_BERNAY_HM_0096.jpg 867w, https:\/\/yavaitcachezmeme.fr\/wp-content\/uploads\/2016\/01\/7_BERNAY_HM_0096-600x419.jpg 600w\" sizes=\"auto, (max-width: 850px) 100vw, 850px\" \/><\/p>\n<p style=\"text-align: center;\">L&rsquo;\u00e9glise Sainte-Croix<\/p>\n<p><img loading=\"lazy\" decoding=\"async\" class=\"aligncenter wp-image-529\" src=\"http:\/\/yavaitcachezmeme.fr\/wp-content\/uploads\/2016\/01\/8_BERNAY_HM_0075.jpg\" alt=\"\" width=\"850\" height=\"591\" srcset=\"https:\/\/yavaitcachezmeme.fr\/wp-content\/uploads\/2016\/01\/8_BERNAY_HM_0075.jpg 876w, https:\/\/yavaitcachezmeme.fr\/wp-content\/uploads\/2016\/01\/8_BERNAY_HM_0075-600x417.jpg 600w\" sizes=\"auto, (max-width: 850px) 100vw, 850px\" \/><\/p>\n<p style=\"text-align: center;\">La gare<\/p>\n<p><img loading=\"lazy\" decoding=\"async\" class=\"aligncenter wp-image-530\" src=\"http:\/\/yavaitcachezmeme.fr\/wp-content\/uploads\/2016\/01\/9_BERNAY_HM_0076.jpg\" alt=\"\" width=\"850\" height=\"593\" srcset=\"https:\/\/yavaitcachezmeme.fr\/wp-content\/uploads\/2016\/01\/9_BERNAY_HM_0076.jpg 873w, https:\/\/yavaitcachezmeme.fr\/wp-content\/uploads\/2016\/01\/9_BERNAY_HM_0076-600x419.jpg 600w\" sizes=\"auto, (max-width: 850px) 100vw, 850px\" \/><\/p>\n<p style=\"text-align: center;\">La gare et le lyc\u00e9e Augustin Fresnel<\/p>\n<p><img loading=\"lazy\" decoding=\"async\" class=\"aligncenter wp-image-531\" src=\"http:\/\/yavaitcachezmeme.fr\/wp-content\/uploads\/2016\/01\/10_BERNAY_HM_0102.jpg\" alt=\"\" width=\"850\" height=\"585\" srcset=\"https:\/\/yavaitcachezmeme.fr\/wp-content\/uploads\/2016\/01\/10_BERNAY_HM_0102.jpg 881w, https:\/\/yavaitcachezmeme.fr\/wp-content\/uploads\/2016\/01\/10_BERNAY_HM_0102-600x413.jpg 600w\" sizes=\"auto, (max-width: 850px) 100vw, 850px\" \/><\/p>\n<p style=\"text-align: center;\">Le lyc\u00e9e Augustin Fresnel<\/p>\n<p><img loading=\"lazy\" decoding=\"async\" class=\"aligncenter wp-image-7088\" src=\"https:\/\/yavaitcachezmeme.fr\/wp-content\/uploads\/2022\/03\/BERNAY_HM_0190-600x374.jpg\" alt=\"\" width=\"850\" height=\"530\" srcset=\"https:\/\/yavaitcachezmeme.fr\/wp-content\/uploads\/2022\/03\/BERNAY_HM_0190-600x374.jpg 600w, https:\/\/yavaitcachezmeme.fr\/wp-content\/uploads\/2022\/03\/BERNAY_HM_0190-1024x638.jpg 1024w, https:\/\/yavaitcachezmeme.fr\/wp-content\/uploads\/2022\/03\/BERNAY_HM_0190-1536x958.jpg 1536w, https:\/\/yavaitcachezmeme.fr\/wp-content\/uploads\/2022\/03\/BERNAY_HM_0190.jpg 1604w\" sizes=\"auto, (max-width: 850px) 100vw, 850px\" \/><\/p>\n<p style=\"text-align: center;\">Vue sur le stade et son quartier<\/p>\n<p><img loading=\"lazy\" decoding=\"async\" class=\"aligncenter wp-image-2918\" src=\"http:\/\/yavaitcachezmeme.fr\/wp-content\/uploads\/2017\/11\/BERNAY_HM_0150.jpg\" alt=\"\" width=\"850\" height=\"573\" srcset=\"https:\/\/yavaitcachezmeme.fr\/wp-content\/uploads\/2017\/11\/BERNAY_HM_0150.jpg 843w, https:\/\/yavaitcachezmeme.fr\/wp-content\/uploads\/2017\/11\/BERNAY_HM_0150-600x404.jpg 600w\" sizes=\"auto, (max-width: 850px) 100vw, 850px\" \/><\/p>\n<p style=\"text-align: center;\">La basilique de la Couture<\/p>\n<p><img loading=\"lazy\" decoding=\"async\" class=\"aligncenter wp-image-532\" src=\"http:\/\/yavaitcachezmeme.fr\/wp-content\/uploads\/2016\/01\/11_BERNAY_HM_0090.jpg\" alt=\"\" width=\"850\" height=\"578\" srcset=\"https:\/\/yavaitcachezmeme.fr\/wp-content\/uploads\/2016\/01\/11_BERNAY_HM_0090.jpg 879w, https:\/\/yavaitcachezmeme.fr\/wp-content\/uploads\/2016\/01\/11_BERNAY_HM_0090-600x408.jpg 600w\" sizes=\"auto, (max-width: 850px) 100vw, 850px\" \/><\/p>\n<p style=\"text-align: center;\">La basilique de la Couture vers 1955<\/p>\n<p><img loading=\"lazy\" decoding=\"async\" class=\"aligncenter wp-image-533\" src=\"http:\/\/yavaitcachezmeme.fr\/wp-content\/uploads\/2016\/01\/12_BERNAY_HM_0071.jpg\" alt=\"\" width=\"850\" height=\"590\" srcset=\"https:\/\/yavaitcachezmeme.fr\/wp-content\/uploads\/2016\/01\/12_BERNAY_HM_0071.jpg 876w, https:\/\/yavaitcachezmeme.fr\/wp-content\/uploads\/2016\/01\/12_BERNAY_HM_0071-600x416.jpg 600w\" sizes=\"auto, (max-width: 850px) 100vw, 850px\" \/><\/p>\n<p style=\"text-align: center;\">Le quartier du Stade<\/p>\n<p><img loading=\"lazy\" decoding=\"async\" class=\"aligncenter wp-image-9872\" src=\"https:\/\/yavaitcachezmeme.fr\/wp-content\/uploads\/2023\/04\/BERNAY_HM_0195-600x414.jpg\" alt=\"\" width=\"850\" height=\"586\" srcset=\"https:\/\/yavaitcachezmeme.fr\/wp-content\/uploads\/2023\/04\/BERNAY_HM_0195-600x414.jpg 600w, https:\/\/yavaitcachezmeme.fr\/wp-content\/uploads\/2023\/04\/BERNAY_HM_0195-1024x706.jpg 1024w, https:\/\/yavaitcachezmeme.fr\/wp-content\/uploads\/2023\/04\/BERNAY_HM_0195-1536x1060.jpg 1536w, https:\/\/yavaitcachezmeme.fr\/wp-content\/uploads\/2023\/04\/BERNAY_HM_0195.jpg 1728w\" sizes=\"auto, (max-width: 850px) 100vw, 850px\" \/><\/p>\n<p style=\"text-align: center;\">La piscine<\/p>\n<p><img loading=\"lazy\" decoding=\"async\" class=\"aligncenter wp-image-534\" src=\"http:\/\/yavaitcachezmeme.fr\/wp-content\/uploads\/2016\/01\/13_BERNAY_HM_0087.jpg\" alt=\"\" width=\"850\" height=\"591\" srcset=\"https:\/\/yavaitcachezmeme.fr\/wp-content\/uploads\/2016\/01\/13_BERNAY_HM_0087.jpg 876w, https:\/\/yavaitcachezmeme.fr\/wp-content\/uploads\/2016\/01\/13_BERNAY_HM_0087-600x417.jpg 600w\" sizes=\"auto, (max-width: 850px) 100vw, 850px\" \/><\/p>\n<p style=\"text-align: center;\">L&rsquo;h\u00f4pital<\/p>\n<p><img loading=\"lazy\" decoding=\"async\" class=\"aligncenter wp-image-535\" src=\"http:\/\/yavaitcachezmeme.fr\/wp-content\/uploads\/2016\/01\/14_BERNAY_HM_0103.jpg\" alt=\"\" width=\"850\" height=\"589\" srcset=\"https:\/\/yavaitcachezmeme.fr\/wp-content\/uploads\/2016\/01\/14_BERNAY_HM_0103.jpg 879w, https:\/\/yavaitcachezmeme.fr\/wp-content\/uploads\/2016\/01\/14_BERNAY_HM_0103-600x416.jpg 600w\" sizes=\"auto, (max-width: 850px) 100vw, 850px\" \/><\/p>\n<p style=\"text-align: center;\">Le lyc\u00e9e Saint-Anselme<\/p>\n<p><img loading=\"lazy\" decoding=\"async\" class=\"aligncenter wp-image-1548\" src=\"http:\/\/yavaitcachezmeme.fr\/wp-content\/uploads\/2016\/03\/BERNAY_HM_0021.jpg\" alt=\"\" width=\"850\" height=\"584\" srcset=\"https:\/\/yavaitcachezmeme.fr\/wp-content\/uploads\/2016\/03\/BERNAY_HM_0021.jpg 880w, https:\/\/yavaitcachezmeme.fr\/wp-content\/uploads\/2016\/03\/BERNAY_HM_0021-600x413.jpg 600w\" sizes=\"auto, (max-width: 850px) 100vw, 850px\" \/><\/p>\n<p style=\"text-align: center;\">Les b\u00e2timents de l&rsquo;a\u00e9rodrome<\/p>\n<p><img loading=\"lazy\" decoding=\"async\" class=\"aligncenter wp-image-1549\" src=\"http:\/\/yavaitcachezmeme.fr\/wp-content\/uploads\/2016\/03\/BERNAY_HM_0068.jpg\" alt=\"\" width=\"850\" height=\"594\" srcset=\"https:\/\/yavaitcachezmeme.fr\/wp-content\/uploads\/2016\/03\/BERNAY_HM_0068.jpg 880w, https:\/\/yavaitcachezmeme.fr\/wp-content\/uploads\/2016\/03\/BERNAY_HM_0068-600x419.jpg 600w\" sizes=\"auto, (max-width: 850px) 100vw, 850px\" \/><\/p>\n<p style=\"text-align: center;\">Le restaurant de l&rsquo;a\u00e9rodrome<\/p>\n<p><img loading=\"lazy\" decoding=\"async\" class=\"aligncenter wp-image-1550\" src=\"http:\/\/yavaitcachezmeme.fr\/wp-content\/uploads\/2016\/03\/BERNAY_HM_0069.jpg\" alt=\"\" width=\"850\" height=\"595\" srcset=\"https:\/\/yavaitcachezmeme.fr\/wp-content\/uploads\/2016\/03\/BERNAY_HM_0069.jpg 879w, https:\/\/yavaitcachezmeme.fr\/wp-content\/uploads\/2016\/03\/BERNAY_HM_0069-600x420.jpg 600w\" sizes=\"auto, (max-width: 850px) 100vw, 850px\" \/><\/p>\n<p style=\"text-align: center;\">L&rsquo;a\u00e9rodrome vu du ciel<\/p>\n<p><img loading=\"lazy\" decoding=\"async\" class=\"aligncenter wp-image-1497\" src=\"http:\/\/yavaitcachezmeme.fr\/wp-content\/uploads\/2016\/03\/Plaques_001.jpg\" alt=\"\" width=\"820\" height=\"615\" srcset=\"https:\/\/yavaitcachezmeme.fr\/wp-content\/uploads\/2016\/03\/Plaques_001.jpg 800w, https:\/\/yavaitcachezmeme.fr\/wp-content\/uploads\/2016\/03\/Plaques_001-600x450.jpg 600w\" sizes=\"auto, (max-width: 820px) 100vw, 820px\" \/><\/p>\n<p style=\"text-align: center;\">Plaque \u00e9maill\u00e9e du poste de secours du Club A\u00e9ronautique de l&rsquo;Arrondissement de Bernay<\/p>\n<p><img loading=\"lazy\" decoding=\"async\" class=\"aligncenter wp-image-2050\" src=\"http:\/\/yavaitcachezmeme.fr\/wp-content\/uploads\/2016\/04\/Carte-de-membre-du-C-A-A-B.jpg\" alt=\"\" width=\"820\" height=\"545\" srcset=\"https:\/\/yavaitcachezmeme.fr\/wp-content\/uploads\/2016\/04\/Carte-de-membre-du-C-A-A-B.jpg 698w, https:\/\/yavaitcachezmeme.fr\/wp-content\/uploads\/2016\/04\/Carte-de-membre-du-C-A-A-B-600x399.jpg 600w\" sizes=\"auto, (max-width: 820px) 100vw, 820px\" \/><\/p>\n<p style=\"text-align: center;\">Carte de membre du Club A\u00e9ronautique de l&rsquo;Arrondissement de Bernay<\/p>\n<p><img loading=\"lazy\" decoding=\"async\" class=\"aligncenter wp-image-4401\" src=\"http:\/\/yavaitcachezmeme.fr\/wp-content\/uploads\/2019\/08\/Montage-Aviation.jpg\" alt=\"\" width=\"850\" height=\"647\" \/><\/p>\n<p style=\"text-align: center;\">Avant la cr\u00e9ation de l\u2019actuel a\u00e9rodrome de Bernay-St Martin en 1935, les avions<br \/>\ncomme celui photographi\u00e9 par Walter en 1913, d\u00e9collaient de l\u2019hippodrome.<\/p>\n<p><img loading=\"lazy\" decoding=\"async\" class=\"aligncenter wp-image-11896\" src=\"https:\/\/yavaitcachezmeme.fr\/wp-content\/uploads\/2024\/03\/BERNAY_H_1162-600x368.jpg\" alt=\"\" width=\"820\" height=\"503\" srcset=\"https:\/\/yavaitcachezmeme.fr\/wp-content\/uploads\/2024\/03\/BERNAY_H_1162-600x368.jpg 600w, https:\/\/yavaitcachezmeme.fr\/wp-content\/uploads\/2024\/03\/BERNAY_H_1162-1024x628.jpg 1024w, https:\/\/yavaitcachezmeme.fr\/wp-content\/uploads\/2024\/03\/BERNAY_H_1162-1536x943.jpg 1536w, https:\/\/yavaitcachezmeme.fr\/wp-content\/uploads\/2024\/03\/BERNAY_H_1162.jpg 1636w\" sizes=\"auto, (max-width: 820px) 100vw, 820px\" \/><\/p>\n<p style=\"text-align: center;\">Meeting a\u00e9rien du 12 octobre 1933 \u00e0 Bernay<\/p>\n<p style=\"text-align: center;\"><span style=\"color: #ff6600; font-size: 120%;\"><strong><img loading=\"lazy\" decoding=\"async\" class=\"alignnone wp-image-12433\" src=\"https:\/\/yavaitcachezmeme.fr\/wp-content\/uploads\/2024\/11\/V-A_180-600x225.png\" alt=\"\" width=\"150\" height=\"56\" srcset=\"https:\/\/yavaitcachezmeme.fr\/wp-content\/uploads\/2024\/11\/V-A_180-600x225.png 600w, https:\/\/yavaitcachezmeme.fr\/wp-content\/uploads\/2024\/11\/V-A_180.png 841w\" sizes=\"auto, (max-width: 150px) 100vw, 150px\" \/><\/strong><\/span><\/p>\n<p><span style=\"font-size: 120%;\">Les th\u00e8mes de la rubrique <span style=\"color: #ff6600;\"><strong>BERNAY<\/strong><\/span> sont \u00e0 visiter en cliquant sur les liens suivants :<\/span><\/p>\n<p><span style=\"font-size: 120%;\"><strong><a href=\"https:\/\/yavaitcachezmeme.fr\/index.php\/bernay\/arts\/\">Arts<\/a> &#8211; <a href=\"https:\/\/yavaitcachezmeme.fr\/index.php\/bernay\/cabinet-de-lecture\/\">Cabinet de lecture<\/a> &#8211; <a href=\"https:\/\/yavaitcachezmeme.fr\/index.php\/bernay\/les-annees-50-70\/\">Les ann\u00e9es 50-70<\/a>\u00a0 &#8211; \u00a0<a href=\"http:\/\/yavaitcachezmeme.fr\/index.php\/bernay\/edifices-et-monuments\/\">\u00c9difices &amp; monuments<\/a>\u00a0 &#8211; \u00a0<a href=\"http:\/\/yavaitcachezmeme.fr\/index.php\/bernay\/folklore-theatre\/\">Folklore et th\u00e9\u00e2tre<\/a>\u00a0 &#8211; \u00a0<a href=\"http:\/\/yavaitcachezmeme.fr\/index.php\/bernay\/les-hameaux\/\">Les Hameaux<\/a>\u00a0 &#8211; \u00a0<a href=\"http:\/\/yavaitcachezmeme.fr\/index.php\/bernay\/hippodrome\/\">L&rsquo;hippodrome<\/a>\u00a0 &#8211; <a href=\"https:\/\/yavaitcachezmeme.fr\/index.php\/bernay\/histoire-ferroviaire\/\">Histoire ferroviaire<\/a> &#8211;\u00a0 <a href=\"http:\/\/yavaitcachezmeme.fr\/index.php\/bernay\/jardins-et-rivieres\/\">Jardins &amp; rivi\u00e8res<\/a>\u00a0 &#8211; \u00a0<a href=\"http:\/\/yavaitcachezmeme.fr\/index.php\/bernay\/publicites\/\">Publicit\u00e9s<\/a>\u00a0 &#8211; <a href=\"https:\/\/yavaitcachezmeme.fr\/index.php\/bernay\/sport\/\">Sport<\/a> &#8211; <a href=\"http:\/\/yavaitcachezmeme.fr\/index.php\/bernay\/vie-militaire\/\">Vie militaire<\/a>\u00a0 &#8211; \u00a0<a href=\"http:\/\/yavaitcachezmeme.fr\/index.php\/bernay\/vieux-papiers\/\">Vieux papiers<\/a> &#8211; <a href=\"http:\/\/yavaitcachezmeme.fr\/index.php\/bernay\/vues-aeriennes\/\">Vues a\u00e9riennes<\/a>\u00a0<\/strong><\/span><\/p>\n<p style=\"text-align: center;\"><a href=\"https:\/\/yavaitcachezmeme.fr\/\"><img loading=\"lazy\" decoding=\"async\" class=\"aligncenter wp-image-5243\" src=\"https:\/\/yavaitcachezmeme.fr\/wp-content\/uploads\/2024\/11\/Marque-b.png\" alt=\"\" width=\"25\" height=\"43\" \/><\/a><\/p>\n<\/div>\n","protected":false},"excerpt":{"rendered":"<p>Des vues a\u00e9riennes sur la ville et les quartiers de Bernay. La gare apr\u00e8s la seconde guerre mondiale Le centre ville La place&#8230;<\/p>\n","protected":false},"author":1,"featured_media":0,"parent":93,"menu_order":60,"comment_status":"closed","ping_status":"closed","template":"","meta":{"footnotes":""},"class_list":["post-518","page","type-page","status-publish","hentry"],"_links":{"self":[{"href":"https:\/\/yavaitcachezmeme.fr\/index.php\/wp-json\/wp\/v2\/pages\/518","targetHints":{"allow":["GET"]}}],"collection":[{"href":"https:\/\/yavaitcachezmeme.fr\/index.php\/wp-json\/wp\/v2\/pages"}],"about":[{"href":"https:\/\/yavaitcachezmeme.fr\/index.php\/wp-json\/wp\/v2\/types\/page"}],"author":[{"embeddable":true,"href":"https:\/\/yavaitcachezmeme.fr\/index.php\/wp-json\/wp\/v2\/users\/1"}],"replies":[{"embeddable":true,"href":"https:\/\/yavaitcachezmeme.fr\/index.php\/wp-json\/wp\/v2\/comments?post=518"}],"version-history":[{"count":48,"href":"https:\/\/yavaitcachezmeme.fr\/index.php\/wp-json\/wp\/v2\/pages\/518\/revisions"}],"predecessor-version":[{"id":13251,"href":"https:\/\/yavaitcachezmeme.fr\/index.php\/wp-json\/wp\/v2\/pages\/518\/revisions\/13251"}],"up":[{"embeddable":true,"href":"https:\/\/yavaitcachezmeme.fr\/index.php\/wp-json\/wp\/v2\/pages\/93"}],"wp:attachment":[{"href":"https:\/\/yavaitcachezmeme.fr\/index.php\/wp-json\/wp\/v2\/media?parent=518"}],"curies":[{"name":"wp","href":"https:\/\/api.w.org\/{rel}","templated":true}]}}