{"id":5459,"date":"2021-11-30T19:54:57","date_gmt":"2021-11-30T18:54:57","guid":{"rendered":"https:\/\/yavaitcachezmeme.fr\/?page_id=5459"},"modified":"2025-01-11T10:57:51","modified_gmt":"2025-01-11T09:57:51","slug":"la-chapelle-gauthier","status":"publish","type":"page","link":"https:\/\/yavaitcachezmeme.fr\/index.php\/autour-de-broglie\/la-chapelle-gauthier\/","title":{"rendered":"La Chapelle-Gauthier"},"content":{"rendered":"<div style=\"font-size: 120%; font-family: georgia;\">\n<p style=\"text-align: justify;\">Situ\u00e9e au Sud-Ouest de Broglie, <span style=\"color: #ff6600;\"><strong>La Chapelle-Gauthier<\/strong><\/span> recense 406 habitants en 2018 contre 473 en 1911. La commune de St Laurent des Gr\u00e8s est r\u00e9unie \u00e0 La Chapelle-Gauthier en 1845.<\/p>\n<p style=\"text-align: center;\"><span style=\"color: #ff6600;\"><strong>~o~<\/strong><\/span><\/p>\n<p><img loading=\"lazy\" decoding=\"async\" class=\"aligncenter wp-image-5448\" src=\"https:\/\/yavaitcachezmeme.fr\/wp-content\/uploads\/2021\/11\/CHAPELLE-GAUTHIER-LA_H_004-600x381.jpg\" alt=\"\" width=\"820\" height=\"520\" srcset=\"https:\/\/yavaitcachezmeme.fr\/wp-content\/uploads\/2021\/11\/CHAPELLE-GAUTHIER-LA_H_004-600x381.jpg 600w, https:\/\/yavaitcachezmeme.fr\/wp-content\/uploads\/2021\/11\/CHAPELLE-GAUTHIER-LA_H_004-1024x650.jpg 1024w, https:\/\/yavaitcachezmeme.fr\/wp-content\/uploads\/2021\/11\/CHAPELLE-GAUTHIER-LA_H_004-1536x975.jpg 1536w, https:\/\/yavaitcachezmeme.fr\/wp-content\/uploads\/2021\/11\/CHAPELLE-GAUTHIER-LA_H_004.jpg 1639w\" sizes=\"auto, (max-width: 820px) 100vw, 820px\" \/><\/p>\n<p style=\"text-align: center;\">Vue sur le village<\/p>\n<p><img loading=\"lazy\" decoding=\"async\" class=\"aligncenter wp-image-5456\" src=\"https:\/\/yavaitcachezmeme.fr\/wp-content\/uploads\/2021\/11\/CHAPELLE-GAUTHIER-LA_H_012-600x378.jpg\" alt=\"\" width=\"820\" height=\"517\" srcset=\"https:\/\/yavaitcachezmeme.fr\/wp-content\/uploads\/2021\/11\/CHAPELLE-GAUTHIER-LA_H_012-600x378.jpg 600w, https:\/\/yavaitcachezmeme.fr\/wp-content\/uploads\/2021\/11\/CHAPELLE-GAUTHIER-LA_H_012-1024x645.jpg 1024w, https:\/\/yavaitcachezmeme.fr\/wp-content\/uploads\/2021\/11\/CHAPELLE-GAUTHIER-LA_H_012-1536x967.jpg 1536w, https:\/\/yavaitcachezmeme.fr\/wp-content\/uploads\/2021\/11\/CHAPELLE-GAUTHIER-LA_H_012.jpg 1613w\" sizes=\"auto, (max-width: 820px) 100vw, 820px\" \/><\/p>\n<p style=\"text-align: center;\">La mairie et l&rsquo;\u00e9cole<\/p>\n<p><img loading=\"lazy\" decoding=\"async\" class=\"aligncenter wp-image-5454\" src=\"https:\/\/yavaitcachezmeme.fr\/wp-content\/uploads\/2021\/11\/CHAPELLE-GAUTHIER-LA_H_010-600x383.jpg\" alt=\"\" width=\"820\" height=\"523\" srcset=\"https:\/\/yavaitcachezmeme.fr\/wp-content\/uploads\/2021\/11\/CHAPELLE-GAUTHIER-LA_H_010-600x383.jpg 600w, https:\/\/yavaitcachezmeme.fr\/wp-content\/uploads\/2021\/11\/CHAPELLE-GAUTHIER-LA_H_010-1024x653.jpg 1024w, https:\/\/yavaitcachezmeme.fr\/wp-content\/uploads\/2021\/11\/CHAPELLE-GAUTHIER-LA_H_010-1536x979.jpg 1536w, https:\/\/yavaitcachezmeme.fr\/wp-content\/uploads\/2021\/11\/CHAPELLE-GAUTHIER-LA_H_010.jpg 1600w\" sizes=\"auto, (max-width: 820px) 100vw, 820px\" \/><\/p>\n<p style=\"text-align: center;\">Un caf\u00e9 dans le village face \u00e0 l&rsquo;\u00e9cole<\/p>\n<p><a href=\"https:\/\/www.google.fr\/maps\/@48.9863027,0.4618763,3a,90y,105.25h,93.06t\/data=!3m6!1e1!3m4!1s7_Yubl8gX7nVytdRuFLSpw!2e0!7i16384!8i8192\" target=\"_blank\" rel=\"noopener\"><img loading=\"lazy\" decoding=\"async\" class=\"aligncenter wp-image-8272\" src=\"https:\/\/yavaitcachezmeme.fr\/wp-content\/uploads\/2022\/09\/unnamed.png\" alt=\"\" width=\"25\" height=\"25\" srcset=\"https:\/\/yavaitcachezmeme.fr\/wp-content\/uploads\/2022\/09\/unnamed.png 512w, https:\/\/yavaitcachezmeme.fr\/wp-content\/uploads\/2022\/09\/unnamed-150x150.png 150w\" sizes=\"auto, (max-width: 25px) 100vw, 25px\" \/><\/a><br \/>\n<img loading=\"lazy\" decoding=\"async\" class=\"aligncenter wp-image-5458\" src=\"https:\/\/yavaitcachezmeme.fr\/wp-content\/uploads\/2021\/11\/CHAPELLE-GAUTHIER-LA_V_002-380x600.jpg\" alt=\"\" width=\"475\" height=\"750\" srcset=\"https:\/\/yavaitcachezmeme.fr\/wp-content\/uploads\/2021\/11\/CHAPELLE-GAUTHIER-LA_V_002-380x600.jpg 380w, https:\/\/yavaitcachezmeme.fr\/wp-content\/uploads\/2021\/11\/CHAPELLE-GAUTHIER-LA_V_002-648x1024.jpg 648w, https:\/\/yavaitcachezmeme.fr\/wp-content\/uploads\/2021\/11\/CHAPELLE-GAUTHIER-LA_V_002-972x1536.jpg 972w, https:\/\/yavaitcachezmeme.fr\/wp-content\/uploads\/2021\/11\/CHAPELLE-GAUTHIER-LA_V_002.jpg 1028w\" sizes=\"auto, (max-width: 475px) 100vw, 475px\" \/><\/p>\n<p style=\"text-align: center;\">L&rsquo;\u00e9glise<\/p>\n<p><img loading=\"lazy\" decoding=\"async\" class=\"aligncenter wp-image-7966\" src=\"https:\/\/yavaitcachezmeme.fr\/wp-content\/uploads\/2022\/08\/CHAPELLE-GAUTHIER-LA_V_003-384x600.jpg\" alt=\"\" width=\"480\" height=\"750\" srcset=\"https:\/\/yavaitcachezmeme.fr\/wp-content\/uploads\/2022\/08\/CHAPELLE-GAUTHIER-LA_V_003-384x600.jpg 384w, https:\/\/yavaitcachezmeme.fr\/wp-content\/uploads\/2022\/08\/CHAPELLE-GAUTHIER-LA_V_003-655x1024.jpg 655w, https:\/\/yavaitcachezmeme.fr\/wp-content\/uploads\/2022\/08\/CHAPELLE-GAUTHIER-LA_V_003-982x1536.jpg 982w, https:\/\/yavaitcachezmeme.fr\/wp-content\/uploads\/2022\/08\/CHAPELLE-GAUTHIER-LA_V_003.jpg 1031w\" sizes=\"auto, (max-width: 480px) 100vw, 480px\" \/><\/p>\n<p style=\"text-align: center;\">L&rsquo;\u00e9glise<\/p>\n<p><img loading=\"lazy\" decoding=\"async\" class=\"aligncenter wp-image-5447\" src=\"https:\/\/yavaitcachezmeme.fr\/wp-content\/uploads\/2021\/11\/CHAPELLE-GAUTHIER-LA_H_003-600x392.jpg\" alt=\"\" width=\"820\" height=\"536\" srcset=\"https:\/\/yavaitcachezmeme.fr\/wp-content\/uploads\/2021\/11\/CHAPELLE-GAUTHIER-LA_H_003-600x392.jpg 600w, https:\/\/yavaitcachezmeme.fr\/wp-content\/uploads\/2021\/11\/CHAPELLE-GAUTHIER-LA_H_003-1024x669.jpg 1024w, https:\/\/yavaitcachezmeme.fr\/wp-content\/uploads\/2021\/11\/CHAPELLE-GAUTHIER-LA_H_003-1536x1003.jpg 1536w, https:\/\/yavaitcachezmeme.fr\/wp-content\/uploads\/2021\/11\/CHAPELLE-GAUTHIER-LA_H_003.jpg 1635w\" sizes=\"auto, (max-width: 820px) 100vw, 820px\" \/><\/p>\n<p style=\"text-align: center;\">L&rsquo;int\u00e9rieur de l&rsquo;\u00e9glise<\/p>\n<p><img loading=\"lazy\" decoding=\"async\" class=\"aligncenter wp-image-5450\" src=\"https:\/\/yavaitcachezmeme.fr\/wp-content\/uploads\/2021\/11\/CHAPELLE-GAUTHIER-LA_H_006-600x388.jpg\" alt=\"\" width=\"820\" height=\"530\" srcset=\"https:\/\/yavaitcachezmeme.fr\/wp-content\/uploads\/2021\/11\/CHAPELLE-GAUTHIER-LA_H_006-600x388.jpg 600w, https:\/\/yavaitcachezmeme.fr\/wp-content\/uploads\/2021\/11\/CHAPELLE-GAUTHIER-LA_H_006-1024x662.jpg 1024w, https:\/\/yavaitcachezmeme.fr\/wp-content\/uploads\/2021\/11\/CHAPELLE-GAUTHIER-LA_H_006-1536x994.jpg 1536w, https:\/\/yavaitcachezmeme.fr\/wp-content\/uploads\/2021\/11\/CHAPELLE-GAUTHIER-LA_H_006.jpg 1620w\" sizes=\"auto, (max-width: 820px) 100vw, 820px\" \/><\/p>\n<p style=\"text-align: center;\">Un ancien caf\u00e9 dans le village \u00e0 c\u00f4t\u00e9 de l&rsquo;\u00e9glise<\/p>\n<p><img loading=\"lazy\" decoding=\"async\" class=\"aligncenter wp-image-5452\" src=\"https:\/\/yavaitcachezmeme.fr\/wp-content\/uploads\/2021\/11\/CHAPELLE-GAUTHIER-LA_H_008-600x388.jpg\" alt=\"\" width=\"820\" height=\"530\" srcset=\"https:\/\/yavaitcachezmeme.fr\/wp-content\/uploads\/2021\/11\/CHAPELLE-GAUTHIER-LA_H_008-600x388.jpg 600w, https:\/\/yavaitcachezmeme.fr\/wp-content\/uploads\/2021\/11\/CHAPELLE-GAUTHIER-LA_H_008-1024x662.jpg 1024w, https:\/\/yavaitcachezmeme.fr\/wp-content\/uploads\/2021\/11\/CHAPELLE-GAUTHIER-LA_H_008-1536x993.jpg 1536w, https:\/\/yavaitcachezmeme.fr\/wp-content\/uploads\/2021\/11\/CHAPELLE-GAUTHIER-LA_H_008.jpg 1640w\" sizes=\"auto, (max-width: 820px) 100vw, 820px\" \/><\/p>\n<p style=\"text-align: center;\">L&rsquo;\u00e9glise et la soci\u00e9t\u00e9 de Gymnastique<\/p>\n<p><a href=\"https:\/\/www.google.fr\/maps\/@48.9866724,0.4607287,3a,75y,80.78h,98.1t\/data=!3m6!1e1!3m4!1sTCFnE-YFLnCfASmkLQVy9g!2e0!7i16384!8i8192\" target=\"_blank\" rel=\"noopener\"><img loading=\"lazy\" decoding=\"async\" class=\"aligncenter wp-image-8272\" src=\"https:\/\/yavaitcachezmeme.fr\/wp-content\/uploads\/2022\/09\/unnamed.png\" alt=\"\" width=\"25\" height=\"25\" srcset=\"https:\/\/yavaitcachezmeme.fr\/wp-content\/uploads\/2022\/09\/unnamed.png 512w, https:\/\/yavaitcachezmeme.fr\/wp-content\/uploads\/2022\/09\/unnamed-150x150.png 150w\" sizes=\"auto, (max-width: 25px) 100vw, 25px\" \/><\/a><br \/>\n<img loading=\"lazy\" decoding=\"async\" class=\"aligncenter wp-image-5449\" src=\"https:\/\/yavaitcachezmeme.fr\/wp-content\/uploads\/2021\/11\/CHAPELLE-GAUTHIER-LA_H_005-600x377.jpg\" alt=\"\" width=\"820\" height=\"515\" srcset=\"https:\/\/yavaitcachezmeme.fr\/wp-content\/uploads\/2021\/11\/CHAPELLE-GAUTHIER-LA_H_005-600x377.jpg 600w, https:\/\/yavaitcachezmeme.fr\/wp-content\/uploads\/2021\/11\/CHAPELLE-GAUTHIER-LA_H_005-1024x643.jpg 1024w, https:\/\/yavaitcachezmeme.fr\/wp-content\/uploads\/2021\/11\/CHAPELLE-GAUTHIER-LA_H_005-1536x965.jpg 1536w, https:\/\/yavaitcachezmeme.fr\/wp-content\/uploads\/2021\/11\/CHAPELLE-GAUTHIER-LA_H_005-542x340.jpg 542w, https:\/\/yavaitcachezmeme.fr\/wp-content\/uploads\/2021\/11\/CHAPELLE-GAUTHIER-LA_H_005.jpg 1624w\" sizes=\"auto, (max-width: 820px) 100vw, 820px\" \/><\/p>\n<p style=\"text-align: center;\">Le presbyt\u00e8re<\/p>\n<p><a href=\"https:\/\/www.google.fr\/maps\/@48.9866333,0.4603142,3a,52.1y,2.2h,97.06t\/data=!3m6!1e1!3m4!1sVk_xHiIArG-3cyF8hNLwXg!2e0!7i16384!8i8192\" target=\"_blank\" rel=\"noopener\"><img loading=\"lazy\" decoding=\"async\" class=\"aligncenter wp-image-8272\" src=\"https:\/\/yavaitcachezmeme.fr\/wp-content\/uploads\/2022\/09\/unnamed.png\" alt=\"\" width=\"25\" height=\"25\" srcset=\"https:\/\/yavaitcachezmeme.fr\/wp-content\/uploads\/2022\/09\/unnamed.png 512w, https:\/\/yavaitcachezmeme.fr\/wp-content\/uploads\/2022\/09\/unnamed-150x150.png 150w\" sizes=\"auto, (max-width: 25px) 100vw, 25px\" \/><\/a><br \/>\n<img loading=\"lazy\" decoding=\"async\" class=\"aligncenter wp-image-5446\" src=\"https:\/\/yavaitcachezmeme.fr\/wp-content\/uploads\/2021\/11\/CHAPELLE-GAUTHIER-LA_H_002-600x393.jpg\" alt=\"\" width=\"820\" height=\"537\" srcset=\"https:\/\/yavaitcachezmeme.fr\/wp-content\/uploads\/2021\/11\/CHAPELLE-GAUTHIER-LA_H_002-600x393.jpg 600w, https:\/\/yavaitcachezmeme.fr\/wp-content\/uploads\/2021\/11\/CHAPELLE-GAUTHIER-LA_H_002-1024x670.jpg 1024w, https:\/\/yavaitcachezmeme.fr\/wp-content\/uploads\/2021\/11\/CHAPELLE-GAUTHIER-LA_H_002-1536x1005.jpg 1536w, https:\/\/yavaitcachezmeme.fr\/wp-content\/uploads\/2021\/11\/CHAPELLE-GAUTHIER-LA_H_002.jpg 1620w\" sizes=\"auto, (max-width: 820px) 100vw, 820px\" \/><\/p>\n<p style=\"text-align: center;\">Un troupeau de mouton et son berger &#8211; Route d&rsquo;Orbec<\/p>\n<p><img loading=\"lazy\" decoding=\"async\" class=\"aligncenter wp-image-10266\" src=\"https:\/\/yavaitcachezmeme.fr\/wp-content\/uploads\/2023\/07\/CHAPELLE-GAUTHIER-LA_H_013-600x382.jpg\" alt=\"\" width=\"820\" height=\"522\" srcset=\"https:\/\/yavaitcachezmeme.fr\/wp-content\/uploads\/2023\/07\/CHAPELLE-GAUTHIER-LA_H_013-600x382.jpg 600w, https:\/\/yavaitcachezmeme.fr\/wp-content\/uploads\/2023\/07\/CHAPELLE-GAUTHIER-LA_H_013-1024x652.jpg 1024w, https:\/\/yavaitcachezmeme.fr\/wp-content\/uploads\/2023\/07\/CHAPELLE-GAUTHIER-LA_H_013-1536x978.jpg 1536w, https:\/\/yavaitcachezmeme.fr\/wp-content\/uploads\/2023\/07\/CHAPELLE-GAUTHIER-LA_H_013.jpg 1640w\" sizes=\"auto, (max-width: 820px) 100vw, 820px\" \/><\/p>\n<p style=\"text-align: center;\">Maison de M. SAUSSAYE<\/p>\n<p><img loading=\"lazy\" decoding=\"async\" class=\"aligncenter wp-image-5453\" src=\"https:\/\/yavaitcachezmeme.fr\/wp-content\/uploads\/2021\/11\/CHAPELLE-GAUTHIER-LA_H_009-600x381.jpg\" alt=\"\" width=\"820\" height=\"521\" srcset=\"https:\/\/yavaitcachezmeme.fr\/wp-content\/uploads\/2021\/11\/CHAPELLE-GAUTHIER-LA_H_009-600x381.jpg 600w, https:\/\/yavaitcachezmeme.fr\/wp-content\/uploads\/2021\/11\/CHAPELLE-GAUTHIER-LA_H_009-1024x650.jpg 1024w, https:\/\/yavaitcachezmeme.fr\/wp-content\/uploads\/2021\/11\/CHAPELLE-GAUTHIER-LA_H_009-1536x975.jpg 1536w, https:\/\/yavaitcachezmeme.fr\/wp-content\/uploads\/2021\/11\/CHAPELLE-GAUTHIER-LA_H_009.jpg 1600w\" sizes=\"auto, (max-width: 820px) 100vw, 820px\" \/><\/p>\n<p style=\"text-align: center;\">Arriv\u00e9e de l&rsquo;express \u00e0 la station<\/p>\n<p><img loading=\"lazy\" decoding=\"async\" class=\"aligncenter wp-image-5455\" src=\"https:\/\/yavaitcachezmeme.fr\/wp-content\/uploads\/2021\/11\/CHAPELLE-GAUTHIER-LA_H_011-600x381.jpg\" alt=\"\" width=\"820\" height=\"521\" srcset=\"https:\/\/yavaitcachezmeme.fr\/wp-content\/uploads\/2021\/11\/CHAPELLE-GAUTHIER-LA_H_011-600x381.jpg 600w, https:\/\/yavaitcachezmeme.fr\/wp-content\/uploads\/2021\/11\/CHAPELLE-GAUTHIER-LA_H_011-1024x650.jpg 1024w, https:\/\/yavaitcachezmeme.fr\/wp-content\/uploads\/2021\/11\/CHAPELLE-GAUTHIER-LA_H_011-1536x975.jpg 1536w, https:\/\/yavaitcachezmeme.fr\/wp-content\/uploads\/2021\/11\/CHAPELLE-GAUTHIER-LA_H_011.jpg 1644w\" sizes=\"auto, (max-width: 820px) 100vw, 820px\" \/><\/p>\n<p style=\"text-align: center;\">Carte fantaisie de la Station<\/p>\n<p><img loading=\"lazy\" decoding=\"async\" class=\"aligncenter wp-image-11822\" src=\"https:\/\/yavaitcachezmeme.fr\/wp-content\/uploads\/2024\/02\/CHAPELLE-GAUTHIER-LA_H_014-600x365.jpg\" alt=\"\" width=\"820\" height=\"499\" srcset=\"https:\/\/yavaitcachezmeme.fr\/wp-content\/uploads\/2024\/02\/CHAPELLE-GAUTHIER-LA_H_014-600x365.jpg 600w, https:\/\/yavaitcachezmeme.fr\/wp-content\/uploads\/2024\/02\/CHAPELLE-GAUTHIER-LA_H_014-1024x623.jpg 1024w, https:\/\/yavaitcachezmeme.fr\/wp-content\/uploads\/2024\/02\/CHAPELLE-GAUTHIER-LA_H_014-1536x935.jpg 1536w, https:\/\/yavaitcachezmeme.fr\/wp-content\/uploads\/2024\/02\/CHAPELLE-GAUTHIER-LA_H_014.jpg 1637w\" sizes=\"auto, (max-width: 820px) 100vw, 820px\" \/><\/p>\n<p style=\"text-align: center;\">La gare<\/p>\n<p><img loading=\"lazy\" decoding=\"async\" class=\"aligncenter wp-image-5445\" src=\"https:\/\/yavaitcachezmeme.fr\/wp-content\/uploads\/2021\/11\/CHAPELLE-GAUTHIER-LA_H_001-600x387.jpg\" alt=\"\" width=\"820\" height=\"529\" srcset=\"https:\/\/yavaitcachezmeme.fr\/wp-content\/uploads\/2021\/11\/CHAPELLE-GAUTHIER-LA_H_001-600x387.jpg 600w, https:\/\/yavaitcachezmeme.fr\/wp-content\/uploads\/2021\/11\/CHAPELLE-GAUTHIER-LA_H_001-1024x661.jpg 1024w, https:\/\/yavaitcachezmeme.fr\/wp-content\/uploads\/2021\/11\/CHAPELLE-GAUTHIER-LA_H_001-1536x991.jpg 1536w, https:\/\/yavaitcachezmeme.fr\/wp-content\/uploads\/2021\/11\/CHAPELLE-GAUTHIER-LA_H_001.jpg 1624w\" sizes=\"auto, (max-width: 820px) 100vw, 820px\" \/><\/p>\n<p style=\"text-align: center;\">Le caf\u00e9 de la station<\/p>\n<p><img loading=\"lazy\" decoding=\"async\" class=\"aligncenter wp-image-12117\" src=\"https:\/\/yavaitcachezmeme.fr\/wp-content\/uploads\/2024\/07\/CHAPELLE-GAUTHIER-LA_H_015-600x383.jpg\" alt=\"\" width=\"820\" height=\"523\" srcset=\"https:\/\/yavaitcachezmeme.fr\/wp-content\/uploads\/2024\/07\/CHAPELLE-GAUTHIER-LA_H_015-600x383.jpg 600w, https:\/\/yavaitcachezmeme.fr\/wp-content\/uploads\/2024\/07\/CHAPELLE-GAUTHIER-LA_H_015-1024x654.jpg 1024w, https:\/\/yavaitcachezmeme.fr\/wp-content\/uploads\/2024\/07\/CHAPELLE-GAUTHIER-LA_H_015-1536x981.jpg 1536w, https:\/\/yavaitcachezmeme.fr\/wp-content\/uploads\/2024\/07\/CHAPELLE-GAUTHIER-LA_H_015.jpg 1604w\" sizes=\"auto, (max-width: 820px) 100vw, 820px\" \/><\/p>\n<p style=\"text-align: center;\">Procession des charitons le lundi de Pentec\u00f4te \u00e0 Pr\u00e9aux (Calvados)<\/p>\n<p><img loading=\"lazy\" decoding=\"async\" class=\"aligncenter wp-image-7127\" src=\"https:\/\/yavaitcachezmeme.fr\/wp-content\/uploads\/2022\/04\/CHAPELLE-GAUTHIER-LA_HM_001-600x418.jpg\" alt=\"\" width=\"850\" height=\"593\" srcset=\"https:\/\/yavaitcachezmeme.fr\/wp-content\/uploads\/2022\/04\/CHAPELLE-GAUTHIER-LA_HM_001-600x418.jpg 600w, https:\/\/yavaitcachezmeme.fr\/wp-content\/uploads\/2022\/04\/CHAPELLE-GAUTHIER-LA_HM_001-1024x714.jpg 1024w, https:\/\/yavaitcachezmeme.fr\/wp-content\/uploads\/2022\/04\/CHAPELLE-GAUTHIER-LA_HM_001-1536x1071.jpg 1536w, https:\/\/yavaitcachezmeme.fr\/wp-content\/uploads\/2022\/04\/CHAPELLE-GAUTHIER-LA_HM_001.jpg 1727w\" sizes=\"auto, (max-width: 850px) 100vw, 850px\" \/><\/p>\n<p style=\"text-align: center;\">Vue a\u00e9rienne<\/p>\n<p><img loading=\"lazy\" decoding=\"async\" class=\"aligncenter wp-image-5457\" src=\"https:\/\/yavaitcachezmeme.fr\/wp-content\/uploads\/2021\/11\/CHAPELLE-GAUTHIER-LA_V_001-384x600.jpg\" alt=\"\" width=\"480\" height=\"750\" srcset=\"https:\/\/yavaitcachezmeme.fr\/wp-content\/uploads\/2021\/11\/CHAPELLE-GAUTHIER-LA_V_001-384x600.jpg 384w, https:\/\/yavaitcachezmeme.fr\/wp-content\/uploads\/2021\/11\/CHAPELLE-GAUTHIER-LA_V_001-655x1024.jpg 655w, https:\/\/yavaitcachezmeme.fr\/wp-content\/uploads\/2021\/11\/CHAPELLE-GAUTHIER-LA_V_001-983x1536.jpg 983w, https:\/\/yavaitcachezmeme.fr\/wp-content\/uploads\/2021\/11\/CHAPELLE-GAUTHIER-LA_V_001.jpg 1044w\" sizes=\"auto, (max-width: 480px) 100vw, 480px\" \/><\/p>\n<p style=\"text-align: center;\">L&rsquo;\u00e9glise de St Laurent des Gr\u00e8s<\/p>\n<p><img loading=\"lazy\" decoding=\"async\" class=\"aligncenter wp-image-12667\" src=\"https:\/\/yavaitcachezmeme.fr\/wp-content\/uploads\/2025\/01\/CHAPELLE-GAUTHIER-LA_HM_002-600x413.jpg\" alt=\"\" width=\"820\" height=\"564\" srcset=\"https:\/\/yavaitcachezmeme.fr\/wp-content\/uploads\/2025\/01\/CHAPELLE-GAUTHIER-LA_HM_002-600x413.jpg 600w, https:\/\/yavaitcachezmeme.fr\/wp-content\/uploads\/2025\/01\/CHAPELLE-GAUTHIER-LA_HM_002-1024x705.jpg 1024w, https:\/\/yavaitcachezmeme.fr\/wp-content\/uploads\/2025\/01\/CHAPELLE-GAUTHIER-LA_HM_002-1536x1057.jpg 1536w, https:\/\/yavaitcachezmeme.fr\/wp-content\/uploads\/2025\/01\/CHAPELLE-GAUTHIER-LA_HM_002.jpg 1750w\" sizes=\"auto, (max-width: 820px) 100vw, 820px\" \/><\/p>\n<p style=\"text-align: center;\">L&rsquo;\u00e9glise de St Laurent des Gr\u00e8s<\/p>\n<p><img loading=\"lazy\" decoding=\"async\" class=\"aligncenter wp-image-5451\" src=\"https:\/\/yavaitcachezmeme.fr\/wp-content\/uploads\/2021\/11\/CHAPELLE-GAUTHIER-LA_H_007-600x385.jpg\" alt=\"\" width=\"820\" height=\"526\" srcset=\"https:\/\/yavaitcachezmeme.fr\/wp-content\/uploads\/2021\/11\/CHAPELLE-GAUTHIER-LA_H_007-600x385.jpg 600w, https:\/\/yavaitcachezmeme.fr\/wp-content\/uploads\/2021\/11\/CHAPELLE-GAUTHIER-LA_H_007-1024x657.jpg 1024w, https:\/\/yavaitcachezmeme.fr\/wp-content\/uploads\/2021\/11\/CHAPELLE-GAUTHIER-LA_H_007-1536x986.jpg 1536w, https:\/\/yavaitcachezmeme.fr\/wp-content\/uploads\/2021\/11\/CHAPELLE-GAUTHIER-LA_H_007.jpg 1620w\" sizes=\"auto, (max-width: 820px) 100vw, 820px\" \/><\/p>\n<p style=\"text-align: center;\">Une propri\u00e9t\u00e9 \u00e0 Saint Laurent des Gr\u00e8s<\/p>\n<p style=\"text-align: center;\"><span style=\"color: #ff6600;\"><strong>~o~<\/strong><\/span><\/p>\n<p style=\"text-align: justify;\">Les communes de l&rsquo;ancien canton de <span style=\"color: #ff6600;\"><strong>Broglie<\/strong><\/span>\u00a0\u00e0 visiter en cliquant sur les liens suivants :<\/p>\n<p style=\"text-align: justify;\"><strong><a href=\"http:\/\/yavaitcachezmeme.fr\/index.php\/les-environs\/broglie\/\">Broglie<\/a>\u00a0 &#8211; <a href=\"https:\/\/yavaitcachezmeme.fr\/index.php\/autour-de-broglie\/capelle-les-grands\/\">Capelle-les-Grands<\/a> &#8211; <a href=\"https:\/\/yavaitcachezmeme.fr\/index.php\/autour-de-broglie\/le-chamblac\/\">Le Chamblac<\/a> &#8211; <a href=\"https:\/\/yavaitcachezmeme.fr\/index.php\/autour-de-broglie\/la-chapelle-gauthier\/\">La Chapelle-Gauthier<\/a> &#8211; <a href=\"http:\/\/yavaitcachezmeme.fr\/index.php\/les-environs\/ferrieres-st-hilaire\/\">Ferri\u00e8res-St-Hilaire<\/a>\u00a0 &#8211; <a href=\"https:\/\/yavaitcachezmeme.fr\/index.php\/autour-de-broglie\/la-goulafriere\/\">La Goulafri\u00e8re<\/a> &#8211; <a href=\"http:\/\/yavaitcachezmeme.fr\/index.php\/les-environs\/grand-camp\/\">Grand-Camp<\/a>\u00a0 &#8211; <a href=\"https:\/\/yavaitcachezmeme.fr\/index.php\/autour-de-broglie\/melicourt\/\">M\u00e9licourt<\/a> &#8211; <a href=\"https:\/\/yavaitcachezmeme.fr\/index.php\/autour-de-broglie\/mesnil-rousset\/\">Mesnil-Rousset<\/a> &#8211; <a href=\"https:\/\/yavaitcachezmeme.fr\/index.php\/autour-de-broglie\/montreuil-largille\/\">Montreuil l&rsquo;Argill\u00e9<\/a> &#8211; <a href=\"https:\/\/yavaitcachezmeme.fr\/index.php\/autour-de-broglie\/notre-dame-du-hamel\/\">Notre-Dame-du-Hamel<\/a> &#8211; <a href=\"https:\/\/yavaitcachezmeme.fr\/index.php\/autour-de-broglie\/st-agnan-de-cernieres\/\">St-Agnan-de-Cerni\u00e8res<\/a> &#8211; <a href=\"https:\/\/yavaitcachezmeme.fr\/index.php\/autour-de-broglie\/st-aubin-du-thenney\/\">St-Aubin-du-Thenney<\/a> &#8211; <a href=\"https:\/\/yavaitcachezmeme.fr\/index.php\/autour-de-broglie\/st-denis-daugerons\/\">St-Denis-d&rsquo;Augerons<\/a> &#8211; <a href=\"https:\/\/yavaitcachezmeme.fr\/index.php\/autour-de-broglie\/st-jean-du-thenney\/\">St-Jean-du-Thenney<\/a> &#8211; <a href=\"https:\/\/yavaitcachezmeme.fr\/index.php\/autour-de-broglie\/st-pierre-de-cernieres\/\">St-Pierre-de-Cerni\u00e8res<\/a> &#8211; <a href=\"https:\/\/yavaitcachezmeme.fr\/index.php\/autour-de-broglie\/st-quentin-des-isles\/\">St-Quentin-des-Isles<\/a> &#8211; <a href=\"https:\/\/yavaitcachezmeme.fr\/index.php\/autour-de-broglie\/la-trinite-de-reville\/\">La Trinit\u00e9-de-R\u00e9ville<\/a> &#8211; <a href=\"https:\/\/yavaitcachezmeme.fr\/index.php\/autour-de-broglie\/verneusses\/\">Verneusses<\/a><\/strong><\/p>\n<p><img loading=\"lazy\" decoding=\"async\" class=\"aligncenter wp-image-6268\" src=\"https:\/\/yavaitcachezmeme.fr\/wp-content\/uploads\/2021\/12\/Autour-de-Broglie-600x433.jpg\" alt=\"\" width=\"800\" height=\"578\" srcset=\"https:\/\/yavaitcachezmeme.fr\/wp-content\/uploads\/2021\/12\/Autour-de-Broglie-600x433.jpg 600w, https:\/\/yavaitcachezmeme.fr\/wp-content\/uploads\/2021\/12\/Autour-de-Broglie-1024x739.jpg 1024w, https:\/\/yavaitcachezmeme.fr\/wp-content\/uploads\/2021\/12\/Autour-de-Broglie-1536x1109.jpg 1536w, https:\/\/yavaitcachezmeme.fr\/wp-content\/uploads\/2021\/12\/Autour-de-Broglie-2048x1479.jpg 2048w\" sizes=\"auto, (max-width: 800px) 100vw, 800px\" \/><\/p>\n<p style=\"text-align: justify;\">Je n&rsquo;ai pas oubli\u00e9 <strong>St-Laurent-du-Tencement<\/strong>\u00a0mais pour l&rsquo;instant je n&rsquo;ai rien \u00e0 vous proposer.<\/p>\n<\/div>\n","protected":false},"excerpt":{"rendered":"<p>Situ\u00e9e au Sud-Ouest de Broglie, La Chapelle-Gauthier recense 406 habitants en 2018 contre 473 en 1911. La commune de St Laurent des Gr\u00e8s&#8230;<\/p>\n","protected":false},"author":1,"featured_media":0,"parent":5279,"menu_order":148,"comment_status":"closed","ping_status":"closed","template":"","meta":{"footnotes":""},"class_list":["post-5459","page","type-page","status-publish","hentry"],"_links":{"self":[{"href":"https:\/\/yavaitcachezmeme.fr\/index.php\/wp-json\/wp\/v2\/pages\/5459","targetHints":{"allow":["GET"]}}],"collection":[{"href":"https:\/\/yavaitcachezmeme.fr\/index.php\/wp-json\/wp\/v2\/pages"}],"about":[{"href":"https:\/\/yavaitcachezmeme.fr\/index.php\/wp-json\/wp\/v2\/types\/page"}],"author":[{"embeddable":true,"href":"https:\/\/yavaitcachezmeme.fr\/index.php\/wp-json\/wp\/v2\/users\/1"}],"replies":[{"embeddable":true,"href":"https:\/\/yavaitcachezmeme.fr\/index.php\/wp-json\/wp\/v2\/comments?post=5459"}],"version-history":[{"count":26,"href":"https:\/\/yavaitcachezmeme.fr\/index.php\/wp-json\/wp\/v2\/pages\/5459\/revisions"}],"predecessor-version":[{"id":12668,"href":"https:\/\/yavaitcachezmeme.fr\/index.php\/wp-json\/wp\/v2\/pages\/5459\/revisions\/12668"}],"up":[{"embeddable":true,"href":"https:\/\/yavaitcachezmeme.fr\/index.php\/wp-json\/wp\/v2\/pages\/5279"}],"wp:attachment":[{"href":"https:\/\/yavaitcachezmeme.fr\/index.php\/wp-json\/wp\/v2\/media?parent=5459"}],"curies":[{"name":"wp","href":"https:\/\/api.w.org\/{rel}","templated":true}]}}