{"id":5492,"date":"2021-12-01T17:50:43","date_gmt":"2021-12-01T16:50:43","guid":{"rendered":"https:\/\/yavaitcachezmeme.fr\/?page_id=5492"},"modified":"2024-02-06T05:44:09","modified_gmt":"2024-02-06T04:44:09","slug":"mesnil-rousset","status":"publish","type":"page","link":"https:\/\/yavaitcachezmeme.fr\/index.php\/autour-de-broglie\/mesnil-rousset\/","title":{"rendered":"Mesnil-Rousset"},"content":{"rendered":"<div style=\"font-size: 120%; font-family: georgia;\">\n<p style=\"text-align: justify;\">Situ\u00e9e au Sud de Broglie, <span style=\"color: #ff6600;\"><strong>Mesnil-Rousset<\/strong><\/span> recense 92 habitants en 2018 contre 138 en 1911.<\/p>\n<p style=\"text-align: center;\"><span style=\"color: #ff6600;\"><strong>~o~<\/strong><\/span><\/p>\n<p><img loading=\"lazy\" decoding=\"async\" class=\"aligncenter wp-image-5488\" src=\"https:\/\/yavaitcachezmeme.fr\/wp-content\/uploads\/2021\/12\/MESNIL-ROUSSET-LE_H_004-600x357.jpg\" alt=\"\" width=\"820\" height=\"488\" srcset=\"https:\/\/yavaitcachezmeme.fr\/wp-content\/uploads\/2021\/12\/MESNIL-ROUSSET-LE_H_004-600x357.jpg 600w, https:\/\/yavaitcachezmeme.fr\/wp-content\/uploads\/2021\/12\/MESNIL-ROUSSET-LE_H_004-1024x609.jpg 1024w, https:\/\/yavaitcachezmeme.fr\/wp-content\/uploads\/2021\/12\/MESNIL-ROUSSET-LE_H_004-1536x913.jpg 1536w, https:\/\/yavaitcachezmeme.fr\/wp-content\/uploads\/2021\/12\/MESNIL-ROUSSET-LE_H_004.jpg 1655w\" sizes=\"auto, (max-width: 820px) 100vw, 820px\" \/><\/p>\n<p style=\"text-align: center;\">L&rsquo;\u00e9glise<\/p>\n<p><a href=\"https:\/\/www.google.com\/maps\/@48.8904101,0.552951,3a,88.3y,184.84h,89.72t\/data=!3m6!1e1!3m4!1snmnvbhzW6eTxNuqjUXyRMA!2e0!7i13312!8i6656\" target=\"_blank\" rel=\"noopener\"><img loading=\"lazy\" decoding=\"async\" class=\"aligncenter wp-image-8272\" src=\"https:\/\/yavaitcachezmeme.fr\/wp-content\/uploads\/2022\/09\/unnamed.png\" alt=\"\" width=\"25\" height=\"25\" srcset=\"https:\/\/yavaitcachezmeme.fr\/wp-content\/uploads\/2022\/09\/unnamed.png 512w, https:\/\/yavaitcachezmeme.fr\/wp-content\/uploads\/2022\/09\/unnamed-150x150.png 150w\" sizes=\"auto, (max-width: 25px) 100vw, 25px\" \/><\/a><\/p>\n<p><img loading=\"lazy\" decoding=\"async\" class=\"aligncenter wp-image-5486\" src=\"https:\/\/yavaitcachezmeme.fr\/wp-content\/uploads\/2021\/12\/MESNIL-ROUSSET-LE_H_002-600x384.jpg\" alt=\"\" width=\"820\" height=\"524\" srcset=\"https:\/\/yavaitcachezmeme.fr\/wp-content\/uploads\/2021\/12\/MESNIL-ROUSSET-LE_H_002-600x384.jpg 600w, https:\/\/yavaitcachezmeme.fr\/wp-content\/uploads\/2021\/12\/MESNIL-ROUSSET-LE_H_002-1024x655.jpg 1024w, https:\/\/yavaitcachezmeme.fr\/wp-content\/uploads\/2021\/12\/MESNIL-ROUSSET-LE_H_002-1536x982.jpg 1536w, https:\/\/yavaitcachezmeme.fr\/wp-content\/uploads\/2021\/12\/MESNIL-ROUSSET-LE_H_002.jpg 1645w\" sizes=\"auto, (max-width: 820px) 100vw, 820px\" \/><\/p>\n<p style=\"text-align: center;\">L&rsquo;int\u00e9rieur de l&rsquo;\u00e9glise<\/p>\n<p><img loading=\"lazy\" decoding=\"async\" class=\"aligncenter wp-image-7242\" src=\"https:\/\/yavaitcachezmeme.fr\/wp-content\/uploads\/2022\/06\/MESNIL-ROUSSET-LE_H_006-600x384.jpg\" alt=\"\" width=\"820\" height=\"525\" srcset=\"https:\/\/yavaitcachezmeme.fr\/wp-content\/uploads\/2022\/06\/MESNIL-ROUSSET-LE_H_006-600x384.jpg 600w, https:\/\/yavaitcachezmeme.fr\/wp-content\/uploads\/2022\/06\/MESNIL-ROUSSET-LE_H_006-1024x655.jpg 1024w, https:\/\/yavaitcachezmeme.fr\/wp-content\/uploads\/2022\/06\/MESNIL-ROUSSET-LE_H_006-1536x983.jpg 1536w, https:\/\/yavaitcachezmeme.fr\/wp-content\/uploads\/2022\/06\/MESNIL-ROUSSET-LE_H_006.jpg 1632w\" sizes=\"auto, (max-width: 820px) 100vw, 820px\" \/><\/p>\n<p style=\"text-align: center;\">L&rsquo;\u00e9cole<\/p>\n<p><img loading=\"lazy\" decoding=\"async\" class=\"aligncenter wp-image-5489\" src=\"https:\/\/yavaitcachezmeme.fr\/wp-content\/uploads\/2021\/12\/MESNIL-ROUSSET-LE_H_005-600x380.jpg\" alt=\"\" width=\"820\" height=\"519\" srcset=\"https:\/\/yavaitcachezmeme.fr\/wp-content\/uploads\/2021\/12\/MESNIL-ROUSSET-LE_H_005-600x380.jpg 600w, https:\/\/yavaitcachezmeme.fr\/wp-content\/uploads\/2021\/12\/MESNIL-ROUSSET-LE_H_005-1024x648.jpg 1024w, https:\/\/yavaitcachezmeme.fr\/wp-content\/uploads\/2021\/12\/MESNIL-ROUSSET-LE_H_005-1536x973.jpg 1536w, https:\/\/yavaitcachezmeme.fr\/wp-content\/uploads\/2021\/12\/MESNIL-ROUSSET-LE_H_005.jpg 1636w\" sizes=\"auto, (max-width: 820px) 100vw, 820px\" \/><\/p>\n<p style=\"text-align: center;\">Un cottage dans le village<\/p>\n<p><img loading=\"lazy\" decoding=\"async\" class=\"aligncenter wp-image-5487\" src=\"https:\/\/yavaitcachezmeme.fr\/wp-content\/uploads\/2021\/12\/MESNIL-ROUSSET-LE_H_003-600x386.jpg\" alt=\"\" width=\"820\" height=\"527\" srcset=\"https:\/\/yavaitcachezmeme.fr\/wp-content\/uploads\/2021\/12\/MESNIL-ROUSSET-LE_H_003-600x386.jpg 600w, https:\/\/yavaitcachezmeme.fr\/wp-content\/uploads\/2021\/12\/MESNIL-ROUSSET-LE_H_003-1024x658.jpg 1024w, https:\/\/yavaitcachezmeme.fr\/wp-content\/uploads\/2021\/12\/MESNIL-ROUSSET-LE_H_003-1536x987.jpg 1536w, https:\/\/yavaitcachezmeme.fr\/wp-content\/uploads\/2021\/12\/MESNIL-ROUSSET-LE_H_003.jpg 1624w\" sizes=\"auto, (max-width: 820px) 100vw, 820px\" \/><\/p>\n<p style=\"text-align: center;\">Le carrefour du village de l&rsquo;\u00e9glise route de l&rsquo;Aigle<\/p>\n<p><a href=\"https:\/\/www.google.com\/maps\/@48.8889573,0.5498747,3a,47.6y,334.11h,97.15t\/data=!3m6!1e1!3m4!1sWLNTPm6AP455DrSB6-B7OA!2e0!7i16384!8i8192\" target=\"_blank\" rel=\"noopener\"><img loading=\"lazy\" decoding=\"async\" class=\"aligncenter wp-image-8272\" src=\"https:\/\/yavaitcachezmeme.fr\/wp-content\/uploads\/2022\/09\/unnamed.png\" alt=\"\" width=\"25\" height=\"25\" srcset=\"https:\/\/yavaitcachezmeme.fr\/wp-content\/uploads\/2022\/09\/unnamed.png 512w, https:\/\/yavaitcachezmeme.fr\/wp-content\/uploads\/2022\/09\/unnamed-150x150.png 150w\" sizes=\"auto, (max-width: 25px) 100vw, 25px\" \/><\/a><\/p>\n<p><img loading=\"lazy\" decoding=\"async\" class=\"aligncenter wp-image-5485\" src=\"https:\/\/yavaitcachezmeme.fr\/wp-content\/uploads\/2021\/12\/MESNIL-ROUSSET-LE_H_001-600x385.jpg\" alt=\"\" width=\"820\" height=\"526\" srcset=\"https:\/\/yavaitcachezmeme.fr\/wp-content\/uploads\/2021\/12\/MESNIL-ROUSSET-LE_H_001-600x385.jpg 600w, https:\/\/yavaitcachezmeme.fr\/wp-content\/uploads\/2021\/12\/MESNIL-ROUSSET-LE_H_001-1024x656.jpg 1024w, https:\/\/yavaitcachezmeme.fr\/wp-content\/uploads\/2021\/12\/MESNIL-ROUSSET-LE_H_001-1536x985.jpg 1536w, https:\/\/yavaitcachezmeme.fr\/wp-content\/uploads\/2021\/12\/MESNIL-ROUSSET-LE_H_001.jpg 1660w\" sizes=\"auto, (max-width: 820px) 100vw, 820px\" \/><\/p>\n<p style=\"text-align: center;\">Carte fantaisie &#8211; Sc\u00e8ne de vendange en Normandie, c&rsquo;est rare<\/p>\n<p style=\"text-align: center;\"><span style=\"color: #ff6600;\"><strong>~o~<\/strong><\/span><\/p>\n<p style=\"text-align: justify;\">Les communes de l&rsquo;ancien canton de <span style=\"color: #ff6600;\"><strong>Broglie<\/strong><\/span>\u00a0\u00e0 visiter en cliquant sur les liens suivants :<\/p>\n<p style=\"text-align: justify;\"><strong><a href=\"http:\/\/yavaitcachezmeme.fr\/index.php\/les-environs\/broglie\/\">Broglie<\/a>\u00a0 &#8211; <a href=\"https:\/\/yavaitcachezmeme.fr\/index.php\/autour-de-broglie\/capelle-les-grands\/\">Capelle-les-Grands<\/a> &#8211; <a href=\"https:\/\/yavaitcachezmeme.fr\/index.php\/autour-de-broglie\/le-chamblac\/\">Le Chamblac<\/a> &#8211; <a href=\"https:\/\/yavaitcachezmeme.fr\/index.php\/autour-de-broglie\/la-chapelle-gauthier\/\">La Chapelle-Gauthier<\/a> &#8211; <a href=\"http:\/\/yavaitcachezmeme.fr\/index.php\/les-environs\/ferrieres-st-hilaire\/\">Ferri\u00e8res-St-Hilaire<\/a>\u00a0 &#8211; <a href=\"https:\/\/yavaitcachezmeme.fr\/index.php\/autour-de-broglie\/la-goulafriere\/\">La Goulafri\u00e8re<\/a> &#8211; <a href=\"http:\/\/yavaitcachezmeme.fr\/index.php\/les-environs\/grand-camp\/\">Grand-Camp<\/a>\u00a0 &#8211; <a href=\"https:\/\/yavaitcachezmeme.fr\/index.php\/autour-de-broglie\/melicourt\/\">M\u00e9licourt<\/a> &#8211; <a href=\"https:\/\/yavaitcachezmeme.fr\/index.php\/autour-de-broglie\/mesnil-rousset\/\">Mesnil-Rousset<\/a> &#8211; <a href=\"https:\/\/yavaitcachezmeme.fr\/index.php\/autour-de-broglie\/montreuil-largille\/\">Montreuil l&rsquo;Argill\u00e9<\/a> &#8211; <a href=\"https:\/\/yavaitcachezmeme.fr\/index.php\/autour-de-broglie\/notre-dame-du-hamel\/\">Notre-Dame-du-Hamel<\/a> &#8211; <a href=\"https:\/\/yavaitcachezmeme.fr\/index.php\/autour-de-broglie\/st-agnan-de-cernieres\/\">St-Agnan-de-Cerni\u00e8res<\/a> &#8211; <a href=\"https:\/\/yavaitcachezmeme.fr\/index.php\/autour-de-broglie\/st-aubin-du-thenney\/\">St-Aubin-du-Thenney<\/a> &#8211; <a href=\"https:\/\/yavaitcachezmeme.fr\/index.php\/autour-de-broglie\/st-denis-daugerons\/\">St-Denis-d&rsquo;Augerons<\/a> &#8211; <a href=\"https:\/\/yavaitcachezmeme.fr\/index.php\/autour-de-broglie\/st-jean-du-thenney\/\">St-Jean-du-Thenney<\/a> &#8211; <a href=\"https:\/\/yavaitcachezmeme.fr\/index.php\/autour-de-broglie\/st-pierre-de-cernieres\/\">St-Pierre-de-Cerni\u00e8res<\/a> &#8211; <a href=\"https:\/\/yavaitcachezmeme.fr\/index.php\/autour-de-broglie\/st-quentin-des-isles\/\">St-Quentin-des-Isles<\/a> &#8211; <a href=\"https:\/\/yavaitcachezmeme.fr\/index.php\/autour-de-broglie\/la-trinite-de-reville\/\">La Trinit\u00e9-de-R\u00e9ville<\/a> &#8211; <a href=\"https:\/\/yavaitcachezmeme.fr\/index.php\/autour-de-broglie\/verneusses\/\">Verneusses<\/a><\/strong><\/p>\n<p><img loading=\"lazy\" decoding=\"async\" class=\"aligncenter wp-image-6268\" src=\"https:\/\/yavaitcachezmeme.fr\/wp-content\/uploads\/2021\/12\/Autour-de-Broglie-600x433.jpg\" alt=\"\" width=\"800\" height=\"578\" srcset=\"https:\/\/yavaitcachezmeme.fr\/wp-content\/uploads\/2021\/12\/Autour-de-Broglie-600x433.jpg 600w, https:\/\/yavaitcachezmeme.fr\/wp-content\/uploads\/2021\/12\/Autour-de-Broglie-1024x739.jpg 1024w, https:\/\/yavaitcachezmeme.fr\/wp-content\/uploads\/2021\/12\/Autour-de-Broglie-1536x1109.jpg 1536w, https:\/\/yavaitcachezmeme.fr\/wp-content\/uploads\/2021\/12\/Autour-de-Broglie-2048x1479.jpg 2048w\" sizes=\"auto, (max-width: 800px) 100vw, 800px\" \/><\/p>\n<p style=\"text-align: justify;\">Je n&rsquo;ai pas oubli\u00e9 <strong>St-Laurent-du-Tencement<\/strong>\u00a0mais pour l&rsquo;instant je n&rsquo;ai rien \u00e0 vous proposer.<\/p>\n<\/div>\n","protected":false},"excerpt":{"rendered":"<p>Situ\u00e9e au Sud de Broglie, Mesnil-Rousset recense 92 habitants en 2018 contre 138 en 1911. ~o~ L&rsquo;\u00e9glise L&rsquo;int\u00e9rieur de l&rsquo;\u00e9glise L&rsquo;\u00e9cole Un cottage&#8230;<\/p>\n","protected":false},"author":1,"featured_media":0,"parent":5279,"menu_order":404,"comment_status":"closed","ping_status":"closed","template":"","meta":{"footnotes":""},"class_list":["post-5492","page","type-page","status-publish","hentry"],"_links":{"self":[{"href":"https:\/\/yavaitcachezmeme.fr\/index.php\/wp-json\/wp\/v2\/pages\/5492","targetHints":{"allow":["GET"]}}],"collection":[{"href":"https:\/\/yavaitcachezmeme.fr\/index.php\/wp-json\/wp\/v2\/pages"}],"about":[{"href":"https:\/\/yavaitcachezmeme.fr\/index.php\/wp-json\/wp\/v2\/types\/page"}],"author":[{"embeddable":true,"href":"https:\/\/yavaitcachezmeme.fr\/index.php\/wp-json\/wp\/v2\/users\/1"}],"replies":[{"embeddable":true,"href":"https:\/\/yavaitcachezmeme.fr\/index.php\/wp-json\/wp\/v2\/comments?post=5492"}],"version-history":[{"count":14,"href":"https:\/\/yavaitcachezmeme.fr\/index.php\/wp-json\/wp\/v2\/pages\/5492\/revisions"}],"predecessor-version":[{"id":11807,"href":"https:\/\/yavaitcachezmeme.fr\/index.php\/wp-json\/wp\/v2\/pages\/5492\/revisions\/11807"}],"up":[{"embeddable":true,"href":"https:\/\/yavaitcachezmeme.fr\/index.php\/wp-json\/wp\/v2\/pages\/5279"}],"wp:attachment":[{"href":"https:\/\/yavaitcachezmeme.fr\/index.php\/wp-json\/wp\/v2\/media?parent=5492"}],"curies":[{"name":"wp","href":"https:\/\/api.w.org\/{rel}","templated":true}]}}