{"id":5522,"date":"2021-12-01T19:55:47","date_gmt":"2021-12-01T18:55:47","guid":{"rendered":"https:\/\/yavaitcachezmeme.fr\/?page_id=5522"},"modified":"2024-12-21T16:12:21","modified_gmt":"2024-12-21T15:12:21","slug":"st-aubin-du-thenney","status":"publish","type":"page","link":"https:\/\/yavaitcachezmeme.fr\/index.php\/autour-de-broglie\/st-aubin-du-thenney\/","title":{"rendered":"St-Aubin-du-Thenney"},"content":{"rendered":"<div style=\"font-size: 120%; font-family: georgia;\">\n<p style=\"text-align: justify;\">Situ\u00e9e \u00e0 l&rsquo;Ouest de Broglie, <span style=\"color: #ff6600;\"><strong>Saint-Aubin-du-Thenney<\/strong><\/span> recense 375 habitants en 2018 contre 474 en 1913.<\/p>\n<p style=\"text-align: center;\"><span style=\"color: #ff6600;\"><strong>~o~<\/strong><\/span><\/p>\n<p><img loading=\"lazy\" decoding=\"async\" class=\"aligncenter wp-image-5516\" src=\"https:\/\/yavaitcachezmeme.fr\/wp-content\/uploads\/2021\/12\/ST-AUBIN-DU-THENNEY_V_002-378x600.jpg\" alt=\"\" width=\"473\" height=\"750\" srcset=\"https:\/\/yavaitcachezmeme.fr\/wp-content\/uploads\/2021\/12\/ST-AUBIN-DU-THENNEY_V_002-378x600.jpg 378w, https:\/\/yavaitcachezmeme.fr\/wp-content\/uploads\/2021\/12\/ST-AUBIN-DU-THENNEY_V_002-646x1024.jpg 646w, https:\/\/yavaitcachezmeme.fr\/wp-content\/uploads\/2021\/12\/ST-AUBIN-DU-THENNEY_V_002-968x1536.jpg 968w, https:\/\/yavaitcachezmeme.fr\/wp-content\/uploads\/2021\/12\/ST-AUBIN-DU-THENNEY_V_002.jpg 1044w\" sizes=\"auto, (max-width: 473px) 100vw, 473px\" \/><\/p>\n<p style=\"text-align: center;\">L&rsquo;\u00e9glise<\/p>\n<p><img loading=\"lazy\" decoding=\"async\" class=\"aligncenter wp-image-5515\" src=\"https:\/\/yavaitcachezmeme.fr\/wp-content\/uploads\/2021\/12\/ST-AUBIN-DU-THENNEY_V_001-381x600.jpg\" alt=\"\" width=\"477\" height=\"750\" srcset=\"https:\/\/yavaitcachezmeme.fr\/wp-content\/uploads\/2021\/12\/ST-AUBIN-DU-THENNEY_V_001-381x600.jpg 381w, https:\/\/yavaitcachezmeme.fr\/wp-content\/uploads\/2021\/12\/ST-AUBIN-DU-THENNEY_V_001-651x1024.jpg 651w, https:\/\/yavaitcachezmeme.fr\/wp-content\/uploads\/2021\/12\/ST-AUBIN-DU-THENNEY_V_001-977x1536.jpg 977w, https:\/\/yavaitcachezmeme.fr\/wp-content\/uploads\/2021\/12\/ST-AUBIN-DU-THENNEY_V_001.jpg 1030w\" sizes=\"auto, (max-width: 477px) 100vw, 477px\" \/><\/p>\n<p style=\"text-align: center;\">L&rsquo;\u00e9glise<\/p>\n<p><img loading=\"lazy\" decoding=\"async\" class=\"aligncenter wp-image-12627\" src=\"https:\/\/yavaitcachezmeme.fr\/wp-content\/uploads\/2024\/12\/ST-AUBIN-DU-THENNEY_HM_001-600x386.jpg\" alt=\"\" width=\"820\" height=\"528\" srcset=\"https:\/\/yavaitcachezmeme.fr\/wp-content\/uploads\/2024\/12\/ST-AUBIN-DU-THENNEY_HM_001-600x386.jpg 600w, https:\/\/yavaitcachezmeme.fr\/wp-content\/uploads\/2024\/12\/ST-AUBIN-DU-THENNEY_HM_001-1024x659.jpg 1024w, https:\/\/yavaitcachezmeme.fr\/wp-content\/uploads\/2024\/12\/ST-AUBIN-DU-THENNEY_HM_001-1536x989.jpg 1536w, https:\/\/yavaitcachezmeme.fr\/wp-content\/uploads\/2024\/12\/ST-AUBIN-DU-THENNEY_HM_001.jpg 1640w\" sizes=\"auto, (max-width: 820px) 100vw, 820px\" \/><\/p>\n<p style=\"text-align: center;\">L&rsquo;\u00e9glise et le caf\u00e9<\/p>\n<p><img loading=\"lazy\" decoding=\"async\" class=\"aligncenter wp-image-5514\" src=\"https:\/\/yavaitcachezmeme.fr\/wp-content\/uploads\/2021\/12\/ST-AUBIN-DU-THENNEY_H_001-600x386.jpg\" alt=\"\" width=\"820\" height=\"528\" srcset=\"https:\/\/yavaitcachezmeme.fr\/wp-content\/uploads\/2021\/12\/ST-AUBIN-DU-THENNEY_H_001-600x386.jpg 600w, https:\/\/yavaitcachezmeme.fr\/wp-content\/uploads\/2021\/12\/ST-AUBIN-DU-THENNEY_H_001-1024x659.jpg 1024w, https:\/\/yavaitcachezmeme.fr\/wp-content\/uploads\/2021\/12\/ST-AUBIN-DU-THENNEY_H_001-1536x989.jpg 1536w, https:\/\/yavaitcachezmeme.fr\/wp-content\/uploads\/2021\/12\/ST-AUBIN-DU-THENNEY_H_001.jpg 1628w\" sizes=\"auto, (max-width: 820px) 100vw, 820px\" \/><\/p>\n<p style=\"text-align: center;\">Route d&rsquo;Orbec<\/p>\n<p><a href=\"https:\/\/www.google.fr\/maps\/@49.0203667,0.4902992,3a,55.6y,290.48h,91.49t\/data=!3m7!1e1!3m5!1sUjBc4gU2i1dNrXbGbBYPUg!2e0!6shttps:%2F%2Fstreetviewpixels-pa.googleapis.com%2Fv1%2Fthumbnail%3Fpanoid%3DUjBc4gU2i1dNrXbGbBYPUg%26cb_client%3Dmaps_sv.tactile.gps%26w%3D203%26h%3D100%26yaw%3D155.077%26pitch%3D0%26thumbfov%3D100!7i16384!8i8192\" target=\"_blank\" rel=\"noopener\"><img loading=\"lazy\" decoding=\"async\" class=\"aligncenter wp-image-8272\" src=\"https:\/\/yavaitcachezmeme.fr\/wp-content\/uploads\/2022\/09\/unnamed.png\" alt=\"\" width=\"25\" height=\"25\" srcset=\"https:\/\/yavaitcachezmeme.fr\/wp-content\/uploads\/2022\/09\/unnamed.png 512w, https:\/\/yavaitcachezmeme.fr\/wp-content\/uploads\/2022\/09\/unnamed-150x150.png 150w\" sizes=\"auto, (max-width: 25px) 100vw, 25px\" \/><\/a><\/p>\n<p><img loading=\"lazy\" decoding=\"async\" class=\"aligncenter wp-image-12011\" src=\"https:\/\/yavaitcachezmeme.fr\/wp-content\/uploads\/2024\/05\/ST-AUBIN-DU-THENNEY_H_005-600x381.jpg\" alt=\"\" width=\"820\" height=\"521\" srcset=\"https:\/\/yavaitcachezmeme.fr\/wp-content\/uploads\/2024\/05\/ST-AUBIN-DU-THENNEY_H_005-600x381.jpg 600w, https:\/\/yavaitcachezmeme.fr\/wp-content\/uploads\/2024\/05\/ST-AUBIN-DU-THENNEY_H_005-1024x651.jpg 1024w, https:\/\/yavaitcachezmeme.fr\/wp-content\/uploads\/2024\/05\/ST-AUBIN-DU-THENNEY_H_005-1536x976.jpg 1536w, https:\/\/yavaitcachezmeme.fr\/wp-content\/uploads\/2024\/05\/ST-AUBIN-DU-THENNEY_H_005.jpg 1622w\" sizes=\"auto, (max-width: 820px) 100vw, 820px\" \/><\/p>\n<p style=\"text-align: center;\">Route d&rsquo;Orbec<\/p>\n<p><img loading=\"lazy\" decoding=\"async\" class=\"aligncenter wp-image-11913\" src=\"https:\/\/yavaitcachezmeme.fr\/wp-content\/uploads\/2024\/03\/ST-AUBIN-DU-THENNEY_H_004-600x387.jpg\" alt=\"\" width=\"820\" height=\"529\" srcset=\"https:\/\/yavaitcachezmeme.fr\/wp-content\/uploads\/2024\/03\/ST-AUBIN-DU-THENNEY_H_004-600x387.jpg 600w, https:\/\/yavaitcachezmeme.fr\/wp-content\/uploads\/2024\/03\/ST-AUBIN-DU-THENNEY_H_004-1024x660.jpg 1024w, https:\/\/yavaitcachezmeme.fr\/wp-content\/uploads\/2024\/03\/ST-AUBIN-DU-THENNEY_H_004-1536x990.jpg 1536w, https:\/\/yavaitcachezmeme.fr\/wp-content\/uploads\/2024\/03\/ST-AUBIN-DU-THENNEY_H_004.jpg 1602w\" sizes=\"auto, (max-width: 820px) 100vw, 820px\" \/><\/p>\n<p style=\"text-align: center;\">Le camion du laitier devant le caf\u00e9<\/p>\n<p><img loading=\"lazy\" decoding=\"async\" class=\"aligncenter wp-image-7136\" src=\"https:\/\/yavaitcachezmeme.fr\/wp-content\/uploads\/2022\/04\/ST-AUBIN-DU-THENNEY_H_002-600x381.jpg\" alt=\"\" width=\"820\" height=\"521\" srcset=\"https:\/\/yavaitcachezmeme.fr\/wp-content\/uploads\/2022\/04\/ST-AUBIN-DU-THENNEY_H_002-600x381.jpg 600w, https:\/\/yavaitcachezmeme.fr\/wp-content\/uploads\/2022\/04\/ST-AUBIN-DU-THENNEY_H_002-1024x650.jpg 1024w, https:\/\/yavaitcachezmeme.fr\/wp-content\/uploads\/2022\/04\/ST-AUBIN-DU-THENNEY_H_002-1536x975.jpg 1536w, https:\/\/yavaitcachezmeme.fr\/wp-content\/uploads\/2022\/04\/ST-AUBIN-DU-THENNEY_H_002.jpg 1644w\" sizes=\"auto, (max-width: 820px) 100vw, 820px\" \/><\/p>\n<p style=\"text-align: center;\">L&rsquo;\u00e9cole<\/p>\n<p><a href=\"https:\/\/www.google.fr\/maps\/@49.0210449,0.4883404,3a,63y,266.71h,100.97t\/data=!3m6!1e1!3m4!1sjs3gqKps1Eunu4Be-277DQ!2e0!7i16384!8i8192\" target=\"_blank\" rel=\"noopener\"><img loading=\"lazy\" decoding=\"async\" class=\"aligncenter wp-image-8272\" src=\"https:\/\/yavaitcachezmeme.fr\/wp-content\/uploads\/2022\/09\/unnamed.png\" alt=\"\" width=\"25\" height=\"25\" srcset=\"https:\/\/yavaitcachezmeme.fr\/wp-content\/uploads\/2022\/09\/unnamed.png 512w, https:\/\/yavaitcachezmeme.fr\/wp-content\/uploads\/2022\/09\/unnamed-150x150.png 150w\" sizes=\"auto, (max-width: 25px) 100vw, 25px\" \/><\/a><\/p>\n<p><img loading=\"lazy\" decoding=\"async\" class=\"aligncenter wp-image-9878\" src=\"https:\/\/yavaitcachezmeme.fr\/wp-content\/uploads\/2023\/04\/ST-AUBIN-DU-THENNEY_H_003-600x376.jpg\" alt=\"\" width=\"820\" height=\"514\" srcset=\"https:\/\/yavaitcachezmeme.fr\/wp-content\/uploads\/2023\/04\/ST-AUBIN-DU-THENNEY_H_003-600x376.jpg 600w, https:\/\/yavaitcachezmeme.fr\/wp-content\/uploads\/2023\/04\/ST-AUBIN-DU-THENNEY_H_003-1024x642.jpg 1024w, https:\/\/yavaitcachezmeme.fr\/wp-content\/uploads\/2023\/04\/ST-AUBIN-DU-THENNEY_H_003-1536x963.jpg 1536w, https:\/\/yavaitcachezmeme.fr\/wp-content\/uploads\/2023\/04\/ST-AUBIN-DU-THENNEY_H_003-542x340.jpg 542w, https:\/\/yavaitcachezmeme.fr\/wp-content\/uploads\/2023\/04\/ST-AUBIN-DU-THENNEY_H_003.jpg 1640w\" sizes=\"auto, (max-width: 820px) 100vw, 820px\" \/><\/p>\n<p style=\"text-align: center;\">L&rsquo;\u00e9cole des filles<\/p>\n<p><img loading=\"lazy\" decoding=\"async\" class=\"aligncenter wp-image-12045\" src=\"https:\/\/yavaitcachezmeme.fr\/wp-content\/uploads\/2024\/06\/ST-AUBIN-DU-THENNEY_H_006-600x381.jpg\" alt=\"\" width=\"820\" height=\"520\" srcset=\"https:\/\/yavaitcachezmeme.fr\/wp-content\/uploads\/2024\/06\/ST-AUBIN-DU-THENNEY_H_006-600x381.jpg 600w, https:\/\/yavaitcachezmeme.fr\/wp-content\/uploads\/2024\/06\/ST-AUBIN-DU-THENNEY_H_006-1024x649.jpg 1024w, https:\/\/yavaitcachezmeme.fr\/wp-content\/uploads\/2024\/06\/ST-AUBIN-DU-THENNEY_H_006-1536x974.jpg 1536w, https:\/\/yavaitcachezmeme.fr\/wp-content\/uploads\/2024\/06\/ST-AUBIN-DU-THENNEY_H_006.jpg 1621w\" sizes=\"auto, (max-width: 820px) 100vw, 820px\" \/><\/p>\n<p style=\"text-align: center;\">Une maison particuli\u00e8re<\/p>\n<p style=\"text-align: center;\"><span style=\"color: #ff6600;\"><strong>~o~<\/strong><\/span><\/p>\n<p style=\"text-align: justify;\">Les communes de l&rsquo;ancien canton de <span style=\"color: #ff6600;\"><strong>Broglie<\/strong><\/span>\u00a0\u00e0 visiter en cliquant sur les liens suivants :<\/p>\n<p style=\"text-align: justify;\"><strong><a href=\"http:\/\/yavaitcachezmeme.fr\/index.php\/les-environs\/broglie\/\">Broglie<\/a>\u00a0 &#8211; <a href=\"https:\/\/yavaitcachezmeme.fr\/index.php\/autour-de-broglie\/capelle-les-grands\/\">Capelle-les-Grands<\/a> &#8211; <a href=\"https:\/\/yavaitcachezmeme.fr\/index.php\/autour-de-broglie\/le-chamblac\/\">Le Chamblac<\/a> &#8211; <a href=\"https:\/\/yavaitcachezmeme.fr\/index.php\/autour-de-broglie\/la-chapelle-gauthier\/\">La Chapelle-Gauthier<\/a> &#8211; <a href=\"http:\/\/yavaitcachezmeme.fr\/index.php\/les-environs\/ferrieres-st-hilaire\/\">Ferri\u00e8res-St-Hilaire<\/a>\u00a0 &#8211; <a href=\"https:\/\/yavaitcachezmeme.fr\/index.php\/autour-de-broglie\/la-goulafriere\/\">La Goulafri\u00e8re<\/a> &#8211; <a href=\"http:\/\/yavaitcachezmeme.fr\/index.php\/les-environs\/grand-camp\/\">Grand-Camp<\/a>\u00a0 &#8211; <a href=\"https:\/\/yavaitcachezmeme.fr\/index.php\/autour-de-broglie\/melicourt\/\">M\u00e9licourt<\/a> &#8211; <a href=\"https:\/\/yavaitcachezmeme.fr\/index.php\/autour-de-broglie\/mesnil-rousset\/\">Mesnil-Rousset<\/a> &#8211; <a href=\"https:\/\/yavaitcachezmeme.fr\/index.php\/autour-de-broglie\/montreuil-largille\/\">Montreuil l&rsquo;Argill\u00e9<\/a> &#8211; <a href=\"https:\/\/yavaitcachezmeme.fr\/index.php\/autour-de-broglie\/notre-dame-du-hamel\/\">Notre-Dame-du-Hamel<\/a> &#8211; <a href=\"https:\/\/yavaitcachezmeme.fr\/index.php\/autour-de-broglie\/st-agnan-de-cernieres\/\">St-Agnan-de-Cerni\u00e8res<\/a> &#8211; <a href=\"https:\/\/yavaitcachezmeme.fr\/index.php\/autour-de-broglie\/st-aubin-du-thenney\/\">St-Aubin-du-Thenney<\/a> &#8211; <a href=\"https:\/\/yavaitcachezmeme.fr\/index.php\/autour-de-broglie\/st-denis-daugerons\/\">St-Denis-d&rsquo;Augerons<\/a> &#8211; <a href=\"https:\/\/yavaitcachezmeme.fr\/index.php\/autour-de-broglie\/st-jean-du-thenney\/\">St-Jean-du-Thenney<\/a> &#8211; <a href=\"https:\/\/yavaitcachezmeme.fr\/index.php\/autour-de-broglie\/st-pierre-de-cernieres\/\">St-Pierre-de-Cerni\u00e8res<\/a> &#8211; <a href=\"https:\/\/yavaitcachezmeme.fr\/index.php\/autour-de-broglie\/st-quentin-des-isles\/\">St-Quentin-des-Isles<\/a> &#8211; <a href=\"https:\/\/yavaitcachezmeme.fr\/index.php\/autour-de-broglie\/la-trinite-de-reville\/\">La Trinit\u00e9-de-R\u00e9ville<\/a> &#8211; <a href=\"https:\/\/yavaitcachezmeme.fr\/index.php\/autour-de-broglie\/verneusses\/\">Verneusses<\/a><\/strong><\/p>\n<p><img loading=\"lazy\" decoding=\"async\" class=\"aligncenter wp-image-6268\" src=\"https:\/\/yavaitcachezmeme.fr\/wp-content\/uploads\/2021\/12\/Autour-de-Broglie-600x433.jpg\" alt=\"\" width=\"800\" height=\"578\" srcset=\"https:\/\/yavaitcachezmeme.fr\/wp-content\/uploads\/2021\/12\/Autour-de-Broglie-600x433.jpg 600w, https:\/\/yavaitcachezmeme.fr\/wp-content\/uploads\/2021\/12\/Autour-de-Broglie-1024x739.jpg 1024w, https:\/\/yavaitcachezmeme.fr\/wp-content\/uploads\/2021\/12\/Autour-de-Broglie-1536x1109.jpg 1536w, https:\/\/yavaitcachezmeme.fr\/wp-content\/uploads\/2021\/12\/Autour-de-Broglie-2048x1479.jpg 2048w\" sizes=\"auto, (max-width: 800px) 100vw, 800px\" \/><\/p>\n<p style=\"text-align: justify;\">Je n&rsquo;ai pas oubli\u00e9 <strong>St-Laurent-du-Tencement<\/strong>\u00a0mais pour l&rsquo;instant je n&rsquo;ai rien \u00e0 vous proposer.<\/p>\n<\/div>\n","protected":false},"excerpt":{"rendered":"<p>Situ\u00e9e \u00e0 l&rsquo;Ouest de Broglie, Saint-Aubin-du-Thenney recense 375 habitants en 2018 contre 474 en 1913. ~o~ L&rsquo;\u00e9glise L&rsquo;\u00e9glise L&rsquo;\u00e9glise et le caf\u00e9 Route&#8230;<\/p>\n","protected":false},"author":1,"featured_media":0,"parent":5279,"menu_order":514,"comment_status":"closed","ping_status":"closed","template":"","meta":{"footnotes":""},"class_list":["post-5522","page","type-page","status-publish","hentry"],"_links":{"self":[{"href":"https:\/\/yavaitcachezmeme.fr\/index.php\/wp-json\/wp\/v2\/pages\/5522","targetHints":{"allow":["GET"]}}],"collection":[{"href":"https:\/\/yavaitcachezmeme.fr\/index.php\/wp-json\/wp\/v2\/pages"}],"about":[{"href":"https:\/\/yavaitcachezmeme.fr\/index.php\/wp-json\/wp\/v2\/types\/page"}],"author":[{"embeddable":true,"href":"https:\/\/yavaitcachezmeme.fr\/index.php\/wp-json\/wp\/v2\/users\/1"}],"replies":[{"embeddable":true,"href":"https:\/\/yavaitcachezmeme.fr\/index.php\/wp-json\/wp\/v2\/comments?post=5522"}],"version-history":[{"count":22,"href":"https:\/\/yavaitcachezmeme.fr\/index.php\/wp-json\/wp\/v2\/pages\/5522\/revisions"}],"predecessor-version":[{"id":12642,"href":"https:\/\/yavaitcachezmeme.fr\/index.php\/wp-json\/wp\/v2\/pages\/5522\/revisions\/12642"}],"up":[{"embeddable":true,"href":"https:\/\/yavaitcachezmeme.fr\/index.php\/wp-json\/wp\/v2\/pages\/5279"}],"wp:attachment":[{"href":"https:\/\/yavaitcachezmeme.fr\/index.php\/wp-json\/wp\/v2\/media?parent=5522"}],"curies":[{"name":"wp","href":"https:\/\/api.w.org\/{rel}","templated":true}]}}