{"id":5524,"date":"2021-12-01T20:02:41","date_gmt":"2021-12-01T19:02:41","guid":{"rendered":"https:\/\/yavaitcachezmeme.fr\/?page_id=5524"},"modified":"2025-12-08T05:35:35","modified_gmt":"2025-12-08T04:35:35","slug":"st-denis-daugerons","status":"publish","type":"page","link":"https:\/\/yavaitcachezmeme.fr\/index.php\/autour-de-broglie\/st-denis-daugerons\/","title":{"rendered":"St-Denis-d&rsquo;Augerons"},"content":{"rendered":"<div style=\"font-size: 120%; font-family: georgia;\">\n<p style=\"text-align: justify;\">Situ\u00e9e au Sud de Broglie,<strong><span style=\"color: #ff6600;\"> Saint-Denis-d&rsquo;Augerons<\/span><\/strong> recense 83 habitants en 2018 contre 74 en 1911.<\/p>\n<p style=\"text-align: center;\"><span style=\"color: #ff6600;\"><strong>~o~<\/strong><\/span><\/p>\n<p><img loading=\"lazy\" decoding=\"async\" class=\"aligncenter wp-image-5517\" src=\"https:\/\/yavaitcachezmeme.fr\/wp-content\/uploads\/2021\/12\/ST-DENIS-DAUGERONS_H_001-600x372.jpg\" alt=\"\" width=\"820\" height=\"509\" srcset=\"https:\/\/yavaitcachezmeme.fr\/wp-content\/uploads\/2021\/12\/ST-DENIS-DAUGERONS_H_001-600x372.jpg 600w, https:\/\/yavaitcachezmeme.fr\/wp-content\/uploads\/2021\/12\/ST-DENIS-DAUGERONS_H_001-1024x636.jpg 1024w, https:\/\/yavaitcachezmeme.fr\/wp-content\/uploads\/2021\/12\/ST-DENIS-DAUGERONS_H_001-1536x953.jpg 1536w, https:\/\/yavaitcachezmeme.fr\/wp-content\/uploads\/2021\/12\/ST-DENIS-DAUGERONS_H_001.jpg 1624w\" sizes=\"auto, (max-width: 820px) 100vw, 820px\" \/><\/p>\n<p style=\"text-align: center;\">Le Ch\u00e2teau<\/p>\n<p><img loading=\"lazy\" decoding=\"async\" class=\"aligncenter wp-image-5519\" src=\"https:\/\/yavaitcachezmeme.fr\/wp-content\/uploads\/2021\/12\/ST-DENIS-DAUGERONS_H_003-600x389.jpg\" alt=\"\" width=\"820\" height=\"532\" srcset=\"https:\/\/yavaitcachezmeme.fr\/wp-content\/uploads\/2021\/12\/ST-DENIS-DAUGERONS_H_003-600x389.jpg 600w, https:\/\/yavaitcachezmeme.fr\/wp-content\/uploads\/2021\/12\/ST-DENIS-DAUGERONS_H_003-1024x664.jpg 1024w, https:\/\/yavaitcachezmeme.fr\/wp-content\/uploads\/2021\/12\/ST-DENIS-DAUGERONS_H_003-1536x996.jpg 1536w, https:\/\/yavaitcachezmeme.fr\/wp-content\/uploads\/2021\/12\/ST-DENIS-DAUGERONS_H_003.jpg 1616w\" sizes=\"auto, (max-width: 820px) 100vw, 820px\" \/><\/p>\n<p style=\"text-align: center;\">Le Ch\u00e2teau<\/p>\n<p><img loading=\"lazy\" decoding=\"async\" class=\"aligncenter wp-image-5738\" src=\"https:\/\/yavaitcachezmeme.fr\/wp-content\/uploads\/2021\/12\/ST-DENIS-DAUGERONS_H_005-600x383.jpg\" alt=\"\" width=\"820\" height=\"524\" srcset=\"https:\/\/yavaitcachezmeme.fr\/wp-content\/uploads\/2021\/12\/ST-DENIS-DAUGERONS_H_005-600x383.jpg 600w, https:\/\/yavaitcachezmeme.fr\/wp-content\/uploads\/2021\/12\/ST-DENIS-DAUGERONS_H_005-1024x654.jpg 1024w, https:\/\/yavaitcachezmeme.fr\/wp-content\/uploads\/2021\/12\/ST-DENIS-DAUGERONS_H_005-1536x981.jpg 1536w, https:\/\/yavaitcachezmeme.fr\/wp-content\/uploads\/2021\/12\/ST-DENIS-DAUGERONS_H_005.jpg 1616w\" sizes=\"auto, (max-width: 820px) 100vw, 820px\" \/><\/p>\n<p style=\"text-align: center;\">Le Ch\u00e2teau<\/p>\n<p><img loading=\"lazy\" decoding=\"async\" class=\"aligncenter wp-image-5520\" src=\"https:\/\/yavaitcachezmeme.fr\/wp-content\/uploads\/2021\/12\/ST-DENIS-DAUGERONS_H_004-600x382.jpg\" alt=\"\" width=\"820\" height=\"522\" srcset=\"https:\/\/yavaitcachezmeme.fr\/wp-content\/uploads\/2021\/12\/ST-DENIS-DAUGERONS_H_004-600x382.jpg 600w, https:\/\/yavaitcachezmeme.fr\/wp-content\/uploads\/2021\/12\/ST-DENIS-DAUGERONS_H_004-1024x651.jpg 1024w, https:\/\/yavaitcachezmeme.fr\/wp-content\/uploads\/2021\/12\/ST-DENIS-DAUGERONS_H_004-1536x977.jpg 1536w, https:\/\/yavaitcachezmeme.fr\/wp-content\/uploads\/2021\/12\/ST-DENIS-DAUGERONS_H_004.jpg 1616w\" sizes=\"auto, (max-width: 820px) 100vw, 820px\" \/><\/p>\n<p style=\"text-align: center;\">Le Chalet \u00e0 l&rsquo;entr\u00e9e du village<\/p>\n<p><img loading=\"lazy\" decoding=\"async\" class=\"aligncenter wp-image-5518\" src=\"https:\/\/yavaitcachezmeme.fr\/wp-content\/uploads\/2021\/12\/ST-DENIS-DAUGERONS_H_002-600x388.jpg\" alt=\"\" width=\"820\" height=\"530\" srcset=\"https:\/\/yavaitcachezmeme.fr\/wp-content\/uploads\/2021\/12\/ST-DENIS-DAUGERONS_H_002-600x388.jpg 600w, https:\/\/yavaitcachezmeme.fr\/wp-content\/uploads\/2021\/12\/ST-DENIS-DAUGERONS_H_002-1024x662.jpg 1024w, https:\/\/yavaitcachezmeme.fr\/wp-content\/uploads\/2021\/12\/ST-DENIS-DAUGERONS_H_002-1536x993.jpg 1536w, https:\/\/yavaitcachezmeme.fr\/wp-content\/uploads\/2021\/12\/ST-DENIS-DAUGERONS_H_002.jpg 1623w\" sizes=\"auto, (max-width: 820px) 100vw, 820px\" \/><\/p>\n<p style=\"text-align: center;\">Le Guiel<\/p>\n<p style=\"text-align: center;\"><img loading=\"lazy\" decoding=\"async\" class=\"alignnone wp-image-13291\" src=\"https:\/\/yavaitcachezmeme.fr\/wp-content\/uploads\/2025\/12\/ST-DENIS-DAUGERONS_PCP_003-600x600.png\" alt=\"\" width=\"650\" height=\"649\" srcset=\"https:\/\/yavaitcachezmeme.fr\/wp-content\/uploads\/2025\/12\/ST-DENIS-DAUGERONS_PCP_003-600x600.png 600w, https:\/\/yavaitcachezmeme.fr\/wp-content\/uploads\/2025\/12\/ST-DENIS-DAUGERONS_PCP_003-1024x1022.png 1024w, https:\/\/yavaitcachezmeme.fr\/wp-content\/uploads\/2025\/12\/ST-DENIS-DAUGERONS_PCP_003-150x150.png 150w, https:\/\/yavaitcachezmeme.fr\/wp-content\/uploads\/2025\/12\/ST-DENIS-DAUGERONS_PCP_003.png 1338w\" sizes=\"auto, (max-width: 650px) 100vw, 650px\" \/><\/p>\n<p style=\"text-align: center;\">\u00c9tiquette de camembert &#8211; Th R\u00e9aux<\/p>\n<p style=\"text-align: center;\"><img loading=\"lazy\" decoding=\"async\" class=\"alignnone wp-image-13292\" src=\"https:\/\/yavaitcachezmeme.fr\/wp-content\/uploads\/2025\/12\/ST-DENIS-DAUGERONS_PCP_004-597x600.png\" alt=\"\" width=\"647\" height=\"650\" srcset=\"https:\/\/yavaitcachezmeme.fr\/wp-content\/uploads\/2025\/12\/ST-DENIS-DAUGERONS_PCP_004-597x600.png 597w, https:\/\/yavaitcachezmeme.fr\/wp-content\/uploads\/2025\/12\/ST-DENIS-DAUGERONS_PCP_004-1019x1024.png 1019w, https:\/\/yavaitcachezmeme.fr\/wp-content\/uploads\/2025\/12\/ST-DENIS-DAUGERONS_PCP_004-150x150.png 150w, https:\/\/yavaitcachezmeme.fr\/wp-content\/uploads\/2025\/12\/ST-DENIS-DAUGERONS_PCP_004.png 1326w\" sizes=\"auto, (max-width: 647px) 100vw, 647px\" \/><\/p>\n<p style=\"text-align: center;\">\u00c9tiquette de camembert &#8211; Grand cru de la Vall\u00e9e d&rsquo;Auge<\/p>\n<p><img loading=\"lazy\" decoding=\"async\" class=\"aligncenter wp-image-13293\" src=\"https:\/\/yavaitcachezmeme.fr\/wp-content\/uploads\/2025\/12\/ST-DENIS-DAUGERONS_PCP_005-600x600.png\" alt=\"\" width=\"650\" height=\"650\" srcset=\"https:\/\/yavaitcachezmeme.fr\/wp-content\/uploads\/2025\/12\/ST-DENIS-DAUGERONS_PCP_005-600x600.png 600w, https:\/\/yavaitcachezmeme.fr\/wp-content\/uploads\/2025\/12\/ST-DENIS-DAUGERONS_PCP_005-1024x1024.png 1024w, https:\/\/yavaitcachezmeme.fr\/wp-content\/uploads\/2025\/12\/ST-DENIS-DAUGERONS_PCP_005-150x150.png 150w, https:\/\/yavaitcachezmeme.fr\/wp-content\/uploads\/2025\/12\/ST-DENIS-DAUGERONS_PCP_005.png 1299w\" sizes=\"auto, (max-width: 650px) 100vw, 650px\" \/><\/p>\n<p>&nbsp;<\/p>\n<p style=\"text-align: center;\">\u00c9tiquette de camembert &#8211; Le Mont Joly<\/p>\n<p style=\"text-align: center;\"><span style=\"color: #ff6600;\"><strong>~o~<\/strong><\/span><\/p>\n<p style=\"text-align: justify;\">Les communes de l&rsquo;ancien canton de <span style=\"color: #ff6600;\"><strong>Broglie<\/strong><\/span>\u00a0\u00e0 visiter en cliquant sur les liens suivants :<\/p>\n<p style=\"text-align: justify;\"><strong><a href=\"http:\/\/yavaitcachezmeme.fr\/index.php\/les-environs\/broglie\/\">Broglie<\/a>\u00a0 &#8211; <a href=\"https:\/\/yavaitcachezmeme.fr\/index.php\/autour-de-broglie\/capelle-les-grands\/\">Capelle-les-Grands<\/a> &#8211; <a href=\"https:\/\/yavaitcachezmeme.fr\/index.php\/autour-de-broglie\/le-chamblac\/\">Le Chamblac<\/a> &#8211; <a href=\"https:\/\/yavaitcachezmeme.fr\/index.php\/autour-de-broglie\/la-chapelle-gauthier\/\">La Chapelle-Gauthier<\/a> &#8211; <a href=\"http:\/\/yavaitcachezmeme.fr\/index.php\/les-environs\/ferrieres-st-hilaire\/\">Ferri\u00e8res-St-Hilaire<\/a>\u00a0 &#8211; <a href=\"https:\/\/yavaitcachezmeme.fr\/index.php\/autour-de-broglie\/la-goulafriere\/\">La Goulafri\u00e8re<\/a> &#8211; <a href=\"http:\/\/yavaitcachezmeme.fr\/index.php\/les-environs\/grand-camp\/\">Grand-Camp<\/a>\u00a0 &#8211; <a href=\"https:\/\/yavaitcachezmeme.fr\/index.php\/autour-de-broglie\/melicourt\/\">M\u00e9licourt<\/a> &#8211; <a href=\"https:\/\/yavaitcachezmeme.fr\/index.php\/autour-de-broglie\/mesnil-rousset\/\">Mesnil-Rousset<\/a> &#8211; <a href=\"https:\/\/yavaitcachezmeme.fr\/index.php\/autour-de-broglie\/montreuil-largille\/\">Montreuil l&rsquo;Argill\u00e9<\/a> &#8211; <a href=\"https:\/\/yavaitcachezmeme.fr\/index.php\/autour-de-broglie\/notre-dame-du-hamel\/\">Notre-Dame-du-Hamel<\/a> &#8211; <a href=\"https:\/\/yavaitcachezmeme.fr\/index.php\/autour-de-broglie\/st-agnan-de-cernieres\/\">St-Agnan-de-Cerni\u00e8res<\/a> &#8211; <a href=\"https:\/\/yavaitcachezmeme.fr\/index.php\/autour-de-broglie\/st-aubin-du-thenney\/\">St-Aubin-du-Thenney<\/a> &#8211; <a href=\"https:\/\/yavaitcachezmeme.fr\/index.php\/autour-de-broglie\/st-denis-daugerons\/\">St-Denis-d&rsquo;Augerons<\/a> &#8211; <a href=\"https:\/\/yavaitcachezmeme.fr\/index.php\/autour-de-broglie\/st-jean-du-thenney\/\">St-Jean-du-Thenney<\/a> &#8211; <a href=\"https:\/\/yavaitcachezmeme.fr\/index.php\/autour-de-broglie\/st-pierre-de-cernieres\/\">St-Pierre-de-Cerni\u00e8res<\/a> &#8211; <a href=\"https:\/\/yavaitcachezmeme.fr\/index.php\/autour-de-broglie\/st-quentin-des-isles\/\">St-Quentin-des-Isles<\/a> &#8211; <a href=\"https:\/\/yavaitcachezmeme.fr\/index.php\/autour-de-broglie\/la-trinite-de-reville\/\">La Trinit\u00e9-de-R\u00e9ville<\/a> &#8211; <a href=\"https:\/\/yavaitcachezmeme.fr\/index.php\/autour-de-broglie\/verneusses\/\">Verneusses<\/a><\/strong><\/p>\n<p><img loading=\"lazy\" decoding=\"async\" class=\"aligncenter wp-image-6268\" src=\"https:\/\/yavaitcachezmeme.fr\/wp-content\/uploads\/2021\/12\/Autour-de-Broglie-600x433.jpg\" alt=\"\" width=\"800\" height=\"578\" srcset=\"https:\/\/yavaitcachezmeme.fr\/wp-content\/uploads\/2021\/12\/Autour-de-Broglie-600x433.jpg 600w, https:\/\/yavaitcachezmeme.fr\/wp-content\/uploads\/2021\/12\/Autour-de-Broglie-1024x739.jpg 1024w, https:\/\/yavaitcachezmeme.fr\/wp-content\/uploads\/2021\/12\/Autour-de-Broglie-1536x1109.jpg 1536w, https:\/\/yavaitcachezmeme.fr\/wp-content\/uploads\/2021\/12\/Autour-de-Broglie-2048x1479.jpg 2048w\" sizes=\"auto, (max-width: 800px) 100vw, 800px\" \/><\/p>\n<p style=\"text-align: justify;\">Je n&rsquo;ai pas oubli\u00e9 <strong>St-Laurent-du-Tencement<\/strong>\u00a0mais pour l&rsquo;instant je n&rsquo;ai rien \u00e0 vous proposer.<\/p>\n<\/div>\n","protected":false},"excerpt":{"rendered":"<p>Situ\u00e9e au Sud de Broglie, Saint-Denis-d&rsquo;Augerons recense 83 habitants en 2018 contre 74 en 1911. ~o~ Le Ch\u00e2teau Le Ch\u00e2teau Le Ch\u00e2teau Le&#8230;<\/p>\n","protected":false},"author":1,"featured_media":0,"parent":5279,"menu_order":530,"comment_status":"closed","ping_status":"closed","template":"","meta":{"footnotes":""},"class_list":["post-5524","page","type-page","status-publish","hentry"],"_links":{"self":[{"href":"https:\/\/yavaitcachezmeme.fr\/index.php\/wp-json\/wp\/v2\/pages\/5524","targetHints":{"allow":["GET"]}}],"collection":[{"href":"https:\/\/yavaitcachezmeme.fr\/index.php\/wp-json\/wp\/v2\/pages"}],"about":[{"href":"https:\/\/yavaitcachezmeme.fr\/index.php\/wp-json\/wp\/v2\/types\/page"}],"author":[{"embeddable":true,"href":"https:\/\/yavaitcachezmeme.fr\/index.php\/wp-json\/wp\/v2\/users\/1"}],"replies":[{"embeddable":true,"href":"https:\/\/yavaitcachezmeme.fr\/index.php\/wp-json\/wp\/v2\/comments?post=5524"}],"version-history":[{"count":14,"href":"https:\/\/yavaitcachezmeme.fr\/index.php\/wp-json\/wp\/v2\/pages\/5524\/revisions"}],"predecessor-version":[{"id":13294,"href":"https:\/\/yavaitcachezmeme.fr\/index.php\/wp-json\/wp\/v2\/pages\/5524\/revisions\/13294"}],"up":[{"embeddable":true,"href":"https:\/\/yavaitcachezmeme.fr\/index.php\/wp-json\/wp\/v2\/pages\/5279"}],"wp:attachment":[{"href":"https:\/\/yavaitcachezmeme.fr\/index.php\/wp-json\/wp\/v2\/media?parent=5524"}],"curies":[{"name":"wp","href":"https:\/\/api.w.org\/{rel}","templated":true}]}}