{"id":5634,"date":"2021-12-03T05:35:36","date_gmt":"2021-12-03T04:35:36","guid":{"rendered":"https:\/\/yavaitcachezmeme.fr\/?page_id=5634"},"modified":"2026-01-18T13:56:23","modified_gmt":"2026-01-18T12:56:23","slug":"bazoques","status":"publish","type":"page","link":"https:\/\/yavaitcachezmeme.fr\/index.php\/les-environs\/bazoques\/","title":{"rendered":"Bazoques"},"content":{"rendered":"<div style=\"font-size: 120%; font-family: georgia;\">\n<p style=\"text-align: justify;\">Situ\u00e9e au Nord-Est de Thiberville, <span style=\"color: #ff6600;\"><strong>Bazoques<\/strong><\/span> recense 165 habitants en 2018 contre 226 en 1911.<\/p>\n<p style=\"text-align: center;\"><span style=\"color: #ff6600;\"><strong>~o~<\/strong><\/span><\/p>\n<p><img loading=\"lazy\" decoding=\"async\" class=\"aligncenter wp-image-10300\" src=\"https:\/\/yavaitcachezmeme.fr\/wp-content\/uploads\/2023\/07\/BAZOQUES_H_003-600x381.jpg\" alt=\"\" width=\"820\" height=\"520\" srcset=\"https:\/\/yavaitcachezmeme.fr\/wp-content\/uploads\/2023\/07\/BAZOQUES_H_003-600x381.jpg 600w, https:\/\/yavaitcachezmeme.fr\/wp-content\/uploads\/2023\/07\/BAZOQUES_H_003-1024x650.jpg 1024w, https:\/\/yavaitcachezmeme.fr\/wp-content\/uploads\/2023\/07\/BAZOQUES_H_003-1536x974.jpg 1536w, https:\/\/yavaitcachezmeme.fr\/wp-content\/uploads\/2023\/07\/BAZOQUES_H_003.jpg 1608w\" sizes=\"auto, (max-width: 820px) 100vw, 820px\" \/><\/p>\n<p style=\"text-align: center;\">L&rsquo;\u00e9glise<\/p>\n<p><a href=\"https:\/\/www.google.com\/maps\/@49.1695607,0.5506175,3a,48.6y,357.5h,95.78t\/data=!3m6!1e1!3m4!1s0Ri4Pjsf2Y1jwFJlDA7Nqg!2e0!7i16384!8i8192?entry=ttu\" target=\"_blank\" rel=\"noopener\"><img loading=\"lazy\" decoding=\"async\" class=\"aligncenter wp-image-8272\" src=\"https:\/\/yavaitcachezmeme.fr\/wp-content\/uploads\/2022\/09\/unnamed.png\" alt=\"\" width=\"25\" height=\"25\" srcset=\"https:\/\/yavaitcachezmeme.fr\/wp-content\/uploads\/2022\/09\/unnamed.png 512w, https:\/\/yavaitcachezmeme.fr\/wp-content\/uploads\/2022\/09\/unnamed-150x150.png 150w\" sizes=\"auto, (max-width: 25px) 100vw, 25px\" \/><\/a><\/p>\n<p><img loading=\"lazy\" decoding=\"async\" class=\"aligncenter wp-image-5628\" src=\"https:\/\/yavaitcachezmeme.fr\/wp-content\/uploads\/2021\/12\/BAZOQUES_H_001-600x378.jpg\" alt=\"\" width=\"820\" height=\"517\" srcset=\"https:\/\/yavaitcachezmeme.fr\/wp-content\/uploads\/2021\/12\/BAZOQUES_H_001-600x378.jpg 600w, https:\/\/yavaitcachezmeme.fr\/wp-content\/uploads\/2021\/12\/BAZOQUES_H_001-1024x646.jpg 1024w, https:\/\/yavaitcachezmeme.fr\/wp-content\/uploads\/2021\/12\/BAZOQUES_H_001-1536x969.jpg 1536w, https:\/\/yavaitcachezmeme.fr\/wp-content\/uploads\/2021\/12\/BAZOQUES_H_001.jpg 1636w\" sizes=\"auto, (max-width: 820px) 100vw, 820px\" \/><\/p>\n<p style=\"text-align: center;\">En terrasse route de Lieurey<\/p>\n<p><a href=\"https:\/\/www.google.com\/maps\/@49.1701773,0.550053,3a,64.8y,298.32h,97.82t\/data=!3m7!1e1!3m5!1sZ1CVT48RwlaQ6HPBJKU9sQ!2e0!6shttps:%2F%2Fstreetviewpixels-pa.googleapis.com%2Fv1%2Fthumbnail%3Fpanoid%3DZ1CVT48RwlaQ6HPBJKU9sQ%26cb_client%3Dmaps_sv.tactile.gps%26w%3D203%26h%3D100%26yaw%3D177.21654%26pitch%3D0%26thumbfov%3D100!7i16384!8i8192\" target=\"_blank\" rel=\"noopener\"><img loading=\"lazy\" decoding=\"async\" class=\"aligncenter wp-image-8272\" src=\"https:\/\/yavaitcachezmeme.fr\/wp-content\/uploads\/2022\/09\/unnamed.png\" alt=\"\" width=\"25\" height=\"25\" srcset=\"https:\/\/yavaitcachezmeme.fr\/wp-content\/uploads\/2022\/09\/unnamed.png 512w, https:\/\/yavaitcachezmeme.fr\/wp-content\/uploads\/2022\/09\/unnamed-150x150.png 150w\" sizes=\"auto, (max-width: 25px) 100vw, 25px\" \/><\/a><\/p>\n<p><img loading=\"lazy\" decoding=\"async\" class=\"aligncenter wp-image-5629\" src=\"https:\/\/yavaitcachezmeme.fr\/wp-content\/uploads\/2021\/12\/BAZOQUES_H_002-600x382.jpg\" alt=\"\" width=\"820\" height=\"522\" srcset=\"https:\/\/yavaitcachezmeme.fr\/wp-content\/uploads\/2021\/12\/BAZOQUES_H_002-600x382.jpg 600w, https:\/\/yavaitcachezmeme.fr\/wp-content\/uploads\/2021\/12\/BAZOQUES_H_002-1024x652.jpg 1024w, https:\/\/yavaitcachezmeme.fr\/wp-content\/uploads\/2021\/12\/BAZOQUES_H_002-1536x978.jpg 1536w, https:\/\/yavaitcachezmeme.fr\/wp-content\/uploads\/2021\/12\/BAZOQUES_H_002.jpg 1617w\" sizes=\"auto, (max-width: 820px) 100vw, 820px\" \/><\/p>\n<p style=\"text-align: center;\">Caf\u00e9 \u00c9picerie &#8211; Maison Hurel<\/p>\n<p><img loading=\"lazy\" decoding=\"async\" class=\"aligncenter wp-image-5630\" src=\"https:\/\/yavaitcachezmeme.fr\/wp-content\/uploads\/2021\/12\/BAZOQUES_HM_001-600x422.jpg\" alt=\"\" width=\"820\" height=\"576\" srcset=\"https:\/\/yavaitcachezmeme.fr\/wp-content\/uploads\/2021\/12\/BAZOQUES_HM_001-600x422.jpg 600w, https:\/\/yavaitcachezmeme.fr\/wp-content\/uploads\/2021\/12\/BAZOQUES_HM_001-1024x720.jpg 1024w, https:\/\/yavaitcachezmeme.fr\/wp-content\/uploads\/2021\/12\/BAZOQUES_HM_001-1536x1079.jpg 1536w, https:\/\/yavaitcachezmeme.fr\/wp-content\/uploads\/2021\/12\/BAZOQUES_HM_001.jpg 1736w\" sizes=\"auto, (max-width: 820px) 100vw, 820px\" \/><\/p>\n<p style=\"text-align: center;\">Caf\u00e9 &#8211; Restaurant &#8211; Alimentation<\/p>\n<p><img loading=\"lazy\" decoding=\"async\" class=\"aligncenter wp-image-5631\" src=\"https:\/\/yavaitcachezmeme.fr\/wp-content\/uploads\/2021\/12\/BAZOQUES_HM_002-600x416.jpg\" alt=\"\" width=\"820\" height=\"569\" srcset=\"https:\/\/yavaitcachezmeme.fr\/wp-content\/uploads\/2021\/12\/BAZOQUES_HM_002-600x416.jpg 600w, https:\/\/yavaitcachezmeme.fr\/wp-content\/uploads\/2021\/12\/BAZOQUES_HM_002-1024x711.jpg 1024w, https:\/\/yavaitcachezmeme.fr\/wp-content\/uploads\/2021\/12\/BAZOQUES_HM_002-1536x1066.jpg 1536w, https:\/\/yavaitcachezmeme.fr\/wp-content\/uploads\/2021\/12\/BAZOQUES_HM_002.jpg 1741w\" sizes=\"auto, (max-width: 820px) 100vw, 820px\" \/><\/p>\n<p style=\"text-align: center;\">La terrasse du Moulin Fleuri<\/p>\n<p><img loading=\"lazy\" decoding=\"async\" class=\"aligncenter wp-image-5632\" src=\"https:\/\/yavaitcachezmeme.fr\/wp-content\/uploads\/2021\/12\/BAZOQUES_HM_003-600x419.jpg\" alt=\"\" width=\"820\" height=\"573\" srcset=\"https:\/\/yavaitcachezmeme.fr\/wp-content\/uploads\/2021\/12\/BAZOQUES_HM_003-600x419.jpg 600w, https:\/\/yavaitcachezmeme.fr\/wp-content\/uploads\/2021\/12\/BAZOQUES_HM_003-1024x715.jpg 1024w, https:\/\/yavaitcachezmeme.fr\/wp-content\/uploads\/2021\/12\/BAZOQUES_HM_003-1536x1073.jpg 1536w, https:\/\/yavaitcachezmeme.fr\/wp-content\/uploads\/2021\/12\/BAZOQUES_HM_003.jpg 1724w\" sizes=\"auto, (max-width: 820px) 100vw, 820px\" \/><\/p>\n<p style=\"text-align: center;\">Le Moulin Fleuri<\/p>\n<p><img loading=\"lazy\" decoding=\"async\" class=\"aligncenter wp-image-13337\" src=\"https:\/\/yavaitcachezmeme.fr\/wp-content\/uploads\/2026\/01\/BAZOQUES_HM_005-600x412.jpg\" alt=\"\" width=\"820\" height=\"564\" srcset=\"https:\/\/yavaitcachezmeme.fr\/wp-content\/uploads\/2026\/01\/BAZOQUES_HM_005-600x412.jpg 600w, https:\/\/yavaitcachezmeme.fr\/wp-content\/uploads\/2026\/01\/BAZOQUES_HM_005-1024x704.jpg 1024w, https:\/\/yavaitcachezmeme.fr\/wp-content\/uploads\/2026\/01\/BAZOQUES_HM_005-1536x1056.jpg 1536w, https:\/\/yavaitcachezmeme.fr\/wp-content\/uploads\/2026\/01\/BAZOQUES_HM_005.jpg 1752w\" sizes=\"auto, (max-width: 820px) 100vw, 820px\" \/><\/p>\n<p style=\"text-align: center;\">Le Moulin Fleuri et le caf\u00e9 &#8211; restaurant &#8211; \u00e9picerie<\/p>\n<p><img loading=\"lazy\" decoding=\"async\" class=\"aligncenter wp-image-5633\" src=\"https:\/\/yavaitcachezmeme.fr\/wp-content\/uploads\/2021\/12\/BAZOQUES_HM_004-600x419.jpg\" alt=\"\" width=\"820\" height=\"572\" srcset=\"https:\/\/yavaitcachezmeme.fr\/wp-content\/uploads\/2021\/12\/BAZOQUES_HM_004-600x419.jpg 600w, https:\/\/yavaitcachezmeme.fr\/wp-content\/uploads\/2021\/12\/BAZOQUES_HM_004-1024x715.jpg 1024w, https:\/\/yavaitcachezmeme.fr\/wp-content\/uploads\/2021\/12\/BAZOQUES_HM_004-1536x1072.jpg 1536w, https:\/\/yavaitcachezmeme.fr\/wp-content\/uploads\/2021\/12\/BAZOQUES_HM_004.jpg 1736w\" sizes=\"auto, (max-width: 820px) 100vw, 820px\" \/><\/p>\n<p style=\"text-align: center;\">Vue a\u00e9rienne<\/p>\n<p style=\"text-align: center;\"><span style=\"color: #ff6600;\"><strong>~o~<\/strong><\/span><\/p>\n<p style=\"text-align: justify;\">Les communes de l&rsquo;ancien canton de <span style=\"color: #ff6600;\"><strong>Thiberville<\/strong><\/span>, auxquelles j&rsquo;ai rajout\u00e9 <strong>Fresne-Cauverville<\/strong> de l&rsquo;ancien canton de <strong>Cormeilles<\/strong>, \u00e0 visiter en cliquant sur les liens suivants :<\/p>\n<p style=\"text-align: justify;\"><strong><a href=\"https:\/\/yavaitcachezmeme.fr\/index.php\/les-environs\/barville\/\">Barville<\/a> &#8211; <a href=\"https:\/\/yavaitcachezmeme.fr\/index.php\/les-environs\/bazoques\/\">Bazoques<\/a> &#8211; <a href=\"https:\/\/yavaitcachezmeme.fr\/index.php\/les-environs\/boissy-lamberville\/\">Boissy-Lamberville<\/a> &#8211; <a href=\"https:\/\/yavaitcachezmeme.fr\/index.php\/les-environs\/bournainville-faverolles\/\">Bournainville-Faverolles<\/a> &#8211; <a href=\"https:\/\/yavaitcachezmeme.fr\/index.php\/les-environs\/la-chapelle-hareng\/\">La Chapelle-Hareng<\/a> &#8211; <a href=\"https:\/\/yavaitcachezmeme.fr\/index.php\/les-environs\/drucourt\/\">Drucourt<\/a> &#8211; <a href=\"https:\/\/yavaitcachezmeme.fr\/index.php\/les-environs\/duranville\/\">Duranville<\/a> &#8211; <a href=\"https:\/\/yavaitcachezmeme.fr\/index.php\/les-environs\/le-favril\/\">Le Favril<\/a> &#8211; <a href=\"https:\/\/yavaitcachezmeme.fr\/index.php\/les-environs\/folleville\/\">Folleville<\/a> &#8211; <a href=\"https:\/\/yavaitcachezmeme.fr\/index.php\/les-environs\/fontaine-la-louvet\/\">Fontaine-la-Louvet<\/a> &#8211; <a href=\"https:\/\/yavaitcachezmeme.fr\/index.php\/les-environs\/fresne-cauverville\/\">Fresne-Cauverville<\/a> &#8211; <a href=\"https:\/\/yavaitcachezmeme.fr\/index.php\/les-environs\/giverville\/\">Giverville<\/a> &#8211; <a href=\"https:\/\/yavaitcachezmeme.fr\/index.php\/les-environs\/heudreville-en-lieuvin\/\">Heudreville-en-Lieuvin<\/a> &#8211; <a href=\"https:\/\/yavaitcachezmeme.fr\/index.php\/les-environs\/piencourt\/\">Piencourt<\/a> &#8211; <a href=\"https:\/\/yavaitcachezmeme.fr\/index.php\/les-environs\/les-places\/\">Les Places<\/a> &#8211; <a href=\"https:\/\/yavaitcachezmeme.fr\/index.php\/les-environs\/le-planquay\/\">Le Planquay<\/a> &#8211; <a href=\"https:\/\/yavaitcachezmeme.fr\/index.php\/les-environs\/st-aubin-de-scellon\/\">St-Aubin-de-Scellon<\/a> &#8211; <a href=\"https:\/\/yavaitcachezmeme.fr\/index.php\/les-environs\/st-germain-la-campagne\/\">St-Germain-la-Campagne<\/a> &#8211; <a href=\"https:\/\/yavaitcachezmeme.fr\/index.php\/les-environs\/st-mards-de-fresne\/\">St-Mards-de-Fresne<\/a> &#8211; <a href=\"https:\/\/yavaitcachezmeme.fr\/index.php\/les-environs\/st-vincent-du-boulay\/\">St-Vincent-du-Boulay<\/a> &#8211; <a href=\"https:\/\/yavaitcachezmeme.fr\/index.php\/les-environs\/le-theil-nolent\/\">Le Theil-Nolent<\/a> &#8211; <a href=\"https:\/\/yavaitcachezmeme.fr\/index.php\/les-environs\/thiberville\/\">Thiberville<\/a><\/strong><\/p>\n<p><img loading=\"lazy\" decoding=\"async\" class=\"aligncenter wp-image-6270\" src=\"https:\/\/yavaitcachezmeme.fr\/wp-content\/uploads\/2021\/12\/Autour-de-Thiberville-600x400.jpg\" alt=\"\" width=\"800\" height=\"533\" srcset=\"https:\/\/yavaitcachezmeme.fr\/wp-content\/uploads\/2021\/12\/Autour-de-Thiberville-600x400.jpg 600w, https:\/\/yavaitcachezmeme.fr\/wp-content\/uploads\/2021\/12\/Autour-de-Thiberville-1024x683.jpg 1024w, https:\/\/yavaitcachezmeme.fr\/wp-content\/uploads\/2021\/12\/Autour-de-Thiberville-1536x1024.jpg 1536w, https:\/\/yavaitcachezmeme.fr\/wp-content\/uploads\/2021\/12\/Autour-de-Thiberville-2048x1365.jpg 2048w\" sizes=\"auto, (max-width: 800px) 100vw, 800px\" \/><\/p>\n<\/div>\n","protected":false},"excerpt":{"rendered":"<p>Situ\u00e9e au Nord-Est de Thiberville, Bazoques recense 165 habitants en 2018 contre 226 en 1911. ~o~ L&rsquo;\u00e9glise En terrasse route de Lieurey Caf\u00e9&#8230;<\/p>\n","protected":false},"author":1,"featured_media":0,"parent":1071,"menu_order":46,"comment_status":"closed","ping_status":"closed","template":"","meta":{"footnotes":""},"class_list":["post-5634","page","type-page","status-publish","hentry"],"_links":{"self":[{"href":"https:\/\/yavaitcachezmeme.fr\/index.php\/wp-json\/wp\/v2\/pages\/5634","targetHints":{"allow":["GET"]}}],"collection":[{"href":"https:\/\/yavaitcachezmeme.fr\/index.php\/wp-json\/wp\/v2\/pages"}],"about":[{"href":"https:\/\/yavaitcachezmeme.fr\/index.php\/wp-json\/wp\/v2\/types\/page"}],"author":[{"embeddable":true,"href":"https:\/\/yavaitcachezmeme.fr\/index.php\/wp-json\/wp\/v2\/users\/1"}],"replies":[{"embeddable":true,"href":"https:\/\/yavaitcachezmeme.fr\/index.php\/wp-json\/wp\/v2\/comments?post=5634"}],"version-history":[{"count":15,"href":"https:\/\/yavaitcachezmeme.fr\/index.php\/wp-json\/wp\/v2\/pages\/5634\/revisions"}],"predecessor-version":[{"id":13349,"href":"https:\/\/yavaitcachezmeme.fr\/index.php\/wp-json\/wp\/v2\/pages\/5634\/revisions\/13349"}],"up":[{"embeddable":true,"href":"https:\/\/yavaitcachezmeme.fr\/index.php\/wp-json\/wp\/v2\/pages\/1071"}],"wp:attachment":[{"href":"https:\/\/yavaitcachezmeme.fr\/index.php\/wp-json\/wp\/v2\/media?parent=5634"}],"curies":[{"name":"wp","href":"https:\/\/api.w.org\/{rel}","templated":true}]}}