{"id":5694,"date":"2021-12-03T19:12:16","date_gmt":"2021-12-03T18:12:16","guid":{"rendered":"https:\/\/yavaitcachezmeme.fr\/?page_id=5694"},"modified":"2026-01-02T11:41:18","modified_gmt":"2026-01-02T10:41:18","slug":"folleville","status":"publish","type":"page","link":"https:\/\/yavaitcachezmeme.fr\/index.php\/les-environs\/folleville\/","title":{"rendered":"Folleville"},"content":{"rendered":"<div style=\"font-size: 120%; font-family: georgia;\">\n<p style=\"text-align: justify;\">Situ\u00e9e au Nord-Est de Thiberville, <span style=\"color: #ff6600;\"><strong>Folleville<\/strong><\/span> recense 197 habitants en 2018 contre 229 en 1911.<\/p>\n<p style=\"text-align: center;\"><span style=\"color: #ff6600;\"><strong>~o~<\/strong><\/span><\/p>\n<p><img loading=\"lazy\" decoding=\"async\" class=\"aligncenter wp-image-5679\" src=\"https:\/\/yavaitcachezmeme.fr\/wp-content\/uploads\/2021\/12\/FOLLEVILLE_H_001-600x385.jpg\" alt=\"\" width=\"820\" height=\"526\" srcset=\"https:\/\/yavaitcachezmeme.fr\/wp-content\/uploads\/2021\/12\/FOLLEVILLE_H_001-600x385.jpg 600w, https:\/\/yavaitcachezmeme.fr\/wp-content\/uploads\/2021\/12\/FOLLEVILLE_H_001-1024x657.jpg 1024w, https:\/\/yavaitcachezmeme.fr\/wp-content\/uploads\/2021\/12\/FOLLEVILLE_H_001-1536x985.jpg 1536w, https:\/\/yavaitcachezmeme.fr\/wp-content\/uploads\/2021\/12\/FOLLEVILLE_H_001.jpg 1628w\" sizes=\"auto, (max-width: 820px) 100vw, 820px\" \/><\/p>\n<p style=\"text-align: center;\">L&rsquo;\u00e9glise<\/p>\n<p><a href=\"https:\/\/www.google.com\/maps\/@49.1544257,0.5054303,3a,78.4y,327.08h,99.58t\/data=!3m6!1e1!3m4!1sODBxNLQ0sycYuGJp5AA7iw!2e0!7i16384!8i8192\" target=\"_blank\" rel=\"noopener\"><img loading=\"lazy\" decoding=\"async\" class=\"aligncenter wp-image-8272\" src=\"https:\/\/yavaitcachezmeme.fr\/wp-content\/uploads\/2022\/09\/unnamed.png\" alt=\"\" width=\"25\" height=\"25\" srcset=\"https:\/\/yavaitcachezmeme.fr\/wp-content\/uploads\/2022\/09\/unnamed.png 512w, https:\/\/yavaitcachezmeme.fr\/wp-content\/uploads\/2022\/09\/unnamed-150x150.png 150w\" sizes=\"auto, (max-width: 25px) 100vw, 25px\" \/><\/a><\/p>\n<p><img loading=\"lazy\" decoding=\"async\" class=\"aligncenter wp-image-5685\" src=\"https:\/\/yavaitcachezmeme.fr\/wp-content\/uploads\/2021\/12\/FOLLEVILLE_H_005-600x379.jpg\" alt=\"\" width=\"820\" height=\"519\" srcset=\"https:\/\/yavaitcachezmeme.fr\/wp-content\/uploads\/2021\/12\/FOLLEVILLE_H_005-600x379.jpg 600w, https:\/\/yavaitcachezmeme.fr\/wp-content\/uploads\/2021\/12\/FOLLEVILLE_H_005-1024x648.jpg 1024w, https:\/\/yavaitcachezmeme.fr\/wp-content\/uploads\/2021\/12\/FOLLEVILLE_H_005-1536x971.jpg 1536w, https:\/\/yavaitcachezmeme.fr\/wp-content\/uploads\/2021\/12\/FOLLEVILLE_H_005.jpg 1632w\" sizes=\"auto, (max-width: 820px) 100vw, 820px\" \/><\/p>\n<p style=\"text-align: center;\">Les Fr\u00e8res de Charit\u00e9<\/p>\n<p><img loading=\"lazy\" decoding=\"async\" class=\"aligncenter wp-image-5687\" src=\"https:\/\/yavaitcachezmeme.fr\/wp-content\/uploads\/2021\/12\/FOLLEVILLE_V_001-392x600.jpg\" alt=\"\" width=\"475\" height=\"728\" srcset=\"https:\/\/yavaitcachezmeme.fr\/wp-content\/uploads\/2021\/12\/FOLLEVILLE_V_001-392x600.jpg 392w, https:\/\/yavaitcachezmeme.fr\/wp-content\/uploads\/2021\/12\/FOLLEVILLE_V_001-668x1024.jpg 668w, https:\/\/yavaitcachezmeme.fr\/wp-content\/uploads\/2021\/12\/FOLLEVILLE_V_001-1002x1536.jpg 1002w, https:\/\/yavaitcachezmeme.fr\/wp-content\/uploads\/2021\/12\/FOLLEVILLE_V_001.jpg 1052w\" sizes=\"auto, (max-width: 475px) 100vw, 475px\" \/><\/p>\n<p style=\"text-align: center;\">Le monument aux Morts &amp; l&rsquo;\u00c9glise<\/p>\n<p><img loading=\"lazy\" decoding=\"async\" class=\"aligncenter wp-image-13313\" src=\"https:\/\/yavaitcachezmeme.fr\/wp-content\/uploads\/2026\/01\/FOLLEVILLE_V_002-382x600.jpg\" alt=\"\" width=\"475\" height=\"746\" srcset=\"https:\/\/yavaitcachezmeme.fr\/wp-content\/uploads\/2026\/01\/FOLLEVILLE_V_002-382x600.jpg 382w, https:\/\/yavaitcachezmeme.fr\/wp-content\/uploads\/2026\/01\/FOLLEVILLE_V_002-652x1024.jpg 652w, https:\/\/yavaitcachezmeme.fr\/wp-content\/uploads\/2026\/01\/FOLLEVILLE_V_002-978x1536.jpg 978w, https:\/\/yavaitcachezmeme.fr\/wp-content\/uploads\/2026\/01\/FOLLEVILLE_V_002.jpg 1024w\" sizes=\"auto, (max-width: 475px) 100vw, 475px\" \/><\/p>\n<p style=\"text-align: center;\">Le monument aux Morts<\/p>\n<p><img loading=\"lazy\" decoding=\"async\" class=\"wp-image-10230 aligncenter\" src=\"https:\/\/yavaitcachezmeme.fr\/wp-content\/uploads\/2023\/06\/FOLLEVILLE_H_008-600x377.jpg\" alt=\"\" width=\"820\" height=\"515\" srcset=\"https:\/\/yavaitcachezmeme.fr\/wp-content\/uploads\/2023\/06\/FOLLEVILLE_H_008-600x377.jpg 600w, https:\/\/yavaitcachezmeme.fr\/wp-content\/uploads\/2023\/06\/FOLLEVILLE_H_008-1024x644.jpg 1024w, https:\/\/yavaitcachezmeme.fr\/wp-content\/uploads\/2023\/06\/FOLLEVILLE_H_008-1536x966.jpg 1536w, https:\/\/yavaitcachezmeme.fr\/wp-content\/uploads\/2023\/06\/FOLLEVILLE_H_008-542x340.jpg 542w, https:\/\/yavaitcachezmeme.fr\/wp-content\/uploads\/2023\/06\/FOLLEVILLE_H_008.jpg 1656w\" sizes=\"auto, (max-width: 820px) 100vw, 820px\" \/><\/p>\n<p style=\"text-align: center;\">Vue depuis le Sud<\/p>\n<p><img loading=\"lazy\" decoding=\"async\" class=\"aligncenter wp-image-5683\" src=\"https:\/\/yavaitcachezmeme.fr\/wp-content\/uploads\/2021\/12\/FOLLEVILLE_H_004-recto-600x385.jpg\" alt=\"\" width=\"820\" height=\"527\" srcset=\"https:\/\/yavaitcachezmeme.fr\/wp-content\/uploads\/2021\/12\/FOLLEVILLE_H_004-recto-600x385.jpg 600w, https:\/\/yavaitcachezmeme.fr\/wp-content\/uploads\/2021\/12\/FOLLEVILLE_H_004-recto-1024x658.jpg 1024w, https:\/\/yavaitcachezmeme.fr\/wp-content\/uploads\/2021\/12\/FOLLEVILLE_H_004-recto-1536x986.jpg 1536w, https:\/\/yavaitcachezmeme.fr\/wp-content\/uploads\/2021\/12\/FOLLEVILLE_H_004-recto.jpg 1632w\" sizes=\"auto, (max-width: 820px) 100vw, 820px\" \/><\/p>\n<p style=\"text-align: center;\">Caf\u00e9 Tabac Restaurant chez Janine \u00e0 La Bretagne<\/p>\n<p><a href=\"https:\/\/www.google.com\/maps\/@49.1521909,0.5654787,3a,90y,314.96h,86.46t\/data=!3m6!1e1!3m4!1svf9Dy0hCMqvW-hT8RIOMMQ!2e0!7i16384!8i8192\" target=\"_blank\" rel=\"noopener\"><img loading=\"lazy\" decoding=\"async\" class=\"aligncenter wp-image-8272\" src=\"https:\/\/yavaitcachezmeme.fr\/wp-content\/uploads\/2022\/09\/unnamed.png\" alt=\"\" width=\"25\" height=\"25\" srcset=\"https:\/\/yavaitcachezmeme.fr\/wp-content\/uploads\/2022\/09\/unnamed.png 512w, https:\/\/yavaitcachezmeme.fr\/wp-content\/uploads\/2022\/09\/unnamed-150x150.png 150w\" sizes=\"auto, (max-width: 25px) 100vw, 25px\" \/><\/a><\/p>\n<p><img loading=\"lazy\" decoding=\"async\" class=\"aligncenter wp-image-5684\" src=\"https:\/\/yavaitcachezmeme.fr\/wp-content\/uploads\/2021\/12\/FOLLEVILLE_H_004-verso-600x385.jpg\" alt=\"\" width=\"820\" height=\"526\" srcset=\"https:\/\/yavaitcachezmeme.fr\/wp-content\/uploads\/2021\/12\/FOLLEVILLE_H_004-verso-600x385.jpg 600w, https:\/\/yavaitcachezmeme.fr\/wp-content\/uploads\/2021\/12\/FOLLEVILLE_H_004-verso-1024x657.jpg 1024w, https:\/\/yavaitcachezmeme.fr\/wp-content\/uploads\/2021\/12\/FOLLEVILLE_H_004-verso-1536x985.jpg 1536w, https:\/\/yavaitcachezmeme.fr\/wp-content\/uploads\/2021\/12\/FOLLEVILLE_H_004-verso.jpg 1640w\" sizes=\"auto, (max-width: 820px) 100vw, 820px\" \/><\/p>\n<p style=\"text-align: center;\">Carte de visite chez Janine \u00e0 La Bretagne<\/p>\n<p><img loading=\"lazy\" decoding=\"async\" class=\"aligncenter wp-image-9873\" src=\"https:\/\/yavaitcachezmeme.fr\/wp-content\/uploads\/2023\/04\/FOLLEVILLE_P-H_001-600x413.jpg\" alt=\"\" width=\"820\" height=\"565\" srcset=\"https:\/\/yavaitcachezmeme.fr\/wp-content\/uploads\/2023\/04\/FOLLEVILLE_P-H_001-600x413.jpg 600w, https:\/\/yavaitcachezmeme.fr\/wp-content\/uploads\/2023\/04\/FOLLEVILLE_P-H_001.jpg 1005w\" sizes=\"auto, (max-width: 820px) 100vw, 820px\" \/><\/p>\n<p style=\"text-align: center;\">Une pause chez Janine en 1949 (photo in\u00e9dite)<\/p>\n<p><img loading=\"lazy\" decoding=\"async\" class=\"aligncenter wp-image-5681\" src=\"https:\/\/yavaitcachezmeme.fr\/wp-content\/uploads\/2021\/12\/FOLLEVILLE_H_003-recto-600x403.jpg\" alt=\"\" width=\"820\" height=\"551\" srcset=\"https:\/\/yavaitcachezmeme.fr\/wp-content\/uploads\/2021\/12\/FOLLEVILLE_H_003-recto-600x403.jpg 600w, https:\/\/yavaitcachezmeme.fr\/wp-content\/uploads\/2021\/12\/FOLLEVILLE_H_003-recto-1024x688.jpg 1024w, https:\/\/yavaitcachezmeme.fr\/wp-content\/uploads\/2021\/12\/FOLLEVILLE_H_003-recto.jpg 1519w\" sizes=\"auto, (max-width: 820px) 100vw, 820px\" \/><\/p>\n<p style=\"text-align: center;\">Caf\u00e9 de La Bretagne<\/p>\n<p><img loading=\"lazy\" decoding=\"async\" class=\"aligncenter wp-image-5682\" src=\"https:\/\/yavaitcachezmeme.fr\/wp-content\/uploads\/2021\/12\/FOLLEVILLE_H_003-verso-394x600.jpg\" alt=\"\" width=\"394\" height=\"600\" srcset=\"https:\/\/yavaitcachezmeme.fr\/wp-content\/uploads\/2021\/12\/FOLLEVILLE_H_003-verso-394x600.jpg 394w, https:\/\/yavaitcachezmeme.fr\/wp-content\/uploads\/2021\/12\/FOLLEVILLE_H_003-verso-672x1024.jpg 672w, https:\/\/yavaitcachezmeme.fr\/wp-content\/uploads\/2021\/12\/FOLLEVILLE_H_003-verso-1008x1536.jpg 1008w, https:\/\/yavaitcachezmeme.fr\/wp-content\/uploads\/2021\/12\/FOLLEVILLE_H_003-verso.jpg 1031w\" sizes=\"auto, (max-width: 394px) 100vw, 394px\" \/><\/p>\n<p style=\"text-align: center;\">Note du caf\u00e9 de La Bretagne<\/p>\n<p><img loading=\"lazy\" decoding=\"async\" class=\"aligncenter wp-image-12114\" src=\"https:\/\/yavaitcachezmeme.fr\/wp-content\/uploads\/2024\/07\/FOLLEVILLE_H_009-600x382.jpg\" alt=\"\" width=\"820\" height=\"522\" srcset=\"https:\/\/yavaitcachezmeme.fr\/wp-content\/uploads\/2024\/07\/FOLLEVILLE_H_009-600x382.jpg 600w, https:\/\/yavaitcachezmeme.fr\/wp-content\/uploads\/2024\/07\/FOLLEVILLE_H_009-1024x652.jpg 1024w, https:\/\/yavaitcachezmeme.fr\/wp-content\/uploads\/2024\/07\/FOLLEVILLE_H_009-1536x977.jpg 1536w, https:\/\/yavaitcachezmeme.fr\/wp-content\/uploads\/2024\/07\/FOLLEVILLE_H_009.jpg 1628w\" sizes=\"auto, (max-width: 820px) 100vw, 820px\" \/><\/p>\n<p style=\"text-align: center;\">Le caf\u00e9 du carrefour de La Bretagne<\/p>\n<p><img loading=\"lazy\" decoding=\"async\" class=\"aligncenter wp-image-5680\" src=\"https:\/\/yavaitcachezmeme.fr\/wp-content\/uploads\/2021\/12\/FOLLEVILLE_H_002-600x385.jpg\" alt=\"\" width=\"820\" height=\"526\" srcset=\"https:\/\/yavaitcachezmeme.fr\/wp-content\/uploads\/2021\/12\/FOLLEVILLE_H_002-600x385.jpg 600w, https:\/\/yavaitcachezmeme.fr\/wp-content\/uploads\/2021\/12\/FOLLEVILLE_H_002-1024x656.jpg 1024w, https:\/\/yavaitcachezmeme.fr\/wp-content\/uploads\/2021\/12\/FOLLEVILLE_H_002-1536x985.jpg 1536w, https:\/\/yavaitcachezmeme.fr\/wp-content\/uploads\/2021\/12\/FOLLEVILLE_H_002.jpg 1616w\" sizes=\"auto, (max-width: 820px) 100vw, 820px\" \/><\/p>\n<p style=\"text-align: center;\">Le caf\u00e9 \u00e0 la Bretagne &#8211; Le b\u00e2timent a \u00e9t\u00e9 ras\u00e9 lors de l&rsquo;am\u00e9nagement du carrefour<\/p>\n<p><a href=\"https:\/\/www.google.com\/maps\/@49.1521909,0.5654787,3a,90y,328.44h,93.49t\/data=!3m6!1e1!3m4!1svf9Dy0hCMqvW-hT8RIOMMQ!2e0!7i16384!8i8192\" target=\"_blank\" rel=\"noopener\"><img loading=\"lazy\" decoding=\"async\" class=\"aligncenter wp-image-8272\" src=\"https:\/\/yavaitcachezmeme.fr\/wp-content\/uploads\/2022\/09\/unnamed.png\" alt=\"\" width=\"25\" height=\"25\" srcset=\"https:\/\/yavaitcachezmeme.fr\/wp-content\/uploads\/2022\/09\/unnamed.png 512w, https:\/\/yavaitcachezmeme.fr\/wp-content\/uploads\/2022\/09\/unnamed-150x150.png 150w\" sizes=\"auto, (max-width: 25px) 100vw, 25px\" \/><\/a><\/p>\n<p><img loading=\"lazy\" decoding=\"async\" class=\"aligncenter wp-image-11135\" src=\"https:\/\/yavaitcachezmeme.fr\/wp-content\/uploads\/2023\/12\/BERNAY_P-H_0111-597x600.jpg\" alt=\"\" width=\"700\" height=\"703\" srcset=\"https:\/\/yavaitcachezmeme.fr\/wp-content\/uploads\/2023\/12\/BERNAY_P-H_0111-597x600.jpg 597w, https:\/\/yavaitcachezmeme.fr\/wp-content\/uploads\/2023\/12\/BERNAY_P-H_0111-1019x1024.jpg 1019w, https:\/\/yavaitcachezmeme.fr\/wp-content\/uploads\/2023\/12\/BERNAY_P-H_0111-150x150.jpg 150w, https:\/\/yavaitcachezmeme.fr\/wp-content\/uploads\/2023\/12\/BERNAY_P-H_0111.jpg 1128w\" sizes=\"auto, (max-width: 700px) 100vw, 700px\" \/><\/p>\n<p style=\"text-align: center;\">Les soldats du 24\u00e8me RI de Bernay, genou \u00e0 terre devant le caf\u00e9 \u00e0 la Bretagne<\/p>\n<p><img loading=\"lazy\" decoding=\"async\" class=\"aligncenter wp-image-9773\" src=\"https:\/\/yavaitcachezmeme.fr\/wp-content\/uploads\/2023\/03\/FOLLEVILLE_H_007-600x378.jpg\" alt=\"\" width=\"820\" height=\"517\" srcset=\"https:\/\/yavaitcachezmeme.fr\/wp-content\/uploads\/2023\/03\/FOLLEVILLE_H_007-600x378.jpg 600w, https:\/\/yavaitcachezmeme.fr\/wp-content\/uploads\/2023\/03\/FOLLEVILLE_H_007-1024x646.jpg 1024w, https:\/\/yavaitcachezmeme.fr\/wp-content\/uploads\/2023\/03\/FOLLEVILLE_H_007-1536x969.jpg 1536w, https:\/\/yavaitcachezmeme.fr\/wp-content\/uploads\/2023\/03\/FOLLEVILLE_H_007.jpg 1611w\" sizes=\"auto, (max-width: 820px) 100vw, 820px\" \/><\/p>\n<p style=\"text-align: center;\">Quatre routes de Folleville &#8211; Caf\u00e9 Buisson<\/p>\n<p><img loading=\"lazy\" decoding=\"async\" class=\"aligncenter wp-image-12916\" src=\"https:\/\/yavaitcachezmeme.fr\/wp-content\/uploads\/2025\/04\/FOLLEVILLE_H_010-600x382.jpg\" alt=\"\" width=\"820\" height=\"522\" srcset=\"https:\/\/yavaitcachezmeme.fr\/wp-content\/uploads\/2025\/04\/FOLLEVILLE_H_010-600x382.jpg 600w, https:\/\/yavaitcachezmeme.fr\/wp-content\/uploads\/2025\/04\/FOLLEVILLE_H_010-1024x652.jpg 1024w, https:\/\/yavaitcachezmeme.fr\/wp-content\/uploads\/2025\/04\/FOLLEVILLE_H_010-1536x977.jpg 1536w, https:\/\/yavaitcachezmeme.fr\/wp-content\/uploads\/2025\/04\/FOLLEVILLE_H_010.jpg 1628w\" sizes=\"auto, (max-width: 820px) 100vw, 820px\" \/><\/p>\n<p style=\"text-align: center;\">Carrefour de la Bretagne &#8211; Le Circuit de la Presse en 1907, c&rsquo;est une course automobile sur<br \/>\n80 km autour de Lisieux avec un crochet dans l\u2019Eure par Cormeilles, Lieurey, Folleville et<br \/>\nDuranville. Cette course en cinq tours soit\u00a0400 km, est r\u00e9serv\u00e9e aux v\u00e9hicules de tourisme.<\/p>\n<p><img loading=\"lazy\" decoding=\"async\" class=\"aligncenter wp-image-12965\" src=\"https:\/\/yavaitcachezmeme.fr\/wp-content\/uploads\/2025\/05\/FOLLEVILLE_H_011-600x388.jpg\" alt=\"\" width=\"820\" height=\"530\" srcset=\"https:\/\/yavaitcachezmeme.fr\/wp-content\/uploads\/2025\/05\/FOLLEVILLE_H_011-600x388.jpg 600w, https:\/\/yavaitcachezmeme.fr\/wp-content\/uploads\/2025\/05\/FOLLEVILLE_H_011-1024x662.jpg 1024w, https:\/\/yavaitcachezmeme.fr\/wp-content\/uploads\/2025\/05\/FOLLEVILLE_H_011-1536x994.jpg 1536w, https:\/\/yavaitcachezmeme.fr\/wp-content\/uploads\/2025\/05\/FOLLEVILLE_H_011.jpg 1620w\" sizes=\"auto, (max-width: 820px) 100vw, 820px\" \/><\/p>\n<p style=\"text-align: center;\">Carrefour de la Bretagne &#8211; \u00c9tude du circuit<\/p>\n<p style=\"text-align: center;\"><img loading=\"lazy\" decoding=\"async\" class=\"aligncenter wp-image-5686\" src=\"https:\/\/yavaitcachezmeme.fr\/wp-content\/uploads\/2021\/12\/FOLLEVILLE_H_006-600x376.jpg\" alt=\"\" width=\"820\" height=\"514\" srcset=\"https:\/\/yavaitcachezmeme.fr\/wp-content\/uploads\/2021\/12\/FOLLEVILLE_H_006-600x376.jpg 600w, https:\/\/yavaitcachezmeme.fr\/wp-content\/uploads\/2021\/12\/FOLLEVILLE_H_006-1024x642.jpg 1024w, https:\/\/yavaitcachezmeme.fr\/wp-content\/uploads\/2021\/12\/FOLLEVILLE_H_006-1536x963.jpg 1536w, https:\/\/yavaitcachezmeme.fr\/wp-content\/uploads\/2021\/12\/FOLLEVILLE_H_006-542x340.jpg 542w, https:\/\/yavaitcachezmeme.fr\/wp-content\/uploads\/2021\/12\/FOLLEVILLE_H_006.jpg 1620w\" sizes=\"auto, (max-width: 820px) 100vw, 820px\" \/><\/p>\n<p style=\"text-align: center;\">Propri\u00e9t\u00e9 Auger \u00e0 La Bretagne<\/p>\n<p><a href=\"https:\/\/www.google.com\/maps\/@49.152103,0.5650909,3a,52y,353.15h,92.91t\/data=!3m6!1e1!3m4!1sc90b8gneP3izCPxRzkxHDA!2e0!7i16384!8i8192\" target=\"_blank\" rel=\"noopener\"><img loading=\"lazy\" decoding=\"async\" class=\"aligncenter wp-image-8272\" src=\"https:\/\/yavaitcachezmeme.fr\/wp-content\/uploads\/2022\/09\/unnamed.png\" alt=\"\" width=\"25\" height=\"25\" srcset=\"https:\/\/yavaitcachezmeme.fr\/wp-content\/uploads\/2022\/09\/unnamed.png 512w, https:\/\/yavaitcachezmeme.fr\/wp-content\/uploads\/2022\/09\/unnamed-150x150.png 150w\" sizes=\"auto, (max-width: 25px) 100vw, 25px\" \/><\/a><\/p>\n<p style=\"text-align: center;\"><span style=\"color: #ff6600;\"><strong>~o~<\/strong><\/span><\/p>\n<p style=\"text-align: justify;\">Les communes de l&rsquo;ancien canton de <span style=\"color: #ff6600;\"><strong>Thiberville<\/strong><\/span>, auxquelles j&rsquo;ai rajout\u00e9 <strong>Fresne-Cauverville<\/strong> de l&rsquo;ancien canton de <strong>Cormeilles<\/strong>, \u00e0 visiter en cliquant sur les liens suivants :<\/p>\n<p style=\"text-align: justify;\"><strong><a href=\"https:\/\/yavaitcachezmeme.fr\/index.php\/les-environs\/barville\/\">Barville<\/a> &#8211; <a href=\"https:\/\/yavaitcachezmeme.fr\/index.php\/les-environs\/bazoques\/\">Bazoques<\/a> &#8211; <a href=\"https:\/\/yavaitcachezmeme.fr\/index.php\/les-environs\/boissy-lamberville\/\">Boissy-Lamberville<\/a> &#8211; <a href=\"https:\/\/yavaitcachezmeme.fr\/index.php\/les-environs\/bournainville-faverolles\/\">Bournainville-Faverolles<\/a> &#8211; <a href=\"https:\/\/yavaitcachezmeme.fr\/index.php\/les-environs\/la-chapelle-hareng\/\">La Chapelle-Hareng<\/a> &#8211; <a href=\"https:\/\/yavaitcachezmeme.fr\/index.php\/les-environs\/drucourt\/\">Drucourt<\/a> &#8211; <a href=\"https:\/\/yavaitcachezmeme.fr\/index.php\/les-environs\/duranville\/\">Duranville<\/a> &#8211; <a href=\"https:\/\/yavaitcachezmeme.fr\/index.php\/les-environs\/le-favril\/\">Le Favril<\/a> &#8211; <a href=\"https:\/\/yavaitcachezmeme.fr\/index.php\/les-environs\/folleville\/\">Folleville<\/a> &#8211; <a href=\"https:\/\/yavaitcachezmeme.fr\/index.php\/les-environs\/fontaine-la-louvet\/\">Fontaine-la-Louvet<\/a> &#8211; <a href=\"https:\/\/yavaitcachezmeme.fr\/index.php\/les-environs\/fresne-cauverville\/\">Fresne-Cauverville<\/a> &#8211; <a href=\"https:\/\/yavaitcachezmeme.fr\/index.php\/les-environs\/giverville\/\">Giverville<\/a> &#8211; <a href=\"https:\/\/yavaitcachezmeme.fr\/index.php\/les-environs\/heudreville-en-lieuvin\/\">Heudreville-en-Lieuvin<\/a> &#8211; <a href=\"https:\/\/yavaitcachezmeme.fr\/index.php\/les-environs\/piencourt\/\">Piencourt<\/a> &#8211; <a href=\"https:\/\/yavaitcachezmeme.fr\/index.php\/les-environs\/les-places\/\">Les Places<\/a> &#8211; <a href=\"https:\/\/yavaitcachezmeme.fr\/index.php\/les-environs\/le-planquay\/\">Le Planquay<\/a> &#8211; <a href=\"https:\/\/yavaitcachezmeme.fr\/index.php\/les-environs\/st-aubin-de-scellon\/\">St-Aubin-de-Scellon<\/a> &#8211; <a href=\"https:\/\/yavaitcachezmeme.fr\/index.php\/les-environs\/st-germain-la-campagne\/\">St-Germain-la-Campagne<\/a> &#8211; <a href=\"https:\/\/yavaitcachezmeme.fr\/index.php\/les-environs\/st-mards-de-fresne\/\">St-Mards-de-Fresne<\/a> &#8211; <a href=\"https:\/\/yavaitcachezmeme.fr\/index.php\/les-environs\/st-vincent-du-boulay\/\">St-Vincent-du-Boulay<\/a> &#8211; <a href=\"https:\/\/yavaitcachezmeme.fr\/index.php\/les-environs\/le-theil-nolent\/\">Le Theil-Nolent<\/a> &#8211; <a href=\"https:\/\/yavaitcachezmeme.fr\/index.php\/les-environs\/thiberville\/\">Thiberville<\/a><\/strong><\/p>\n<p><img loading=\"lazy\" decoding=\"async\" class=\"aligncenter wp-image-6270\" src=\"https:\/\/yavaitcachezmeme.fr\/wp-content\/uploads\/2021\/12\/Autour-de-Thiberville-600x400.jpg\" alt=\"\" width=\"800\" height=\"533\" srcset=\"https:\/\/yavaitcachezmeme.fr\/wp-content\/uploads\/2021\/12\/Autour-de-Thiberville-600x400.jpg 600w, https:\/\/yavaitcachezmeme.fr\/wp-content\/uploads\/2021\/12\/Autour-de-Thiberville-1024x683.jpg 1024w, https:\/\/yavaitcachezmeme.fr\/wp-content\/uploads\/2021\/12\/Autour-de-Thiberville-1536x1024.jpg 1536w, https:\/\/yavaitcachezmeme.fr\/wp-content\/uploads\/2021\/12\/Autour-de-Thiberville-2048x1365.jpg 2048w\" sizes=\"auto, (max-width: 800px) 100vw, 800px\" \/><\/p>\n<\/div>\n","protected":false},"excerpt":{"rendered":"<p>Situ\u00e9e au Nord-Est de Thiberville, Folleville recense 197 habitants en 2018 contre 229 en 1911. ~o~ L&rsquo;\u00e9glise Les Fr\u00e8res de Charit\u00e9 Le monument&#8230;<\/p>\n","protected":false},"author":1,"featured_media":0,"parent":1071,"menu_order":248,"comment_status":"closed","ping_status":"closed","template":"","meta":{"footnotes":""},"class_list":["post-5694","page","type-page","status-publish","hentry"],"_links":{"self":[{"href":"https:\/\/yavaitcachezmeme.fr\/index.php\/wp-json\/wp\/v2\/pages\/5694","targetHints":{"allow":["GET"]}}],"collection":[{"href":"https:\/\/yavaitcachezmeme.fr\/index.php\/wp-json\/wp\/v2\/pages"}],"about":[{"href":"https:\/\/yavaitcachezmeme.fr\/index.php\/wp-json\/wp\/v2\/types\/page"}],"author":[{"embeddable":true,"href":"https:\/\/yavaitcachezmeme.fr\/index.php\/wp-json\/wp\/v2\/users\/1"}],"replies":[{"embeddable":true,"href":"https:\/\/yavaitcachezmeme.fr\/index.php\/wp-json\/wp\/v2\/comments?post=5694"}],"version-history":[{"count":22,"href":"https:\/\/yavaitcachezmeme.fr\/index.php\/wp-json\/wp\/v2\/pages\/5694\/revisions"}],"predecessor-version":[{"id":13316,"href":"https:\/\/yavaitcachezmeme.fr\/index.php\/wp-json\/wp\/v2\/pages\/5694\/revisions\/13316"}],"up":[{"embeddable":true,"href":"https:\/\/yavaitcachezmeme.fr\/index.php\/wp-json\/wp\/v2\/pages\/1071"}],"wp:attachment":[{"href":"https:\/\/yavaitcachezmeme.fr\/index.php\/wp-json\/wp\/v2\/media?parent=5694"}],"curies":[{"name":"wp","href":"https:\/\/api.w.org\/{rel}","templated":true}]}}