{"id":5705,"date":"2021-12-03T19:27:12","date_gmt":"2021-12-03T18:27:12","guid":{"rendered":"https:\/\/yavaitcachezmeme.fr\/?page_id=5705"},"modified":"2025-11-24T18:46:03","modified_gmt":"2025-11-24T17:46:03","slug":"fontaine-la-louvet","status":"publish","type":"page","link":"https:\/\/yavaitcachezmeme.fr\/index.php\/les-environs\/fontaine-la-louvet\/","title":{"rendered":"Fontaine-la-Louvet"},"content":{"rendered":"<div style=\"font-size: 120%; font-family: georgia;\">\n<p style=\"text-align: justify;\">Situ\u00e9e au Nord de Thiberville, <span style=\"color: #ff6600;\"><strong>Fontaine-la-Louvet<\/strong><\/span> recense 331 habitants en 2018 contre 446 en 1911.<\/p>\n<p style=\"text-align: center;\"><span style=\"color: #ff6600;\"><strong>~o~<\/strong><\/span><\/p>\n<p><img loading=\"lazy\" decoding=\"async\" class=\"aligncenter wp-image-5702\" src=\"https:\/\/yavaitcachezmeme.fr\/wp-content\/uploads\/2021\/12\/FONTAINE-LA-LOUVET_H_005-600x378.jpg\" alt=\"\" width=\"820\" height=\"517\" srcset=\"https:\/\/yavaitcachezmeme.fr\/wp-content\/uploads\/2021\/12\/FONTAINE-LA-LOUVET_H_005-600x378.jpg 600w, https:\/\/yavaitcachezmeme.fr\/wp-content\/uploads\/2021\/12\/FONTAINE-LA-LOUVET_H_005-1024x646.jpg 1024w, https:\/\/yavaitcachezmeme.fr\/wp-content\/uploads\/2021\/12\/FONTAINE-LA-LOUVET_H_005-1536x968.jpg 1536w, https:\/\/yavaitcachezmeme.fr\/wp-content\/uploads\/2021\/12\/FONTAINE-LA-LOUVET_H_005.jpg 1599w\" sizes=\"auto, (max-width: 820px) 100vw, 820px\" \/><\/p>\n<p style=\"text-align: center;\">L&rsquo;\u00e9glise<\/p>\n<p><img loading=\"lazy\" decoding=\"async\" class=\"aligncenter wp-image-12001\" src=\"https:\/\/yavaitcachezmeme.fr\/wp-content\/uploads\/2024\/05\/FONTAINE-LA-LOUVET_V_001-390x600.jpg\" alt=\"\" width=\"475\" height=\"732\" srcset=\"https:\/\/yavaitcachezmeme.fr\/wp-content\/uploads\/2024\/05\/FONTAINE-LA-LOUVET_V_001-390x600.jpg 390w, https:\/\/yavaitcachezmeme.fr\/wp-content\/uploads\/2024\/05\/FONTAINE-LA-LOUVET_V_001-665x1024.jpg 665w, https:\/\/yavaitcachezmeme.fr\/wp-content\/uploads\/2024\/05\/FONTAINE-LA-LOUVET_V_001-997x1536.jpg 997w, https:\/\/yavaitcachezmeme.fr\/wp-content\/uploads\/2024\/05\/FONTAINE-LA-LOUVET_V_001.jpg 1044w\" sizes=\"auto, (max-width: 475px) 100vw, 475px\" \/><\/p>\n<p style=\"text-align: center;\">L&rsquo;\u00e9glise<\/p>\n<p><img loading=\"lazy\" decoding=\"async\" class=\"aligncenter wp-image-7228\" src=\"https:\/\/yavaitcachezmeme.fr\/wp-content\/uploads\/2022\/05\/FONTAINE-LA-LOUVET_H_007-600x378.jpg\" alt=\"\" width=\"820\" height=\"516\" srcset=\"https:\/\/yavaitcachezmeme.fr\/wp-content\/uploads\/2022\/05\/FONTAINE-LA-LOUVET_H_007-600x378.jpg 600w, https:\/\/yavaitcachezmeme.fr\/wp-content\/uploads\/2022\/05\/FONTAINE-LA-LOUVET_H_007-1024x645.jpg 1024w, https:\/\/yavaitcachezmeme.fr\/wp-content\/uploads\/2022\/05\/FONTAINE-LA-LOUVET_H_007-1536x967.jpg 1536w, https:\/\/yavaitcachezmeme.fr\/wp-content\/uploads\/2022\/05\/FONTAINE-LA-LOUVET_H_007-542x340.jpg 542w, https:\/\/yavaitcachezmeme.fr\/wp-content\/uploads\/2022\/05\/FONTAINE-LA-LOUVET_H_007.jpg 1645w\" sizes=\"auto, (max-width: 820px) 100vw, 820px\" \/><\/p>\n<p style=\"text-align: center;\">Vue sur l&rsquo;\u00e9glise et le presbyt\u00e8re<\/p>\n<p><img loading=\"lazy\" decoding=\"async\" class=\"aligncenter wp-image-11939\" src=\"https:\/\/yavaitcachezmeme.fr\/wp-content\/uploads\/2024\/04\/FONTAINE-LA-LOUVET_H_009-600x378.jpg\" alt=\"\" width=\"820\" height=\"517\" srcset=\"https:\/\/yavaitcachezmeme.fr\/wp-content\/uploads\/2024\/04\/FONTAINE-LA-LOUVET_H_009-600x378.jpg 600w, https:\/\/yavaitcachezmeme.fr\/wp-content\/uploads\/2024\/04\/FONTAINE-LA-LOUVET_H_009-1024x645.jpg 1024w, https:\/\/yavaitcachezmeme.fr\/wp-content\/uploads\/2024\/04\/FONTAINE-LA-LOUVET_H_009-1536x968.jpg 1536w, https:\/\/yavaitcachezmeme.fr\/wp-content\/uploads\/2024\/04\/FONTAINE-LA-LOUVET_H_009.jpg 1615w\" sizes=\"auto, (max-width: 820px) 100vw, 820px\" \/><\/p>\n<p style=\"text-align: center;\">Le presbyt\u00e8re<\/p>\n<p><img loading=\"lazy\" decoding=\"async\" class=\"aligncenter wp-image-7297\" src=\"https:\/\/yavaitcachezmeme.fr\/wp-content\/uploads\/2022\/06\/FONTAINE-LA-LOUVET_H_008-600x378.jpg\" alt=\"\" width=\"820\" height=\"516\" srcset=\"https:\/\/yavaitcachezmeme.fr\/wp-content\/uploads\/2022\/06\/FONTAINE-LA-LOUVET_H_008-600x378.jpg 600w, https:\/\/yavaitcachezmeme.fr\/wp-content\/uploads\/2022\/06\/FONTAINE-LA-LOUVET_H_008-1024x645.jpg 1024w, https:\/\/yavaitcachezmeme.fr\/wp-content\/uploads\/2022\/06\/FONTAINE-LA-LOUVET_H_008-1536x967.jpg 1536w, https:\/\/yavaitcachezmeme.fr\/wp-content\/uploads\/2022\/06\/FONTAINE-LA-LOUVET_H_008-542x340.jpg 542w, https:\/\/yavaitcachezmeme.fr\/wp-content\/uploads\/2022\/06\/FONTAINE-LA-LOUVET_H_008.jpg 1620w\" sizes=\"auto, (max-width: 820px) 100vw, 820px\" \/><\/p>\n<p style=\"text-align: center;\">Un coin de la prairie<\/p>\n<p><img loading=\"lazy\" decoding=\"async\" class=\"aligncenter wp-image-5699\" src=\"https:\/\/yavaitcachezmeme.fr\/wp-content\/uploads\/2021\/12\/FONTAINE-LA-LOUVET_H_002-600x385.jpg\" alt=\"\" width=\"820\" height=\"526\" srcset=\"https:\/\/yavaitcachezmeme.fr\/wp-content\/uploads\/2021\/12\/FONTAINE-LA-LOUVET_H_002-600x385.jpg 600w, https:\/\/yavaitcachezmeme.fr\/wp-content\/uploads\/2021\/12\/FONTAINE-LA-LOUVET_H_002-1024x657.jpg 1024w, https:\/\/yavaitcachezmeme.fr\/wp-content\/uploads\/2021\/12\/FONTAINE-LA-LOUVET_H_002-1536x985.jpg 1536w, https:\/\/yavaitcachezmeme.fr\/wp-content\/uploads\/2021\/12\/FONTAINE-LA-LOUVET_H_002.jpg 1628w\" sizes=\"auto, (max-width: 820px) 100vw, 820px\" \/><\/p>\n<p style=\"text-align: center;\">Le calvaire route de Lieurey<\/p>\n<p><a href=\"https:\/\/www.google.com\/maps\/@49.1536316,0.4614253,3a,62.4y,184.13h,92.09t\/data=!3m6!1e1!3m4!1sMCiZaqcFt5TsFYI129ae7A!2e0!7i16384!8i8192\" target=\"_blank\" rel=\"noopener\"><img loading=\"lazy\" decoding=\"async\" class=\"aligncenter wp-image-8272\" src=\"https:\/\/yavaitcachezmeme.fr\/wp-content\/uploads\/2022\/09\/unnamed.png\" alt=\"\" width=\"25\" height=\"25\" srcset=\"https:\/\/yavaitcachezmeme.fr\/wp-content\/uploads\/2022\/09\/unnamed.png 512w, https:\/\/yavaitcachezmeme.fr\/wp-content\/uploads\/2022\/09\/unnamed-150x150.png 150w\" sizes=\"auto, (max-width: 25px) 100vw, 25px\" \/><\/a><\/p>\n<p><img loading=\"lazy\" decoding=\"async\" class=\"aligncenter wp-image-5700\" src=\"https:\/\/yavaitcachezmeme.fr\/wp-content\/uploads\/2021\/12\/FONTAINE-LA-LOUVET_H_003-600x381.jpg\" alt=\"\" width=\"820\" height=\"521\" srcset=\"https:\/\/yavaitcachezmeme.fr\/wp-content\/uploads\/2021\/12\/FONTAINE-LA-LOUVET_H_003-600x381.jpg 600w, https:\/\/yavaitcachezmeme.fr\/wp-content\/uploads\/2021\/12\/FONTAINE-LA-LOUVET_H_003-1024x651.jpg 1024w, https:\/\/yavaitcachezmeme.fr\/wp-content\/uploads\/2021\/12\/FONTAINE-LA-LOUVET_H_003-1536x977.jpg 1536w, https:\/\/yavaitcachezmeme.fr\/wp-content\/uploads\/2021\/12\/FONTAINE-LA-LOUVET_H_003.jpg 1617w\" sizes=\"auto, (max-width: 820px) 100vw, 820px\" \/><\/p>\n<p style=\"text-align: center;\">Le lavoir communal<\/p>\n<p><a href=\"https:\/\/www.google.com\/maps\/@49.1603151,0.4543576,3a,75y,188.78h,80.67t\/data=!3m6!1e1!3m4!1sxAfzVhHL2krp5NEPOL2Umg!2e0!7i16384!8i8192\" target=\"_blank\" rel=\"noopener\"><img loading=\"lazy\" decoding=\"async\" class=\"aligncenter wp-image-8272\" src=\"https:\/\/yavaitcachezmeme.fr\/wp-content\/uploads\/2022\/09\/unnamed.png\" alt=\"\" width=\"25\" height=\"25\" srcset=\"https:\/\/yavaitcachezmeme.fr\/wp-content\/uploads\/2022\/09\/unnamed.png 512w, https:\/\/yavaitcachezmeme.fr\/wp-content\/uploads\/2022\/09\/unnamed-150x150.png 150w\" sizes=\"auto, (max-width: 25px) 100vw, 25px\" \/><\/a><\/p>\n<p><img loading=\"lazy\" decoding=\"async\" class=\"aligncenter wp-image-5698\" src=\"https:\/\/yavaitcachezmeme.fr\/wp-content\/uploads\/2021\/12\/FONTAINE-LA-LOUVET_H_001.jpg\" alt=\"\" width=\"820\" height=\"520\" srcset=\"https:\/\/yavaitcachezmeme.fr\/wp-content\/uploads\/2021\/12\/FONTAINE-LA-LOUVET_H_001.jpg 821w, https:\/\/yavaitcachezmeme.fr\/wp-content\/uploads\/2021\/12\/FONTAINE-LA-LOUVET_H_001-600x381.jpg 600w\" sizes=\"auto, (max-width: 820px) 100vw, 820px\" \/><\/p>\n<p style=\"text-align: center;\">Le lavoir communal et les lavandi\u00e8res<\/p>\n<p><img loading=\"lazy\" decoding=\"async\" class=\"aligncenter wp-image-5701\" src=\"https:\/\/yavaitcachezmeme.fr\/wp-content\/uploads\/2021\/12\/FONTAINE-LA-LOUVET_H_004-600x380.jpg\" alt=\"\" width=\"820\" height=\"520\" srcset=\"https:\/\/yavaitcachezmeme.fr\/wp-content\/uploads\/2021\/12\/FONTAINE-LA-LOUVET_H_004-600x380.jpg 600w, https:\/\/yavaitcachezmeme.fr\/wp-content\/uploads\/2021\/12\/FONTAINE-LA-LOUVET_H_004-1024x649.jpg 1024w, https:\/\/yavaitcachezmeme.fr\/wp-content\/uploads\/2021\/12\/FONTAINE-LA-LOUVET_H_004-1536x973.jpg 1536w, https:\/\/yavaitcachezmeme.fr\/wp-content\/uploads\/2021\/12\/FONTAINE-LA-LOUVET_H_004.jpg 1635w\" sizes=\"auto, (max-width: 820px) 100vw, 820px\" \/><\/p>\n<p style=\"text-align: center;\">Le ch\u00e2teau de Bretoncelles<\/p>\n<p><img loading=\"lazy\" decoding=\"async\" class=\"aligncenter wp-image-13267\" src=\"https:\/\/yavaitcachezmeme.fr\/wp-content\/uploads\/2025\/11\/FONTAINE-LA-LOUVET_H_010-600x377.jpg\" alt=\"\" width=\"820\" height=\"515\" srcset=\"https:\/\/yavaitcachezmeme.fr\/wp-content\/uploads\/2025\/11\/FONTAINE-LA-LOUVET_H_010-600x377.jpg 600w, https:\/\/yavaitcachezmeme.fr\/wp-content\/uploads\/2025\/11\/FONTAINE-LA-LOUVET_H_010-1024x643.jpg 1024w, https:\/\/yavaitcachezmeme.fr\/wp-content\/uploads\/2025\/11\/FONTAINE-LA-LOUVET_H_010-1536x965.jpg 1536w, https:\/\/yavaitcachezmeme.fr\/wp-content\/uploads\/2025\/11\/FONTAINE-LA-LOUVET_H_010-542x340.jpg 542w, https:\/\/yavaitcachezmeme.fr\/wp-content\/uploads\/2025\/11\/FONTAINE-LA-LOUVET_H_010.jpg 1636w\" sizes=\"auto, (max-width: 820px) 100vw, 820px\" \/><\/p>\n<p style=\"text-align: center;\">Ch\u00e2teau de Vilers<\/p>\n<p><img loading=\"lazy\" decoding=\"async\" class=\"aligncenter wp-image-5703\" src=\"https:\/\/yavaitcachezmeme.fr\/wp-content\/uploads\/2021\/12\/FONTAINE-LA-LOUVET_H_006-600x379.jpg\" alt=\"\" width=\"820\" height=\"518\" srcset=\"https:\/\/yavaitcachezmeme.fr\/wp-content\/uploads\/2021\/12\/FONTAINE-LA-LOUVET_H_006-600x379.jpg 600w, https:\/\/yavaitcachezmeme.fr\/wp-content\/uploads\/2021\/12\/FONTAINE-LA-LOUVET_H_006-1024x647.jpg 1024w, https:\/\/yavaitcachezmeme.fr\/wp-content\/uploads\/2021\/12\/FONTAINE-LA-LOUVET_H_006-1536x970.jpg 1536w, https:\/\/yavaitcachezmeme.fr\/wp-content\/uploads\/2021\/12\/FONTAINE-LA-LOUVET_H_006.jpg 1615w\" sizes=\"auto, (max-width: 820px) 100vw, 820px\" \/><\/p>\n<p style=\"text-align: center;\">Maison Normande<\/p>\n<p><img loading=\"lazy\" decoding=\"async\" class=\"aligncenter wp-image-5704\" src=\"https:\/\/yavaitcachezmeme.fr\/wp-content\/uploads\/2021\/12\/FONTAINE-LA-LOUVET_PCP_001-595x600.jpg\" alt=\"\" width=\"600\" height=\"605\" srcset=\"https:\/\/yavaitcachezmeme.fr\/wp-content\/uploads\/2021\/12\/FONTAINE-LA-LOUVET_PCP_001-595x600.jpg 595w, https:\/\/yavaitcachezmeme.fr\/wp-content\/uploads\/2021\/12\/FONTAINE-LA-LOUVET_PCP_001-150x150.jpg 150w, https:\/\/yavaitcachezmeme.fr\/wp-content\/uploads\/2021\/12\/FONTAINE-LA-LOUVET_PCP_001.jpg 1014w\" sizes=\"auto, (max-width: 600px) 100vw, 600px\" \/><\/p>\n<p style=\"text-align: center;\">Petit Camembert de la Vall\u00e9e de la Calonne<\/p>\n<p><img loading=\"lazy\" decoding=\"async\" class=\"aligncenter wp-image-7185\" src=\"https:\/\/yavaitcachezmeme.fr\/wp-content\/uploads\/2022\/05\/FONTAINE-LA-LOUVET_PCP_002-598x600.jpg\" alt=\"\" width=\"600\" height=\"602\" srcset=\"https:\/\/yavaitcachezmeme.fr\/wp-content\/uploads\/2022\/05\/FONTAINE-LA-LOUVET_PCP_002-598x600.jpg 598w, https:\/\/yavaitcachezmeme.fr\/wp-content\/uploads\/2022\/05\/FONTAINE-LA-LOUVET_PCP_002-1021x1024.jpg 1021w, https:\/\/yavaitcachezmeme.fr\/wp-content\/uploads\/2022\/05\/FONTAINE-LA-LOUVET_PCP_002-150x150.jpg 150w, https:\/\/yavaitcachezmeme.fr\/wp-content\/uploads\/2022\/05\/FONTAINE-LA-LOUVET_PCP_002.jpg 1284w\" sizes=\"auto, (max-width: 600px) 100vw, 600px\" \/><\/p>\n<p style=\"text-align: center;\">Pont l&rsquo;\u00c9v\u00eaque Fermier &#8211; D\u00e9lice de Fontenelles<\/p>\n<p><img loading=\"lazy\" decoding=\"async\" class=\"aligncenter wp-image-9774\" src=\"https:\/\/yavaitcachezmeme.fr\/wp-content\/uploads\/2023\/03\/FONTAINE-LA-LOUVET_PCP_003-600x308.jpg\" alt=\"\" width=\"820\" height=\"421\" srcset=\"https:\/\/yavaitcachezmeme.fr\/wp-content\/uploads\/2023\/03\/FONTAINE-LA-LOUVET_PCP_003-600x308.jpg 600w, https:\/\/yavaitcachezmeme.fr\/wp-content\/uploads\/2023\/03\/FONTAINE-LA-LOUVET_PCP_003-1024x526.jpg 1024w, https:\/\/yavaitcachezmeme.fr\/wp-content\/uploads\/2023\/03\/FONTAINE-LA-LOUVET_PCP_003-1536x789.jpg 1536w, https:\/\/yavaitcachezmeme.fr\/wp-content\/uploads\/2023\/03\/FONTAINE-LA-LOUVET_PCP_003-2048x1052.jpg 2048w\" sizes=\"auto, (max-width: 820px) 100vw, 820px\" \/><\/p>\n<p style=\"text-align: center;\">Manufacture de ruban LEJUIF Fils &amp; Gendres<\/p>\n<p style=\"text-align: center;\"><span style=\"color: #ff6600;\"><strong>~o~<\/strong><\/span><\/p>\n<p style=\"text-align: justify;\">Les communes de l&rsquo;ancien canton de <span style=\"color: #ff6600;\"><strong>Thiberville<\/strong><\/span>, auxquelles j&rsquo;ai rajout\u00e9 <strong>Fresne-Cauverville<\/strong> de l&rsquo;ancien canton de <strong>Cormeilles<\/strong>, \u00e0 visiter en cliquant sur les liens suivants :<\/p>\n<p style=\"text-align: justify;\"><strong><a href=\"https:\/\/yavaitcachezmeme.fr\/index.php\/les-environs\/barville\/\">Barville<\/a> &#8211; <a href=\"https:\/\/yavaitcachezmeme.fr\/index.php\/les-environs\/bazoques\/\">Bazoques<\/a> &#8211; <a href=\"https:\/\/yavaitcachezmeme.fr\/index.php\/les-environs\/boissy-lamberville\/\">Boissy-Lamberville<\/a> &#8211; <a href=\"https:\/\/yavaitcachezmeme.fr\/index.php\/les-environs\/bournainville-faverolles\/\">Bournainville-Faverolles<\/a> &#8211; <a href=\"https:\/\/yavaitcachezmeme.fr\/index.php\/les-environs\/la-chapelle-hareng\/\">La Chapelle-Hareng<\/a> &#8211; <a href=\"https:\/\/yavaitcachezmeme.fr\/index.php\/les-environs\/drucourt\/\">Drucourt<\/a> &#8211; <a href=\"https:\/\/yavaitcachezmeme.fr\/index.php\/les-environs\/duranville\/\">Duranville<\/a> &#8211; <a href=\"https:\/\/yavaitcachezmeme.fr\/index.php\/les-environs\/le-favril\/\">Le Favril<\/a> &#8211; <a href=\"https:\/\/yavaitcachezmeme.fr\/index.php\/les-environs\/folleville\/\">Folleville<\/a> &#8211; <a href=\"https:\/\/yavaitcachezmeme.fr\/index.php\/les-environs\/fontaine-la-louvet\/\">Fontaine-la-Louvet<\/a> &#8211; <a href=\"https:\/\/yavaitcachezmeme.fr\/index.php\/les-environs\/fresne-cauverville\/\">Fresne-Cauverville<\/a> &#8211; <a href=\"https:\/\/yavaitcachezmeme.fr\/index.php\/les-environs\/giverville\/\">Giverville<\/a> &#8211; <a href=\"https:\/\/yavaitcachezmeme.fr\/index.php\/les-environs\/heudreville-en-lieuvin\/\">Heudreville-en-Lieuvin<\/a> &#8211; <a href=\"https:\/\/yavaitcachezmeme.fr\/index.php\/les-environs\/piencourt\/\">Piencourt<\/a> &#8211; <a href=\"https:\/\/yavaitcachezmeme.fr\/index.php\/les-environs\/les-places\/\">Les Places<\/a> &#8211; <a href=\"https:\/\/yavaitcachezmeme.fr\/index.php\/les-environs\/le-planquay\/\">Le Planquay<\/a> &#8211; <a href=\"https:\/\/yavaitcachezmeme.fr\/index.php\/les-environs\/st-aubin-de-scellon\/\">St-Aubin-de-Scellon<\/a> &#8211; <a href=\"https:\/\/yavaitcachezmeme.fr\/index.php\/les-environs\/st-germain-la-campagne\/\">St-Germain-la-Campagne<\/a> &#8211; <a href=\"https:\/\/yavaitcachezmeme.fr\/index.php\/les-environs\/st-mards-de-fresne\/\">St-Mards-de-Fresne<\/a> &#8211; <a href=\"https:\/\/yavaitcachezmeme.fr\/index.php\/les-environs\/st-vincent-du-boulay\/\">St-Vincent-du-Boulay<\/a> &#8211; <a href=\"https:\/\/yavaitcachezmeme.fr\/index.php\/les-environs\/le-theil-nolent\/\">Le Theil-Nolent<\/a> &#8211; <a href=\"https:\/\/yavaitcachezmeme.fr\/index.php\/les-environs\/thiberville\/\">Thiberville<\/a><\/strong><\/p>\n<p><img loading=\"lazy\" decoding=\"async\" class=\"aligncenter wp-image-6270\" src=\"https:\/\/yavaitcachezmeme.fr\/wp-content\/uploads\/2021\/12\/Autour-de-Thiberville-600x400.jpg\" alt=\"\" width=\"800\" height=\"533\" srcset=\"https:\/\/yavaitcachezmeme.fr\/wp-content\/uploads\/2021\/12\/Autour-de-Thiberville-600x400.jpg 600w, https:\/\/yavaitcachezmeme.fr\/wp-content\/uploads\/2021\/12\/Autour-de-Thiberville-1024x683.jpg 1024w, https:\/\/yavaitcachezmeme.fr\/wp-content\/uploads\/2021\/12\/Autour-de-Thiberville-1536x1024.jpg 1536w, https:\/\/yavaitcachezmeme.fr\/wp-content\/uploads\/2021\/12\/Autour-de-Thiberville-2048x1365.jpg 2048w\" sizes=\"auto, (max-width: 800px) 100vw, 800px\" \/><\/p>\n<\/div>\n","protected":false},"excerpt":{"rendered":"<p>Situ\u00e9e au Nord de Thiberville, Fontaine-la-Louvet recense 331 habitants en 2018 contre 446 en 1911. ~o~ L&rsquo;\u00e9glise L&rsquo;\u00e9glise Vue sur l&rsquo;\u00e9glise et le&#8230;<\/p>\n","protected":false},"author":1,"featured_media":0,"parent":1071,"menu_order":252,"comment_status":"closed","ping_status":"closed","template":"","meta":{"footnotes":""},"class_list":["post-5705","page","type-page","status-publish","hentry"],"_links":{"self":[{"href":"https:\/\/yavaitcachezmeme.fr\/index.php\/wp-json\/wp\/v2\/pages\/5705","targetHints":{"allow":["GET"]}}],"collection":[{"href":"https:\/\/yavaitcachezmeme.fr\/index.php\/wp-json\/wp\/v2\/pages"}],"about":[{"href":"https:\/\/yavaitcachezmeme.fr\/index.php\/wp-json\/wp\/v2\/types\/page"}],"author":[{"embeddable":true,"href":"https:\/\/yavaitcachezmeme.fr\/index.php\/wp-json\/wp\/v2\/users\/1"}],"replies":[{"embeddable":true,"href":"https:\/\/yavaitcachezmeme.fr\/index.php\/wp-json\/wp\/v2\/comments?post=5705"}],"version-history":[{"count":20,"href":"https:\/\/yavaitcachezmeme.fr\/index.php\/wp-json\/wp\/v2\/pages\/5705\/revisions"}],"predecessor-version":[{"id":13286,"href":"https:\/\/yavaitcachezmeme.fr\/index.php\/wp-json\/wp\/v2\/pages\/5705\/revisions\/13286"}],"up":[{"embeddable":true,"href":"https:\/\/yavaitcachezmeme.fr\/index.php\/wp-json\/wp\/v2\/pages\/1071"}],"wp:attachment":[{"href":"https:\/\/yavaitcachezmeme.fr\/index.php\/wp-json\/wp\/v2\/media?parent=5705"}],"curies":[{"name":"wp","href":"https:\/\/api.w.org\/{rel}","templated":true}]}}