{"id":5799,"date":"2021-12-04T14:23:24","date_gmt":"2021-12-04T13:23:24","guid":{"rendered":"https:\/\/yavaitcachezmeme.fr\/?page_id=5799"},"modified":"2025-11-02T16:19:28","modified_gmt":"2025-11-02T15:19:28","slug":"st-vincent-du-boulay","status":"publish","type":"page","link":"https:\/\/yavaitcachezmeme.fr\/index.php\/les-environs\/st-vincent-du-boulay\/","title":{"rendered":"St-Vincent-du-Boulay"},"content":{"rendered":"<div style=\"font-size: 120%; font-family: georgia;\">\n<p style=\"text-align: justify;\">Situ\u00e9e au Sud-Est de Thiberville, <span style=\"color: #ff6600;\"><strong>Saint-Vincent-du-Boulay<\/strong><\/span> recense 380 habitants en 2018 contre 341 en 1911.<\/p>\n<p style=\"text-align: center;\"><span style=\"color: #ff6600;\"><strong>~o~<\/strong><\/span><\/p>\n<p><img loading=\"lazy\" decoding=\"async\" class=\"aligncenter wp-image-5788\" src=\"https:\/\/yavaitcachezmeme.fr\/wp-content\/uploads\/2021\/12\/ST-VINCENT-DU-BOULAY_H_002-600x380.jpg\" alt=\"\" width=\"820\" height=\"519\" srcset=\"https:\/\/yavaitcachezmeme.fr\/wp-content\/uploads\/2021\/12\/ST-VINCENT-DU-BOULAY_H_002-600x380.jpg 600w, https:\/\/yavaitcachezmeme.fr\/wp-content\/uploads\/2021\/12\/ST-VINCENT-DU-BOULAY_H_002-1024x648.jpg 1024w, https:\/\/yavaitcachezmeme.fr\/wp-content\/uploads\/2021\/12\/ST-VINCENT-DU-BOULAY_H_002-1536x973.jpg 1536w, https:\/\/yavaitcachezmeme.fr\/wp-content\/uploads\/2021\/12\/ST-VINCENT-DU-BOULAY_H_002.jpg 1611w\" sizes=\"auto, (max-width: 820px) 100vw, 820px\" \/><\/p>\n<p style=\"text-align: center;\">L&rsquo;\u00e9glise<\/p>\n<p><a href=\"https:\/\/www.google.com\/maps\/@49.1029152,0.4900956,3a,90y,81.45h,101.28t\/data=!3m6!1e1!3m4!1sJh1STm99qwFmDwmK5n4Zaw!2e0!7i16384!8i8192\" target=\"_blank\" rel=\"noopener\"><img loading=\"lazy\" decoding=\"async\" class=\"aligncenter wp-image-8272\" src=\"https:\/\/yavaitcachezmeme.fr\/wp-content\/uploads\/2022\/09\/unnamed.png\" alt=\"\" width=\"25\" height=\"25\" srcset=\"https:\/\/yavaitcachezmeme.fr\/wp-content\/uploads\/2022\/09\/unnamed.png 512w, https:\/\/yavaitcachezmeme.fr\/wp-content\/uploads\/2022\/09\/unnamed-150x150.png 150w\" sizes=\"auto, (max-width: 25px) 100vw, 25px\" \/><\/a><\/p>\n<p><img loading=\"lazy\" decoding=\"async\" class=\"aligncenter wp-image-8093\" src=\"https:\/\/yavaitcachezmeme.fr\/wp-content\/uploads\/2022\/09\/ST-VINCENT-DU-BOULAY_V_002-382x600.jpg\" alt=\"\" width=\"475\" height=\"746\" srcset=\"https:\/\/yavaitcachezmeme.fr\/wp-content\/uploads\/2022\/09\/ST-VINCENT-DU-BOULAY_V_002-382x600.jpg 382w, https:\/\/yavaitcachezmeme.fr\/wp-content\/uploads\/2022\/09\/ST-VINCENT-DU-BOULAY_V_002-652x1024.jpg 652w, https:\/\/yavaitcachezmeme.fr\/wp-content\/uploads\/2022\/09\/ST-VINCENT-DU-BOULAY_V_002-977x1536.jpg 977w, https:\/\/yavaitcachezmeme.fr\/wp-content\/uploads\/2022\/09\/ST-VINCENT-DU-BOULAY_V_002.jpg 1036w\" sizes=\"auto, (max-width: 475px) 100vw, 475px\" \/><\/p>\n<p style=\"text-align: center;\">L&rsquo;\u00e9glise<\/p>\n<p><img loading=\"lazy\" decoding=\"async\" class=\"aligncenter wp-image-7150\" src=\"https:\/\/yavaitcachezmeme.fr\/wp-content\/uploads\/2022\/05\/ST-VINCENT-DU-BOULAY_V_001-380x600.jpg\" alt=\"\" width=\"475\" height=\"750\" srcset=\"https:\/\/yavaitcachezmeme.fr\/wp-content\/uploads\/2022\/05\/ST-VINCENT-DU-BOULAY_V_001-380x600.jpg 380w, https:\/\/yavaitcachezmeme.fr\/wp-content\/uploads\/2022\/05\/ST-VINCENT-DU-BOULAY_V_001-648x1024.jpg 648w, https:\/\/yavaitcachezmeme.fr\/wp-content\/uploads\/2022\/05\/ST-VINCENT-DU-BOULAY_V_001-973x1536.jpg 973w, https:\/\/yavaitcachezmeme.fr\/wp-content\/uploads\/2022\/05\/ST-VINCENT-DU-BOULAY_V_001.jpg 1036w\" sizes=\"auto, (max-width: 475px) 100vw, 475px\" \/><\/p>\n<p style=\"text-align: center;\">La route de Bernay<\/p>\n<p><img loading=\"lazy\" decoding=\"async\" class=\"aligncenter wp-image-5787\" src=\"https:\/\/yavaitcachezmeme.fr\/wp-content\/uploads\/2021\/12\/ST-VINCENT-DU-BOULAY_H_001-600x384.jpg\" alt=\"\" width=\"820\" height=\"525\" srcset=\"https:\/\/yavaitcachezmeme.fr\/wp-content\/uploads\/2021\/12\/ST-VINCENT-DU-BOULAY_H_001-600x384.jpg 600w, https:\/\/yavaitcachezmeme.fr\/wp-content\/uploads\/2021\/12\/ST-VINCENT-DU-BOULAY_H_001-1024x655.jpg 1024w, https:\/\/yavaitcachezmeme.fr\/wp-content\/uploads\/2021\/12\/ST-VINCENT-DU-BOULAY_H_001-1536x983.jpg 1536w, https:\/\/yavaitcachezmeme.fr\/wp-content\/uploads\/2021\/12\/ST-VINCENT-DU-BOULAY_H_001.jpg 1632w\" sizes=\"auto, (max-width: 820px) 100vw, 820px\" \/><\/p>\n<p style=\"text-align: center;\">Le caf\u00e9 MENEREUIL dans le village<\/p>\n<p><a href=\"https:\/\/www.google.com\/maps\/@49.1029179,0.4898098,3a,78.6y,267.05h,96.23t\/data=!3m6!1e1!3m4!1s0pyUxkU5tPdB9QdHZyJEDA!2e0!7i16384!8i8192\" target=\"_blank\" rel=\"noopener\"><img loading=\"lazy\" decoding=\"async\" class=\"aligncenter wp-image-8272\" src=\"https:\/\/yavaitcachezmeme.fr\/wp-content\/uploads\/2022\/09\/unnamed.png\" alt=\"\" width=\"25\" height=\"25\" srcset=\"https:\/\/yavaitcachezmeme.fr\/wp-content\/uploads\/2022\/09\/unnamed.png 512w, https:\/\/yavaitcachezmeme.fr\/wp-content\/uploads\/2022\/09\/unnamed-150x150.png 150w\" sizes=\"auto, (max-width: 25px) 100vw, 25px\" \/><\/a><\/p>\n<p><img loading=\"lazy\" decoding=\"async\" class=\"aligncenter wp-image-5789\" src=\"https:\/\/yavaitcachezmeme.fr\/wp-content\/uploads\/2021\/12\/ST-VINCENT-DU-BOULAY_OCP_001-A-B-scaled-600x303.jpg\" alt=\"\" width=\"820\" height=\"414\" srcset=\"https:\/\/yavaitcachezmeme.fr\/wp-content\/uploads\/2021\/12\/ST-VINCENT-DU-BOULAY_OCP_001-A-B-scaled-600x303.jpg 600w, https:\/\/yavaitcachezmeme.fr\/wp-content\/uploads\/2021\/12\/ST-VINCENT-DU-BOULAY_OCP_001-A-B-scaled-1024x518.jpg 1024w, https:\/\/yavaitcachezmeme.fr\/wp-content\/uploads\/2021\/12\/ST-VINCENT-DU-BOULAY_OCP_001-A-B-scaled-1536x776.jpg 1536w, https:\/\/yavaitcachezmeme.fr\/wp-content\/uploads\/2021\/12\/ST-VINCENT-DU-BOULAY_OCP_001-A-B-scaled-2048x1035.jpg 2048w\" sizes=\"auto, (max-width: 820px) 100vw, 820px\" \/><\/p>\n<p style=\"text-align: center;\">Tasse du caf\u00e9 MENEREUIL<\/p>\n<p><img loading=\"lazy\" decoding=\"async\" class=\"aligncenter wp-image-9844\" src=\"https:\/\/yavaitcachezmeme.fr\/wp-content\/uploads\/2023\/04\/ST-VINCENT-DU-BOULAY_H_005-600x384.jpg\" alt=\"\" width=\"820\" height=\"525\" srcset=\"https:\/\/yavaitcachezmeme.fr\/wp-content\/uploads\/2023\/04\/ST-VINCENT-DU-BOULAY_H_005-600x384.jpg 600w, https:\/\/yavaitcachezmeme.fr\/wp-content\/uploads\/2023\/04\/ST-VINCENT-DU-BOULAY_H_005-1024x656.jpg 1024w, https:\/\/yavaitcachezmeme.fr\/wp-content\/uploads\/2023\/04\/ST-VINCENT-DU-BOULAY_H_005-1536x984.jpg 1536w, https:\/\/yavaitcachezmeme.fr\/wp-content\/uploads\/2023\/04\/ST-VINCENT-DU-BOULAY_H_005.jpg 1624w\" sizes=\"auto, (max-width: 820px) 100vw, 820px\" \/><\/p>\n<p style=\"text-align: center;\">Route de Bernay<\/p>\n<p><img loading=\"lazy\" decoding=\"async\" class=\"aligncenter wp-image-9632\" src=\"https:\/\/yavaitcachezmeme.fr\/wp-content\/uploads\/2023\/02\/ST-VINCENT-DU-BOULAY_H_004-600x382.jpg\" alt=\"\" width=\"820\" height=\"522\" srcset=\"https:\/\/yavaitcachezmeme.fr\/wp-content\/uploads\/2023\/02\/ST-VINCENT-DU-BOULAY_H_004-600x382.jpg 600w, https:\/\/yavaitcachezmeme.fr\/wp-content\/uploads\/2023\/02\/ST-VINCENT-DU-BOULAY_H_004-1024x652.jpg 1024w, https:\/\/yavaitcachezmeme.fr\/wp-content\/uploads\/2023\/02\/ST-VINCENT-DU-BOULAY_H_004-1536x977.jpg 1536w, https:\/\/yavaitcachezmeme.fr\/wp-content\/uploads\/2023\/02\/ST-VINCENT-DU-BOULAY_H_004.jpg 1628w\" sizes=\"auto, (max-width: 820px) 100vw, 820px\" \/><\/p>\n<p style=\"text-align: center;\">Route de Drucourt<\/p>\n<p><img loading=\"lazy\" decoding=\"async\" class=\"aligncenter wp-image-8063\" src=\"https:\/\/yavaitcachezmeme.fr\/wp-content\/uploads\/2022\/08\/ST-VINCENT-DU-BOULAY_H_003-600x381.jpg\" alt=\"\" width=\"820\" height=\"521\" srcset=\"https:\/\/yavaitcachezmeme.fr\/wp-content\/uploads\/2022\/08\/ST-VINCENT-DU-BOULAY_H_003-600x381.jpg 600w, https:\/\/yavaitcachezmeme.fr\/wp-content\/uploads\/2022\/08\/ST-VINCENT-DU-BOULAY_H_003-1024x651.jpg 1024w, https:\/\/yavaitcachezmeme.fr\/wp-content\/uploads\/2022\/08\/ST-VINCENT-DU-BOULAY_H_003-1536x976.jpg 1536w, https:\/\/yavaitcachezmeme.fr\/wp-content\/uploads\/2022\/08\/ST-VINCENT-DU-BOULAY_H_003.jpg 1636w\" sizes=\"auto, (max-width: 820px) 100vw, 820px\" \/><\/p>\n<p style=\"text-align: center;\">Le calvaire<\/p>\n<p><img loading=\"lazy\" decoding=\"async\" class=\"aligncenter wp-image-12753\" src=\"https:\/\/yavaitcachezmeme.fr\/wp-content\/uploads\/2025\/02\/ST-VINCENT-DU-BOULAY_VP_001-600x395.jpg\" alt=\"\" width=\"820\" height=\"540\" srcset=\"https:\/\/yavaitcachezmeme.fr\/wp-content\/uploads\/2025\/02\/ST-VINCENT-DU-BOULAY_VP_001-600x395.jpg 600w, https:\/\/yavaitcachezmeme.fr\/wp-content\/uploads\/2025\/02\/ST-VINCENT-DU-BOULAY_VP_001-1024x674.jpg 1024w, https:\/\/yavaitcachezmeme.fr\/wp-content\/uploads\/2025\/02\/ST-VINCENT-DU-BOULAY_VP_001.jpg 1429w\" sizes=\"auto, (max-width: 820px) 100vw, 820px\" \/><\/p>\n<p style=\"text-align: center;\">Billet de souscription &#8211; F\u00eate patronale Saint-Gorgon 1935<\/p>\n<p><img loading=\"lazy\" decoding=\"async\" class=\"aligncenter wp-image-5790\" src=\"https:\/\/yavaitcachezmeme.fr\/wp-content\/uploads\/2021\/12\/ST-VINCENT-DU-BOULAY_PCP_001-596x600.jpg\" alt=\"\" width=\"650\" height=\"654\" srcset=\"https:\/\/yavaitcachezmeme.fr\/wp-content\/uploads\/2021\/12\/ST-VINCENT-DU-BOULAY_PCP_001-596x600.jpg 596w, https:\/\/yavaitcachezmeme.fr\/wp-content\/uploads\/2021\/12\/ST-VINCENT-DU-BOULAY_PCP_001-1018x1024.jpg 1018w, https:\/\/yavaitcachezmeme.fr\/wp-content\/uploads\/2021\/12\/ST-VINCENT-DU-BOULAY_PCP_001-150x150.jpg 150w, https:\/\/yavaitcachezmeme.fr\/wp-content\/uploads\/2021\/12\/ST-VINCENT-DU-BOULAY_PCP_001.jpg 1324w\" sizes=\"auto, (max-width: 650px) 100vw, 650px\" \/><\/p>\n<p style=\"text-align: center;\">Etiquette de Pont-l&rsquo;Ev\u00eaque de la fromagerie DONCK<\/p>\n<p><img loading=\"lazy\" decoding=\"async\" class=\"aligncenter wp-image-5791\" src=\"https:\/\/yavaitcachezmeme.fr\/wp-content\/uploads\/2021\/12\/ST-VINCENT-DU-BOULAY_PCP_002-600x596.jpg\" alt=\"\" width=\"650\" height=\"646\" srcset=\"https:\/\/yavaitcachezmeme.fr\/wp-content\/uploads\/2021\/12\/ST-VINCENT-DU-BOULAY_PCP_002-600x596.jpg 600w, https:\/\/yavaitcachezmeme.fr\/wp-content\/uploads\/2021\/12\/ST-VINCENT-DU-BOULAY_PCP_002-1024x1018.jpg 1024w, https:\/\/yavaitcachezmeme.fr\/wp-content\/uploads\/2021\/12\/ST-VINCENT-DU-BOULAY_PCP_002-150x150.jpg 150w, https:\/\/yavaitcachezmeme.fr\/wp-content\/uploads\/2021\/12\/ST-VINCENT-DU-BOULAY_PCP_002.jpg 1292w\" sizes=\"auto, (max-width: 650px) 100vw, 650px\" \/><\/p>\n<p style=\"text-align: center;\">Etiquette de Pont-l&rsquo;Ev\u00eaque de la fromagerie DONCK<\/p>\n<p><img loading=\"lazy\" decoding=\"async\" class=\"aligncenter wp-image-5792\" src=\"https:\/\/yavaitcachezmeme.fr\/wp-content\/uploads\/2021\/12\/ST-VINCENT-DU-BOULAY_PCP_003-600x593.jpg\" alt=\"\" width=\"650\" height=\"642\" srcset=\"https:\/\/yavaitcachezmeme.fr\/wp-content\/uploads\/2021\/12\/ST-VINCENT-DU-BOULAY_PCP_003-600x593.jpg 600w, https:\/\/yavaitcachezmeme.fr\/wp-content\/uploads\/2021\/12\/ST-VINCENT-DU-BOULAY_PCP_003-1024x1011.jpg 1024w, https:\/\/yavaitcachezmeme.fr\/wp-content\/uploads\/2021\/12\/ST-VINCENT-DU-BOULAY_PCP_003.jpg 1284w\" sizes=\"auto, (max-width: 650px) 100vw, 650px\" \/><\/p>\n<p style=\"text-align: center;\">Etiquette de Pont-l&rsquo;Ev\u00eaque de la fromagerie DONCK<\/p>\n<p><img loading=\"lazy\" decoding=\"async\" class=\"aligncenter wp-image-5793\" src=\"https:\/\/yavaitcachezmeme.fr\/wp-content\/uploads\/2021\/12\/ST-VINCENT-DU-BOULAY_PCP_004-600x562.jpg\" alt=\"\" width=\"650\" height=\"609\" srcset=\"https:\/\/yavaitcachezmeme.fr\/wp-content\/uploads\/2021\/12\/ST-VINCENT-DU-BOULAY_PCP_004-600x562.jpg 600w, https:\/\/yavaitcachezmeme.fr\/wp-content\/uploads\/2021\/12\/ST-VINCENT-DU-BOULAY_PCP_004-1024x959.jpg 1024w, https:\/\/yavaitcachezmeme.fr\/wp-content\/uploads\/2021\/12\/ST-VINCENT-DU-BOULAY_PCP_004.jpg 1375w\" sizes=\"auto, (max-width: 650px) 100vw, 650px\" \/><\/p>\n<p style=\"text-align: center;\">Etiquette de Calvados La Goutte \u00e0 Perrine<\/p>\n<p style=\"text-align: center;\"><span style=\"color: #ff6600;\"><strong>~o~<\/strong><\/span><\/p>\n<p style=\"text-align: justify;\">Les communes de l&rsquo;ancien canton de <span style=\"color: #ff6600;\"><strong>Thiberville<\/strong><\/span>, auxquelles j&rsquo;ai rajout\u00e9 <strong>Fresne-Cauverville<\/strong> de l&rsquo;ancien canton de <strong>Cormeilles<\/strong>, \u00e0 visiter en cliquant sur les liens suivants :<\/p>\n<p style=\"text-align: justify;\"><strong><a href=\"https:\/\/yavaitcachezmeme.fr\/index.php\/les-environs\/barville\/\">Barville<\/a> &#8211; <a href=\"https:\/\/yavaitcachezmeme.fr\/index.php\/les-environs\/bazoques\/\">Bazoques<\/a> &#8211; <a href=\"https:\/\/yavaitcachezmeme.fr\/index.php\/les-environs\/boissy-lamberville\/\">Boissy-Lamberville<\/a> &#8211; <a href=\"https:\/\/yavaitcachezmeme.fr\/index.php\/les-environs\/bournainville-faverolles\/\">Bournainville-Faverolles<\/a> &#8211; <a href=\"https:\/\/yavaitcachezmeme.fr\/index.php\/les-environs\/la-chapelle-hareng\/\">La Chapelle-Hareng<\/a> &#8211; <a href=\"https:\/\/yavaitcachezmeme.fr\/index.php\/les-environs\/drucourt\/\">Drucourt<\/a> &#8211; <a href=\"https:\/\/yavaitcachezmeme.fr\/index.php\/les-environs\/duranville\/\">Duranville<\/a> &#8211; <a href=\"https:\/\/yavaitcachezmeme.fr\/index.php\/les-environs\/le-favril\/\">Le Favril<\/a> &#8211; <a href=\"https:\/\/yavaitcachezmeme.fr\/index.php\/les-environs\/folleville\/\">Folleville<\/a> &#8211; <a href=\"https:\/\/yavaitcachezmeme.fr\/index.php\/les-environs\/fontaine-la-louvet\/\">Fontaine-la-Louvet<\/a> &#8211; <a href=\"https:\/\/yavaitcachezmeme.fr\/index.php\/les-environs\/fresne-cauverville\/\">Fresne-Cauverville<\/a> &#8211; <a href=\"https:\/\/yavaitcachezmeme.fr\/index.php\/les-environs\/giverville\/\">Giverville<\/a> &#8211; <a href=\"https:\/\/yavaitcachezmeme.fr\/index.php\/les-environs\/heudreville-en-lieuvin\/\">Heudreville-en-Lieuvin<\/a> &#8211; <a href=\"https:\/\/yavaitcachezmeme.fr\/index.php\/les-environs\/piencourt\/\">Piencourt<\/a> &#8211; <a href=\"https:\/\/yavaitcachezmeme.fr\/index.php\/les-environs\/les-places\/\">Les Places<\/a> &#8211; <a href=\"https:\/\/yavaitcachezmeme.fr\/index.php\/les-environs\/le-planquay\/\">Le Planquay<\/a> &#8211; <a href=\"https:\/\/yavaitcachezmeme.fr\/index.php\/les-environs\/st-aubin-de-scellon\/\">St-Aubin-de-Scellon<\/a> &#8211; <a href=\"https:\/\/yavaitcachezmeme.fr\/index.php\/les-environs\/st-germain-la-campagne\/\">St-Germain-la-Campagne<\/a> &#8211; <a href=\"https:\/\/yavaitcachezmeme.fr\/index.php\/les-environs\/st-mards-de-fresne\/\">St-Mards-de-Fresne<\/a> &#8211; <a href=\"https:\/\/yavaitcachezmeme.fr\/index.php\/les-environs\/st-vincent-du-boulay\/\">St-Vincent-du-Boulay<\/a> &#8211; <a href=\"https:\/\/yavaitcachezmeme.fr\/index.php\/les-environs\/le-theil-nolent\/\">Le Theil-Nolent<\/a> &#8211; <a href=\"https:\/\/yavaitcachezmeme.fr\/index.php\/les-environs\/thiberville\/\">Thiberville<\/a><\/strong><\/p>\n<p><img loading=\"lazy\" decoding=\"async\" class=\"aligncenter wp-image-6270\" src=\"https:\/\/yavaitcachezmeme.fr\/wp-content\/uploads\/2021\/12\/Autour-de-Thiberville-600x400.jpg\" alt=\"\" width=\"800\" height=\"533\" srcset=\"https:\/\/yavaitcachezmeme.fr\/wp-content\/uploads\/2021\/12\/Autour-de-Thiberville-600x400.jpg 600w, https:\/\/yavaitcachezmeme.fr\/wp-content\/uploads\/2021\/12\/Autour-de-Thiberville-1024x683.jpg 1024w, https:\/\/yavaitcachezmeme.fr\/wp-content\/uploads\/2021\/12\/Autour-de-Thiberville-1536x1024.jpg 1536w, https:\/\/yavaitcachezmeme.fr\/wp-content\/uploads\/2021\/12\/Autour-de-Thiberville-2048x1365.jpg 2048w\" sizes=\"auto, (max-width: 800px) 100vw, 800px\" \/><\/p>\n<\/div>\n","protected":false},"excerpt":{"rendered":"<p>Situ\u00e9e au Sud-Est de Thiberville, Saint-Vincent-du-Boulay recense 380 habitants en 2018 contre 341 en 1911. ~o~ L&rsquo;\u00e9glise L&rsquo;\u00e9glise La route de Bernay Le&#8230;<\/p>\n","protected":false},"author":1,"featured_media":0,"parent":1071,"menu_order":613,"comment_status":"closed","ping_status":"closed","template":"","meta":{"footnotes":""},"class_list":["post-5799","page","type-page","status-publish","hentry"],"_links":{"self":[{"href":"https:\/\/yavaitcachezmeme.fr\/index.php\/wp-json\/wp\/v2\/pages\/5799","targetHints":{"allow":["GET"]}}],"collection":[{"href":"https:\/\/yavaitcachezmeme.fr\/index.php\/wp-json\/wp\/v2\/pages"}],"about":[{"href":"https:\/\/yavaitcachezmeme.fr\/index.php\/wp-json\/wp\/v2\/types\/page"}],"author":[{"embeddable":true,"href":"https:\/\/yavaitcachezmeme.fr\/index.php\/wp-json\/wp\/v2\/users\/1"}],"replies":[{"embeddable":true,"href":"https:\/\/yavaitcachezmeme.fr\/index.php\/wp-json\/wp\/v2\/comments?post=5799"}],"version-history":[{"count":21,"href":"https:\/\/yavaitcachezmeme.fr\/index.php\/wp-json\/wp\/v2\/pages\/5799\/revisions"}],"predecessor-version":[{"id":13199,"href":"https:\/\/yavaitcachezmeme.fr\/index.php\/wp-json\/wp\/v2\/pages\/5799\/revisions\/13199"}],"up":[{"embeddable":true,"href":"https:\/\/yavaitcachezmeme.fr\/index.php\/wp-json\/wp\/v2\/pages\/1071"}],"wp:attachment":[{"href":"https:\/\/yavaitcachezmeme.fr\/index.php\/wp-json\/wp\/v2\/media?parent=5799"}],"curies":[{"name":"wp","href":"https:\/\/api.w.org\/{rel}","templated":true}]}}