{"id":5899,"date":"2021-12-04T19:59:57","date_gmt":"2021-12-04T18:59:57","guid":{"rendered":"https:\/\/yavaitcachezmeme.fr\/?page_id=5899"},"modified":"2025-02-22T07:02:03","modified_gmt":"2025-02-22T06:02:03","slug":"launay","status":"publish","type":"page","link":"https:\/\/yavaitcachezmeme.fr\/index.php\/autour-de-beaumont\/launay\/","title":{"rendered":"Launay"},"content":{"rendered":"<div style=\"font-size: 120%; font-family: georgia;\">\n<p style=\"text-align: justify;\">Situ\u00e9e au Nord-Ouest de Beaumont-le-Roger, <span style=\"color: #ff6600;\"><strong>Launay<\/strong><\/span> recense 197 habitants en 2018 contre 322 en 1911.<\/p>\n<p style=\"text-align: center;\"><span style=\"color: #ff6600;\"><strong>~o~<\/strong><\/span><\/p>\n<p><img loading=\"lazy\" decoding=\"async\" class=\"aligncenter wp-image-7387\" src=\"https:\/\/yavaitcachezmeme.fr\/wp-content\/uploads\/2022\/06\/LAUNAY_H_002-600x385.jpg\" alt=\"\" width=\"820\" height=\"526\" srcset=\"https:\/\/yavaitcachezmeme.fr\/wp-content\/uploads\/2022\/06\/LAUNAY_H_002-600x385.jpg 600w, https:\/\/yavaitcachezmeme.fr\/wp-content\/uploads\/2022\/06\/LAUNAY_H_002-1024x656.jpg 1024w, https:\/\/yavaitcachezmeme.fr\/wp-content\/uploads\/2022\/06\/LAUNAY_H_002-1536x985.jpg 1536w, https:\/\/yavaitcachezmeme.fr\/wp-content\/uploads\/2022\/06\/LAUNAY_H_002.jpg 1616w\" sizes=\"auto, (max-width: 820px) 100vw, 820px\" \/><\/p>\n<p style=\"text-align: center;\">Entr\u00e9e du village<\/p>\n<p><img loading=\"lazy\" decoding=\"async\" class=\"aligncenter wp-image-7187\" src=\"https:\/\/yavaitcachezmeme.fr\/wp-content\/uploads\/2022\/05\/LAUNAY_V_001-393x600.jpg\" alt=\"\" width=\"524\" height=\"800\" srcset=\"https:\/\/yavaitcachezmeme.fr\/wp-content\/uploads\/2022\/05\/LAUNAY_V_001-393x600.jpg 393w, https:\/\/yavaitcachezmeme.fr\/wp-content\/uploads\/2022\/05\/LAUNAY_V_001-671x1024.jpg 671w, https:\/\/yavaitcachezmeme.fr\/wp-content\/uploads\/2022\/05\/LAUNAY_V_001-1006x1536.jpg 1006w, https:\/\/yavaitcachezmeme.fr\/wp-content\/uploads\/2022\/05\/LAUNAY_V_001.jpg 1056w\" sizes=\"auto, (max-width: 524px) 100vw, 524px\" \/><\/p>\n<p style=\"text-align: center;\">L&rsquo;\u00e9glise<\/p>\n<p><img loading=\"lazy\" decoding=\"async\" class=\"aligncenter wp-image-10310\" src=\"https:\/\/yavaitcachezmeme.fr\/wp-content\/uploads\/2023\/08\/LAUNAY_H_003-600x382.jpg\" alt=\"\" width=\"820\" height=\"521\" srcset=\"https:\/\/yavaitcachezmeme.fr\/wp-content\/uploads\/2023\/08\/LAUNAY_H_003-600x382.jpg 600w, https:\/\/yavaitcachezmeme.fr\/wp-content\/uploads\/2023\/08\/LAUNAY_H_003-1024x651.jpg 1024w, https:\/\/yavaitcachezmeme.fr\/wp-content\/uploads\/2023\/08\/LAUNAY_H_003-1536x977.jpg 1536w, https:\/\/yavaitcachezmeme.fr\/wp-content\/uploads\/2023\/08\/LAUNAY_H_003.jpg 1604w\" sizes=\"auto, (max-width: 820px) 100vw, 820px\" \/><\/p>\n<p style=\"text-align: center;\">L&rsquo;int\u00e9rieur de l&rsquo;\u00e9glise<\/p>\n<p><img loading=\"lazy\" decoding=\"async\" class=\"aligncenter wp-image-5898\" src=\"https:\/\/yavaitcachezmeme.fr\/wp-content\/uploads\/2021\/12\/LAUNAY_H_001-600x383.jpg\" alt=\"\" width=\"820\" height=\"523\" srcset=\"https:\/\/yavaitcachezmeme.fr\/wp-content\/uploads\/2021\/12\/LAUNAY_H_001-600x383.jpg 600w, https:\/\/yavaitcachezmeme.fr\/wp-content\/uploads\/2021\/12\/LAUNAY_H_001-1024x653.jpg 1024w, https:\/\/yavaitcachezmeme.fr\/wp-content\/uploads\/2021\/12\/LAUNAY_H_001-1536x980.jpg 1536w, https:\/\/yavaitcachezmeme.fr\/wp-content\/uploads\/2021\/12\/LAUNAY_H_001.jpg 1612w\" sizes=\"auto, (max-width: 820px) 100vw, 820px\" \/><\/p>\n<p style=\"text-align: center;\">Place de l&rsquo;\u00e9glise<\/p>\n<p><img loading=\"lazy\" decoding=\"async\" class=\"aligncenter wp-image-7188\" src=\"https:\/\/yavaitcachezmeme.fr\/wp-content\/uploads\/2022\/05\/LAUNAY_V_002-372x600.jpg\" alt=\"\" width=\"496\" height=\"800\" srcset=\"https:\/\/yavaitcachezmeme.fr\/wp-content\/uploads\/2022\/05\/LAUNAY_V_002-372x600.jpg 372w, https:\/\/yavaitcachezmeme.fr\/wp-content\/uploads\/2022\/05\/LAUNAY_V_002-635x1024.jpg 635w, https:\/\/yavaitcachezmeme.fr\/wp-content\/uploads\/2022\/05\/LAUNAY_V_002-952x1536.jpg 952w, https:\/\/yavaitcachezmeme.fr\/wp-content\/uploads\/2022\/05\/LAUNAY_V_002.jpg 1012w\" sizes=\"auto, (max-width: 496px) 100vw, 496px\" \/><\/p>\n<p style=\"text-align: center;\">Vue sur la Risle<\/p>\n<p style=\"text-align: center;\"><span style=\"color: #ff6600;\"><strong>~o~<\/strong><\/span><\/p>\n<p style=\"text-align: justify;\">Les communes de l&rsquo;ancien canton de <span style=\"color: #ff6600;\"><strong>Beaumont-le-Roger<\/strong>,<\/span> auxquelles j&rsquo;ai rajout\u00e9 <strong>La Ferri\u00e8re-sur-Risle<\/strong> de l&rsquo;ancien canton de <strong>Conches-en-Ouche<\/strong> \u00e0 visiter en cliquant sur les liens suivants :<\/p>\n<p style=\"text-align: justify;\"><strong><a href=\"https:\/\/yavaitcachezmeme.fr\/index.php\/autour-de-beaumont\/barc\/\">Barc<\/a> &#8211; <a href=\"https:\/\/yavaitcachezmeme.fr\/index.php\/autour-de-beaumont\/barquet\/\">Barquet<\/a> &#8211;\u00a0<a href=\"https:\/\/yavaitcachezmeme.fr\/index.php\/autour-de-beaumont\/beaumontel\/\">Beaumontel<\/a>\u00a0 &#8211; <a href=\"https:\/\/yavaitcachezmeme.fr\/index.php\/autour-de-beaumont\/beaumont-le-roger\/\">Beaumont-le-Roger<\/a> &#8211; <a href=\"https:\/\/yavaitcachezmeme.fr\/index.php\/autour-de-beaumont\/bray\/\">Bray<\/a> &#8211; <a href=\"https:\/\/yavaitcachezmeme.fr\/index.php\/autour-de-beaumont\/combon\/\">Combon<\/a> &#8211; <a href=\"https:\/\/yavaitcachezmeme.fr\/index.php\/autour-de-beaumont\/ecardenville-la-campagne\/\">Ecardenville-la-Campagne<\/a> &#8211; <a href=\"https:\/\/yavaitcachezmeme.fr\/index.php\/autour-de-beaumont\/la-ferriere-sur-risle\/\">La Ferri\u00e8re-sur-Risle<\/a> &#8211; <a href=\"https:\/\/yavaitcachezmeme.fr\/index.php\/autour-de-beaumont\/fontaine-la-soret\/\">Fontaine-la-Soret<\/a> &#8211; <a href=\"https:\/\/yavaitcachezmeme.fr\/index.php\/autour-de-beaumont\/goupillieres\/\">Goupilli\u00e8res<\/a> &#8211; <a href=\"https:\/\/yavaitcachezmeme.fr\/index.php\/autour-de-beaumont\/grosley-sur-risle\/\">Grosley-sur-Risle<\/a> &#8211; <a href=\"https:\/\/yavaitcachezmeme.fr\/index.php\/autour-de-beaumont\/la-houssaye\/\">La Houssaye<\/a> &#8211;\u00a0 <a href=\"https:\/\/yavaitcachezmeme.fr\/index.php\/autour-de-beaumont\/launay\/\">Launay<\/a> &#8211; <a href=\"https:\/\/yavaitcachezmeme.fr\/index.php\/autour-de-beaumont\/nassandres\/\">Nassandres<\/a> &#8211; <a href=\"https:\/\/yavaitcachezmeme.fr\/index.php\/autour-de-beaumont\/le-plessis-sainte-opportune\/\">Le Plessis-Ste-Opportune<\/a> &#8211; <a href=\"https:\/\/yavaitcachezmeme.fr\/index.php\/autour-de-beaumont\/romilly-la-puthenaye\/\">Romilly-la-Puthenaye<\/a> &#8211; <a href=\"https:\/\/yavaitcachezmeme.fr\/index.php\/autour-de-beaumont\/rouge-perriers\/\">Rouge-Perriers<\/a> &#8211; <a href=\"https:\/\/yavaitcachezmeme.fr\/index.php\/autour-de-beaumont\/st-opportune-du-bosc\/\">Ste-Opportune-du-Bosc<\/a> &#8211; <a href=\"https:\/\/yavaitcachezmeme.fr\/index.php\/autour-de-beaumont\/thibouville\/\">Thibouville<\/a> &#8211; <a href=\"https:\/\/yavaitcachezmeme.fr\/index.php\/autour-de-beaumont\/tilleul-dame-agnes\/\">Tilleul-Dame-Agn\u00e8s<\/a> &#8211; <a href=\"https:\/\/yavaitcachezmeme.fr\/index.php\/autour-de-beaumont\/le-tilleul-othon\/\">Le Tilleul-Othon<\/a><\/strong><\/p>\n<p style=\"text-align: justify;\"><img loading=\"lazy\" decoding=\"async\" class=\"aligncenter wp-image-6266\" src=\"https:\/\/yavaitcachezmeme.fr\/wp-content\/uploads\/2021\/12\/Autour-de-Beaumont-600x400.jpg\" alt=\"\" width=\"800\" height=\"533\" srcset=\"https:\/\/yavaitcachezmeme.fr\/wp-content\/uploads\/2021\/12\/Autour-de-Beaumont-600x400.jpg 600w, https:\/\/yavaitcachezmeme.fr\/wp-content\/uploads\/2021\/12\/Autour-de-Beaumont-1024x683.jpg 1024w, https:\/\/yavaitcachezmeme.fr\/wp-content\/uploads\/2021\/12\/Autour-de-Beaumont-1536x1024.jpg 1536w, https:\/\/yavaitcachezmeme.fr\/wp-content\/uploads\/2021\/12\/Autour-de-Beaumont-2048x1365.jpg 2048w\" sizes=\"auto, (max-width: 800px) 100vw, 800px\" \/><\/p>\n<\/div>\n","protected":false},"excerpt":{"rendered":"<p>Situ\u00e9e au Nord-Ouest de Beaumont-le-Roger, Launay recense 197 habitants en 2018 contre 322 en 1911. ~o~ Entr\u00e9e du village L&rsquo;\u00e9glise L&rsquo;int\u00e9rieur de l&rsquo;\u00e9glise&#8230;<\/p>\n","protected":false},"author":1,"featured_media":0,"parent":5854,"menu_order":364,"comment_status":"closed","ping_status":"closed","template":"","meta":{"footnotes":""},"class_list":["post-5899","page","type-page","status-publish","hentry"],"_links":{"self":[{"href":"https:\/\/yavaitcachezmeme.fr\/index.php\/wp-json\/wp\/v2\/pages\/5899","targetHints":{"allow":["GET"]}}],"collection":[{"href":"https:\/\/yavaitcachezmeme.fr\/index.php\/wp-json\/wp\/v2\/pages"}],"about":[{"href":"https:\/\/yavaitcachezmeme.fr\/index.php\/wp-json\/wp\/v2\/types\/page"}],"author":[{"embeddable":true,"href":"https:\/\/yavaitcachezmeme.fr\/index.php\/wp-json\/wp\/v2\/users\/1"}],"replies":[{"embeddable":true,"href":"https:\/\/yavaitcachezmeme.fr\/index.php\/wp-json\/wp\/v2\/comments?post=5899"}],"version-history":[{"count":21,"href":"https:\/\/yavaitcachezmeme.fr\/index.php\/wp-json\/wp\/v2\/pages\/5899\/revisions"}],"predecessor-version":[{"id":12771,"href":"https:\/\/yavaitcachezmeme.fr\/index.php\/wp-json\/wp\/v2\/pages\/5899\/revisions\/12771"}],"up":[{"embeddable":true,"href":"https:\/\/yavaitcachezmeme.fr\/index.php\/wp-json\/wp\/v2\/pages\/5854"}],"wp:attachment":[{"href":"https:\/\/yavaitcachezmeme.fr\/index.php\/wp-json\/wp\/v2\/media?parent=5899"}],"curies":[{"name":"wp","href":"https:\/\/api.w.org\/{rel}","templated":true}]}}