{"id":6192,"date":"2021-12-08T19:33:00","date_gmt":"2021-12-08T18:33:00","guid":{"rendered":"https:\/\/yavaitcachezmeme.fr\/?page_id=6192"},"modified":"2024-06-29T05:07:06","modified_gmt":"2024-06-29T04:07:06","slug":"calleville","status":"publish","type":"page","link":"https:\/\/yavaitcachezmeme.fr\/index.php\/autour-de-brionne\/calleville\/","title":{"rendered":"Calleville"},"content":{"rendered":"<div style=\"font-size: 120%; font-family: georgia;\">\n<p style=\"text-align: justify;\">Situ\u00e9e \u00e0 l&rsquo;Est de Brionne, <span style=\"color: #ff6600;\"><strong>Calleville<\/strong><\/span> recense 664 habitants en 2018 contre 275 en 1911.<\/p>\n<p style=\"text-align: center;\"><span style=\"color: #ff6600;\"><strong>~o~<\/strong><\/span><\/p>\n<p style=\"text-align: center;\"><img loading=\"lazy\" decoding=\"async\" class=\"aligncenter wp-image-6834\" src=\"https:\/\/yavaitcachezmeme.fr\/wp-content\/uploads\/2022\/01\/CALLEVILLE_H_005-600x376.jpg\" alt=\"\" width=\"820\" height=\"515\" srcset=\"https:\/\/yavaitcachezmeme.fr\/wp-content\/uploads\/2022\/01\/CALLEVILLE_H_005-600x376.jpg 600w, https:\/\/yavaitcachezmeme.fr\/wp-content\/uploads\/2022\/01\/CALLEVILLE_H_005-1024x643.jpg 1024w, https:\/\/yavaitcachezmeme.fr\/wp-content\/uploads\/2022\/01\/CALLEVILLE_H_005-1536x964.jpg 1536w, https:\/\/yavaitcachezmeme.fr\/wp-content\/uploads\/2022\/01\/CALLEVILLE_H_005-542x340.jpg 542w, https:\/\/yavaitcachezmeme.fr\/wp-content\/uploads\/2022\/01\/CALLEVILLE_H_005.jpg 1632w\" sizes=\"auto, (max-width: 820px) 100vw, 820px\" \/><\/p>\n<p style=\"text-align: center;\">L&rsquo;\u00e9glise et la place<\/p>\n<p><a href=\"https:\/\/www.google.com\/maps\/@49.1929481,0.7597961,3a,75y,29.29h,94.43t\/data=!3m6!1e1!3m4!1s5SoRGCyLJX_j6MXiyRH2Qw!2e0!7i13312!8i6656\" target=\"_blank\" rel=\"noopener\"><img loading=\"lazy\" decoding=\"async\" class=\"aligncenter wp-image-8272\" src=\"https:\/\/yavaitcachezmeme.fr\/wp-content\/uploads\/2022\/09\/unnamed.png\" alt=\"\" width=\"25\" height=\"25\" srcset=\"https:\/\/yavaitcachezmeme.fr\/wp-content\/uploads\/2022\/09\/unnamed.png 512w, https:\/\/yavaitcachezmeme.fr\/wp-content\/uploads\/2022\/09\/unnamed-150x150.png 150w\" sizes=\"auto, (max-width: 25px) 100vw, 25px\" \/><\/a><\/p>\n<p><img loading=\"lazy\" decoding=\"async\" class=\"aligncenter wp-image-6856\" src=\"https:\/\/yavaitcachezmeme.fr\/wp-content\/uploads\/2022\/01\/CALLEVILLE_H_006-600x378.jpg\" alt=\"\" width=\"820\" height=\"516\" srcset=\"https:\/\/yavaitcachezmeme.fr\/wp-content\/uploads\/2022\/01\/CALLEVILLE_H_006-600x378.jpg 600w, https:\/\/yavaitcachezmeme.fr\/wp-content\/uploads\/2022\/01\/CALLEVILLE_H_006-1024x645.jpg 1024w, https:\/\/yavaitcachezmeme.fr\/wp-content\/uploads\/2022\/01\/CALLEVILLE_H_006-1536x967.jpg 1536w, https:\/\/yavaitcachezmeme.fr\/wp-content\/uploads\/2022\/01\/CALLEVILLE_H_006-542x340.jpg 542w, https:\/\/yavaitcachezmeme.fr\/wp-content\/uploads\/2022\/01\/CALLEVILLE_H_006.jpg 1620w\" sizes=\"auto, (max-width: 820px) 100vw, 820px\" \/><\/p>\n<p style=\"text-align: center;\">L&rsquo;\u00e9glise<\/p>\n<p><img loading=\"lazy\" decoding=\"async\" class=\"aligncenter wp-image-11921\" src=\"https:\/\/yavaitcachezmeme.fr\/wp-content\/uploads\/2024\/04\/CALLEVILLE_H_008-600x380.jpg\" alt=\"\" width=\"820\" height=\"519\" srcset=\"https:\/\/yavaitcachezmeme.fr\/wp-content\/uploads\/2024\/04\/CALLEVILLE_H_008-600x380.jpg 600w, https:\/\/yavaitcachezmeme.fr\/wp-content\/uploads\/2024\/04\/CALLEVILLE_H_008-1024x648.jpg 1024w, https:\/\/yavaitcachezmeme.fr\/wp-content\/uploads\/2024\/04\/CALLEVILLE_H_008-1536x973.jpg 1536w, https:\/\/yavaitcachezmeme.fr\/wp-content\/uploads\/2024\/04\/CALLEVILLE_H_008.jpg 1636w\" sizes=\"auto, (max-width: 820px) 100vw, 820px\" \/><\/p>\n<p style=\"text-align: center;\">Vue sur l&rsquo;\u00e9cole &#8211; Rue Jules Quatrenoix<\/p>\n<p><a href=\"https:\/\/www.google.com\/maps\/@49.1923492,0.7583337,3a,90y,213.49h,89.1t\/data=!3m6!1e1!3m4!1sB-YzJ2pFBOkdl2zwEzYEsQ!2e0!7i13312!8i6656?hl=fr&amp;entry=ttu\" target=\"_blank\" rel=\"noopener\"><img loading=\"lazy\" decoding=\"async\" class=\"aligncenter wp-image-8272\" src=\"https:\/\/yavaitcachezmeme.fr\/wp-content\/uploads\/2022\/09\/unnamed.png\" alt=\"\" width=\"25\" height=\"25\" srcset=\"https:\/\/yavaitcachezmeme.fr\/wp-content\/uploads\/2022\/09\/unnamed.png 512w, https:\/\/yavaitcachezmeme.fr\/wp-content\/uploads\/2022\/09\/unnamed-150x150.png 150w\" sizes=\"auto, (max-width: 25px) 100vw, 25px\" \/><\/a><\/p>\n<p><img loading=\"lazy\" decoding=\"async\" class=\"aligncenter wp-image-6188\" src=\"https:\/\/yavaitcachezmeme.fr\/wp-content\/uploads\/2021\/12\/CALLEVILLE_V_002-403x600.jpg\" alt=\"\" width=\"504\" height=\"750\" srcset=\"https:\/\/yavaitcachezmeme.fr\/wp-content\/uploads\/2021\/12\/CALLEVILLE_V_002-403x600.jpg 403w, https:\/\/yavaitcachezmeme.fr\/wp-content\/uploads\/2021\/12\/CALLEVILLE_V_002-688x1024.jpg 688w, https:\/\/yavaitcachezmeme.fr\/wp-content\/uploads\/2021\/12\/CALLEVILLE_V_002-1032x1536.jpg 1032w, https:\/\/yavaitcachezmeme.fr\/wp-content\/uploads\/2021\/12\/CALLEVILLE_V_002.jpg 1080w\" sizes=\"auto, (max-width: 504px) 100vw, 504px\" \/><\/p>\n<p style=\"text-align: center;\">Le Monument aux Morts<\/p>\n<p><img loading=\"lazy\" decoding=\"async\" class=\"aligncenter wp-image-6184\" src=\"https:\/\/yavaitcachezmeme.fr\/wp-content\/uploads\/2021\/12\/CALLEVILLE_H_002-600x374.jpg\" alt=\"\" width=\"820\" height=\"511\" srcset=\"https:\/\/yavaitcachezmeme.fr\/wp-content\/uploads\/2021\/12\/CALLEVILLE_H_002-600x374.jpg 600w, https:\/\/yavaitcachezmeme.fr\/wp-content\/uploads\/2021\/12\/CALLEVILLE_H_002-1024x638.jpg 1024w, https:\/\/yavaitcachezmeme.fr\/wp-content\/uploads\/2021\/12\/CALLEVILLE_H_002-1536x958.jpg 1536w, https:\/\/yavaitcachezmeme.fr\/wp-content\/uploads\/2021\/12\/CALLEVILLE_H_002.jpg 1604w\" sizes=\"auto, (max-width: 820px) 100vw, 820px\" \/><\/p>\n<p style=\"text-align: center;\">Un rassemblement devant le caf\u00e9 Alliene &#8211; Rue Jules Quatrenoix (32)<\/p>\n<p><a href=\"https:\/\/www.google.com\/maps\/@49.1920953,0.7577168,3a,90y,80.66h,92.06t\/data=!3m6!1e1!3m4!1srKUy71WC1XTqQRp0V9QG2A!2e0!7i13312!8i6656\" target=\"_blank\" rel=\"noopener\"><img loading=\"lazy\" decoding=\"async\" class=\"aligncenter wp-image-8272\" src=\"https:\/\/yavaitcachezmeme.fr\/wp-content\/uploads\/2022\/09\/unnamed.png\" alt=\"\" width=\"25\" height=\"25\" srcset=\"https:\/\/yavaitcachezmeme.fr\/wp-content\/uploads\/2022\/09\/unnamed.png 512w, https:\/\/yavaitcachezmeme.fr\/wp-content\/uploads\/2022\/09\/unnamed-150x150.png 150w\" sizes=\"auto, (max-width: 25px) 100vw, 25px\" \/><\/a><\/p>\n<p><img loading=\"lazy\" decoding=\"async\" class=\"aligncenter wp-image-12041\" src=\"https:\/\/yavaitcachezmeme.fr\/wp-content\/uploads\/2024\/06\/CALLEVILLE_H_011-600x384.jpg\" alt=\"\" width=\"820\" height=\"525\" srcset=\"https:\/\/yavaitcachezmeme.fr\/wp-content\/uploads\/2024\/06\/CALLEVILLE_H_011-600x384.jpg 600w, https:\/\/yavaitcachezmeme.fr\/wp-content\/uploads\/2024\/06\/CALLEVILLE_H_011-1024x656.jpg 1024w, https:\/\/yavaitcachezmeme.fr\/wp-content\/uploads\/2024\/06\/CALLEVILLE_H_011-1536x984.jpg 1536w, https:\/\/yavaitcachezmeme.fr\/wp-content\/uploads\/2024\/06\/CALLEVILLE_H_011.jpg 1632w\" sizes=\"auto, (max-width: 820px) 100vw, 820px\" \/><\/p>\n<p style=\"text-align: center;\">Une belle auto gar\u00e9e devant le caf\u00e9 &#8211; Rue Jules Quatrenoix (32)<\/p>\n<p><img loading=\"lazy\" decoding=\"async\" class=\"aligncenter wp-image-6189\" src=\"https:\/\/yavaitcachezmeme.fr\/wp-content\/uploads\/2021\/12\/CALLEVILLE_V_003-384x600.jpg\" alt=\"\" width=\"480\" height=\"750\" srcset=\"https:\/\/yavaitcachezmeme.fr\/wp-content\/uploads\/2021\/12\/CALLEVILLE_V_003-384x600.jpg 384w, https:\/\/yavaitcachezmeme.fr\/wp-content\/uploads\/2021\/12\/CALLEVILLE_V_003-655x1024.jpg 655w, https:\/\/yavaitcachezmeme.fr\/wp-content\/uploads\/2021\/12\/CALLEVILLE_V_003-982x1536.jpg 982w, https:\/\/yavaitcachezmeme.fr\/wp-content\/uploads\/2021\/12\/CALLEVILLE_V_003.jpg 1036w\" sizes=\"auto, (max-width: 480px) 100vw, 480px\" \/><\/p>\n<p style=\"text-align: center;\">Mairie et \u00c9coles<\/p>\n<p><img loading=\"lazy\" decoding=\"async\" class=\"aligncenter wp-image-8284\" src=\"https:\/\/yavaitcachezmeme.fr\/wp-content\/uploads\/2022\/09\/CALLEVILLE_H_007-600x380.jpg\" alt=\"\" width=\"820\" height=\"520\" srcset=\"https:\/\/yavaitcachezmeme.fr\/wp-content\/uploads\/2022\/09\/CALLEVILLE_H_007-600x380.jpg 600w, https:\/\/yavaitcachezmeme.fr\/wp-content\/uploads\/2022\/09\/CALLEVILLE_H_007-1024x649.jpg 1024w, https:\/\/yavaitcachezmeme.fr\/wp-content\/uploads\/2022\/09\/CALLEVILLE_H_007-1536x974.jpg 1536w, https:\/\/yavaitcachezmeme.fr\/wp-content\/uploads\/2022\/09\/CALLEVILLE_H_007.jpg 1640w\" sizes=\"auto, (max-width: 820px) 100vw, 820px\" \/><\/p>\n<p style=\"text-align: center;\">La gare de Calleville dans le quartier du Buhot<\/p>\n<p><img loading=\"lazy\" decoding=\"async\" class=\"aligncenter wp-image-11944\" src=\"https:\/\/yavaitcachezmeme.fr\/wp-content\/uploads\/2024\/04\/CALLEVILLE_H_009-600x380.jpg\" alt=\"\" width=\"820\" height=\"519\" srcset=\"https:\/\/yavaitcachezmeme.fr\/wp-content\/uploads\/2024\/04\/CALLEVILLE_H_009-600x380.jpg 600w, https:\/\/yavaitcachezmeme.fr\/wp-content\/uploads\/2024\/04\/CALLEVILLE_H_009-1024x648.jpg 1024w, https:\/\/yavaitcachezmeme.fr\/wp-content\/uploads\/2024\/04\/CALLEVILLE_H_009-1536x972.jpg 1536w, https:\/\/yavaitcachezmeme.fr\/wp-content\/uploads\/2024\/04\/CALLEVILLE_H_009.jpg 1644w\" sizes=\"auto, (max-width: 820px) 100vw, 820px\" \/><\/p>\n<p style=\"text-align: center;\">Le chef de gare attend l&rsquo;express<\/p>\n<p><img loading=\"lazy\" decoding=\"async\" class=\"aligncenter wp-image-11968\" src=\"https:\/\/yavaitcachezmeme.fr\/wp-content\/uploads\/2024\/05\/CALLEVILLE_H_010-600x390.jpg\" alt=\"\" width=\"820\" height=\"533\" srcset=\"https:\/\/yavaitcachezmeme.fr\/wp-content\/uploads\/2024\/05\/CALLEVILLE_H_010-600x390.jpg 600w, https:\/\/yavaitcachezmeme.fr\/wp-content\/uploads\/2024\/05\/CALLEVILLE_H_010-1024x665.jpg 1024w, https:\/\/yavaitcachezmeme.fr\/wp-content\/uploads\/2024\/05\/CALLEVILLE_H_010-1536x998.jpg 1536w, https:\/\/yavaitcachezmeme.fr\/wp-content\/uploads\/2024\/05\/CALLEVILLE_H_010.jpg 1644w\" sizes=\"auto, (max-width: 820px) 100vw, 820px\" \/><\/p>\n<p style=\"text-align: center;\">L&rsquo;express en gare<\/p>\n<p><img loading=\"lazy\" decoding=\"async\" class=\"aligncenter wp-image-6187\" src=\"https:\/\/yavaitcachezmeme.fr\/wp-content\/uploads\/2021\/12\/CALLEVILLE_V_001-380x600.jpg\" alt=\"\" width=\"475\" height=\"750\" srcset=\"https:\/\/yavaitcachezmeme.fr\/wp-content\/uploads\/2021\/12\/CALLEVILLE_V_001-380x600.jpg 380w, https:\/\/yavaitcachezmeme.fr\/wp-content\/uploads\/2021\/12\/CALLEVILLE_V_001-649x1024.jpg 649w, https:\/\/yavaitcachezmeme.fr\/wp-content\/uploads\/2021\/12\/CALLEVILLE_V_001-973x1536.jpg 973w, https:\/\/yavaitcachezmeme.fr\/wp-content\/uploads\/2021\/12\/CALLEVILLE_V_001.jpg 1038w\" sizes=\"auto, (max-width: 475px) 100vw, 475px\" \/><\/p>\n<p style=\"text-align: center;\">Le caf\u00e9 de la gare<\/p>\n<p><a href=\"https:\/\/www.google.com\/maps\/@49.2021402,0.7780746,3a,90y,139.42h,89.57t\/data=!3m6!1e1!3m4!1sxvRd7e3wgNGspQOFZEZNSw!2e0!7i13312!8i6656\" target=\"_blank\" rel=\"noopener\"><img loading=\"lazy\" decoding=\"async\" class=\"aligncenter wp-image-8272\" src=\"https:\/\/yavaitcachezmeme.fr\/wp-content\/uploads\/2022\/09\/unnamed.png\" alt=\"\" width=\"25\" height=\"25\" srcset=\"https:\/\/yavaitcachezmeme.fr\/wp-content\/uploads\/2022\/09\/unnamed.png 512w, https:\/\/yavaitcachezmeme.fr\/wp-content\/uploads\/2022\/09\/unnamed-150x150.png 150w\" sizes=\"auto, (max-width: 25px) 100vw, 25px\" \/><\/a><\/p>\n<p><img loading=\"lazy\" decoding=\"async\" class=\"aligncenter wp-image-6185\" src=\"https:\/\/yavaitcachezmeme.fr\/wp-content\/uploads\/2021\/12\/CALLEVILLE_H_003-600x380.jpg\" alt=\"\" width=\"820\" height=\"520\" srcset=\"https:\/\/yavaitcachezmeme.fr\/wp-content\/uploads\/2021\/12\/CALLEVILLE_H_003-600x380.jpg 600w, https:\/\/yavaitcachezmeme.fr\/wp-content\/uploads\/2021\/12\/CALLEVILLE_H_003-1024x649.jpg 1024w, https:\/\/yavaitcachezmeme.fr\/wp-content\/uploads\/2021\/12\/CALLEVILLE_H_003-1536x974.jpg 1536w, https:\/\/yavaitcachezmeme.fr\/wp-content\/uploads\/2021\/12\/CALLEVILLE_H_003.jpg 1647w\" sizes=\"auto, (max-width: 820px) 100vw, 820px\" \/><\/p>\n<p style=\"text-align: center;\">La ferme des Glycines<img class=\"aligncenter wp-image-6185\" \/><\/p>\n<p><img loading=\"lazy\" decoding=\"async\" class=\"aligncenter wp-image-6183\" src=\"https:\/\/yavaitcachezmeme.fr\/wp-content\/uploads\/2021\/12\/CALLEVILLE_H_001-600x369.jpg\" alt=\"\" width=\"820\" height=\"504\" srcset=\"https:\/\/yavaitcachezmeme.fr\/wp-content\/uploads\/2021\/12\/CALLEVILLE_H_001-600x369.jpg 600w, https:\/\/yavaitcachezmeme.fr\/wp-content\/uploads\/2021\/12\/CALLEVILLE_H_001-1024x629.jpg 1024w, https:\/\/yavaitcachezmeme.fr\/wp-content\/uploads\/2021\/12\/CALLEVILLE_H_001-1536x944.jpg 1536w, https:\/\/yavaitcachezmeme.fr\/wp-content\/uploads\/2021\/12\/CALLEVILLE_H_001.jpg 1652w\" sizes=\"auto, (max-width: 820px) 100vw, 820px\" \/><\/p>\n<p style=\"text-align: center;\">Une propri\u00e9t\u00e9 particuli\u00e8re dans le village- Rue Jules Quatrenoix<img class=\"aligncenter wp-image-6185\" \/><\/p>\n<p><img loading=\"lazy\" decoding=\"async\" class=\"aligncenter wp-image-6186\" src=\"https:\/\/yavaitcachezmeme.fr\/wp-content\/uploads\/2021\/12\/CALLEVILLE_H_004-600x393.jpg\" alt=\"\" width=\"820\" height=\"537\" srcset=\"https:\/\/yavaitcachezmeme.fr\/wp-content\/uploads\/2021\/12\/CALLEVILLE_H_004-600x393.jpg 600w, https:\/\/yavaitcachezmeme.fr\/wp-content\/uploads\/2021\/12\/CALLEVILLE_H_004-1024x671.jpg 1024w, https:\/\/yavaitcachezmeme.fr\/wp-content\/uploads\/2021\/12\/CALLEVILLE_H_004-1536x1006.jpg 1536w, https:\/\/yavaitcachezmeme.fr\/wp-content\/uploads\/2021\/12\/CALLEVILLE_H_004.jpg 1624w\" sizes=\"auto, (max-width: 820px) 100vw, 820px\" \/><\/p>\n<p style=\"text-align: center;\">Les Ch\u00e2ritons de Calleville &#8211; Place Fr\u00e9mont des Essarts<\/p>\n<p style=\"text-align: center;\"><span style=\"color: #ff6600;\"><strong>~o~<\/strong><\/span><\/p>\n<p style=\"text-align: justify;\">Les communes de l&rsquo;ancien canton de <span style=\"color: #ff6600;\"><strong>Brionne<\/strong><\/span>, auxquelles j&rsquo;ai rajout\u00e9 <strong>Authou<\/strong> et <strong>Pont-Authou<\/strong> de l&rsquo;ancien canton de <strong>Montfort-sur-Risle<\/strong> \u00e0 visiter en cliquant sur les liens suivants :<\/p>\n<p style=\"text-align: justify;\"><strong><a href=\"https:\/\/yavaitcachezmeme.fr\/index.php\/autour-de-brionne\/aclou\/\">Aclou<\/a> &#8211; <a href=\"https:\/\/yavaitcachezmeme.fr\/index.php\/autour-de-brionne\/authou\/\">Authou<\/a> &#8211; <a href=\"https:\/\/yavaitcachezmeme.fr\/index.php\/autour-de-brionne\/le-bec-hellouin\/\">Le Bec-Hellouin<\/a> &#8211; <a href=\"https:\/\/yavaitcachezmeme.fr\/index.php\/autour-de-brionne\/berthouville\/\">Berthouville<\/a> &#8211; <a href=\"https:\/\/yavaitcachezmeme.fr\/index.php\/autour-de-brionne\/boisney\/\">Boisney<\/a> &#8211; <a href=\"https:\/\/yavaitcachezmeme.fr\/index.php\/autour-de-brionne\/bosrobert\/\">Bosrobert<\/a> &#8211; <a href=\"https:\/\/yavaitcachezmeme.fr\/index.php\/autour-de-brionne\/bretigny\/\">Br\u00e9tigny<\/a> &#8211; <a href=\"https:\/\/yavaitcachezmeme.fr\/index.php\/autour-de-brionne\/brionne\/\">Brionne<\/a> &#8211; <a href=\"https:\/\/yavaitcachezmeme.fr\/index.php\/autour-de-brionne\/calleville\/\">Calleville<\/a> &#8211; <a href=\"https:\/\/yavaitcachezmeme.fr\/index.php\/autour-de-brionne\/franqueville\/\">Franqueville<\/a> &#8211; <a href=\"https:\/\/yavaitcachezmeme.fr\/index.php\/autour-de-brionne\/harcourt\/\">Harcourt<\/a> &#8211; <a href=\"https:\/\/yavaitcachezmeme.fr\/index.php\/autour-de-brionne\/la-haye-de-calleville\/\">La Haye-de-Calleville<\/a> &#8211; <a href=\"https:\/\/yavaitcachezmeme.fr\/index.php\/autour-de-brionne\/hecmanville\/\">Hecmanville<\/a> &#8211; <a href=\"https:\/\/yavaitcachezmeme.fr\/index.php\/autour-de-brionne\/livet-sur-authou\/\">Livet-sur-Authou<\/a> &#8211; <a href=\"https:\/\/yavaitcachezmeme.fr\/index.php\/autour-de-brionne\/malleville-sur-le-bec\/\">Malleville-sur-le-Bec<\/a> &#8211; <a href=\"https:\/\/yavaitcachezmeme.fr\/index.php\/autour-de-brionne\/morsan\/\">Morsan<\/a> &#8211; <a href=\"https:\/\/yavaitcachezmeme.fr\/index.php\/autour-de-brionne\/la-neuville-du-bosc\/\">La Neuville-du-Bosc<\/a> &#8211; <a href=\"https:\/\/yavaitcachezmeme.fr\/index.php\/autour-de-brionne\/neuville-sur-authou\/\">Neuville-sur-Authou<\/a> &#8211; <a href=\"https:\/\/yavaitcachezmeme.fr\/index.php\/autour-de-brionne\/notre-dame-depine\/\">Notre-Dame-d&rsquo;\u00c9pine<\/a> &#8211; <a href=\"https:\/\/yavaitcachezmeme.fr\/index.php\/autour-de-brionne\/pont-authou\/\">Pont-Authou<\/a> &#8211; <a href=\"https:\/\/yavaitcachezmeme.fr\/index.php\/autour-de-brionne\/st-cyr-de-salerne\/\">St-Cyr-de-Salerne<\/a> &#8211; <a href=\"https:\/\/yavaitcachezmeme.fr\/index.php\/autour-de-brionne\/st-eloi-de-fourques\/\">St-Eloi-de-Fourques<\/a> &#8211; <a href=\"https:\/\/yavaitcachezmeme.fr\/index.php\/autour-de-brionne\/st-paul-de-fourques\/\">St-Paul-de-Fourques<\/a> &#8211; <a href=\"https:\/\/yavaitcachezmeme.fr\/index.php\/autour-de-brionne\/st-pierre-de-salerne\/\">St-Pierre-de-Salerne<\/a> &#8211; <a href=\"https:\/\/yavaitcachezmeme.fr\/index.php\/autour-de-brionne\/st-victor-depine\/\">St-Victor-d&rsquo;\u00c9pine<\/a><\/strong><\/p>\n<p><img loading=\"lazy\" decoding=\"async\" class=\"aligncenter wp-image-6267\" src=\"https:\/\/yavaitcachezmeme.fr\/wp-content\/uploads\/2021\/12\/Autour-de-Brionne-600x400.jpg\" alt=\"\" width=\"800\" height=\"533\" srcset=\"https:\/\/yavaitcachezmeme.fr\/wp-content\/uploads\/2021\/12\/Autour-de-Brionne-600x400.jpg 600w, https:\/\/yavaitcachezmeme.fr\/wp-content\/uploads\/2021\/12\/Autour-de-Brionne-1024x683.jpg 1024w, https:\/\/yavaitcachezmeme.fr\/wp-content\/uploads\/2021\/12\/Autour-de-Brionne-1536x1024.jpg 1536w, https:\/\/yavaitcachezmeme.fr\/wp-content\/uploads\/2021\/12\/Autour-de-Brionne-2048x1365.jpg 2048w\" sizes=\"auto, (max-width: 800px) 100vw, 800px\" \/><\/p>\n<\/div>\n","protected":false},"excerpt":{"rendered":"<p>Situ\u00e9e \u00e0 l&rsquo;Est de Brionne, Calleville recense 664 habitants en 2018 contre 275 en 1911. ~o~ L&rsquo;\u00e9glise et la place L&rsquo;\u00e9glise Vue sur&#8230;<\/p>\n","protected":false},"author":1,"featured_media":0,"parent":6087,"menu_order":125,"comment_status":"closed","ping_status":"closed","template":"","meta":{"footnotes":""},"class_list":["post-6192","page","type-page","status-publish","hentry"],"_links":{"self":[{"href":"https:\/\/yavaitcachezmeme.fr\/index.php\/wp-json\/wp\/v2\/pages\/6192","targetHints":{"allow":["GET"]}}],"collection":[{"href":"https:\/\/yavaitcachezmeme.fr\/index.php\/wp-json\/wp\/v2\/pages"}],"about":[{"href":"https:\/\/yavaitcachezmeme.fr\/index.php\/wp-json\/wp\/v2\/types\/page"}],"author":[{"embeddable":true,"href":"https:\/\/yavaitcachezmeme.fr\/index.php\/wp-json\/wp\/v2\/users\/1"}],"replies":[{"embeddable":true,"href":"https:\/\/yavaitcachezmeme.fr\/index.php\/wp-json\/wp\/v2\/comments?post=6192"}],"version-history":[{"count":26,"href":"https:\/\/yavaitcachezmeme.fr\/index.php\/wp-json\/wp\/v2\/pages\/6192\/revisions"}],"predecessor-version":[{"id":12093,"href":"https:\/\/yavaitcachezmeme.fr\/index.php\/wp-json\/wp\/v2\/pages\/6192\/revisions\/12093"}],"up":[{"embeddable":true,"href":"https:\/\/yavaitcachezmeme.fr\/index.php\/wp-json\/wp\/v2\/pages\/6087"}],"wp:attachment":[{"href":"https:\/\/yavaitcachezmeme.fr\/index.php\/wp-json\/wp\/v2\/media?parent=6192"}],"curies":[{"name":"wp","href":"https:\/\/api.w.org\/{rel}","templated":true}]}}