{"id":6222,"date":"2021-12-09T04:51:37","date_gmt":"2021-12-09T03:51:37","guid":{"rendered":"https:\/\/yavaitcachezmeme.fr\/?page_id=6222"},"modified":"2023-12-31T08:25:44","modified_gmt":"2023-12-31T07:25:44","slug":"st-victor-depine","status":"publish","type":"page","link":"https:\/\/yavaitcachezmeme.fr\/index.php\/autour-de-brionne\/st-victor-depine\/","title":{"rendered":"St-Victor-d&rsquo;\u00c9pine"},"content":{"rendered":"<div style=\"font-size: 120%; font-family: georgia;\">\n<p style=\"text-align: justify;\">Situ\u00e9e au Nord-Ouest de Brionne, <span style=\"color: #ff6600;\"><strong>Saint-Victor-d&rsquo;Epine<\/strong><\/span> recense 327 habitants en 2018 contre 424 en 1911.<\/p>\n<p style=\"text-align: center;\"><span style=\"color: #ff6600;\"><strong>~o~<\/strong><\/span><\/p>\n<p><img loading=\"lazy\" decoding=\"async\" class=\"aligncenter wp-image-6219\" src=\"https:\/\/yavaitcachezmeme.fr\/wp-content\/uploads\/2021\/12\/ST-VICTOR-DEPINE_H_007-600x384.jpg\" alt=\"\" width=\"820\" height=\"525\" srcset=\"https:\/\/yavaitcachezmeme.fr\/wp-content\/uploads\/2021\/12\/ST-VICTOR-DEPINE_H_007-600x384.jpg 600w, https:\/\/yavaitcachezmeme.fr\/wp-content\/uploads\/2021\/12\/ST-VICTOR-DEPINE_H_007-1024x656.jpg 1024w, https:\/\/yavaitcachezmeme.fr\/wp-content\/uploads\/2021\/12\/ST-VICTOR-DEPINE_H_007-1536x984.jpg 1536w, https:\/\/yavaitcachezmeme.fr\/wp-content\/uploads\/2021\/12\/ST-VICTOR-DEPINE_H_007.jpg 1624w\" sizes=\"auto, (max-width: 820px) 100vw, 820px\" \/><\/p>\n<p style=\"text-align: center;\">Rassemblement rue du Village (130)<\/p>\n<p><a href=\"https:\/\/www.google.com\/maps\/@49.2089438,0.6078661,3a,62.7y,316.3h,94.54t\/data=!3m6!1e1!3m4!1sfN4kqiIXsoGbTU6BscXmSQ!2e0!7i16384!8i8192\" target=\"_blank\" rel=\"noopener\"><img loading=\"lazy\" decoding=\"async\" class=\"aligncenter wp-image-8272\" src=\"https:\/\/yavaitcachezmeme.fr\/wp-content\/uploads\/2022\/09\/unnamed.png\" alt=\"\" width=\"25\" height=\"25\" srcset=\"https:\/\/yavaitcachezmeme.fr\/wp-content\/uploads\/2022\/09\/unnamed.png 512w, https:\/\/yavaitcachezmeme.fr\/wp-content\/uploads\/2022\/09\/unnamed-150x150.png 150w\" sizes=\"auto, (max-width: 25px) 100vw, 25px\" \/><\/a><\/p>\n<p><img loading=\"lazy\" decoding=\"async\" class=\"aligncenter wp-image-7770\" src=\"https:\/\/yavaitcachezmeme.fr\/wp-content\/uploads\/2022\/08\/ST-VICTOR-DEPINE_H_011-600x385.jpg\" alt=\"\" width=\"820\" height=\"526\" srcset=\"https:\/\/yavaitcachezmeme.fr\/wp-content\/uploads\/2022\/08\/ST-VICTOR-DEPINE_H_011-600x385.jpg 600w, https:\/\/yavaitcachezmeme.fr\/wp-content\/uploads\/2022\/08\/ST-VICTOR-DEPINE_H_011-1024x657.jpg 1024w, https:\/\/yavaitcachezmeme.fr\/wp-content\/uploads\/2022\/08\/ST-VICTOR-DEPINE_H_011-1536x985.jpg 1536w, https:\/\/yavaitcachezmeme.fr\/wp-content\/uploads\/2022\/08\/ST-VICTOR-DEPINE_H_011.jpg 1628w\" sizes=\"auto, (max-width: 820px) 100vw, 820px\" \/><\/p>\n<p style=\"text-align: center;\">\u00c9cole libre de filles -Rue du Village (110)<\/p>\n<p><a href=\"https:\/\/www.google.fr\/maps\/@49.2092508,0.6078028,3a,90y,306.12h,91.72t\/data=!3m6!1e1!3m4!1snZXfM8oVEjUBs08sJHOPIA!2e0!7i13312!8i6656\" target=\"_blank\" rel=\"noopener\"><img loading=\"lazy\" decoding=\"async\" class=\"aligncenter wp-image-8272\" src=\"https:\/\/yavaitcachezmeme.fr\/wp-content\/uploads\/2022\/09\/unnamed.png\" alt=\"\" width=\"25\" height=\"25\" srcset=\"https:\/\/yavaitcachezmeme.fr\/wp-content\/uploads\/2022\/09\/unnamed.png 512w, https:\/\/yavaitcachezmeme.fr\/wp-content\/uploads\/2022\/09\/unnamed-150x150.png 150w\" sizes=\"auto, (max-width: 25px) 100vw, 25px\" \/><\/a><br \/>\n<img loading=\"lazy\" decoding=\"async\" class=\"aligncenter wp-image-7247\" src=\"https:\/\/yavaitcachezmeme.fr\/wp-content\/uploads\/2022\/06\/ST-VICTOR-DEPINE_HM_001-600x424.jpg\" alt=\"\" width=\"820\" height=\"579\" srcset=\"https:\/\/yavaitcachezmeme.fr\/wp-content\/uploads\/2022\/06\/ST-VICTOR-DEPINE_HM_001-600x424.jpg 600w, https:\/\/yavaitcachezmeme.fr\/wp-content\/uploads\/2022\/06\/ST-VICTOR-DEPINE_HM_001-1024x723.jpg 1024w, https:\/\/yavaitcachezmeme.fr\/wp-content\/uploads\/2022\/06\/ST-VICTOR-DEPINE_HM_001-1536x1084.jpg 1536w, https:\/\/yavaitcachezmeme.fr\/wp-content\/uploads\/2022\/06\/ST-VICTOR-DEPINE_HM_001.jpg 1731w\" sizes=\"auto, (max-width: 820px) 100vw, 820px\" \/><\/p>\n<p style=\"text-align: center;\">L&rsquo;\u00e9cole &#8211; Rue du Village (110)<\/p>\n<p><img loading=\"lazy\" decoding=\"async\" class=\"aligncenter wp-image-6220\" src=\"https:\/\/yavaitcachezmeme.fr\/wp-content\/uploads\/2021\/12\/ST-VICTOR-DEPINE_V_001-382x600.jpg\" alt=\"\" width=\"475\" height=\"746\" srcset=\"https:\/\/yavaitcachezmeme.fr\/wp-content\/uploads\/2021\/12\/ST-VICTOR-DEPINE_V_001-382x600.jpg 382w, https:\/\/yavaitcachezmeme.fr\/wp-content\/uploads\/2021\/12\/ST-VICTOR-DEPINE_V_001-652x1024.jpg 652w, https:\/\/yavaitcachezmeme.fr\/wp-content\/uploads\/2021\/12\/ST-VICTOR-DEPINE_V_001-977x1536.jpg 977w, https:\/\/yavaitcachezmeme.fr\/wp-content\/uploads\/2021\/12\/ST-VICTOR-DEPINE_V_001.jpg 1036w\" sizes=\"auto, (max-width: 475px) 100vw, 475px\" \/><\/p>\n<p style=\"text-align: center;\">L&rsquo;\u00e9glise &#8211; Rue du Village<\/p>\n<p><a href=\"https:\/\/www.google.fr\/maps\/@49.2096859,0.6076754,3a,49.3y,305.41h,103.71t\/data=!3m6!1e1!3m4!1snUcFRK5OyvOVSD43Dsqs7A!2e0!7i13312!8i6656\" target=\"_blank\" rel=\"noopener\"><img loading=\"lazy\" decoding=\"async\" class=\"aligncenter wp-image-8272\" src=\"https:\/\/yavaitcachezmeme.fr\/wp-content\/uploads\/2022\/09\/unnamed.png\" alt=\"\" width=\"25\" height=\"25\" srcset=\"https:\/\/yavaitcachezmeme.fr\/wp-content\/uploads\/2022\/09\/unnamed.png 512w, https:\/\/yavaitcachezmeme.fr\/wp-content\/uploads\/2022\/09\/unnamed-150x150.png 150w\" sizes=\"auto, (max-width: 25px) 100vw, 25px\" \/><\/a><br \/>\n<img loading=\"lazy\" decoding=\"async\" class=\"aligncenter wp-image-6221\" src=\"https:\/\/yavaitcachezmeme.fr\/wp-content\/uploads\/2021\/12\/ST-VICTOR-DEPINE_V_002-375x600.jpg\" alt=\"\" width=\"475\" height=\"761\" srcset=\"https:\/\/yavaitcachezmeme.fr\/wp-content\/uploads\/2021\/12\/ST-VICTOR-DEPINE_V_002-375x600.jpg 375w, https:\/\/yavaitcachezmeme.fr\/wp-content\/uploads\/2021\/12\/ST-VICTOR-DEPINE_V_002-639x1024.jpg 639w, https:\/\/yavaitcachezmeme.fr\/wp-content\/uploads\/2021\/12\/ST-VICTOR-DEPINE_V_002-959x1536.jpg 959w, https:\/\/yavaitcachezmeme.fr\/wp-content\/uploads\/2021\/12\/ST-VICTOR-DEPINE_V_002.jpg 1024w\" sizes=\"auto, (max-width: 475px) 100vw, 475px\" \/><\/p>\n<p style=\"text-align: center;\">L&rsquo;\u00e9glise &#8211; Rue du Village<\/p>\n<p><img loading=\"lazy\" decoding=\"async\" class=\"aligncenter wp-image-8651\" src=\"https:\/\/yavaitcachezmeme.fr\/wp-content\/uploads\/2022\/11\/ST-VICTOR-DEPINE_VM_001-416x600.jpg\" alt=\"\" width=\"475\" height=\"684\" srcset=\"https:\/\/yavaitcachezmeme.fr\/wp-content\/uploads\/2022\/11\/ST-VICTOR-DEPINE_VM_001-416x600.jpg 416w, https:\/\/yavaitcachezmeme.fr\/wp-content\/uploads\/2022\/11\/ST-VICTOR-DEPINE_VM_001-711x1024.jpg 711w, https:\/\/yavaitcachezmeme.fr\/wp-content\/uploads\/2022\/11\/ST-VICTOR-DEPINE_VM_001-1066x1536.jpg 1066w, https:\/\/yavaitcachezmeme.fr\/wp-content\/uploads\/2022\/11\/ST-VICTOR-DEPINE_VM_001.jpg 1205w\" sizes=\"auto, (max-width: 475px) 100vw, 475px\" \/><\/p>\n<p style=\"text-align: center;\">L&rsquo;\u00e9glise &#8211; Rue du Village<\/p>\n<p><img loading=\"lazy\" decoding=\"async\" class=\"aligncenter wp-image-6218\" src=\"https:\/\/yavaitcachezmeme.fr\/wp-content\/uploads\/2021\/12\/ST-VICTOR-DEPINE_H_006-600x381.jpg\" alt=\"\" width=\"820\" height=\"521\" srcset=\"https:\/\/yavaitcachezmeme.fr\/wp-content\/uploads\/2021\/12\/ST-VICTOR-DEPINE_H_006-600x381.jpg 600w, https:\/\/yavaitcachezmeme.fr\/wp-content\/uploads\/2021\/12\/ST-VICTOR-DEPINE_H_006-1024x651.jpg 1024w, https:\/\/yavaitcachezmeme.fr\/wp-content\/uploads\/2021\/12\/ST-VICTOR-DEPINE_H_006-1536x977.jpg 1536w, https:\/\/yavaitcachezmeme.fr\/wp-content\/uploads\/2021\/12\/ST-VICTOR-DEPINE_H_006.jpg 1639w\" sizes=\"auto, (max-width: 820px) 100vw, 820px\" \/><\/p>\n<p style=\"text-align: center;\">Le coiffeur en action &#8211; Rue du Village (10)<\/p>\n<p><a href=\"https:\/\/www.google.fr\/maps\/@49.2100851,0.6076277,3a,90y,349.78h,93.66t\/data=!3m6!1e1!3m4!1s3JaXE5K-VQ8Vy15jCkkOug!2e0!7i13312!8i6656\" target=\"_blank\" rel=\"noopener\"><img loading=\"lazy\" decoding=\"async\" class=\"aligncenter wp-image-8272\" src=\"https:\/\/yavaitcachezmeme.fr\/wp-content\/uploads\/2022\/09\/unnamed.png\" alt=\"\" width=\"25\" height=\"25\" srcset=\"https:\/\/yavaitcachezmeme.fr\/wp-content\/uploads\/2022\/09\/unnamed.png 512w, https:\/\/yavaitcachezmeme.fr\/wp-content\/uploads\/2022\/09\/unnamed-150x150.png 150w\" sizes=\"auto, (max-width: 25px) 100vw, 25px\" \/><\/a><br \/>\n<img loading=\"lazy\" decoding=\"async\" class=\"aligncenter wp-image-6842\" src=\"https:\/\/yavaitcachezmeme.fr\/wp-content\/uploads\/2022\/01\/ST-VICTOR-DEPINE_H_009-600x377.jpg\" alt=\"\" width=\"820\" height=\"515\" srcset=\"https:\/\/yavaitcachezmeme.fr\/wp-content\/uploads\/2022\/01\/ST-VICTOR-DEPINE_H_009-600x377.jpg 600w, https:\/\/yavaitcachezmeme.fr\/wp-content\/uploads\/2022\/01\/ST-VICTOR-DEPINE_H_009-1024x643.jpg 1024w, https:\/\/yavaitcachezmeme.fr\/wp-content\/uploads\/2022\/01\/ST-VICTOR-DEPINE_H_009-1536x964.jpg 1536w, https:\/\/yavaitcachezmeme.fr\/wp-content\/uploads\/2022\/01\/ST-VICTOR-DEPINE_H_009-542x340.jpg 542w, https:\/\/yavaitcachezmeme.fr\/wp-content\/uploads\/2022\/01\/ST-VICTOR-DEPINE_H_009.jpg 1644w\" sizes=\"auto, (max-width: 820px) 100vw, 820px\" \/><\/p>\n<p style=\"text-align: center;\">L&rsquo;\u00e9cole &#8211; Rue du Mont Criquet (10)<\/p>\n<p><a href=\"https:\/\/www.google.fr\/maps\/@49.2102848,0.6075754,3a,90y,12.1h,90.08t\/data=!3m6!1e1!3m4!1sHgr3TG2ocx3YkJWrFjw81g!2e0!7i13312!8i6656\" target=\"_blank\" rel=\"noopener\"><img loading=\"lazy\" decoding=\"async\" class=\"aligncenter wp-image-8272\" src=\"https:\/\/yavaitcachezmeme.fr\/wp-content\/uploads\/2022\/09\/unnamed.png\" alt=\"\" width=\"25\" height=\"25\" srcset=\"https:\/\/yavaitcachezmeme.fr\/wp-content\/uploads\/2022\/09\/unnamed.png 512w, https:\/\/yavaitcachezmeme.fr\/wp-content\/uploads\/2022\/09\/unnamed-150x150.png 150w\" sizes=\"auto, (max-width: 25px) 100vw, 25px\" \/><\/a><br \/>\n<img loading=\"lazy\" decoding=\"async\" class=\"aligncenter wp-image-6610\" src=\"https:\/\/yavaitcachezmeme.fr\/wp-content\/uploads\/2021\/12\/ST-VICTOR-DEPINE_H_008-600x389.jpg\" alt=\"\" width=\"820\" height=\"532\" srcset=\"https:\/\/yavaitcachezmeme.fr\/wp-content\/uploads\/2021\/12\/ST-VICTOR-DEPINE_H_008-600x389.jpg 600w, https:\/\/yavaitcachezmeme.fr\/wp-content\/uploads\/2021\/12\/ST-VICTOR-DEPINE_H_008-1024x664.jpg 1024w, https:\/\/yavaitcachezmeme.fr\/wp-content\/uploads\/2021\/12\/ST-VICTOR-DEPINE_H_008-1536x996.jpg 1536w, https:\/\/yavaitcachezmeme.fr\/wp-content\/uploads\/2021\/12\/ST-VICTOR-DEPINE_H_008.jpg 1628w\" sizes=\"auto, (max-width: 820px) 100vw, 820px\" \/><\/p>\n<p style=\"text-align: center;\">La mairie et l&rsquo;\u00e9cole &#8211; Rue du Mont Criquet (10)<\/p>\n<p><img loading=\"lazy\" decoding=\"async\" class=\"aligncenter wp-image-6217\" src=\"https:\/\/yavaitcachezmeme.fr\/wp-content\/uploads\/2021\/12\/ST-VICTOR-DEPINE_H_005-600x387.jpg\" alt=\"\" width=\"820\" height=\"529\" srcset=\"https:\/\/yavaitcachezmeme.fr\/wp-content\/uploads\/2021\/12\/ST-VICTOR-DEPINE_H_005-600x387.jpg 600w, https:\/\/yavaitcachezmeme.fr\/wp-content\/uploads\/2021\/12\/ST-VICTOR-DEPINE_H_005-1024x660.jpg 1024w, https:\/\/yavaitcachezmeme.fr\/wp-content\/uploads\/2021\/12\/ST-VICTOR-DEPINE_H_005-1536x990.jpg 1536w, https:\/\/yavaitcachezmeme.fr\/wp-content\/uploads\/2021\/12\/ST-VICTOR-DEPINE_H_005.jpg 1588w\" sizes=\"auto, (max-width: 820px) 100vw, 820px\" \/><\/p>\n<p style=\"text-align: center;\">L&rsquo;\u00e9cole et la mairie &#8211; Rue du Mont Criquet (10)<\/p>\n<p><a href=\"https:\/\/www.google.fr\/maps\/@49.2105312,0.6072819,3a,49.4y,103.67h,95.4t\/data=!3m6!1e1!3m4!1sTogkmHq6BtCDr-e4ad3t8g!2e0!7i13312!8i6656\" target=\"_blank\" rel=\"noopener\"><img loading=\"lazy\" decoding=\"async\" class=\"aligncenter wp-image-8272\" src=\"https:\/\/yavaitcachezmeme.fr\/wp-content\/uploads\/2022\/09\/unnamed.png\" alt=\"\" width=\"25\" height=\"25\" srcset=\"https:\/\/yavaitcachezmeme.fr\/wp-content\/uploads\/2022\/09\/unnamed.png 512w, https:\/\/yavaitcachezmeme.fr\/wp-content\/uploads\/2022\/09\/unnamed-150x150.png 150w\" sizes=\"auto, (max-width: 25px) 100vw, 25px\" \/><\/a><br \/>\n<img loading=\"lazy\" decoding=\"async\" class=\"aligncenter wp-image-6216\" src=\"https:\/\/yavaitcachezmeme.fr\/wp-content\/uploads\/2021\/12\/ST-VICTOR-DEPINE_H_004-600x386.jpg\" alt=\"\" width=\"820\" height=\"528\" srcset=\"https:\/\/yavaitcachezmeme.fr\/wp-content\/uploads\/2021\/12\/ST-VICTOR-DEPINE_H_004-600x386.jpg 600w, https:\/\/yavaitcachezmeme.fr\/wp-content\/uploads\/2021\/12\/ST-VICTOR-DEPINE_H_004-1024x659.jpg 1024w, https:\/\/yavaitcachezmeme.fr\/wp-content\/uploads\/2021\/12\/ST-VICTOR-DEPINE_H_004-1536x989.jpg 1536w, https:\/\/yavaitcachezmeme.fr\/wp-content\/uploads\/2021\/12\/ST-VICTOR-DEPINE_H_004.jpg 1616w\" sizes=\"auto, (max-width: 820px) 100vw, 820px\" \/><\/p>\n<p style=\"text-align: center;\">La mairie et les \u00e9coles &#8211; Rue du Mont Criquet (10)<\/p>\n<p><img loading=\"lazy\" decoding=\"async\" class=\"aligncenter wp-image-9646\" src=\"https:\/\/yavaitcachezmeme.fr\/wp-content\/uploads\/2023\/02\/ST-VICTOR-DEPINE_HM_004-600x420.jpg\" alt=\"\" width=\"820\" height=\"574\" srcset=\"https:\/\/yavaitcachezmeme.fr\/wp-content\/uploads\/2023\/02\/ST-VICTOR-DEPINE_HM_004-600x420.jpg 600w, https:\/\/yavaitcachezmeme.fr\/wp-content\/uploads\/2023\/02\/ST-VICTOR-DEPINE_HM_004-1024x716.jpg 1024w, https:\/\/yavaitcachezmeme.fr\/wp-content\/uploads\/2023\/02\/ST-VICTOR-DEPINE_HM_004-1536x1074.jpg 1536w, https:\/\/yavaitcachezmeme.fr\/wp-content\/uploads\/2023\/02\/ST-VICTOR-DEPINE_HM_004.jpg 1744w\" sizes=\"auto, (max-width: 820px) 100vw, 820px\" \/><\/p>\n<p style=\"text-align: center;\">La mairie &#8211; Rue du Mont Criquet (10)<\/p>\n<p><img loading=\"lazy\" decoding=\"async\" class=\"aligncenter wp-image-6213\" src=\"https:\/\/yavaitcachezmeme.fr\/wp-content\/uploads\/2021\/12\/ST-VICTOR-DEPINE_H_001-600x374.jpg\" alt=\"\" width=\"820\" height=\"511\" srcset=\"https:\/\/yavaitcachezmeme.fr\/wp-content\/uploads\/2021\/12\/ST-VICTOR-DEPINE_H_001-600x374.jpg 600w, https:\/\/yavaitcachezmeme.fr\/wp-content\/uploads\/2021\/12\/ST-VICTOR-DEPINE_H_001-1024x638.jpg 1024w, https:\/\/yavaitcachezmeme.fr\/wp-content\/uploads\/2021\/12\/ST-VICTOR-DEPINE_H_001-1536x957.jpg 1536w, https:\/\/yavaitcachezmeme.fr\/wp-content\/uploads\/2021\/12\/ST-VICTOR-DEPINE_H_001.jpg 1612w\" sizes=\"auto, (max-width: 820px) 100vw, 820px\" \/><\/p>\n<p style=\"text-align: center;\">Un caf\u00e9 &#8211; Rue du Mont Criquet (65)<\/p>\n<p><a href=\"https:\/\/www.google.fr\/maps\/@49.2106986,0.6070379,3a,49.4y,274.77h,97.32t\/data=!3m6!1e1!3m4!1sendd354tpciqxxhR4f0gPA!2e0!7i13312!8i6656\" target=\"_blank\" rel=\"noopener\"><img loading=\"lazy\" decoding=\"async\" class=\"aligncenter wp-image-8272\" src=\"https:\/\/yavaitcachezmeme.fr\/wp-content\/uploads\/2022\/09\/unnamed.png\" alt=\"\" width=\"25\" height=\"25\" srcset=\"https:\/\/yavaitcachezmeme.fr\/wp-content\/uploads\/2022\/09\/unnamed.png 512w, https:\/\/yavaitcachezmeme.fr\/wp-content\/uploads\/2022\/09\/unnamed-150x150.png 150w\" sizes=\"auto, (max-width: 25px) 100vw, 25px\" \/><\/a><br \/>\n<img loading=\"lazy\" decoding=\"async\" class=\"aligncenter wp-image-8649\" src=\"https:\/\/yavaitcachezmeme.fr\/wp-content\/uploads\/2022\/11\/ST-VICTOR-DEPINE_HM_002-600x418.jpg\" alt=\"\" width=\"820\" height=\"572\" srcset=\"https:\/\/yavaitcachezmeme.fr\/wp-content\/uploads\/2022\/11\/ST-VICTOR-DEPINE_HM_002-600x418.jpg 600w, https:\/\/yavaitcachezmeme.fr\/wp-content\/uploads\/2022\/11\/ST-VICTOR-DEPINE_HM_002-1024x714.jpg 1024w, https:\/\/yavaitcachezmeme.fr\/wp-content\/uploads\/2022\/11\/ST-VICTOR-DEPINE_HM_002-1536x1071.jpg 1536w, https:\/\/yavaitcachezmeme.fr\/wp-content\/uploads\/2022\/11\/ST-VICTOR-DEPINE_HM_002.jpg 1745w\" sizes=\"auto, (max-width: 820px) 100vw, 820px\" \/><\/p>\n<p style=\"text-align: center;\">Le caf\u00e9 Adam &#8211; Rue du Mont Criquet (65)<\/p>\n<p><img loading=\"lazy\" decoding=\"async\" class=\"aligncenter wp-image-7583\" src=\"https:\/\/yavaitcachezmeme.fr\/wp-content\/uploads\/2022\/07\/ST-VICTOR-DEPINE_H_010-600x372.jpg\" alt=\"\" width=\"820\" height=\"508\" srcset=\"https:\/\/yavaitcachezmeme.fr\/wp-content\/uploads\/2022\/07\/ST-VICTOR-DEPINE_H_010-600x372.jpg 600w, https:\/\/yavaitcachezmeme.fr\/wp-content\/uploads\/2022\/07\/ST-VICTOR-DEPINE_H_010-1024x635.jpg 1024w, https:\/\/yavaitcachezmeme.fr\/wp-content\/uploads\/2022\/07\/ST-VICTOR-DEPINE_H_010-1536x952.jpg 1536w, https:\/\/yavaitcachezmeme.fr\/wp-content\/uploads\/2022\/07\/ST-VICTOR-DEPINE_H_010.jpg 1620w\" sizes=\"auto, (max-width: 820px) 100vw, 820px\" \/><\/p>\n<p style=\"text-align: center;\">Rue de la m\u00e9sang\u00e8re &#8211; Le presbyt\u00e8re<\/p>\n<p><img loading=\"lazy\" decoding=\"async\" class=\"aligncenter wp-image-6215\" src=\"https:\/\/yavaitcachezmeme.fr\/wp-content\/uploads\/2021\/12\/ST-VICTOR-DEPINE_H_003-600x380.jpg\" alt=\"\" width=\"800\" height=\"506\" srcset=\"https:\/\/yavaitcachezmeme.fr\/wp-content\/uploads\/2021\/12\/ST-VICTOR-DEPINE_H_003-600x380.jpg 600w, https:\/\/yavaitcachezmeme.fr\/wp-content\/uploads\/2021\/12\/ST-VICTOR-DEPINE_H_003-1024x648.jpg 1024w, https:\/\/yavaitcachezmeme.fr\/wp-content\/uploads\/2021\/12\/ST-VICTOR-DEPINE_H_003-1536x972.jpg 1536w, https:\/\/yavaitcachezmeme.fr\/wp-content\/uploads\/2021\/12\/ST-VICTOR-DEPINE_H_003.jpg 1624w\" sizes=\"auto, (max-width: 800px) 100vw, 800px\" \/><\/p>\n<p style=\"text-align: center;\">Le Ch\u00e2teau<\/p>\n<p><img loading=\"lazy\" decoding=\"async\" class=\"aligncenter wp-image-6214\" src=\"https:\/\/yavaitcachezmeme.fr\/wp-content\/uploads\/2021\/12\/ST-VICTOR-DEPINE_H_002-600x379.jpg\" alt=\"\" width=\"800\" height=\"506\" srcset=\"https:\/\/yavaitcachezmeme.fr\/wp-content\/uploads\/2021\/12\/ST-VICTOR-DEPINE_H_002-600x379.jpg 600w, https:\/\/yavaitcachezmeme.fr\/wp-content\/uploads\/2021\/12\/ST-VICTOR-DEPINE_H_002-1024x647.jpg 1024w, https:\/\/yavaitcachezmeme.fr\/wp-content\/uploads\/2021\/12\/ST-VICTOR-DEPINE_H_002-1536x971.jpg 1536w, https:\/\/yavaitcachezmeme.fr\/wp-content\/uploads\/2021\/12\/ST-VICTOR-DEPINE_H_002.jpg 1595w\" sizes=\"auto, (max-width: 800px) 100vw, 800px\" \/><\/p>\n<p style=\"text-align: center;\">Le Ch\u00e2teau<\/p>\n<p><img loading=\"lazy\" decoding=\"async\" class=\"aligncenter wp-image-8650\" src=\"https:\/\/yavaitcachezmeme.fr\/wp-content\/uploads\/2022\/11\/ST-VICTOR-DEPINE_HM_003-600x416.jpg\" alt=\"\" width=\"850\" height=\"589\" srcset=\"https:\/\/yavaitcachezmeme.fr\/wp-content\/uploads\/2022\/11\/ST-VICTOR-DEPINE_HM_003-600x416.jpg 600w, https:\/\/yavaitcachezmeme.fr\/wp-content\/uploads\/2022\/11\/ST-VICTOR-DEPINE_HM_003-1024x710.jpg 1024w, https:\/\/yavaitcachezmeme.fr\/wp-content\/uploads\/2022\/11\/ST-VICTOR-DEPINE_HM_003-1536x1065.jpg 1536w, https:\/\/yavaitcachezmeme.fr\/wp-content\/uploads\/2022\/11\/ST-VICTOR-DEPINE_HM_003.jpg 1743w\" sizes=\"auto, (max-width: 850px) 100vw, 850px\" \/><\/p>\n<p style=\"text-align: center;\">Le Ch\u00e2teau<\/p>\n<p style=\"text-align: center;\"><span style=\"color: #ff6600;\"><strong>~o~<\/strong><\/span><\/p>\n<p style=\"text-align: justify;\">Les communes de l&rsquo;ancien canton de <span style=\"color: #ff6600;\"><strong>Brionne<\/strong><\/span>, auxquelles j&rsquo;ai rajout\u00e9 <strong>Authou<\/strong> et <strong>Pont-Authou<\/strong> de l&rsquo;ancien canton de <strong>Montfort-sur-Risle<\/strong> \u00e0 visiter en cliquant sur les liens suivants :<\/p>\n<p style=\"text-align: justify;\"><strong><a href=\"https:\/\/yavaitcachezmeme.fr\/index.php\/autour-de-brionne\/aclou\/\">Aclou<\/a> &#8211; <a href=\"https:\/\/yavaitcachezmeme.fr\/index.php\/autour-de-brionne\/authou\/\">Authou<\/a> &#8211; <a href=\"https:\/\/yavaitcachezmeme.fr\/index.php\/autour-de-brionne\/le-bec-hellouin\/\">Le Bec-Hellouin<\/a> &#8211; <a href=\"https:\/\/yavaitcachezmeme.fr\/index.php\/autour-de-brionne\/berthouville\/\">Berthouville<\/a> &#8211; <a href=\"https:\/\/yavaitcachezmeme.fr\/index.php\/autour-de-brionne\/boisney\/\">Boisney<\/a> &#8211; <a href=\"https:\/\/yavaitcachezmeme.fr\/index.php\/autour-de-brionne\/bosrobert\/\">Bosrobert<\/a> &#8211; <a href=\"https:\/\/yavaitcachezmeme.fr\/index.php\/autour-de-brionne\/bretigny\/\">Br\u00e9tigny<\/a> &#8211; <a href=\"https:\/\/yavaitcachezmeme.fr\/index.php\/autour-de-brionne\/brionne\/\">Brionne<\/a> &#8211; <a href=\"https:\/\/yavaitcachezmeme.fr\/index.php\/autour-de-brionne\/calleville\/\">Calleville<\/a> &#8211; <a href=\"https:\/\/yavaitcachezmeme.fr\/index.php\/autour-de-brionne\/franqueville\/\">Franqueville<\/a> &#8211; <a href=\"https:\/\/yavaitcachezmeme.fr\/index.php\/autour-de-brionne\/harcourt\/\">Harcourt<\/a> &#8211; <a href=\"https:\/\/yavaitcachezmeme.fr\/index.php\/autour-de-brionne\/la-haye-de-calleville\/\">La Haye-de-Calleville<\/a> &#8211; <a href=\"https:\/\/yavaitcachezmeme.fr\/index.php\/autour-de-brionne\/hecmanville\/\">Hecmanville<\/a> &#8211; <a href=\"https:\/\/yavaitcachezmeme.fr\/index.php\/autour-de-brionne\/livet-sur-authou\/\">Livet-sur-Authou<\/a> &#8211; <a href=\"https:\/\/yavaitcachezmeme.fr\/index.php\/autour-de-brionne\/malleville-sur-le-bec\/\">Malleville-sur-le-Bec<\/a> &#8211; <a href=\"https:\/\/yavaitcachezmeme.fr\/index.php\/autour-de-brionne\/morsan\/\">Morsan<\/a> &#8211; <a href=\"https:\/\/yavaitcachezmeme.fr\/index.php\/autour-de-brionne\/la-neuville-du-bosc\/\">La Neuville-du-Bosc<\/a> &#8211; <a href=\"https:\/\/yavaitcachezmeme.fr\/index.php\/autour-de-brionne\/neuville-sur-authou\/\">Neuville-sur-Authou<\/a> &#8211; <a href=\"https:\/\/yavaitcachezmeme.fr\/index.php\/autour-de-brionne\/notre-dame-depine\/\">Notre-Dame-d&rsquo;\u00c9pine<\/a> &#8211; <a href=\"https:\/\/yavaitcachezmeme.fr\/index.php\/autour-de-brionne\/pont-authou\/\">Pont-Authou<\/a> &#8211; <a href=\"https:\/\/yavaitcachezmeme.fr\/index.php\/autour-de-brionne\/st-cyr-de-salerne\/\">St-Cyr-de-Salerne<\/a> &#8211; <a href=\"https:\/\/yavaitcachezmeme.fr\/index.php\/autour-de-brionne\/st-eloi-de-fourques\/\">St-Eloi-de-Fourques<\/a> &#8211; <a href=\"https:\/\/yavaitcachezmeme.fr\/index.php\/autour-de-brionne\/st-paul-de-fourques\/\">St-Paul-de-Fourques<\/a> &#8211; <a href=\"https:\/\/yavaitcachezmeme.fr\/index.php\/autour-de-brionne\/st-pierre-de-salerne\/\">St-Pierre-de-Salerne<\/a> &#8211; <a href=\"https:\/\/yavaitcachezmeme.fr\/index.php\/autour-de-brionne\/st-victor-depine\/\">St-Victor-d&rsquo;\u00c9pine<\/a><\/strong><\/p>\n<p><img loading=\"lazy\" decoding=\"async\" class=\"aligncenter wp-image-6267\" src=\"https:\/\/yavaitcachezmeme.fr\/wp-content\/uploads\/2021\/12\/Autour-de-Brionne-600x400.jpg\" alt=\"\" width=\"800\" height=\"533\" srcset=\"https:\/\/yavaitcachezmeme.fr\/wp-content\/uploads\/2021\/12\/Autour-de-Brionne-600x400.jpg 600w, https:\/\/yavaitcachezmeme.fr\/wp-content\/uploads\/2021\/12\/Autour-de-Brionne-1024x683.jpg 1024w, https:\/\/yavaitcachezmeme.fr\/wp-content\/uploads\/2021\/12\/Autour-de-Brionne-1536x1024.jpg 1536w, https:\/\/yavaitcachezmeme.fr\/wp-content\/uploads\/2021\/12\/Autour-de-Brionne-2048x1365.jpg 2048w\" sizes=\"auto, (max-width: 800px) 100vw, 800px\" \/><\/p>\n<\/div>\n","protected":false},"excerpt":{"rendered":"<p>Situ\u00e9e au Nord-Ouest de Brionne, Saint-Victor-d&rsquo;Epine recense 327 habitants en 2018 contre 424 en 1911. ~o~ Rassemblement rue du Village (130) \u00c9cole libre&#8230;<\/p>\n","protected":false},"author":1,"featured_media":0,"parent":6087,"menu_order":609,"comment_status":"closed","ping_status":"closed","template":"","meta":{"footnotes":""},"class_list":["post-6222","page","type-page","status-publish","hentry"],"_links":{"self":[{"href":"https:\/\/yavaitcachezmeme.fr\/index.php\/wp-json\/wp\/v2\/pages\/6222","targetHints":{"allow":["GET"]}}],"collection":[{"href":"https:\/\/yavaitcachezmeme.fr\/index.php\/wp-json\/wp\/v2\/pages"}],"about":[{"href":"https:\/\/yavaitcachezmeme.fr\/index.php\/wp-json\/wp\/v2\/types\/page"}],"author":[{"embeddable":true,"href":"https:\/\/yavaitcachezmeme.fr\/index.php\/wp-json\/wp\/v2\/users\/1"}],"replies":[{"embeddable":true,"href":"https:\/\/yavaitcachezmeme.fr\/index.php\/wp-json\/wp\/v2\/comments?post=6222"}],"version-history":[{"count":36,"href":"https:\/\/yavaitcachezmeme.fr\/index.php\/wp-json\/wp\/v2\/pages\/6222\/revisions"}],"predecessor-version":[{"id":11627,"href":"https:\/\/yavaitcachezmeme.fr\/index.php\/wp-json\/wp\/v2\/pages\/6222\/revisions\/11627"}],"up":[{"embeddable":true,"href":"https:\/\/yavaitcachezmeme.fr\/index.php\/wp-json\/wp\/v2\/pages\/6087"}],"wp:attachment":[{"href":"https:\/\/yavaitcachezmeme.fr\/index.php\/wp-json\/wp\/v2\/media?parent=6222"}],"curies":[{"name":"wp","href":"https:\/\/api.w.org\/{rel}","templated":true}]}}