{"id":6311,"date":"2021-12-10T13:48:34","date_gmt":"2021-12-10T12:48:34","guid":{"rendered":"https:\/\/yavaitcachezmeme.fr\/?page_id=6311"},"modified":"2025-01-02T07:32:48","modified_gmt":"2025-01-02T06:32:48","slug":"fresne-cauverville","status":"publish","type":"page","link":"https:\/\/yavaitcachezmeme.fr\/index.php\/les-environs\/fresne-cauverville\/","title":{"rendered":"Fresne-Cauverville"},"content":{"rendered":"<div style=\"font-size: 120%; font-family: georgia;\">\n<p style=\"text-align: justify;\">Situ\u00e9e au Nord-Est de Thiberville, <span style=\"color: #ff6600;\"><strong>Fresne-Cauverville<\/strong><\/span> recense 196 habitants en 2018 contre 194 en 1911.<\/p>\n<p style=\"text-align: center;\"><span style=\"color: #ff6600;\"><strong>~o~<\/strong><\/span><\/p>\n<p><img loading=\"lazy\" decoding=\"async\" class=\"aligncenter wp-image-8868\" src=\"https:\/\/yavaitcachezmeme.fr\/wp-content\/uploads\/2022\/12\/FRESNE-CAUVERVILLE_H_005-600x379.jpg\" alt=\"\" width=\"820\" height=\"518\" srcset=\"https:\/\/yavaitcachezmeme.fr\/wp-content\/uploads\/2022\/12\/FRESNE-CAUVERVILLE_H_005-600x379.jpg 600w, https:\/\/yavaitcachezmeme.fr\/wp-content\/uploads\/2022\/12\/FRESNE-CAUVERVILLE_H_005-1024x647.jpg 1024w, https:\/\/yavaitcachezmeme.fr\/wp-content\/uploads\/2022\/12\/FRESNE-CAUVERVILLE_H_005-1536x971.jpg 1536w, https:\/\/yavaitcachezmeme.fr\/wp-content\/uploads\/2022\/12\/FRESNE-CAUVERVILLE_H_005.jpg 1652w\" sizes=\"auto, (max-width: 820px) 100vw, 820px\" \/><\/p>\n<p style=\"text-align: center;\">L&rsquo;\u00e9glise<\/p>\n<p><img loading=\"lazy\" decoding=\"async\" class=\"aligncenter wp-image-6309\" src=\"https:\/\/yavaitcachezmeme.fr\/wp-content\/uploads\/2021\/12\/FRESNE-CAUVERVILLE_V_001-383x600.jpg\" alt=\"\" width=\"475\" height=\"744\" srcset=\"https:\/\/yavaitcachezmeme.fr\/wp-content\/uploads\/2021\/12\/FRESNE-CAUVERVILLE_V_001-383x600.jpg 383w, https:\/\/yavaitcachezmeme.fr\/wp-content\/uploads\/2021\/12\/FRESNE-CAUVERVILLE_V_001-654x1024.jpg 654w, https:\/\/yavaitcachezmeme.fr\/wp-content\/uploads\/2021\/12\/FRESNE-CAUVERVILLE_V_001-981x1536.jpg 981w, https:\/\/yavaitcachezmeme.fr\/wp-content\/uploads\/2021\/12\/FRESNE-CAUVERVILLE_V_001.jpg 1040w\" sizes=\"auto, (max-width: 475px) 100vw, 475px\" \/><\/p>\n<p style=\"text-align: center;\">L&rsquo;\u00e9glise<\/p>\n<p><img loading=\"lazy\" decoding=\"async\" class=\"aligncenter wp-image-12239\" src=\"https:\/\/yavaitcachezmeme.fr\/wp-content\/uploads\/2024\/10\/FRESNE-CAUVERVILLE_VM_002-426x600.jpg\" alt=\"\" width=\"475\" height=\"670\" srcset=\"https:\/\/yavaitcachezmeme.fr\/wp-content\/uploads\/2024\/10\/FRESNE-CAUVERVILLE_VM_002-426x600.jpg 426w, https:\/\/yavaitcachezmeme.fr\/wp-content\/uploads\/2024\/10\/FRESNE-CAUVERVILLE_VM_002-726x1024.jpg 726w, https:\/\/yavaitcachezmeme.fr\/wp-content\/uploads\/2024\/10\/FRESNE-CAUVERVILLE_VM_002-1089x1536.jpg 1089w, https:\/\/yavaitcachezmeme.fr\/wp-content\/uploads\/2024\/10\/FRESNE-CAUVERVILLE_VM_002.jpg 1220w\" sizes=\"auto, (max-width: 475px) 100vw, 475px\" \/><\/p>\n<p style=\"text-align: center;\">Vue sur l&rsquo;\u00e9glise depuis la rue du Village<\/p>\n<p><img loading=\"lazy\" decoding=\"async\" class=\"aligncenter wp-image-8869\" src=\"https:\/\/yavaitcachezmeme.fr\/wp-content\/uploads\/2022\/12\/FRESNE-CAUVERVILLE_HM_001-600x380.jpg\" alt=\"\" width=\"820\" height=\"520\" srcset=\"https:\/\/yavaitcachezmeme.fr\/wp-content\/uploads\/2022\/12\/FRESNE-CAUVERVILLE_HM_001-600x380.jpg 600w, https:\/\/yavaitcachezmeme.fr\/wp-content\/uploads\/2022\/12\/FRESNE-CAUVERVILLE_HM_001-1024x649.jpg 1024w, https:\/\/yavaitcachezmeme.fr\/wp-content\/uploads\/2022\/12\/FRESNE-CAUVERVILLE_HM_001-1536x973.jpg 1536w, https:\/\/yavaitcachezmeme.fr\/wp-content\/uploads\/2022\/12\/FRESNE-CAUVERVILLE_HM_001.jpg 1616w\" sizes=\"auto, (max-width: 820px) 100vw, 820px\" \/><\/p>\n<p style=\"text-align: center;\">L&rsquo;\u00e9cole<\/p>\n<p><img loading=\"lazy\" decoding=\"async\" class=\"aligncenter wp-image-6307\" src=\"https:\/\/yavaitcachezmeme.fr\/wp-content\/uploads\/2021\/12\/FRESNE-CAUVERVILLE_H_002-600x383.jpg\" alt=\"\" width=\"820\" height=\"523\" srcset=\"https:\/\/yavaitcachezmeme.fr\/wp-content\/uploads\/2021\/12\/FRESNE-CAUVERVILLE_H_002-600x383.jpg 600w, https:\/\/yavaitcachezmeme.fr\/wp-content\/uploads\/2021\/12\/FRESNE-CAUVERVILLE_H_002-1024x653.jpg 1024w, https:\/\/yavaitcachezmeme.fr\/wp-content\/uploads\/2021\/12\/FRESNE-CAUVERVILLE_H_002-1536x980.jpg 1536w, https:\/\/yavaitcachezmeme.fr\/wp-content\/uploads\/2021\/12\/FRESNE-CAUVERVILLE_H_002.jpg 1618w\" sizes=\"auto, (max-width: 820px) 100vw, 820px\" \/><\/p>\n<p style=\"text-align: center;\">La mairie et l&rsquo;\u00e9cole<\/p>\n<p><a href=\"https:\/\/www.google.com\/maps\/@49.2009728,0.4643343,3a,48.2y,330.94h,90.97t\/data=!3m6!1e1!3m4!1s9rvgpGi1fnWKPRAJObgGXg!2e0!7i16384!8i8192\" target=\"_blank\" rel=\"noopener\"><img loading=\"lazy\" decoding=\"async\" class=\"aligncenter wp-image-8272\" src=\"https:\/\/yavaitcachezmeme.fr\/wp-content\/uploads\/2022\/09\/unnamed.png\" alt=\"\" width=\"25\" height=\"25\" srcset=\"https:\/\/yavaitcachezmeme.fr\/wp-content\/uploads\/2022\/09\/unnamed.png 512w, https:\/\/yavaitcachezmeme.fr\/wp-content\/uploads\/2022\/09\/unnamed-150x150.png 150w\" sizes=\"auto, (max-width: 25px) 100vw, 25px\" \/><\/a><\/p>\n<p><img loading=\"lazy\" decoding=\"async\" class=\"aligncenter wp-image-7809\" src=\"https:\/\/yavaitcachezmeme.fr\/wp-content\/uploads\/2022\/08\/FRESNE-CAUVERVILLE_H_004-600x381.jpg\" alt=\"\" width=\"820\" height=\"521\" srcset=\"https:\/\/yavaitcachezmeme.fr\/wp-content\/uploads\/2022\/08\/FRESNE-CAUVERVILLE_H_004-600x381.jpg 600w, https:\/\/yavaitcachezmeme.fr\/wp-content\/uploads\/2022\/08\/FRESNE-CAUVERVILLE_H_004-1024x650.jpg 1024w, https:\/\/yavaitcachezmeme.fr\/wp-content\/uploads\/2022\/08\/FRESNE-CAUVERVILLE_H_004-1536x975.jpg 1536w, https:\/\/yavaitcachezmeme.fr\/wp-content\/uploads\/2022\/08\/FRESNE-CAUVERVILLE_H_004.jpg 1632w\" sizes=\"auto, (max-width: 820px) 100vw, 820px\" \/><\/p>\n<p style=\"text-align: center;\">Maison CLOUET<\/p>\n<p><a href=\"https:\/\/www.google.com\/maps\/@49.2008431,0.4655456,3a,49.1y,61.41h,88.63t\/data=!3m6!1e1!3m4!1s6c9tU4pxInCpBWN57tkM2w!2e0!7i16384!8i8192\" target=\"_blank\" rel=\"noopener\"><img loading=\"lazy\" decoding=\"async\" class=\"aligncenter wp-image-8272\" src=\"https:\/\/yavaitcachezmeme.fr\/wp-content\/uploads\/2022\/09\/unnamed.png\" alt=\"\" width=\"25\" height=\"25\" srcset=\"https:\/\/yavaitcachezmeme.fr\/wp-content\/uploads\/2022\/09\/unnamed.png 512w, https:\/\/yavaitcachezmeme.fr\/wp-content\/uploads\/2022\/09\/unnamed-150x150.png 150w\" sizes=\"auto, (max-width: 25px) 100vw, 25px\" \/><\/a><\/p>\n<p><img loading=\"lazy\" decoding=\"async\" class=\"aligncenter wp-image-6306\" src=\"https:\/\/yavaitcachezmeme.fr\/wp-content\/uploads\/2021\/12\/FRESNE-CAUVERVILLE_H_001.jpg\" alt=\"\" width=\"820\" height=\"525\" srcset=\"https:\/\/yavaitcachezmeme.fr\/wp-content\/uploads\/2021\/12\/FRESNE-CAUVERVILLE_H_001.jpg 1611w, https:\/\/yavaitcachezmeme.fr\/wp-content\/uploads\/2021\/12\/FRESNE-CAUVERVILLE_H_001-600x384.jpg 600w, https:\/\/yavaitcachezmeme.fr\/wp-content\/uploads\/2021\/12\/FRESNE-CAUVERVILLE_H_001-1024x656.jpg 1024w, https:\/\/yavaitcachezmeme.fr\/wp-content\/uploads\/2021\/12\/FRESNE-CAUVERVILLE_H_001-1536x984.jpg 1536w\" sizes=\"auto, (max-width: 820px) 100vw, 820px\" \/><\/p>\n<p style=\"text-align: center;\">Caf\u00e9-\u00c9picerie-Tabac &#8211; Maison COLLET<\/p>\n<p><img loading=\"lazy\" decoding=\"async\" class=\"aligncenter wp-image-12653\" src=\"https:\/\/yavaitcachezmeme.fr\/wp-content\/uploads\/2025\/01\/FRESNE-CAUVERVILLE_H_007-600x385.jpg\" alt=\"\" width=\"820\" height=\"527\" srcset=\"https:\/\/yavaitcachezmeme.fr\/wp-content\/uploads\/2025\/01\/FRESNE-CAUVERVILLE_H_007-600x385.jpg 600w, https:\/\/yavaitcachezmeme.fr\/wp-content\/uploads\/2025\/01\/FRESNE-CAUVERVILLE_H_007-1024x658.jpg 1024w, https:\/\/yavaitcachezmeme.fr\/wp-content\/uploads\/2025\/01\/FRESNE-CAUVERVILLE_H_007-1536x986.jpg 1536w, https:\/\/yavaitcachezmeme.fr\/wp-content\/uploads\/2025\/01\/FRESNE-CAUVERVILLE_H_007.jpg 1632w\" sizes=\"auto, (max-width: 820px) 100vw, 820px\" \/><\/p>\n<p style=\"text-align: center;\">Le caf\u00e9-\u00e9picerie CLOUET<\/p>\n<p><img loading=\"lazy\" decoding=\"async\" class=\"aligncenter wp-image-6310\" src=\"https:\/\/yavaitcachezmeme.fr\/wp-content\/uploads\/2021\/12\/FRESNE-CAUVERVILLE_VM_001-423x600.jpg\" alt=\"\" width=\"475\" height=\"674\" srcset=\"https:\/\/yavaitcachezmeme.fr\/wp-content\/uploads\/2021\/12\/FRESNE-CAUVERVILLE_VM_001-423x600.jpg 423w, https:\/\/yavaitcachezmeme.fr\/wp-content\/uploads\/2021\/12\/FRESNE-CAUVERVILLE_VM_001-722x1024.jpg 722w, https:\/\/yavaitcachezmeme.fr\/wp-content\/uploads\/2021\/12\/FRESNE-CAUVERVILLE_VM_001-1082x1536.jpg 1082w, https:\/\/yavaitcachezmeme.fr\/wp-content\/uploads\/2021\/12\/FRESNE-CAUVERVILLE_VM_001.jpg 1212w\" sizes=\"auto, (max-width: 475px) 100vw, 475px\" \/><\/p>\n<p style=\"text-align: center;\">Carte moderne de l&rsquo;entr\u00e9e du village<\/p>\n<p><img loading=\"lazy\" decoding=\"async\" class=\"aligncenter wp-image-10231\" src=\"https:\/\/yavaitcachezmeme.fr\/wp-content\/uploads\/2023\/06\/FRESNE-CAUVERVILLE_H_006-600x376.jpg\" alt=\"\" width=\"820\" height=\"514\" srcset=\"https:\/\/yavaitcachezmeme.fr\/wp-content\/uploads\/2023\/06\/FRESNE-CAUVERVILLE_H_006-600x376.jpg 600w, https:\/\/yavaitcachezmeme.fr\/wp-content\/uploads\/2023\/06\/FRESNE-CAUVERVILLE_H_006-1024x642.jpg 1024w, https:\/\/yavaitcachezmeme.fr\/wp-content\/uploads\/2023\/06\/FRESNE-CAUVERVILLE_H_006-1536x963.jpg 1536w, https:\/\/yavaitcachezmeme.fr\/wp-content\/uploads\/2023\/06\/FRESNE-CAUVERVILLE_H_006-542x340.jpg 542w, https:\/\/yavaitcachezmeme.fr\/wp-content\/uploads\/2023\/06\/FRESNE-CAUVERVILLE_H_006.jpg 1640w\" sizes=\"auto, (max-width: 820px) 100vw, 820px\" \/><\/p>\n<p style=\"text-align: center;\">Les Marronniers<\/p>\n<p><img loading=\"lazy\" decoding=\"async\" class=\"aligncenter wp-image-6308\" src=\"https:\/\/yavaitcachezmeme.fr\/wp-content\/uploads\/2021\/12\/FRESNE-CAUVERVILLE_H_003-600x386.jpg\" alt=\"\" width=\"820\" height=\"527\" srcset=\"https:\/\/yavaitcachezmeme.fr\/wp-content\/uploads\/2021\/12\/FRESNE-CAUVERVILLE_H_003-600x386.jpg 600w, https:\/\/yavaitcachezmeme.fr\/wp-content\/uploads\/2021\/12\/FRESNE-CAUVERVILLE_H_003-1024x658.jpg 1024w, https:\/\/yavaitcachezmeme.fr\/wp-content\/uploads\/2021\/12\/FRESNE-CAUVERVILLE_H_003-1536x987.jpg 1536w, https:\/\/yavaitcachezmeme.fr\/wp-content\/uploads\/2021\/12\/FRESNE-CAUVERVILLE_H_003.jpg 1624w\" sizes=\"auto, (max-width: 820px) 100vw, 820px\" \/><\/p>\n<p style=\"text-align: center;\">Les Marronniers<\/p>\n<p><a href=\"https:\/\/www.google.com\/maps\/@49.1996188,0.4722842,3a,40.9y,332.82h,89.78t\/data=!3m6!1e1!3m4!1sbTJ2gNsNpidam74_VHCd3Q!2e0!7i16384!8i8192\" target=\"_blank\" rel=\"noopener\"><img loading=\"lazy\" decoding=\"async\" class=\"aligncenter wp-image-8272\" src=\"https:\/\/yavaitcachezmeme.fr\/wp-content\/uploads\/2022\/09\/unnamed.png\" alt=\"\" width=\"25\" height=\"25\" srcset=\"https:\/\/yavaitcachezmeme.fr\/wp-content\/uploads\/2022\/09\/unnamed.png 512w, https:\/\/yavaitcachezmeme.fr\/wp-content\/uploads\/2022\/09\/unnamed-150x150.png 150w\" sizes=\"auto, (max-width: 25px) 100vw, 25px\" \/><\/a><\/p>\n<p><img loading=\"lazy\" decoding=\"async\" class=\"aligncenter wp-image-12061\" src=\"https:\/\/yavaitcachezmeme.fr\/wp-content\/uploads\/2024\/06\/Plaque-voiture_06-600x249.jpg\" alt=\"\" width=\"820\" height=\"340\" srcset=\"https:\/\/yavaitcachezmeme.fr\/wp-content\/uploads\/2024\/06\/Plaque-voiture_06-600x249.jpg 600w, https:\/\/yavaitcachezmeme.fr\/wp-content\/uploads\/2024\/06\/Plaque-voiture_06-1024x424.jpg 1024w, https:\/\/yavaitcachezmeme.fr\/wp-content\/uploads\/2024\/06\/Plaque-voiture_06-1536x637.jpg 1536w, https:\/\/yavaitcachezmeme.fr\/wp-content\/uploads\/2024\/06\/Plaque-voiture_06-2048x849.jpg 2048w\" sizes=\"auto, (max-width: 820px) 100vw, 820px\" \/><\/p>\n<p style=\"text-align: center;\">Plaque de voiture hippomobile<\/p>\n<p style=\"text-align: center;\"><span style=\"color: #ff6600;\"><strong>~o~<\/strong><\/span><\/p>\n<p style=\"text-align: justify;\">Les communes de l&rsquo;ancien canton de <span style=\"color: #ff6600;\"><strong>Thiberville<\/strong><\/span>, auxquelles j&rsquo;ai rajout\u00e9 <strong>Fresne-Cauverville<\/strong> de l&rsquo;ancien canton de <strong>Cormeilles<\/strong>, \u00e0 visiter en cliquant sur les liens suivants :<\/p>\n<p style=\"text-align: justify;\"><strong><a href=\"https:\/\/yavaitcachezmeme.fr\/index.php\/les-environs\/barville\/\">Barville<\/a> &#8211; <a href=\"https:\/\/yavaitcachezmeme.fr\/index.php\/les-environs\/bazoques\/\">Bazoques<\/a> &#8211; <a href=\"https:\/\/yavaitcachezmeme.fr\/index.php\/les-environs\/boissy-lamberville\/\">Boissy-Lamberville<\/a> &#8211; <a href=\"https:\/\/yavaitcachezmeme.fr\/index.php\/les-environs\/bournainville-faverolles\/\">Bournainville-Faverolles<\/a> &#8211; <a href=\"https:\/\/yavaitcachezmeme.fr\/index.php\/les-environs\/la-chapelle-hareng\/\">La Chapelle-Hareng<\/a> &#8211; <a href=\"https:\/\/yavaitcachezmeme.fr\/index.php\/les-environs\/drucourt\/\">Drucourt<\/a> &#8211; <a href=\"https:\/\/yavaitcachezmeme.fr\/index.php\/les-environs\/duranville\/\">Duranville<\/a> &#8211; <a href=\"https:\/\/yavaitcachezmeme.fr\/index.php\/les-environs\/le-favril\/\">Le Favril<\/a> &#8211; <a href=\"https:\/\/yavaitcachezmeme.fr\/index.php\/les-environs\/folleville\/\">Folleville<\/a> &#8211; <a href=\"https:\/\/yavaitcachezmeme.fr\/index.php\/les-environs\/fontaine-la-louvet\/\">Fontaine-la-Louvet<\/a> &#8211; <a href=\"https:\/\/yavaitcachezmeme.fr\/index.php\/les-environs\/fresne-cauverville\/\">Fresne-Cauverville<\/a> &#8211; <a href=\"https:\/\/yavaitcachezmeme.fr\/index.php\/les-environs\/giverville\/\">Giverville<\/a> &#8211; <a href=\"https:\/\/yavaitcachezmeme.fr\/index.php\/les-environs\/heudreville-en-lieuvin\/\">Heudreville-en-Lieuvin<\/a> &#8211; <a href=\"https:\/\/yavaitcachezmeme.fr\/index.php\/les-environs\/piencourt\/\">Piencourt<\/a> &#8211; <a href=\"https:\/\/yavaitcachezmeme.fr\/index.php\/les-environs\/les-places\/\">Les Places<\/a> &#8211; <a href=\"https:\/\/yavaitcachezmeme.fr\/index.php\/les-environs\/le-planquay\/\">Le Planquay<\/a> &#8211; <a href=\"https:\/\/yavaitcachezmeme.fr\/index.php\/les-environs\/st-aubin-de-scellon\/\">St-Aubin-de-Scellon<\/a> &#8211; <a href=\"https:\/\/yavaitcachezmeme.fr\/index.php\/les-environs\/st-germain-la-campagne\/\">St-Germain-la-Campagne<\/a> &#8211; <a href=\"https:\/\/yavaitcachezmeme.fr\/index.php\/les-environs\/st-mards-de-fresne\/\">St-Mards-de-Fresne<\/a> &#8211; <a href=\"https:\/\/yavaitcachezmeme.fr\/index.php\/les-environs\/st-vincent-du-boulay\/\">St-Vincent-du-Boulay<\/a> &#8211; <a href=\"https:\/\/yavaitcachezmeme.fr\/index.php\/les-environs\/le-theil-nolent\/\">Le Theil-Nolent<\/a> &#8211; <a href=\"https:\/\/yavaitcachezmeme.fr\/index.php\/les-environs\/thiberville\/\">Thiberville<\/a><\/strong><\/p>\n<p><img loading=\"lazy\" decoding=\"async\" class=\"aligncenter wp-image-6270\" src=\"https:\/\/yavaitcachezmeme.fr\/wp-content\/uploads\/2021\/12\/Autour-de-Thiberville-600x400.jpg\" alt=\"\" width=\"800\" height=\"533\" srcset=\"https:\/\/yavaitcachezmeme.fr\/wp-content\/uploads\/2021\/12\/Autour-de-Thiberville-600x400.jpg 600w, https:\/\/yavaitcachezmeme.fr\/wp-content\/uploads\/2021\/12\/Autour-de-Thiberville-1024x683.jpg 1024w, https:\/\/yavaitcachezmeme.fr\/wp-content\/uploads\/2021\/12\/Autour-de-Thiberville-1536x1024.jpg 1536w, https:\/\/yavaitcachezmeme.fr\/wp-content\/uploads\/2021\/12\/Autour-de-Thiberville-2048x1365.jpg 2048w\" sizes=\"auto, (max-width: 800px) 100vw, 800px\" \/><\/p>\n<\/div>\n","protected":false},"excerpt":{"rendered":"<p>Situ\u00e9e au Nord-Est de Thiberville, Fresne-Cauverville recense 196 habitants en 2018 contre 194 en 1911. ~o~ L&rsquo;\u00e9glise L&rsquo;\u00e9glise Vue sur l&rsquo;\u00e9glise depuis la&#8230;<\/p>\n","protected":false},"author":1,"featured_media":0,"parent":1071,"menu_order":269,"comment_status":"closed","ping_status":"closed","template":"","meta":{"footnotes":""},"class_list":["post-6311","page","type-page","status-publish","hentry"],"_links":{"self":[{"href":"https:\/\/yavaitcachezmeme.fr\/index.php\/wp-json\/wp\/v2\/pages\/6311","targetHints":{"allow":["GET"]}}],"collection":[{"href":"https:\/\/yavaitcachezmeme.fr\/index.php\/wp-json\/wp\/v2\/pages"}],"about":[{"href":"https:\/\/yavaitcachezmeme.fr\/index.php\/wp-json\/wp\/v2\/types\/page"}],"author":[{"embeddable":true,"href":"https:\/\/yavaitcachezmeme.fr\/index.php\/wp-json\/wp\/v2\/users\/1"}],"replies":[{"embeddable":true,"href":"https:\/\/yavaitcachezmeme.fr\/index.php\/wp-json\/wp\/v2\/comments?post=6311"}],"version-history":[{"count":22,"href":"https:\/\/yavaitcachezmeme.fr\/index.php\/wp-json\/wp\/v2\/pages\/6311\/revisions"}],"predecessor-version":[{"id":12656,"href":"https:\/\/yavaitcachezmeme.fr\/index.php\/wp-json\/wp\/v2\/pages\/6311\/revisions\/12656"}],"up":[{"embeddable":true,"href":"https:\/\/yavaitcachezmeme.fr\/index.php\/wp-json\/wp\/v2\/pages\/1071"}],"wp:attachment":[{"href":"https:\/\/yavaitcachezmeme.fr\/index.php\/wp-json\/wp\/v2\/media?parent=6311"}],"curies":[{"name":"wp","href":"https:\/\/api.w.org\/{rel}","templated":true}]}}