{"id":6336,"date":"2021-12-10T16:44:32","date_gmt":"2021-12-10T15:44:32","guid":{"rendered":"https:\/\/yavaitcachezmeme.fr\/?page_id=6336"},"modified":"2025-11-24T18:49:49","modified_gmt":"2025-11-24T17:49:49","slug":"st-gregoire-du-vievre","status":"publish","type":"page","link":"https:\/\/yavaitcachezmeme.fr\/index.php\/autour-de-st-georges-du-vievre\/st-gregoire-du-vievre\/","title":{"rendered":"St-Gr\u00e9goire-du-Vi\u00e8vre"},"content":{"rendered":"<div style=\"font-size: 120%; font-family: georgia;\">\n<p style=\"text-align: justify;\">Situ\u00e9e \u00e0 l&rsquo;Est de St-Georges-du-Vi\u00e8vre, <span style=\"color: #ff6600;\"><strong>Saint-Gr\u00e9goire-du-Vi\u00e8vre<\/strong><\/span> recense 312 habitants en 2018 contre 353 en 1911.<\/p>\n<p style=\"text-align: center;\"><span style=\"color: #ff6600;\"><strong>~o~<\/strong><\/span><\/p>\n<p><img loading=\"lazy\" decoding=\"async\" class=\"aligncenter wp-image-9001\" src=\"https:\/\/yavaitcachezmeme.fr\/wp-content\/uploads\/2022\/12\/ST-GREGOIRE-DU-VIEVRE_H_011-600x380.jpg\" alt=\"\" width=\"820\" height=\"520\" srcset=\"https:\/\/yavaitcachezmeme.fr\/wp-content\/uploads\/2022\/12\/ST-GREGOIRE-DU-VIEVRE_H_011-600x380.jpg 600w, https:\/\/yavaitcachezmeme.fr\/wp-content\/uploads\/2022\/12\/ST-GREGOIRE-DU-VIEVRE_H_011-1024x649.jpg 1024w, https:\/\/yavaitcachezmeme.fr\/wp-content\/uploads\/2022\/12\/ST-GREGOIRE-DU-VIEVRE_H_011-1536x973.jpg 1536w, https:\/\/yavaitcachezmeme.fr\/wp-content\/uploads\/2022\/12\/ST-GREGOIRE-DU-VIEVRE_H_011.jpg 1616w\" sizes=\"auto, (max-width: 820px) 100vw, 820px\" \/><\/p>\n<p style=\"text-align: center;\">L&rsquo;\u00e9glise<\/p>\n<p><img loading=\"lazy\" decoding=\"async\" class=\"aligncenter wp-image-6332\" src=\"https:\/\/yavaitcachezmeme.fr\/wp-content\/uploads\/2021\/12\/ST-GREGOIRE-DU-VIEVRE_V_002.jpg\" alt=\"\" width=\"475\" height=\"750\" srcset=\"https:\/\/yavaitcachezmeme.fr\/wp-content\/uploads\/2021\/12\/ST-GREGOIRE-DU-VIEVRE_V_002.jpg 1044w, https:\/\/yavaitcachezmeme.fr\/wp-content\/uploads\/2021\/12\/ST-GREGOIRE-DU-VIEVRE_V_002-380x600.jpg 380w, https:\/\/yavaitcachezmeme.fr\/wp-content\/uploads\/2021\/12\/ST-GREGOIRE-DU-VIEVRE_V_002-649x1024.jpg 649w, https:\/\/yavaitcachezmeme.fr\/wp-content\/uploads\/2021\/12\/ST-GREGOIRE-DU-VIEVRE_V_002-973x1536.jpg 973w\" sizes=\"auto, (max-width: 475px) 100vw, 475px\" \/><\/p>\n<p style=\"text-align: center;\">L&rsquo;\u00e9glise<\/p>\n<p><img loading=\"lazy\" decoding=\"async\" class=\"aligncenter wp-image-6331\" src=\"https:\/\/yavaitcachezmeme.fr\/wp-content\/uploads\/2021\/12\/ST-GREGOIRE-DU-VIEVRE_V_001.jpg\" alt=\"\" width=\"475\" height=\"745\" srcset=\"https:\/\/yavaitcachezmeme.fr\/wp-content\/uploads\/2021\/12\/ST-GREGOIRE-DU-VIEVRE_V_001.jpg 1040w, https:\/\/yavaitcachezmeme.fr\/wp-content\/uploads\/2021\/12\/ST-GREGOIRE-DU-VIEVRE_V_001-382x600.jpg 382w, https:\/\/yavaitcachezmeme.fr\/wp-content\/uploads\/2021\/12\/ST-GREGOIRE-DU-VIEVRE_V_001-653x1024.jpg 653w, https:\/\/yavaitcachezmeme.fr\/wp-content\/uploads\/2021\/12\/ST-GREGOIRE-DU-VIEVRE_V_001-979x1536.jpg 979w\" sizes=\"auto, (max-width: 475px) 100vw, 475px\" \/><\/p>\n<p style=\"text-align: center;\">L&rsquo;\u00e9glise<\/p>\n<p><img loading=\"lazy\" decoding=\"async\" class=\"aligncenter wp-image-7078\" src=\"https:\/\/yavaitcachezmeme.fr\/wp-content\/uploads\/2022\/03\/ST-GREGOIRE-DU-VIEVRE_V_003-391x600.jpg\" alt=\"\" width=\"475\" height=\"729\" srcset=\"https:\/\/yavaitcachezmeme.fr\/wp-content\/uploads\/2022\/03\/ST-GREGOIRE-DU-VIEVRE_V_003-391x600.jpg 391w, https:\/\/yavaitcachezmeme.fr\/wp-content\/uploads\/2022\/03\/ST-GREGOIRE-DU-VIEVRE_V_003-667x1024.jpg 667w, https:\/\/yavaitcachezmeme.fr\/wp-content\/uploads\/2022\/03\/ST-GREGOIRE-DU-VIEVRE_V_003-1001x1536.jpg 1001w, https:\/\/yavaitcachezmeme.fr\/wp-content\/uploads\/2022\/03\/ST-GREGOIRE-DU-VIEVRE_V_003.jpg 1040w\" sizes=\"auto, (max-width: 475px) 100vw, 475px\" \/><\/p>\n<p style=\"text-align: center;\">L&rsquo;\u00e9glise<\/p>\n<p><img loading=\"lazy\" decoding=\"async\" class=\"aligncenter wp-image-8600\" src=\"https:\/\/yavaitcachezmeme.fr\/wp-content\/uploads\/2022\/11\/ST-GREGOIRE-DU-VIEVRE_H_010-600x380.jpg\" alt=\"\" width=\"820\" height=\"519\" srcset=\"https:\/\/yavaitcachezmeme.fr\/wp-content\/uploads\/2022\/11\/ST-GREGOIRE-DU-VIEVRE_H_010-600x380.jpg 600w, https:\/\/yavaitcachezmeme.fr\/wp-content\/uploads\/2022\/11\/ST-GREGOIRE-DU-VIEVRE_H_010-1024x648.jpg 1024w, https:\/\/yavaitcachezmeme.fr\/wp-content\/uploads\/2022\/11\/ST-GREGOIRE-DU-VIEVRE_H_010-1536x972.jpg 1536w, https:\/\/yavaitcachezmeme.fr\/wp-content\/uploads\/2022\/11\/ST-GREGOIRE-DU-VIEVRE_H_010.jpg 1644w\" sizes=\"auto, (max-width: 820px) 100vw, 820px\" \/><\/p>\n<p style=\"text-align: center;\">Int\u00e9rieur de l&rsquo;\u00e9glise<\/p>\n<p><img loading=\"lazy\" decoding=\"async\" class=\"aligncenter wp-image-12629\" src=\"https:\/\/yavaitcachezmeme.fr\/wp-content\/uploads\/2024\/12\/ST-GREGOIRE-DU-VIEVRE_V_004-391x600.jpg\" alt=\"\" width=\"475\" height=\"730\" srcset=\"https:\/\/yavaitcachezmeme.fr\/wp-content\/uploads\/2024\/12\/ST-GREGOIRE-DU-VIEVRE_V_004-391x600.jpg 391w, https:\/\/yavaitcachezmeme.fr\/wp-content\/uploads\/2024\/12\/ST-GREGOIRE-DU-VIEVRE_V_004-666x1024.jpg 666w, https:\/\/yavaitcachezmeme.fr\/wp-content\/uploads\/2024\/12\/ST-GREGOIRE-DU-VIEVRE_V_004-1000x1536.jpg 1000w, https:\/\/yavaitcachezmeme.fr\/wp-content\/uploads\/2024\/12\/ST-GREGOIRE-DU-VIEVRE_V_004.jpg 1044w\" sizes=\"auto, (max-width: 475px) 100vw, 475px\" \/><\/p>\n<p style=\"text-align: center;\">Int\u00e9rieur de l&rsquo;\u00e9glise<\/p>\n<p><img loading=\"lazy\" decoding=\"async\" class=\"aligncenter wp-image-8871\" src=\"https:\/\/yavaitcachezmeme.fr\/wp-content\/uploads\/2022\/12\/ST-GREGOIRE-DU-VIEVRE_HM_003-600x369.jpg\" alt=\"\" width=\"820\" height=\"504\" srcset=\"https:\/\/yavaitcachezmeme.fr\/wp-content\/uploads\/2022\/12\/ST-GREGOIRE-DU-VIEVRE_HM_003-600x369.jpg 600w, https:\/\/yavaitcachezmeme.fr\/wp-content\/uploads\/2022\/12\/ST-GREGOIRE-DU-VIEVRE_HM_003-1024x630.jpg 1024w, https:\/\/yavaitcachezmeme.fr\/wp-content\/uploads\/2022\/12\/ST-GREGOIRE-DU-VIEVRE_HM_003-1536x944.jpg 1536w, https:\/\/yavaitcachezmeme.fr\/wp-content\/uploads\/2022\/12\/ST-GREGOIRE-DU-VIEVRE_HM_003.jpg 1607w\" sizes=\"auto, (max-width: 820px) 100vw, 820px\" \/><\/p>\n<p style=\"text-align: center;\">L&rsquo;\u00e9glise et le calvaire<\/p>\n<p><img loading=\"lazy\" decoding=\"async\" class=\"aligncenter wp-image-7191\" src=\"https:\/\/yavaitcachezmeme.fr\/wp-content\/uploads\/2022\/05\/ST-GREGOIRE-DU-VIEVRE_H_007-600x381.jpg\" alt=\"\" width=\"820\" height=\"521\" srcset=\"https:\/\/yavaitcachezmeme.fr\/wp-content\/uploads\/2022\/05\/ST-GREGOIRE-DU-VIEVRE_H_007-600x381.jpg 600w, https:\/\/yavaitcachezmeme.fr\/wp-content\/uploads\/2022\/05\/ST-GREGOIRE-DU-VIEVRE_H_007-1024x650.jpg 1024w, https:\/\/yavaitcachezmeme.fr\/wp-content\/uploads\/2022\/05\/ST-GREGOIRE-DU-VIEVRE_H_007-1536x975.jpg 1536w, https:\/\/yavaitcachezmeme.fr\/wp-content\/uploads\/2022\/05\/ST-GREGOIRE-DU-VIEVRE_H_007.jpg 1644w\" sizes=\"auto, (max-width: 820px) 100vw, 820px\" \/><\/p>\n<p style=\"text-align: center;\">L&rsquo;\u00e9glise et la place<\/p>\n<p><img loading=\"lazy\" decoding=\"async\" class=\"aligncenter wp-image-6608\" src=\"https:\/\/yavaitcachezmeme.fr\/wp-content\/uploads\/2021\/12\/ST-GREGOIRE-DU-VIEVRE_H_003-600x379.jpg\" alt=\"\" width=\"820\" height=\"518\" srcset=\"https:\/\/yavaitcachezmeme.fr\/wp-content\/uploads\/2021\/12\/ST-GREGOIRE-DU-VIEVRE_H_003-600x379.jpg 600w, https:\/\/yavaitcachezmeme.fr\/wp-content\/uploads\/2021\/12\/ST-GREGOIRE-DU-VIEVRE_H_003-1024x647.jpg 1024w, https:\/\/yavaitcachezmeme.fr\/wp-content\/uploads\/2021\/12\/ST-GREGOIRE-DU-VIEVRE_H_003-1536x970.jpg 1536w, https:\/\/yavaitcachezmeme.fr\/wp-content\/uploads\/2021\/12\/ST-GREGOIRE-DU-VIEVRE_H_003.jpg 1640w\" sizes=\"auto, (max-width: 820px) 100vw, 820px\" \/><\/p>\n<p style=\"text-align: center;\">La Mairie<\/p>\n<p><img loading=\"lazy\" decoding=\"async\" class=\"aligncenter wp-image-12115\" src=\"https:\/\/yavaitcachezmeme.fr\/wp-content\/uploads\/2024\/07\/ST-GREGOIRE-DU-VIEVRE_H_012-600x382.jpg\" alt=\"\" width=\"820\" height=\"522\" srcset=\"https:\/\/yavaitcachezmeme.fr\/wp-content\/uploads\/2024\/07\/ST-GREGOIRE-DU-VIEVRE_H_012-600x382.jpg 600w, https:\/\/yavaitcachezmeme.fr\/wp-content\/uploads\/2024\/07\/ST-GREGOIRE-DU-VIEVRE_H_012-1024x652.jpg 1024w, https:\/\/yavaitcachezmeme.fr\/wp-content\/uploads\/2024\/07\/ST-GREGOIRE-DU-VIEVRE_H_012-1536x978.jpg 1536w, https:\/\/yavaitcachezmeme.fr\/wp-content\/uploads\/2024\/07\/ST-GREGOIRE-DU-VIEVRE_H_012.jpg 1640w\" sizes=\"auto, (max-width: 820px) 100vw, 820px\" \/><\/p>\n<p style=\"text-align: center;\">La place<\/p>\n<p><img loading=\"lazy\" decoding=\"async\" class=\"aligncenter wp-image-6329\" src=\"https:\/\/yavaitcachezmeme.fr\/wp-content\/uploads\/2021\/12\/ST-GREGOIRE-DU-VIEVRE_H_002.jpg\" alt=\"\" width=\"820\" height=\"522\" srcset=\"https:\/\/yavaitcachezmeme.fr\/wp-content\/uploads\/2021\/12\/ST-GREGOIRE-DU-VIEVRE_H_002.jpg 1660w, https:\/\/yavaitcachezmeme.fr\/wp-content\/uploads\/2021\/12\/ST-GREGOIRE-DU-VIEVRE_H_002-600x382.jpg 600w, https:\/\/yavaitcachezmeme.fr\/wp-content\/uploads\/2021\/12\/ST-GREGOIRE-DU-VIEVRE_H_002-1024x651.jpg 1024w, https:\/\/yavaitcachezmeme.fr\/wp-content\/uploads\/2021\/12\/ST-GREGOIRE-DU-VIEVRE_H_002-1536x977.jpg 1536w\" sizes=\"auto, (max-width: 820px) 100vw, 820px\" \/><\/p>\n<p style=\"text-align: center;\">La place<\/p>\n<p><a href=\"https:\/\/www.google.com\/maps\/@49.2430328,0.6361551,3a,60.6y,255.83h,98.69t\/data=!3m6!1e1!3m4!1sqYZUooNueK_z4Q2yUeIAsg!2e0!7i13312!8i6656\" target=\"_blank\" rel=\"noopener\"><img loading=\"lazy\" decoding=\"async\" class=\"aligncenter wp-image-8272\" src=\"https:\/\/yavaitcachezmeme.fr\/wp-content\/uploads\/2022\/09\/unnamed.png\" alt=\"\" width=\"25\" height=\"25\" srcset=\"https:\/\/yavaitcachezmeme.fr\/wp-content\/uploads\/2022\/09\/unnamed.png 512w, https:\/\/yavaitcachezmeme.fr\/wp-content\/uploads\/2022\/09\/unnamed-150x150.png 150w\" sizes=\"auto, (max-width: 25px) 100vw, 25px\" \/><\/a><\/p>\n<p><img loading=\"lazy\" decoding=\"async\" class=\"aligncenter wp-image-6328\" src=\"https:\/\/yavaitcachezmeme.fr\/wp-content\/uploads\/2021\/12\/ST-GREGOIRE-DU-VIEVRE_H_001.jpg\" alt=\"\" width=\"820\" height=\"520\" srcset=\"https:\/\/yavaitcachezmeme.fr\/wp-content\/uploads\/2021\/12\/ST-GREGOIRE-DU-VIEVRE_H_001.jpg 1621w, https:\/\/yavaitcachezmeme.fr\/wp-content\/uploads\/2021\/12\/ST-GREGOIRE-DU-VIEVRE_H_001-600x381.jpg 600w, https:\/\/yavaitcachezmeme.fr\/wp-content\/uploads\/2021\/12\/ST-GREGOIRE-DU-VIEVRE_H_001-1024x649.jpg 1024w, https:\/\/yavaitcachezmeme.fr\/wp-content\/uploads\/2021\/12\/ST-GREGOIRE-DU-VIEVRE_H_001-1536x974.jpg 1536w\" sizes=\"auto, (max-width: 820px) 100vw, 820px\" \/><\/p>\n<p style=\"text-align: center;\">Rassemblement sur la place<\/p>\n<p><img loading=\"lazy\" decoding=\"async\" class=\"aligncenter wp-image-7067\" src=\"https:\/\/yavaitcachezmeme.fr\/wp-content\/uploads\/2022\/03\/ST-GREGOIRE-DU-VIEVRE_H_004-600x378.jpg\" alt=\"\" width=\"820\" height=\"516\" srcset=\"https:\/\/yavaitcachezmeme.fr\/wp-content\/uploads\/2022\/03\/ST-GREGOIRE-DU-VIEVRE_H_004-600x378.jpg 600w, https:\/\/yavaitcachezmeme.fr\/wp-content\/uploads\/2022\/03\/ST-GREGOIRE-DU-VIEVRE_H_004-1024x644.jpg 1024w, https:\/\/yavaitcachezmeme.fr\/wp-content\/uploads\/2022\/03\/ST-GREGOIRE-DU-VIEVRE_H_004-1536x967.jpg 1536w, https:\/\/yavaitcachezmeme.fr\/wp-content\/uploads\/2022\/03\/ST-GREGOIRE-DU-VIEVRE_H_004-542x340.jpg 542w, https:\/\/yavaitcachezmeme.fr\/wp-content\/uploads\/2022\/03\/ST-GREGOIRE-DU-VIEVRE_H_004.jpg 1640w\" sizes=\"auto, (max-width: 820px) 100vw, 820px\" \/><\/p>\n<p style=\"text-align: center;\">La place de l&rsquo;\u00e9glise<\/p>\n<p><a href=\"https:\/\/www.google.com\/maps\/@49.2429429,0.635536,3a,75y,274.46h,93.58t\/data=!3m6!1e1!3m4!1ssk7bfBEA41qaLyVb__I0hg!2e0!7i13312!8i6656\" target=\"_blank\" rel=\"noopener\"><img loading=\"lazy\" decoding=\"async\" class=\"aligncenter wp-image-8272\" src=\"https:\/\/yavaitcachezmeme.fr\/wp-content\/uploads\/2022\/09\/unnamed.png\" alt=\"\" width=\"25\" height=\"25\" srcset=\"https:\/\/yavaitcachezmeme.fr\/wp-content\/uploads\/2022\/09\/unnamed.png 512w, https:\/\/yavaitcachezmeme.fr\/wp-content\/uploads\/2022\/09\/unnamed-150x150.png 150w\" sizes=\"auto, (max-width: 25px) 100vw, 25px\" \/><\/a><\/p>\n<p><img loading=\"lazy\" decoding=\"async\" class=\"aligncenter wp-image-8147\" src=\"https:\/\/yavaitcachezmeme.fr\/wp-content\/uploads\/2022\/09\/ST-GREGOIRE-DU-VIEVRE_H_009-600x381.jpg\" alt=\"\" width=\"820\" height=\"521\" srcset=\"https:\/\/yavaitcachezmeme.fr\/wp-content\/uploads\/2022\/09\/ST-GREGOIRE-DU-VIEVRE_H_009-600x381.jpg 600w, https:\/\/yavaitcachezmeme.fr\/wp-content\/uploads\/2022\/09\/ST-GREGOIRE-DU-VIEVRE_H_009-1024x650.jpg 1024w, https:\/\/yavaitcachezmeme.fr\/wp-content\/uploads\/2022\/09\/ST-GREGOIRE-DU-VIEVRE_H_009-1536x976.jpg 1536w, https:\/\/yavaitcachezmeme.fr\/wp-content\/uploads\/2022\/09\/ST-GREGOIRE-DU-VIEVRE_H_009.jpg 1612w\" sizes=\"auto, (max-width: 820px) 100vw, 820px\" \/><\/p>\n<p style=\"text-align: center;\">La place<\/p>\n<p><img loading=\"lazy\" decoding=\"async\" class=\"aligncenter wp-image-7163\" src=\"https:\/\/yavaitcachezmeme.fr\/wp-content\/uploads\/2022\/05\/ST-GREGOIRE-DU-VIEVRE_H_006-600x384.jpg\" alt=\"\" width=\"820\" height=\"525\" srcset=\"https:\/\/yavaitcachezmeme.fr\/wp-content\/uploads\/2022\/05\/ST-GREGOIRE-DU-VIEVRE_H_006-600x384.jpg 600w, https:\/\/yavaitcachezmeme.fr\/wp-content\/uploads\/2022\/05\/ST-GREGOIRE-DU-VIEVRE_H_006-1024x655.jpg 1024w, https:\/\/yavaitcachezmeme.fr\/wp-content\/uploads\/2022\/05\/ST-GREGOIRE-DU-VIEVRE_H_006-1536x983.jpg 1536w, https:\/\/yavaitcachezmeme.fr\/wp-content\/uploads\/2022\/05\/ST-GREGOIRE-DU-VIEVRE_H_006.jpg 1638w\" sizes=\"auto, (max-width: 820px) 100vw, 820px\" \/><\/p>\n<p style=\"text-align: center;\">Route du Vi\u00e8vre<\/p>\n<p><img loading=\"lazy\" decoding=\"async\" class=\"aligncenter wp-image-7486\" src=\"https:\/\/yavaitcachezmeme.fr\/wp-content\/uploads\/2022\/07\/ST-GREGOIRE-DU-VIEVRE_H_008-600x384.jpg\" alt=\"\" width=\"820\" height=\"525\" srcset=\"https:\/\/yavaitcachezmeme.fr\/wp-content\/uploads\/2022\/07\/ST-GREGOIRE-DU-VIEVRE_H_008-600x384.jpg 600w, https:\/\/yavaitcachezmeme.fr\/wp-content\/uploads\/2022\/07\/ST-GREGOIRE-DU-VIEVRE_H_008-1024x655.jpg 1024w, https:\/\/yavaitcachezmeme.fr\/wp-content\/uploads\/2022\/07\/ST-GREGOIRE-DU-VIEVRE_H_008-1536x983.jpg 1536w, https:\/\/yavaitcachezmeme.fr\/wp-content\/uploads\/2022\/07\/ST-GREGOIRE-DU-VIEVRE_H_008.jpg 1632w\" sizes=\"auto, (max-width: 820px) 100vw, 820px\" \/><\/p>\n<p style=\"text-align: center;\">Route du Vi\u00e8vre<\/p>\n<p><a href=\"https:\/\/www.google.com\/maps\/@49.2438001,0.6345955,3a,75y,78.5h,90.04t\/data=!3m6!1e1!3m4!1sWNP0Ehdp1jzS_i-Ewi9LGg!2e0!7i13312!8i6656\" target=\"_blank\" rel=\"noopener\"><img loading=\"lazy\" decoding=\"async\" class=\"aligncenter wp-image-8272\" src=\"https:\/\/yavaitcachezmeme.fr\/wp-content\/uploads\/2022\/09\/unnamed.png\" alt=\"\" width=\"25\" height=\"25\" srcset=\"https:\/\/yavaitcachezmeme.fr\/wp-content\/uploads\/2022\/09\/unnamed.png 512w, https:\/\/yavaitcachezmeme.fr\/wp-content\/uploads\/2022\/09\/unnamed-150x150.png 150w\" sizes=\"auto, (max-width: 25px) 100vw, 25px\" \/><\/a><\/p>\n<p><img loading=\"lazy\" decoding=\"async\" class=\"aligncenter wp-image-7077\" src=\"https:\/\/yavaitcachezmeme.fr\/wp-content\/uploads\/2022\/03\/ST-GREGOIRE-DU-VIEVRE_H_005-600x384.jpg\" alt=\"\" width=\"820\" height=\"524\" srcset=\"https:\/\/yavaitcachezmeme.fr\/wp-content\/uploads\/2022\/03\/ST-GREGOIRE-DU-VIEVRE_H_005-600x384.jpg 600w, https:\/\/yavaitcachezmeme.fr\/wp-content\/uploads\/2022\/03\/ST-GREGOIRE-DU-VIEVRE_H_005-1024x655.jpg 1024w, https:\/\/yavaitcachezmeme.fr\/wp-content\/uploads\/2022\/03\/ST-GREGOIRE-DU-VIEVRE_H_005-1536x982.jpg 1536w, https:\/\/yavaitcachezmeme.fr\/wp-content\/uploads\/2022\/03\/ST-GREGOIRE-DU-VIEVRE_H_005.jpg 1620w\" sizes=\"auto, (max-width: 820px) 100vw, 820px\" \/><\/p>\n<p style=\"text-align: center;\">Vue sur le village<\/p>\n<p><img loading=\"lazy\" decoding=\"async\" class=\"aligncenter wp-image-6330\" src=\"https:\/\/yavaitcachezmeme.fr\/wp-content\/uploads\/2021\/12\/ST-GREGOIRE-DU-VIEVRE_HM_001.jpg\" alt=\"\" width=\"850\" height=\"532\" srcset=\"https:\/\/yavaitcachezmeme.fr\/wp-content\/uploads\/2021\/12\/ST-GREGOIRE-DU-VIEVRE_HM_001.jpg 1603w, https:\/\/yavaitcachezmeme.fr\/wp-content\/uploads\/2021\/12\/ST-GREGOIRE-DU-VIEVRE_HM_001-600x376.jpg 600w, https:\/\/yavaitcachezmeme.fr\/wp-content\/uploads\/2021\/12\/ST-GREGOIRE-DU-VIEVRE_HM_001-1024x641.jpg 1024w, https:\/\/yavaitcachezmeme.fr\/wp-content\/uploads\/2021\/12\/ST-GREGOIRE-DU-VIEVRE_HM_001-1536x962.jpg 1536w, https:\/\/yavaitcachezmeme.fr\/wp-content\/uploads\/2021\/12\/ST-GREGOIRE-DU-VIEVRE_HM_001-542x340.jpg 542w\" sizes=\"auto, (max-width: 850px) 100vw, 850px\" \/><\/p>\n<p style=\"text-align: center;\">Vue a\u00e9rienne<\/p>\n<p><img loading=\"lazy\" decoding=\"async\" class=\"aligncenter wp-image-8448\" src=\"https:\/\/yavaitcachezmeme.fr\/wp-content\/uploads\/2022\/10\/ST-GREGOIRE-DU-VIEVRE_HM_002-600x384.jpg\" alt=\"\" width=\"850\" height=\"544\" srcset=\"https:\/\/yavaitcachezmeme.fr\/wp-content\/uploads\/2022\/10\/ST-GREGOIRE-DU-VIEVRE_HM_002-600x384.jpg 600w, https:\/\/yavaitcachezmeme.fr\/wp-content\/uploads\/2022\/10\/ST-GREGOIRE-DU-VIEVRE_HM_002-1024x656.jpg 1024w, https:\/\/yavaitcachezmeme.fr\/wp-content\/uploads\/2022\/10\/ST-GREGOIRE-DU-VIEVRE_HM_002-1536x983.jpg 1536w, https:\/\/yavaitcachezmeme.fr\/wp-content\/uploads\/2022\/10\/ST-GREGOIRE-DU-VIEVRE_HM_002.jpg 1612w\" sizes=\"auto, (max-width: 850px) 100vw, 850px\" \/><\/p>\n<p style=\"text-align: center;\">Vue a\u00e9rienne<\/p>\n<p><img loading=\"lazy\" decoding=\"async\" class=\"aligncenter wp-image-13274\" src=\"https:\/\/yavaitcachezmeme.fr\/wp-content\/uploads\/2025\/11\/ST-GREGOIRE-DU-VIEVRE_H_013-382x600.jpg\" alt=\"\" width=\"475\" height=\"745\" srcset=\"https:\/\/yavaitcachezmeme.fr\/wp-content\/uploads\/2025\/11\/ST-GREGOIRE-DU-VIEVRE_H_013-382x600.jpg 382w, https:\/\/yavaitcachezmeme.fr\/wp-content\/uploads\/2025\/11\/ST-GREGOIRE-DU-VIEVRE_H_013-653x1024.jpg 653w, https:\/\/yavaitcachezmeme.fr\/wp-content\/uploads\/2025\/11\/ST-GREGOIRE-DU-VIEVRE_H_013-979x1536.jpg 979w, https:\/\/yavaitcachezmeme.fr\/wp-content\/uploads\/2025\/11\/ST-GREGOIRE-DU-VIEVRE_H_013.jpg 1012w\" sizes=\"auto, (max-width: 475px) 100vw, 475px\" \/><\/p>\n<p style=\"text-align: center;\">Un bonjour de St Gr\u00e9goire du Vi\u00e8vre<\/p>\n<p style=\"text-align: center;\"><span style=\"color: #ff6600;\"><strong>~o~<\/strong><\/span><\/p>\n<p style=\"text-align: justify;\">Quelques communes de l&rsquo;ancien canton de <span style=\"color: #ff6600;\"><strong>St-Georges-du-Vi\u00e8vre<\/strong><\/span> \u00e0 visiter en cliquant sur les liens suivants :<\/p>\n<p><strong><a href=\"https:\/\/yavaitcachezmeme.fr\/index.php\/autour-de-st-georges-du-vievre\/epreville-en-lieuvin\/\">Epreville-en-Lieuvin<\/a> &#8211;\u00a0<a href=\"https:\/\/yavaitcachezmeme.fr\/index.php\/autour-de-st-georges-du-vievre\/st-benoit-des-ombres\/\">St-Beno\u00eet-des-Ombres<\/a> &#8211; <a href=\"https:\/\/yavaitcachezmeme.fr\/index.php\/autour-de-st-georges-du-vievre\/st-etienne-lallier\/\">St-Etienne-l&rsquo;Allier<\/a> &#8211; <a href=\"https:\/\/yavaitcachezmeme.fr\/index.php\/autour-de-st-georges-du-vievre\/st-georges-du-mesnil\/\">St-Georges-du-Mesnil<\/a> &#8211; <a href=\"https:\/\/yavaitcachezmeme.fr\/index.php\/autour-de-st-georges-du-vievre\/st-georges-du-vievre\/\">St-Georges-du-Vi\u00e8vre<\/a> &#8211; <a href=\"https:\/\/yavaitcachezmeme.fr\/index.php\/autour-de-st-georges-du-vievre\/st-gregoire-du-vievre\/\">St-Gr\u00e9goire-du-Vi\u00e8vre<\/a><\/strong><\/p>\n<p><img loading=\"lazy\" decoding=\"async\" class=\"aligncenter wp-image-6269\" src=\"https:\/\/yavaitcachezmeme.fr\/wp-content\/uploads\/2021\/12\/Autour-de-St-Georges-600x400.jpg\" alt=\"\" width=\"800\" height=\"533\" srcset=\"https:\/\/yavaitcachezmeme.fr\/wp-content\/uploads\/2021\/12\/Autour-de-St-Georges-600x400.jpg 600w, https:\/\/yavaitcachezmeme.fr\/wp-content\/uploads\/2021\/12\/Autour-de-St-Georges-1024x683.jpg 1024w, https:\/\/yavaitcachezmeme.fr\/wp-content\/uploads\/2021\/12\/Autour-de-St-Georges-1536x1024.jpg 1536w, https:\/\/yavaitcachezmeme.fr\/wp-content\/uploads\/2021\/12\/Autour-de-St-Georges-2048x1365.jpg 2048w\" sizes=\"auto, (max-width: 800px) 100vw, 800px\" \/><\/p>\n<\/div>\n","protected":false},"excerpt":{"rendered":"<p>Situ\u00e9e \u00e0 l&rsquo;Est de St-Georges-du-Vi\u00e8vre, Saint-Gr\u00e9goire-du-Vi\u00e8vre recense 312 habitants en 2018 contre 353 en 1911. ~o~ L&rsquo;\u00e9glise L&rsquo;\u00e9glise L&rsquo;\u00e9glise L&rsquo;\u00e9glise Int\u00e9rieur de l&rsquo;\u00e9glise&#8230;<\/p>\n","protected":false},"author":1,"featured_media":0,"parent":6299,"menu_order":550,"comment_status":"closed","ping_status":"closed","template":"","meta":{"footnotes":""},"class_list":["post-6336","page","type-page","status-publish","hentry"],"_links":{"self":[{"href":"https:\/\/yavaitcachezmeme.fr\/index.php\/wp-json\/wp\/v2\/pages\/6336","targetHints":{"allow":["GET"]}}],"collection":[{"href":"https:\/\/yavaitcachezmeme.fr\/index.php\/wp-json\/wp\/v2\/pages"}],"about":[{"href":"https:\/\/yavaitcachezmeme.fr\/index.php\/wp-json\/wp\/v2\/types\/page"}],"author":[{"embeddable":true,"href":"https:\/\/yavaitcachezmeme.fr\/index.php\/wp-json\/wp\/v2\/users\/1"}],"replies":[{"embeddable":true,"href":"https:\/\/yavaitcachezmeme.fr\/index.php\/wp-json\/wp\/v2\/comments?post=6336"}],"version-history":[{"count":31,"href":"https:\/\/yavaitcachezmeme.fr\/index.php\/wp-json\/wp\/v2\/pages\/6336\/revisions"}],"predecessor-version":[{"id":13287,"href":"https:\/\/yavaitcachezmeme.fr\/index.php\/wp-json\/wp\/v2\/pages\/6336\/revisions\/13287"}],"up":[{"embeddable":true,"href":"https:\/\/yavaitcachezmeme.fr\/index.php\/wp-json\/wp\/v2\/pages\/6299"}],"wp:attachment":[{"href":"https:\/\/yavaitcachezmeme.fr\/index.php\/wp-json\/wp\/v2\/media?parent=6336"}],"curies":[{"name":"wp","href":"https:\/\/api.w.org\/{rel}","templated":true}]}}