{"id":6461,"date":"2021-12-11T07:25:05","date_gmt":"2021-12-11T06:25:05","guid":{"rendered":"https:\/\/yavaitcachezmeme.fr\/?page_id=6461"},"modified":"2026-03-02T05:27:58","modified_gmt":"2026-03-02T04:27:58","slug":"capelle-les-grands","status":"publish","type":"page","link":"https:\/\/yavaitcachezmeme.fr\/index.php\/autour-de-broglie\/capelle-les-grands\/","title":{"rendered":"Capelle-les-Grands"},"content":{"rendered":"<div style=\"font-size: 120%; font-family: georgia;\">\n<p style=\"text-align: justify;\">Situ\u00e9e au Nord-Ouest de Broglie, <span style=\"color: #ff6600;\"><strong>Capelle-les-Grands<\/strong><\/span> recense 422 habitants en 2013 contre 478 en 1911.<\/p>\n<p style=\"text-align: center;\"><span style=\"color: #ff6600;\"><strong>~o~<\/strong><\/span><\/p>\n<p><img loading=\"lazy\" decoding=\"async\" class=\"aligncenter wp-image-13375\" src=\"https:\/\/yavaitcachezmeme.fr\/wp-content\/uploads\/2026\/03\/CAPELLE-LES-GRANDS_H_003-600x380.jpg\" alt=\"\" width=\"820\" height=\"519\" srcset=\"https:\/\/yavaitcachezmeme.fr\/wp-content\/uploads\/2026\/03\/CAPELLE-LES-GRANDS_H_003-600x380.jpg 600w, https:\/\/yavaitcachezmeme.fr\/wp-content\/uploads\/2026\/03\/CAPELLE-LES-GRANDS_H_003-1024x648.jpg 1024w, https:\/\/yavaitcachezmeme.fr\/wp-content\/uploads\/2026\/03\/CAPELLE-LES-GRANDS_H_003-1536x973.jpg 1536w, https:\/\/yavaitcachezmeme.fr\/wp-content\/uploads\/2026\/03\/CAPELLE-LES-GRANDS_H_003.jpg 1636w\" sizes=\"auto, (max-width: 820px) 100vw, 820px\" \/><\/p>\n<p style=\"text-align: center;\">Int\u00e9rieur de l&rsquo;\u00e9glise<\/p>\n<p><img loading=\"lazy\" decoding=\"async\" class=\"wp-image-13339 aligncenter\" src=\"https:\/\/yavaitcachezmeme.fr\/wp-content\/uploads\/2026\/01\/CAPELLE-LES-GRANDS_H_002-600x379.jpg\" alt=\"\" width=\"820\" height=\"518\" srcset=\"https:\/\/yavaitcachezmeme.fr\/wp-content\/uploads\/2026\/01\/CAPELLE-LES-GRANDS_H_002-600x379.jpg 600w, https:\/\/yavaitcachezmeme.fr\/wp-content\/uploads\/2026\/01\/CAPELLE-LES-GRANDS_H_002-1024x647.jpg 1024w, https:\/\/yavaitcachezmeme.fr\/wp-content\/uploads\/2026\/01\/CAPELLE-LES-GRANDS_H_002-1536x971.jpg 1536w, https:\/\/yavaitcachezmeme.fr\/wp-content\/uploads\/2026\/01\/CAPELLE-LES-GRANDS_H_002.jpg 1620w\" sizes=\"auto, (max-width: 820px) 100vw, 820px\" \/><\/p>\n<p style=\"text-align: center;\">Vue sur l&rsquo;\u00e9glise depuis la route de Grand-Camp<\/p>\n<p><a href=\"https:\/\/www.google.fr\/maps\/@49.0462929,0.4757887,3a,48.8y,251.09h,96.12t\/data=!3m7!1e1!3m5!1sQ2HkGNRK8lKSWRsYPX18Tg!2e0!6shttps:%2F%2Fstreetviewpixels-pa.googleapis.com%2Fv1%2Fthumbnail%3Fcb_client%3Dmaps_sv.tactile%26w%3D900%26h%3D600%26pitch%3D-6.1223846249951634%26panoid%3DQ2HkGNRK8lKSWRsYPX18Tg%26yaw%3D251.0934286958394!7i13312!8i6656?entry=ttu&amp;g_ep=EgoyMDI2MDExMy4wIKXMDSoASAFQAw%3D%3D\" target=\"_blank\" rel=\"noopener\"><img loading=\"lazy\" decoding=\"async\" class=\"aligncenter wp-image-12987\" src=\"https:\/\/yavaitcachezmeme.fr\/wp-content\/uploads\/2025\/05\/Point.png\" alt=\"\" width=\"21\" height=\"30\" \/><\/a><\/p>\n<p><img loading=\"lazy\" decoding=\"async\" class=\"aligncenter wp-image-12718\" src=\"https:\/\/yavaitcachezmeme.fr\/wp-content\/uploads\/2025\/02\/CAPELLE-LES-GRANDS_P-V_001_1966-09-02-423x600.jpg\" alt=\"\" width=\"525\" height=\"745\" srcset=\"https:\/\/yavaitcachezmeme.fr\/wp-content\/uploads\/2025\/02\/CAPELLE-LES-GRANDS_P-V_001_1966-09-02-423x600.jpg 423w, https:\/\/yavaitcachezmeme.fr\/wp-content\/uploads\/2025\/02\/CAPELLE-LES-GRANDS_P-V_001_1966-09-02-722x1024.jpg 722w, https:\/\/yavaitcachezmeme.fr\/wp-content\/uploads\/2025\/02\/CAPELLE-LES-GRANDS_P-V_001_1966-09-02.jpg 1032w\" sizes=\"auto, (max-width: 525px) 100vw, 525px\" \/><\/p>\n<p style=\"text-align: center;\">Photo anonyme d\u2019un amateur de vieilles pierres<br \/>\nL&rsquo;\u00e9glise de Capelle les grands &#8211; 02\/09\/1966<\/p>\n<p><img loading=\"lazy\" decoding=\"async\" class=\"aligncenter wp-image-12717\" src=\"https:\/\/yavaitcachezmeme.fr\/wp-content\/uploads\/2025\/02\/CAPELLE-LES-GRANDS_P-H_001_1966-09-02-600x417.jpg\" alt=\"\" width=\"820\" height=\"570\" srcset=\"https:\/\/yavaitcachezmeme.fr\/wp-content\/uploads\/2025\/02\/CAPELLE-LES-GRANDS_P-H_001_1966-09-02-600x417.jpg 600w, https:\/\/yavaitcachezmeme.fr\/wp-content\/uploads\/2025\/02\/CAPELLE-LES-GRANDS_P-H_001_1966-09-02-1024x712.jpg 1024w, https:\/\/yavaitcachezmeme.fr\/wp-content\/uploads\/2025\/02\/CAPELLE-LES-GRANDS_P-H_001_1966-09-02.jpg 1472w\" sizes=\"auto, (max-width: 820px) 100vw, 820px\" \/><\/p>\n<p style=\"text-align: center;\">Photo anonyme d\u2019un amateur de vieilles pierres<br \/>\nLe prieur\u00e9 de Maupas &#8211; 02\/09\/1966<\/p>\n<p><img loading=\"lazy\" decoding=\"async\" class=\"aligncenter wp-image-6460\" src=\"https:\/\/yavaitcachezmeme.fr\/wp-content\/uploads\/2021\/12\/CAPELLE-LES-GRANDS_H_001.jpg\" alt=\"\" width=\"820\" height=\"523\" srcset=\"https:\/\/yavaitcachezmeme.fr\/wp-content\/uploads\/2021\/12\/CAPELLE-LES-GRANDS_H_001.jpg 818w, https:\/\/yavaitcachezmeme.fr\/wp-content\/uploads\/2021\/12\/CAPELLE-LES-GRANDS_H_001-600x383.jpg 600w\" sizes=\"auto, (max-width: 820px) 100vw, 820px\" \/><\/p>\n<p style=\"text-align: center;\">Caf\u00e9 &#8211; \u00c9picerie L. BULARD<\/p>\n<p><a href=\"https:\/\/www.google.fr\/maps\/@49.0541727,0.4770795,3a,90y,330.18h,91.36t\/data=!3m6!1e1!3m4!1sFSzrQ72gZNgQFlCt5RWMEg!2e0!7i16384!8i8192\" target=\"_blank\" rel=\"noopener\"><img loading=\"lazy\" decoding=\"async\" class=\"aligncenter wp-image-8272\" src=\"https:\/\/yavaitcachezmeme.fr\/wp-content\/uploads\/2025\/05\/Point.png\" alt=\"\" width=\"21\" height=\"30\" \/><\/a><\/p>\n<p style=\"text-align: center;\"><span style=\"color: #ff6600;\"><strong>~o~<\/strong><\/span><\/p>\n<p style=\"text-align: justify;\">Les communes de l&rsquo;ancien canton de <span style=\"color: #ff6600;\"><strong>Broglie<\/strong><\/span>\u00a0\u00e0 visiter en cliquant sur les liens suivants :<\/p>\n<p style=\"text-align: justify;\"><strong><a href=\"http:\/\/yavaitcachezmeme.fr\/index.php\/les-environs\/broglie\/\">Broglie<\/a>\u00a0 &#8211; <a href=\"https:\/\/yavaitcachezmeme.fr\/index.php\/autour-de-broglie\/capelle-les-grands\/\">Capelle-les-Grands<\/a> &#8211; <a href=\"https:\/\/yavaitcachezmeme.fr\/index.php\/autour-de-broglie\/le-chamblac\/\">Le Chamblac<\/a> &#8211; <a href=\"https:\/\/yavaitcachezmeme.fr\/index.php\/autour-de-broglie\/la-chapelle-gauthier\/\">La Chapelle-Gauthier<\/a> &#8211; <a href=\"http:\/\/yavaitcachezmeme.fr\/index.php\/les-environs\/ferrieres-st-hilaire\/\">Ferri\u00e8res-St-Hilaire<\/a>\u00a0 &#8211; <a href=\"https:\/\/yavaitcachezmeme.fr\/index.php\/autour-de-broglie\/la-goulafriere\/\">La Goulafri\u00e8re<\/a> &#8211; <a href=\"http:\/\/yavaitcachezmeme.fr\/index.php\/les-environs\/grand-camp\/\">Grand-Camp<\/a>\u00a0 &#8211; <a href=\"https:\/\/yavaitcachezmeme.fr\/index.php\/autour-de-broglie\/melicourt\/\">M\u00e9licourt<\/a> &#8211; <a href=\"https:\/\/yavaitcachezmeme.fr\/index.php\/autour-de-broglie\/mesnil-rousset\/\">Mesnil-Rousset<\/a> &#8211; <a href=\"https:\/\/yavaitcachezmeme.fr\/index.php\/autour-de-broglie\/montreuil-largille\/\">Montreuil l&rsquo;Argill\u00e9<\/a> &#8211; <a href=\"https:\/\/yavaitcachezmeme.fr\/index.php\/autour-de-broglie\/notre-dame-du-hamel\/\">Notre-Dame-du-Hamel<\/a> &#8211; <a href=\"https:\/\/yavaitcachezmeme.fr\/index.php\/autour-de-broglie\/st-agnan-de-cernieres\/\">St-Agnan-de-Cerni\u00e8res<\/a> &#8211; <a href=\"https:\/\/yavaitcachezmeme.fr\/index.php\/autour-de-broglie\/st-aubin-du-thenney\/\">St-Aubin-du-Thenney<\/a> &#8211; <a href=\"https:\/\/yavaitcachezmeme.fr\/index.php\/autour-de-broglie\/st-denis-daugerons\/\">St-Denis-d&rsquo;Augerons<\/a> &#8211; <a href=\"https:\/\/yavaitcachezmeme.fr\/index.php\/autour-de-broglie\/st-jean-du-thenney\/\">St-Jean-du-Thenney<\/a> &#8211; <a href=\"https:\/\/yavaitcachezmeme.fr\/index.php\/autour-de-broglie\/st-pierre-de-cernieres\/\">St-Pierre-de-Cerni\u00e8res<\/a> &#8211; <a href=\"https:\/\/yavaitcachezmeme.fr\/index.php\/autour-de-broglie\/st-quentin-des-isles\/\">St-Quentin-des-Isles<\/a> &#8211; <a href=\"https:\/\/yavaitcachezmeme.fr\/index.php\/autour-de-broglie\/la-trinite-de-reville\/\">La Trinit\u00e9-de-R\u00e9ville<\/a> &#8211; <a href=\"https:\/\/yavaitcachezmeme.fr\/index.php\/autour-de-broglie\/verneusses\/\">Verneusses<\/a><\/strong><\/p>\n<p><img loading=\"lazy\" decoding=\"async\" class=\"aligncenter wp-image-6268\" src=\"https:\/\/yavaitcachezmeme.fr\/wp-content\/uploads\/2021\/12\/Autour-de-Broglie-600x433.jpg\" alt=\"\" width=\"800\" height=\"578\" srcset=\"https:\/\/yavaitcachezmeme.fr\/wp-content\/uploads\/2021\/12\/Autour-de-Broglie-600x433.jpg 600w, https:\/\/yavaitcachezmeme.fr\/wp-content\/uploads\/2021\/12\/Autour-de-Broglie-1024x739.jpg 1024w, https:\/\/yavaitcachezmeme.fr\/wp-content\/uploads\/2021\/12\/Autour-de-Broglie-1536x1109.jpg 1536w, https:\/\/yavaitcachezmeme.fr\/wp-content\/uploads\/2021\/12\/Autour-de-Broglie-2048x1479.jpg 2048w\" sizes=\"auto, (max-width: 800px) 100vw, 800px\" \/><\/p>\n<p style=\"text-align: justify;\">Je n&rsquo;ai pas oubli\u00e9 <strong>St-Laurent-du-Tencement<\/strong>\u00a0mais pour l&rsquo;instant je n&rsquo;ai rien \u00e0 vous proposer.<\/p>\n<\/div>\n","protected":false},"excerpt":{"rendered":"<p>Situ\u00e9e au Nord-Ouest de Broglie, Capelle-les-Grands recense 422 habitants en 2013 contre 478 en 1911. ~o~ Int\u00e9rieur de l&rsquo;\u00e9glise Vue sur l&rsquo;\u00e9glise depuis&#8230;<\/p>\n","protected":false},"author":1,"featured_media":0,"parent":5279,"menu_order":130,"comment_status":"closed","ping_status":"closed","template":"","meta":{"footnotes":""},"class_list":["post-6461","page","type-page","status-publish","hentry"],"_links":{"self":[{"href":"https:\/\/yavaitcachezmeme.fr\/index.php\/wp-json\/wp\/v2\/pages\/6461","targetHints":{"allow":["GET"]}}],"collection":[{"href":"https:\/\/yavaitcachezmeme.fr\/index.php\/wp-json\/wp\/v2\/pages"}],"about":[{"href":"https:\/\/yavaitcachezmeme.fr\/index.php\/wp-json\/wp\/v2\/types\/page"}],"author":[{"embeddable":true,"href":"https:\/\/yavaitcachezmeme.fr\/index.php\/wp-json\/wp\/v2\/users\/1"}],"replies":[{"embeddable":true,"href":"https:\/\/yavaitcachezmeme.fr\/index.php\/wp-json\/wp\/v2\/comments?post=6461"}],"version-history":[{"count":18,"href":"https:\/\/yavaitcachezmeme.fr\/index.php\/wp-json\/wp\/v2\/pages\/6461\/revisions"}],"predecessor-version":[{"id":13379,"href":"https:\/\/yavaitcachezmeme.fr\/index.php\/wp-json\/wp\/v2\/pages\/6461\/revisions\/13379"}],"up":[{"embeddable":true,"href":"https:\/\/yavaitcachezmeme.fr\/index.php\/wp-json\/wp\/v2\/pages\/5279"}],"wp:attachment":[{"href":"https:\/\/yavaitcachezmeme.fr\/index.php\/wp-json\/wp\/v2\/media?parent=6461"}],"curies":[{"name":"wp","href":"https:\/\/api.w.org\/{rel}","templated":true}]}}