{"id":6502,"date":"2021-12-11T15:47:55","date_gmt":"2021-12-11T14:47:55","guid":{"rendered":"https:\/\/yavaitcachezmeme.fr\/?page_id=6502"},"modified":"2023-12-31T07:17:30","modified_gmt":"2023-12-31T06:17:30","slug":"le-noyer-en-ouche","status":"publish","type":"page","link":"https:\/\/yavaitcachezmeme.fr\/index.php\/autour-de-beaumesnil\/le-noyer-en-ouche\/","title":{"rendered":"Le Noyer-en-Ouche"},"content":{"rendered":"<div style=\"font-size: 120%; font-family: georgia;\">\n<p style=\"text-align: justify;\">Situ\u00e9e au Sud-Est de Beaumesnil, <span style=\"color: #ff6600;\"><strong>Le Noyer-en-Ouche<\/strong><\/span> recense 228 habitants en 2018 contre 327 en 1911.<\/p>\n<p style=\"text-align: center;\"><span style=\"color: #ff6600;\"><strong>~o~<\/strong><\/span><\/p>\n<p><img loading=\"lazy\" decoding=\"async\" class=\"aligncenter wp-image-6493\" src=\"https:\/\/yavaitcachezmeme.fr\/wp-content\/uploads\/2021\/12\/NOYER-EN-OUCHE-LE_H_001-600x379.jpg\" alt=\"\" width=\"800\" height=\"505\" srcset=\"https:\/\/yavaitcachezmeme.fr\/wp-content\/uploads\/2021\/12\/NOYER-EN-OUCHE-LE_H_001-600x379.jpg 600w, https:\/\/yavaitcachezmeme.fr\/wp-content\/uploads\/2021\/12\/NOYER-EN-OUCHE-LE_H_001-1024x647.jpg 1024w, https:\/\/yavaitcachezmeme.fr\/wp-content\/uploads\/2021\/12\/NOYER-EN-OUCHE-LE_H_001-1536x970.jpg 1536w, https:\/\/yavaitcachezmeme.fr\/wp-content\/uploads\/2021\/12\/NOYER-EN-OUCHE-LE_H_001.jpg 1612w\" sizes=\"auto, (max-width: 800px) 100vw, 800px\" \/><\/p>\n<p style=\"text-align: center;\">Caf\u00e9 \u00c9picerie Cousin<\/p>\n<p><img loading=\"lazy\" decoding=\"async\" class=\"aligncenter wp-image-10605\" src=\"https:\/\/yavaitcachezmeme.fr\/wp-content\/uploads\/2023\/08\/NOYER-EN-OUCHE-LE_V_001-389x600.jpg\" alt=\"\" width=\"475\" height=\"733\" srcset=\"https:\/\/yavaitcachezmeme.fr\/wp-content\/uploads\/2023\/08\/NOYER-EN-OUCHE-LE_V_001-389x600.jpg 389w, https:\/\/yavaitcachezmeme.fr\/wp-content\/uploads\/2023\/08\/NOYER-EN-OUCHE-LE_V_001-664x1024.jpg 664w, https:\/\/yavaitcachezmeme.fr\/wp-content\/uploads\/2023\/08\/NOYER-EN-OUCHE-LE_V_001-996x1536.jpg 996w, https:\/\/yavaitcachezmeme.fr\/wp-content\/uploads\/2023\/08\/NOYER-EN-OUCHE-LE_V_001.jpg 1032w\" sizes=\"auto, (max-width: 475px) 100vw, 475px\" \/><\/p>\n<p style=\"text-align: center;\">Caf\u00e9 R. Lebret<\/p>\n<p><img loading=\"lazy\" decoding=\"async\" class=\"aligncenter wp-image-9631\" src=\"https:\/\/yavaitcachezmeme.fr\/wp-content\/uploads\/2023\/02\/NOYER-EN-OUCHE-LE_H_002-600x376.jpg\" alt=\"\" width=\"820\" height=\"514\" srcset=\"https:\/\/yavaitcachezmeme.fr\/wp-content\/uploads\/2023\/02\/NOYER-EN-OUCHE-LE_H_002-600x376.jpg 600w, https:\/\/yavaitcachezmeme.fr\/wp-content\/uploads\/2023\/02\/NOYER-EN-OUCHE-LE_H_002-1024x642.jpg 1024w, https:\/\/yavaitcachezmeme.fr\/wp-content\/uploads\/2023\/02\/NOYER-EN-OUCHE-LE_H_002-1536x962.jpg 1536w, https:\/\/yavaitcachezmeme.fr\/wp-content\/uploads\/2023\/02\/NOYER-EN-OUCHE-LE_H_002-542x340.jpg 542w, https:\/\/yavaitcachezmeme.fr\/wp-content\/uploads\/2023\/02\/NOYER-EN-OUCHE-LE_H_002.jpg 1628w\" sizes=\"auto, (max-width: 820px) 100vw, 820px\" \/><\/p>\n<p style=\"text-align: center;\">Caf\u00e9 \u00c9picerie A. Beaudoin<\/p>\n<p style=\"text-align: center;\"><span style=\"color: #ff6600;\"><strong>~o~<\/strong><\/span><\/p>\n<p style=\"text-align: justify;\">Les communes de l&rsquo;ancien canton de <span style=\"color: #ff6600;\"><strong>Beaumesnil<\/strong><\/span>, auxquelles j&rsquo;ai rajout\u00e9 <strong>Champignolles<\/strong> et <strong>La Haye-St-Sylvestre<\/strong> de l&rsquo;ancien canton de Conches-en-Ouche \u00e0 visiter en cliquant sur les liens suivants :<\/p>\n<p style=\"text-align: justify;\"><strong><a href=\"https:\/\/yavaitcachezmeme.fr\/index.php\/autour-de-beaumesnil\/ajou\/\">Ajou<\/a> &#8211; <a href=\"https:\/\/yavaitcachezmeme.fr\/index.php\/autour-de-beaumesnil\/la-barre-en-ouche\/\">La Barre en Ouche<\/a> &#8211; <a href=\"https:\/\/yavaitcachezmeme.fr\/index.php\/autour-de-beaumesnil\/beaumesnil\/\">Beaumesnil<\/a>\u00a0 &#8211;\u00a0 <a href=\"https:\/\/yavaitcachezmeme.fr\/index.php\/autour-de-beaumesnil\/champignolles\/\">Champignolles<\/a> &#8211; <a href=\"https:\/\/yavaitcachezmeme.fr\/index.php\/autour-de-beaumesnil\/epinay\/\">Epinay<\/a> &#8211; <a href=\"https:\/\/yavaitcachezmeme.fr\/index.php\/autour-de-beaumesnil\/gisay-la-coudre\/\">Gisay-la-Coudre<\/a> &#8211; <a href=\"https:\/\/yavaitcachezmeme.fr\/index.php\/autour-de-beaumesnil\/gouttieres\/\">Goutti\u00e8res<\/a> &#8211; <a href=\"http:\/\/yavaitcachezmeme.fr\/index.php\/les-environs\/granchain\/\">Granchain<\/a>\u00a0 &#8211; <a href=\"https:\/\/yavaitcachezmeme.fr\/index.php\/autour-de-beaumesnil\/la-haye-saint-sylvestre\/\">La Haye Saint Sylvestre<\/a> &#8211; <a href=\"https:\/\/yavaitcachezmeme.fr\/index.php\/autour-de-beaumesnil\/jonquerets-de-livet\/\">Les Jonquerets de Livet<\/a> &#8211; <a href=\"https:\/\/yavaitcachezmeme.fr\/index.php\/autour-de-beaumesnil\/landepereuse\/\">Landep\u00e9reuse<\/a> &#8211; <a href=\"https:\/\/yavaitcachezmeme.fr\/index.php\/autour-de-beaumesnil\/le-noyer-en-ouche\/\">Le Noyer-en-Ouche<\/a> &#8211; <a href=\"https:\/\/yavaitcachezmeme.fr\/index.php\/autour-de-beaumesnil\/la-roussiere\/\">La Roussi\u00e8re<\/a> &#8211; <a href=\"https:\/\/yavaitcachezmeme.fr\/index.php\/autour-de-beaumesnil\/st-aubin-des-hayes\/\">St-Aubin-des-Hayes<\/a> &#8211; <a href=\"https:\/\/yavaitcachezmeme.fr\/index.php\/autour-de-beaumesnil\/st-pierre-du-mesnil\/\">St-Pierre-du-Mesnil<\/a> &#8211; <a href=\"https:\/\/yavaitcachezmeme.fr\/index.php\/autour-de-beaumesnil\/thevray\/\">Thevray<\/a><\/strong><\/p>\n<p><img loading=\"lazy\" decoding=\"async\" class=\"aligncenter wp-image-6265\" src=\"https:\/\/yavaitcachezmeme.fr\/wp-content\/uploads\/2021\/12\/Autour-de-Beaumesnil-600x400.jpg\" alt=\"\" width=\"800\" height=\"533\" srcset=\"https:\/\/yavaitcachezmeme.fr\/wp-content\/uploads\/2021\/12\/Autour-de-Beaumesnil-600x400.jpg 600w, https:\/\/yavaitcachezmeme.fr\/wp-content\/uploads\/2021\/12\/Autour-de-Beaumesnil-1024x683.jpg 1024w, https:\/\/yavaitcachezmeme.fr\/wp-content\/uploads\/2021\/12\/Autour-de-Beaumesnil-1536x1024.jpg 1536w, https:\/\/yavaitcachezmeme.fr\/wp-content\/uploads\/2021\/12\/Autour-de-Beaumesnil-2048x1365.jpg 2048w\" sizes=\"auto, (max-width: 800px) 100vw, 800px\" \/><\/p>\n<p style=\"text-align: justify;\">Je n&rsquo;ai pas oubli\u00e9 : <strong>Bosc-Renoult-en-Ouche, St-Aubin-le-Guichard <\/strong>et<strong> Ste-Marguerite-en-Ouche<\/strong>, mais pour l&rsquo;instant je n&rsquo;ai rien \u00e0 vous proposer.<\/p>\n<\/div>\n","protected":false},"excerpt":{"rendered":"<p>Situ\u00e9e au Sud-Est de Beaumesnil, Le Noyer-en-Ouche recense 228 habitants en 2018 contre 327 en 1911. ~o~ Caf\u00e9 \u00c9picerie Cousin Caf\u00e9 R. Lebret&#8230;<\/p>\n","protected":false},"author":1,"featured_media":0,"parent":5277,"menu_order":444,"comment_status":"closed","ping_status":"closed","template":"","meta":{"footnotes":""},"class_list":["post-6502","page","type-page","status-publish","hentry"],"_links":{"self":[{"href":"https:\/\/yavaitcachezmeme.fr\/index.php\/wp-json\/wp\/v2\/pages\/6502","targetHints":{"allow":["GET"]}}],"collection":[{"href":"https:\/\/yavaitcachezmeme.fr\/index.php\/wp-json\/wp\/v2\/pages"}],"about":[{"href":"https:\/\/yavaitcachezmeme.fr\/index.php\/wp-json\/wp\/v2\/types\/page"}],"author":[{"embeddable":true,"href":"https:\/\/yavaitcachezmeme.fr\/index.php\/wp-json\/wp\/v2\/users\/1"}],"replies":[{"embeddable":true,"href":"https:\/\/yavaitcachezmeme.fr\/index.php\/wp-json\/wp\/v2\/comments?post=6502"}],"version-history":[{"count":14,"href":"https:\/\/yavaitcachezmeme.fr\/index.php\/wp-json\/wp\/v2\/pages\/6502\/revisions"}],"predecessor-version":[{"id":11571,"href":"https:\/\/yavaitcachezmeme.fr\/index.php\/wp-json\/wp\/v2\/pages\/6502\/revisions\/11571"}],"up":[{"embeddable":true,"href":"https:\/\/yavaitcachezmeme.fr\/index.php\/wp-json\/wp\/v2\/pages\/5277"}],"wp:attachment":[{"href":"https:\/\/yavaitcachezmeme.fr\/index.php\/wp-json\/wp\/v2\/media?parent=6502"}],"curies":[{"name":"wp","href":"https:\/\/api.w.org\/{rel}","templated":true}]}}