{"id":6519,"date":"2021-12-12T07:20:08","date_gmt":"2021-12-12T06:20:08","guid":{"rendered":"https:\/\/yavaitcachezmeme.fr\/?page_id=6519"},"modified":"2025-11-24T17:52:35","modified_gmt":"2025-11-24T16:52:35","slug":"st-pierre-du-mesnil","status":"publish","type":"page","link":"https:\/\/yavaitcachezmeme.fr\/index.php\/autour-de-beaumesnil\/st-pierre-du-mesnil\/","title":{"rendered":"St-Pierre-du-Mesnil"},"content":{"rendered":"<div style=\"font-size: 120%; font-family: georgia;\">\n<p style=\"text-align: justify;\">Situ\u00e9e au Sud-Ouest de Beaumesnil, <span style=\"color: #ff6600;\"><strong>Saint-Pierre-du-Mesnil<\/strong><\/span> recense 102 habitants en 2013 contre 165 en 1911. Elle fait partie depuis le 1er janvier 2016, de la commune nouvelle de Mesnil-en-Ouche.<\/p>\n<p style=\"text-align: center;\"><span style=\"color: #ff6600;\"><strong>~o~<\/strong><\/span><\/p>\n<p><img loading=\"lazy\" decoding=\"async\" class=\"aligncenter wp-image-10570\" src=\"https:\/\/yavaitcachezmeme.fr\/wp-content\/uploads\/2023\/08\/ST-PIERRE-DU-MESNIL_H_006-600x380.jpg\" alt=\"\" width=\"820\" height=\"519\" srcset=\"https:\/\/yavaitcachezmeme.fr\/wp-content\/uploads\/2023\/08\/ST-PIERRE-DU-MESNIL_H_006-600x380.jpg 600w, https:\/\/yavaitcachezmeme.fr\/wp-content\/uploads\/2023\/08\/ST-PIERRE-DU-MESNIL_H_006-1024x648.jpg 1024w, https:\/\/yavaitcachezmeme.fr\/wp-content\/uploads\/2023\/08\/ST-PIERRE-DU-MESNIL_H_006-1536x972.jpg 1536w, https:\/\/yavaitcachezmeme.fr\/wp-content\/uploads\/2023\/08\/ST-PIERRE-DU-MESNIL_H_006.jpg 1644w\" sizes=\"auto, (max-width: 820px) 100vw, 820px\" \/><\/p>\n<p style=\"text-align: center;\">L&rsquo;\u00e9glise de St Pierre du Mesnil<\/p>\n<p><img loading=\"lazy\" decoding=\"async\" class=\"aligncenter wp-image-7837\" src=\"https:\/\/yavaitcachezmeme.fr\/wp-content\/uploads\/2022\/08\/ST-PIERRE-DU-MESNIL_H_004-600x375.jpg\" alt=\"\" width=\"820\" height=\"513\" srcset=\"https:\/\/yavaitcachezmeme.fr\/wp-content\/uploads\/2022\/08\/ST-PIERRE-DU-MESNIL_H_004-600x375.jpg 600w, https:\/\/yavaitcachezmeme.fr\/wp-content\/uploads\/2022\/08\/ST-PIERRE-DU-MESNIL_H_004-1024x640.jpg 1024w, https:\/\/yavaitcachezmeme.fr\/wp-content\/uploads\/2022\/08\/ST-PIERRE-DU-MESNIL_H_004-1536x960.jpg 1536w, https:\/\/yavaitcachezmeme.fr\/wp-content\/uploads\/2022\/08\/ST-PIERRE-DU-MESNIL_H_004-542x340.jpg 542w, https:\/\/yavaitcachezmeme.fr\/wp-content\/uploads\/2022\/08\/ST-PIERRE-DU-MESNIL_H_004.jpg 1632w\" sizes=\"auto, (max-width: 820px) 100vw, 820px\" \/><\/p>\n<p style=\"text-align: center;\">Int\u00e9rieur de l&rsquo;\u00e9glise<\/p>\n<p><img loading=\"lazy\" decoding=\"async\" class=\"aligncenter wp-image-12815\" src=\"https:\/\/yavaitcachezmeme.fr\/wp-content\/uploads\/2025\/03\/ST-PIERRE-DU-MESNIL_H_008-600x383.jpg\" alt=\"\" width=\"820\" height=\"523\" srcset=\"https:\/\/yavaitcachezmeme.fr\/wp-content\/uploads\/2025\/03\/ST-PIERRE-DU-MESNIL_H_008-600x383.jpg 600w, https:\/\/yavaitcachezmeme.fr\/wp-content\/uploads\/2025\/03\/ST-PIERRE-DU-MESNIL_H_008-1024x654.jpg 1024w, https:\/\/yavaitcachezmeme.fr\/wp-content\/uploads\/2025\/03\/ST-PIERRE-DU-MESNIL_H_008-1536x981.jpg 1536w, https:\/\/yavaitcachezmeme.fr\/wp-content\/uploads\/2025\/03\/ST-PIERRE-DU-MESNIL_H_008.jpg 1648w\" sizes=\"auto, (max-width: 820px) 100vw, 820px\" \/><\/p>\n<p style=\"text-align: center;\">Le caf\u00e9 de St Pierre du Mesnil (la vue ancienne)<\/p>\n<p><a href=\"https:\/\/www.google.fr\/maps\/@48.9352509,0.5778239,3a,48.9y,89.65h,97.09t\/data=!3m7!1e1!3m5!1sU_AJI_osMBKEwFHch_pVgQ!2e0!6shttps:%2F%2Fstreetviewpixels-pa.googleapis.com%2Fv1%2Fthumbnail%3Fcb_client%3Dmaps_sv.tactile%26w%3D900%26h%3D600%26pitch%3D-7.087378707007588%26panoid%3DU_AJI_osMBKEwFHch_pVgQ%26yaw%3D89.6499524452874!7i16384!8i8192?entry=ttu&amp;g_ep=EgoyMDI1MDIyNi4xIKXMDSoASAFQAw%3D%3D\" target=\"_blank\" rel=\"noopener\"><img loading=\"lazy\" decoding=\"async\" class=\"aligncenter wp-image-8272\" src=\"https:\/\/yavaitcachezmeme.fr\/wp-content\/uploads\/2022\/09\/unnamed.png\" alt=\"\" width=\"25\" height=\"25\" srcset=\"https:\/\/yavaitcachezmeme.fr\/wp-content\/uploads\/2022\/09\/unnamed.png 512w, https:\/\/yavaitcachezmeme.fr\/wp-content\/uploads\/2022\/09\/unnamed-150x150.png 150w\" sizes=\"auto, (max-width: 25px) 100vw, 25px\" \/><\/a><\/p>\n<p><img loading=\"lazy\" decoding=\"async\" class=\"aligncenter wp-image-13277\" src=\"https:\/\/yavaitcachezmeme.fr\/wp-content\/uploads\/2025\/11\/ST-PIERRE-DU-MESNIL_HM_001-600x432.jpg\" alt=\"\" width=\"820\" height=\"590\" srcset=\"https:\/\/yavaitcachezmeme.fr\/wp-content\/uploads\/2025\/11\/ST-PIERRE-DU-MESNIL_HM_001-600x432.jpg 600w, https:\/\/yavaitcachezmeme.fr\/wp-content\/uploads\/2025\/11\/ST-PIERRE-DU-MESNIL_HM_001-1024x737.jpg 1024w, https:\/\/yavaitcachezmeme.fr\/wp-content\/uploads\/2025\/11\/ST-PIERRE-DU-MESNIL_HM_001-1536x1106.jpg 1536w, https:\/\/yavaitcachezmeme.fr\/wp-content\/uploads\/2025\/11\/ST-PIERRE-DU-MESNIL_HM_001.jpg 1672w\" sizes=\"auto, (max-width: 820px) 100vw, 820px\" \/><\/p>\n<p style=\"text-align: center;\">Le caf\u00e9 de St Pierre du Mesnil (la vue moderne)<\/p>\n<p><img loading=\"lazy\" decoding=\"async\" class=\"aligncenter wp-image-9789\" src=\"https:\/\/yavaitcachezmeme.fr\/wp-content\/uploads\/2023\/03\/ST-PIERRE-DU-MESNIL_H_005-600x382.jpg\" alt=\"\" width=\"820\" height=\"522\" srcset=\"https:\/\/yavaitcachezmeme.fr\/wp-content\/uploads\/2023\/03\/ST-PIERRE-DU-MESNIL_H_005-600x382.jpg 600w, https:\/\/yavaitcachezmeme.fr\/wp-content\/uploads\/2023\/03\/ST-PIERRE-DU-MESNIL_H_005-1024x652.jpg 1024w, https:\/\/yavaitcachezmeme.fr\/wp-content\/uploads\/2023\/03\/ST-PIERRE-DU-MESNIL_H_005-1536x977.jpg 1536w, https:\/\/yavaitcachezmeme.fr\/wp-content\/uploads\/2023\/03\/ST-PIERRE-DU-MESNIL_H_005.jpg 1628w\" sizes=\"auto, (max-width: 820px) 100vw, 820px\" \/><\/p>\n<p style=\"text-align: center;\">Porte du ch\u00e2teau du Blanc-Buisson<\/p>\n<p><img loading=\"lazy\" decoding=\"async\" class=\"aligncenter wp-image-6665\" src=\"https:\/\/yavaitcachezmeme.fr\/wp-content\/uploads\/2021\/12\/ST-PIERRE-DU-MESNIL_H_003-600x382.jpg\" alt=\"\" width=\"816\" height=\"520\" srcset=\"https:\/\/yavaitcachezmeme.fr\/wp-content\/uploads\/2021\/12\/ST-PIERRE-DU-MESNIL_H_003-600x382.jpg 600w, https:\/\/yavaitcachezmeme.fr\/wp-content\/uploads\/2021\/12\/ST-PIERRE-DU-MESNIL_H_003-1024x653.jpg 1024w, https:\/\/yavaitcachezmeme.fr\/wp-content\/uploads\/2021\/12\/ST-PIERRE-DU-MESNIL_H_003-1536x979.jpg 1536w, https:\/\/yavaitcachezmeme.fr\/wp-content\/uploads\/2021\/12\/ST-PIERRE-DU-MESNIL_H_003.jpg 1632w\" sizes=\"auto, (max-width: 816px) 100vw, 816px\" \/><\/p>\n<p style=\"text-align: center;\">Ch\u00e2teau du Blanc-Buisson<\/p>\n<p><img loading=\"lazy\" decoding=\"async\" class=\"aligncenter wp-image-6518 size-full\" src=\"https:\/\/yavaitcachezmeme.fr\/wp-content\/uploads\/2021\/12\/ST-PIERRE-DU-MESNIL_H_001.jpg\" alt=\"\" width=\"812\" height=\"520\" srcset=\"https:\/\/yavaitcachezmeme.fr\/wp-content\/uploads\/2021\/12\/ST-PIERRE-DU-MESNIL_H_001.jpg 812w, https:\/\/yavaitcachezmeme.fr\/wp-content\/uploads\/2021\/12\/ST-PIERRE-DU-MESNIL_H_001-600x384.jpg 600w\" sizes=\"auto, (max-width: 812px) 100vw, 812px\" \/><\/p>\n<p style=\"text-align: center;\">Les douves du Blanc-Buisson<\/p>\n<p><img loading=\"lazy\" decoding=\"async\" class=\"aligncenter wp-image-6609\" src=\"https:\/\/yavaitcachezmeme.fr\/wp-content\/uploads\/2021\/12\/ST-PIERRE-DU-MESNIL_H_002-600x375.jpg\" alt=\"\" width=\"800\" height=\"500\" srcset=\"https:\/\/yavaitcachezmeme.fr\/wp-content\/uploads\/2021\/12\/ST-PIERRE-DU-MESNIL_H_002-600x375.jpg 600w, https:\/\/yavaitcachezmeme.fr\/wp-content\/uploads\/2021\/12\/ST-PIERRE-DU-MESNIL_H_002-1024x640.jpg 1024w, https:\/\/yavaitcachezmeme.fr\/wp-content\/uploads\/2021\/12\/ST-PIERRE-DU-MESNIL_H_002-1536x960.jpg 1536w, https:\/\/yavaitcachezmeme.fr\/wp-content\/uploads\/2021\/12\/ST-PIERRE-DU-MESNIL_H_002-542x340.jpg 542w, https:\/\/yavaitcachezmeme.fr\/wp-content\/uploads\/2021\/12\/ST-PIERRE-DU-MESNIL_H_002.jpg 1620w\" sizes=\"auto, (max-width: 800px) 100vw, 800px\" \/><\/p>\n<p style=\"text-align: center;\">Les douves du Blanc-Buisson<\/p>\n<p><img loading=\"lazy\" decoding=\"async\" class=\"aligncenter wp-image-11861\" src=\"https:\/\/yavaitcachezmeme.fr\/wp-content\/uploads\/2024\/02\/ST-PIERRE-DU-MESNIL_H_007-600x389.jpg\" alt=\"\" width=\"820\" height=\"532\" srcset=\"https:\/\/yavaitcachezmeme.fr\/wp-content\/uploads\/2024\/02\/ST-PIERRE-DU-MESNIL_H_007-600x389.jpg 600w, https:\/\/yavaitcachezmeme.fr\/wp-content\/uploads\/2024\/02\/ST-PIERRE-DU-MESNIL_H_007-1024x665.jpg 1024w, https:\/\/yavaitcachezmeme.fr\/wp-content\/uploads\/2024\/02\/ST-PIERRE-DU-MESNIL_H_007-1536x997.jpg 1536w, https:\/\/yavaitcachezmeme.fr\/wp-content\/uploads\/2024\/02\/ST-PIERRE-DU-MESNIL_H_007.jpg 1618w\" sizes=\"auto, (max-width: 820px) 100vw, 820px\" \/><\/p>\n<p style=\"text-align: center;\">La porte du ch\u00e2teau du Blanc-Buisson (c\u00f4t\u00e9 cour)<\/p>\n<p style=\"text-align: center;\"><span style=\"color: #ff6600;\"><strong>~o~<\/strong><\/span><\/p>\n<p style=\"text-align: justify;\">Les communes de l&rsquo;ancien canton de <span style=\"color: #ff6600;\"><strong>Beaumesnil<\/strong><\/span>, auxquelles j&rsquo;ai rajout\u00e9 <strong>Champignolles<\/strong> et <strong>La Haye-St-Sylvestre<\/strong> de l&rsquo;ancien canton de Conches-en-Ouche \u00e0 visiter en cliquant sur les liens suivants :<\/p>\n<p style=\"text-align: justify;\"><strong><a href=\"https:\/\/yavaitcachezmeme.fr\/index.php\/autour-de-beaumesnil\/ajou\/\">Ajou<\/a> &#8211; <a href=\"https:\/\/yavaitcachezmeme.fr\/index.php\/autour-de-beaumesnil\/la-barre-en-ouche\/\">La Barre en Ouche<\/a> &#8211; <a href=\"https:\/\/yavaitcachezmeme.fr\/index.php\/autour-de-beaumesnil\/beaumesnil\/\">Beaumesnil<\/a>\u00a0 &#8211;\u00a0 <a href=\"https:\/\/yavaitcachezmeme.fr\/index.php\/autour-de-beaumesnil\/champignolles\/\">Champignolles<\/a> &#8211; <a href=\"https:\/\/yavaitcachezmeme.fr\/index.php\/autour-de-beaumesnil\/epinay\/\">Epinay<\/a> &#8211; <a href=\"https:\/\/yavaitcachezmeme.fr\/index.php\/autour-de-beaumesnil\/gisay-la-coudre\/\">Gisay-la-Coudre<\/a> &#8211; <a href=\"https:\/\/yavaitcachezmeme.fr\/index.php\/autour-de-beaumesnil\/gouttieres\/\">Goutti\u00e8res<\/a> &#8211; <a href=\"http:\/\/yavaitcachezmeme.fr\/index.php\/les-environs\/granchain\/\">Granchain<\/a>\u00a0 &#8211; <a href=\"https:\/\/yavaitcachezmeme.fr\/index.php\/autour-de-beaumesnil\/la-haye-saint-sylvestre\/\">La Haye Saint Sylvestre<\/a> &#8211; <a href=\"https:\/\/yavaitcachezmeme.fr\/index.php\/autour-de-beaumesnil\/jonquerets-de-livet\/\">Les Jonquerets de Livet<\/a> &#8211; <a href=\"https:\/\/yavaitcachezmeme.fr\/index.php\/autour-de-beaumesnil\/landepereuse\/\">Landep\u00e9reuse<\/a> &#8211; <a href=\"https:\/\/yavaitcachezmeme.fr\/index.php\/autour-de-beaumesnil\/le-noyer-en-ouche\/\">Le Noyer-en-Ouche<\/a> &#8211; <a href=\"https:\/\/yavaitcachezmeme.fr\/index.php\/autour-de-beaumesnil\/la-roussiere\/\">La Roussi\u00e8re<\/a> &#8211; <a href=\"https:\/\/yavaitcachezmeme.fr\/index.php\/autour-de-beaumesnil\/st-aubin-des-hayes\/\">St-Aubin-des-Hayes<\/a> &#8211; <a href=\"https:\/\/yavaitcachezmeme.fr\/index.php\/autour-de-beaumesnil\/st-pierre-du-mesnil\/\">St-Pierre-du-Mesnil<\/a> &#8211; <a href=\"https:\/\/yavaitcachezmeme.fr\/index.php\/autour-de-beaumesnil\/thevray\/\">Thevray<\/a><\/strong><\/p>\n<p><img loading=\"lazy\" decoding=\"async\" class=\"aligncenter wp-image-6265\" src=\"https:\/\/yavaitcachezmeme.fr\/wp-content\/uploads\/2021\/12\/Autour-de-Beaumesnil-600x400.jpg\" alt=\"\" width=\"800\" height=\"533\" srcset=\"https:\/\/yavaitcachezmeme.fr\/wp-content\/uploads\/2021\/12\/Autour-de-Beaumesnil-600x400.jpg 600w, https:\/\/yavaitcachezmeme.fr\/wp-content\/uploads\/2021\/12\/Autour-de-Beaumesnil-1024x683.jpg 1024w, https:\/\/yavaitcachezmeme.fr\/wp-content\/uploads\/2021\/12\/Autour-de-Beaumesnil-1536x1024.jpg 1536w, https:\/\/yavaitcachezmeme.fr\/wp-content\/uploads\/2021\/12\/Autour-de-Beaumesnil-2048x1365.jpg 2048w\" sizes=\"auto, (max-width: 800px) 100vw, 800px\" \/><\/p>\n<p style=\"text-align: justify;\">Je n&rsquo;ai pas oubli\u00e9 : <strong>Bosc-Renoult-en-Ouche, St-Aubin-le-Guichard <\/strong>et<strong> Ste-Marguerite-en-Ouche<\/strong>, mais pour l&rsquo;instant je n&rsquo;ai rien \u00e0 vous proposer.<\/p>\n<\/div>\n","protected":false},"excerpt":{"rendered":"<p>Situ\u00e9e au Sud-Ouest de Beaumesnil, Saint-Pierre-du-Mesnil recense 102 habitants en 2013 contre 165 en 1911. Elle fait partie depuis le 1er janvier 2016,&#8230;<\/p>\n","protected":false},"author":1,"featured_media":0,"parent":5277,"menu_order":596,"comment_status":"closed","ping_status":"closed","template":"","meta":{"footnotes":""},"class_list":["post-6519","page","type-page","status-publish","hentry"],"_links":{"self":[{"href":"https:\/\/yavaitcachezmeme.fr\/index.php\/wp-json\/wp\/v2\/pages\/6519","targetHints":{"allow":["GET"]}}],"collection":[{"href":"https:\/\/yavaitcachezmeme.fr\/index.php\/wp-json\/wp\/v2\/pages"}],"about":[{"href":"https:\/\/yavaitcachezmeme.fr\/index.php\/wp-json\/wp\/v2\/types\/page"}],"author":[{"embeddable":true,"href":"https:\/\/yavaitcachezmeme.fr\/index.php\/wp-json\/wp\/v2\/users\/1"}],"replies":[{"embeddable":true,"href":"https:\/\/yavaitcachezmeme.fr\/index.php\/wp-json\/wp\/v2\/comments?post=6519"}],"version-history":[{"count":19,"href":"https:\/\/yavaitcachezmeme.fr\/index.php\/wp-json\/wp\/v2\/pages\/6519\/revisions"}],"predecessor-version":[{"id":13283,"href":"https:\/\/yavaitcachezmeme.fr\/index.php\/wp-json\/wp\/v2\/pages\/6519\/revisions\/13283"}],"up":[{"embeddable":true,"href":"https:\/\/yavaitcachezmeme.fr\/index.php\/wp-json\/wp\/v2\/pages\/5277"}],"wp:attachment":[{"href":"https:\/\/yavaitcachezmeme.fr\/index.php\/wp-json\/wp\/v2\/media?parent=6519"}],"curies":[{"name":"wp","href":"https:\/\/api.w.org\/{rel}","templated":true}]}}