{"id":6771,"date":"2022-01-07T07:44:02","date_gmt":"2022-01-07T06:44:02","guid":{"rendered":"https:\/\/yavaitcachezmeme.fr\/?page_id=6771"},"modified":"2024-12-14T18:55:22","modified_gmt":"2024-12-14T17:55:22","slug":"bosrobert","status":"publish","type":"page","link":"https:\/\/yavaitcachezmeme.fr\/index.php\/autour-de-brionne\/bosrobert\/","title":{"rendered":"Bosrobert"},"content":{"rendered":"<div style=\"font-size: 120%; font-family: georgia;\">\n<p style=\"text-align: justify;\">Situ\u00e9e au Nord-Est de Brionne, <span style=\"color: #ff6600;\"><strong>Bosrobert<\/strong><\/span> recense 665 habitants en 2019 contre 235 en 1911.<\/p>\n<p style=\"text-align: center;\"><span style=\"color: #ff6600;\"><strong>~o~<\/strong><\/span><\/p>\n<p><img loading=\"lazy\" decoding=\"async\" class=\"aligncenter wp-image-6833\" src=\"https:\/\/yavaitcachezmeme.fr\/wp-content\/uploads\/2022\/01\/BOSROBERT_V_001-369x600.jpg\" alt=\"\" width=\"461\" height=\"750\" srcset=\"https:\/\/yavaitcachezmeme.fr\/wp-content\/uploads\/2022\/01\/BOSROBERT_V_001-369x600.jpg 369w, https:\/\/yavaitcachezmeme.fr\/wp-content\/uploads\/2022\/01\/BOSROBERT_V_001-629x1024.jpg 629w, https:\/\/yavaitcachezmeme.fr\/wp-content\/uploads\/2022\/01\/BOSROBERT_V_001-943x1536.jpg 943w, https:\/\/yavaitcachezmeme.fr\/wp-content\/uploads\/2022\/01\/BOSROBERT_V_001.jpg 1000w\" sizes=\"auto, (max-width: 461px) 100vw, 461px\" \/><\/p>\n<p style=\"text-align: center;\">L&rsquo;\u00e9glise<\/p>\n<p><img loading=\"lazy\" decoding=\"async\" class=\"aligncenter wp-image-6738\" src=\"https:\/\/yavaitcachezmeme.fr\/wp-content\/uploads\/2022\/01\/BOSROBERT_H_003-600x379.jpg\" alt=\"\" width=\"820\" height=\"518\" srcset=\"https:\/\/yavaitcachezmeme.fr\/wp-content\/uploads\/2022\/01\/BOSROBERT_H_003-600x379.jpg 600w, https:\/\/yavaitcachezmeme.fr\/wp-content\/uploads\/2022\/01\/BOSROBERT_H_003-1024x647.jpg 1024w, https:\/\/yavaitcachezmeme.fr\/wp-content\/uploads\/2022\/01\/BOSROBERT_H_003-1536x971.jpg 1536w, https:\/\/yavaitcachezmeme.fr\/wp-content\/uploads\/2022\/01\/BOSROBERT_H_003.jpg 1620w\" sizes=\"auto, (max-width: 820px) 100vw, 820px\" \/><\/p>\n<p style=\"text-align: center;\">La Mairie<\/p>\n<p><img loading=\"lazy\" decoding=\"async\" class=\"aligncenter wp-image-12617\" src=\"https:\/\/yavaitcachezmeme.fr\/wp-content\/uploads\/2024\/12\/BOSROBERT_H_004-600x377.jpg\" alt=\"\" width=\"820\" height=\"516\" srcset=\"https:\/\/yavaitcachezmeme.fr\/wp-content\/uploads\/2024\/12\/BOSROBERT_H_004-600x377.jpg 600w, https:\/\/yavaitcachezmeme.fr\/wp-content\/uploads\/2024\/12\/BOSROBERT_H_004-1024x644.jpg 1024w, https:\/\/yavaitcachezmeme.fr\/wp-content\/uploads\/2024\/12\/BOSROBERT_H_004-1536x966.jpg 1536w, https:\/\/yavaitcachezmeme.fr\/wp-content\/uploads\/2024\/12\/BOSROBERT_H_004-542x340.jpg 542w, https:\/\/yavaitcachezmeme.fr\/wp-content\/uploads\/2024\/12\/BOSROBERT_H_004.jpg 1628w\" sizes=\"auto, (max-width: 820px) 100vw, 820px\" \/><\/p>\n<p style=\"text-align: center;\">Caf\u00e9 Benoist &#8211; Route de Rouen<\/p>\n<p><a href=\"https:\/\/www.google.com\/maps\/@49.2238423,0.7521006,3a,90y,0.18h,86.42t\/data=!3m7!1e1!3m5!1s8VjUTxdCz7IZ-U2pOfF17w!2e0!6shttps:%2F%2Fstreetviewpixels-pa.googleapis.com%2Fv1%2Fthumbnail%3Fcb_client%3Dmaps_sv.tactile%26w%3D900%26h%3D600%26pitch%3D3.581641526968383%26panoid%3D8VjUTxdCz7IZ-U2pOfF17w%26yaw%3D0.1838288179472869!7i16384!8i8192?entry=ttu&amp;g_ep=EgoyMDI0MTIxMS4wIKXMDSoASAFQAw%3D%3D\" target=\"_blank\" rel=\"noopener\"><img loading=\"lazy\" decoding=\"async\" class=\"aligncenter wp-image-8272\" src=\"https:\/\/yavaitcachezmeme.fr\/wp-content\/uploads\/2022\/09\/unnamed.png\" alt=\"\" width=\"25\" height=\"25\" srcset=\"https:\/\/yavaitcachezmeme.fr\/wp-content\/uploads\/2022\/09\/unnamed.png 512w, https:\/\/yavaitcachezmeme.fr\/wp-content\/uploads\/2022\/09\/unnamed-150x150.png 150w\" sizes=\"auto, (max-width: 25px) 100vw, 25px\" \/><\/a><\/p>\n<p><img loading=\"lazy\" decoding=\"async\" class=\"aligncenter wp-image-6737\" src=\"https:\/\/yavaitcachezmeme.fr\/wp-content\/uploads\/2022\/01\/BOSROBERT_H_002-600x377.jpg\" alt=\"\" width=\"820\" height=\"515\" srcset=\"https:\/\/yavaitcachezmeme.fr\/wp-content\/uploads\/2022\/01\/BOSROBERT_H_002-600x377.jpg 600w, https:\/\/yavaitcachezmeme.fr\/wp-content\/uploads\/2022\/01\/BOSROBERT_H_002-1024x643.jpg 1024w, https:\/\/yavaitcachezmeme.fr\/wp-content\/uploads\/2022\/01\/BOSROBERT_H_002-1536x965.jpg 1536w, https:\/\/yavaitcachezmeme.fr\/wp-content\/uploads\/2022\/01\/BOSROBERT_H_002-542x340.jpg 542w, https:\/\/yavaitcachezmeme.fr\/wp-content\/uploads\/2022\/01\/BOSROBERT_H_002.jpg 1640w\" sizes=\"auto, (max-width: 820px) 100vw, 820px\" \/><\/p>\n<p style=\"text-align: center;\">Route de Rouen &#8211; Rassemblement devant le caf\u00e9<\/p>\n<p><img loading=\"lazy\" decoding=\"async\" class=\"aligncenter wp-image-6736\" src=\"https:\/\/yavaitcachezmeme.fr\/wp-content\/uploads\/2022\/01\/BOSROBERT_H_001-600x377.jpg\" alt=\"\" width=\"820\" height=\"515\" srcset=\"https:\/\/yavaitcachezmeme.fr\/wp-content\/uploads\/2022\/01\/BOSROBERT_H_001-600x377.jpg 600w, https:\/\/yavaitcachezmeme.fr\/wp-content\/uploads\/2022\/01\/BOSROBERT_H_001-1024x643.jpg 1024w, https:\/\/yavaitcachezmeme.fr\/wp-content\/uploads\/2022\/01\/BOSROBERT_H_001-1536x965.jpg 1536w, https:\/\/yavaitcachezmeme.fr\/wp-content\/uploads\/2022\/01\/BOSROBERT_H_001-542x340.jpg 542w, https:\/\/yavaitcachezmeme.fr\/wp-content\/uploads\/2022\/01\/BOSROBERT_H_001.jpg 1624w\" sizes=\"auto, (max-width: 820px) 100vw, 820px\" \/><\/p>\n<p style=\"text-align: center;\">Route de Rouen &#8211; Un bolide devant le caf\u00e9<\/p>\n<p style=\"text-align: center;\"><strong><span style=\"color: #ff6600;\">~o~<\/span><\/strong><\/p>\n<p style=\"text-align: justify;\">Les communes de l&rsquo;ancien canton de <span style=\"color: #ff6600;\"><strong>Brionne<\/strong><\/span>, auxquelles j&rsquo;ai rajout\u00e9 <strong>Authou<\/strong> et <strong>Pont-Authou<\/strong> de l&rsquo;ancien canton de <strong>Montfort-sur-Risle<\/strong> \u00e0 visiter en cliquant sur les liens suivants :<\/p>\n<p style=\"text-align: justify;\"><strong><a href=\"https:\/\/yavaitcachezmeme.fr\/index.php\/autour-de-brionne\/aclou\/\">Aclou<\/a> &#8211; <a href=\"https:\/\/yavaitcachezmeme.fr\/index.php\/autour-de-brionne\/authou\/\">Authou<\/a> &#8211; <a href=\"https:\/\/yavaitcachezmeme.fr\/index.php\/autour-de-brionne\/le-bec-hellouin\/\">Le Bec-Hellouin<\/a> &#8211; <a href=\"https:\/\/yavaitcachezmeme.fr\/index.php\/autour-de-brionne\/berthouville\/\">Berthouville<\/a> &#8211; <a href=\"https:\/\/yavaitcachezmeme.fr\/index.php\/autour-de-brionne\/boisney\/\">Boisney<\/a> &#8211; <a href=\"https:\/\/yavaitcachezmeme.fr\/index.php\/autour-de-brionne\/bosrobert\/\">Bosrobert<\/a> &#8211; <a href=\"https:\/\/yavaitcachezmeme.fr\/index.php\/autour-de-brionne\/bretigny\/\">Br\u00e9tigny<\/a> &#8211; <a href=\"https:\/\/yavaitcachezmeme.fr\/index.php\/autour-de-brionne\/brionne\/\">Brionne<\/a> &#8211; <a href=\"https:\/\/yavaitcachezmeme.fr\/index.php\/autour-de-brionne\/calleville\/\">Calleville<\/a> &#8211; <a href=\"https:\/\/yavaitcachezmeme.fr\/index.php\/autour-de-brionne\/franqueville\/\">Franqueville<\/a> &#8211; <a href=\"https:\/\/yavaitcachezmeme.fr\/index.php\/autour-de-brionne\/harcourt\/\">Harcourt<\/a> &#8211; <a href=\"https:\/\/yavaitcachezmeme.fr\/index.php\/autour-de-brionne\/la-haye-de-calleville\/\">La Haye-de-Calleville<\/a> &#8211; <a href=\"https:\/\/yavaitcachezmeme.fr\/index.php\/autour-de-brionne\/hecmanville\/\">Hecmanville<\/a> &#8211; <a href=\"https:\/\/yavaitcachezmeme.fr\/index.php\/autour-de-brionne\/livet-sur-authou\/\">Livet-sur-Authou<\/a> &#8211; <a href=\"https:\/\/yavaitcachezmeme.fr\/index.php\/autour-de-brionne\/malleville-sur-le-bec\/\">Malleville-sur-le-Bec<\/a> &#8211; <a href=\"https:\/\/yavaitcachezmeme.fr\/index.php\/autour-de-brionne\/morsan\/\">Morsan<\/a> &#8211; <a href=\"https:\/\/yavaitcachezmeme.fr\/index.php\/autour-de-brionne\/la-neuville-du-bosc\/\">La Neuville-du-Bosc<\/a> &#8211; <a href=\"https:\/\/yavaitcachezmeme.fr\/index.php\/autour-de-brionne\/neuville-sur-authou\/\">Neuville-sur-Authou<\/a> &#8211; <a href=\"https:\/\/yavaitcachezmeme.fr\/index.php\/autour-de-brionne\/notre-dame-depine\/\">Notre-Dame-d&rsquo;\u00c9pine<\/a> &#8211; <a href=\"https:\/\/yavaitcachezmeme.fr\/index.php\/autour-de-brionne\/pont-authou\/\">Pont-Authou<\/a> &#8211; <a href=\"https:\/\/yavaitcachezmeme.fr\/index.php\/autour-de-brionne\/st-cyr-de-salerne\/\">St-Cyr-de-Salerne<\/a> &#8211; <a href=\"https:\/\/yavaitcachezmeme.fr\/index.php\/autour-de-brionne\/st-eloi-de-fourques\/\">St-Eloi-de-Fourques<\/a> &#8211; <a href=\"https:\/\/yavaitcachezmeme.fr\/index.php\/autour-de-brionne\/st-paul-de-fourques\/\">St-Paul-de-Fourques<\/a> &#8211; <a href=\"https:\/\/yavaitcachezmeme.fr\/index.php\/autour-de-brionne\/st-pierre-de-salerne\/\">St-Pierre-de-Salerne<\/a> &#8211; <a href=\"https:\/\/yavaitcachezmeme.fr\/index.php\/autour-de-brionne\/st-victor-depine\/\">St-Victor-d&rsquo;\u00c9pine<\/a><\/strong><\/p>\n<p><img loading=\"lazy\" decoding=\"async\" class=\"aligncenter wp-image-6267\" src=\"https:\/\/yavaitcachezmeme.fr\/wp-content\/uploads\/2021\/12\/Autour-de-Brionne-600x400.jpg\" alt=\"\" width=\"800\" height=\"533\" srcset=\"https:\/\/yavaitcachezmeme.fr\/wp-content\/uploads\/2021\/12\/Autour-de-Brionne-600x400.jpg 600w, https:\/\/yavaitcachezmeme.fr\/wp-content\/uploads\/2021\/12\/Autour-de-Brionne-1024x683.jpg 1024w, https:\/\/yavaitcachezmeme.fr\/wp-content\/uploads\/2021\/12\/Autour-de-Brionne-1536x1024.jpg 1536w, https:\/\/yavaitcachezmeme.fr\/wp-content\/uploads\/2021\/12\/Autour-de-Brionne-2048x1365.jpg 2048w\" sizes=\"auto, (max-width: 800px) 100vw, 800px\" \/><\/p>\n<\/div>\n","protected":false},"excerpt":{"rendered":"<p>Situ\u00e9e au Nord-Est de Brionne, Bosrobert recense 665 habitants en 2019 contre 235 en 1911. ~o~ L&rsquo;\u00e9glise La Mairie Caf\u00e9 Benoist &#8211; Route&#8230;<\/p>\n","protected":false},"author":1,"featured_media":0,"parent":6087,"menu_order":95,"comment_status":"closed","ping_status":"closed","template":"","meta":{"footnotes":""},"class_list":["post-6771","page","type-page","status-publish","hentry"],"_links":{"self":[{"href":"https:\/\/yavaitcachezmeme.fr\/index.php\/wp-json\/wp\/v2\/pages\/6771","targetHints":{"allow":["GET"]}}],"collection":[{"href":"https:\/\/yavaitcachezmeme.fr\/index.php\/wp-json\/wp\/v2\/pages"}],"about":[{"href":"https:\/\/yavaitcachezmeme.fr\/index.php\/wp-json\/wp\/v2\/types\/page"}],"author":[{"embeddable":true,"href":"https:\/\/yavaitcachezmeme.fr\/index.php\/wp-json\/wp\/v2\/users\/1"}],"replies":[{"embeddable":true,"href":"https:\/\/yavaitcachezmeme.fr\/index.php\/wp-json\/wp\/v2\/comments?post=6771"}],"version-history":[{"count":16,"href":"https:\/\/yavaitcachezmeme.fr\/index.php\/wp-json\/wp\/v2\/pages\/6771\/revisions"}],"predecessor-version":[{"id":12619,"href":"https:\/\/yavaitcachezmeme.fr\/index.php\/wp-json\/wp\/v2\/pages\/6771\/revisions\/12619"}],"up":[{"embeddable":true,"href":"https:\/\/yavaitcachezmeme.fr\/index.php\/wp-json\/wp\/v2\/pages\/6087"}],"wp:attachment":[{"href":"https:\/\/yavaitcachezmeme.fr\/index.php\/wp-json\/wp\/v2\/media?parent=6771"}],"curies":[{"name":"wp","href":"https:\/\/api.w.org\/{rel}","templated":true}]}}