{"id":6874,"date":"2022-02-02T18:57:21","date_gmt":"2022-02-02T17:57:21","guid":{"rendered":"https:\/\/yavaitcachezmeme.fr\/?page_id=6874"},"modified":"2026-02-07T07:01:37","modified_gmt":"2026-02-07T06:01:37","slug":"la-neuville-du-bosc","status":"publish","type":"page","link":"https:\/\/yavaitcachezmeme.fr\/index.php\/autour-de-brionne\/la-neuville-du-bosc\/","title":{"rendered":"La Neuville-du-Bosc"},"content":{"rendered":"<div style=\"font-size: 120%; font-family: georgia;\">\n<p style=\"text-align: justify;\">Situ\u00e9e \u00e0 l&rsquo;Est de Brionne, <span style=\"color: #ff6600;\"><strong>La Neuville-du-Bosc<\/strong><\/span> recense 697 habitants en 2019 contre 418 en 1911.<\/p>\n<p style=\"text-align: center;\"><span style=\"color: #ff6600;\"><strong>~o~<\/strong><\/span><\/p>\n<p><img loading=\"lazy\" decoding=\"async\" class=\"aligncenter wp-image-7135\" src=\"https:\/\/yavaitcachezmeme.fr\/wp-content\/uploads\/2022\/04\/NEUVILLE-DU-BOSC-LA_H_005-600x380.jpg\" alt=\"\" width=\"820\" height=\"519\" srcset=\"https:\/\/yavaitcachezmeme.fr\/wp-content\/uploads\/2022\/04\/NEUVILLE-DU-BOSC-LA_H_005-600x380.jpg 600w, https:\/\/yavaitcachezmeme.fr\/wp-content\/uploads\/2022\/04\/NEUVILLE-DU-BOSC-LA_H_005-1024x648.jpg 1024w, https:\/\/yavaitcachezmeme.fr\/wp-content\/uploads\/2022\/04\/NEUVILLE-DU-BOSC-LA_H_005-1536x972.jpg 1536w, https:\/\/yavaitcachezmeme.fr\/wp-content\/uploads\/2022\/04\/NEUVILLE-DU-BOSC-LA_H_005.jpg 1624w\" sizes=\"auto, (max-width: 820px) 100vw, 820px\" \/><\/p>\n<p style=\"text-align: center;\">L&rsquo;\u00e9glise &#8211; Route du Bec-Hellouin (34)<\/p>\n<p><a href=\"https:\/\/www.google.com\/maps\/@49.1944225,0.8086904,3a,75y,131.62h,94.96t\/data=!3m6!1e1!3m4!1skTLZoCb2SCsw7sV2Ys172g!2e0!7i13312!8i6656\" target=\"_blank\" rel=\"noopener\"><img loading=\"lazy\" decoding=\"async\" class=\"aligncenter wp-image-8272\" src=\"https:\/\/yavaitcachezmeme.fr\/wp-content\/uploads\/2022\/09\/unnamed.png\" alt=\"\" width=\"25\" height=\"25\" srcset=\"https:\/\/yavaitcachezmeme.fr\/wp-content\/uploads\/2022\/09\/unnamed.png 512w, https:\/\/yavaitcachezmeme.fr\/wp-content\/uploads\/2022\/09\/unnamed-150x150.png 150w\" sizes=\"auto, (max-width: 25px) 100vw, 25px\" \/><\/a><\/p>\n<p><img loading=\"lazy\" decoding=\"async\" class=\"aligncenter wp-image-7245\" src=\"https:\/\/yavaitcachezmeme.fr\/wp-content\/uploads\/2022\/06\/NEUVILLE-DU-BOSC-LA_H_007-600x376.jpg\" alt=\"\" width=\"820\" height=\"513\" srcset=\"https:\/\/yavaitcachezmeme.fr\/wp-content\/uploads\/2022\/06\/NEUVILLE-DU-BOSC-LA_H_007-600x376.jpg 600w, https:\/\/yavaitcachezmeme.fr\/wp-content\/uploads\/2022\/06\/NEUVILLE-DU-BOSC-LA_H_007-1024x641.jpg 1024w, https:\/\/yavaitcachezmeme.fr\/wp-content\/uploads\/2022\/06\/NEUVILLE-DU-BOSC-LA_H_007-1536x962.jpg 1536w, https:\/\/yavaitcachezmeme.fr\/wp-content\/uploads\/2022\/06\/NEUVILLE-DU-BOSC-LA_H_007-542x340.jpg 542w, https:\/\/yavaitcachezmeme.fr\/wp-content\/uploads\/2022\/06\/NEUVILLE-DU-BOSC-LA_H_007.jpg 1623w\" sizes=\"auto, (max-width: 820px) 100vw, 820px\" \/><\/p>\n<p style=\"text-align: center;\">\u00a0Route du Bec-Hellouin (34)<\/p>\n<p><img loading=\"lazy\" decoding=\"async\" class=\"aligncenter wp-image-7096\" src=\"https:\/\/yavaitcachezmeme.fr\/wp-content\/uploads\/2022\/04\/NEUVILLE-DU-BOSC-LA_H_004-600x380.jpg\" alt=\"\" width=\"820\" height=\"519\" srcset=\"https:\/\/yavaitcachezmeme.fr\/wp-content\/uploads\/2022\/04\/NEUVILLE-DU-BOSC-LA_H_004-600x380.jpg 600w, https:\/\/yavaitcachezmeme.fr\/wp-content\/uploads\/2022\/04\/NEUVILLE-DU-BOSC-LA_H_004-1024x649.jpg 1024w, https:\/\/yavaitcachezmeme.fr\/wp-content\/uploads\/2022\/04\/NEUVILLE-DU-BOSC-LA_H_004-1536x973.jpg 1536w, https:\/\/yavaitcachezmeme.fr\/wp-content\/uploads\/2022\/04\/NEUVILLE-DU-BOSC-LA_H_004.jpg 1604w\" sizes=\"auto, (max-width: 820px) 100vw, 820px\" \/><\/p>\n<p style=\"text-align: center;\">Rassemblement devant l&rsquo;\u00e9glise &#8211; Route du Bec-Hellouin (34)<\/p>\n<p><img loading=\"lazy\" decoding=\"async\" class=\"aligncenter wp-image-6868\" src=\"https:\/\/yavaitcachezmeme.fr\/wp-content\/uploads\/2022\/02\/NEUVILLE-DU-BOSC-LA_H_002-600x376.jpg\" alt=\"\" width=\"820\" height=\"514\" srcset=\"https:\/\/yavaitcachezmeme.fr\/wp-content\/uploads\/2022\/02\/NEUVILLE-DU-BOSC-LA_H_002-600x376.jpg 600w, https:\/\/yavaitcachezmeme.fr\/wp-content\/uploads\/2022\/02\/NEUVILLE-DU-BOSC-LA_H_002-1024x642.jpg 1024w, https:\/\/yavaitcachezmeme.fr\/wp-content\/uploads\/2022\/02\/NEUVILLE-DU-BOSC-LA_H_002-1536x962.jpg 1536w, https:\/\/yavaitcachezmeme.fr\/wp-content\/uploads\/2022\/02\/NEUVILLE-DU-BOSC-LA_H_002-542x340.jpg 542w, https:\/\/yavaitcachezmeme.fr\/wp-content\/uploads\/2022\/02\/NEUVILLE-DU-BOSC-LA_H_002.jpg 1628w\" sizes=\"auto, (max-width: 820px) 100vw, 820px\" \/><\/p>\n<p style=\"text-align: center;\">\u00c9coles et mairie &#8211; Route du Bec-Hellouin (19)<\/p>\n<p><img loading=\"lazy\" decoding=\"async\" class=\"aligncenter wp-image-10155\" src=\"https:\/\/yavaitcachezmeme.fr\/wp-content\/uploads\/2023\/05\/NEUVILLE-DU-BOSC-LA_H_009-600x375.jpg\" alt=\"\" width=\"820\" height=\"512\" srcset=\"https:\/\/yavaitcachezmeme.fr\/wp-content\/uploads\/2023\/05\/NEUVILLE-DU-BOSC-LA_H_009-600x375.jpg 600w, https:\/\/yavaitcachezmeme.fr\/wp-content\/uploads\/2023\/05\/NEUVILLE-DU-BOSC-LA_H_009-1024x639.jpg 1024w, https:\/\/yavaitcachezmeme.fr\/wp-content\/uploads\/2023\/05\/NEUVILLE-DU-BOSC-LA_H_009-1536x959.jpg 1536w, https:\/\/yavaitcachezmeme.fr\/wp-content\/uploads\/2023\/05\/NEUVILLE-DU-BOSC-LA_H_009.jpg 1640w\" sizes=\"auto, (max-width: 820px) 100vw, 820px\" \/><\/p>\n<p style=\"text-align: center;\">Ce soir c&rsquo;est f\u00eate avec le cin\u00e9matographe sur la place de la mairie<\/p>\n<p><img loading=\"lazy\" decoding=\"async\" class=\"aligncenter wp-image-10829\" src=\"https:\/\/yavaitcachezmeme.fr\/wp-content\/uploads\/2023\/09\/NEUVILLE-DU-BOSC-LA_H_011-600x378.jpg\" alt=\"\" width=\"820\" height=\"517\" srcset=\"https:\/\/yavaitcachezmeme.fr\/wp-content\/uploads\/2023\/09\/NEUVILLE-DU-BOSC-LA_H_011-600x378.jpg 600w, https:\/\/yavaitcachezmeme.fr\/wp-content\/uploads\/2023\/09\/NEUVILLE-DU-BOSC-LA_H_011-1024x646.jpg 1024w, https:\/\/yavaitcachezmeme.fr\/wp-content\/uploads\/2023\/09\/NEUVILLE-DU-BOSC-LA_H_011-1536x969.jpg 1536w, https:\/\/yavaitcachezmeme.fr\/wp-content\/uploads\/2023\/09\/NEUVILLE-DU-BOSC-LA_H_011.jpg 1624w\" sizes=\"auto, (max-width: 820px) 100vw, 820px\" \/><\/p>\n<p style=\"text-align: center;\">Monument, Mairie et \u00c9cole &#8211; Route du Bec-Hellouin (19)<\/p>\n<p><img loading=\"lazy\" decoding=\"async\" class=\"aligncenter wp-image-13364\" src=\"https:\/\/yavaitcachezmeme.fr\/wp-content\/uploads\/2026\/02\/NEUVILLE-DU-BOSC-LA_H_015-600x385.jpg\" alt=\"\" width=\"820\" height=\"526\" srcset=\"https:\/\/yavaitcachezmeme.fr\/wp-content\/uploads\/2026\/02\/NEUVILLE-DU-BOSC-LA_H_015-600x385.jpg 600w, https:\/\/yavaitcachezmeme.fr\/wp-content\/uploads\/2026\/02\/NEUVILLE-DU-BOSC-LA_H_015-1024x657.jpg 1024w, https:\/\/yavaitcachezmeme.fr\/wp-content\/uploads\/2026\/02\/NEUVILLE-DU-BOSC-LA_H_015-1536x985.jpg 1536w, https:\/\/yavaitcachezmeme.fr\/wp-content\/uploads\/2026\/02\/NEUVILLE-DU-BOSC-LA_H_015.jpg 1640w\" sizes=\"auto, (max-width: 820px) 100vw, 820px\" \/><\/p>\n<p style=\"text-align: center;\">Le monument aux Morts<\/p>\n<p><img loading=\"lazy\" decoding=\"async\" class=\"aligncenter wp-image-6867\" src=\"https:\/\/yavaitcachezmeme.fr\/wp-content\/uploads\/2022\/02\/NEUVILLE-DU-BOSC-LA_H_001-600x391.jpg\" alt=\"\" width=\"820\" height=\"534\" srcset=\"https:\/\/yavaitcachezmeme.fr\/wp-content\/uploads\/2022\/02\/NEUVILLE-DU-BOSC-LA_H_001-600x391.jpg 600w, https:\/\/yavaitcachezmeme.fr\/wp-content\/uploads\/2022\/02\/NEUVILLE-DU-BOSC-LA_H_001-1024x667.jpg 1024w, https:\/\/yavaitcachezmeme.fr\/wp-content\/uploads\/2022\/02\/NEUVILLE-DU-BOSC-LA_H_001-1536x1000.jpg 1536w, https:\/\/yavaitcachezmeme.fr\/wp-content\/uploads\/2022\/02\/NEUVILLE-DU-BOSC-LA_H_001.jpg 1563w\" sizes=\"auto, (max-width: 820px) 100vw, 820px\" \/><\/p>\n<p style=\"text-align: center;\">Route du Bec-Hellouin (12)<\/p>\n<p><a href=\"https:\/\/www.google.com\/maps\/@49.19341,0.8116827,3a,75y,297.28h,86.12t\/data=!3m6!1e1!3m4!1s4iPHP87RIQUC8xZS7lguFg!2e0!7i13312!8i6656\" target=\"_blank\" rel=\"noopener\"><img loading=\"lazy\" decoding=\"async\" class=\"aligncenter wp-image-8272\" src=\"https:\/\/yavaitcachezmeme.fr\/wp-content\/uploads\/2022\/09\/unnamed.png\" alt=\"\" width=\"25\" height=\"25\" srcset=\"https:\/\/yavaitcachezmeme.fr\/wp-content\/uploads\/2022\/09\/unnamed.png 512w, https:\/\/yavaitcachezmeme.fr\/wp-content\/uploads\/2022\/09\/unnamed-150x150.png 150w\" sizes=\"auto, (max-width: 25px) 100vw, 25px\" \/><\/a><\/p>\n<p><img loading=\"lazy\" decoding=\"async\" class=\"aligncenter wp-image-8301\" src=\"https:\/\/yavaitcachezmeme.fr\/wp-content\/uploads\/2022\/09\/NEUVILLE-DU-BOSC-LA_H_008-600x370.jpg\" alt=\"\" width=\"820\" height=\"506\" srcset=\"https:\/\/yavaitcachezmeme.fr\/wp-content\/uploads\/2022\/09\/NEUVILLE-DU-BOSC-LA_H_008-600x370.jpg 600w, https:\/\/yavaitcachezmeme.fr\/wp-content\/uploads\/2022\/09\/NEUVILLE-DU-BOSC-LA_H_008-1024x632.jpg 1024w, https:\/\/yavaitcachezmeme.fr\/wp-content\/uploads\/2022\/09\/NEUVILLE-DU-BOSC-LA_H_008-1536x948.jpg 1536w, https:\/\/yavaitcachezmeme.fr\/wp-content\/uploads\/2022\/09\/NEUVILLE-DU-BOSC-LA_H_008.jpg 1608w\" sizes=\"auto, (max-width: 820px) 100vw, 820px\" \/><\/p>\n<p style=\"text-align: center;\">Carrefour du calvaire &#8211; Route du Bec-Hellouin (2) et route du Neubourg (1)<\/p>\n<p><a href=\"https:\/\/www.google.com\/maps\/@49.1927871,0.8130363,3a,73.1y,14.37h,89.14t\/data=!3m6!1e1!3m4!1siV9pEWu-yClujUwXXFNCTQ!2e0!7i13312!8i6656\" target=\"_blank\" rel=\"noopener\"><img loading=\"lazy\" decoding=\"async\" class=\"aligncenter wp-image-8272\" src=\"https:\/\/yavaitcachezmeme.fr\/wp-content\/uploads\/2022\/09\/unnamed.png\" alt=\"\" width=\"25\" height=\"25\" srcset=\"https:\/\/yavaitcachezmeme.fr\/wp-content\/uploads\/2022\/09\/unnamed.png 512w, https:\/\/yavaitcachezmeme.fr\/wp-content\/uploads\/2022\/09\/unnamed-150x150.png 150w\" sizes=\"auto, (max-width: 25px) 100vw, 25px\" \/><\/a><\/p>\n<p><img loading=\"lazy\" decoding=\"async\" class=\"aligncenter wp-image-13363\" src=\"https:\/\/yavaitcachezmeme.fr\/wp-content\/uploads\/2026\/02\/NEUVILLE-DU-BOSC-LA_H_014-600x377.jpg\" alt=\"\" width=\"820\" height=\"515\" srcset=\"https:\/\/yavaitcachezmeme.fr\/wp-content\/uploads\/2026\/02\/NEUVILLE-DU-BOSC-LA_H_014-600x377.jpg 600w, https:\/\/yavaitcachezmeme.fr\/wp-content\/uploads\/2026\/02\/NEUVILLE-DU-BOSC-LA_H_014-1024x643.jpg 1024w, https:\/\/yavaitcachezmeme.fr\/wp-content\/uploads\/2026\/02\/NEUVILLE-DU-BOSC-LA_H_014-1536x964.jpg 1536w, https:\/\/yavaitcachezmeme.fr\/wp-content\/uploads\/2026\/02\/NEUVILLE-DU-BOSC-LA_H_014-542x340.jpg 542w, https:\/\/yavaitcachezmeme.fr\/wp-content\/uploads\/2026\/02\/NEUVILLE-DU-BOSC-LA_H_014.jpg 1644w\" sizes=\"auto, (max-width: 820px) 100vw, 820px\" \/><\/p>\n<p style=\"text-align: center;\">Place du calvaire<\/p>\n<p><img loading=\"lazy\" decoding=\"async\" class=\"aligncenter wp-image-7244\" src=\"https:\/\/yavaitcachezmeme.fr\/wp-content\/uploads\/2022\/06\/NEUVILLE-DU-BOSC-LA_H_006-600x383.jpg\" alt=\"\" width=\"820\" height=\"523\" srcset=\"https:\/\/yavaitcachezmeme.fr\/wp-content\/uploads\/2022\/06\/NEUVILLE-DU-BOSC-LA_H_006-600x383.jpg 600w, https:\/\/yavaitcachezmeme.fr\/wp-content\/uploads\/2022\/06\/NEUVILLE-DU-BOSC-LA_H_006-1024x653.jpg 1024w, https:\/\/yavaitcachezmeme.fr\/wp-content\/uploads\/2022\/06\/NEUVILLE-DU-BOSC-LA_H_006-1536x980.jpg 1536w, https:\/\/yavaitcachezmeme.fr\/wp-content\/uploads\/2022\/06\/NEUVILLE-DU-BOSC-LA_H_006.jpg 1624w\" sizes=\"auto, (max-width: 820px) 100vw, 820px\" \/><\/p>\n<p style=\"text-align: center;\">Sainte-Vaubourg<\/p>\n<p><img loading=\"lazy\" decoding=\"async\" class=\"aligncenter wp-image-13362\" src=\"https:\/\/yavaitcachezmeme.fr\/wp-content\/uploads\/2026\/02\/NEUVILLE-DU-BOSC-LA_H_013-600x382.jpg\" alt=\"\" width=\"820\" height=\"522\" srcset=\"https:\/\/yavaitcachezmeme.fr\/wp-content\/uploads\/2026\/02\/NEUVILLE-DU-BOSC-LA_H_013-600x382.jpg 600w, https:\/\/yavaitcachezmeme.fr\/wp-content\/uploads\/2026\/02\/NEUVILLE-DU-BOSC-LA_H_013-1024x652.jpg 1024w, https:\/\/yavaitcachezmeme.fr\/wp-content\/uploads\/2026\/02\/NEUVILLE-DU-BOSC-LA_H_013-1536x977.jpg 1536w, https:\/\/yavaitcachezmeme.fr\/wp-content\/uploads\/2026\/02\/NEUVILLE-DU-BOSC-LA_H_013.jpg 1628w\" sizes=\"auto, (max-width: 820px) 100vw, 820px\" \/><\/p>\n<p style=\"text-align: center;\">Caves de la Maison Raoul Conard<\/p>\n<p><img loading=\"lazy\" decoding=\"async\" class=\"aligncenter wp-image-7044\" src=\"https:\/\/yavaitcachezmeme.fr\/wp-content\/uploads\/2022\/02\/NEUVILLE-DU-BOSC-LA_H_003-600x379.jpg\" alt=\"\" width=\"820\" height=\"518\" srcset=\"https:\/\/yavaitcachezmeme.fr\/wp-content\/uploads\/2022\/02\/NEUVILLE-DU-BOSC-LA_H_003-600x379.jpg 600w, https:\/\/yavaitcachezmeme.fr\/wp-content\/uploads\/2022\/02\/NEUVILLE-DU-BOSC-LA_H_003-1024x647.jpg 1024w, https:\/\/yavaitcachezmeme.fr\/wp-content\/uploads\/2022\/02\/NEUVILLE-DU-BOSC-LA_H_003-1536x971.jpg 1536w, https:\/\/yavaitcachezmeme.fr\/wp-content\/uploads\/2022\/02\/NEUVILLE-DU-BOSC-LA_H_003.jpg 1610w\" sizes=\"auto, (max-width: 820px) 100vw, 820px\" \/><\/p>\n<p style=\"text-align: center;\">Distillerie Conard<\/p>\n<p><img loading=\"lazy\" decoding=\"async\" class=\"wp-image-11120 aligncenter\" src=\"https:\/\/yavaitcachezmeme.fr\/wp-content\/uploads\/2023\/12\/NEUVILLE-DU-BOSC-LA_PCP_001-365x600.jpg\" alt=\"\" width=\"475\" height=\"780\" srcset=\"https:\/\/yavaitcachezmeme.fr\/wp-content\/uploads\/2023\/12\/NEUVILLE-DU-BOSC-LA_PCP_001-365x600.jpg 365w, https:\/\/yavaitcachezmeme.fr\/wp-content\/uploads\/2023\/12\/NEUVILLE-DU-BOSC-LA_PCP_001-623x1024.jpg 623w, https:\/\/yavaitcachezmeme.fr\/wp-content\/uploads\/2023\/12\/NEUVILLE-DU-BOSC-LA_PCP_001-935x1536.jpg 935w, https:\/\/yavaitcachezmeme.fr\/wp-content\/uploads\/2023\/12\/NEUVILLE-DU-BOSC-LA_PCP_001.jpg 1202w\" sizes=\"auto, (max-width: 475px) 100vw, 475px\" \/><\/p>\n<p style=\"text-align: center;\">Publicit\u00e9 de la distillerie Raoul Conard<\/p>\n<p><img loading=\"lazy\" decoding=\"async\" class=\"aligncenter wp-image-11866\" src=\"https:\/\/yavaitcachezmeme.fr\/wp-content\/uploads\/2024\/02\/NEUVILLE-DU-BOSC-LA_H_012-600x376.jpg\" alt=\"\" width=\"820\" height=\"514\" srcset=\"https:\/\/yavaitcachezmeme.fr\/wp-content\/uploads\/2024\/02\/NEUVILLE-DU-BOSC-LA_H_012-600x376.jpg 600w, https:\/\/yavaitcachezmeme.fr\/wp-content\/uploads\/2024\/02\/NEUVILLE-DU-BOSC-LA_H_012-1024x642.jpg 1024w, https:\/\/yavaitcachezmeme.fr\/wp-content\/uploads\/2024\/02\/NEUVILLE-DU-BOSC-LA_H_012-1536x963.jpg 1536w, https:\/\/yavaitcachezmeme.fr\/wp-content\/uploads\/2024\/02\/NEUVILLE-DU-BOSC-LA_H_012-542x340.jpg 542w, https:\/\/yavaitcachezmeme.fr\/wp-content\/uploads\/2024\/02\/NEUVILLE-DU-BOSC-LA_H_012.jpg 1640w\" sizes=\"auto, (max-width: 820px) 100vw, 820px\" \/><\/p>\n<p style=\"text-align: center;\">Raoul Conard distilleur et lieutenant de Louveterie<\/p>\n<p><img loading=\"lazy\" decoding=\"async\" class=\"aligncenter wp-image-10281\" src=\"https:\/\/yavaitcachezmeme.fr\/wp-content\/uploads\/2023\/07\/NEUVILLE-DU-BOSC-LA_H_010-600x375.jpg\" alt=\"\" width=\"820\" height=\"513\" srcset=\"https:\/\/yavaitcachezmeme.fr\/wp-content\/uploads\/2023\/07\/NEUVILLE-DU-BOSC-LA_H_010-600x375.jpg 600w, https:\/\/yavaitcachezmeme.fr\/wp-content\/uploads\/2023\/07\/NEUVILLE-DU-BOSC-LA_H_010-1024x640.jpg 1024w, https:\/\/yavaitcachezmeme.fr\/wp-content\/uploads\/2023\/07\/NEUVILLE-DU-BOSC-LA_H_010-1536x961.jpg 1536w, https:\/\/yavaitcachezmeme.fr\/wp-content\/uploads\/2023\/07\/NEUVILLE-DU-BOSC-LA_H_010-542x340.jpg 542w, https:\/\/yavaitcachezmeme.fr\/wp-content\/uploads\/2023\/07\/NEUVILLE-DU-BOSC-LA_H_010.jpg 1663w\" sizes=\"auto, (max-width: 820px) 100vw, 820px\" \/><\/p>\n<p style=\"text-align: center;\">Les Carri\u00e8res de Normandie &#8211; Raccordement particulier avec la Gare d&rsquo;Harcourt<\/p>\n<p><img loading=\"lazy\" decoding=\"async\" class=\"wp-image-10282 aligncenter\" src=\"https:\/\/yavaitcachezmeme.fr\/wp-content\/uploads\/2023\/07\/NEUVILLE-DU-BOSC-LA_P-H_001-600x414.jpg\" alt=\"\" width=\"850\" height=\"587\" srcset=\"https:\/\/yavaitcachezmeme.fr\/wp-content\/uploads\/2023\/07\/NEUVILLE-DU-BOSC-LA_P-H_001-600x414.jpg 600w, https:\/\/yavaitcachezmeme.fr\/wp-content\/uploads\/2023\/07\/NEUVILLE-DU-BOSC-LA_P-H_001-1024x707.jpg 1024w, https:\/\/yavaitcachezmeme.fr\/wp-content\/uploads\/2023\/07\/NEUVILLE-DU-BOSC-LA_P-H_001-1536x1060.jpg 1536w, https:\/\/yavaitcachezmeme.fr\/wp-content\/uploads\/2023\/07\/NEUVILLE-DU-BOSC-LA_P-H_001.jpg 1993w\" sizes=\"auto, (max-width: 850px) 100vw, 850px\" \/><\/p>\n<p style=\"text-align: center;\">Le chantier des Carri\u00e8res de Normandie en 1926<br \/>\net son raccordement avec la gare d&rsquo;Harcourt<\/p>\n<p style=\"text-align: center;\"><span style=\"color: #ff6600;\"><strong>~o~<\/strong><\/span><\/p>\n<p style=\"text-align: justify;\">Les communes de l&rsquo;ancien canton de <span style=\"color: #ff6600;\"><strong>Brionne<\/strong><\/span>, auxquelles j&rsquo;ai rajout\u00e9 <strong>Authou<\/strong> et <strong>Pont-Authou<\/strong> de l&rsquo;ancien canton de <strong>Montfort-sur-Risle<\/strong> \u00e0 visiter en cliquant sur les liens suivants :<\/p>\n<p style=\"text-align: justify;\"><strong><a href=\"https:\/\/yavaitcachezmeme.fr\/index.php\/autour-de-brionne\/aclou\/\">Aclou<\/a> &#8211; <a href=\"https:\/\/yavaitcachezmeme.fr\/index.php\/autour-de-brionne\/authou\/\">Authou<\/a> &#8211; <a href=\"https:\/\/yavaitcachezmeme.fr\/index.php\/autour-de-brionne\/le-bec-hellouin\/\">Le Bec-Hellouin<\/a> &#8211; <a href=\"https:\/\/yavaitcachezmeme.fr\/index.php\/autour-de-brionne\/berthouville\/\">Berthouville<\/a> &#8211; <a href=\"https:\/\/yavaitcachezmeme.fr\/index.php\/autour-de-brionne\/boisney\/\">Boisney<\/a> &#8211; <a href=\"https:\/\/yavaitcachezmeme.fr\/index.php\/autour-de-brionne\/bosrobert\/\">Bosrobert<\/a> &#8211; <a href=\"https:\/\/yavaitcachezmeme.fr\/index.php\/autour-de-brionne\/bretigny\/\">Br\u00e9tigny<\/a> &#8211; <a href=\"https:\/\/yavaitcachezmeme.fr\/index.php\/autour-de-brionne\/brionne\/\">Brionne<\/a> &#8211; <a href=\"https:\/\/yavaitcachezmeme.fr\/index.php\/autour-de-brionne\/calleville\/\">Calleville<\/a> &#8211; <a href=\"https:\/\/yavaitcachezmeme.fr\/index.php\/autour-de-brionne\/franqueville\/\">Franqueville<\/a> &#8211; <a href=\"https:\/\/yavaitcachezmeme.fr\/index.php\/autour-de-brionne\/harcourt\/\">Harcourt<\/a> &#8211; <a href=\"https:\/\/yavaitcachezmeme.fr\/index.php\/autour-de-brionne\/la-haye-de-calleville\/\">La Haye-de-Calleville<\/a> &#8211; <a href=\"https:\/\/yavaitcachezmeme.fr\/index.php\/autour-de-brionne\/hecmanville\/\">Hecmanville<\/a> &#8211; <a href=\"https:\/\/yavaitcachezmeme.fr\/index.php\/autour-de-brionne\/livet-sur-authou\/\">Livet-sur-Authou<\/a> &#8211; <a href=\"https:\/\/yavaitcachezmeme.fr\/index.php\/autour-de-brionne\/malleville-sur-le-bec\/\">Malleville-sur-le-Bec<\/a> &#8211; <a href=\"https:\/\/yavaitcachezmeme.fr\/index.php\/autour-de-brionne\/morsan\/\">Morsan<\/a> &#8211; <a href=\"https:\/\/yavaitcachezmeme.fr\/index.php\/autour-de-brionne\/la-neuville-du-bosc\/\">La Neuville-du-Bosc<\/a> &#8211; <a href=\"https:\/\/yavaitcachezmeme.fr\/index.php\/autour-de-brionne\/neuville-sur-authou\/\">Neuville-sur-Authou<\/a> &#8211; <a href=\"https:\/\/yavaitcachezmeme.fr\/index.php\/autour-de-brionne\/notre-dame-depine\/\">Notre-Dame-d&rsquo;\u00c9pine<\/a> &#8211; <a href=\"https:\/\/yavaitcachezmeme.fr\/index.php\/autour-de-brionne\/pont-authou\/\">Pont-Authou<\/a> &#8211; <a href=\"https:\/\/yavaitcachezmeme.fr\/index.php\/autour-de-brionne\/st-cyr-de-salerne\/\">St-Cyr-de-Salerne<\/a> &#8211; <a href=\"https:\/\/yavaitcachezmeme.fr\/index.php\/autour-de-brionne\/st-eloi-de-fourques\/\">St-Eloi-de-Fourques<\/a> &#8211; <a href=\"https:\/\/yavaitcachezmeme.fr\/index.php\/autour-de-brionne\/st-paul-de-fourques\/\">St-Paul-de-Fourques<\/a> &#8211; <a href=\"https:\/\/yavaitcachezmeme.fr\/index.php\/autour-de-brionne\/st-pierre-de-salerne\/\">St-Pierre-de-Salerne<\/a> &#8211; <a href=\"https:\/\/yavaitcachezmeme.fr\/index.php\/autour-de-brionne\/st-victor-depine\/\">St-Victor-d&rsquo;\u00c9pine<\/a><\/strong><\/p>\n<p><img loading=\"lazy\" decoding=\"async\" class=\"aligncenter wp-image-6267\" src=\"https:\/\/yavaitcachezmeme.fr\/wp-content\/uploads\/2021\/12\/Autour-de-Brionne-600x400.jpg\" alt=\"\" width=\"800\" height=\"533\" srcset=\"https:\/\/yavaitcachezmeme.fr\/wp-content\/uploads\/2021\/12\/Autour-de-Brionne-600x400.jpg 600w, https:\/\/yavaitcachezmeme.fr\/wp-content\/uploads\/2021\/12\/Autour-de-Brionne-1024x683.jpg 1024w, https:\/\/yavaitcachezmeme.fr\/wp-content\/uploads\/2021\/12\/Autour-de-Brionne-1536x1024.jpg 1536w, https:\/\/yavaitcachezmeme.fr\/wp-content\/uploads\/2021\/12\/Autour-de-Brionne-2048x1365.jpg 2048w\" sizes=\"auto, (max-width: 800px) 100vw, 800px\" \/><\/p>\n<\/div>\n","protected":false},"excerpt":{"rendered":"<p>Situ\u00e9e \u00e0 l&rsquo;Est de Brionne, La Neuville-du-Bosc recense 697 habitants en 2019 contre 418 en 1911. ~o~ L&rsquo;\u00e9glise &#8211; Route du Bec-Hellouin (34)&#8230;<\/p>\n","protected":false},"author":1,"featured_media":0,"parent":6087,"menu_order":432,"comment_status":"closed","ping_status":"closed","template":"","meta":{"footnotes":""},"class_list":["post-6874","page","type-page","status-publish","hentry"],"_links":{"self":[{"href":"https:\/\/yavaitcachezmeme.fr\/index.php\/wp-json\/wp\/v2\/pages\/6874","targetHints":{"allow":["GET"]}}],"collection":[{"href":"https:\/\/yavaitcachezmeme.fr\/index.php\/wp-json\/wp\/v2\/pages"}],"about":[{"href":"https:\/\/yavaitcachezmeme.fr\/index.php\/wp-json\/wp\/v2\/types\/page"}],"author":[{"embeddable":true,"href":"https:\/\/yavaitcachezmeme.fr\/index.php\/wp-json\/wp\/v2\/users\/1"}],"replies":[{"embeddable":true,"href":"https:\/\/yavaitcachezmeme.fr\/index.php\/wp-json\/wp\/v2\/comments?post=6874"}],"version-history":[{"count":26,"href":"https:\/\/yavaitcachezmeme.fr\/index.php\/wp-json\/wp\/v2\/pages\/6874\/revisions"}],"predecessor-version":[{"id":13366,"href":"https:\/\/yavaitcachezmeme.fr\/index.php\/wp-json\/wp\/v2\/pages\/6874\/revisions\/13366"}],"up":[{"embeddable":true,"href":"https:\/\/yavaitcachezmeme.fr\/index.php\/wp-json\/wp\/v2\/pages\/6087"}],"wp:attachment":[{"href":"https:\/\/yavaitcachezmeme.fr\/index.php\/wp-json\/wp\/v2\/media?parent=6874"}],"curies":[{"name":"wp","href":"https:\/\/api.w.org\/{rel}","templated":true}]}}